{"id":10246,"date":"2024-09-18T01:53:18","date_gmt":"2024-09-18T01:53:18","guid":{"rendered":"https:\/\/kmblock.com\/product\/audi-q4-e-tron\/"},"modified":"2024-09-18T01:53:18","modified_gmt":"2024-09-18T01:53:18","slug":"audi-q4-e-tron","status":"publish","type":"product","link":"https:\/\/kmblock.com\/pt-pt\/product\/audi-q4-e-tron\/","title":{"rendered":"Audi Q4 E-tron"},"content":{"rendered":"<h3>Bloqueador de quil\u00f3metros para o Audi Q4 e-tron<\/h3>\n<p>O bloqueador de quilometragem do Audi Q4 e-tron, tamb\u00e9m conhecido como bloqueador de conta-quil\u00f3metros, bloqueador de conta-quil\u00f3metros, bloqueador de latas, bloqueador de quilometragem, conta-quil\u00f3metros de viagem, filtro de latas ou, ocasionalmente, como ferramenta de corre\u00e7\u00e3o de quilometragem, \u00e9 compat\u00edvel com todos os modelos Audi Q4 e-tron a partir de 2021.<\/p>\n<h3>Especifica\u00e7\u00f5es:<\/h3>\n<ul>\n<li>N\u00e3o h\u00e1 mensagens de erro no veloc\u00edmetro ou no painel de navega\u00e7\u00e3o<\/li>\n<li>Instala\u00e7\u00e3o simples do tipo &#8221;fa\u00e7a voc\u00ea mesmo<\/li>\n<li>Encaixe seguro com face de acoplamento e conectores estriados para uma instala\u00e7\u00e3o f\u00e1cil<\/li>\n<li>Funciona com uma variedade de combina\u00e7\u00f5es de teclas<\/li>\n<li>Completamente remov\u00edvel sem deixar rasto &#8211; n\u00e3o necessita de soldar ou cortar cabos<\/li>\n<li>Dispon\u00edvel com ou sem uma aplica\u00e7\u00e3o de acompanhamento<\/li>\n<li>O consumo m\u00e9dio pode n\u00e3o ser exato, mas o n\u00edvel da bateria \u00e9 apresentado corretamente<\/li>\n<li>Pode ser ativado ou desativado durante a condu\u00e7\u00e3o<\/li>\n<li>Equipado com fichas de qualidade superior e cabos resistentes ao calor<\/li>\n<li>As defini\u00e7\u00f5es s\u00e3o guardadas automaticamente<\/li>\n<li>A quilometragem n\u00e3o aumentar\u00e1 ap\u00f3s a remo\u00e7\u00e3o do m\u00f3dulo<\/li>\n<li>Todos os sistemas de assist\u00eancia, incluindo o veloc\u00edmetro, continuam a funcionar sem problemas<\/li>\n<li>O carregamento n\u00e3o \u00e9 afetado quando o m\u00f3dulo est\u00e1 ativo e n\u00e3o precisa de ser desativado para ser carregado<\/li>\n<li>No modo em que a quilometragem \u00e9 completamente interrompida, pode haver um ligeiro desvio de at\u00e9 1%. As estimativas de quil\u00f3metros parados s\u00e3o aproximadas, com pequenas diferen\u00e7as potenciais. <\/li>\n<\/ul>\n<h3>Ativa\u00e7\u00e3o e desativa\u00e7\u00e3o:<\/h3>\n<p><span style=\"font-family: -apple-system, BlinkMacSystemFont, 'Segoe UI', Roboto, 'Helvetica Neue', Arial, 'Noto Sans', sans-serif, 'Apple Color Emoji', 'Segoe UI Emoji', 'Segoe UI Symbol', 'Noto Color Emoji'\"><span data-sheets-root=\"1\">Utiliza o bot\u00e3o &#8221;ok&#8221; no guiador. Mant\u00e9m premido at\u00e9 que o pisca-pisca comece a piscar. <\/span><\/span><\/p>\n<p><strong>Modo 1:<\/strong> 1 pisca \u00e0 esquerda 20 por cento<br \/>\n<strong>Modo 2: <\/strong>2 piscadas \u00e0 esquerda 10 por cento<br \/>\n<strong>Modo 3:<\/strong> 3 piscas \u00e0 esquerda 0 por cento<br \/>\n<strong>Modo 4<\/strong>: 1 piscada \u00e0 direita 100 por cento<\/p>\n<p>Para o modo 3: 0 por cento, tens de ligar o modo e, em seguida, desligar o carro e tranc\u00e1-lo durante 2 minutos e, depois, ligar e conduzir.&#8221;<\/p>\n<p><span style=\"font-family: -apple-system, BlinkMacSystemFont, 'Segoe UI', Roboto, 'Helvetica Neue', Arial, 'Noto Sans', sans-serif, 'Apple Color Emoji', 'Segoe UI Emoji', 'Segoe UI Symbol', 'Noto Color Emoji'\">O Q4 e-tron Kilometer Stopper ret\u00e9m as \u00faltimas defini\u00e7\u00f5es utilizadas, poupando tempo ao evitar a necessidade de as reconfigurar antes de cada viagem. A ativa\u00e7\u00e3o e a desativa\u00e7\u00e3o podem ser feitas quer o ve\u00edculo esteja parado ou em movimento. <\/span><\/p>\n<h3>O que \u00e9 o bloqueador de od\u00f3metro ou a ferramenta de corre\u00e7\u00e3o de quilometragem do Audi Q4 e-tron?<\/h3>\n<p>O bloqueador de quilometragem do Audi Q4 e-tron (tamb\u00e9m conhecido como bloqueador de od\u00f3metro) foi concebido para impedir a contagem de quilometragem extra enquanto testa o desempenho do ve\u00edculo. Na KM Block, oferecemos m\u00f3dulos de alta qualidade com componentes genu\u00ednos. Quer o teu od\u00f3metro digital conte milhas ou quil\u00f3metros, esta ferramenta funcionar\u00e1 sem problemas. O nosso software \u00e9 personalizado para cada marca e modelo de ve\u00edculo para garantir um funcionamento sem falhas. Podes instalar facilmente o m\u00f3dulo e mudar de modo atrav\u00e9s de combina\u00e7\u00f5es de teclas.    <\/p>\n<p>Tem em aten\u00e7\u00e3o que <strong>n\u00e3o vendemos ferramentas de corre\u00e7\u00e3o de quilometragem<\/strong> para o Audi Q4 e-tron, uma vez que se destinam a ser utilizadas de forma fraudulenta, apagando a quilometragem dos conta-quil\u00f3metros. Estas ferramentas podem tentar fazer recuar o conta-quil\u00f3metros, mas os ve\u00edculos armazenam dados de quilometragem em v\u00e1rios locais, o que significa que esses m\u00e9todos n\u00e3o s\u00e3o totalmente eficazes. <\/p>\n<p>A instala\u00e7\u00e3o \u00e9 a mesma em todos os modelos e n\u00e3o requer conhecimentos especializados de manuten\u00e7\u00e3o do ve\u00edculo. Basta ligar o m\u00f3dulo entre o veloc\u00edmetro e o painel de instrumentos para tirar o m\u00e1ximo partido das suas funcionalidades. <\/p>\n<p>Fornecemos uma vasta gama de dispositivos Mileage Stopper para v\u00e1rios tipos de ve\u00edculos. O Mileage Blocker funciona perfeitamente em motores diesel-gasolina, ve\u00edculos h\u00edbridos el\u00e9ctricos plug-in (PHEV) e carros el\u00e9ctricos. O Audi Q4 e-tron Mileage Blocker pode ser ativado ou desativado a qualquer momento, quer o carro esteja parado ou em movimento.  <\/p>\n","protected":false},"excerpt":{"rendered":"<div class=\"flex-shrink-0 flex flex-col relative items-end\">\n<div class=\"pt-0\">\n<div class=\"gizmo-bot-avatar flex h-8 w-8 items-center justify-center overflow-hidden rounded-full\">\n<div class=\"relative p-1 rounded-sm flex items-center justify-center bg-token-main-surface-primary text-token-text-primary h-8 w-8\">\n<p><strong>Antes de fazeres a tua encomenda, rev\u00ea cuidadosamente as instru\u00e7\u00f5es de ativa\u00e7\u00e3o do m\u00f3dulo e as notas importantes relativas a mensagens de erro e fun\u00e7\u00f5es:<\/strong><\/p>\n<p><strong>Compatibilidade:<\/strong> Este dispositivo \u00e9 adequado para todos os modelos lan\u00e7ados desde 2021. Concebido para uma instala\u00e7\u00e3o do tipo &#8221;fa\u00e7a voc\u00ea mesmo&#8221;. Oferece um desempenho indetet\u00e1vel. Pode ser ativado enquanto o ve\u00edculo est\u00e1 em movimento. Possui fichas de qualidade superior e cabos resistentes ao calor. Assegura o funcionamento perfeito do veloc\u00edmetro e de todos os programas de assist\u00eancia.     <\/p>\n<p class=\"p1\"><b> Integra\u00e7\u00e3o perfeita<\/b><b><\/b><\/p>\n<p class=\"p1\"><b> Instala\u00e7\u00e3o f\u00e1cil<\/b><b><\/b><\/p>\n<p class=\"p1\"><b> Gest\u00e3o exacta da quilometragem<\/b><b><\/b><\/p>\n<p class=\"p1\"><b> Funcionamento em modo furtivo<\/b><b><\/b><\/p>\n<p class=\"p1\"><span class=\"s1\">\u2705<\/span><b> Suporte e actualiza\u00e7\u00f5es vital\u00edcias<\/b><\/p>\n<\/div>\n<\/div>\n<\/div>\n<\/div>\n","protected":false},"featured_media":679,"comment_status":"open","ping_status":"closed","template":"","meta":[],"product_brand":[],"product_cat":[1070],"product_tag":[],"class_list":{"0":"post-10246","1":"product","2":"type-product","3":"status-publish","4":"has-post-thumbnail","6":"product_cat-audi","8":"first","9":"instock","10":"taxable","11":"shipping-taxable","12":"purchasable","13":"product-type-variable"},"yoast_head":"<!-- This site is optimized with the Yoast SEO plugin v27.5 - https:\/\/yoast.com\/product\/yoast-seo-wordpress\/ -->\n<title>Audi Q4 E-tron Mileage Blocker (KM stopper) \u2192 KM Block<\/title>\n<meta name=\"description\" content=\"Buy a Audi Q4 E-tron Mileage Blocker for the Best Prices \u2713 Free Shipping \u2713 Incl. Installation Guides\" \/>\n<meta name=\"robots\" content=\"index, follow, max-snippet:-1, max-image-preview:large, max-video-preview:-1\" \/>\n<meta property=\"og:locale\" content=\"pt_PT\" \/>\n<meta property=\"og:type\" content=\"article\" \/>\n<meta property=\"og:title\" content=\"Audi Q4 E-tron Mileage Blocker (KM stopper) \u2192 KM Block\" \/>\n<meta property=\"og:description\" content=\"Buy a Audi Q4 E-tron Mileage Blocker for the Best Prices \u2713 Free Shipping \u2713 Incl. Installation Guides\" \/>\n<meta property=\"og:url\" content=\"https:\/\/kmblock.com\/pt-pt\/product\/audi-q4-e-tron\/\" \/>\n<meta property=\"og:site_name\" content=\"KM Block\" \/>\n<meta property=\"og:image\" content=\"https:\/\/kmblock.com\/wp-content\/uploads\/2024\/09\/Audi-Q4-E-tron.webp\" \/>\n\t<meta property=\"og:image:width\" content=\"800\" \/>\n\t<meta property=\"og:image:height\" content=\"800\" \/>\n\t<meta property=\"og:image:type\" content=\"image\/webp\" \/>\n<meta name=\"twitter:card\" content=\"summary_large_image\" \/>\n<meta name=\"twitter:label1\" content=\"Tempo estimado de leitura\" \/>\n\t<meta name=\"twitter:data1\" content=\"3 minutos\" \/>\n<script type=\"application\/ld+json\" class=\"yoast-schema-graph\">{\"@context\":\"https:\\\/\\\/schema.org\",\"@graph\":[{\"@type\":\"WebPage\",\"@id\":\"https:\\\/\\\/kmblock.com\\\/pt-pt\\\/product\\\/audi-q4-e-tron\\\/\",\"url\":\"https:\\\/\\\/kmblock.com\\\/pt-pt\\\/product\\\/audi-q4-e-tron\\\/\",\"name\":\"Audi Q4 E-tron Mileage Blocker (KM stopper) \u2192 KM Block\",\"isPartOf\":{\"@id\":\"https:\\\/\\\/kmblock.com\\\/pt-pt\\\/#website\"},\"primaryImageOfPage\":{\"@id\":\"https:\\\/\\\/kmblock.com\\\/pt-pt\\\/product\\\/audi-q4-e-tron\\\/#primaryimage\"},\"image\":{\"@id\":\"https:\\\/\\\/kmblock.com\\\/pt-pt\\\/product\\\/audi-q4-e-tron\\\/#primaryimage\"},\"thumbnailUrl\":\"https:\\\/\\\/kmblock.com\\\/wp-content\\\/uploads\\\/2024\\\/09\\\/Audi-Q4-E-tron.webp\",\"datePublished\":\"2024-09-18T01:53:18+00:00\",\"description\":\"Buy a Audi Q4 E-tron Mileage Blocker for the Best Prices \u2713 Free Shipping \u2713 Incl. Installation Guides\",\"breadcrumb\":{\"@id\":\"https:\\\/\\\/kmblock.com\\\/pt-pt\\\/product\\\/audi-q4-e-tron\\\/#breadcrumb\"},\"inLanguage\":\"pt-PT\",\"potentialAction\":[{\"@type\":\"ReadAction\",\"target\":[\"https:\\\/\\\/kmblock.com\\\/pt-pt\\\/product\\\/audi-q4-e-tron\\\/\"]}]},{\"@type\":\"ImageObject\",\"inLanguage\":\"pt-PT\",\"@id\":\"https:\\\/\\\/kmblock.com\\\/pt-pt\\\/product\\\/audi-q4-e-tron\\\/#primaryimage\",\"url\":\"https:\\\/\\\/kmblock.com\\\/wp-content\\\/uploads\\\/2024\\\/09\\\/Audi-Q4-E-tron.webp\",\"contentUrl\":\"https:\\\/\\\/kmblock.com\\\/wp-content\\\/uploads\\\/2024\\\/09\\\/Audi-Q4-E-tron.webp\",\"width\":800,\"height\":800,\"caption\":\"Audi Q4 E-tron\"},{\"@type\":\"BreadcrumbList\",\"@id\":\"https:\\\/\\\/kmblock.com\\\/pt-pt\\\/product\\\/audi-q4-e-tron\\\/#breadcrumb\",\"itemListElement\":[{\"@type\":\"ListItem\",\"position\":1,\"name\":\"Casa\",\"item\":\"https:\\\/\\\/kmblock.com\\\/pt-pt\\\/\"},{\"@type\":\"ListItem\",\"position\":2,\"name\":\"Produtos\",\"item\":\"https:\\\/\\\/kmblock.com\\\/pt-pt\\\/shop\\\/\"},{\"@type\":\"ListItem\",\"position\":3,\"name\":\"Audi Q4 E-tron\"}]},{\"@type\":\"WebSite\",\"@id\":\"https:\\\/\\\/kmblock.com\\\/pt-pt\\\/#website\",\"url\":\"https:\\\/\\\/kmblock.com\\\/pt-pt\\\/\",\"name\":\"KM Block\",\"description\":\"\",\"publisher\":{\"@id\":\"https:\\\/\\\/kmblock.com\\\/pt-pt\\\/#organization\"},\"potentialAction\":[{\"@type\":\"SearchAction\",\"target\":{\"@type\":\"EntryPoint\",\"urlTemplate\":\"https:\\\/\\\/kmblock.com\\\/pt-pt\\\/?s={search_term_string}\"},\"query-input\":{\"@type\":\"PropertyValueSpecification\",\"valueRequired\":true,\"valueName\":\"search_term_string\"}}],\"inLanguage\":\"pt-PT\"},{\"@type\":\"Organization\",\"@id\":\"https:\\\/\\\/kmblock.com\\\/pt-pt\\\/#organization\",\"name\":\"Bloco KM\",\"url\":\"https:\\\/\\\/kmblock.com\\\/pt-pt\\\/\",\"logo\":{\"@type\":\"ImageObject\",\"inLanguage\":\"pt-PT\",\"@id\":\"https:\\\/\\\/kmblock.com\\\/pt-pt\\\/#\\\/schema\\\/logo\\\/image\\\/\",\"url\":\"https:\\\/\\\/kmblock.com\\\/wp-content\\\/uploads\\\/2024\\\/08\\\/main-logo.png\",\"contentUrl\":\"https:\\\/\\\/kmblock.com\\\/wp-content\\\/uploads\\\/2024\\\/08\\\/main-logo.png\",\"width\":186,\"height\":28,\"caption\":\"Bloco KM\"},\"image\":{\"@id\":\"https:\\\/\\\/kmblock.com\\\/pt-pt\\\/#\\\/schema\\\/logo\\\/image\\\/\"}}]}<\/script>\n<!-- \/ Yoast SEO plugin. -->","yoast_head_json":{"title":"Audi Q4 E-tron Mileage Blocker (KM stopper) \u2192 KM Block","description":"Buy a Audi Q4 E-tron Mileage Blocker for the Best Prices \u2713 Free Shipping \u2713 Incl. Installation Guides","robots":{"index":"index","follow":"follow","max-snippet":"max-snippet:-1","max-image-preview":"max-image-preview:large","max-video-preview":"max-video-preview:-1"},"og_locale":"pt_PT","og_type":"article","og_title":"Audi Q4 E-tron Mileage Blocker (KM stopper) \u2192 KM Block","og_description":"Buy a Audi Q4 E-tron Mileage Blocker for the Best Prices \u2713 Free Shipping \u2713 Incl. Installation Guides","og_url":"https:\/\/kmblock.com\/pt-pt\/product\/audi-q4-e-tron\/","og_site_name":"KM Block","og_image":[{"width":800,"height":800,"url":"https:\/\/kmblock.com\/wp-content\/uploads\/2024\/09\/Audi-Q4-E-tron.webp","type":"image\/webp"}],"twitter_card":"summary_large_image","twitter_misc":{"Tempo estimado de leitura":"3 minutos"},"schema":{"@context":"https:\/\/schema.org","@graph":[{"@type":"WebPage","@id":"https:\/\/kmblock.com\/pt-pt\/product\/audi-q4-e-tron\/","url":"https:\/\/kmblock.com\/pt-pt\/product\/audi-q4-e-tron\/","name":"Audi Q4 E-tron Mileage Blocker (KM stopper) \u2192 KM Block","isPartOf":{"@id":"https:\/\/kmblock.com\/pt-pt\/#website"},"primaryImageOfPage":{"@id":"https:\/\/kmblock.com\/pt-pt\/product\/audi-q4-e-tron\/#primaryimage"},"image":{"@id":"https:\/\/kmblock.com\/pt-pt\/product\/audi-q4-e-tron\/#primaryimage"},"thumbnailUrl":"https:\/\/kmblock.com\/wp-content\/uploads\/2024\/09\/Audi-Q4-E-tron.webp","datePublished":"2024-09-18T01:53:18+00:00","description":"Buy a Audi Q4 E-tron Mileage Blocker for the Best Prices \u2713 Free Shipping \u2713 Incl. Installation Guides","breadcrumb":{"@id":"https:\/\/kmblock.com\/pt-pt\/product\/audi-q4-e-tron\/#breadcrumb"},"inLanguage":"pt-PT","potentialAction":[{"@type":"ReadAction","target":["https:\/\/kmblock.com\/pt-pt\/product\/audi-q4-e-tron\/"]}]},{"@type":"ImageObject","inLanguage":"pt-PT","@id":"https:\/\/kmblock.com\/pt-pt\/product\/audi-q4-e-tron\/#primaryimage","url":"https:\/\/kmblock.com\/wp-content\/uploads\/2024\/09\/Audi-Q4-E-tron.webp","contentUrl":"https:\/\/kmblock.com\/wp-content\/uploads\/2024\/09\/Audi-Q4-E-tron.webp","width":800,"height":800,"caption":"Audi Q4 E-tron"},{"@type":"BreadcrumbList","@id":"https:\/\/kmblock.com\/pt-pt\/product\/audi-q4-e-tron\/#breadcrumb","itemListElement":[{"@type":"ListItem","position":1,"name":"Casa","item":"https:\/\/kmblock.com\/pt-pt\/"},{"@type":"ListItem","position":2,"name":"Produtos","item":"https:\/\/kmblock.com\/pt-pt\/shop\/"},{"@type":"ListItem","position":3,"name":"Audi Q4 E-tron"}]},{"@type":"WebSite","@id":"https:\/\/kmblock.com\/pt-pt\/#website","url":"https:\/\/kmblock.com\/pt-pt\/","name":"KM Block","description":"","publisher":{"@id":"https:\/\/kmblock.com\/pt-pt\/#organization"},"potentialAction":[{"@type":"SearchAction","target":{"@type":"EntryPoint","urlTemplate":"https:\/\/kmblock.com\/pt-pt\/?s={search_term_string}"},"query-input":{"@type":"PropertyValueSpecification","valueRequired":true,"valueName":"search_term_string"}}],"inLanguage":"pt-PT"},{"@type":"Organization","@id":"https:\/\/kmblock.com\/pt-pt\/#organization","name":"Bloco KM","url":"https:\/\/kmblock.com\/pt-pt\/","logo":{"@type":"ImageObject","inLanguage":"pt-PT","@id":"https:\/\/kmblock.com\/pt-pt\/#\/schema\/logo\/image\/","url":"https:\/\/kmblock.com\/wp-content\/uploads\/2024\/08\/main-logo.png","contentUrl":"https:\/\/kmblock.com\/wp-content\/uploads\/2024\/08\/main-logo.png","width":186,"height":28,"caption":"Bloco KM"},"image":{"@id":"https:\/\/kmblock.com\/pt-pt\/#\/schema\/logo\/image\/"}}]}},"_links":{"self":[{"href":"https:\/\/kmblock.com\/pt-pt\/wp-json\/wp\/v2\/product\/10246","targetHints":{"allow":["GET"]}}],"collection":[{"href":"https:\/\/kmblock.com\/pt-pt\/wp-json\/wp\/v2\/product"}],"about":[{"href":"https:\/\/kmblock.com\/pt-pt\/wp-json\/wp\/v2\/types\/product"}],"replies":[{"embeddable":true,"href":"https:\/\/kmblock.com\/pt-pt\/wp-json\/wp\/v2\/comments?post=10246"}],"wp:featuredmedia":[{"embeddable":true,"href":"https:\/\/kmblock.com\/pt-pt\/wp-json\/wp\/v2\/media\/679"}],"wp:attachment":[{"href":"https:\/\/kmblock.com\/pt-pt\/wp-json\/wp\/v2\/media?parent=10246"}],"wp:term":[{"taxonomy":"product_brand","embeddable":true,"href":"https:\/\/kmblock.com\/pt-pt\/wp-json\/wp\/v2\/product_brand?post=10246"},{"taxonomy":"product_cat","embeddable":true,"href":"https:\/\/kmblock.com\/pt-pt\/wp-json\/wp\/v2\/product_cat?post=10246"},{"taxonomy":"product_tag","embeddable":true,"href":"https:\/\/kmblock.com\/pt-pt\/wp-json\/wp\/v2\/product_tag?post=10246"}],"curies":[{"name":"wp","href":"https:\/\/api.w.org\/{rel}","templated":true}]}}