{"id":10244,"date":"2024-09-18T01:49:18","date_gmt":"2024-09-18T01:49:18","guid":{"rendered":"https:\/\/kmblock.com\/product\/audi-q3-f3\/"},"modified":"2024-09-18T01:49:18","modified_gmt":"2024-09-18T01:49:18","slug":"audi-q3-f3","status":"publish","type":"product","link":"https:\/\/kmblock.com\/pt-pt\/product\/audi-q3-f3\/","title":{"rendered":"Audi Q3 F3"},"content":{"rendered":"<h3><strong>BLOQUEADOR DE QUIL\u00d3METROS PARA AUDI Q3 &#8211; F3<\/strong><\/h3>\n<p>O <strong>bloqueador de quilometragem do Audi Q3 &#8211; F3<\/strong>, tamb\u00e9m conhecido como bloqueador de od\u00f3metro, limitador de od\u00f3metro, bloqueador de lata, limitador de quilometragem, od\u00f3metro de viagem, filtro de lata ou, por vezes, ferramenta de corre\u00e7\u00e3o de quilometragem, foi concebido para todos os modelos Audi Q3 F3 lan\u00e7ados desde 2018.<\/p>\n<h3><strong>ESPECIFICA\u00c7\u00d5ES:<\/strong><\/h3>\n<ul>\n<li>V\u00e1rios modos dispon\u00edveis<\/li>\n<li>Instala\u00e7\u00e3o simples do tipo &#8221;fa\u00e7a voc\u00ea mesmo<\/li>\n<li>Face de encaixe e sulcos no conetor para uma instala\u00e7\u00e3o f\u00e1cil e segura<\/li>\n<li>Funciona com combina\u00e7\u00f5es de teclas para mudar de modo<\/li>\n<li>N\u00e3o deixa vest\u00edgios ap\u00f3s a remo\u00e7\u00e3o: n\u00e3o \u00e9 necess\u00e1rio cortar ou soldar os cabos<\/li>\n<li>N\u00e3o h\u00e1 mensagens de erro no veloc\u00edmetro ou no painel de navega\u00e7\u00e3o<\/li>\n<li>Equipado com fichas de alta qualidade e cabos resistentes ao calor<\/li>\n<li>As defini\u00e7\u00f5es guardadas permanecem intactas ap\u00f3s a remo\u00e7\u00e3o do m\u00f3dulo<\/li>\n<li>O veloc\u00edmetro e os sistemas de assist\u00eancia funcionam na perfei\u00e7\u00e3o, mesmo com o cockpit virtual<\/li>\n<li>Para os ve\u00edculos fabricados ap\u00f3s 2020, a ativa\u00e7\u00e3o deste dispositivo pode acionar a luz de controlo do motor<\/li>\n<li>O bloqueador de quil\u00f3metros permite um desvio m\u00e1ximo de 1% para a quilometragem alterada; as varia\u00e7\u00f5es na quilometragem parada s\u00e3o aproxima\u00e7\u00f5es.<\/li>\n<\/ul>\n<h3><strong>NOTA IMPORTANTE:<\/strong><\/h3>\n<p>Se o teu ve\u00edculo tiver recebido uma atualiza\u00e7\u00e3o recente do fabricante, apenas <strong>o Modo 3<\/strong> (paragem total) e <strong>o Modo 4<\/strong> (contagem total) funcionar\u00e3o. Para ativar, desliga o ve\u00edculo completamente cinco vezes seguidas. Ap\u00f3s a compra, s\u00e3o fornecidas instru\u00e7\u00f5es pormenorizadas atrav\u00e9s de um PDF.  <\/p>\n<h3><strong>ACTIVA\u00c7\u00c3O E DESACTIVA\u00c7\u00c3O (Conector de 18 pinos)<\/strong><\/h3>\n<p>Utiliza o bot\u00e3o &#8221;ok&#8221; no guiador. Mant\u00e9m premido at\u00e9 que o pisca-pisca comece a piscar. <\/p>\n<p><strong>Modo 1:<\/strong> 1 pisca \u00e0 esquerda 20 por cento<br \/>\n<strong>Modo 2:<\/strong> 2 piscadas \u00e0 esquerda 10 por cento<br \/>\n<strong>Modo 3:<\/strong> 3 piscas \u00e0 esquerda 0 por cento<br \/>\n<strong>Modo 4:<\/strong> 1 piscada \u00e0 direita 100 por cento<\/p>\n<p>Para o modo 3: 0 por cento, tens de ligar o modo e, em seguida, desligar o carro e tranc\u00e1-lo durante 2 minutos e, depois, ligar e conduzir.&#8221;<\/p>\n<hr>\n<h3><strong>O que \u00e9 um bloqueador de od\u00f3metro ou uma ferramenta de corre\u00e7\u00e3o de quilometragem do Audi Q3, F3?<\/strong><\/h3>\n<p>O <strong>Audi Q3, F3 Mileage Blocker<\/strong> destina-se a interromper o registo de quilometragem durante os testes de desempenho do ve\u00edculo. Dispon\u00edvel na KM Block, este m\u00f3dulo inclui componentes aut\u00eanticos e software desenvolvido para cada modelo e marca espec\u00edficos, de modo a garantir uma funcionalidade sem falhas. Independentemente de o conta-quil\u00f3metros do teu ve\u00edculo contar em milhas ou quil\u00f3metros, o dispositivo funciona de forma eficiente.  <\/p>\n<p>N\u00e3o vendemos ferramentas de corre\u00e7\u00e3o de quilometragem para o Audi Q3, F3, uma vez que foram concebidas para actividades fraudulentas, sendo frequentemente utilizadas para reverter ou apagar a quilometragem, o que \u00e9 ilegal. Os autom\u00f3veis armazenam os dados de quilometragem em v\u00e1rios locais, o que torna imposs\u00edvel a estas ferramentas reverterem completamente a quilometragem. <\/p>\n<h3><strong>Porqu\u00ea escolher este m\u00f3dulo?<\/strong><\/h3>\n<p>O nosso dispositivo Mileage Stopper funciona perfeitamente com autom\u00f3veis a gas\u00f3leo, a gasolina, ve\u00edculos h\u00edbridos el\u00e9ctricos plug-in (PHEV) e el\u00e9ctricos. A instala\u00e7\u00e3o \u00e9 simples e n\u00e3o requer conhecimentos t\u00e9cnicos. Liga-o entre o veloc\u00edmetro e o painel de instrumentos e alterna entre modos utilizando combina\u00e7\u00f5es de teclas predefinidas.  <\/p>\n<p>O <strong>Audi Q3, F3 Mileage Blocker<\/strong> \u00e9 uma ferramenta excecional para testar o desempenho do teu ve\u00edculo num ambiente controlado.<\/p>\n","protected":false},"excerpt":{"rendered":"<div class=\"flex-shrink-0 flex flex-col relative items-end\">\n<div class=\"pt-0\">\n<div class=\"gizmo-bot-avatar flex h-8 w-8 items-center justify-center overflow-hidden rounded-full\">\n<div class=\"relative p-1 rounded-sm flex items-center justify-center bg-token-main-surface-primary text-token-text-primary h-8 w-8\">\n<p>Antes de fazeres a tua encomenda, rev\u00ea cuidadosamente as instru\u00e7\u00f5es de ativa\u00e7\u00e3o e as notas importantes relativas a potenciais mensagens de erro e \u00e0 funcionalidade do m\u00f3dulo:<\/p>\n<p><strong>Compatibilidades: Este dispositivo \u00e9 compat\u00edvel com todos os modelos Audi Q3 F3 lan\u00e7ados desde 2018.<\/strong>  Instala\u00e7\u00e3o &#8221;fa\u00e7a voc\u00ea mesmo&#8221; (DIY). N\u00e3o pode ser rastreado depois de instalado. Inclui fichas de qualidade superior e cabos resistentes ao calor. Funciona sem problemas com e sem o Virtual Cockpit.   <\/p>\n<p class=\"p1\"><b> Integra\u00e7\u00e3o perfeita<\/b><b><\/b><\/p>\n<p class=\"p1\"><b> Instala\u00e7\u00e3o f\u00e1cil<\/b><b><\/b><\/p>\n<p class=\"p1\"><b> Gest\u00e3o exacta da quilometragem<\/b><b><\/b><\/p>\n<p class=\"p1\"><b> Funcionamento em modo furtivo<\/b><b><\/b><\/p>\n<p class=\"p1\"><span class=\"s1\">\u2705<\/span><b> Suporte e actualiza\u00e7\u00f5es vital\u00edcias<\/b><\/p>\n<\/div>\n<\/div>\n<\/div>\n<\/div>\n","protected":false},"featured_media":677,"comment_status":"open","ping_status":"closed","template":"","meta":[],"product_brand":[],"product_cat":[1070],"product_tag":[],"class_list":{"0":"post-10244","1":"product","2":"type-product","3":"status-publish","4":"has-post-thumbnail","6":"product_cat-audi","8":"first","9":"instock","10":"taxable","11":"shipping-taxable","12":"purchasable","13":"product-type-variable"},"yoast_head":"<!-- This site is optimized with the Yoast SEO plugin v27.5 - https:\/\/yoast.com\/product\/yoast-seo-wordpress\/ -->\n<title>Audi Q3 F3 Mileage Blocker (KM stopper) \u2192 KM Block<\/title>\n<meta name=\"description\" content=\"Buy a Audi Q3 F3 Mileage Blocker for the Best Prices \u2713 Free Shipping \u2713 Incl. Installation Guides\" \/>\n<meta name=\"robots\" content=\"index, follow, max-snippet:-1, max-image-preview:large, max-video-preview:-1\" \/>\n<meta property=\"og:locale\" content=\"pt_PT\" \/>\n<meta property=\"og:type\" content=\"article\" \/>\n<meta property=\"og:title\" content=\"Audi Q3 F3 Mileage Blocker (KM stopper) \u2192 KM Block\" \/>\n<meta property=\"og:description\" content=\"Buy a Audi Q3 F3 Mileage Blocker for the Best Prices \u2713 Free Shipping \u2713 Incl. Installation Guides\" \/>\n<meta property=\"og:url\" content=\"https:\/\/kmblock.com\/pt-pt\/product\/audi-q3-f3\/\" \/>\n<meta property=\"og:site_name\" content=\"KM Block\" \/>\n<meta property=\"og:image\" content=\"https:\/\/kmblock.com\/wp-content\/uploads\/2024\/09\/Audi-Q3-F3.webp\" \/>\n\t<meta property=\"og:image:width\" content=\"800\" \/>\n\t<meta property=\"og:image:height\" content=\"800\" \/>\n\t<meta property=\"og:image:type\" content=\"image\/webp\" \/>\n<meta name=\"twitter:card\" content=\"summary_large_image\" \/>\n<meta name=\"twitter:label1\" content=\"Tempo estimado de leitura\" \/>\n\t<meta name=\"twitter:data1\" content=\"3 minutos\" \/>\n<script type=\"application\/ld+json\" class=\"yoast-schema-graph\">{\"@context\":\"https:\\\/\\\/schema.org\",\"@graph\":[{\"@type\":\"WebPage\",\"@id\":\"https:\\\/\\\/kmblock.com\\\/pt-pt\\\/product\\\/audi-q3-f3\\\/\",\"url\":\"https:\\\/\\\/kmblock.com\\\/pt-pt\\\/product\\\/audi-q3-f3\\\/\",\"name\":\"Audi Q3 F3 Mileage Blocker (KM stopper) \u2192 KM Block\",\"isPartOf\":{\"@id\":\"https:\\\/\\\/kmblock.com\\\/pt-pt\\\/#website\"},\"primaryImageOfPage\":{\"@id\":\"https:\\\/\\\/kmblock.com\\\/pt-pt\\\/product\\\/audi-q3-f3\\\/#primaryimage\"},\"image\":{\"@id\":\"https:\\\/\\\/kmblock.com\\\/pt-pt\\\/product\\\/audi-q3-f3\\\/#primaryimage\"},\"thumbnailUrl\":\"https:\\\/\\\/kmblock.com\\\/wp-content\\\/uploads\\\/2024\\\/09\\\/Audi-Q3-F3.webp\",\"datePublished\":\"2024-09-18T01:49:18+00:00\",\"description\":\"Buy a Audi Q3 F3 Mileage Blocker for the Best Prices \u2713 Free Shipping \u2713 Incl. Installation Guides\",\"breadcrumb\":{\"@id\":\"https:\\\/\\\/kmblock.com\\\/pt-pt\\\/product\\\/audi-q3-f3\\\/#breadcrumb\"},\"inLanguage\":\"pt-PT\",\"potentialAction\":[{\"@type\":\"ReadAction\",\"target\":[\"https:\\\/\\\/kmblock.com\\\/pt-pt\\\/product\\\/audi-q3-f3\\\/\"]}]},{\"@type\":\"ImageObject\",\"inLanguage\":\"pt-PT\",\"@id\":\"https:\\\/\\\/kmblock.com\\\/pt-pt\\\/product\\\/audi-q3-f3\\\/#primaryimage\",\"url\":\"https:\\\/\\\/kmblock.com\\\/wp-content\\\/uploads\\\/2024\\\/09\\\/Audi-Q3-F3.webp\",\"contentUrl\":\"https:\\\/\\\/kmblock.com\\\/wp-content\\\/uploads\\\/2024\\\/09\\\/Audi-Q3-F3.webp\",\"width\":800,\"height\":800,\"caption\":\"Audi Q3 F3\"},{\"@type\":\"BreadcrumbList\",\"@id\":\"https:\\\/\\\/kmblock.com\\\/pt-pt\\\/product\\\/audi-q3-f3\\\/#breadcrumb\",\"itemListElement\":[{\"@type\":\"ListItem\",\"position\":1,\"name\":\"Casa\",\"item\":\"https:\\\/\\\/kmblock.com\\\/pt-pt\\\/\"},{\"@type\":\"ListItem\",\"position\":2,\"name\":\"Produtos\",\"item\":\"https:\\\/\\\/kmblock.com\\\/pt-pt\\\/shop\\\/\"},{\"@type\":\"ListItem\",\"position\":3,\"name\":\"Audi Q3 F3\"}]},{\"@type\":\"WebSite\",\"@id\":\"https:\\\/\\\/kmblock.com\\\/pt-pt\\\/#website\",\"url\":\"https:\\\/\\\/kmblock.com\\\/pt-pt\\\/\",\"name\":\"KM Block\",\"description\":\"\",\"publisher\":{\"@id\":\"https:\\\/\\\/kmblock.com\\\/pt-pt\\\/#organization\"},\"potentialAction\":[{\"@type\":\"SearchAction\",\"target\":{\"@type\":\"EntryPoint\",\"urlTemplate\":\"https:\\\/\\\/kmblock.com\\\/pt-pt\\\/?s={search_term_string}\"},\"query-input\":{\"@type\":\"PropertyValueSpecification\",\"valueRequired\":true,\"valueName\":\"search_term_string\"}}],\"inLanguage\":\"pt-PT\"},{\"@type\":\"Organization\",\"@id\":\"https:\\\/\\\/kmblock.com\\\/pt-pt\\\/#organization\",\"name\":\"Bloco KM\",\"url\":\"https:\\\/\\\/kmblock.com\\\/pt-pt\\\/\",\"logo\":{\"@type\":\"ImageObject\",\"inLanguage\":\"pt-PT\",\"@id\":\"https:\\\/\\\/kmblock.com\\\/pt-pt\\\/#\\\/schema\\\/logo\\\/image\\\/\",\"url\":\"https:\\\/\\\/kmblock.com\\\/wp-content\\\/uploads\\\/2024\\\/08\\\/main-logo.png\",\"contentUrl\":\"https:\\\/\\\/kmblock.com\\\/wp-content\\\/uploads\\\/2024\\\/08\\\/main-logo.png\",\"width\":186,\"height\":28,\"caption\":\"Bloco KM\"},\"image\":{\"@id\":\"https:\\\/\\\/kmblock.com\\\/pt-pt\\\/#\\\/schema\\\/logo\\\/image\\\/\"}}]}<\/script>\n<!-- \/ Yoast SEO plugin. -->","yoast_head_json":{"title":"Audi Q3 F3 Mileage Blocker (KM stopper) \u2192 KM Block","description":"Buy a Audi Q3 F3 Mileage Blocker for the Best Prices \u2713 Free Shipping \u2713 Incl. Installation Guides","robots":{"index":"index","follow":"follow","max-snippet":"max-snippet:-1","max-image-preview":"max-image-preview:large","max-video-preview":"max-video-preview:-1"},"og_locale":"pt_PT","og_type":"article","og_title":"Audi Q3 F3 Mileage Blocker (KM stopper) \u2192 KM Block","og_description":"Buy a Audi Q3 F3 Mileage Blocker for the Best Prices \u2713 Free Shipping \u2713 Incl. Installation Guides","og_url":"https:\/\/kmblock.com\/pt-pt\/product\/audi-q3-f3\/","og_site_name":"KM Block","og_image":[{"width":800,"height":800,"url":"https:\/\/kmblock.com\/wp-content\/uploads\/2024\/09\/Audi-Q3-F3.webp","type":"image\/webp"}],"twitter_card":"summary_large_image","twitter_misc":{"Tempo estimado de leitura":"3 minutos"},"schema":{"@context":"https:\/\/schema.org","@graph":[{"@type":"WebPage","@id":"https:\/\/kmblock.com\/pt-pt\/product\/audi-q3-f3\/","url":"https:\/\/kmblock.com\/pt-pt\/product\/audi-q3-f3\/","name":"Audi Q3 F3 Mileage Blocker (KM stopper) \u2192 KM Block","isPartOf":{"@id":"https:\/\/kmblock.com\/pt-pt\/#website"},"primaryImageOfPage":{"@id":"https:\/\/kmblock.com\/pt-pt\/product\/audi-q3-f3\/#primaryimage"},"image":{"@id":"https:\/\/kmblock.com\/pt-pt\/product\/audi-q3-f3\/#primaryimage"},"thumbnailUrl":"https:\/\/kmblock.com\/wp-content\/uploads\/2024\/09\/Audi-Q3-F3.webp","datePublished":"2024-09-18T01:49:18+00:00","description":"Buy a Audi Q3 F3 Mileage Blocker for the Best Prices \u2713 Free Shipping \u2713 Incl. Installation Guides","breadcrumb":{"@id":"https:\/\/kmblock.com\/pt-pt\/product\/audi-q3-f3\/#breadcrumb"},"inLanguage":"pt-PT","potentialAction":[{"@type":"ReadAction","target":["https:\/\/kmblock.com\/pt-pt\/product\/audi-q3-f3\/"]}]},{"@type":"ImageObject","inLanguage":"pt-PT","@id":"https:\/\/kmblock.com\/pt-pt\/product\/audi-q3-f3\/#primaryimage","url":"https:\/\/kmblock.com\/wp-content\/uploads\/2024\/09\/Audi-Q3-F3.webp","contentUrl":"https:\/\/kmblock.com\/wp-content\/uploads\/2024\/09\/Audi-Q3-F3.webp","width":800,"height":800,"caption":"Audi Q3 F3"},{"@type":"BreadcrumbList","@id":"https:\/\/kmblock.com\/pt-pt\/product\/audi-q3-f3\/#breadcrumb","itemListElement":[{"@type":"ListItem","position":1,"name":"Casa","item":"https:\/\/kmblock.com\/pt-pt\/"},{"@type":"ListItem","position":2,"name":"Produtos","item":"https:\/\/kmblock.com\/pt-pt\/shop\/"},{"@type":"ListItem","position":3,"name":"Audi Q3 F3"}]},{"@type":"WebSite","@id":"https:\/\/kmblock.com\/pt-pt\/#website","url":"https:\/\/kmblock.com\/pt-pt\/","name":"KM Block","description":"","publisher":{"@id":"https:\/\/kmblock.com\/pt-pt\/#organization"},"potentialAction":[{"@type":"SearchAction","target":{"@type":"EntryPoint","urlTemplate":"https:\/\/kmblock.com\/pt-pt\/?s={search_term_string}"},"query-input":{"@type":"PropertyValueSpecification","valueRequired":true,"valueName":"search_term_string"}}],"inLanguage":"pt-PT"},{"@type":"Organization","@id":"https:\/\/kmblock.com\/pt-pt\/#organization","name":"Bloco KM","url":"https:\/\/kmblock.com\/pt-pt\/","logo":{"@type":"ImageObject","inLanguage":"pt-PT","@id":"https:\/\/kmblock.com\/pt-pt\/#\/schema\/logo\/image\/","url":"https:\/\/kmblock.com\/wp-content\/uploads\/2024\/08\/main-logo.png","contentUrl":"https:\/\/kmblock.com\/wp-content\/uploads\/2024\/08\/main-logo.png","width":186,"height":28,"caption":"Bloco KM"},"image":{"@id":"https:\/\/kmblock.com\/pt-pt\/#\/schema\/logo\/image\/"}}]}},"_links":{"self":[{"href":"https:\/\/kmblock.com\/pt-pt\/wp-json\/wp\/v2\/product\/10244","targetHints":{"allow":["GET"]}}],"collection":[{"href":"https:\/\/kmblock.com\/pt-pt\/wp-json\/wp\/v2\/product"}],"about":[{"href":"https:\/\/kmblock.com\/pt-pt\/wp-json\/wp\/v2\/types\/product"}],"replies":[{"embeddable":true,"href":"https:\/\/kmblock.com\/pt-pt\/wp-json\/wp\/v2\/comments?post=10244"}],"wp:featuredmedia":[{"embeddable":true,"href":"https:\/\/kmblock.com\/pt-pt\/wp-json\/wp\/v2\/media\/677"}],"wp:attachment":[{"href":"https:\/\/kmblock.com\/pt-pt\/wp-json\/wp\/v2\/media?parent=10244"}],"wp:term":[{"taxonomy":"product_brand","embeddable":true,"href":"https:\/\/kmblock.com\/pt-pt\/wp-json\/wp\/v2\/product_brand?post=10244"},{"taxonomy":"product_cat","embeddable":true,"href":"https:\/\/kmblock.com\/pt-pt\/wp-json\/wp\/v2\/product_cat?post=10244"},{"taxonomy":"product_tag","embeddable":true,"href":"https:\/\/kmblock.com\/pt-pt\/wp-json\/wp\/v2\/product_tag?post=10244"}],"curies":[{"name":"wp","href":"https:\/\/api.w.org\/{rel}","templated":true}]}}