{"id":10243,"date":"2024-09-18T01:20:39","date_gmt":"2024-09-18T01:20:39","guid":{"rendered":"https:\/\/kmblock.com\/product\/audi-q2-sq2-ga\/"},"modified":"2024-09-18T01:20:39","modified_gmt":"2024-09-18T01:20:39","slug":"audi-q2-sq2-ga","status":"publish","type":"product","link":"https:\/\/kmblock.com\/pt-pt\/product\/audi-q2-sq2-ga\/","title":{"rendered":"Audi Q2 SQ2 GA"},"content":{"rendered":"<h3><strong>Bloqueador de quil\u00f3metros para Audi Q2\/SQ2 &#8211; GA<\/strong><\/h3>\n<p>O Audi Q2\/SQ2 &#8211; GA Mileage Blocker tamb\u00e9m \u00e9 conhecido por outros nomes, como Odometer Blocker, Odometer Stopper, Can Blocker, Mileage Stopper, Trip Odometer, Can Filter e, em alguns casos, uma ferramenta de corre\u00e7\u00e3o de quilometragem. Este dispositivo \u00e9 compat\u00edvel com todos os modelos Audi Q2\/SQ2 GA lan\u00e7ados desde 2016. <\/p>\n<h3><strong>Especifica\u00e7\u00f5es<\/strong><\/h3>\n<ul>\n<li>Escolhe entre v\u00e1rios modos<\/li>\n<li>Instala\u00e7\u00e3o f\u00e1cil de bricolage<\/li>\n<li>O conetor com face de encaixe e sulcos garante uma instala\u00e7\u00e3o suave<\/li>\n<li>Funciona atrav\u00e9s de combina\u00e7\u00f5es simples de teclas<\/li>\n<li>N\u00e3o deixa vest\u00edgios ap\u00f3s a remo\u00e7\u00e3o; n\u00e3o \u00e9 necess\u00e1rio soldar ou cortar os cabos<\/li>\n<li>N\u00e3o aparecem mensagens de erro no veloc\u00edmetro ou no painel de navega\u00e7\u00e3o<\/li>\n<li>Fichas de qualidade superior e cabos resistentes ao calor<\/li>\n<li>As defini\u00e7\u00f5es s\u00e3o guardadas permanentemente<\/li>\n<li>A quilometragem n\u00e3o aumenta automaticamente ap\u00f3s a remo\u00e7\u00e3o do m\u00f3dulo<\/li>\n<li>O veloc\u00edmetro e os sistemas de assist\u00eancia funcionam sem problemas<\/li>\n<li>A luz de controlo do motor pode aparecer nos ve\u00edculos a partir do final de 2020 quando o dispositivo for ativado<\/li>\n<li>Os modos de altera\u00e7\u00e3o da quilometragem permitem um desvio at\u00e9 1% da dist\u00e2ncia real percorrida, sendo poss\u00edveis pequenas diferen\u00e7as.<\/li>\n<\/ul>\n<h3><strong>Informa\u00e7\u00f5es importantes<\/strong><\/h3>\n<p>Se o teu ve\u00edculo tiver recebido uma atualiza\u00e7\u00e3o recente do fabricante, o m\u00e9todo de ativa\u00e7\u00e3o anterior pode j\u00e1 n\u00e3o ser aplic\u00e1vel. Apenas o modo 3 (paragem total) e o modo 4 (contagem total) funcionar\u00e3o. Para ativar o m\u00f3dulo, tens de desligar completamente o ve\u00edculo cinco vezes seguidas. Ap\u00f3s a compra, ser-te-\u00e1 fornecido um ficheiro PDF com mais detalhes.   <\/p>\n<h3><strong>Ativa\u00e7\u00e3o e desativa\u00e7\u00e3o (18 pinos)<\/strong><\/h3>\n<p>Utiliza o bot\u00e3o &#8221;ok&#8221; no guiador. Mant\u00e9m premido at\u00e9 que o pisca-pisca comece a piscar. <\/p>\n<p><strong>Modo 1:<\/strong> 1 pisca \u00e0 esquerda 20 por cento<br \/>\n<strong>Modo 2:<\/strong> 2 piscadas \u00e0 esquerda 10 por cento<br \/>\n<strong>Modo 3:<\/strong> 3 piscas \u00e0 esquerda 0 por cento<br \/>\n<strong>Modo 4:<\/strong> 1 piscada \u00e0 direita 100 por cento<\/p>\n<p>Para o modo 3: 0 por cento, tens de ligar o modo e, em seguida, desligar o carro e tranc\u00e1-lo durante 2 minutos e, depois, ligar e conduzir.&#8221;<\/p>\n<h3><strong>O que \u00e9 o bloqueador de od\u00f3metro ou a ferramenta de corre\u00e7\u00e3o de quilometragem do Audi Q2\/SQ2 GA?<\/strong><\/h3>\n<p>O Audi Q2\/SQ2 GA Mileage Blocker\/Odometer Blocker foi concebido para impedir o registo da quilometragem enquanto testa o desempenho do ve\u00edculo. Na KM Block, fornecemos os melhores m\u00f3dulos com componentes genu\u00ednos. O dispositivo funciona eficazmente, quer o od\u00f3metro do ve\u00edculo registe em milhas ou em quil\u00f3metros (km). O nosso software \u00e9 personalizado para cada marca e modelo de ve\u00edculo, garantindo um funcionamento sem falhas.   <\/p>\n<p><strong>Nota:<\/strong> N\u00e3o vendemos ferramentas de corre\u00e7\u00e3o de quilometragem para o Audi Q2\/SQ2 GA, uma vez que se destinam a fins fraudulentos, como a remo\u00e7\u00e3o de quilometragem dos conta-quil\u00f3metros. Normalmente, estas ferramentas rebobinam ou anulam a quilometragem, mas n\u00e3o conseguem revert\u00ea-la completamente devido \u00e0s m\u00faltiplas unidades de armazenamento de dados do ve\u00edculo. <\/p>\n<p>Oferecemos uma variedade de dispositivos Mileage Stopper para diferentes ve\u00edculos. A instala\u00e7\u00e3o \u00e9 simples e n\u00e3o requer conhecimentos t\u00e9cnicos. Basta ligar o m\u00f3dulo entre o veloc\u00edmetro e o painel de instrumentos para usufruir de todas as suas vantagens.  <\/p>\n<p>O Audi Q2\/SQ2 GA Mileage Blocker \u00e9 um dispositivo avan\u00e7ado que te permite testar o desempenho do ve\u00edculo em condi\u00e7\u00f5es controladas, adequado para motores a diesel, a gasolina, ve\u00edculos h\u00edbridos el\u00e9ctricos plug-in (PHEV) e carros el\u00e9ctricos.<\/p>\n","protected":false},"excerpt":{"rendered":"<div class=\"flex-shrink-0 flex flex-col relative items-end\">\n<div class=\"pt-0\">\n<div class=\"gizmo-bot-avatar flex h-8 w-8 items-center justify-center overflow-hidden rounded-full\">\n<div class=\"relative p-1 rounded-sm flex items-center justify-center bg-token-main-surface-primary text-token-text-primary h-8 w-8\">\n<h4><strong>Antes de encomendar, l\u00ea com aten\u00e7\u00e3o:<\/strong> Certifica-te de que te familiarizas com o processo de ativa\u00e7\u00e3o e com as principais informa\u00e7\u00f5es relativas a mensagens de erro e funcionalidades.<\/h4>\n<p><strong>Compatibilidade:<\/strong> Este dispositivo \u00e9 adequado para todos os modelos Audi Q2\/SQ2 GA lan\u00e7ados desde 2016. F\u00e1cil de instalar sem necessidade de ajuda profissional. N\u00e3o deixa vest\u00edgios ap\u00f3s a remo\u00e7\u00e3o. Equipado com fichas de alta qualidade e cabos resistentes ao calor para um desempenho fi\u00e1vel. O veloc\u00edmetro e os programas de assist\u00eancia funcionam sem qualquer problema. Compat\u00edvel com ve\u00edculos com e sem cockpit virtual.     <\/p>\n<p class=\"p1\"><b> Integra\u00e7\u00e3o perfeita<\/b><b><\/b><\/p>\n<p class=\"p1\"><b> Instala\u00e7\u00e3o f\u00e1cil<\/b><b><\/b><\/p>\n<p class=\"p1\"><b> Gest\u00e3o exacta da quilometragem<\/b><b><\/b><\/p>\n<p class=\"p1\"><b> Funcionamento em modo furtivo<\/b><b><\/b><\/p>\n<p class=\"p1\"><span class=\"s1\">\u2705<\/span><b> Suporte e actualiza\u00e7\u00f5es vital\u00edcias<\/b><\/p>\n<\/div>\n<\/div>\n<\/div>\n<\/div>\n","protected":false},"featured_media":675,"comment_status":"open","ping_status":"closed","template":"","meta":[],"product_brand":[],"product_cat":[1070],"product_tag":[],"class_list":{"0":"post-10243","1":"product","2":"type-product","3":"status-publish","4":"has-post-thumbnail","6":"product_cat-audi","8":"first","9":"instock","10":"taxable","11":"shipping-taxable","12":"purchasable","13":"product-type-variable"},"yoast_head":"<!-- This site is optimized with the Yoast SEO plugin v27.5 - https:\/\/yoast.com\/product\/yoast-seo-wordpress\/ -->\n<title>Audi Q2 SQ2 GA Mileage Blocker (KM stopper) \u2192 KM Block<\/title>\n<meta name=\"description\" content=\"Buy a Audi Q2 SQ2 GA Mileage Blocker for the Best Prices \u2713 Free Shipping \u2713 Incl. Installation Guides\" \/>\n<meta name=\"robots\" content=\"index, follow, max-snippet:-1, max-image-preview:large, max-video-preview:-1\" \/>\n<meta property=\"og:locale\" content=\"pt_PT\" \/>\n<meta property=\"og:type\" content=\"article\" \/>\n<meta property=\"og:title\" content=\"Audi Q2 SQ2 GA Mileage Blocker (KM stopper) \u2192 KM Block\" \/>\n<meta property=\"og:description\" content=\"Buy a Audi Q2 SQ2 GA Mileage Blocker for the Best Prices \u2713 Free Shipping \u2713 Incl. Installation Guides\" \/>\n<meta property=\"og:url\" content=\"https:\/\/kmblock.com\/pt-pt\/product\/audi-q2-sq2-ga\/\" \/>\n<meta property=\"og:site_name\" content=\"KM Block\" \/>\n<meta property=\"og:image\" content=\"https:\/\/kmblock.com\/wp-content\/uploads\/2024\/09\/Audi-Q2-SQ2-GA.jpg\" \/>\n\t<meta property=\"og:image:width\" content=\"800\" \/>\n\t<meta property=\"og:image:height\" content=\"800\" \/>\n\t<meta property=\"og:image:type\" content=\"image\/jpeg\" \/>\n<meta name=\"twitter:card\" content=\"summary_large_image\" \/>\n<meta name=\"twitter:label1\" content=\"Tempo estimado de leitura\" \/>\n\t<meta name=\"twitter:data1\" content=\"3 minutos\" \/>\n<script type=\"application\/ld+json\" class=\"yoast-schema-graph\">{\"@context\":\"https:\\\/\\\/schema.org\",\"@graph\":[{\"@type\":\"WebPage\",\"@id\":\"https:\\\/\\\/kmblock.com\\\/pt-pt\\\/product\\\/audi-q2-sq2-ga\\\/\",\"url\":\"https:\\\/\\\/kmblock.com\\\/pt-pt\\\/product\\\/audi-q2-sq2-ga\\\/\",\"name\":\"Audi Q2 SQ2 GA Mileage Blocker (KM stopper) \u2192 KM Block\",\"isPartOf\":{\"@id\":\"https:\\\/\\\/kmblock.com\\\/pt-pt\\\/#website\"},\"primaryImageOfPage\":{\"@id\":\"https:\\\/\\\/kmblock.com\\\/pt-pt\\\/product\\\/audi-q2-sq2-ga\\\/#primaryimage\"},\"image\":{\"@id\":\"https:\\\/\\\/kmblock.com\\\/pt-pt\\\/product\\\/audi-q2-sq2-ga\\\/#primaryimage\"},\"thumbnailUrl\":\"https:\\\/\\\/kmblock.com\\\/wp-content\\\/uploads\\\/2024\\\/09\\\/Audi-Q2-SQ2-GA.jpg\",\"datePublished\":\"2024-09-18T01:20:39+00:00\",\"description\":\"Buy a Audi Q2 SQ2 GA Mileage Blocker for the Best Prices \u2713 Free Shipping \u2713 Incl. Installation Guides\",\"breadcrumb\":{\"@id\":\"https:\\\/\\\/kmblock.com\\\/pt-pt\\\/product\\\/audi-q2-sq2-ga\\\/#breadcrumb\"},\"inLanguage\":\"pt-PT\",\"potentialAction\":[{\"@type\":\"ReadAction\",\"target\":[\"https:\\\/\\\/kmblock.com\\\/pt-pt\\\/product\\\/audi-q2-sq2-ga\\\/\"]}]},{\"@type\":\"ImageObject\",\"inLanguage\":\"pt-PT\",\"@id\":\"https:\\\/\\\/kmblock.com\\\/pt-pt\\\/product\\\/audi-q2-sq2-ga\\\/#primaryimage\",\"url\":\"https:\\\/\\\/kmblock.com\\\/wp-content\\\/uploads\\\/2024\\\/09\\\/Audi-Q2-SQ2-GA.jpg\",\"contentUrl\":\"https:\\\/\\\/kmblock.com\\\/wp-content\\\/uploads\\\/2024\\\/09\\\/Audi-Q2-SQ2-GA.jpg\",\"width\":800,\"height\":800,\"caption\":\"Audi Q2 SQ2 GA\"},{\"@type\":\"BreadcrumbList\",\"@id\":\"https:\\\/\\\/kmblock.com\\\/pt-pt\\\/product\\\/audi-q2-sq2-ga\\\/#breadcrumb\",\"itemListElement\":[{\"@type\":\"ListItem\",\"position\":1,\"name\":\"Casa\",\"item\":\"https:\\\/\\\/kmblock.com\\\/pt-pt\\\/\"},{\"@type\":\"ListItem\",\"position\":2,\"name\":\"Produtos\",\"item\":\"https:\\\/\\\/kmblock.com\\\/pt-pt\\\/shop\\\/\"},{\"@type\":\"ListItem\",\"position\":3,\"name\":\"Audi Q2 SQ2 GA\"}]},{\"@type\":\"WebSite\",\"@id\":\"https:\\\/\\\/kmblock.com\\\/pt-pt\\\/#website\",\"url\":\"https:\\\/\\\/kmblock.com\\\/pt-pt\\\/\",\"name\":\"KM Block\",\"description\":\"\",\"publisher\":{\"@id\":\"https:\\\/\\\/kmblock.com\\\/pt-pt\\\/#organization\"},\"potentialAction\":[{\"@type\":\"SearchAction\",\"target\":{\"@type\":\"EntryPoint\",\"urlTemplate\":\"https:\\\/\\\/kmblock.com\\\/pt-pt\\\/?s={search_term_string}\"},\"query-input\":{\"@type\":\"PropertyValueSpecification\",\"valueRequired\":true,\"valueName\":\"search_term_string\"}}],\"inLanguage\":\"pt-PT\"},{\"@type\":\"Organization\",\"@id\":\"https:\\\/\\\/kmblock.com\\\/pt-pt\\\/#organization\",\"name\":\"Bloco KM\",\"url\":\"https:\\\/\\\/kmblock.com\\\/pt-pt\\\/\",\"logo\":{\"@type\":\"ImageObject\",\"inLanguage\":\"pt-PT\",\"@id\":\"https:\\\/\\\/kmblock.com\\\/pt-pt\\\/#\\\/schema\\\/logo\\\/image\\\/\",\"url\":\"https:\\\/\\\/kmblock.com\\\/wp-content\\\/uploads\\\/2024\\\/08\\\/main-logo.png\",\"contentUrl\":\"https:\\\/\\\/kmblock.com\\\/wp-content\\\/uploads\\\/2024\\\/08\\\/main-logo.png\",\"width\":186,\"height\":28,\"caption\":\"Bloco KM\"},\"image\":{\"@id\":\"https:\\\/\\\/kmblock.com\\\/pt-pt\\\/#\\\/schema\\\/logo\\\/image\\\/\"}}]}<\/script>\n<!-- \/ Yoast SEO plugin. -->","yoast_head_json":{"title":"Audi Q2 SQ2 GA Mileage Blocker (KM stopper) \u2192 KM Block","description":"Buy a Audi Q2 SQ2 GA Mileage Blocker for the Best Prices \u2713 Free Shipping \u2713 Incl. Installation Guides","robots":{"index":"index","follow":"follow","max-snippet":"max-snippet:-1","max-image-preview":"max-image-preview:large","max-video-preview":"max-video-preview:-1"},"og_locale":"pt_PT","og_type":"article","og_title":"Audi Q2 SQ2 GA Mileage Blocker (KM stopper) \u2192 KM Block","og_description":"Buy a Audi Q2 SQ2 GA Mileage Blocker for the Best Prices \u2713 Free Shipping \u2713 Incl. Installation Guides","og_url":"https:\/\/kmblock.com\/pt-pt\/product\/audi-q2-sq2-ga\/","og_site_name":"KM Block","og_image":[{"width":800,"height":800,"url":"https:\/\/kmblock.com\/wp-content\/uploads\/2024\/09\/Audi-Q2-SQ2-GA.jpg","type":"image\/jpeg"}],"twitter_card":"summary_large_image","twitter_misc":{"Tempo estimado de leitura":"3 minutos"},"schema":{"@context":"https:\/\/schema.org","@graph":[{"@type":"WebPage","@id":"https:\/\/kmblock.com\/pt-pt\/product\/audi-q2-sq2-ga\/","url":"https:\/\/kmblock.com\/pt-pt\/product\/audi-q2-sq2-ga\/","name":"Audi Q2 SQ2 GA Mileage Blocker (KM stopper) \u2192 KM Block","isPartOf":{"@id":"https:\/\/kmblock.com\/pt-pt\/#website"},"primaryImageOfPage":{"@id":"https:\/\/kmblock.com\/pt-pt\/product\/audi-q2-sq2-ga\/#primaryimage"},"image":{"@id":"https:\/\/kmblock.com\/pt-pt\/product\/audi-q2-sq2-ga\/#primaryimage"},"thumbnailUrl":"https:\/\/kmblock.com\/wp-content\/uploads\/2024\/09\/Audi-Q2-SQ2-GA.jpg","datePublished":"2024-09-18T01:20:39+00:00","description":"Buy a Audi Q2 SQ2 GA Mileage Blocker for the Best Prices \u2713 Free Shipping \u2713 Incl. Installation Guides","breadcrumb":{"@id":"https:\/\/kmblock.com\/pt-pt\/product\/audi-q2-sq2-ga\/#breadcrumb"},"inLanguage":"pt-PT","potentialAction":[{"@type":"ReadAction","target":["https:\/\/kmblock.com\/pt-pt\/product\/audi-q2-sq2-ga\/"]}]},{"@type":"ImageObject","inLanguage":"pt-PT","@id":"https:\/\/kmblock.com\/pt-pt\/product\/audi-q2-sq2-ga\/#primaryimage","url":"https:\/\/kmblock.com\/wp-content\/uploads\/2024\/09\/Audi-Q2-SQ2-GA.jpg","contentUrl":"https:\/\/kmblock.com\/wp-content\/uploads\/2024\/09\/Audi-Q2-SQ2-GA.jpg","width":800,"height":800,"caption":"Audi Q2 SQ2 GA"},{"@type":"BreadcrumbList","@id":"https:\/\/kmblock.com\/pt-pt\/product\/audi-q2-sq2-ga\/#breadcrumb","itemListElement":[{"@type":"ListItem","position":1,"name":"Casa","item":"https:\/\/kmblock.com\/pt-pt\/"},{"@type":"ListItem","position":2,"name":"Produtos","item":"https:\/\/kmblock.com\/pt-pt\/shop\/"},{"@type":"ListItem","position":3,"name":"Audi Q2 SQ2 GA"}]},{"@type":"WebSite","@id":"https:\/\/kmblock.com\/pt-pt\/#website","url":"https:\/\/kmblock.com\/pt-pt\/","name":"KM Block","description":"","publisher":{"@id":"https:\/\/kmblock.com\/pt-pt\/#organization"},"potentialAction":[{"@type":"SearchAction","target":{"@type":"EntryPoint","urlTemplate":"https:\/\/kmblock.com\/pt-pt\/?s={search_term_string}"},"query-input":{"@type":"PropertyValueSpecification","valueRequired":true,"valueName":"search_term_string"}}],"inLanguage":"pt-PT"},{"@type":"Organization","@id":"https:\/\/kmblock.com\/pt-pt\/#organization","name":"Bloco KM","url":"https:\/\/kmblock.com\/pt-pt\/","logo":{"@type":"ImageObject","inLanguage":"pt-PT","@id":"https:\/\/kmblock.com\/pt-pt\/#\/schema\/logo\/image\/","url":"https:\/\/kmblock.com\/wp-content\/uploads\/2024\/08\/main-logo.png","contentUrl":"https:\/\/kmblock.com\/wp-content\/uploads\/2024\/08\/main-logo.png","width":186,"height":28,"caption":"Bloco KM"},"image":{"@id":"https:\/\/kmblock.com\/pt-pt\/#\/schema\/logo\/image\/"}}]}},"_links":{"self":[{"href":"https:\/\/kmblock.com\/pt-pt\/wp-json\/wp\/v2\/product\/10243","targetHints":{"allow":["GET"]}}],"collection":[{"href":"https:\/\/kmblock.com\/pt-pt\/wp-json\/wp\/v2\/product"}],"about":[{"href":"https:\/\/kmblock.com\/pt-pt\/wp-json\/wp\/v2\/types\/product"}],"replies":[{"embeddable":true,"href":"https:\/\/kmblock.com\/pt-pt\/wp-json\/wp\/v2\/comments?post=10243"}],"wp:featuredmedia":[{"embeddable":true,"href":"https:\/\/kmblock.com\/pt-pt\/wp-json\/wp\/v2\/media\/675"}],"wp:attachment":[{"href":"https:\/\/kmblock.com\/pt-pt\/wp-json\/wp\/v2\/media?parent=10243"}],"wp:term":[{"taxonomy":"product_brand","embeddable":true,"href":"https:\/\/kmblock.com\/pt-pt\/wp-json\/wp\/v2\/product_brand?post=10243"},{"taxonomy":"product_cat","embeddable":true,"href":"https:\/\/kmblock.com\/pt-pt\/wp-json\/wp\/v2\/product_cat?post=10243"},{"taxonomy":"product_tag","embeddable":true,"href":"https:\/\/kmblock.com\/pt-pt\/wp-json\/wp\/v2\/product_tag?post=10243"}],"curies":[{"name":"wp","href":"https:\/\/api.w.org\/{rel}","templated":true}]}}