{"id":10231,"date":"2024-09-17T22:15:44","date_gmt":"2024-09-17T22:15:44","guid":{"rendered":"https:\/\/kmblock.com\/product\/audi-a8-s8-rs8-d5\/"},"modified":"2024-09-17T22:15:44","modified_gmt":"2024-09-17T22:15:44","slug":"audi-a8-s8-rs8-d5","status":"publish","type":"product","link":"https:\/\/kmblock.com\/pt-pt\/product\/audi-a8-s8-rs8-d5\/","title":{"rendered":"Audi A8\/S8\/RS8\/D5"},"content":{"rendered":"<div class=\"flex max-w-full flex-col flex-grow\">\n<div class=\"min-h-[20px] text-message flex w-full flex-col items-end gap-2 whitespace-normal break-words [.text-message+&amp;]:mt-5\" dir=\"auto\" data-message-author-role=\"assistant\" data-message-id=\"765a5d77-1b34-437a-a971-026f3a7fac57\">\n<div class=\"flex w-full flex-col gap-1 empty:hidden first:pt-[3px]\">\n<div class=\"markdown prose w-full break-words dark:prose-invert dark\">\n<h3><strong>Bloqueador de Quil\u00f3metros para Audi A8\/S8\/RS8 &#8211; D5<\/strong><\/h3>\n<p>O Bloqueador de Quil\u00f3metros Audi A8\/S8\/RS8 &#8211; D5, tamb\u00e9m conhecido como Bloqueador de Od\u00f3metro, Bloqueador de Od\u00f3metro, Bloqueador de Lata, Bloqueador de Quil\u00f3metros, Od\u00f3metro de Viagem, Filtro de Lata ou Ferramenta de Corre\u00e7\u00e3o de Quil\u00f3metros, foi concebido para todos os modelos Audi A8\/S8\/RS8\/D5 lan\u00e7ados desde 2017.<\/p>\n<h3><strong>Especifica\u00e7\u00f5es:<\/strong><\/h3>\n<ul>\n<li><strong>Instala\u00e7\u00e3o perfeita:<\/strong> A face de contacto do conetor e os sulcos garantem uma instala\u00e7\u00e3o f\u00e1cil.<\/li>\n<li><strong>Componentes de alta qualidade:<\/strong> Inclui fichas de qualidade superior e cabos resistentes ao calor.<\/li>\n<li><strong>Desempenho est\u00e1vel:<\/strong> A leitura da quilometragem n\u00e3o aumenta ap\u00f3s a remo\u00e7\u00e3o.<\/li>\n<li><strong>Ativa\u00e7\u00e3o:<\/strong> Pode ser ativado premindo um bot\u00e3o no volante.<\/li>\n<li><strong>N\u00e3o detecta:<\/strong> Os aparelhos de diagn\u00f3stico n\u00e3o detectam altera\u00e7\u00f5es de quilometragem.<\/li>\n<li><strong>Configura\u00e7\u00f5es persistentes:<\/strong> Uma vez definidas, as configura\u00e7\u00f5es s\u00e3o guardadas permanentemente.<\/li>\n<li><strong>Funcionamento:<\/strong> O veloc\u00edmetro e outros sistemas de assist\u00eancia funcionam perfeitamente.<\/li>\n<li>Instala\u00e7\u00e3o simples<strong>,<\/strong> sem necessidade de conhecimentos profundos sobre o ve\u00edculo.<\/li>\n<li><strong>N\u00e3o necessita de modifica\u00e7\u00f5es:<\/strong> N\u00e3o necessita de soldar ou cortar cabos.<\/li>\n<li><strong>N\u00e3o h\u00e1 mensagens de erro:<\/strong> N\u00e3o h\u00e1 erros no veloc\u00edmetro ou no painel de navega\u00e7\u00e3o.<\/li>\n<li><strong>Modos m\u00faltiplos:<\/strong> Oferece v\u00e1rios modos de funcionamento.<\/li>\n<li><strong>Luz do motor:<\/strong> A ativa\u00e7\u00e3o do dispositivo pode acionar a luz de controlo do motor nos modelos do final de 2020.<\/li>\n<li><strong>Desvio de quilometragem:<\/strong> Para o modo que altera completamente a quilometragem, \u00e9 permitido um desvio de at\u00e9 1%. As leituras de quilometragem s\u00e3o aproximadas e podem ter pequenas varia\u00e7\u00f5es. <\/li>\n<li><strong>Aviso de atualiza\u00e7\u00e3o importante:<\/strong> As actualiza\u00e7\u00f5es recentes do fabricante podem exigir m\u00e9todos de ativa\u00e7\u00e3o diferentes. Se for este o caso, apenas o modo 3 (paragem total) e o modo 4 (contagem total) funcionar\u00e3o. A ativa\u00e7\u00e3o requer que desligues o ve\u00edculo completamente cinco vezes seguidas. Ap\u00f3s a compra, ser-te-\u00e1 fornecido um PDF com instru\u00e7\u00f5es detalhadas.   <\/li>\n<\/ul>\n<h3><strong>Ativa\u00e7\u00e3o e desativa\u00e7\u00e3o:<\/strong><\/h3>\n<p>Utiliza o bot\u00e3o &#8221;ok&#8221; no guiador. Mant\u00e9m premido at\u00e9 que o pisca-pisca comece a piscar. <\/p>\n<p><strong>Modo 1:<\/strong> 1 pisca \u00e0 esquerda 20 por cento<br \/>\n<strong>Modo 2:<\/strong> 2 piscadas \u00e0 esquerda 10 por cento<br \/>\n<strong>Modo 3:<\/strong> 3 piscas \u00e0 esquerda 0 por cento<br \/>\n<strong>Modo 4:<\/strong> 1 piscada \u00e0 direita 100 por cento<\/p>\n<p>Para o modo 3: 0 por cento, tens de ligar o modo e, em seguida, desligar o carro e tranc\u00e1-lo durante 2 minutos e, depois, ligar e conduzir.&#8221;<\/p>\n<h3><strong>O que \u00e9 o Audi A8, S8, RS8, D5 Odometer Blocker ou Mileage Corretion Tool?<\/strong><\/h3>\n<p>O Mileage Blocker\/Odometer Blocker \u00e9 utilizado para impedir o registo de quilometragem adicional durante os testes de desempenho. Na KM Block, oferecemos-te m\u00f3dulos de alta qualidade com componentes genu\u00ednos. Quer o teu od\u00f3metro me\u00e7a em milhas ou em quil\u00f3metros, o nosso dispositivo funcionar\u00e1 eficazmente. O nosso software \u00e9 adaptado a cada marca e modelo para garantir um desempenho \u00f3timo.   <\/p>\n<p>Tem em aten\u00e7\u00e3o que n\u00e3o vendemos ferramentas de corre\u00e7\u00e3o de quilometragem destinadas a fins enganadores, como a reposi\u00e7\u00e3o de valores de quilometragem. Estas ferramentas s\u00e3o muitas vezes utilizadas para reverter a quilometragem, mas s\u00e3o ineficazes em todas as unidades de armazenamento de dados do ve\u00edculo. <\/p>\n<p>Oferecemos uma gama de dispositivos Mileage Stopper adequados a v\u00e1rios ve\u00edculos, com um processo de instala\u00e7\u00e3o simples que n\u00e3o requer conhecimentos especializados sobre o ve\u00edculo. Basta lig\u00e1-lo entre a porta do veloc\u00edmetro e o painel de instrumentos e utilizar combina\u00e7\u00f5es de teclas predefinidas para mudar de modo. <\/p>\n<p>A ferramenta Mileage Blocker \u00e9 compat\u00edvel com ve\u00edculos a gas\u00f3leo, a gasolina, ve\u00edculos h\u00edbridos el\u00e9ctricos plug-in (PHEV) e carros el\u00e9ctricos, o que a torna um dispositivo excecional para testes de desempenho controlados.<\/p>\n<\/div>\n<\/div>\n<\/div>\n<\/div>\n","protected":false},"excerpt":{"rendered":"<div class=\"flex-shrink-0 flex flex-col relative items-end\">\n<div class=\"pt-0\">\n<div class=\"gizmo-bot-avatar flex h-8 w-8 items-center justify-center overflow-hidden rounded-full\">\n<div class=\"relative p-1 rounded-sm flex items-center justify-center bg-token-main-surface-primary text-token-text-primary h-8 w-8\">\n<p>Antes de fazeres a tua encomenda, rev\u00ea as seguintes informa\u00e7\u00f5es importantes relativas \u00e0 ativa\u00e7\u00e3o do m\u00f3dulo, mensagens de erro e funcionalidade do dispositivo:<\/p>\n<p><strong>ESTE DISPOSITIVO \u00c9 ADEQUADO PARA TODOS OS MODELOS AUDI A6\/S6\/RS6\/C8 LAN\u00c7ADOS DESDE 2018.  <\/strong>Concebido para uma instala\u00e7\u00e3o f\u00e1cil do tipo &#8221;fa\u00e7a voc\u00ea mesmo&#8221;. N\u00e3o s\u00e3o necess\u00e1rios conhecimentos especializados sobre o ve\u00edculo. O veloc\u00edmetro e todos os programas de assist\u00eancia funcionar\u00e3o sem falhas com este dispositivo. Dispon\u00edvel com ou sem uma aplica\u00e7\u00e3o e para conectores de 18 ou 32 pinos.   <\/p>\n<p class=\"p1\"><b> Integra\u00e7\u00e3o perfeita<\/b><b><\/b><\/p>\n<p class=\"p1\"><b> Instala\u00e7\u00e3o f\u00e1cil<\/b><b><\/b><\/p>\n<p class=\"p1\"><b> Gest\u00e3o exacta da quilometragem<\/b><b><\/b><\/p>\n<p class=\"p1\"><b> Funcionamento em modo furtivo<\/b><b><\/b><\/p>\n<p class=\"p1\"><span class=\"s1\">\u2705<\/span><b> Suporte e actualiza\u00e7\u00f5es vital\u00edcias<\/b><\/p>\n<\/div>\n<\/div>\n<\/div>\n<\/div>\n","protected":false},"featured_media":669,"comment_status":"open","ping_status":"closed","template":"","meta":[],"product_brand":[],"product_cat":[1070],"product_tag":[],"class_list":{"0":"post-10231","1":"product","2":"type-product","3":"status-publish","4":"has-post-thumbnail","6":"product_cat-audi","8":"first","9":"instock","10":"taxable","11":"shipping-taxable","12":"purchasable","13":"product-type-variable"},"yoast_head":"<!-- This site is optimized with the Yoast SEO plugin v27.5 - https:\/\/yoast.com\/product\/yoast-seo-wordpress\/ -->\n<title>Audi A8\/S8\/RS8\/D5 Mileage Blocker (KM stopper) \u2192 KM Block<\/title>\n<meta name=\"description\" content=\"Buy a Audi A8\/S8\/RS8\/D5 Mileage Blocker for the Best Prices \u2713 Free Shipping \u2713 Incl. Installation Guides\" \/>\n<meta name=\"robots\" content=\"index, follow, max-snippet:-1, max-image-preview:large, max-video-preview:-1\" \/>\n<meta property=\"og:locale\" content=\"pt_PT\" \/>\n<meta property=\"og:type\" content=\"article\" \/>\n<meta property=\"og:title\" content=\"Audi A8\/S8\/RS8\/D5 Mileage Blocker (KM stopper) \u2192 KM Block\" \/>\n<meta property=\"og:description\" content=\"Buy a Audi A8\/S8\/RS8\/D5 Mileage Blocker for the Best Prices \u2713 Free Shipping \u2713 Incl. Installation Guides\" \/>\n<meta property=\"og:url\" content=\"https:\/\/kmblock.com\/pt-pt\/product\/audi-a8-s8-rs8-d5\/\" \/>\n<meta property=\"og:site_name\" content=\"KM Block\" \/>\n<meta property=\"og:image\" content=\"https:\/\/kmblock.com\/wp-content\/uploads\/2024\/09\/Audi-A8S8RS8D4-1.jpg\" \/>\n\t<meta property=\"og:image:width\" content=\"800\" \/>\n\t<meta property=\"og:image:height\" content=\"800\" \/>\n\t<meta property=\"og:image:type\" content=\"image\/jpeg\" \/>\n<meta name=\"twitter:card\" content=\"summary_large_image\" \/>\n<meta name=\"twitter:label1\" content=\"Tempo estimado de leitura\" \/>\n\t<meta name=\"twitter:data1\" content=\"3 minutos\" \/>\n<script type=\"application\/ld+json\" class=\"yoast-schema-graph\">{\"@context\":\"https:\\\/\\\/schema.org\",\"@graph\":[{\"@type\":\"WebPage\",\"@id\":\"https:\\\/\\\/kmblock.com\\\/pt-pt\\\/product\\\/audi-a8-s8-rs8-d5\\\/\",\"url\":\"https:\\\/\\\/kmblock.com\\\/pt-pt\\\/product\\\/audi-a8-s8-rs8-d5\\\/\",\"name\":\"Audi A8\\\/S8\\\/RS8\\\/D5 Mileage Blocker (KM stopper) \u2192 KM Block\",\"isPartOf\":{\"@id\":\"https:\\\/\\\/kmblock.com\\\/pt-pt\\\/#website\"},\"primaryImageOfPage\":{\"@id\":\"https:\\\/\\\/kmblock.com\\\/pt-pt\\\/product\\\/audi-a8-s8-rs8-d5\\\/#primaryimage\"},\"image\":{\"@id\":\"https:\\\/\\\/kmblock.com\\\/pt-pt\\\/product\\\/audi-a8-s8-rs8-d5\\\/#primaryimage\"},\"thumbnailUrl\":\"https:\\\/\\\/kmblock.com\\\/wp-content\\\/uploads\\\/2024\\\/09\\\/Audi-A8S8RS8D4-1.jpg\",\"datePublished\":\"2024-09-17T22:15:44+00:00\",\"description\":\"Buy a Audi A8\\\/S8\\\/RS8\\\/D5 Mileage Blocker for the Best Prices \u2713 Free Shipping \u2713 Incl. Installation Guides\",\"breadcrumb\":{\"@id\":\"https:\\\/\\\/kmblock.com\\\/pt-pt\\\/product\\\/audi-a8-s8-rs8-d5\\\/#breadcrumb\"},\"inLanguage\":\"pt-PT\",\"potentialAction\":[{\"@type\":\"ReadAction\",\"target\":[\"https:\\\/\\\/kmblock.com\\\/pt-pt\\\/product\\\/audi-a8-s8-rs8-d5\\\/\"]}]},{\"@type\":\"ImageObject\",\"inLanguage\":\"pt-PT\",\"@id\":\"https:\\\/\\\/kmblock.com\\\/pt-pt\\\/product\\\/audi-a8-s8-rs8-d5\\\/#primaryimage\",\"url\":\"https:\\\/\\\/kmblock.com\\\/wp-content\\\/uploads\\\/2024\\\/09\\\/Audi-A8S8RS8D4-1.jpg\",\"contentUrl\":\"https:\\\/\\\/kmblock.com\\\/wp-content\\\/uploads\\\/2024\\\/09\\\/Audi-A8S8RS8D4-1.jpg\",\"width\":800,\"height\":800,\"caption\":\"Audi A8\\\/S8\\\/RS8\\\/D5\"},{\"@type\":\"BreadcrumbList\",\"@id\":\"https:\\\/\\\/kmblock.com\\\/pt-pt\\\/product\\\/audi-a8-s8-rs8-d5\\\/#breadcrumb\",\"itemListElement\":[{\"@type\":\"ListItem\",\"position\":1,\"name\":\"Casa\",\"item\":\"https:\\\/\\\/kmblock.com\\\/pt-pt\\\/\"},{\"@type\":\"ListItem\",\"position\":2,\"name\":\"Produtos\",\"item\":\"https:\\\/\\\/kmblock.com\\\/pt-pt\\\/shop\\\/\"},{\"@type\":\"ListItem\",\"position\":3,\"name\":\"Audi A8\\\/S8\\\/RS8\\\/D5\"}]},{\"@type\":\"WebSite\",\"@id\":\"https:\\\/\\\/kmblock.com\\\/pt-pt\\\/#website\",\"url\":\"https:\\\/\\\/kmblock.com\\\/pt-pt\\\/\",\"name\":\"KM Block\",\"description\":\"\",\"publisher\":{\"@id\":\"https:\\\/\\\/kmblock.com\\\/pt-pt\\\/#organization\"},\"potentialAction\":[{\"@type\":\"SearchAction\",\"target\":{\"@type\":\"EntryPoint\",\"urlTemplate\":\"https:\\\/\\\/kmblock.com\\\/pt-pt\\\/?s={search_term_string}\"},\"query-input\":{\"@type\":\"PropertyValueSpecification\",\"valueRequired\":true,\"valueName\":\"search_term_string\"}}],\"inLanguage\":\"pt-PT\"},{\"@type\":\"Organization\",\"@id\":\"https:\\\/\\\/kmblock.com\\\/pt-pt\\\/#organization\",\"name\":\"Bloco KM\",\"url\":\"https:\\\/\\\/kmblock.com\\\/pt-pt\\\/\",\"logo\":{\"@type\":\"ImageObject\",\"inLanguage\":\"pt-PT\",\"@id\":\"https:\\\/\\\/kmblock.com\\\/pt-pt\\\/#\\\/schema\\\/logo\\\/image\\\/\",\"url\":\"https:\\\/\\\/kmblock.com\\\/wp-content\\\/uploads\\\/2024\\\/08\\\/main-logo.png\",\"contentUrl\":\"https:\\\/\\\/kmblock.com\\\/wp-content\\\/uploads\\\/2024\\\/08\\\/main-logo.png\",\"width\":186,\"height\":28,\"caption\":\"Bloco KM\"},\"image\":{\"@id\":\"https:\\\/\\\/kmblock.com\\\/pt-pt\\\/#\\\/schema\\\/logo\\\/image\\\/\"}}]}<\/script>\n<!-- \/ Yoast SEO plugin. -->","yoast_head_json":{"title":"Audi A8\/S8\/RS8\/D5 Mileage Blocker (KM stopper) \u2192 KM Block","description":"Buy a Audi A8\/S8\/RS8\/D5 Mileage Blocker for the Best Prices \u2713 Free Shipping \u2713 Incl. Installation Guides","robots":{"index":"index","follow":"follow","max-snippet":"max-snippet:-1","max-image-preview":"max-image-preview:large","max-video-preview":"max-video-preview:-1"},"og_locale":"pt_PT","og_type":"article","og_title":"Audi A8\/S8\/RS8\/D5 Mileage Blocker (KM stopper) \u2192 KM Block","og_description":"Buy a Audi A8\/S8\/RS8\/D5 Mileage Blocker for the Best Prices \u2713 Free Shipping \u2713 Incl. Installation Guides","og_url":"https:\/\/kmblock.com\/pt-pt\/product\/audi-a8-s8-rs8-d5\/","og_site_name":"KM Block","og_image":[{"width":800,"height":800,"url":"https:\/\/kmblock.com\/wp-content\/uploads\/2024\/09\/Audi-A8S8RS8D4-1.jpg","type":"image\/jpeg"}],"twitter_card":"summary_large_image","twitter_misc":{"Tempo estimado de leitura":"3 minutos"},"schema":{"@context":"https:\/\/schema.org","@graph":[{"@type":"WebPage","@id":"https:\/\/kmblock.com\/pt-pt\/product\/audi-a8-s8-rs8-d5\/","url":"https:\/\/kmblock.com\/pt-pt\/product\/audi-a8-s8-rs8-d5\/","name":"Audi A8\/S8\/RS8\/D5 Mileage Blocker (KM stopper) \u2192 KM Block","isPartOf":{"@id":"https:\/\/kmblock.com\/pt-pt\/#website"},"primaryImageOfPage":{"@id":"https:\/\/kmblock.com\/pt-pt\/product\/audi-a8-s8-rs8-d5\/#primaryimage"},"image":{"@id":"https:\/\/kmblock.com\/pt-pt\/product\/audi-a8-s8-rs8-d5\/#primaryimage"},"thumbnailUrl":"https:\/\/kmblock.com\/wp-content\/uploads\/2024\/09\/Audi-A8S8RS8D4-1.jpg","datePublished":"2024-09-17T22:15:44+00:00","description":"Buy a Audi A8\/S8\/RS8\/D5 Mileage Blocker for the Best Prices \u2713 Free Shipping \u2713 Incl. Installation Guides","breadcrumb":{"@id":"https:\/\/kmblock.com\/pt-pt\/product\/audi-a8-s8-rs8-d5\/#breadcrumb"},"inLanguage":"pt-PT","potentialAction":[{"@type":"ReadAction","target":["https:\/\/kmblock.com\/pt-pt\/product\/audi-a8-s8-rs8-d5\/"]}]},{"@type":"ImageObject","inLanguage":"pt-PT","@id":"https:\/\/kmblock.com\/pt-pt\/product\/audi-a8-s8-rs8-d5\/#primaryimage","url":"https:\/\/kmblock.com\/wp-content\/uploads\/2024\/09\/Audi-A8S8RS8D4-1.jpg","contentUrl":"https:\/\/kmblock.com\/wp-content\/uploads\/2024\/09\/Audi-A8S8RS8D4-1.jpg","width":800,"height":800,"caption":"Audi A8\/S8\/RS8\/D5"},{"@type":"BreadcrumbList","@id":"https:\/\/kmblock.com\/pt-pt\/product\/audi-a8-s8-rs8-d5\/#breadcrumb","itemListElement":[{"@type":"ListItem","position":1,"name":"Casa","item":"https:\/\/kmblock.com\/pt-pt\/"},{"@type":"ListItem","position":2,"name":"Produtos","item":"https:\/\/kmblock.com\/pt-pt\/shop\/"},{"@type":"ListItem","position":3,"name":"Audi A8\/S8\/RS8\/D5"}]},{"@type":"WebSite","@id":"https:\/\/kmblock.com\/pt-pt\/#website","url":"https:\/\/kmblock.com\/pt-pt\/","name":"KM Block","description":"","publisher":{"@id":"https:\/\/kmblock.com\/pt-pt\/#organization"},"potentialAction":[{"@type":"SearchAction","target":{"@type":"EntryPoint","urlTemplate":"https:\/\/kmblock.com\/pt-pt\/?s={search_term_string}"},"query-input":{"@type":"PropertyValueSpecification","valueRequired":true,"valueName":"search_term_string"}}],"inLanguage":"pt-PT"},{"@type":"Organization","@id":"https:\/\/kmblock.com\/pt-pt\/#organization","name":"Bloco KM","url":"https:\/\/kmblock.com\/pt-pt\/","logo":{"@type":"ImageObject","inLanguage":"pt-PT","@id":"https:\/\/kmblock.com\/pt-pt\/#\/schema\/logo\/image\/","url":"https:\/\/kmblock.com\/wp-content\/uploads\/2024\/08\/main-logo.png","contentUrl":"https:\/\/kmblock.com\/wp-content\/uploads\/2024\/08\/main-logo.png","width":186,"height":28,"caption":"Bloco KM"},"image":{"@id":"https:\/\/kmblock.com\/pt-pt\/#\/schema\/logo\/image\/"}}]}},"_links":{"self":[{"href":"https:\/\/kmblock.com\/pt-pt\/wp-json\/wp\/v2\/product\/10231","targetHints":{"allow":["GET"]}}],"collection":[{"href":"https:\/\/kmblock.com\/pt-pt\/wp-json\/wp\/v2\/product"}],"about":[{"href":"https:\/\/kmblock.com\/pt-pt\/wp-json\/wp\/v2\/types\/product"}],"replies":[{"embeddable":true,"href":"https:\/\/kmblock.com\/pt-pt\/wp-json\/wp\/v2\/comments?post=10231"}],"wp:featuredmedia":[{"embeddable":true,"href":"https:\/\/kmblock.com\/pt-pt\/wp-json\/wp\/v2\/media\/669"}],"wp:attachment":[{"href":"https:\/\/kmblock.com\/pt-pt\/wp-json\/wp\/v2\/media?parent=10231"}],"wp:term":[{"taxonomy":"product_brand","embeddable":true,"href":"https:\/\/kmblock.com\/pt-pt\/wp-json\/wp\/v2\/product_brand?post=10231"},{"taxonomy":"product_cat","embeddable":true,"href":"https:\/\/kmblock.com\/pt-pt\/wp-json\/wp\/v2\/product_cat?post=10231"},{"taxonomy":"product_tag","embeddable":true,"href":"https:\/\/kmblock.com\/pt-pt\/wp-json\/wp\/v2\/product_tag?post=10231"}],"curies":[{"name":"wp","href":"https:\/\/api.w.org\/{rel}","templated":true}]}}