{"id":10195,"date":"2024-09-17T23:48:25","date_gmt":"2024-09-17T23:48:25","guid":{"rendered":"https:\/\/kmblock.com\/product\/audi-e-tron-ge-gt-fw\/"},"modified":"2024-09-17T23:48:25","modified_gmt":"2024-09-17T23:48:25","slug":"audi-e-tron-ge-gt-fw","status":"publish","type":"product","link":"https:\/\/kmblock.com\/pt-pt\/product\/audi-e-tron-ge-gt-fw\/","title":{"rendered":"Audi E-tron GE GT FW"},"content":{"rendered":"<div class=\"flex max-w-full flex-col flex-grow\">\n<div class=\"min-h-[20px] text-message flex w-full flex-col items-end gap-2 whitespace-normal break-words [.text-message+&amp;]:mt-5\" dir=\"auto\" data-message-author-role=\"assistant\" data-message-id=\"765a5d77-1b34-437a-a971-026f3a7fac57\">\n<div class=\"flex w-full flex-col gap-1 empty:hidden first:pt-[3px]\">\n<div class=\"markdown prose w-full break-words dark:prose-invert dark\">\n<h3><strong>Bloqueador de quil\u00f3metros para Audi E-Tron GE GT FW<\/strong><\/h3>\n<p>O bloqueador de quilometragem do Audi E-Tron GE GT FW, tamb\u00e9m conhecido como bloqueador de od\u00f3metro, tamp\u00e3o de od\u00f3metro, bloqueador de lata, tamp\u00e3o de quilometragem, od\u00f3metro de viagem ou filtro de lata, foi concebido para todos os modelos Audi E-Tron GE GT FW lan\u00e7ados desde 2018.<\/p>\n<h3><strong>Especifica\u00e7\u00f5es:<\/strong><\/h3>\n<ul>\n<li><strong>Instala\u00e7\u00e3o sem costuras:<\/strong> A face de acoplamento e os sulcos no conetor garantem uma instala\u00e7\u00e3o suave.<\/li>\n<li><strong>Componentes de alta qualidade:<\/strong> Equipado com fichas de qualidade superior e cabos resistentes ao calor.<\/li>\n<li><strong>Desempenho est\u00e1vel:<\/strong> A leitura da quilometragem n\u00e3o aumenta ap\u00f3s a remo\u00e7\u00e3o.<\/li>\n<li><strong>Ativa\u00e7\u00e3o:<\/strong> Ativa-se facilmente premindo um bot\u00e3o no volante.<\/li>\n<li><strong>N\u00e3o detet\u00e1vel:<\/strong> Os aparelhos de diagn\u00f3stico n\u00e3o detectam altera\u00e7\u00f5es na quilometragem.<\/li>\n<li><strong>Configura\u00e7\u00f5es persistentes:<\/strong> Uma vez definidas, as configura\u00e7\u00f5es s\u00e3o guardadas permanentemente.<\/li>\n<li><strong>Funcionamento:<\/strong> O veloc\u00edmetro e todos os sistemas de assist\u00eancia funcionam na perfei\u00e7\u00e3o.<\/li>\n<li><strong>Instala\u00e7\u00e3o &#8221;fa\u00e7a voc\u00ea mesmo&#8221;:<\/strong> N\u00e3o necessita de conhecimentos profundos sobre o ve\u00edculo para a instala\u00e7\u00e3o.<\/li>\n<li><strong>N\u00e3o necessita de modifica\u00e7\u00f5es:<\/strong> N\u00e3o necessita de soldar ou cortar cabos.<\/li>\n<li><strong>Funcionamento sem erros:<\/strong> N\u00e3o h\u00e1 mensagens de erro no veloc\u00edmetro ou no painel de navega\u00e7\u00e3o.<\/li>\n<li><strong>Modos m\u00faltiplos:<\/strong> Escolhe entre v\u00e1rios modos de funcionamento.<\/li>\n<li><strong>Aviso de luz do motor:<\/strong> Nos ve\u00edculos a partir de finais de 2020, a ativa\u00e7\u00e3o do dispositivo pode acionar a luz de controlo do motor.<\/li>\n<li><strong>Desvio de quilometragem:<\/strong> Para o modo que altera a quilometragem, \u00e9 permitido um desvio de at\u00e9 1%. As leituras de quilometragem s\u00e3o aproximadas e podem apresentar pequenas diferen\u00e7as. <\/li>\n<li><strong>Aviso de atualiza\u00e7\u00e3o importante:<\/strong> Se o teu ve\u00edculo tiver recebido uma atualiza\u00e7\u00e3o recente do fabricante, apenas o modo 3 (paragem total) e o modo 4 (contagem total) funcionar\u00e3o. Para ativar o m\u00f3dulo, desliga o ve\u00edculo completamente cinco vezes seguidas. Ap\u00f3s a compra, ser-te-\u00e1 fornecido um PDF com mais pormenores.  <\/li>\n<\/ul>\n<h3><strong>Ativa\u00e7\u00e3o e desativa\u00e7\u00e3o:<\/strong><\/h3>\n<p>Utiliza o bot\u00e3o &#8221;ok&#8221; no guiador. Mant\u00e9m premido at\u00e9 que o pisca-pisca comece a piscar. <\/p>\n<p><strong>Modo 1:<\/strong> 1 pisca \u00e0 esquerda 20 por cento<br \/>\n<strong>Modo 2:<\/strong> 2 piscadas \u00e0 esquerda 10 por cento<br \/>\n<strong>Modo 3:<\/strong> 3 piscas \u00e0 esquerda 0 por cento<br \/>\n<strong>Modo 4:<\/strong> 1 piscada \u00e0 direita 100 por cento<\/p>\n<p>Para o modo 3: 0 por cento, tens de ligar o modo e, em seguida, desligar o carro e tranc\u00e1-lo durante 2 minutos e, depois, ligar e conduzir.&#8221;<\/p>\n<h3><strong>O que \u00e9 o bloqueador do conta-quil\u00f3metros ou a ferramenta de corre\u00e7\u00e3o da quilometragem do Audi E-Tron GE GT FW?<\/strong><\/h3>\n<p>O bloqueador de quil\u00f3metros\/ bloqueador de conta-quil\u00f3metros permite-te evitar o registo de quil\u00f3metros desnecess\u00e1rios enquanto testas o desempenho do carro. Dispon\u00edveis na KM Block, os nossos m\u00f3dulos utilizam componentes genu\u00ednos, com software adaptado a cada marca e modelo de ve\u00edculo, garantindo uma funcionalidade sem falhas. Quer o teu od\u00f3metro me\u00e7a em milhas ou quil\u00f3metros, o dispositivo funciona eficazmente em ve\u00edculos a diesel, a gasolina, ve\u00edculos h\u00edbridos el\u00e9ctricos plug-in (PHEV) e ve\u00edculos el\u00e9ctricos.  <\/p>\n<p>Tem em aten\u00e7\u00e3o que n\u00e3o vendemos ferramentas de corre\u00e7\u00e3o de quilometragem destinadas a fins enganadores, tais como o retrocesso das leituras do conta-quil\u00f3metros. Estas ferramentas n\u00e3o conseguem reverter totalmente a quilometragem nas unidades de armazenamento de dados do autom\u00f3vel. <\/p>\n<p>Oferecemos uma variedade de dispositivos Mileage Stopper para diferentes modelos de ve\u00edculos, todos com o mesmo processo de instala\u00e7\u00e3o f\u00e1cil. Basta lig\u00e1-lo entre a porta do veloc\u00edmetro e o painel de instrumentos para desfrutar das vantagens deste m\u00f3dulo avan\u00e7ado. <\/p>\n<p>O Audi E-Tron GE GT FW Mileage Blocker \u00e9 uma ferramenta essencial para testar o desempenho do ve\u00edculo num ambiente controlado.<\/p>\n<\/div>\n<\/div>\n<\/div>\n<\/div>\n","protected":false},"excerpt":{"rendered":"<div class=\"flex-shrink-0 flex flex-col relative items-end\">\n<div class=\"pt-0\">\n<div class=\"gizmo-bot-avatar flex h-8 w-8 items-center justify-center overflow-hidden rounded-full\">\n<div class=\"relative p-1 rounded-sm flex items-center justify-center bg-token-main-surface-primary text-token-text-primary h-8 w-8\">\n<div class=\"flex max-w-full flex-col flex-grow\">\n<div class=\"min-h-[20px] text-message flex w-full flex-col items-end gap-2 whitespace-normal break-words [.text-message+&amp;]:mt-5\" dir=\"auto\" data-message-author-role=\"assistant\" data-message-id=\"0fd9fd7f-13eb-4ff1-af2d-832792e7df5d\">\n<div class=\"flex w-full flex-col gap-1 empty:hidden first:pt-[3px]\">\n<div class=\"markdown prose w-full break-words dark:prose-invert dark\">\n<h4>Antes de comprar, rev\u00ea cuidadosamente as informa\u00e7\u00f5es sobre a ativa\u00e7\u00e3o do m\u00f3dulo, as mensagens de erro e a funcionalidade fornecidas abaixo.<\/h4>\n<p><strong>ESTE DISPOSITIVO \u00c9 COMPAT\u00cdVEL COM TODOS OS MODELOS AUDI E-TRON GE GT FW LAN\u00c7ADOS DESDE 2018.  <\/strong>Certifica-te de que verificas se o teu ve\u00edculo tem um conetor de 18 ou 32 pinos antes de encomendares. Instala\u00e7\u00e3o f\u00e1cil do tipo &#8221;fa\u00e7a voc\u00ea mesmo&#8221;. O veloc\u00edmetro e os sistemas de assist\u00eancia funcionam perfeitamente.  <\/p>\n<p class=\"p1\"><b> Integra\u00e7\u00e3o perfeita<\/b><b><\/b><\/p>\n<p class=\"p1\"><b> Instala\u00e7\u00e3o f\u00e1cil<\/b><b><\/b><\/p>\n<p class=\"p1\"><b> Gest\u00e3o exacta da quilometragem<\/b><b><\/b><\/p>\n<p class=\"p1\"><b> Funcionamento em modo furtivo<\/b><b><\/b><\/p>\n<p class=\"p1\"><span class=\"s1\">\u2705<\/span><b> Suporte e actualiza\u00e7\u00f5es vital\u00edcias<\/b><\/p>\n<\/div>\n<\/div>\n<\/div>\n<\/div>\n<\/div>\n<\/div>\n<\/div>\n<\/div>\n","protected":false},"featured_media":671,"comment_status":"open","ping_status":"closed","template":"","meta":[],"product_brand":[],"product_cat":[1070],"product_tag":[],"class_list":{"0":"post-10195","1":"product","2":"type-product","3":"status-publish","4":"has-post-thumbnail","6":"product_cat-audi","8":"first","9":"instock","10":"taxable","11":"shipping-taxable","12":"purchasable","13":"product-type-variable"},"yoast_head":"<!-- This site is optimized with the Yoast SEO plugin v27.5 - https:\/\/yoast.com\/product\/yoast-seo-wordpress\/ -->\n<title>Audi E-tron GE GT FW Mileage Blocker (KM stopper) \u2192 KM Block<\/title>\n<meta name=\"description\" content=\"Buy a Audi E-tron GE GT FW Mileage Blocker for the Best Prices \u2713 Free Shipping \u2713 Incl. Installation Guides\" \/>\n<meta name=\"robots\" content=\"index, follow, max-snippet:-1, max-image-preview:large, max-video-preview:-1\" \/>\n<meta property=\"og:locale\" content=\"pt_PT\" \/>\n<meta property=\"og:type\" content=\"article\" \/>\n<meta property=\"og:title\" content=\"Audi E-tron GE GT FW Mileage Blocker (KM stopper) \u2192 KM Block\" \/>\n<meta property=\"og:description\" content=\"Buy a Audi E-tron GE GT FW Mileage Blocker for the Best Prices \u2713 Free Shipping \u2713 Incl. Installation Guides\" \/>\n<meta property=\"og:url\" content=\"https:\/\/kmblock.com\/pt-pt\/product\/audi-e-tron-ge-gt-fw\/\" \/>\n<meta property=\"og:site_name\" content=\"KM Block\" \/>\n<meta property=\"og:image\" content=\"https:\/\/kmblock.com\/wp-content\/uploads\/2024\/09\/Audi-E-tron-GE-GT-FW.webp\" \/>\n\t<meta property=\"og:image:width\" content=\"800\" \/>\n\t<meta property=\"og:image:height\" content=\"800\" \/>\n\t<meta property=\"og:image:type\" content=\"image\/webp\" \/>\n<meta name=\"twitter:card\" content=\"summary_large_image\" \/>\n<meta name=\"twitter:label1\" content=\"Tempo estimado de leitura\" \/>\n\t<meta name=\"twitter:data1\" content=\"3 minutos\" \/>\n<script type=\"application\/ld+json\" class=\"yoast-schema-graph\">{\"@context\":\"https:\\\/\\\/schema.org\",\"@graph\":[{\"@type\":\"WebPage\",\"@id\":\"https:\\\/\\\/kmblock.com\\\/pt-pt\\\/product\\\/audi-e-tron-ge-gt-fw\\\/\",\"url\":\"https:\\\/\\\/kmblock.com\\\/pt-pt\\\/product\\\/audi-e-tron-ge-gt-fw\\\/\",\"name\":\"Audi E-tron GE GT FW Mileage Blocker (KM stopper) \u2192 KM Block\",\"isPartOf\":{\"@id\":\"https:\\\/\\\/kmblock.com\\\/pt-pt\\\/#website\"},\"primaryImageOfPage\":{\"@id\":\"https:\\\/\\\/kmblock.com\\\/pt-pt\\\/product\\\/audi-e-tron-ge-gt-fw\\\/#primaryimage\"},\"image\":{\"@id\":\"https:\\\/\\\/kmblock.com\\\/pt-pt\\\/product\\\/audi-e-tron-ge-gt-fw\\\/#primaryimage\"},\"thumbnailUrl\":\"https:\\\/\\\/kmblock.com\\\/wp-content\\\/uploads\\\/2024\\\/09\\\/Audi-E-tron-GE-GT-FW.webp\",\"datePublished\":\"2024-09-17T23:48:25+00:00\",\"description\":\"Buy a Audi E-tron GE GT FW Mileage Blocker for the Best Prices \u2713 Free Shipping \u2713 Incl. Installation Guides\",\"breadcrumb\":{\"@id\":\"https:\\\/\\\/kmblock.com\\\/pt-pt\\\/product\\\/audi-e-tron-ge-gt-fw\\\/#breadcrumb\"},\"inLanguage\":\"pt-PT\",\"potentialAction\":[{\"@type\":\"ReadAction\",\"target\":[\"https:\\\/\\\/kmblock.com\\\/pt-pt\\\/product\\\/audi-e-tron-ge-gt-fw\\\/\"]}]},{\"@type\":\"ImageObject\",\"inLanguage\":\"pt-PT\",\"@id\":\"https:\\\/\\\/kmblock.com\\\/pt-pt\\\/product\\\/audi-e-tron-ge-gt-fw\\\/#primaryimage\",\"url\":\"https:\\\/\\\/kmblock.com\\\/wp-content\\\/uploads\\\/2024\\\/09\\\/Audi-E-tron-GE-GT-FW.webp\",\"contentUrl\":\"https:\\\/\\\/kmblock.com\\\/wp-content\\\/uploads\\\/2024\\\/09\\\/Audi-E-tron-GE-GT-FW.webp\",\"width\":800,\"height\":800,\"caption\":\"Audi E-tron GE GT FW\"},{\"@type\":\"BreadcrumbList\",\"@id\":\"https:\\\/\\\/kmblock.com\\\/pt-pt\\\/product\\\/audi-e-tron-ge-gt-fw\\\/#breadcrumb\",\"itemListElement\":[{\"@type\":\"ListItem\",\"position\":1,\"name\":\"Casa\",\"item\":\"https:\\\/\\\/kmblock.com\\\/pt-pt\\\/\"},{\"@type\":\"ListItem\",\"position\":2,\"name\":\"Produtos\",\"item\":\"https:\\\/\\\/kmblock.com\\\/pt-pt\\\/shop\\\/\"},{\"@type\":\"ListItem\",\"position\":3,\"name\":\"Audi E-tron GE GT FW\"}]},{\"@type\":\"WebSite\",\"@id\":\"https:\\\/\\\/kmblock.com\\\/pt-pt\\\/#website\",\"url\":\"https:\\\/\\\/kmblock.com\\\/pt-pt\\\/\",\"name\":\"KM Block\",\"description\":\"\",\"publisher\":{\"@id\":\"https:\\\/\\\/kmblock.com\\\/pt-pt\\\/#organization\"},\"potentialAction\":[{\"@type\":\"SearchAction\",\"target\":{\"@type\":\"EntryPoint\",\"urlTemplate\":\"https:\\\/\\\/kmblock.com\\\/pt-pt\\\/?s={search_term_string}\"},\"query-input\":{\"@type\":\"PropertyValueSpecification\",\"valueRequired\":true,\"valueName\":\"search_term_string\"}}],\"inLanguage\":\"pt-PT\"},{\"@type\":\"Organization\",\"@id\":\"https:\\\/\\\/kmblock.com\\\/pt-pt\\\/#organization\",\"name\":\"Bloco KM\",\"url\":\"https:\\\/\\\/kmblock.com\\\/pt-pt\\\/\",\"logo\":{\"@type\":\"ImageObject\",\"inLanguage\":\"pt-PT\",\"@id\":\"https:\\\/\\\/kmblock.com\\\/pt-pt\\\/#\\\/schema\\\/logo\\\/image\\\/\",\"url\":\"https:\\\/\\\/kmblock.com\\\/wp-content\\\/uploads\\\/2024\\\/08\\\/main-logo.png\",\"contentUrl\":\"https:\\\/\\\/kmblock.com\\\/wp-content\\\/uploads\\\/2024\\\/08\\\/main-logo.png\",\"width\":186,\"height\":28,\"caption\":\"Bloco KM\"},\"image\":{\"@id\":\"https:\\\/\\\/kmblock.com\\\/pt-pt\\\/#\\\/schema\\\/logo\\\/image\\\/\"}}]}<\/script>\n<!-- \/ Yoast SEO plugin. -->","yoast_head_json":{"title":"Audi E-tron GE GT FW Mileage Blocker (KM stopper) \u2192 KM Block","description":"Buy a Audi E-tron GE GT FW Mileage Blocker for the Best Prices \u2713 Free Shipping \u2713 Incl. Installation Guides","robots":{"index":"index","follow":"follow","max-snippet":"max-snippet:-1","max-image-preview":"max-image-preview:large","max-video-preview":"max-video-preview:-1"},"og_locale":"pt_PT","og_type":"article","og_title":"Audi E-tron GE GT FW Mileage Blocker (KM stopper) \u2192 KM Block","og_description":"Buy a Audi E-tron GE GT FW Mileage Blocker for the Best Prices \u2713 Free Shipping \u2713 Incl. Installation Guides","og_url":"https:\/\/kmblock.com\/pt-pt\/product\/audi-e-tron-ge-gt-fw\/","og_site_name":"KM Block","og_image":[{"width":800,"height":800,"url":"https:\/\/kmblock.com\/wp-content\/uploads\/2024\/09\/Audi-E-tron-GE-GT-FW.webp","type":"image\/webp"}],"twitter_card":"summary_large_image","twitter_misc":{"Tempo estimado de leitura":"3 minutos"},"schema":{"@context":"https:\/\/schema.org","@graph":[{"@type":"WebPage","@id":"https:\/\/kmblock.com\/pt-pt\/product\/audi-e-tron-ge-gt-fw\/","url":"https:\/\/kmblock.com\/pt-pt\/product\/audi-e-tron-ge-gt-fw\/","name":"Audi E-tron GE GT FW Mileage Blocker (KM stopper) \u2192 KM Block","isPartOf":{"@id":"https:\/\/kmblock.com\/pt-pt\/#website"},"primaryImageOfPage":{"@id":"https:\/\/kmblock.com\/pt-pt\/product\/audi-e-tron-ge-gt-fw\/#primaryimage"},"image":{"@id":"https:\/\/kmblock.com\/pt-pt\/product\/audi-e-tron-ge-gt-fw\/#primaryimage"},"thumbnailUrl":"https:\/\/kmblock.com\/wp-content\/uploads\/2024\/09\/Audi-E-tron-GE-GT-FW.webp","datePublished":"2024-09-17T23:48:25+00:00","description":"Buy a Audi E-tron GE GT FW Mileage Blocker for the Best Prices \u2713 Free Shipping \u2713 Incl. Installation Guides","breadcrumb":{"@id":"https:\/\/kmblock.com\/pt-pt\/product\/audi-e-tron-ge-gt-fw\/#breadcrumb"},"inLanguage":"pt-PT","potentialAction":[{"@type":"ReadAction","target":["https:\/\/kmblock.com\/pt-pt\/product\/audi-e-tron-ge-gt-fw\/"]}]},{"@type":"ImageObject","inLanguage":"pt-PT","@id":"https:\/\/kmblock.com\/pt-pt\/product\/audi-e-tron-ge-gt-fw\/#primaryimage","url":"https:\/\/kmblock.com\/wp-content\/uploads\/2024\/09\/Audi-E-tron-GE-GT-FW.webp","contentUrl":"https:\/\/kmblock.com\/wp-content\/uploads\/2024\/09\/Audi-E-tron-GE-GT-FW.webp","width":800,"height":800,"caption":"Audi E-tron GE GT FW"},{"@type":"BreadcrumbList","@id":"https:\/\/kmblock.com\/pt-pt\/product\/audi-e-tron-ge-gt-fw\/#breadcrumb","itemListElement":[{"@type":"ListItem","position":1,"name":"Casa","item":"https:\/\/kmblock.com\/pt-pt\/"},{"@type":"ListItem","position":2,"name":"Produtos","item":"https:\/\/kmblock.com\/pt-pt\/shop\/"},{"@type":"ListItem","position":3,"name":"Audi E-tron GE GT FW"}]},{"@type":"WebSite","@id":"https:\/\/kmblock.com\/pt-pt\/#website","url":"https:\/\/kmblock.com\/pt-pt\/","name":"KM Block","description":"","publisher":{"@id":"https:\/\/kmblock.com\/pt-pt\/#organization"},"potentialAction":[{"@type":"SearchAction","target":{"@type":"EntryPoint","urlTemplate":"https:\/\/kmblock.com\/pt-pt\/?s={search_term_string}"},"query-input":{"@type":"PropertyValueSpecification","valueRequired":true,"valueName":"search_term_string"}}],"inLanguage":"pt-PT"},{"@type":"Organization","@id":"https:\/\/kmblock.com\/pt-pt\/#organization","name":"Bloco KM","url":"https:\/\/kmblock.com\/pt-pt\/","logo":{"@type":"ImageObject","inLanguage":"pt-PT","@id":"https:\/\/kmblock.com\/pt-pt\/#\/schema\/logo\/image\/","url":"https:\/\/kmblock.com\/wp-content\/uploads\/2024\/08\/main-logo.png","contentUrl":"https:\/\/kmblock.com\/wp-content\/uploads\/2024\/08\/main-logo.png","width":186,"height":28,"caption":"Bloco KM"},"image":{"@id":"https:\/\/kmblock.com\/pt-pt\/#\/schema\/logo\/image\/"}}]}},"_links":{"self":[{"href":"https:\/\/kmblock.com\/pt-pt\/wp-json\/wp\/v2\/product\/10195","targetHints":{"allow":["GET"]}}],"collection":[{"href":"https:\/\/kmblock.com\/pt-pt\/wp-json\/wp\/v2\/product"}],"about":[{"href":"https:\/\/kmblock.com\/pt-pt\/wp-json\/wp\/v2\/types\/product"}],"replies":[{"embeddable":true,"href":"https:\/\/kmblock.com\/pt-pt\/wp-json\/wp\/v2\/comments?post=10195"}],"wp:featuredmedia":[{"embeddable":true,"href":"https:\/\/kmblock.com\/pt-pt\/wp-json\/wp\/v2\/media\/671"}],"wp:attachment":[{"href":"https:\/\/kmblock.com\/pt-pt\/wp-json\/wp\/v2\/media?parent=10195"}],"wp:term":[{"taxonomy":"product_brand","embeddable":true,"href":"https:\/\/kmblock.com\/pt-pt\/wp-json\/wp\/v2\/product_brand?post=10195"},{"taxonomy":"product_cat","embeddable":true,"href":"https:\/\/kmblock.com\/pt-pt\/wp-json\/wp\/v2\/product_cat?post=10195"},{"taxonomy":"product_tag","embeddable":true,"href":"https:\/\/kmblock.com\/pt-pt\/wp-json\/wp\/v2\/product_tag?post=10195"}],"curies":[{"name":"wp","href":"https:\/\/api.w.org\/{rel}","templated":true}]}}