{"id":10194,"date":"2024-09-17T21:46:52","date_gmt":"2024-09-17T21:46:52","guid":{"rendered":"https:\/\/kmblock.com\/product\/audi-a6-s6-rs6-c7\/"},"modified":"2024-09-17T21:46:52","modified_gmt":"2024-09-17T21:46:52","slug":"audi-a6-s6-rs6-c7","status":"publish","type":"product","link":"https:\/\/kmblock.com\/pt-pt\/product\/audi-a6-s6-rs6-c7\/","title":{"rendered":"Audi A6\/S6\/RS6\/C7"},"content":{"rendered":"<h3><strong>BLOQUEADOR DE QUIL\u00d3METROS PARA AUDI A6\/S6\/RS6 &#8211; C7<\/strong><\/h3>\n<p>O <strong>bloqueador de quil\u00f3metros Audi A6\/S6\/RS6 &#8211; C7<\/strong> tamb\u00e9m \u00e9 conhecido como bloqueador de conta-quil\u00f3metros, bloqueador de conta-quil\u00f3metros, bloqueador de latas, bloqueador de quil\u00f3metros, conta-quil\u00f3metros de viagem, filtro de latas ou, por vezes, referido como uma ferramenta de corre\u00e7\u00e3o de quil\u00f3metros.<\/p>\n<h3><strong>COMPATIBILIDADE:<\/strong><\/h3>\n<p>Este dispositivo \u00e9 compat\u00edvel com todos os <strong>modelos Audi A6\/S6\/RS6 C7 lan\u00e7ados entre 2011 e 2018<\/strong>.<\/p>\n<hr>\n<h3><strong>ESPECIFICA\u00c7\u00d5ES:<\/strong><\/h3>\n<ul>\n<li>N\u00e3o h\u00e1 mensagens de erro no veloc\u00edmetro ou no ecr\u00e3 de navega\u00e7\u00e3o.<\/li>\n<li>Instala\u00e7\u00e3o simples, do tipo &#8221;fa\u00e7a voc\u00ea mesmo&#8221;.<\/li>\n<li>Apresenta uma face de acoplamento e sulcos no conetor para uma instala\u00e7\u00e3o f\u00e1cil.<\/li>\n<li>Opera\u00e7\u00e3o f\u00e1cil com v\u00e1rias combina\u00e7\u00f5es de teclas.<\/li>\n<li>N\u00e3o deixa vest\u00edgios quando \u00e9 removido: n\u00e3o \u00e9 necess\u00e1rio soldar ou cortar cabos.<\/li>\n<li>Pode ser ligado ou desligado durante a condu\u00e7\u00e3o.<\/li>\n<li>Fichas de qualidade superior e cabos resistentes ao calor.<\/li>\n<li>As defini\u00e7\u00f5es selecionadas s\u00e3o guardadas automaticamente.<\/li>\n<li>A quilometragem n\u00e3o aumenta ap\u00f3s a remo\u00e7\u00e3o do m\u00f3dulo.<\/li>\n<li>O veloc\u00edmetro e todos os sistemas de assist\u00eancia continuam a funcionar perfeitamente.<\/li>\n<li>O modo de altera\u00e7\u00e3o da quilometragem permite um desvio de at\u00e9 1% em rela\u00e7\u00e3o \u00e0 dist\u00e2ncia efetivamente percorrida (aproxima\u00e7\u00f5es, s\u00e3o poss\u00edveis pequenas diferen\u00e7as).<\/li>\n<\/ul>\n<hr>\n<h3><strong>ACTIVA\u00c7\u00c3O E DESACTIVA\u00c7\u00c3O:<\/strong><\/h3>\n<p>Ativa-o premindo simultaneamente os bot\u00f5es &#8221;Ok&#8221; e &#8221;volume&#8221; no guiador.<\/p>\n<p><strong>Modo On:<\/strong> conta 0% de milhas. Ambos os piscas piscar\u00e3o. <\/p>\n<p><strong>Modo desligado:<\/strong> conta 100 por cento dos quil\u00f3metros. Ambos os piscas piscam. <\/p>\n<p>O <strong>Audi A6\/S6\/RS6 C7 Kilometer Stopper<\/strong> mant\u00e9m as \u00faltimas defini\u00e7\u00f5es utilizadas, pelo que n\u00e3o \u00e9 necess\u00e1rio ajust\u00e1-las antes de cada utiliza\u00e7\u00e3o. Podes ativar ou desativar o dispositivo enquanto conduzes ou quando est\u00e1s parado. <\/p>\n<hr>\n<h3><strong>O que \u00e9 o Audi A6\/S6\/RS6 C7 Odometer Blocker ou Mileage Corretion Tool?<\/strong><\/h3>\n<p>O <strong>bloqueador de quilometragem do Audi A6\/S6\/RS6 C7<\/strong> ajuda a evitar que a quilometragem seja registada durante os testes de desempenho. Na <strong>KM Block<\/strong>, podes encontrar o melhor m\u00f3dulo com componentes aut\u00eanticos. Funciona de forma eficaz, independentemente de o teu conta-quil\u00f3metros digital registar a quilometragem em milhas ou em quil\u00f3metros (km).  <\/p>\n<p>Fornecemos uma vasta gama de dispositivos <strong>Mileage Stopper<\/strong> para diferentes ve\u00edculos. Os nossos programadores desenvolvem software adaptado a cada modelo de autom\u00f3vel para garantir uma funcionalidade perfeita. <\/p>\n<p><strong>Aviso importante:<\/strong> <strong>N\u00e3o<\/strong> vendemos ferramentas <strong>de corre\u00e7\u00e3o de quilometragem<\/strong> para Audi A6\/S6\/RS6 C7. As ferramentas de corre\u00e7\u00e3o de quilometragem destinam-se a fins desonestos, tais como rebobinar ou retroceder od\u00f3metros. Os ve\u00edculos modernos armazenam dados em v\u00e1rios locais e as ferramentas de retrocesso n\u00e3o conseguem inverter a quilometragem com precis\u00e3o.  <\/p>\n<hr>\n<h3><strong>INSTALA\u00c7\u00c3O:<\/strong><\/h3>\n<p>Instala o m\u00f3dulo utilizando combina\u00e7\u00f5es de teclas pr\u00e9-determinadas para o ativar ou desativar. O processo de instala\u00e7\u00e3o \u00e9 simples e n\u00e3o requer conhecimentos profundos de manuten\u00e7\u00e3o do ve\u00edculo. Basta lig\u00e1-lo entre a porta do veloc\u00edmetro e o painel de instrumentos e desfrutar de todas as vantagens deste m\u00f3dulo \u00fanico. Funciona em motores a diesel, a gasolina, ve\u00edculos h\u00edbridos el\u00e9ctricos plug-in (PHEV) e autom\u00f3veis el\u00e9ctricos.   <\/p>\n<p>O <strong>Audi A6\/S6\/RS6 C7 Mileage Blocker<\/strong> \u00e9 um dispositivo excecional para testar o desempenho do ve\u00edculo num ambiente controlado e pode ser ativado ou desativado a qualquer momento, quer estejas em movimento ou parado.<\/p>\n","protected":false},"excerpt":{"rendered":"<div class=\"flex-shrink-0 flex flex-col relative items-end\">\n<div class=\"pt-0\">\n<div class=\"gizmo-bot-avatar flex h-8 w-8 items-center justify-center overflow-hidden rounded-full\">\n<div class=\"relative p-1 rounded-sm flex items-center justify-center bg-token-main-surface-primary text-token-text-primary h-8 w-8\">\n<p><strong>Antes de encomendares: Informa\u00e7\u00f5es importantes sobre a ativa\u00e7\u00e3o do m\u00f3dulo e mensagens de erro<\/strong><\/p>\n<p>Este <strong>bloqueador de quil\u00f3metros<\/strong> \u00e9 compat\u00edvel com <strong>todos os modelos Audi A6\/S6\/RS6 C7 lan\u00e7ados entre 2011 e 2018<\/strong>. F\u00e1cil de instalar sem ajuda profissional. N\u00e3o deixa vest\u00edgios, garantindo um funcionamento sem falhas. Pode ser ativado ou desativado durante a condu\u00e7\u00e3o. Inclui fichas de qualidade superior e cabos resistentes ao calor para maior durabilidade. Todos os programas de veloc\u00edmetro e assist\u00eancia funcionar\u00e3o perfeitamente.     <\/p>\n<p class=\"p1\"><b> Integra\u00e7\u00e3o perfeita<\/b><b><\/b><\/p>\n<p class=\"p1\"><b> Instala\u00e7\u00e3o f\u00e1cil<\/b><b><\/b><\/p>\n<p class=\"p1\"><b> Gest\u00e3o exacta da quilometragem<\/b><b><\/b><\/p>\n<p class=\"p1\"><b> Funcionamento em modo furtivo<\/b><b><\/b><\/p>\n<p class=\"p1\"><span class=\"s1\">\u2705<\/span><b> Suporte e actualiza\u00e7\u00f5es vital\u00edcias<\/b><\/p>\n<\/div>\n<\/div>\n<\/div>\n<\/div>\n","protected":false},"featured_media":659,"comment_status":"open","ping_status":"closed","template":"","meta":[],"product_brand":[],"product_cat":[1070],"product_tag":[],"class_list":{"0":"post-10194","1":"product","2":"type-product","3":"status-publish","4":"has-post-thumbnail","6":"product_cat-audi","8":"first","9":"instock","10":"taxable","11":"shipping-taxable","12":"purchasable","13":"product-type-variable"},"yoast_head":"<!-- This site is optimized with the Yoast SEO plugin v27.5 - https:\/\/yoast.com\/product\/yoast-seo-wordpress\/ -->\n<title>Audi A6\/S6\/RS6\/C7 Mileage Blocker (KM stopper) \u2192 KM Block<\/title>\n<meta name=\"description\" content=\"Buy a Audi A6\/S6\/RS6\/C7 Mileage Blocker for the Best Prices \u2713 Free Shipping \u2713 Incl. Installation Guides\" \/>\n<meta name=\"robots\" content=\"index, follow, max-snippet:-1, max-image-preview:large, max-video-preview:-1\" \/>\n<meta property=\"og:locale\" content=\"pt_PT\" \/>\n<meta property=\"og:type\" content=\"article\" \/>\n<meta property=\"og:title\" content=\"Audi A6\/S6\/RS6\/C7 Mileage Blocker (KM stopper) \u2192 KM Block\" \/>\n<meta property=\"og:description\" content=\"Buy a Audi A6\/S6\/RS6\/C7 Mileage Blocker for the Best Prices \u2713 Free Shipping \u2713 Incl. Installation Guides\" \/>\n<meta property=\"og:url\" content=\"https:\/\/kmblock.com\/pt-pt\/product\/audi-a6-s6-rs6-c7\/\" \/>\n<meta property=\"og:site_name\" content=\"KM Block\" \/>\n<meta property=\"og:image\" content=\"https:\/\/kmblock.com\/wp-content\/uploads\/2024\/09\/Audi-A6S6RS6C7.jpg\" \/>\n\t<meta property=\"og:image:width\" content=\"800\" \/>\n\t<meta property=\"og:image:height\" content=\"800\" \/>\n\t<meta property=\"og:image:type\" content=\"image\/jpeg\" \/>\n<meta name=\"twitter:card\" content=\"summary_large_image\" \/>\n<meta name=\"twitter:label1\" content=\"Tempo estimado de leitura\" \/>\n\t<meta name=\"twitter:data1\" content=\"3 minutos\" \/>\n<script type=\"application\/ld+json\" class=\"yoast-schema-graph\">{\"@context\":\"https:\\\/\\\/schema.org\",\"@graph\":[{\"@type\":\"WebPage\",\"@id\":\"https:\\\/\\\/kmblock.com\\\/pt-pt\\\/product\\\/audi-a6-s6-rs6-c7\\\/\",\"url\":\"https:\\\/\\\/kmblock.com\\\/pt-pt\\\/product\\\/audi-a6-s6-rs6-c7\\\/\",\"name\":\"Audi A6\\\/S6\\\/RS6\\\/C7 Mileage Blocker (KM stopper) \u2192 KM Block\",\"isPartOf\":{\"@id\":\"https:\\\/\\\/kmblock.com\\\/pt-pt\\\/#website\"},\"primaryImageOfPage\":{\"@id\":\"https:\\\/\\\/kmblock.com\\\/pt-pt\\\/product\\\/audi-a6-s6-rs6-c7\\\/#primaryimage\"},\"image\":{\"@id\":\"https:\\\/\\\/kmblock.com\\\/pt-pt\\\/product\\\/audi-a6-s6-rs6-c7\\\/#primaryimage\"},\"thumbnailUrl\":\"https:\\\/\\\/kmblock.com\\\/wp-content\\\/uploads\\\/2024\\\/09\\\/Audi-A6S6RS6C7.jpg\",\"datePublished\":\"2024-09-17T21:46:52+00:00\",\"description\":\"Buy a Audi A6\\\/S6\\\/RS6\\\/C7 Mileage Blocker for the Best Prices \u2713 Free Shipping \u2713 Incl. Installation Guides\",\"breadcrumb\":{\"@id\":\"https:\\\/\\\/kmblock.com\\\/pt-pt\\\/product\\\/audi-a6-s6-rs6-c7\\\/#breadcrumb\"},\"inLanguage\":\"pt-PT\",\"potentialAction\":[{\"@type\":\"ReadAction\",\"target\":[\"https:\\\/\\\/kmblock.com\\\/pt-pt\\\/product\\\/audi-a6-s6-rs6-c7\\\/\"]}]},{\"@type\":\"ImageObject\",\"inLanguage\":\"pt-PT\",\"@id\":\"https:\\\/\\\/kmblock.com\\\/pt-pt\\\/product\\\/audi-a6-s6-rs6-c7\\\/#primaryimage\",\"url\":\"https:\\\/\\\/kmblock.com\\\/wp-content\\\/uploads\\\/2024\\\/09\\\/Audi-A6S6RS6C7.jpg\",\"contentUrl\":\"https:\\\/\\\/kmblock.com\\\/wp-content\\\/uploads\\\/2024\\\/09\\\/Audi-A6S6RS6C7.jpg\",\"width\":800,\"height\":800,\"caption\":\"Audi A6\\\/S6\\\/RS6\\\/C7\"},{\"@type\":\"BreadcrumbList\",\"@id\":\"https:\\\/\\\/kmblock.com\\\/pt-pt\\\/product\\\/audi-a6-s6-rs6-c7\\\/#breadcrumb\",\"itemListElement\":[{\"@type\":\"ListItem\",\"position\":1,\"name\":\"Casa\",\"item\":\"https:\\\/\\\/kmblock.com\\\/pt-pt\\\/\"},{\"@type\":\"ListItem\",\"position\":2,\"name\":\"Produtos\",\"item\":\"https:\\\/\\\/kmblock.com\\\/pt-pt\\\/shop\\\/\"},{\"@type\":\"ListItem\",\"position\":3,\"name\":\"Audi A6\\\/S6\\\/RS6\\\/C7\"}]},{\"@type\":\"WebSite\",\"@id\":\"https:\\\/\\\/kmblock.com\\\/pt-pt\\\/#website\",\"url\":\"https:\\\/\\\/kmblock.com\\\/pt-pt\\\/\",\"name\":\"KM Block\",\"description\":\"\",\"publisher\":{\"@id\":\"https:\\\/\\\/kmblock.com\\\/pt-pt\\\/#organization\"},\"potentialAction\":[{\"@type\":\"SearchAction\",\"target\":{\"@type\":\"EntryPoint\",\"urlTemplate\":\"https:\\\/\\\/kmblock.com\\\/pt-pt\\\/?s={search_term_string}\"},\"query-input\":{\"@type\":\"PropertyValueSpecification\",\"valueRequired\":true,\"valueName\":\"search_term_string\"}}],\"inLanguage\":\"pt-PT\"},{\"@type\":\"Organization\",\"@id\":\"https:\\\/\\\/kmblock.com\\\/pt-pt\\\/#organization\",\"name\":\"Bloco KM\",\"url\":\"https:\\\/\\\/kmblock.com\\\/pt-pt\\\/\",\"logo\":{\"@type\":\"ImageObject\",\"inLanguage\":\"pt-PT\",\"@id\":\"https:\\\/\\\/kmblock.com\\\/pt-pt\\\/#\\\/schema\\\/logo\\\/image\\\/\",\"url\":\"https:\\\/\\\/kmblock.com\\\/wp-content\\\/uploads\\\/2024\\\/08\\\/main-logo.png\",\"contentUrl\":\"https:\\\/\\\/kmblock.com\\\/wp-content\\\/uploads\\\/2024\\\/08\\\/main-logo.png\",\"width\":186,\"height\":28,\"caption\":\"Bloco KM\"},\"image\":{\"@id\":\"https:\\\/\\\/kmblock.com\\\/pt-pt\\\/#\\\/schema\\\/logo\\\/image\\\/\"}}]}<\/script>\n<!-- \/ Yoast SEO plugin. -->","yoast_head_json":{"title":"Audi A6\/S6\/RS6\/C7 Mileage Blocker (KM stopper) \u2192 KM Block","description":"Buy a Audi A6\/S6\/RS6\/C7 Mileage Blocker for the Best Prices \u2713 Free Shipping \u2713 Incl. Installation Guides","robots":{"index":"index","follow":"follow","max-snippet":"max-snippet:-1","max-image-preview":"max-image-preview:large","max-video-preview":"max-video-preview:-1"},"og_locale":"pt_PT","og_type":"article","og_title":"Audi A6\/S6\/RS6\/C7 Mileage Blocker (KM stopper) \u2192 KM Block","og_description":"Buy a Audi A6\/S6\/RS6\/C7 Mileage Blocker for the Best Prices \u2713 Free Shipping \u2713 Incl. Installation Guides","og_url":"https:\/\/kmblock.com\/pt-pt\/product\/audi-a6-s6-rs6-c7\/","og_site_name":"KM Block","og_image":[{"width":800,"height":800,"url":"https:\/\/kmblock.com\/wp-content\/uploads\/2024\/09\/Audi-A6S6RS6C7.jpg","type":"image\/jpeg"}],"twitter_card":"summary_large_image","twitter_misc":{"Tempo estimado de leitura":"3 minutos"},"schema":{"@context":"https:\/\/schema.org","@graph":[{"@type":"WebPage","@id":"https:\/\/kmblock.com\/pt-pt\/product\/audi-a6-s6-rs6-c7\/","url":"https:\/\/kmblock.com\/pt-pt\/product\/audi-a6-s6-rs6-c7\/","name":"Audi A6\/S6\/RS6\/C7 Mileage Blocker (KM stopper) \u2192 KM Block","isPartOf":{"@id":"https:\/\/kmblock.com\/pt-pt\/#website"},"primaryImageOfPage":{"@id":"https:\/\/kmblock.com\/pt-pt\/product\/audi-a6-s6-rs6-c7\/#primaryimage"},"image":{"@id":"https:\/\/kmblock.com\/pt-pt\/product\/audi-a6-s6-rs6-c7\/#primaryimage"},"thumbnailUrl":"https:\/\/kmblock.com\/wp-content\/uploads\/2024\/09\/Audi-A6S6RS6C7.jpg","datePublished":"2024-09-17T21:46:52+00:00","description":"Buy a Audi A6\/S6\/RS6\/C7 Mileage Blocker for the Best Prices \u2713 Free Shipping \u2713 Incl. Installation Guides","breadcrumb":{"@id":"https:\/\/kmblock.com\/pt-pt\/product\/audi-a6-s6-rs6-c7\/#breadcrumb"},"inLanguage":"pt-PT","potentialAction":[{"@type":"ReadAction","target":["https:\/\/kmblock.com\/pt-pt\/product\/audi-a6-s6-rs6-c7\/"]}]},{"@type":"ImageObject","inLanguage":"pt-PT","@id":"https:\/\/kmblock.com\/pt-pt\/product\/audi-a6-s6-rs6-c7\/#primaryimage","url":"https:\/\/kmblock.com\/wp-content\/uploads\/2024\/09\/Audi-A6S6RS6C7.jpg","contentUrl":"https:\/\/kmblock.com\/wp-content\/uploads\/2024\/09\/Audi-A6S6RS6C7.jpg","width":800,"height":800,"caption":"Audi A6\/S6\/RS6\/C7"},{"@type":"BreadcrumbList","@id":"https:\/\/kmblock.com\/pt-pt\/product\/audi-a6-s6-rs6-c7\/#breadcrumb","itemListElement":[{"@type":"ListItem","position":1,"name":"Casa","item":"https:\/\/kmblock.com\/pt-pt\/"},{"@type":"ListItem","position":2,"name":"Produtos","item":"https:\/\/kmblock.com\/pt-pt\/shop\/"},{"@type":"ListItem","position":3,"name":"Audi A6\/S6\/RS6\/C7"}]},{"@type":"WebSite","@id":"https:\/\/kmblock.com\/pt-pt\/#website","url":"https:\/\/kmblock.com\/pt-pt\/","name":"KM Block","description":"","publisher":{"@id":"https:\/\/kmblock.com\/pt-pt\/#organization"},"potentialAction":[{"@type":"SearchAction","target":{"@type":"EntryPoint","urlTemplate":"https:\/\/kmblock.com\/pt-pt\/?s={search_term_string}"},"query-input":{"@type":"PropertyValueSpecification","valueRequired":true,"valueName":"search_term_string"}}],"inLanguage":"pt-PT"},{"@type":"Organization","@id":"https:\/\/kmblock.com\/pt-pt\/#organization","name":"Bloco KM","url":"https:\/\/kmblock.com\/pt-pt\/","logo":{"@type":"ImageObject","inLanguage":"pt-PT","@id":"https:\/\/kmblock.com\/pt-pt\/#\/schema\/logo\/image\/","url":"https:\/\/kmblock.com\/wp-content\/uploads\/2024\/08\/main-logo.png","contentUrl":"https:\/\/kmblock.com\/wp-content\/uploads\/2024\/08\/main-logo.png","width":186,"height":28,"caption":"Bloco KM"},"image":{"@id":"https:\/\/kmblock.com\/pt-pt\/#\/schema\/logo\/image\/"}}]}},"_links":{"self":[{"href":"https:\/\/kmblock.com\/pt-pt\/wp-json\/wp\/v2\/product\/10194","targetHints":{"allow":["GET"]}}],"collection":[{"href":"https:\/\/kmblock.com\/pt-pt\/wp-json\/wp\/v2\/product"}],"about":[{"href":"https:\/\/kmblock.com\/pt-pt\/wp-json\/wp\/v2\/types\/product"}],"replies":[{"embeddable":true,"href":"https:\/\/kmblock.com\/pt-pt\/wp-json\/wp\/v2\/comments?post=10194"}],"wp:featuredmedia":[{"embeddable":true,"href":"https:\/\/kmblock.com\/pt-pt\/wp-json\/wp\/v2\/media\/659"}],"wp:attachment":[{"href":"https:\/\/kmblock.com\/pt-pt\/wp-json\/wp\/v2\/media?parent=10194"}],"wp:term":[{"taxonomy":"product_brand","embeddable":true,"href":"https:\/\/kmblock.com\/pt-pt\/wp-json\/wp\/v2\/product_brand?post=10194"},{"taxonomy":"product_cat","embeddable":true,"href":"https:\/\/kmblock.com\/pt-pt\/wp-json\/wp\/v2\/product_cat?post=10194"},{"taxonomy":"product_tag","embeddable":true,"href":"https:\/\/kmblock.com\/pt-pt\/wp-json\/wp\/v2\/product_tag?post=10194"}],"curies":[{"name":"wp","href":"https:\/\/api.w.org\/{rel}","templated":true}]}}