{"id":10183,"date":"2024-09-17T23:53:45","date_gmt":"2024-09-17T23:53:45","guid":{"rendered":"https:\/\/kmblock.com\/product\/audi-g-tron\/"},"modified":"2024-09-17T23:53:45","modified_gmt":"2024-09-17T23:53:45","slug":"audi-g-tron","status":"publish","type":"product","link":"https:\/\/kmblock.com\/pt-pt\/product\/audi-g-tron\/","title":{"rendered":"Audi G-tron"},"content":{"rendered":"<h3><strong>Bloqueador de Quil\u00f3metros para Audi G-Tron<\/strong><\/h3>\n<p>O Audi G-Tron Mileage Blocker \u00e9 muitas vezes referido por outros nomes, como Odometer Blocker, Odometer Stopper, Can Blocker, Mileage Stopper, Trip Odometer, Can Filter e, ocasionalmente, como uma ferramenta de corre\u00e7\u00e3o de quilometragem. \u00c9 compat\u00edvel com todos os modelos Audi G-Tron lan\u00e7ados desde 2014. <\/p>\n<h3><strong>Especifica\u00e7\u00f5es<\/strong><\/h3>\n<ul>\n<li>Concebido para uma instala\u00e7\u00e3o suave com um conetor que apresenta uma face de acoplamento e sulcos.<\/li>\n<li>Equipado com fichas de alta qualidade e cabos resistentes ao calor.<\/li>\n<li>As leituras de quilometragem n\u00e3o aumentam automaticamente ap\u00f3s a remo\u00e7\u00e3o.<\/li>\n<li>Ativa-se premindo um bot\u00e3o no volante.<\/li>\n<li>A quilometragem alterada n\u00e3o \u00e9 detet\u00e1vel pelos aparelhos de diagn\u00f3stico.<\/li>\n<li>Escolhe entre v\u00e1rios modos de funcionamento.<\/li>\n<li>Uma vez selecionadas, as defini\u00e7\u00f5es s\u00e3o guardadas permanentemente.<\/li>\n<li>O veloc\u00edmetro e outros sistemas de assist\u00eancia continuam a funcionar sem problemas.<\/li>\n<li>Instala\u00e7\u00e3o f\u00e1cil do tipo &#8221;fa\u00e7a voc\u00ea mesmo&#8221;, sem necessidade de conhecimentos especializados sobre o ve\u00edculo.<\/li>\n<li>N\u00e3o necessita de soldar ou cortar os cabos.<\/li>\n<li>N\u00e3o s\u00e3o apresentadas mensagens de erro no veloc\u00edmetro ou no ecr\u00e3 de navega\u00e7\u00e3o.<\/li>\n<li>Nos ve\u00edculos a partir do final de 2020, a ativa\u00e7\u00e3o do dispositivo pode acionar a luz de controlo do motor.<\/li>\n<li>Para a altera\u00e7\u00e3o total da quilometragem, pode ocorrer um desvio de at\u00e9 1% em rela\u00e7\u00e3o \u00e0 dist\u00e2ncia real, uma vez que os dados de quilometragem fornecidos s\u00e3o aproximados.<\/li>\n<\/ul>\n<p><strong>Nota importante:<\/strong> Se o teu ve\u00edculo tiver recebido recentemente uma atualiza\u00e7\u00e3o do fabricante, o m\u00e9todo de ativa\u00e7\u00e3o anterior deixar\u00e1 de funcionar. Apenas o modo 3 (paragem total) e o modo 4 (contagem total) ser\u00e3o funcionais. Para ativar o m\u00f3dulo, desliga o ve\u00edculo cinco vezes seguidas. No ato da compra, ser-te-\u00e1 fornecido um PDF com instru\u00e7\u00f5es detalhadas.   <\/p>\n<h3><strong>Ativa\u00e7\u00e3o e desativa\u00e7\u00e3o<\/strong><\/h3>\n<p>Utiliza o bot\u00e3o &#8221;ok&#8221; no guiador. Mant\u00e9m premido at\u00e9 que o pisca-pisca comece a piscar. <\/p>\n<p><strong>Modo 1:<\/strong> 1 pisca \u00e0 esquerda 20 por cento<br \/>\n<strong>Modo 2:<\/strong> 2 piscadas \u00e0 esquerda 10 por cento<br \/>\n<strong>Modo 3:<\/strong> 3 piscas \u00e0 esquerda 0 por cento<br \/>\n<strong>Modo 4:<\/strong> 1 piscada \u00e0 direita 100 por cento<\/p>\n<p>Para o modo 3: 0 por cento, tens de ligar o modo e, em seguida, desligar o carro e tranc\u00e1-lo durante 2 minutos e, depois, ligar e conduzir.&#8221;<\/p>\n<h3><strong>O que \u00e9 o Audi G-Tron Odometer Blocker ou Mileage Corretion Tool?<\/strong><\/h3>\n<p>O Audi G-Tron Mileage Blocker\/Odometer Blocker permite-te parar o registo da quilometragem enquanto testas o desempenho do teu ve\u00edculo. Na KM Block, oferecemos-te os melhores m\u00f3dulos com componentes de alta qualidade. O nosso software foi concebido para cada marca e modelo de ve\u00edculo espec\u00edfico para garantir um desempenho sem falhas. Quer o teu od\u00f3metro me\u00e7a a quilometragem em milhas ou em quil\u00f3metros, este aparelho funciona eficazmente. \u00c9 compat\u00edvel com motores a diesel, a gasolina, ve\u00edculos h\u00edbridos el\u00e9tricos plug-in (PHEV) e carros el\u00e9tricos.    <\/p>\n<p>Tem em aten\u00e7\u00e3o que n\u00e3o vendemos ferramentas de corre\u00e7\u00e3o de quilometragem para o Audi G-Tron, uma vez que estas ferramentas s\u00e3o muitas vezes utilizadas para fins desonestos, como a invers\u00e3o da quilometragem. Apesar disso, os carros modernos t\u00eam v\u00e1rias unidades de armazenamento de dados e essas ferramentas n\u00e3o s\u00e3o capazes de reverter completamente a quilometragem. <\/p>\n<p>Oferecemos uma variedade de dispositivos Mileage Stopper para diferentes ve\u00edculos. A instala\u00e7\u00e3o \u00e9 simples em todos os modelos e n\u00e3o requer conhecimentos especializados. Basta ligar o dispositivo entre o veloc\u00edmetro e o painel de instrumentos para usufruir de todas as suas vantagens.  <\/p>\n<p>O Audi G-Tron Mileage Blocker \u00e9 uma ferramenta excecional que te permite testar o desempenho do teu carro num ambiente controlado, sem adicionar quilometragem desnecess\u00e1ria.<\/p>\n","protected":false},"excerpt":{"rendered":"<div class=\"flex-shrink-0 flex flex-col relative items-end\">\n<div class=\"pt-0\">\n<div class=\"gizmo-bot-avatar flex h-8 w-8 items-center justify-center overflow-hidden rounded-full\">\n<div class=\"relative p-1 rounded-sm flex items-center justify-center bg-token-main-surface-primary text-token-text-primary h-8 w-8\">\n<p>Antes de fazeres a tua encomenda, rev\u00ea cuidadosamente as informa\u00e7\u00f5es abaixo sobre a ativa\u00e7\u00e3o do m\u00f3dulo, as mensagens de erro e a funcionalidade.<\/p>\n<p><strong>Compatibilidade:<\/strong> Este dispositivo \u00e9 adequado para todos os modelos Audi G-Tron lan\u00e7ados desde 2014. Por favor, verifica se o teu conetor \u00e9 (18 Pinos) ou (32 Pinos) antes de encomendares. F\u00e1cil de instalar por ti pr\u00f3prio. Assegura o bom funcionamento do veloc\u00edmetro e dos programas de assist\u00eancia.   <\/p>\n<p class=\"p1\"><b> Integra\u00e7\u00e3o perfeita<\/b><b><\/b><\/p>\n<p class=\"p1\"><b> Instala\u00e7\u00e3o f\u00e1cil<\/b><b><\/b><\/p>\n<p class=\"p1\"><b> Gest\u00e3o exacta da quilometragem<\/b><b><\/b><\/p>\n<p class=\"p1\"><b> Funcionamento em modo furtivo<\/b><b><\/b><\/p>\n<p class=\"p1\"><span class=\"s1\">\u2705<\/span><b> Suporte e actualiza\u00e7\u00f5es vital\u00edcias<\/b><\/p>\n<\/div>\n<\/div>\n<\/div>\n<\/div>\n","protected":false},"featured_media":673,"comment_status":"open","ping_status":"closed","template":"","meta":[],"product_brand":[],"product_cat":[1070],"product_tag":[],"class_list":{"0":"post-10183","1":"product","2":"type-product","3":"status-publish","4":"has-post-thumbnail","6":"product_cat-audi","8":"first","9":"instock","10":"taxable","11":"shipping-taxable","12":"purchasable","13":"product-type-variable"},"yoast_head":"<!-- This site is optimized with the Yoast SEO plugin v27.5 - https:\/\/yoast.com\/product\/yoast-seo-wordpress\/ -->\n<title>Audi G-tron Mileage Blocker (KM stopper) \u2192 KM Block<\/title>\n<meta name=\"description\" content=\"Buy a Audi G-tron Mileage Blocker for the Best Prices \u2713 Free Shipping \u2713 Incl. Installation Guides\" \/>\n<meta name=\"robots\" content=\"index, follow, max-snippet:-1, max-image-preview:large, max-video-preview:-1\" \/>\n<meta property=\"og:locale\" content=\"pt_PT\" \/>\n<meta property=\"og:type\" content=\"article\" \/>\n<meta property=\"og:title\" content=\"Audi G-tron Mileage Blocker (KM stopper) \u2192 KM Block\" \/>\n<meta property=\"og:description\" content=\"Buy a Audi G-tron Mileage Blocker for the Best Prices \u2713 Free Shipping \u2713 Incl. Installation Guides\" \/>\n<meta property=\"og:url\" content=\"https:\/\/kmblock.com\/pt-pt\/product\/audi-g-tron\/\" \/>\n<meta property=\"og:site_name\" content=\"KM Block\" \/>\n<meta property=\"og:image\" content=\"https:\/\/kmblock.com\/wp-content\/uploads\/2024\/09\/Audi-G-tron.jpg\" \/>\n\t<meta property=\"og:image:width\" content=\"800\" \/>\n\t<meta property=\"og:image:height\" content=\"800\" \/>\n\t<meta property=\"og:image:type\" content=\"image\/jpeg\" \/>\n<meta name=\"twitter:card\" content=\"summary_large_image\" \/>\n<meta name=\"twitter:label1\" content=\"Tempo estimado de leitura\" \/>\n\t<meta name=\"twitter:data1\" content=\"3 minutos\" \/>\n<script type=\"application\/ld+json\" class=\"yoast-schema-graph\">{\"@context\":\"https:\\\/\\\/schema.org\",\"@graph\":[{\"@type\":\"WebPage\",\"@id\":\"https:\\\/\\\/kmblock.com\\\/pt-pt\\\/product\\\/audi-g-tron\\\/\",\"url\":\"https:\\\/\\\/kmblock.com\\\/pt-pt\\\/product\\\/audi-g-tron\\\/\",\"name\":\"Audi G-tron Mileage Blocker (KM stopper) \u2192 KM Block\",\"isPartOf\":{\"@id\":\"https:\\\/\\\/kmblock.com\\\/pt-pt\\\/#website\"},\"primaryImageOfPage\":{\"@id\":\"https:\\\/\\\/kmblock.com\\\/pt-pt\\\/product\\\/audi-g-tron\\\/#primaryimage\"},\"image\":{\"@id\":\"https:\\\/\\\/kmblock.com\\\/pt-pt\\\/product\\\/audi-g-tron\\\/#primaryimage\"},\"thumbnailUrl\":\"https:\\\/\\\/kmblock.com\\\/wp-content\\\/uploads\\\/2024\\\/09\\\/Audi-G-tron.jpg\",\"datePublished\":\"2024-09-17T23:53:45+00:00\",\"description\":\"Buy a Audi G-tron Mileage Blocker for the Best Prices \u2713 Free Shipping \u2713 Incl. Installation Guides\",\"breadcrumb\":{\"@id\":\"https:\\\/\\\/kmblock.com\\\/pt-pt\\\/product\\\/audi-g-tron\\\/#breadcrumb\"},\"inLanguage\":\"pt-PT\",\"potentialAction\":[{\"@type\":\"ReadAction\",\"target\":[\"https:\\\/\\\/kmblock.com\\\/pt-pt\\\/product\\\/audi-g-tron\\\/\"]}]},{\"@type\":\"ImageObject\",\"inLanguage\":\"pt-PT\",\"@id\":\"https:\\\/\\\/kmblock.com\\\/pt-pt\\\/product\\\/audi-g-tron\\\/#primaryimage\",\"url\":\"https:\\\/\\\/kmblock.com\\\/wp-content\\\/uploads\\\/2024\\\/09\\\/Audi-G-tron.jpg\",\"contentUrl\":\"https:\\\/\\\/kmblock.com\\\/wp-content\\\/uploads\\\/2024\\\/09\\\/Audi-G-tron.jpg\",\"width\":800,\"height\":800,\"caption\":\"Audi G-tron\"},{\"@type\":\"BreadcrumbList\",\"@id\":\"https:\\\/\\\/kmblock.com\\\/pt-pt\\\/product\\\/audi-g-tron\\\/#breadcrumb\",\"itemListElement\":[{\"@type\":\"ListItem\",\"position\":1,\"name\":\"Casa\",\"item\":\"https:\\\/\\\/kmblock.com\\\/pt-pt\\\/\"},{\"@type\":\"ListItem\",\"position\":2,\"name\":\"Produtos\",\"item\":\"https:\\\/\\\/kmblock.com\\\/pt-pt\\\/shop\\\/\"},{\"@type\":\"ListItem\",\"position\":3,\"name\":\"Audi G-tron\"}]},{\"@type\":\"WebSite\",\"@id\":\"https:\\\/\\\/kmblock.com\\\/pt-pt\\\/#website\",\"url\":\"https:\\\/\\\/kmblock.com\\\/pt-pt\\\/\",\"name\":\"KM Block\",\"description\":\"\",\"publisher\":{\"@id\":\"https:\\\/\\\/kmblock.com\\\/pt-pt\\\/#organization\"},\"potentialAction\":[{\"@type\":\"SearchAction\",\"target\":{\"@type\":\"EntryPoint\",\"urlTemplate\":\"https:\\\/\\\/kmblock.com\\\/pt-pt\\\/?s={search_term_string}\"},\"query-input\":{\"@type\":\"PropertyValueSpecification\",\"valueRequired\":true,\"valueName\":\"search_term_string\"}}],\"inLanguage\":\"pt-PT\"},{\"@type\":\"Organization\",\"@id\":\"https:\\\/\\\/kmblock.com\\\/pt-pt\\\/#organization\",\"name\":\"Bloco KM\",\"url\":\"https:\\\/\\\/kmblock.com\\\/pt-pt\\\/\",\"logo\":{\"@type\":\"ImageObject\",\"inLanguage\":\"pt-PT\",\"@id\":\"https:\\\/\\\/kmblock.com\\\/pt-pt\\\/#\\\/schema\\\/logo\\\/image\\\/\",\"url\":\"https:\\\/\\\/kmblock.com\\\/wp-content\\\/uploads\\\/2024\\\/08\\\/main-logo.png\",\"contentUrl\":\"https:\\\/\\\/kmblock.com\\\/wp-content\\\/uploads\\\/2024\\\/08\\\/main-logo.png\",\"width\":186,\"height\":28,\"caption\":\"Bloco KM\"},\"image\":{\"@id\":\"https:\\\/\\\/kmblock.com\\\/pt-pt\\\/#\\\/schema\\\/logo\\\/image\\\/\"}}]}<\/script>\n<!-- \/ Yoast SEO plugin. -->","yoast_head_json":{"title":"Audi G-tron Mileage Blocker (KM stopper) \u2192 KM Block","description":"Buy a Audi G-tron Mileage Blocker for the Best Prices \u2713 Free Shipping \u2713 Incl. Installation Guides","robots":{"index":"index","follow":"follow","max-snippet":"max-snippet:-1","max-image-preview":"max-image-preview:large","max-video-preview":"max-video-preview:-1"},"og_locale":"pt_PT","og_type":"article","og_title":"Audi G-tron Mileage Blocker (KM stopper) \u2192 KM Block","og_description":"Buy a Audi G-tron Mileage Blocker for the Best Prices \u2713 Free Shipping \u2713 Incl. Installation Guides","og_url":"https:\/\/kmblock.com\/pt-pt\/product\/audi-g-tron\/","og_site_name":"KM Block","og_image":[{"width":800,"height":800,"url":"https:\/\/kmblock.com\/wp-content\/uploads\/2024\/09\/Audi-G-tron.jpg","type":"image\/jpeg"}],"twitter_card":"summary_large_image","twitter_misc":{"Tempo estimado de leitura":"3 minutos"},"schema":{"@context":"https:\/\/schema.org","@graph":[{"@type":"WebPage","@id":"https:\/\/kmblock.com\/pt-pt\/product\/audi-g-tron\/","url":"https:\/\/kmblock.com\/pt-pt\/product\/audi-g-tron\/","name":"Audi G-tron Mileage Blocker (KM stopper) \u2192 KM Block","isPartOf":{"@id":"https:\/\/kmblock.com\/pt-pt\/#website"},"primaryImageOfPage":{"@id":"https:\/\/kmblock.com\/pt-pt\/product\/audi-g-tron\/#primaryimage"},"image":{"@id":"https:\/\/kmblock.com\/pt-pt\/product\/audi-g-tron\/#primaryimage"},"thumbnailUrl":"https:\/\/kmblock.com\/wp-content\/uploads\/2024\/09\/Audi-G-tron.jpg","datePublished":"2024-09-17T23:53:45+00:00","description":"Buy a Audi G-tron Mileage Blocker for the Best Prices \u2713 Free Shipping \u2713 Incl. Installation Guides","breadcrumb":{"@id":"https:\/\/kmblock.com\/pt-pt\/product\/audi-g-tron\/#breadcrumb"},"inLanguage":"pt-PT","potentialAction":[{"@type":"ReadAction","target":["https:\/\/kmblock.com\/pt-pt\/product\/audi-g-tron\/"]}]},{"@type":"ImageObject","inLanguage":"pt-PT","@id":"https:\/\/kmblock.com\/pt-pt\/product\/audi-g-tron\/#primaryimage","url":"https:\/\/kmblock.com\/wp-content\/uploads\/2024\/09\/Audi-G-tron.jpg","contentUrl":"https:\/\/kmblock.com\/wp-content\/uploads\/2024\/09\/Audi-G-tron.jpg","width":800,"height":800,"caption":"Audi G-tron"},{"@type":"BreadcrumbList","@id":"https:\/\/kmblock.com\/pt-pt\/product\/audi-g-tron\/#breadcrumb","itemListElement":[{"@type":"ListItem","position":1,"name":"Casa","item":"https:\/\/kmblock.com\/pt-pt\/"},{"@type":"ListItem","position":2,"name":"Produtos","item":"https:\/\/kmblock.com\/pt-pt\/shop\/"},{"@type":"ListItem","position":3,"name":"Audi G-tron"}]},{"@type":"WebSite","@id":"https:\/\/kmblock.com\/pt-pt\/#website","url":"https:\/\/kmblock.com\/pt-pt\/","name":"KM Block","description":"","publisher":{"@id":"https:\/\/kmblock.com\/pt-pt\/#organization"},"potentialAction":[{"@type":"SearchAction","target":{"@type":"EntryPoint","urlTemplate":"https:\/\/kmblock.com\/pt-pt\/?s={search_term_string}"},"query-input":{"@type":"PropertyValueSpecification","valueRequired":true,"valueName":"search_term_string"}}],"inLanguage":"pt-PT"},{"@type":"Organization","@id":"https:\/\/kmblock.com\/pt-pt\/#organization","name":"Bloco KM","url":"https:\/\/kmblock.com\/pt-pt\/","logo":{"@type":"ImageObject","inLanguage":"pt-PT","@id":"https:\/\/kmblock.com\/pt-pt\/#\/schema\/logo\/image\/","url":"https:\/\/kmblock.com\/wp-content\/uploads\/2024\/08\/main-logo.png","contentUrl":"https:\/\/kmblock.com\/wp-content\/uploads\/2024\/08\/main-logo.png","width":186,"height":28,"caption":"Bloco KM"},"image":{"@id":"https:\/\/kmblock.com\/pt-pt\/#\/schema\/logo\/image\/"}}]}},"_links":{"self":[{"href":"https:\/\/kmblock.com\/pt-pt\/wp-json\/wp\/v2\/product\/10183","targetHints":{"allow":["GET"]}}],"collection":[{"href":"https:\/\/kmblock.com\/pt-pt\/wp-json\/wp\/v2\/product"}],"about":[{"href":"https:\/\/kmblock.com\/pt-pt\/wp-json\/wp\/v2\/types\/product"}],"replies":[{"embeddable":true,"href":"https:\/\/kmblock.com\/pt-pt\/wp-json\/wp\/v2\/comments?post=10183"}],"wp:featuredmedia":[{"embeddable":true,"href":"https:\/\/kmblock.com\/pt-pt\/wp-json\/wp\/v2\/media\/673"}],"wp:attachment":[{"href":"https:\/\/kmblock.com\/pt-pt\/wp-json\/wp\/v2\/media?parent=10183"}],"wp:term":[{"taxonomy":"product_brand","embeddable":true,"href":"https:\/\/kmblock.com\/pt-pt\/wp-json\/wp\/v2\/product_brand?post=10183"},{"taxonomy":"product_cat","embeddable":true,"href":"https:\/\/kmblock.com\/pt-pt\/wp-json\/wp\/v2\/product_cat?post=10183"},{"taxonomy":"product_tag","embeddable":true,"href":"https:\/\/kmblock.com\/pt-pt\/wp-json\/wp\/v2\/product_tag?post=10183"}],"curies":[{"name":"wp","href":"https:\/\/api.w.org\/{rel}","templated":true}]}}