{"id":10170,"date":"2024-09-17T15:33:41","date_gmt":"2024-09-17T15:33:41","guid":{"rendered":"https:\/\/kmblock.com\/product\/volkswagen-amarok-ii\/"},"modified":"2024-09-17T15:33:41","modified_gmt":"2024-09-17T15:33:41","slug":"volkswagen-amarok-ii","status":"publish","type":"product","link":"https:\/\/kmblock.com\/pt-pt\/product\/volkswagen-amarok-ii\/","title":{"rendered":"Volkswagen Amarok II"},"content":{"rendered":"<h3><strong>bloqueador de quilometragem para a amarok II da VOLKSWAGEN<\/strong><\/h3>\n<p>O bloqueador de quil\u00f3metros da Volkswagen Amarok II \u00e9 muitas vezes designado por v\u00e1rios nomes, tais como bloqueador de conta-quil\u00f3metros, limitador de conta-quil\u00f3metros, bloqueador de latas, limitador de quil\u00f3metros, conta-quil\u00f3metros de viagem ou filtro de latas. Em alguns casos, tamb\u00e9m \u00e9 chamado de ferramenta de corre\u00e7\u00e3o de quilometragem. <\/p>\n<h3>Compatibilidade:<\/h3>\n<p>Este dispositivo \u00e9 adequado para <strong>todos os modelos VW Amarok II lan\u00e7ados a partir de 2023<\/strong>.<\/p>\n<h3>Especifica\u00e7\u00f5es:<\/h3>\n<ul>\n<li><strong>Instala\u00e7\u00e3o r\u00e1pida e simples<\/strong>: Instala\u00e7\u00e3o de bricolage r\u00e1pida e f\u00e1cil.<\/li>\n<li><strong>Ativa\u00e7\u00e3o em movimento<\/strong>: Pode ser ligado e desligado durante a condu\u00e7\u00e3o.<\/li>\n<li><strong>Funcionamento sem erros<\/strong>: N\u00e3o h\u00e1 mensagens de erro no veloc\u00edmetro ou no painel de navega\u00e7\u00e3o.<\/li>\n<li><strong>Materiais de primeira qualidade<\/strong>: Equipado com fichas de alta qualidade e cabos resistentes ao calor.<\/li>\n<li>N\u00e3o deixa <strong>vest\u00edgios<\/strong>: N\u00e3o necessita de soldar ou cortar cabos; n\u00e3o deixa vest\u00edgios ap\u00f3s a remo\u00e7\u00e3o.<\/li>\n<li><strong>M\u00faltiplos modos<\/strong>: Seleciona entre v\u00e1rias defini\u00e7\u00f5es para se adaptar \u00e0s tuas necessidades.<\/li>\n<li><strong>Controlo exato<\/strong> da <strong>quilometragem<\/strong>: A quilometragem n\u00e3o \u00e9 afetada ap\u00f3s a remo\u00e7\u00e3o, n\u00e3o havendo aumentos espont\u00e2neos.<\/li>\n<li><strong>Prote\u00e7\u00e3o de diagn\u00f3stico<\/strong>: As altera\u00e7\u00f5es de quilometragem n\u00e3o podem ser detectadas pelos aparelhos de diagn\u00f3stico.<\/li>\n<li><strong>Defini\u00e7\u00f5es persistentes<\/strong>: Uma vez definida, a configura\u00e7\u00e3o escolhida \u00e9 guardada automaticamente.<\/li>\n<li><strong>Sistemas totalmente funcionais<\/strong>: O veloc\u00edmetro e todos os sistemas de assist\u00eancia funcionam sem falhas em todos os modos.<\/li>\n<li><strong>Instala\u00e7\u00e3o sem problemas<\/strong>: A face de encaixe e os conectores estriados garantem um processo de instala\u00e7\u00e3o f\u00e1cil.<\/li>\n<li><strong>Precis\u00e3o<\/strong>: Quando utiliza o modo que altera completamente a quilometragem, pode ocorrer um pequeno desvio de at\u00e9 1% da dist\u00e2ncia percorrida, mas as diferen\u00e7as s\u00e3o m\u00ednimas.<\/li>\n<\/ul>\n<h3>Ativa\u00e7\u00e3o e desativa\u00e7\u00e3o:<\/h3>\n<p>Com o comando &#8221;ok&#8221; no volante, mant\u00e9m premido at\u00e9 que o pisca-pisca pisque.<\/p>\n<p><strong>Modo 1:<\/strong> 1 intermit\u00eancia \u00e0 esquerda 18 por cento (Tudo funciona, velocidade de cruzeiro, etc.)<\/p>\n<p><strong>Modo 2:<\/strong> 2 intermit\u00eancias \u00e0 esquerda 0 por cento (sem velocidade, sem indicador de combust\u00edvel)<\/p>\n<p><strong>Modo 3:<\/strong> 1 intermit\u00eancia \u00e0 direita 100 por cento (original)&#8221;<\/p>\n<h3>O que \u00e9 um bloqueador de od\u00f3metro ou uma ferramenta de corre\u00e7\u00e3o de quilometragem da VW Amarok II?<\/h3>\n<p>O bloqueador de quilometragem da VW Amarok II, tamb\u00e9m conhecido como bloqueador de od\u00f3metro, foi concebido para impedir o registo da quilometragem durante os testes de desempenho do ve\u00edculo. Podes adquirir o m\u00f3dulo da mais alta qualidade da KM Block, com componentes genu\u00ednos. Quer o teu od\u00f3metro registe em milhas ou quil\u00f3metros, o dispositivo funciona sem problemas. \u00c9 compat\u00edvel com ve\u00edculos a diesel, a gasolina, h\u00edbridos el\u00e9tricos plug-in (PHEVs) e carros el\u00e9tricos. O nosso software \u00e9 adaptado a cada modelo de ve\u00edculo para garantir um desempenho sem falhas.    <\/p>\n<blockquote><p><strong>Nota<\/strong>: N\u00e3o vendemos ferramentas de Corre\u00e7\u00e3o de Quilometragem para a VW Amarok II, uma vez que s\u00e3o utilizadas para reverter de forma fraudulenta as leituras do conta-quil\u00f3metros. Embora as ferramentas de revers\u00e3o possam remover os dados de quilometragem, os ve\u00edculos modernos armazenam essas informa\u00e7\u00f5es em v\u00e1rios sistemas, o que torna imposs\u00edvel apag\u00e1-las completamente. <\/p><\/blockquote>\n<p>Fornecemos uma vasta gama de dispositivos de trav\u00f5es de quilometragem para v\u00e1rios ve\u00edculos. A instala\u00e7\u00e3o \u00e9 simples e n\u00e3o requer conhecimentos avan\u00e7ados de manuten\u00e7\u00e3o do ve\u00edculo. Basta ligar o m\u00f3dulo entre a porta do veloc\u00edmetro e o painel de instrumentos para come\u00e7ar a usufruir dos seus benef\u00edcios.  <\/p>\n<p>O bloqueador de quil\u00f3metros da VW Amarok II pode ser ativado ou desativado a qualquer momento, quer o teu ve\u00edculo esteja parado ou em movimento.<\/p>\n","protected":false},"excerpt":{"rendered":"<div class=\"flex-shrink-0 flex flex-col relative items-end\">\n<div class=\"pt-0\">\n<div class=\"gizmo-bot-avatar flex h-8 w-8 items-center justify-center overflow-hidden rounded-full\">\n<div class=\"relative p-1 rounded-sm flex items-center justify-center bg-token-main-surface-primary text-token-text-primary h-8 w-8\">\n<p>Informa\u00e7\u00f5es importantes Antes de encomendar, rev\u00ea cuidadosamente os detalhes sobre a ativa\u00e7\u00e3o do m\u00f3dulo, as mensagens de erro e a funcionalidade.<\/p>\n<p><strong>Compatibilidade: <\/strong>Para os modelos VW Amarok II lan\u00e7ados a partir de 2023. F\u00e1cil de instalar por ti pr\u00f3prio. N\u00e3o deixa vest\u00edgios ap\u00f3s a utiliza\u00e7\u00e3o. Pode ser ativado durante a condu\u00e7\u00e3o. Possui fichas de qualidade superior e cabos resistentes ao calor para maior durabilidade. O veloc\u00edmetro e os sistemas de assist\u00eancia funcionam perfeitamente.     <\/p>\n<p class=\"p1\"><b> Integra\u00e7\u00e3o perfeita<\/b><b><\/b><\/p>\n<p class=\"p1\"><b> Instala\u00e7\u00e3o f\u00e1cil<\/b><b><\/b><\/p>\n<p class=\"p1\"><b> Gest\u00e3o exacta da quilometragem<\/b><b><\/b><\/p>\n<p class=\"p1\"><b> Funcionamento em modo furtivo<\/b><b><\/b><\/p>\n<p class=\"p1\"><span class=\"s1\">\u2705<\/span><b> Suporte e actualiza\u00e7\u00f5es vital\u00edcias<\/b><\/p>\n<\/div>\n<\/div>\n<\/div>\n<\/div>\n","protected":false},"featured_media":647,"comment_status":"open","ping_status":"closed","template":"","meta":[],"product_brand":[],"product_cat":[1088],"product_tag":[],"class_list":{"0":"post-10170","1":"product","2":"type-product","3":"status-publish","4":"has-post-thumbnail","6":"product_cat-volkswagen","8":"first","9":"instock","10":"taxable","11":"shipping-taxable","12":"purchasable","13":"product-type-simple"},"yoast_head":"<!-- This site is optimized with the Yoast SEO plugin v27.5 - https:\/\/yoast.com\/product\/yoast-seo-wordpress\/ -->\n<title>Volkswagen Amarok II Mileage Blocker (KM stopper) \u2192 KM Block<\/title>\n<meta name=\"description\" content=\"Buy a Volkswagen Amarok II Mileage Blocker for the Best Prices \u2713 Free Shipping \u2713 Incl. Installation Guides\" \/>\n<meta name=\"robots\" content=\"index, follow, max-snippet:-1, max-image-preview:large, max-video-preview:-1\" \/>\n<meta property=\"og:locale\" content=\"pt_PT\" \/>\n<meta property=\"og:type\" content=\"article\" \/>\n<meta property=\"og:title\" content=\"Volkswagen Amarok II Mileage Blocker (KM stopper) \u2192 KM Block\" \/>\n<meta property=\"og:description\" content=\"Buy a Volkswagen Amarok II Mileage Blocker for the Best Prices \u2713 Free Shipping \u2713 Incl. Installation Guides\" \/>\n<meta property=\"og:url\" content=\"https:\/\/kmblock.com\/pt-pt\/product\/volkswagen-amarok-ii\/\" \/>\n<meta property=\"og:site_name\" content=\"KM Block\" \/>\n<meta property=\"og:image\" content=\"https:\/\/kmblock.com\/wp-content\/uploads\/2024\/09\/Amarok-II.webp\" \/>\n\t<meta property=\"og:image:width\" content=\"800\" \/>\n\t<meta property=\"og:image:height\" content=\"800\" \/>\n\t<meta property=\"og:image:type\" content=\"image\/webp\" \/>\n<meta name=\"twitter:card\" content=\"summary_large_image\" \/>\n<meta name=\"twitter:label1\" content=\"Tempo estimado de leitura\" \/>\n\t<meta name=\"twitter:data1\" content=\"3 minutos\" \/>\n<script type=\"application\/ld+json\" class=\"yoast-schema-graph\">{\"@context\":\"https:\\\/\\\/schema.org\",\"@graph\":[{\"@type\":\"WebPage\",\"@id\":\"https:\\\/\\\/kmblock.com\\\/pt-pt\\\/product\\\/volkswagen-amarok-ii\\\/\",\"url\":\"https:\\\/\\\/kmblock.com\\\/pt-pt\\\/product\\\/volkswagen-amarok-ii\\\/\",\"name\":\"Volkswagen Amarok II Mileage Blocker (KM stopper) \u2192 KM Block\",\"isPartOf\":{\"@id\":\"https:\\\/\\\/kmblock.com\\\/pt-pt\\\/#website\"},\"primaryImageOfPage\":{\"@id\":\"https:\\\/\\\/kmblock.com\\\/pt-pt\\\/product\\\/volkswagen-amarok-ii\\\/#primaryimage\"},\"image\":{\"@id\":\"https:\\\/\\\/kmblock.com\\\/pt-pt\\\/product\\\/volkswagen-amarok-ii\\\/#primaryimage\"},\"thumbnailUrl\":\"https:\\\/\\\/kmblock.com\\\/wp-content\\\/uploads\\\/2024\\\/09\\\/Amarok-II.webp\",\"datePublished\":\"2024-09-17T15:33:41+00:00\",\"description\":\"Buy a Volkswagen Amarok II Mileage Blocker for the Best Prices \u2713 Free Shipping \u2713 Incl. Installation Guides\",\"breadcrumb\":{\"@id\":\"https:\\\/\\\/kmblock.com\\\/pt-pt\\\/product\\\/volkswagen-amarok-ii\\\/#breadcrumb\"},\"inLanguage\":\"pt-PT\",\"potentialAction\":[{\"@type\":\"ReadAction\",\"target\":[\"https:\\\/\\\/kmblock.com\\\/pt-pt\\\/product\\\/volkswagen-amarok-ii\\\/\"]}]},{\"@type\":\"ImageObject\",\"inLanguage\":\"pt-PT\",\"@id\":\"https:\\\/\\\/kmblock.com\\\/pt-pt\\\/product\\\/volkswagen-amarok-ii\\\/#primaryimage\",\"url\":\"https:\\\/\\\/kmblock.com\\\/wp-content\\\/uploads\\\/2024\\\/09\\\/Amarok-II.webp\",\"contentUrl\":\"https:\\\/\\\/kmblock.com\\\/wp-content\\\/uploads\\\/2024\\\/09\\\/Amarok-II.webp\",\"width\":800,\"height\":800},{\"@type\":\"BreadcrumbList\",\"@id\":\"https:\\\/\\\/kmblock.com\\\/pt-pt\\\/product\\\/volkswagen-amarok-ii\\\/#breadcrumb\",\"itemListElement\":[{\"@type\":\"ListItem\",\"position\":1,\"name\":\"Casa\",\"item\":\"https:\\\/\\\/kmblock.com\\\/pt-pt\\\/\"},{\"@type\":\"ListItem\",\"position\":2,\"name\":\"Produtos\",\"item\":\"https:\\\/\\\/kmblock.com\\\/pt-pt\\\/shop\\\/\"},{\"@type\":\"ListItem\",\"position\":3,\"name\":\"Volkswagen Amarok II\"}]},{\"@type\":\"WebSite\",\"@id\":\"https:\\\/\\\/kmblock.com\\\/pt-pt\\\/#website\",\"url\":\"https:\\\/\\\/kmblock.com\\\/pt-pt\\\/\",\"name\":\"KM Block\",\"description\":\"\",\"publisher\":{\"@id\":\"https:\\\/\\\/kmblock.com\\\/pt-pt\\\/#organization\"},\"potentialAction\":[{\"@type\":\"SearchAction\",\"target\":{\"@type\":\"EntryPoint\",\"urlTemplate\":\"https:\\\/\\\/kmblock.com\\\/pt-pt\\\/?s={search_term_string}\"},\"query-input\":{\"@type\":\"PropertyValueSpecification\",\"valueRequired\":true,\"valueName\":\"search_term_string\"}}],\"inLanguage\":\"pt-PT\"},{\"@type\":\"Organization\",\"@id\":\"https:\\\/\\\/kmblock.com\\\/pt-pt\\\/#organization\",\"name\":\"Bloco KM\",\"url\":\"https:\\\/\\\/kmblock.com\\\/pt-pt\\\/\",\"logo\":{\"@type\":\"ImageObject\",\"inLanguage\":\"pt-PT\",\"@id\":\"https:\\\/\\\/kmblock.com\\\/pt-pt\\\/#\\\/schema\\\/logo\\\/image\\\/\",\"url\":\"https:\\\/\\\/kmblock.com\\\/wp-content\\\/uploads\\\/2024\\\/08\\\/main-logo.png\",\"contentUrl\":\"https:\\\/\\\/kmblock.com\\\/wp-content\\\/uploads\\\/2024\\\/08\\\/main-logo.png\",\"width\":186,\"height\":28,\"caption\":\"Bloco KM\"},\"image\":{\"@id\":\"https:\\\/\\\/kmblock.com\\\/pt-pt\\\/#\\\/schema\\\/logo\\\/image\\\/\"}}]}<\/script>\n<!-- \/ Yoast SEO plugin. -->","yoast_head_json":{"title":"Volkswagen Amarok II Mileage Blocker (KM stopper) \u2192 KM Block","description":"Buy a Volkswagen Amarok II Mileage Blocker for the Best Prices \u2713 Free Shipping \u2713 Incl. Installation Guides","robots":{"index":"index","follow":"follow","max-snippet":"max-snippet:-1","max-image-preview":"max-image-preview:large","max-video-preview":"max-video-preview:-1"},"og_locale":"pt_PT","og_type":"article","og_title":"Volkswagen Amarok II Mileage Blocker (KM stopper) \u2192 KM Block","og_description":"Buy a Volkswagen Amarok II Mileage Blocker for the Best Prices \u2713 Free Shipping \u2713 Incl. Installation Guides","og_url":"https:\/\/kmblock.com\/pt-pt\/product\/volkswagen-amarok-ii\/","og_site_name":"KM Block","og_image":[{"width":800,"height":800,"url":"https:\/\/kmblock.com\/wp-content\/uploads\/2024\/09\/Amarok-II.webp","type":"image\/webp"}],"twitter_card":"summary_large_image","twitter_misc":{"Tempo estimado de leitura":"3 minutos"},"schema":{"@context":"https:\/\/schema.org","@graph":[{"@type":"WebPage","@id":"https:\/\/kmblock.com\/pt-pt\/product\/volkswagen-amarok-ii\/","url":"https:\/\/kmblock.com\/pt-pt\/product\/volkswagen-amarok-ii\/","name":"Volkswagen Amarok II Mileage Blocker (KM stopper) \u2192 KM Block","isPartOf":{"@id":"https:\/\/kmblock.com\/pt-pt\/#website"},"primaryImageOfPage":{"@id":"https:\/\/kmblock.com\/pt-pt\/product\/volkswagen-amarok-ii\/#primaryimage"},"image":{"@id":"https:\/\/kmblock.com\/pt-pt\/product\/volkswagen-amarok-ii\/#primaryimage"},"thumbnailUrl":"https:\/\/kmblock.com\/wp-content\/uploads\/2024\/09\/Amarok-II.webp","datePublished":"2024-09-17T15:33:41+00:00","description":"Buy a Volkswagen Amarok II Mileage Blocker for the Best Prices \u2713 Free Shipping \u2713 Incl. Installation Guides","breadcrumb":{"@id":"https:\/\/kmblock.com\/pt-pt\/product\/volkswagen-amarok-ii\/#breadcrumb"},"inLanguage":"pt-PT","potentialAction":[{"@type":"ReadAction","target":["https:\/\/kmblock.com\/pt-pt\/product\/volkswagen-amarok-ii\/"]}]},{"@type":"ImageObject","inLanguage":"pt-PT","@id":"https:\/\/kmblock.com\/pt-pt\/product\/volkswagen-amarok-ii\/#primaryimage","url":"https:\/\/kmblock.com\/wp-content\/uploads\/2024\/09\/Amarok-II.webp","contentUrl":"https:\/\/kmblock.com\/wp-content\/uploads\/2024\/09\/Amarok-II.webp","width":800,"height":800},{"@type":"BreadcrumbList","@id":"https:\/\/kmblock.com\/pt-pt\/product\/volkswagen-amarok-ii\/#breadcrumb","itemListElement":[{"@type":"ListItem","position":1,"name":"Casa","item":"https:\/\/kmblock.com\/pt-pt\/"},{"@type":"ListItem","position":2,"name":"Produtos","item":"https:\/\/kmblock.com\/pt-pt\/shop\/"},{"@type":"ListItem","position":3,"name":"Volkswagen Amarok II"}]},{"@type":"WebSite","@id":"https:\/\/kmblock.com\/pt-pt\/#website","url":"https:\/\/kmblock.com\/pt-pt\/","name":"KM Block","description":"","publisher":{"@id":"https:\/\/kmblock.com\/pt-pt\/#organization"},"potentialAction":[{"@type":"SearchAction","target":{"@type":"EntryPoint","urlTemplate":"https:\/\/kmblock.com\/pt-pt\/?s={search_term_string}"},"query-input":{"@type":"PropertyValueSpecification","valueRequired":true,"valueName":"search_term_string"}}],"inLanguage":"pt-PT"},{"@type":"Organization","@id":"https:\/\/kmblock.com\/pt-pt\/#organization","name":"Bloco KM","url":"https:\/\/kmblock.com\/pt-pt\/","logo":{"@type":"ImageObject","inLanguage":"pt-PT","@id":"https:\/\/kmblock.com\/pt-pt\/#\/schema\/logo\/image\/","url":"https:\/\/kmblock.com\/wp-content\/uploads\/2024\/08\/main-logo.png","contentUrl":"https:\/\/kmblock.com\/wp-content\/uploads\/2024\/08\/main-logo.png","width":186,"height":28,"caption":"Bloco KM"},"image":{"@id":"https:\/\/kmblock.com\/pt-pt\/#\/schema\/logo\/image\/"}}]}},"_links":{"self":[{"href":"https:\/\/kmblock.com\/pt-pt\/wp-json\/wp\/v2\/product\/10170","targetHints":{"allow":["GET"]}}],"collection":[{"href":"https:\/\/kmblock.com\/pt-pt\/wp-json\/wp\/v2\/product"}],"about":[{"href":"https:\/\/kmblock.com\/pt-pt\/wp-json\/wp\/v2\/types\/product"}],"replies":[{"embeddable":true,"href":"https:\/\/kmblock.com\/pt-pt\/wp-json\/wp\/v2\/comments?post=10170"}],"wp:featuredmedia":[{"embeddable":true,"href":"https:\/\/kmblock.com\/pt-pt\/wp-json\/wp\/v2\/media\/647"}],"wp:attachment":[{"href":"https:\/\/kmblock.com\/pt-pt\/wp-json\/wp\/v2\/media?parent=10170"}],"wp:term":[{"taxonomy":"product_brand","embeddable":true,"href":"https:\/\/kmblock.com\/pt-pt\/wp-json\/wp\/v2\/product_brand?post=10170"},{"taxonomy":"product_cat","embeddable":true,"href":"https:\/\/kmblock.com\/pt-pt\/wp-json\/wp\/v2\/product_cat?post=10170"},{"taxonomy":"product_tag","embeddable":true,"href":"https:\/\/kmblock.com\/pt-pt\/wp-json\/wp\/v2\/product_tag?post=10170"}],"curies":[{"name":"wp","href":"https:\/\/api.w.org\/{rel}","templated":true}]}}