{"id":10164,"date":"2024-09-17T21:26:46","date_gmt":"2024-09-17T21:26:46","guid":{"rendered":"https:\/\/kmblock.com\/product\/audi-a5-s5-rs5-f5\/"},"modified":"2024-09-17T21:26:46","modified_gmt":"2024-09-17T21:26:46","slug":"audi-a5-s5-rs5-f5","status":"publish","type":"product","link":"https:\/\/kmblock.com\/pt-pt\/product\/audi-a5-s5-rs5-f5\/","title":{"rendered":"Audi A5\/S5\/RS5\/F5"},"content":{"rendered":"<h3><strong>BLOQUEADOR DE QUIL\u00d3METROS PARA AUDI A5\/S5\/RS5 &#8211; F5<\/strong><\/h3>\n<p>O <strong>Bloqueador de Quil\u00f3metros Audi A5\/S5\/RS5 &#8211; F5<\/strong>, tamb\u00e9m conhecido como Bloqueador de Od\u00f3metro, Bloqueador de Od\u00f3metro, Bloqueador de Lata, Bloqueador de Quil\u00f3metros, Od\u00f3metro de Viagem, Filtro de Lata ou Ferramenta de Corre\u00e7\u00e3o de Quil\u00f3metros, foi concebido para todos os <strong>modelos Audi A5\/S5\/RS5 F5 lan\u00e7ados desde 2015<\/strong>.<\/p>\n<h3><strong>ESPECIFICA\u00c7\u00d5ES<\/strong><\/h3>\n<ul>\n<li>V\u00e1rios modos dispon\u00edveis<\/li>\n<li>Instala\u00e7\u00e3o simples do tipo &#8221;fa\u00e7a voc\u00ea mesmo<\/li>\n<li>Face de encaixe e sulcos no conetor para uma instala\u00e7\u00e3o perfeita<\/li>\n<li>Opera\u00e7\u00e3o f\u00e1cil com combina\u00e7\u00f5es de teclas<\/li>\n<li>N\u00e3o deixa vest\u00edgios ap\u00f3s a remo\u00e7\u00e3o; n\u00e3o \u00e9 necess\u00e1rio soldar ou cortar cabos<\/li>\n<li>Fichas de qualidade superior e cabos resistentes ao calor<\/li>\n<li>As defini\u00e7\u00f5es s\u00e3o guardadas permanentemente<\/li>\n<li>Ap\u00f3s a remo\u00e7\u00e3o, a quilometragem n\u00e3o aumentar\u00e1 inesperadamente<\/li>\n<li>N\u00e3o h\u00e1 mensagens de erro no veloc\u00edmetro ou no ecr\u00e3 de navega\u00e7\u00e3o<\/li>\n<li>Nos modelos a partir de 2020, a luz de controlo do motor pode aparecer quando o dispositivo \u00e9 ativado<\/li>\n<li>Pode ocorrer um desvio de 1% em rela\u00e7\u00e3o \u00e0 dist\u00e2ncia real para o modo que interrompe totalmente o registo da quilometragem; os valores da quilometragem s\u00e3o aproximados<\/li>\n<\/ul>\n<p><strong>IMPORTANTE<\/strong> Se o teu carro tiver recebido uma atualiza\u00e7\u00e3o de software recente do fabricante, os m\u00e9todos de ativa\u00e7\u00e3o anteriores podem j\u00e1 n\u00e3o funcionar. Apenas o modo 3 (paragem total) e o modo 4 (contagem total) funcionar\u00e3o. Para ativar, desliga o carro completamente cinco vezes consecutivas. Ap\u00f3s a compra, ser-te-\u00e1 fornecido um guia detalhado em PDF.   <\/p>\n<p><strong>COMPATIBILIDADE DO V<\/strong> ELOC\u00cdMETRO Para o veloc\u00edmetro 1 e o veloc\u00edmetro 2, o indicador de velocidade funciona corretamente.<\/p>\n<h3><strong>ACTIVA\u00c7\u00c3O E DESACTIVA\u00c7\u00c3O (COM INDICADOR DE VELOCIDADE DE FUNCIONAMENTO)<\/strong><\/h3>\n<p>Utiliza o bot\u00e3o &#8221;ok&#8221; no guiador. Mant\u00e9m premido at\u00e9 que o pisca-pisca comece a piscar. <\/p>\n<p><strong>Modo 1:<\/strong> 1 pisca \u00e0 esquerda 20 por cento<br \/>\n<strong>Modo 2:<\/strong> 2 piscadas \u00e0 esquerda 10 por cento<br \/>\n<strong>Modo 3:<\/strong> 3 piscas \u00e0 esquerda 0 por cento<br \/>\n<strong>Modo 4:<\/strong> 1 piscada \u00e0 direita 100 por cento<\/p>\n<p>Para o modo 3: 0 por cento, tens de ligar o modo e, em seguida, desligar o carro e tranc\u00e1-lo durante 2 minutos e, depois, ligar e conduzir.&#8221;<\/p>\n<p>O <strong>Audi A5 S5 RS5 F5 Kilometer Stopper<\/strong> ret\u00e9m sempre as \u00faltimas defini\u00e7\u00f5es utilizadas, pelo que n\u00e3o \u00e9 necess\u00e1rio rep\u00f4-las antes de ligar o ve\u00edculo.<\/p>\n<hr>\n<h3><strong>O que \u00e9 o Audi A5\/S5\/RS5 F5 Odometer Blocker ou Mileage Corretion Tool?<\/strong><\/h3>\n<p>O <strong>Audi A5\/S5\/RS5 F5 Mileage Blocker<\/strong> p\u00e1ra o registo da quilometragem enquanto testa o desempenho do ve\u00edculo. Dispon\u00edvel na KM Block, este m\u00f3dulo de alta qualidade funciona para ve\u00edculos que medem a quilometragem em milhas ou quil\u00f3metros. Os nossos programadores especializados criam um software adaptado a cada modelo para garantir um funcionamento sem falhas.  <\/p>\n<p>Tem em aten\u00e7\u00e3o que <strong>n\u00e3o vendemos ferramentas de corre\u00e7\u00e3o de quilometragem<\/strong> para o Audi A5, S5 ou RS5 F5, uma vez que se destinam a uma utiliza\u00e7\u00e3o fraudulenta e s\u00f3 podem remover a quilometragem dos conta-quil\u00f3metros. Os ve\u00edculos modernos armazenam dados em v\u00e1rios locais, pelo que as ferramentas de revers\u00e3o s\u00e3o ineficazes para reverter totalmente a quilometragem. <\/p>\n<p>O <strong>Mileage Stopper<\/strong> funciona perfeitamente em ve\u00edculos a diesel, a gasolina, h\u00edbridos plug-in e el\u00e9ctricos. A instala\u00e7\u00e3o \u00e9 simples &#8211; basta lig\u00e1-lo entre o veloc\u00edmetro e o painel de instrumentos e utilizar combina\u00e7\u00f5es de teclas predefinidas para alternar entre modos. <\/p>\n<p>O <strong>Audi A5\/S5\/RS5 F5 Mileage Blocker<\/strong> \u00e9 uma excelente ferramenta para testar o desempenho do teu carro num ambiente controlado.<\/p>\n","protected":false},"excerpt":{"rendered":"<div class=\"flex-shrink-0 flex flex-col relative items-end\">\n<div class=\"pt-0\">\n<div class=\"gizmo-bot-avatar flex h-8 w-8 items-center justify-center overflow-hidden rounded-full\">\n<div class=\"relative p-1 rounded-sm flex items-center justify-center bg-token-main-surface-primary text-token-text-primary h-8 w-8\">\n<p>Antes de efetuar uma encomenda, rev\u00ea as seguintes informa\u00e7\u00f5es importantes relativas \u00e0 ativa\u00e7\u00e3o do m\u00f3dulo, mensagens de erro e funcionalidade.<\/p>\n<p><strong>COMPATIBILIDADE: <\/strong>Este dispositivo \u00e9 adequado para todos os <strong>modelos Audi A5\/S5\/RS5 F5 lan\u00e7ados desde 2015<\/strong>. O bom funcionamento do veloc\u00edmetro e dos sistemas de assist\u00eancia depende do tipo de veloc\u00edmetro do teu ve\u00edculo. O veloc\u00edmetro e os sistemas de assist\u00eancia podem n\u00e3o funcionar quando utilizados com o mostrador do dep\u00f3sito e da temperatura. O m\u00f3dulo funciona com ou sem o indicador de temperatura e de combust\u00edvel. Equipado com fichas de qualidade superior e cabos resistentes ao calor. Instala\u00e7\u00e3o f\u00e1cil do tipo &#8221;fa\u00e7a voc\u00ea mesmo&#8221;.     <\/p>\n<p class=\"p1\"><b> Integra\u00e7\u00e3o perfeita<\/b><b><\/b><\/p>\n<p class=\"p1\"><b> Instala\u00e7\u00e3o f\u00e1cil<\/b><b><\/b><\/p>\n<p class=\"p1\"><b> Gest\u00e3o exacta da quilometragem<\/b><b><\/b><\/p>\n<p class=\"p1\"><b> Funcionamento em modo furtivo<\/b><b><\/b><\/p>\n<p class=\"p1\"><span class=\"s1\">\u2705<\/span><b> Suporte e actualiza\u00e7\u00f5es vital\u00edcias<\/b><\/p>\n<\/div>\n<\/div>\n<\/div>\n<\/div>\n","protected":false},"featured_media":657,"comment_status":"open","ping_status":"closed","template":"","meta":[],"product_brand":[],"product_cat":[1070],"product_tag":[],"class_list":{"0":"post-10164","1":"product","2":"type-product","3":"status-publish","4":"has-post-thumbnail","6":"product_cat-audi","8":"first","9":"instock","10":"taxable","11":"shipping-taxable","12":"purchasable","13":"product-type-variable"},"yoast_head":"<!-- This site is optimized with the Yoast SEO plugin v27.5 - https:\/\/yoast.com\/product\/yoast-seo-wordpress\/ -->\n<title>Audi A5\/S5\/RS5\/F5 Mileage Blocker (KM stopper) \u2192 KM Block<\/title>\n<meta name=\"description\" content=\"Buy a Audi A5\/S5\/RS5\/F5 Mileage Blocker for the Best Prices \u2713 Free Shipping \u2713 Incl. Installation Guides\" \/>\n<meta name=\"robots\" content=\"index, follow, max-snippet:-1, max-image-preview:large, max-video-preview:-1\" \/>\n<meta property=\"og:locale\" content=\"pt_PT\" \/>\n<meta property=\"og:type\" content=\"article\" \/>\n<meta property=\"og:title\" content=\"Audi A5\/S5\/RS5\/F5 Mileage Blocker (KM stopper) \u2192 KM Block\" \/>\n<meta property=\"og:description\" content=\"Buy a Audi A5\/S5\/RS5\/F5 Mileage Blocker for the Best Prices \u2713 Free Shipping \u2713 Incl. Installation Guides\" \/>\n<meta property=\"og:url\" content=\"https:\/\/kmblock.com\/pt-pt\/product\/audi-a5-s5-rs5-f5\/\" \/>\n<meta property=\"og:site_name\" content=\"KM Block\" \/>\n<meta property=\"og:image\" content=\"https:\/\/kmblock.com\/wp-content\/uploads\/2024\/09\/Audi-A5S5RS5F5.jpg\" \/>\n\t<meta property=\"og:image:width\" content=\"800\" \/>\n\t<meta property=\"og:image:height\" content=\"800\" \/>\n\t<meta property=\"og:image:type\" content=\"image\/jpeg\" \/>\n<meta name=\"twitter:card\" content=\"summary_large_image\" \/>\n<meta name=\"twitter:label1\" content=\"Tempo estimado de leitura\" \/>\n\t<meta name=\"twitter:data1\" content=\"3 minutos\" \/>\n<script type=\"application\/ld+json\" class=\"yoast-schema-graph\">{\"@context\":\"https:\\\/\\\/schema.org\",\"@graph\":[{\"@type\":\"WebPage\",\"@id\":\"https:\\\/\\\/kmblock.com\\\/pt-pt\\\/product\\\/audi-a5-s5-rs5-f5\\\/\",\"url\":\"https:\\\/\\\/kmblock.com\\\/pt-pt\\\/product\\\/audi-a5-s5-rs5-f5\\\/\",\"name\":\"Audi A5\\\/S5\\\/RS5\\\/F5 Mileage Blocker (KM stopper) \u2192 KM Block\",\"isPartOf\":{\"@id\":\"https:\\\/\\\/kmblock.com\\\/pt-pt\\\/#website\"},\"primaryImageOfPage\":{\"@id\":\"https:\\\/\\\/kmblock.com\\\/pt-pt\\\/product\\\/audi-a5-s5-rs5-f5\\\/#primaryimage\"},\"image\":{\"@id\":\"https:\\\/\\\/kmblock.com\\\/pt-pt\\\/product\\\/audi-a5-s5-rs5-f5\\\/#primaryimage\"},\"thumbnailUrl\":\"https:\\\/\\\/kmblock.com\\\/wp-content\\\/uploads\\\/2024\\\/09\\\/Audi-A5S5RS5F5.jpg\",\"datePublished\":\"2024-09-17T21:26:46+00:00\",\"description\":\"Buy a Audi A5\\\/S5\\\/RS5\\\/F5 Mileage Blocker for the Best Prices \u2713 Free Shipping \u2713 Incl. Installation Guides\",\"breadcrumb\":{\"@id\":\"https:\\\/\\\/kmblock.com\\\/pt-pt\\\/product\\\/audi-a5-s5-rs5-f5\\\/#breadcrumb\"},\"inLanguage\":\"pt-PT\",\"potentialAction\":[{\"@type\":\"ReadAction\",\"target\":[\"https:\\\/\\\/kmblock.com\\\/pt-pt\\\/product\\\/audi-a5-s5-rs5-f5\\\/\"]}]},{\"@type\":\"ImageObject\",\"inLanguage\":\"pt-PT\",\"@id\":\"https:\\\/\\\/kmblock.com\\\/pt-pt\\\/product\\\/audi-a5-s5-rs5-f5\\\/#primaryimage\",\"url\":\"https:\\\/\\\/kmblock.com\\\/wp-content\\\/uploads\\\/2024\\\/09\\\/Audi-A5S5RS5F5.jpg\",\"contentUrl\":\"https:\\\/\\\/kmblock.com\\\/wp-content\\\/uploads\\\/2024\\\/09\\\/Audi-A5S5RS5F5.jpg\",\"width\":800,\"height\":800,\"caption\":\"Audi A5:S5:RS5:F5\"},{\"@type\":\"BreadcrumbList\",\"@id\":\"https:\\\/\\\/kmblock.com\\\/pt-pt\\\/product\\\/audi-a5-s5-rs5-f5\\\/#breadcrumb\",\"itemListElement\":[{\"@type\":\"ListItem\",\"position\":1,\"name\":\"Casa\",\"item\":\"https:\\\/\\\/kmblock.com\\\/pt-pt\\\/\"},{\"@type\":\"ListItem\",\"position\":2,\"name\":\"Produtos\",\"item\":\"https:\\\/\\\/kmblock.com\\\/pt-pt\\\/shop\\\/\"},{\"@type\":\"ListItem\",\"position\":3,\"name\":\"Audi A5\\\/S5\\\/RS5\\\/F5\"}]},{\"@type\":\"WebSite\",\"@id\":\"https:\\\/\\\/kmblock.com\\\/pt-pt\\\/#website\",\"url\":\"https:\\\/\\\/kmblock.com\\\/pt-pt\\\/\",\"name\":\"KM Block\",\"description\":\"\",\"publisher\":{\"@id\":\"https:\\\/\\\/kmblock.com\\\/pt-pt\\\/#organization\"},\"potentialAction\":[{\"@type\":\"SearchAction\",\"target\":{\"@type\":\"EntryPoint\",\"urlTemplate\":\"https:\\\/\\\/kmblock.com\\\/pt-pt\\\/?s={search_term_string}\"},\"query-input\":{\"@type\":\"PropertyValueSpecification\",\"valueRequired\":true,\"valueName\":\"search_term_string\"}}],\"inLanguage\":\"pt-PT\"},{\"@type\":\"Organization\",\"@id\":\"https:\\\/\\\/kmblock.com\\\/pt-pt\\\/#organization\",\"name\":\"Bloco KM\",\"url\":\"https:\\\/\\\/kmblock.com\\\/pt-pt\\\/\",\"logo\":{\"@type\":\"ImageObject\",\"inLanguage\":\"pt-PT\",\"@id\":\"https:\\\/\\\/kmblock.com\\\/pt-pt\\\/#\\\/schema\\\/logo\\\/image\\\/\",\"url\":\"https:\\\/\\\/kmblock.com\\\/wp-content\\\/uploads\\\/2024\\\/08\\\/main-logo.png\",\"contentUrl\":\"https:\\\/\\\/kmblock.com\\\/wp-content\\\/uploads\\\/2024\\\/08\\\/main-logo.png\",\"width\":186,\"height\":28,\"caption\":\"Bloco KM\"},\"image\":{\"@id\":\"https:\\\/\\\/kmblock.com\\\/pt-pt\\\/#\\\/schema\\\/logo\\\/image\\\/\"}}]}<\/script>\n<!-- \/ Yoast SEO plugin. -->","yoast_head_json":{"title":"Audi A5\/S5\/RS5\/F5 Mileage Blocker (KM stopper) \u2192 KM Block","description":"Buy a Audi A5\/S5\/RS5\/F5 Mileage Blocker for the Best Prices \u2713 Free Shipping \u2713 Incl. Installation Guides","robots":{"index":"index","follow":"follow","max-snippet":"max-snippet:-1","max-image-preview":"max-image-preview:large","max-video-preview":"max-video-preview:-1"},"og_locale":"pt_PT","og_type":"article","og_title":"Audi A5\/S5\/RS5\/F5 Mileage Blocker (KM stopper) \u2192 KM Block","og_description":"Buy a Audi A5\/S5\/RS5\/F5 Mileage Blocker for the Best Prices \u2713 Free Shipping \u2713 Incl. Installation Guides","og_url":"https:\/\/kmblock.com\/pt-pt\/product\/audi-a5-s5-rs5-f5\/","og_site_name":"KM Block","og_image":[{"width":800,"height":800,"url":"https:\/\/kmblock.com\/wp-content\/uploads\/2024\/09\/Audi-A5S5RS5F5.jpg","type":"image\/jpeg"}],"twitter_card":"summary_large_image","twitter_misc":{"Tempo estimado de leitura":"3 minutos"},"schema":{"@context":"https:\/\/schema.org","@graph":[{"@type":"WebPage","@id":"https:\/\/kmblock.com\/pt-pt\/product\/audi-a5-s5-rs5-f5\/","url":"https:\/\/kmblock.com\/pt-pt\/product\/audi-a5-s5-rs5-f5\/","name":"Audi A5\/S5\/RS5\/F5 Mileage Blocker (KM stopper) \u2192 KM Block","isPartOf":{"@id":"https:\/\/kmblock.com\/pt-pt\/#website"},"primaryImageOfPage":{"@id":"https:\/\/kmblock.com\/pt-pt\/product\/audi-a5-s5-rs5-f5\/#primaryimage"},"image":{"@id":"https:\/\/kmblock.com\/pt-pt\/product\/audi-a5-s5-rs5-f5\/#primaryimage"},"thumbnailUrl":"https:\/\/kmblock.com\/wp-content\/uploads\/2024\/09\/Audi-A5S5RS5F5.jpg","datePublished":"2024-09-17T21:26:46+00:00","description":"Buy a Audi A5\/S5\/RS5\/F5 Mileage Blocker for the Best Prices \u2713 Free Shipping \u2713 Incl. Installation Guides","breadcrumb":{"@id":"https:\/\/kmblock.com\/pt-pt\/product\/audi-a5-s5-rs5-f5\/#breadcrumb"},"inLanguage":"pt-PT","potentialAction":[{"@type":"ReadAction","target":["https:\/\/kmblock.com\/pt-pt\/product\/audi-a5-s5-rs5-f5\/"]}]},{"@type":"ImageObject","inLanguage":"pt-PT","@id":"https:\/\/kmblock.com\/pt-pt\/product\/audi-a5-s5-rs5-f5\/#primaryimage","url":"https:\/\/kmblock.com\/wp-content\/uploads\/2024\/09\/Audi-A5S5RS5F5.jpg","contentUrl":"https:\/\/kmblock.com\/wp-content\/uploads\/2024\/09\/Audi-A5S5RS5F5.jpg","width":800,"height":800,"caption":"Audi A5:S5:RS5:F5"},{"@type":"BreadcrumbList","@id":"https:\/\/kmblock.com\/pt-pt\/product\/audi-a5-s5-rs5-f5\/#breadcrumb","itemListElement":[{"@type":"ListItem","position":1,"name":"Casa","item":"https:\/\/kmblock.com\/pt-pt\/"},{"@type":"ListItem","position":2,"name":"Produtos","item":"https:\/\/kmblock.com\/pt-pt\/shop\/"},{"@type":"ListItem","position":3,"name":"Audi A5\/S5\/RS5\/F5"}]},{"@type":"WebSite","@id":"https:\/\/kmblock.com\/pt-pt\/#website","url":"https:\/\/kmblock.com\/pt-pt\/","name":"KM Block","description":"","publisher":{"@id":"https:\/\/kmblock.com\/pt-pt\/#organization"},"potentialAction":[{"@type":"SearchAction","target":{"@type":"EntryPoint","urlTemplate":"https:\/\/kmblock.com\/pt-pt\/?s={search_term_string}"},"query-input":{"@type":"PropertyValueSpecification","valueRequired":true,"valueName":"search_term_string"}}],"inLanguage":"pt-PT"},{"@type":"Organization","@id":"https:\/\/kmblock.com\/pt-pt\/#organization","name":"Bloco KM","url":"https:\/\/kmblock.com\/pt-pt\/","logo":{"@type":"ImageObject","inLanguage":"pt-PT","@id":"https:\/\/kmblock.com\/pt-pt\/#\/schema\/logo\/image\/","url":"https:\/\/kmblock.com\/wp-content\/uploads\/2024\/08\/main-logo.png","contentUrl":"https:\/\/kmblock.com\/wp-content\/uploads\/2024\/08\/main-logo.png","width":186,"height":28,"caption":"Bloco KM"},"image":{"@id":"https:\/\/kmblock.com\/pt-pt\/#\/schema\/logo\/image\/"}}]}},"_links":{"self":[{"href":"https:\/\/kmblock.com\/pt-pt\/wp-json\/wp\/v2\/product\/10164","targetHints":{"allow":["GET"]}}],"collection":[{"href":"https:\/\/kmblock.com\/pt-pt\/wp-json\/wp\/v2\/product"}],"about":[{"href":"https:\/\/kmblock.com\/pt-pt\/wp-json\/wp\/v2\/types\/product"}],"replies":[{"embeddable":true,"href":"https:\/\/kmblock.com\/pt-pt\/wp-json\/wp\/v2\/comments?post=10164"}],"wp:featuredmedia":[{"embeddable":true,"href":"https:\/\/kmblock.com\/pt-pt\/wp-json\/wp\/v2\/media\/657"}],"wp:attachment":[{"href":"https:\/\/kmblock.com\/pt-pt\/wp-json\/wp\/v2\/media?parent=10164"}],"wp:term":[{"taxonomy":"product_brand","embeddable":true,"href":"https:\/\/kmblock.com\/pt-pt\/wp-json\/wp\/v2\/product_brand?post=10164"},{"taxonomy":"product_cat","embeddable":true,"href":"https:\/\/kmblock.com\/pt-pt\/wp-json\/wp\/v2\/product_cat?post=10164"},{"taxonomy":"product_tag","embeddable":true,"href":"https:\/\/kmblock.com\/pt-pt\/wp-json\/wp\/v2\/product_tag?post=10164"}],"curies":[{"name":"wp","href":"https:\/\/api.w.org\/{rel}","templated":true}]}}