{"id":10090,"date":"2024-09-13T22:17:29","date_gmt":"2024-09-13T22:17:29","guid":{"rendered":"https:\/\/kmblock.com\/product\/audi-a3-s3-rs3-8y\/"},"modified":"2024-09-13T22:17:29","modified_gmt":"2024-09-13T22:17:29","slug":"audi-a3-s3-rs3-8y","status":"publish","type":"product","link":"https:\/\/kmblock.com\/pt-pt\/product\/audi-a3-s3-rs3-8y\/","title":{"rendered":"Audi A3\/S3\/RS3\/8Y"},"content":{"rendered":"<h3><strong>BLOQUEADOR DE QUIL\u00d3METROS PARA AUDI A3\/S3\/RS3 &#8211; 8Y<\/strong><\/h3>\n<p>O bloqueador de quilometragem Audi A3\/S3\/RS3 &#8211; 8Y, muitas vezes referido como bloqueador de conta-quil\u00f3metros, limitador de conta-quil\u00f3metros, bloqueador de latas, limitador de quilometragem ou filtro de latas, \u00e9 uma ferramenta sofisticada que interrompe temporariamente a contagem de quilometragem do teu ve\u00edculo. Embora seja por vezes chamada de ferramenta de corre\u00e7\u00e3o de quilometragem, foi concebida para testes e n\u00e3o se destina a ser utilizada de forma fraudulenta. <\/p>\n<h3>COMPATIBILIDADE<\/h3>\n<ul>\n<li>Adequado para todos os modelos Audi A3\/S3\/RS3 8Y (2020 e mais recentes).<\/li>\n<\/ul>\n<h3>CARACTER\u00cdSTICAS PRINCIPAIS<\/h3>\n<ul>\n<li><strong>M\u00faltiplos modos<\/strong>: Escolhe entre uma s\u00e9rie de modos para controlar a grava\u00e7\u00e3o de quil\u00f3metros.<\/li>\n<li><strong>Instala\u00e7\u00e3o f\u00e1cil de fazeres tu mesmo<\/strong>: Design de encaixe com conectores estriados para uma fixa\u00e7\u00e3o suave e segura.<\/li>\n<li><strong>Instala\u00e7\u00e3o sem rasto<\/strong>: N\u00e3o necessita de soldar ou cortar fios. Basta ligar e retirar sem deixar vest\u00edgios. <\/li>\n<li><strong>Sem erros<\/strong>: N\u00e3o aparecem mensagens de erro no veloc\u00edmetro ou no painel de navega\u00e7\u00e3o.<\/li>\n<li><strong>Constru\u00e7\u00e3o de qualidade superior<\/strong>: Vem com cabos resistentes ao calor e fichas de alta qualidade.<\/li>\n<li><strong>Fun\u00e7\u00e3o de mem\u00f3ria<\/strong>: Guarda as defini\u00e7\u00f5es escolhidas, mesmo depois de ser destacado, assegurando que n\u00e3o h\u00e1 aumentos espont\u00e2neos de quilometragem.<\/li>\n<li><strong>Sistemas totalmente funcionais<\/strong>: O veloc\u00edmetro e todos os sistemas de assist\u00eancia funcionam sem problemas, independentemente do modo.<\/li>\n<\/ul>\n<blockquote><p><em>Nota: Nos ve\u00edculos a partir de finais de 2020, a luz de controlo do motor pode acender-se quando o dispositivo est\u00e1 ativo.<\/em><\/p><\/blockquote>\n<h3>ESPECIFICA\u00c7\u00d5ES DE DESEMPENHO<\/h3>\n<ul>\n<li><strong>Elevada precis\u00e3o<\/strong>: O dispositivo permite um desvio m\u00ednimo de 1% no registo da quilometragem quando est\u00e1 a ser utilizado.<\/li>\n<li><strong>Desativa\u00e7\u00e3o sem falhas<\/strong>: Uma vez removido, a contagem de quil\u00f3metros n\u00e3o \u00e9 afetada.<\/li>\n<\/ul>\n<h3>MODOS<\/h3>\n<p>Com o comando &#8221;ok&#8221; no volante, mant\u00e9m premido at\u00e9 que o pisca-pisca pisque.<\/p>\n<p><strong>Modo 1:<\/strong> 1 intermit\u00eancia \u00e0 esquerda 18 por cento (tudo funciona, velocidade de cruzeiro, etc.)<\/p>\n<p><strong>Modo 2:<\/strong> 2 intermit\u00eancias \u00e0 esquerda 0 por cento (sem velocidade, sem indicador de combust\u00edvel)<\/p>\n<p><strong>Modo 3:<\/strong> 1 intermit\u00eancia \u00e0 direita 100 por cento (original)&#8221;<\/p>\n<h3>O QUE \u00c9 UM BLOQUEADOR DE QUIL\u00d3METROS PARA O AUDI A3\/S3\/RS3 8Y?<\/h3>\n<p>Esta ferramenta de bloqueio de quilometragem foi especificamente concebida para impedir o registo de quilometragem durante o teste do ve\u00edculo. Na KM Block, fornecemos m\u00f3dulos de alta qualidade e fi\u00e1veis, fabricados com componentes genu\u00ednos. O nosso software foi concebido para funcionar perfeitamente com cada marca e modelo, garantindo a compatibilidade, quer o teu conta-quil\u00f3metros me\u00e7a em milhas ou em quil\u00f3metros. A ferramenta \u00e9 adequada para uso em ve\u00edculos a diesel, a gasolina, h\u00edbridos (PHEVs) e el\u00e9tricos.   <\/p>\n<p>A instala\u00e7\u00e3o \u00e9 simples e n\u00e3o requer conhecimentos t\u00e9cnicos &#8211; basta ligar o m\u00f3dulo entre o veloc\u00edmetro e o painel de instrumentos e est\u00e1 pronto a funcionar. Alterna entre modos a qualquer momento, quer o carro esteja estacionado ou em movimento. <\/p>\n<blockquote><p><strong>Nota:<\/strong> N\u00e3o vendemos nem apoiamos ferramentas de calibra\u00e7\u00e3o de conta-quil\u00f3metros concebidas para utiliza\u00e7\u00e3o fraudulenta, como o retrocesso da quilometragem. Esta ferramenta \u00e9 estritamente para fins de teste de desempenho e n\u00e3o altera permanentemente as leituras de quilometragem armazenadas no sistema do teu ve\u00edculo. <\/p><\/blockquote>\n","protected":false},"excerpt":{"rendered":"<div class=\"flex-shrink-0 flex flex-col relative items-end\">\n<div class=\"pt-0\">\n<div class=\"gizmo-bot-avatar flex h-8 w-8 items-center justify-center overflow-hidden rounded-full\">\n<div class=\"relative p-1 rounded-sm flex items-center justify-center bg-token-main-surface-primary text-token-text-primary h-8 w-8\">\n<p>Antes de comprares, \u00e9 importante compreenderes o funcionamento do m\u00f3dulo, incluindo instru\u00e7\u00f5es de ativa\u00e7\u00e3o e notas importantes relativas a mensagens de erro e desempenho do sistema.<\/p>\n<p><strong>Compatibilidade: <\/strong>Este dispositivo \u00e9 <strong>adequado para todos os modelos Audi A3\/S3\/RS3 8Y lan\u00e7ados a partir de 2020<\/strong>. Instala\u00e7\u00e3o simples do tipo &#8221;fa\u00e7a voc\u00ea mesmo&#8221;, sem necessidade de ferramentas especiais. Uma vez removido, o m\u00f3dulo n\u00e3o deixa vest\u00edgios. Possui fichas de qualidade superior e cabos resistentes ao calor para uma utiliza\u00e7\u00e3o duradoura. O veloc\u00edmetro e todos os programas de assist\u00eancia funcionam sem problemas com o dispositivo instalado.    <\/p>\n<p class=\"p1\"><b> Integra\u00e7\u00e3o perfeita<\/b><b><\/b><\/p>\n<p class=\"p1\"><b> Instala\u00e7\u00e3o f\u00e1cil<\/b><b><\/b><\/p>\n<p class=\"p1\"><b> Gest\u00e3o exacta da quilometragem<\/b><b><\/b><\/p>\n<p class=\"p1\"><b> Funcionamento em modo furtivo<\/b><b><\/b><\/p>\n<p class=\"p1\"><span class=\"s1\">\u2705<\/span><b> Suporte e actualiza\u00e7\u00f5es vital\u00edcias<\/b><\/p>\n<\/div>\n<\/div>\n<\/div>\n<\/div>\n","protected":false},"featured_media":640,"comment_status":"open","ping_status":"closed","template":"","meta":[],"product_brand":[],"product_cat":[1070],"product_tag":[],"class_list":{"0":"post-10090","1":"product","2":"type-product","3":"status-publish","4":"has-post-thumbnail","6":"product_cat-audi","8":"first","9":"instock","10":"taxable","11":"shipping-taxable","12":"purchasable","13":"product-type-variable"},"yoast_head":"<!-- This site is optimized with the Yoast SEO plugin v27.5 - https:\/\/yoast.com\/product\/yoast-seo-wordpress\/ -->\n<title>Audi A3\/S3\/RS3\/8Y Mileage Blocker (KM stopper) \u2192 KM Block<\/title>\n<meta name=\"description\" content=\"Buy a Audi A3\/S3\/RS3\/8Y Mileage Blocker for the Best Prices \u2713 Free Shipping \u2713 Incl. Installation Guides\" \/>\n<meta name=\"robots\" content=\"index, follow, max-snippet:-1, max-image-preview:large, max-video-preview:-1\" \/>\n<meta property=\"og:locale\" content=\"pt_PT\" \/>\n<meta property=\"og:type\" content=\"article\" \/>\n<meta property=\"og:title\" content=\"Audi A3\/S3\/RS3\/8Y Mileage Blocker (KM stopper) \u2192 KM Block\" \/>\n<meta property=\"og:description\" content=\"Buy a Audi A3\/S3\/RS3\/8Y Mileage Blocker for the Best Prices \u2713 Free Shipping \u2713 Incl. Installation Guides\" \/>\n<meta property=\"og:url\" content=\"https:\/\/kmblock.com\/pt-pt\/product\/audi-a3-s3-rs3-8y\/\" \/>\n<meta property=\"og:site_name\" content=\"KM Block\" \/>\n<meta property=\"og:image\" content=\"https:\/\/kmblock.com\/wp-content\/uploads\/2024\/09\/Audi-A3S3RS38Y.jpg\" \/>\n\t<meta property=\"og:image:width\" content=\"800\" \/>\n\t<meta property=\"og:image:height\" content=\"800\" \/>\n\t<meta property=\"og:image:type\" content=\"image\/jpeg\" \/>\n<meta name=\"twitter:card\" content=\"summary_large_image\" \/>\n<meta name=\"twitter:label1\" content=\"Tempo estimado de leitura\" \/>\n\t<meta name=\"twitter:data1\" content=\"3 minutos\" \/>\n<script type=\"application\/ld+json\" class=\"yoast-schema-graph\">{\"@context\":\"https:\\\/\\\/schema.org\",\"@graph\":[{\"@type\":\"WebPage\",\"@id\":\"https:\\\/\\\/kmblock.com\\\/pt-pt\\\/product\\\/audi-a3-s3-rs3-8y\\\/\",\"url\":\"https:\\\/\\\/kmblock.com\\\/pt-pt\\\/product\\\/audi-a3-s3-rs3-8y\\\/\",\"name\":\"Audi A3\\\/S3\\\/RS3\\\/8Y Mileage Blocker (KM stopper) \u2192 KM Block\",\"isPartOf\":{\"@id\":\"https:\\\/\\\/kmblock.com\\\/pt-pt\\\/#website\"},\"primaryImageOfPage\":{\"@id\":\"https:\\\/\\\/kmblock.com\\\/pt-pt\\\/product\\\/audi-a3-s3-rs3-8y\\\/#primaryimage\"},\"image\":{\"@id\":\"https:\\\/\\\/kmblock.com\\\/pt-pt\\\/product\\\/audi-a3-s3-rs3-8y\\\/#primaryimage\"},\"thumbnailUrl\":\"https:\\\/\\\/kmblock.com\\\/wp-content\\\/uploads\\\/2024\\\/09\\\/Audi-A3S3RS38Y.jpg\",\"datePublished\":\"2024-09-13T22:17:29+00:00\",\"description\":\"Buy a Audi A3\\\/S3\\\/RS3\\\/8Y Mileage Blocker for the Best Prices \u2713 Free Shipping \u2713 Incl. Installation Guides\",\"breadcrumb\":{\"@id\":\"https:\\\/\\\/kmblock.com\\\/pt-pt\\\/product\\\/audi-a3-s3-rs3-8y\\\/#breadcrumb\"},\"inLanguage\":\"pt-PT\",\"potentialAction\":[{\"@type\":\"ReadAction\",\"target\":[\"https:\\\/\\\/kmblock.com\\\/pt-pt\\\/product\\\/audi-a3-s3-rs3-8y\\\/\"]}]},{\"@type\":\"ImageObject\",\"inLanguage\":\"pt-PT\",\"@id\":\"https:\\\/\\\/kmblock.com\\\/pt-pt\\\/product\\\/audi-a3-s3-rs3-8y\\\/#primaryimage\",\"url\":\"https:\\\/\\\/kmblock.com\\\/wp-content\\\/uploads\\\/2024\\\/09\\\/Audi-A3S3RS38Y.jpg\",\"contentUrl\":\"https:\\\/\\\/kmblock.com\\\/wp-content\\\/uploads\\\/2024\\\/09\\\/Audi-A3S3RS38Y.jpg\",\"width\":800,\"height\":800,\"caption\":\"Audi-A3:S3:RS3:8Y\"},{\"@type\":\"BreadcrumbList\",\"@id\":\"https:\\\/\\\/kmblock.com\\\/pt-pt\\\/product\\\/audi-a3-s3-rs3-8y\\\/#breadcrumb\",\"itemListElement\":[{\"@type\":\"ListItem\",\"position\":1,\"name\":\"Casa\",\"item\":\"https:\\\/\\\/kmblock.com\\\/pt-pt\\\/\"},{\"@type\":\"ListItem\",\"position\":2,\"name\":\"Produtos\",\"item\":\"https:\\\/\\\/kmblock.com\\\/pt-pt\\\/shop\\\/\"},{\"@type\":\"ListItem\",\"position\":3,\"name\":\"Audi A3\\\/S3\\\/RS3\\\/8Y\"}]},{\"@type\":\"WebSite\",\"@id\":\"https:\\\/\\\/kmblock.com\\\/pt-pt\\\/#website\",\"url\":\"https:\\\/\\\/kmblock.com\\\/pt-pt\\\/\",\"name\":\"KM Block\",\"description\":\"\",\"publisher\":{\"@id\":\"https:\\\/\\\/kmblock.com\\\/pt-pt\\\/#organization\"},\"potentialAction\":[{\"@type\":\"SearchAction\",\"target\":{\"@type\":\"EntryPoint\",\"urlTemplate\":\"https:\\\/\\\/kmblock.com\\\/pt-pt\\\/?s={search_term_string}\"},\"query-input\":{\"@type\":\"PropertyValueSpecification\",\"valueRequired\":true,\"valueName\":\"search_term_string\"}}],\"inLanguage\":\"pt-PT\"},{\"@type\":\"Organization\",\"@id\":\"https:\\\/\\\/kmblock.com\\\/pt-pt\\\/#organization\",\"name\":\"Bloco KM\",\"url\":\"https:\\\/\\\/kmblock.com\\\/pt-pt\\\/\",\"logo\":{\"@type\":\"ImageObject\",\"inLanguage\":\"pt-PT\",\"@id\":\"https:\\\/\\\/kmblock.com\\\/pt-pt\\\/#\\\/schema\\\/logo\\\/image\\\/\",\"url\":\"https:\\\/\\\/kmblock.com\\\/wp-content\\\/uploads\\\/2024\\\/08\\\/main-logo.png\",\"contentUrl\":\"https:\\\/\\\/kmblock.com\\\/wp-content\\\/uploads\\\/2024\\\/08\\\/main-logo.png\",\"width\":186,\"height\":28,\"caption\":\"Bloco KM\"},\"image\":{\"@id\":\"https:\\\/\\\/kmblock.com\\\/pt-pt\\\/#\\\/schema\\\/logo\\\/image\\\/\"}}]}<\/script>\n<!-- \/ Yoast SEO plugin. -->","yoast_head_json":{"title":"Audi A3\/S3\/RS3\/8Y Mileage Blocker (KM stopper) \u2192 KM Block","description":"Buy a Audi A3\/S3\/RS3\/8Y Mileage Blocker for the Best Prices \u2713 Free Shipping \u2713 Incl. Installation Guides","robots":{"index":"index","follow":"follow","max-snippet":"max-snippet:-1","max-image-preview":"max-image-preview:large","max-video-preview":"max-video-preview:-1"},"og_locale":"pt_PT","og_type":"article","og_title":"Audi A3\/S3\/RS3\/8Y Mileage Blocker (KM stopper) \u2192 KM Block","og_description":"Buy a Audi A3\/S3\/RS3\/8Y Mileage Blocker for the Best Prices \u2713 Free Shipping \u2713 Incl. Installation Guides","og_url":"https:\/\/kmblock.com\/pt-pt\/product\/audi-a3-s3-rs3-8y\/","og_site_name":"KM Block","og_image":[{"width":800,"height":800,"url":"https:\/\/kmblock.com\/wp-content\/uploads\/2024\/09\/Audi-A3S3RS38Y.jpg","type":"image\/jpeg"}],"twitter_card":"summary_large_image","twitter_misc":{"Tempo estimado de leitura":"3 minutos"},"schema":{"@context":"https:\/\/schema.org","@graph":[{"@type":"WebPage","@id":"https:\/\/kmblock.com\/pt-pt\/product\/audi-a3-s3-rs3-8y\/","url":"https:\/\/kmblock.com\/pt-pt\/product\/audi-a3-s3-rs3-8y\/","name":"Audi A3\/S3\/RS3\/8Y Mileage Blocker (KM stopper) \u2192 KM Block","isPartOf":{"@id":"https:\/\/kmblock.com\/pt-pt\/#website"},"primaryImageOfPage":{"@id":"https:\/\/kmblock.com\/pt-pt\/product\/audi-a3-s3-rs3-8y\/#primaryimage"},"image":{"@id":"https:\/\/kmblock.com\/pt-pt\/product\/audi-a3-s3-rs3-8y\/#primaryimage"},"thumbnailUrl":"https:\/\/kmblock.com\/wp-content\/uploads\/2024\/09\/Audi-A3S3RS38Y.jpg","datePublished":"2024-09-13T22:17:29+00:00","description":"Buy a Audi A3\/S3\/RS3\/8Y Mileage Blocker for the Best Prices \u2713 Free Shipping \u2713 Incl. Installation Guides","breadcrumb":{"@id":"https:\/\/kmblock.com\/pt-pt\/product\/audi-a3-s3-rs3-8y\/#breadcrumb"},"inLanguage":"pt-PT","potentialAction":[{"@type":"ReadAction","target":["https:\/\/kmblock.com\/pt-pt\/product\/audi-a3-s3-rs3-8y\/"]}]},{"@type":"ImageObject","inLanguage":"pt-PT","@id":"https:\/\/kmblock.com\/pt-pt\/product\/audi-a3-s3-rs3-8y\/#primaryimage","url":"https:\/\/kmblock.com\/wp-content\/uploads\/2024\/09\/Audi-A3S3RS38Y.jpg","contentUrl":"https:\/\/kmblock.com\/wp-content\/uploads\/2024\/09\/Audi-A3S3RS38Y.jpg","width":800,"height":800,"caption":"Audi-A3:S3:RS3:8Y"},{"@type":"BreadcrumbList","@id":"https:\/\/kmblock.com\/pt-pt\/product\/audi-a3-s3-rs3-8y\/#breadcrumb","itemListElement":[{"@type":"ListItem","position":1,"name":"Casa","item":"https:\/\/kmblock.com\/pt-pt\/"},{"@type":"ListItem","position":2,"name":"Produtos","item":"https:\/\/kmblock.com\/pt-pt\/shop\/"},{"@type":"ListItem","position":3,"name":"Audi A3\/S3\/RS3\/8Y"}]},{"@type":"WebSite","@id":"https:\/\/kmblock.com\/pt-pt\/#website","url":"https:\/\/kmblock.com\/pt-pt\/","name":"KM Block","description":"","publisher":{"@id":"https:\/\/kmblock.com\/pt-pt\/#organization"},"potentialAction":[{"@type":"SearchAction","target":{"@type":"EntryPoint","urlTemplate":"https:\/\/kmblock.com\/pt-pt\/?s={search_term_string}"},"query-input":{"@type":"PropertyValueSpecification","valueRequired":true,"valueName":"search_term_string"}}],"inLanguage":"pt-PT"},{"@type":"Organization","@id":"https:\/\/kmblock.com\/pt-pt\/#organization","name":"Bloco KM","url":"https:\/\/kmblock.com\/pt-pt\/","logo":{"@type":"ImageObject","inLanguage":"pt-PT","@id":"https:\/\/kmblock.com\/pt-pt\/#\/schema\/logo\/image\/","url":"https:\/\/kmblock.com\/wp-content\/uploads\/2024\/08\/main-logo.png","contentUrl":"https:\/\/kmblock.com\/wp-content\/uploads\/2024\/08\/main-logo.png","width":186,"height":28,"caption":"Bloco KM"},"image":{"@id":"https:\/\/kmblock.com\/pt-pt\/#\/schema\/logo\/image\/"}}]}},"_links":{"self":[{"href":"https:\/\/kmblock.com\/pt-pt\/wp-json\/wp\/v2\/product\/10090","targetHints":{"allow":["GET"]}}],"collection":[{"href":"https:\/\/kmblock.com\/pt-pt\/wp-json\/wp\/v2\/product"}],"about":[{"href":"https:\/\/kmblock.com\/pt-pt\/wp-json\/wp\/v2\/types\/product"}],"replies":[{"embeddable":true,"href":"https:\/\/kmblock.com\/pt-pt\/wp-json\/wp\/v2\/comments?post=10090"}],"wp:featuredmedia":[{"embeddable":true,"href":"https:\/\/kmblock.com\/pt-pt\/wp-json\/wp\/v2\/media\/640"}],"wp:attachment":[{"href":"https:\/\/kmblock.com\/pt-pt\/wp-json\/wp\/v2\/media?parent=10090"}],"wp:term":[{"taxonomy":"product_brand","embeddable":true,"href":"https:\/\/kmblock.com\/pt-pt\/wp-json\/wp\/v2\/product_brand?post=10090"},{"taxonomy":"product_cat","embeddable":true,"href":"https:\/\/kmblock.com\/pt-pt\/wp-json\/wp\/v2\/product_cat?post=10090"},{"taxonomy":"product_tag","embeddable":true,"href":"https:\/\/kmblock.com\/pt-pt\/wp-json\/wp\/v2\/product_tag?post=10090"}],"curies":[{"name":"wp","href":"https:\/\/api.w.org\/{rel}","templated":true}]}}