{"id":10050,"date":"2024-08-12T00:44:58","date_gmt":"2024-08-12T00:44:58","guid":{"rendered":"https:\/\/kmblock.com\/termos-e-condicoes\/"},"modified":"2026-02-18T20:07:01","modified_gmt":"2026-02-18T20:07:01","slug":"termos-e-condicoes","status":"publish","type":"page","link":"https:\/\/kmblock.com\/pt-pt\/termos-e-condicoes\/","title":{"rendered":"Termos e condi\u00e7\u00f5es"},"content":{"rendered":"\t\t<div data-elementor-type=\"wp-page\" data-elementor-id=\"10050\" class=\"elementor elementor-10050 elementor-438\" data-elementor-post-type=\"page\">\n\t\t\t\t\t\t<section class=\"elementor-section elementor-top-section elementor-element elementor-element-e733f46 elementor-section-boxed elementor-section-height-default elementor-section-height-default\" data-id=\"e733f46\" data-element_type=\"section\" data-e-type=\"section\">\n\t\t\t\t\t\t<div class=\"elementor-container elementor-column-gap-default\">\n\t\t\t\t\t<div class=\"elementor-column elementor-col-100 elementor-top-column elementor-element elementor-element-7325ed8\" data-id=\"7325ed8\" data-element_type=\"column\" data-e-type=\"column\">\n\t\t\t<div class=\"elementor-widget-wrap elementor-element-populated\">\n\t\t\t\t\t\t<div class=\"elementor-element elementor-element-b8d7b1d elementor-widget-tablet__width-initial elementor-widget elementor-widget-text-editor\" data-id=\"b8d7b1d\" data-element_type=\"widget\" data-e-type=\"widget\" data-widget_type=\"text-editor.default\">\n\t\t\t\t<div class=\"elementor-widget-container\">\n\t\t\t\t\t\t\t\t\t<h1>Termos e condi\u00e7\u00f5es<\/h1><p data-pm-slice=\"1 1 []\"><strong>1. \u00c2mbito de aplica\u00e7\u00e3o<\/strong><\/p><p>1.1 Os presentes Termos e Condi\u00e7\u00f5es regem a rela\u00e7\u00e3o comercial entre a KMblock.com (doravante designada por &#8221;Vendedor&#8221;) e os seus clientes (doravante designados por &#8221;Cliente&#8221;) para todas as transac\u00e7\u00f5es realizadas atrav\u00e9s do website do Vendedor.<\/p><p>1.2 O servi\u00e7o de apoio ao cliente est\u00e1 dispon\u00edvel nos dias \u00fateis, das 10:00 \u00e0s 22:00 horas, atrav\u00e9s do endere\u00e7o eletr\u00f3nico <a href=\"mailto:info@kmblock.com\">info@kmblock.com.<\/a><\/p><p>1.3 Um &#8221;Consumidor&#8221; \u00e9 definido como qualquer pessoa singular que conclua um neg\u00f3cio jur\u00eddico para fins n\u00e3o predominantemente relacionados com a sua atividade comercial, empresarial ou profissional.<\/p><p>1.4 Quaisquer termos e condi\u00e7\u00f5es divergentes propostos pelo Cliente n\u00e3o s\u00e3o reconhecidos, a menos que explicitamente aceites pelo Vendedor.<\/p><div><strong>2. Ofertas e descri\u00e7\u00f5es de servi\u00e7os<\/strong><\/div><p>2.1 Os produtos apresentados em KMblock.com s\u00e3o convites n\u00e3o vinculativos para efetuar uma encomenda. As descri\u00e7\u00f5es de desempenho no s\u00edtio Web n\u00e3o constituem uma garantia, salvo indica\u00e7\u00e3o expressa em contr\u00e1rio. <\/p><p>2.2 Todas as ofertas s\u00e3o v\u00e1lidas &#8221;enquanto durarem os stocks&#8221;, salvo indica\u00e7\u00e3o em contr\u00e1rio.<\/p><div><strong>3. Processo de encomenda e celebra\u00e7\u00e3o do contrato<\/strong><\/div><p>3.1 Os clientes podem selecionar produtos e adicion\u00e1-los ao seu carrinho de compras. A encomenda \u00e9 finalizada clicando no bot\u00e3o [Efetuar encomenda]. <\/p><p>3.2 O Cliente receber\u00e1 um e-mail autom\u00e1tico a confirmar a rece\u00e7\u00e3o da encomenda. Esta confirma\u00e7\u00e3o n\u00e3o constitui uma aceita\u00e7\u00e3o da encomenda. O contrato s\u00f3 \u00e9 celebrado quando o Vendedor envia a mercadoria ou confirma o envio por correio eletr\u00f3nico.  <\/p><p>3.3 Se for selecionado o pr\u00e9-pagamento e o pagamento n\u00e3o for recebido no prazo de 10 dias de calend\u00e1rio, o Vendedor reserva-se o direito de cancelar a encomenda.<\/p><div><strong>4. Pre\u00e7os e custos de envio<\/strong><\/div><p>4.1 Todos os pre\u00e7os incluem o IVA aplic\u00e1vel.<\/p><p>4.2 Os custos de envio s\u00e3o calculados separadamente e apresentados durante o processo de pagamento. Poder\u00e3o aplicar-se direitos aduaneiros ou taxas de importa\u00e7\u00e3o adicionais para envios internacionais. <\/p><div><strong>5. Entrega e disponibilidade dos bens<\/strong><\/div><p>5.1 As encomendas s\u00e3o enviadas ap\u00f3s a rece\u00e7\u00e3o do pagamento (se tiveres selecionado o pr\u00e9-pagamento).<\/p><p>5.2 Se, apesar de tr\u00eas tentativas, a entrega n\u00e3o for efectuada por culpa do cliente, o vendedor reserva-se o direito de rescindir o contrato. Os pagamentos efectuados ser\u00e3o reembolsados, menos os custos de envio. <\/p><p>5.3 Se um produto n\u00e3o estiver dispon\u00edvel devido a problemas com o fornecedor fora do controlo do Vendedor, este pode cancelar a encomenda e reembolsar o Cliente.<\/p><p>5.4 Os clientes s\u00e3o informados dos prazos e restri\u00e7\u00f5es de entrega durante o processo de encomenda.<\/p><div><strong>6. Pol\u00edtica de reembolso e devolu\u00e7\u00e3o<\/strong><\/div><p>6.1 O cliente pode anular a sua encomenda no prazo de 30 dias a contar da data da sua rece\u00e7\u00e3o, sem necessidade de indicar o motivo. Para o efeito, deve notificar o Vendedor por escrito (por exemplo, por correio eletr\u00f3nico ou carta). <\/p><p>6.2 Os produtos devem estar fechados, n\u00e3o utilizados e devolvidos na sua embalagem original. As devolu\u00e7\u00f5es s\u00f3 s\u00e3o processadas depois de o Vendedor ter fornecido um n\u00famero de autoriza\u00e7\u00e3o de devolu\u00e7\u00e3o. <\/p><p>6.3 Os reembolsos n\u00e3o incluem custos de envio, direitos aduaneiros e impostos de importa\u00e7\u00e3o. Os reembolsos s\u00e3o emitidos depois de o Vendedor receber e inspecionar os produtos devolvidos. <\/p><div><strong>7. Modalidades de pagamento<\/strong><\/div><p>7.1 Os clientes podem escolher entre os m\u00e9todos de pagamento dispon\u00edveis durante o checkout.<\/p><p>7.2 O pagamento por fatura deve ser efectuado no prazo de 30 dias ap\u00f3s a rece\u00e7\u00e3o da mercadoria. Todos os outros pagamentos devem ser efectuados antecipadamente. <\/p><p>7.3 Os pagamentos em atraso est\u00e3o sujeitos a juros de mora legais. Podem ainda ser reclamadas outras indemniza\u00e7\u00f5es por atraso de pagamento. <\/p><div><strong>8. Conserva\u00e7\u00e3o do t\u00edtulo<\/strong><\/div><p>8.1 Os bens permanecem propriedade do Vendedor at\u00e9 \u00e0 rece\u00e7\u00e3o do pagamento integral.<\/p><div><strong>9. Garantia contra defeitos e garantia<\/strong><\/div><p>9.1 Os direitos de garantia regem-se pelas disposi\u00e7\u00f5es legais.<\/p><p>9.2 As garantias adicionais s\u00f3 se aplicam se forem explicitamente indicadas na p\u00e1gina do produto.<\/p><div><strong>10. Responsabilidade civil<\/strong><\/div><p>10.1 O Vendedor \u00e9 respons\u00e1vel por danos causados por dolo ou neglig\u00eancia grave.<\/p><p>10.2 Em caso de neglig\u00eancia ligeira, o Vendedor \u00e9 respons\u00e1vel apenas por viola\u00e7\u00f5es de obriga\u00e7\u00f5es contratuais essenciais e limitadas a danos previs\u00edveis.<\/p><p>10.3 A responsabilidade por danos \u00e0 vida, ao corpo ou \u00e0 sa\u00fade n\u00e3o \u00e9 afetada.<\/p><p><strong>11. Armazenamento do texto do contrato<\/strong><\/p><p>11.1 O cliente pode imprimir o texto do contrato antes de concluir a sua encomenda.<\/p><p>11.2 Os detalhes e as condi\u00e7\u00f5es da encomenda s\u00e3o enviados ao Cliente por correio eletr\u00f3nico ap\u00f3s a confirma\u00e7\u00e3o da encomenda.<\/p><p>11.3 Os contratos s\u00e3o armazenados pelo Vendedor, mas n\u00e3o est\u00e3o acess\u00edveis em linha por raz\u00f5es de seguran\u00e7a.<\/p><div> <\/div><p><strong>12. Disposi\u00e7\u00f5es finais<\/strong><\/p><p>12.1 O local de jurisdi\u00e7\u00e3o para todos os lit\u00edgios \u00e9 a sede social do Vendedor, se o Cliente for um comerciante.<\/p><p>12.2 A l\u00edngua do contrato \u00e9 o neerland\u00eas e o ingl\u00eas.<\/p><p>12.3 A plataforma de resolu\u00e7\u00e3o de lit\u00edgios em linha da Comiss\u00e3o Europeia est\u00e1 dispon\u00edvel em <a href=\"http:\/\/ec.europa.eu\/consumers\/odr\/\">http:\/\/ec.europa.eu\/consumers\/odr\/.<\/a> O Vendedor n\u00e3o \u00e9 obrigado a participar num processo de resolu\u00e7\u00e3o de lit\u00edgios perante uma comiss\u00e3o de arbitragem de consumidores. <\/p>\t\t\t\t\t\t\t\t<\/div>\n\t\t\t\t<\/div>\n\t\t\t\t\t<\/div>\n\t\t<\/div>\n\t\t\t\t\t<\/div>\n\t\t<\/section>\n\t\t\t\t<\/div>\n\t\t","protected":false},"excerpt":{"rendered":"<p>Termos e condi\u00e7\u00f5es 1. \u00c2mbito de aplica\u00e7\u00e3o 1.1 Os presentes Termos e Condi\u00e7\u00f5es regem a rela\u00e7\u00e3o comercial entre a KMblock.com (doravante designada por &#8221;Vendedor&#8221;) e os seus clientes (doravante designados por &#8221;Cliente&#8221;) para todas as transac\u00e7\u00f5es realizadas atrav\u00e9s do website do Vendedor. 1.2 O servi\u00e7o de apoio ao cliente est\u00e1 dispon\u00edvel nos dias \u00fateis, das [&hellip;]<\/p>\n","protected":false},"author":6,"featured_media":0,"parent":0,"menu_order":0,"comment_status":"closed","ping_status":"closed","template":"elementor_header_footer","meta":{"footnotes":""},"class_list":["post-10050","page","type-page","status-publish","hentry"],"yoast_head":"<!-- This site is optimized with the Yoast SEO plugin v27.5 - https:\/\/yoast.com\/product\/yoast-seo-wordpress\/ -->\n<title>Termos e condi\u00e7\u00f5es - KM Block<\/title>\n<meta name=\"robots\" content=\"index, follow, max-snippet:-1, max-image-preview:large, max-video-preview:-1\" \/>\n<meta property=\"og:locale\" content=\"pt_PT\" \/>\n<meta property=\"og:type\" content=\"article\" \/>\n<meta property=\"og:title\" content=\"Termos e condi\u00e7\u00f5es - KM Block\" \/>\n<meta property=\"og:description\" content=\"Termos e condi\u00e7\u00f5es 1. \u00c2mbito de aplica\u00e7\u00e3o 1.1 Os presentes Termos e Condi\u00e7\u00f5es regem a rela\u00e7\u00e3o comercial entre a KMblock.com (doravante designada por &#8221;Vendedor&#8221;) e os seus clientes (doravante designados por &#8221;Cliente&#8221;) para todas as transac\u00e7\u00f5es realizadas atrav\u00e9s do website do Vendedor. 1.2 O servi\u00e7o de apoio ao cliente est\u00e1 dispon\u00edvel nos dias \u00fateis, das [&hellip;]\" \/>\n<meta property=\"og:url\" content=\"https:\/\/kmblock.com\/pt-pt\/termos-e-condicoes\/\" \/>\n<meta property=\"og:site_name\" content=\"KM Block\" \/>\n<meta property=\"article:modified_time\" content=\"2026-02-18T20:07:01+00:00\" \/>\n<meta name=\"twitter:card\" content=\"summary_large_image\" \/>\n<meta name=\"twitter:label1\" content=\"Tempo estimado de leitura\" \/>\n\t<meta name=\"twitter:data1\" content=\"4 minutos\" \/>\n<script type=\"application\/ld+json\" class=\"yoast-schema-graph\">{\"@context\":\"https:\\\/\\\/schema.org\",\"@graph\":[{\"@type\":\"WebPage\",\"@id\":\"https:\\\/\\\/kmblock.com\\\/pt-pt\\\/termos-e-condicoes\\\/\",\"url\":\"https:\\\/\\\/kmblock.com\\\/pt-pt\\\/termos-e-condicoes\\\/\",\"name\":\"Termos e condi\u00e7\u00f5es - KM Block\",\"isPartOf\":{\"@id\":\"https:\\\/\\\/kmblock.com\\\/pt-pt\\\/#website\"},\"datePublished\":\"2024-08-12T00:44:58+00:00\",\"dateModified\":\"2026-02-18T20:07:01+00:00\",\"breadcrumb\":{\"@id\":\"https:\\\/\\\/kmblock.com\\\/pt-pt\\\/termos-e-condicoes\\\/#breadcrumb\"},\"inLanguage\":\"pt-PT\",\"potentialAction\":[{\"@type\":\"ReadAction\",\"target\":[\"https:\\\/\\\/kmblock.com\\\/pt-pt\\\/termos-e-condicoes\\\/\"]}]},{\"@type\":\"BreadcrumbList\",\"@id\":\"https:\\\/\\\/kmblock.com\\\/pt-pt\\\/termos-e-condicoes\\\/#breadcrumb\",\"itemListElement\":[{\"@type\":\"ListItem\",\"position\":1,\"name\":\"Casa\",\"item\":\"https:\\\/\\\/kmblock.com\\\/pt-pt\\\/\"},{\"@type\":\"ListItem\",\"position\":2,\"name\":\"Termos e condi\u00e7\u00f5es\"}]},{\"@type\":\"WebSite\",\"@id\":\"https:\\\/\\\/kmblock.com\\\/pt-pt\\\/#website\",\"url\":\"https:\\\/\\\/kmblock.com\\\/pt-pt\\\/\",\"name\":\"KM Block\",\"description\":\"\",\"publisher\":{\"@id\":\"https:\\\/\\\/kmblock.com\\\/pt-pt\\\/#organization\"},\"potentialAction\":[{\"@type\":\"SearchAction\",\"target\":{\"@type\":\"EntryPoint\",\"urlTemplate\":\"https:\\\/\\\/kmblock.com\\\/pt-pt\\\/?s={search_term_string}\"},\"query-input\":{\"@type\":\"PropertyValueSpecification\",\"valueRequired\":true,\"valueName\":\"search_term_string\"}}],\"inLanguage\":\"pt-PT\"},{\"@type\":\"Organization\",\"@id\":\"https:\\\/\\\/kmblock.com\\\/pt-pt\\\/#organization\",\"name\":\"Bloco KM\",\"url\":\"https:\\\/\\\/kmblock.com\\\/pt-pt\\\/\",\"logo\":{\"@type\":\"ImageObject\",\"inLanguage\":\"pt-PT\",\"@id\":\"https:\\\/\\\/kmblock.com\\\/pt-pt\\\/#\\\/schema\\\/logo\\\/image\\\/\",\"url\":\"https:\\\/\\\/kmblock.com\\\/wp-content\\\/uploads\\\/2024\\\/08\\\/main-logo.png\",\"contentUrl\":\"https:\\\/\\\/kmblock.com\\\/wp-content\\\/uploads\\\/2024\\\/08\\\/main-logo.png\",\"width\":186,\"height\":28,\"caption\":\"Bloco KM\"},\"image\":{\"@id\":\"https:\\\/\\\/kmblock.com\\\/pt-pt\\\/#\\\/schema\\\/logo\\\/image\\\/\"}}]}<\/script>\n<!-- \/ Yoast SEO plugin. -->","yoast_head_json":{"title":"Termos e condi\u00e7\u00f5es - KM Block","robots":{"index":"index","follow":"follow","max-snippet":"max-snippet:-1","max-image-preview":"max-image-preview:large","max-video-preview":"max-video-preview:-1"},"og_locale":"pt_PT","og_type":"article","og_title":"Termos e condi\u00e7\u00f5es - KM Block","og_description":"Termos e condi\u00e7\u00f5es 1. \u00c2mbito de aplica\u00e7\u00e3o 1.1 Os presentes Termos e Condi\u00e7\u00f5es regem a rela\u00e7\u00e3o comercial entre a KMblock.com (doravante designada por &#8221;Vendedor&#8221;) e os seus clientes (doravante designados por &#8221;Cliente&#8221;) para todas as transac\u00e7\u00f5es realizadas atrav\u00e9s do website do Vendedor. 1.2 O servi\u00e7o de apoio ao cliente est\u00e1 dispon\u00edvel nos dias \u00fateis, das [&hellip;]","og_url":"https:\/\/kmblock.com\/pt-pt\/termos-e-condicoes\/","og_site_name":"KM Block","article_modified_time":"2026-02-18T20:07:01+00:00","twitter_card":"summary_large_image","twitter_misc":{"Tempo estimado de leitura":"4 minutos"},"schema":{"@context":"https:\/\/schema.org","@graph":[{"@type":"WebPage","@id":"https:\/\/kmblock.com\/pt-pt\/termos-e-condicoes\/","url":"https:\/\/kmblock.com\/pt-pt\/termos-e-condicoes\/","name":"Termos e condi\u00e7\u00f5es - KM Block","isPartOf":{"@id":"https:\/\/kmblock.com\/pt-pt\/#website"},"datePublished":"2024-08-12T00:44:58+00:00","dateModified":"2026-02-18T20:07:01+00:00","breadcrumb":{"@id":"https:\/\/kmblock.com\/pt-pt\/termos-e-condicoes\/#breadcrumb"},"inLanguage":"pt-PT","potentialAction":[{"@type":"ReadAction","target":["https:\/\/kmblock.com\/pt-pt\/termos-e-condicoes\/"]}]},{"@type":"BreadcrumbList","@id":"https:\/\/kmblock.com\/pt-pt\/termos-e-condicoes\/#breadcrumb","itemListElement":[{"@type":"ListItem","position":1,"name":"Casa","item":"https:\/\/kmblock.com\/pt-pt\/"},{"@type":"ListItem","position":2,"name":"Termos e condi\u00e7\u00f5es"}]},{"@type":"WebSite","@id":"https:\/\/kmblock.com\/pt-pt\/#website","url":"https:\/\/kmblock.com\/pt-pt\/","name":"KM Block","description":"","publisher":{"@id":"https:\/\/kmblock.com\/pt-pt\/#organization"},"potentialAction":[{"@type":"SearchAction","target":{"@type":"EntryPoint","urlTemplate":"https:\/\/kmblock.com\/pt-pt\/?s={search_term_string}"},"query-input":{"@type":"PropertyValueSpecification","valueRequired":true,"valueName":"search_term_string"}}],"inLanguage":"pt-PT"},{"@type":"Organization","@id":"https:\/\/kmblock.com\/pt-pt\/#organization","name":"Bloco KM","url":"https:\/\/kmblock.com\/pt-pt\/","logo":{"@type":"ImageObject","inLanguage":"pt-PT","@id":"https:\/\/kmblock.com\/pt-pt\/#\/schema\/logo\/image\/","url":"https:\/\/kmblock.com\/wp-content\/uploads\/2024\/08\/main-logo.png","contentUrl":"https:\/\/kmblock.com\/wp-content\/uploads\/2024\/08\/main-logo.png","width":186,"height":28,"caption":"Bloco KM"},"image":{"@id":"https:\/\/kmblock.com\/pt-pt\/#\/schema\/logo\/image\/"}}]}},"_links":{"self":[{"href":"https:\/\/kmblock.com\/pt-pt\/wp-json\/wp\/v2\/pages\/10050","targetHints":{"allow":["GET"]}}],"collection":[{"href":"https:\/\/kmblock.com\/pt-pt\/wp-json\/wp\/v2\/pages"}],"about":[{"href":"https:\/\/kmblock.com\/pt-pt\/wp-json\/wp\/v2\/types\/page"}],"author":[{"embeddable":true,"href":"https:\/\/kmblock.com\/pt-pt\/wp-json\/wp\/v2\/users\/6"}],"replies":[{"embeddable":true,"href":"https:\/\/kmblock.com\/pt-pt\/wp-json\/wp\/v2\/comments?post=10050"}],"version-history":[{"count":1,"href":"https:\/\/kmblock.com\/pt-pt\/wp-json\/wp\/v2\/pages\/10050\/revisions"}],"predecessor-version":[{"id":10052,"href":"https:\/\/kmblock.com\/pt-pt\/wp-json\/wp\/v2\/pages\/10050\/revisions\/10052"}],"wp:attachment":[{"href":"https:\/\/kmblock.com\/pt-pt\/wp-json\/wp\/v2\/media?parent=10050"}],"curies":[{"name":"wp","href":"https:\/\/api.w.org\/{rel}","templated":true}]}}