{"id":10034,"date":"2024-08-12T00:42:10","date_gmt":"2024-08-12T00:42:10","guid":{"rendered":"https:\/\/kmblock.com\/politica-de-privacidade\/"},"modified":"2026-02-18T20:06:50","modified_gmt":"2026-02-18T20:06:50","slug":"politica-de-privacidade","status":"publish","type":"page","link":"https:\/\/kmblock.com\/pt-pt\/politica-de-privacidade\/","title":{"rendered":"Pol\u00edtica de privacidade"},"content":{"rendered":"\t\t<div data-elementor-type=\"wp-page\" data-elementor-id=\"10034\" class=\"elementor elementor-10034 elementor-430\" data-elementor-post-type=\"page\">\n\t\t\t\t\t\t<section class=\"elementor-section elementor-top-section elementor-element elementor-element-724f217 elementor-section-boxed elementor-section-height-default elementor-section-height-default\" data-id=\"724f217\" data-element_type=\"section\" data-e-type=\"section\">\n\t\t\t\t\t\t<div class=\"elementor-container elementor-column-gap-default\">\n\t\t\t\t\t<div class=\"elementor-column elementor-col-100 elementor-top-column elementor-element elementor-element-c0e56fe\" data-id=\"c0e56fe\" data-element_type=\"column\" data-e-type=\"column\">\n\t\t\t<div class=\"elementor-widget-wrap elementor-element-populated\">\n\t\t\t\t\t\t<div class=\"elementor-element elementor-element-c80bc3a elementor-widget elementor-widget-text-editor\" data-id=\"c80bc3a\" data-element_type=\"widget\" data-e-type=\"widget\" data-widget_type=\"text-editor.default\">\n\t\t\t\t<div class=\"elementor-widget-container\">\n\t\t\t\t\t\t\t\t\t<h1>Pol\u00edtica de privacidade<\/h1><p>Na KM Block, estamos empenhados em salvaguardar a tua privacidade. Esta Pol\u00edtica de Privacidade descreve como recolhemos, usamos e protegemos as tuas informa\u00e7\u00f5es pessoais quando visitas o nosso site. Aplica-se exclusivamente aos dados recolhidos atrav\u00e9s deste website.  <\/p><h4>Recolha e utiliza\u00e7\u00e3o de informa\u00e7\u00f5es<\/h4><p>Respeitamos a tua privacidade e n\u00e3o partilhamos a tua informa\u00e7\u00e3o pessoal com organiza\u00e7\u00f5es terceiras. Os dados que forneces, seja por e-mail ou por outros m\u00e9todos diretos, s\u00e3o utilizados exclusivamente pela KM Block. Utilizamos esta informa\u00e7\u00e3o para responder \u00e0s tuas quest\u00f5es e satisfazer os teus pedidos, tais como o processamento de encomendas. Os teus dados n\u00e3o ser\u00e3o partilhados fora da nossa empresa, a menos que seja necess\u00e1rio para concluir o teu pedido.   <\/p><p>Com o teu consentimento, poderemos contactar-te no futuro para te informar sobre ofertas especiais, novos produtos, servi\u00e7os ou actualiza\u00e7\u00f5es da presente Pol\u00edtica de Privacidade.<\/p><h4>Registo<\/h4><p>Para aceder a todas as funcionalidades do nosso s\u00edtio Web, os utilizadores poder\u00e3o ter de preencher um formul\u00e1rio de registo. Durante o registo, pedimos determinadas informa\u00e7\u00f5es, como o teu nome e endere\u00e7o de e-mail. Estas informa\u00e7\u00f5es ajudam-nos a manter-te informado sobre os produtos e servi\u00e7os que te interessam. O fornecimento de informa\u00e7\u00f5es demogr\u00e1ficas (como o sexo ou a idade) \u00e9 opcional e n\u00e3o \u00e9 obrigat\u00f3rio.   <\/p><h4>Encomendas e informa\u00e7\u00f5es de pagamento<\/h4><p>Ao efetuar uma encomenda, recolhemos as informa\u00e7\u00f5es de contacto e de pagamento necess\u00e1rias, tais como o teu nome, endere\u00e7o de entrega e dados do cart\u00e3o de cr\u00e9dito (aten\u00e7\u00e3o: n\u00e3o guardamos os dados do cart\u00e3o de cr\u00e9dito e n\u00e3o partilhamos os dados dos clientes com terceiros). Estas informa\u00e7\u00f5es s\u00e3o utilizadas para efeitos de fatura\u00e7\u00e3o e cumprimento da encomenda. Se houver algum problema com o processamento da tua encomenda, utilizaremos estas informa\u00e7\u00f5es para te contactar.  <\/p><h4>Cookies<\/h4><p>Utilizamos &#8221;cookies&#8221; para melhorar a tua experi\u00eancia no nosso s\u00edtio Web. Os cookies s\u00e3o pequenos ficheiros de dados armazenados no teu dispositivo que nos ajudam a reconhecer os visitantes que regressam e a melhorar o teu acesso ao nosso site. Por exemplo, os cookies permitem-te iniciar sess\u00e3o mais facilmente em futuras visitas. Os cookies tamb\u00e9m nos ajudam a seguir as prefer\u00eancias do utilizador para melhorar a tua experi\u00eancia de navega\u00e7\u00e3o. Tem em aten\u00e7\u00e3o que os cookies n\u00e3o est\u00e3o associados a qualquer informa\u00e7\u00e3o pessoal identific\u00e1vel no nosso s\u00edtio Web.    <\/p><h4>Os teus direitos e o controlo dos dados<\/h4><p>Tens o direito de controlar os teus dados pessoais. Podes faz\u00ea-lo: <\/p><p><strong>Cancela a subscri\u00e7\u00e3o de futuras mensagens de correio eletr\u00f3nico em qualquer altura, contactando-nos atrav\u00e9s do endere\u00e7o de correio eletr\u00f3nico ou do n\u00famero de telefone indicados no nosso s\u00edtio Web.<\/strong><\/p><p><strong>Pedir para ver os dados que temos sobre ti, caso existam.<\/strong><\/p><p><strong>Corrigir ou atualizar qualquer informa\u00e7\u00e3o que tenhamos sobre ti.<\/strong><\/p><p><strong>Solicitar a elimina\u00e7\u00e3o de todos os dados que temos sobre ti.<\/strong><\/p><p><strong>Manifesta quaisquer preocupa\u00e7\u00f5es sobre a forma como os teus dados est\u00e3o a ser utilizados.<\/strong><\/p><h4>Seguran\u00e7a<\/h4><p>Tomamos precau\u00e7\u00f5es extensivas para proteger os teus dados. Quando envias informa\u00e7\u00f5es sens\u00edveis atrav\u00e9s do nosso s\u00edtio Web, estas s\u00e3o protegidas tanto online como offline. <\/p><p>Os dados sens\u00edveis, como as informa\u00e7\u00f5es do cart\u00e3o de cr\u00e9dito, s\u00e3o encriptados e transmitidos de forma segura. Podes verificar isto procurando um \u00edcone de cadeado fechado junto ao URL do s\u00edtio Web ou &#8221;https&#8221; no in\u00edcio do endere\u00e7o. <\/p><p>Para al\u00e9m da prote\u00e7\u00e3o online, tamb\u00e9m protegemos as tuas informa\u00e7\u00f5es offline. Apenas funcion\u00e1rios autorizados que necessitem dos dados para tarefas espec\u00edficas (como fatura\u00e7\u00e3o ou servi\u00e7o de apoio ao cliente) t\u00eam acesso \u00e0s tuas informa\u00e7\u00f5es pessoais. Todos os dados s\u00e3o armazenados de forma segura nos nossos servidores.  <\/p><p>Se considerares que n\u00e3o estamos a cumprir esta Pol\u00edtica de Privacidade, contacta-nos imediatamente atrav\u00e9s do endere\u00e7o<\/p><p>Telefona: <a href=\"tel:+31644402049\/\"><span class=\"elementor-icon-list-text\">+316 44 40 20 49<\/span><\/a><br>Correio eletr\u00f3nico: <a href=\"mailto:info@kmblock.com\">info@kmblock.com<\/a><\/p><h4>Dados e an\u00e1lises de visitantes<\/h4><p>Este site utiliza o Google Tag Manager, o Google Analytics 4 e o Microsoft Clarity para recolher e analisar dados de comportamento dos visitantes para fins de marketing e otimiza\u00e7\u00e3o. Os dados recolhidos s\u00e3o an\u00f3nimos e n\u00e3o incluem informa\u00e7\u00f5es de identifica\u00e7\u00e3o pessoal. Os cookies podem ser utilizados para melhorar a tua experi\u00eancia de navega\u00e7\u00e3o, mas n\u00e3o s\u00e3o utilizados para determinar a tua identidade ou combinados com outros dados pessoais.  <\/p><p>Podes gerir as tuas prefer\u00eancias de dados ou optar por n\u00e3o participar em determinadas funcionalidades de recolha de dados, ajustando as defini\u00e7\u00f5es do teu browser ou utilizando as ferramentas de exclus\u00e3o dispon\u00edveis fornecidas pela Google e pela Microsoft.<\/p>\t\t\t\t\t\t\t\t<\/div>\n\t\t\t\t<\/div>\n\t\t\t\t\t<\/div>\n\t\t<\/div>\n\t\t\t\t\t<\/div>\n\t\t<\/section>\n\t\t\t\t<\/div>\n\t\t","protected":false},"excerpt":{"rendered":"<p>Pol\u00edtica de privacidade Na KM Block, estamos empenhados em salvaguardar a tua privacidade. Esta Pol\u00edtica de Privacidade descreve como recolhemos, usamos e protegemos as tuas informa\u00e7\u00f5es pessoais quando visitas o nosso site. Aplica-se exclusivamente aos dados recolhidos atrav\u00e9s deste website. Recolha e utiliza\u00e7\u00e3o de informa\u00e7\u00f5es Respeitamos a tua privacidade e n\u00e3o partilhamos a tua informa\u00e7\u00e3o [&hellip;]<\/p>\n","protected":false},"author":6,"featured_media":0,"parent":0,"menu_order":0,"comment_status":"closed","ping_status":"closed","template":"elementor_header_footer","meta":{"footnotes":""},"class_list":["post-10034","page","type-page","status-publish","hentry"],"yoast_head":"<!-- This site is optimized with the Yoast SEO plugin v27.5 - https:\/\/yoast.com\/product\/yoast-seo-wordpress\/ -->\n<title>Pol\u00edtica de privacidade - KM Block<\/title>\n<meta name=\"robots\" content=\"index, follow, max-snippet:-1, max-image-preview:large, max-video-preview:-1\" \/>\n<meta property=\"og:locale\" content=\"pt_PT\" \/>\n<meta property=\"og:type\" content=\"article\" \/>\n<meta property=\"og:title\" content=\"Pol\u00edtica de privacidade - KM Block\" \/>\n<meta property=\"og:description\" content=\"Pol\u00edtica de privacidade Na KM Block, estamos empenhados em salvaguardar a tua privacidade. Esta Pol\u00edtica de Privacidade descreve como recolhemos, usamos e protegemos as tuas informa\u00e7\u00f5es pessoais quando visitas o nosso site. Aplica-se exclusivamente aos dados recolhidos atrav\u00e9s deste website. Recolha e utiliza\u00e7\u00e3o de informa\u00e7\u00f5es Respeitamos a tua privacidade e n\u00e3o partilhamos a tua informa\u00e7\u00e3o [&hellip;]\" \/>\n<meta property=\"og:url\" content=\"https:\/\/kmblock.com\/pt-pt\/politica-de-privacidade\/\" \/>\n<meta property=\"og:site_name\" content=\"KM Block\" \/>\n<meta property=\"article:modified_time\" content=\"2026-02-18T20:06:50+00:00\" \/>\n<meta name=\"twitter:card\" content=\"summary_large_image\" \/>\n<meta name=\"twitter:label1\" content=\"Tempo estimado de leitura\" \/>\n\t<meta name=\"twitter:data1\" content=\"4 minutos\" \/>\n<script type=\"application\/ld+json\" class=\"yoast-schema-graph\">{\"@context\":\"https:\\\/\\\/schema.org\",\"@graph\":[{\"@type\":\"WebPage\",\"@id\":\"https:\\\/\\\/kmblock.com\\\/pt-pt\\\/politica-de-privacidade\\\/\",\"url\":\"https:\\\/\\\/kmblock.com\\\/pt-pt\\\/politica-de-privacidade\\\/\",\"name\":\"Pol\u00edtica de privacidade - KM Block\",\"isPartOf\":{\"@id\":\"https:\\\/\\\/kmblock.com\\\/pt-pt\\\/#website\"},\"datePublished\":\"2024-08-12T00:42:10+00:00\",\"dateModified\":\"2026-02-18T20:06:50+00:00\",\"breadcrumb\":{\"@id\":\"https:\\\/\\\/kmblock.com\\\/pt-pt\\\/politica-de-privacidade\\\/#breadcrumb\"},\"inLanguage\":\"pt-PT\",\"potentialAction\":[{\"@type\":\"ReadAction\",\"target\":[\"https:\\\/\\\/kmblock.com\\\/pt-pt\\\/politica-de-privacidade\\\/\"]}]},{\"@type\":\"BreadcrumbList\",\"@id\":\"https:\\\/\\\/kmblock.com\\\/pt-pt\\\/politica-de-privacidade\\\/#breadcrumb\",\"itemListElement\":[{\"@type\":\"ListItem\",\"position\":1,\"name\":\"Casa\",\"item\":\"https:\\\/\\\/kmblock.com\\\/pt-pt\\\/\"},{\"@type\":\"ListItem\",\"position\":2,\"name\":\"Pol\u00edtica de privacidade\"}]},{\"@type\":\"WebSite\",\"@id\":\"https:\\\/\\\/kmblock.com\\\/pt-pt\\\/#website\",\"url\":\"https:\\\/\\\/kmblock.com\\\/pt-pt\\\/\",\"name\":\"KM Block\",\"description\":\"\",\"publisher\":{\"@id\":\"https:\\\/\\\/kmblock.com\\\/pt-pt\\\/#organization\"},\"potentialAction\":[{\"@type\":\"SearchAction\",\"target\":{\"@type\":\"EntryPoint\",\"urlTemplate\":\"https:\\\/\\\/kmblock.com\\\/pt-pt\\\/?s={search_term_string}\"},\"query-input\":{\"@type\":\"PropertyValueSpecification\",\"valueRequired\":true,\"valueName\":\"search_term_string\"}}],\"inLanguage\":\"pt-PT\"},{\"@type\":\"Organization\",\"@id\":\"https:\\\/\\\/kmblock.com\\\/pt-pt\\\/#organization\",\"name\":\"Bloco KM\",\"url\":\"https:\\\/\\\/kmblock.com\\\/pt-pt\\\/\",\"logo\":{\"@type\":\"ImageObject\",\"inLanguage\":\"pt-PT\",\"@id\":\"https:\\\/\\\/kmblock.com\\\/pt-pt\\\/#\\\/schema\\\/logo\\\/image\\\/\",\"url\":\"https:\\\/\\\/kmblock.com\\\/wp-content\\\/uploads\\\/2024\\\/08\\\/main-logo.png\",\"contentUrl\":\"https:\\\/\\\/kmblock.com\\\/wp-content\\\/uploads\\\/2024\\\/08\\\/main-logo.png\",\"width\":186,\"height\":28,\"caption\":\"Bloco KM\"},\"image\":{\"@id\":\"https:\\\/\\\/kmblock.com\\\/pt-pt\\\/#\\\/schema\\\/logo\\\/image\\\/\"}}]}<\/script>\n<!-- \/ Yoast SEO plugin. -->","yoast_head_json":{"title":"Pol\u00edtica de privacidade - KM Block","robots":{"index":"index","follow":"follow","max-snippet":"max-snippet:-1","max-image-preview":"max-image-preview:large","max-video-preview":"max-video-preview:-1"},"og_locale":"pt_PT","og_type":"article","og_title":"Pol\u00edtica de privacidade - KM Block","og_description":"Pol\u00edtica de privacidade Na KM Block, estamos empenhados em salvaguardar a tua privacidade. Esta Pol\u00edtica de Privacidade descreve como recolhemos, usamos e protegemos as tuas informa\u00e7\u00f5es pessoais quando visitas o nosso site. Aplica-se exclusivamente aos dados recolhidos atrav\u00e9s deste website. Recolha e utiliza\u00e7\u00e3o de informa\u00e7\u00f5es Respeitamos a tua privacidade e n\u00e3o partilhamos a tua informa\u00e7\u00e3o [&hellip;]","og_url":"https:\/\/kmblock.com\/pt-pt\/politica-de-privacidade\/","og_site_name":"KM Block","article_modified_time":"2026-02-18T20:06:50+00:00","twitter_card":"summary_large_image","twitter_misc":{"Tempo estimado de leitura":"4 minutos"},"schema":{"@context":"https:\/\/schema.org","@graph":[{"@type":"WebPage","@id":"https:\/\/kmblock.com\/pt-pt\/politica-de-privacidade\/","url":"https:\/\/kmblock.com\/pt-pt\/politica-de-privacidade\/","name":"Pol\u00edtica de privacidade - KM Block","isPartOf":{"@id":"https:\/\/kmblock.com\/pt-pt\/#website"},"datePublished":"2024-08-12T00:42:10+00:00","dateModified":"2026-02-18T20:06:50+00:00","breadcrumb":{"@id":"https:\/\/kmblock.com\/pt-pt\/politica-de-privacidade\/#breadcrumb"},"inLanguage":"pt-PT","potentialAction":[{"@type":"ReadAction","target":["https:\/\/kmblock.com\/pt-pt\/politica-de-privacidade\/"]}]},{"@type":"BreadcrumbList","@id":"https:\/\/kmblock.com\/pt-pt\/politica-de-privacidade\/#breadcrumb","itemListElement":[{"@type":"ListItem","position":1,"name":"Casa","item":"https:\/\/kmblock.com\/pt-pt\/"},{"@type":"ListItem","position":2,"name":"Pol\u00edtica de privacidade"}]},{"@type":"WebSite","@id":"https:\/\/kmblock.com\/pt-pt\/#website","url":"https:\/\/kmblock.com\/pt-pt\/","name":"KM Block","description":"","publisher":{"@id":"https:\/\/kmblock.com\/pt-pt\/#organization"},"potentialAction":[{"@type":"SearchAction","target":{"@type":"EntryPoint","urlTemplate":"https:\/\/kmblock.com\/pt-pt\/?s={search_term_string}"},"query-input":{"@type":"PropertyValueSpecification","valueRequired":true,"valueName":"search_term_string"}}],"inLanguage":"pt-PT"},{"@type":"Organization","@id":"https:\/\/kmblock.com\/pt-pt\/#organization","name":"Bloco KM","url":"https:\/\/kmblock.com\/pt-pt\/","logo":{"@type":"ImageObject","inLanguage":"pt-PT","@id":"https:\/\/kmblock.com\/pt-pt\/#\/schema\/logo\/image\/","url":"https:\/\/kmblock.com\/wp-content\/uploads\/2024\/08\/main-logo.png","contentUrl":"https:\/\/kmblock.com\/wp-content\/uploads\/2024\/08\/main-logo.png","width":186,"height":28,"caption":"Bloco KM"},"image":{"@id":"https:\/\/kmblock.com\/pt-pt\/#\/schema\/logo\/image\/"}}]}},"_links":{"self":[{"href":"https:\/\/kmblock.com\/pt-pt\/wp-json\/wp\/v2\/pages\/10034","targetHints":{"allow":["GET"]}}],"collection":[{"href":"https:\/\/kmblock.com\/pt-pt\/wp-json\/wp\/v2\/pages"}],"about":[{"href":"https:\/\/kmblock.com\/pt-pt\/wp-json\/wp\/v2\/types\/page"}],"author":[{"embeddable":true,"href":"https:\/\/kmblock.com\/pt-pt\/wp-json\/wp\/v2\/users\/6"}],"replies":[{"embeddable":true,"href":"https:\/\/kmblock.com\/pt-pt\/wp-json\/wp\/v2\/comments?post=10034"}],"version-history":[{"count":1,"href":"https:\/\/kmblock.com\/pt-pt\/wp-json\/wp\/v2\/pages\/10034\/revisions"}],"predecessor-version":[{"id":10037,"href":"https:\/\/kmblock.com\/pt-pt\/wp-json\/wp\/v2\/pages\/10034\/revisions\/10037"}],"wp:attachment":[{"href":"https:\/\/kmblock.com\/pt-pt\/wp-json\/wp\/v2\/media?parent=10034"}],"curies":[{"name":"wp","href":"https:\/\/api.w.org\/{rel}","templated":true}]}}