{"id":9889,"date":"2024-09-25T10:04:00","date_gmt":"2024-09-25T10:04:00","guid":{"rendered":"https:\/\/kmblock.com\/product\/volkswagen-t-cross-c1\/"},"modified":"2025-11-26T01:44:15","modified_gmt":"2025-11-26T01:44:15","slug":"volkswagen-t-cross-c1","status":"publish","type":"product","link":"https:\/\/kmblock.com\/es\/product\/volkswagen-t-cross-c1\/","title":{"rendered":"Volkswagen T Cross C1"},"content":{"rendered":"<div class=\"flex max-w-full flex-col flex-grow\">\n<div class=\"min-h-[20px] text-message flex w-full flex-col items-end gap-2 whitespace-normal break-words [.text-message+&amp;]:mt-5\" dir=\"auto\" data-message-author-role=\"assistant\" data-message-id=\"d6917fa6-327f-426b-8c95-0356a88e4710\">\n<div class=\"flex w-full flex-col gap-1 empty:hidden first:pt-[3px]\">\n<div class=\"markdown prose w-full break-words dark:prose-invert dark\">\n<h3>BLOQUEADOR DE KILOMETRAJE PARA VOLKSWAGEN T-CROSS C1<\/h3>\n<p>El <strong>bloqueador de cuentakil\u00f3metros Volkswagen T-Cross C1<\/strong> se conoce a veces como bloqueador de cuentakil\u00f3metros, bloqueador de cuentakil\u00f3metros, bloqueador de latas, bloqueador de cuentakil\u00f3metros, cuentakil\u00f3metros de viaje, filtro de latas o incluso herramienta de correcci\u00f3n de cuentakil\u00f3metros.<\/p>\n<p><strong>COMPATIBILIDAD:<\/strong><br \/>\nEste dispositivo es adecuado para todos los <strong>modelos Volkswagen T-Cross C1<\/strong> lanzados desde 2018.<\/p>\n<hr>\n<h3>ESPECIFICACIONES:<\/h3>\n<ul>\n<li><strong>Instalaci\u00f3n DIY<\/strong>: R\u00e1pida y f\u00e1cil, menos de una hora<\/li>\n<li><strong>Enchufes de primera calidad y cables resistentes al calor<\/strong> para un rendimiento duradero<\/li>\n<li><strong>No hay mensajes de error<\/strong> en el veloc\u00edmetro ni en el sistema de navegaci\u00f3n<\/li>\n<li><strong>M\u00faltiples modos operativos<\/strong> para elegir<\/li>\n<li><strong>No queda rastro despu\u00e9s de retirarlo<\/strong>, no es necesario soldar ni cortar cables para instalarlo<\/li>\n<li><strong>F\u00e1cil de manejar<\/strong> mediante combinaciones de teclas<\/li>\n<li>La <strong>cara de acoplamiento y los rebordes<\/strong> del conector garantizan una instalaci\u00f3n suave y segura<\/li>\n<li><strong>No es necesario acceder a la ECU<\/strong><\/li>\n<li>Se puede <strong>activar o desactivar durante la conducci\u00f3n<\/strong><\/li>\n<li>Tras la retirada, <strong>el kilometraje no aumenta espont\u00e1neamente<\/strong><\/li>\n<li><strong>Los comprobadores de diagn\u00f3stico no pueden detectar un kilometraje alterado<\/strong><\/li>\n<li>Una vez seleccionados los ajustes, se <strong>guardan permanentemente<\/strong><\/li>\n<li><strong>El veloc\u00edmetro y los sistemas de asistencia funcionan perfectamente<\/strong> sin interferencias<\/li>\n<li>La <strong>luz de control del motor<\/strong> puede aparecer en los veh\u00edculos a partir de finales de 2020 cuando se active el dispositivo<\/li>\n<li>Puede producirse una <strong>desviaci\u00f3n de hasta el 1%<\/strong> en el kilometraje al utilizar el modo de alteraci\u00f3n total del kilometraje, aunque se trata de una diferencia menor y esperada<\/li>\n<\/ul>\n<hr>\n<h3>ACTIVACI\u00d3N Y DESACTIVACI\u00d3N:<\/h3>\n<p><span data-sheets-root=\"1\">\u00bb Con el mando \u00abok\u00bb en el volante, mant\u00e9n pulsado hasta que parpadee el intermitente.<\/span><\/p>\n<p><strong>Modo 1:<\/strong> 1 parpadeo a la izquierda 18 por ciento (Todo funciona velocidad crucero, etc.)<\/p>\n<p><strong>Modo 2:<\/strong> 2 parpadeos a la izquierda 0 por ciento (sin velocidad, sin indicador de combustible)<\/p>\n<p><strong>Modo 3:<\/strong> 1 parpadeo derecha 100% (original)\u00bb.<\/p>\n<p>El <strong>Tope Kilom\u00e9trico del Volkswagen T-Cross C1<\/strong> conserva los \u00faltimos ajustes aplicados, por lo que no es necesario reconfigurarlo antes de cada conducci\u00f3n. Se puede activar o desactivar mientras conduces o est\u00e1s parado. <\/p>\n<hr>\n<h3>\u00bfQu\u00e9 es un bloqueador de cuentakil\u00f3metros o corrector de kilometraje Volkswagen T-Cross C1?<\/h3>\n<p>El <strong>bloqueador de kilometraje Volkswagen T-Cross C1<\/strong> se utiliza para detener el registro de kilometraje durante las pruebas de rendimiento. En <g id=\"gid_1\">KM<\/g> Block, proporcionamos el m\u00f3dulo de mejor calidad con componentes genuinos. Tanto si el cuentakil\u00f3metros de tu veh\u00edculo registra millas como kil\u00f3metros, el dispositivo funciona eficazmente para ambos.  <\/p>\n<p>Dise\u00f1amos software espec\u00edfico para cada marca y modelo de veh\u00edculo para garantizar un funcionamiento impecable. La <strong>herramienta Bloqueador de Kilometraje<\/strong> funciona igual de bien para motores di\u00e9sel-gasolina, <strong>veh\u00edculos el\u00e9ctricos h\u00edbridos enchufables (PHEV)<\/strong> y <strong>coches el\u00e9ctricos.<\/strong> <\/p>\n<hr>\n<p><strong>Nota:<\/strong><br \/>\n<strong>No<\/strong> vendemos <strong>herramientas de correcci\u00f3n del kilometraje<\/strong> para el Volkswagen T-Cross C1, ya que suelen utilizarse para alterar fraudulentamente las lecturas del cuentakil\u00f3metros. Estas herramientas suelen fallar porque los veh\u00edculos modernos almacenan los datos del kilometraje en varias ubicaciones. Es posible que las herramientas de anulaci\u00f3n no inviertan completamente los datos del kilometraje.  <\/p>\n<hr>\n<p>Ofrecemos <strong>dispositivos Mileage Stopper<\/strong> para una gran variedad de veh\u00edculos. La instalaci\u00f3n no requiere conocimientos profundos: basta con conectar el m\u00f3dulo entre el veloc\u00edmetro y el cuadro de instrumentos para empezar a utilizar sus funciones. <\/p>\n<p><strong>El Bloqueador de Kilometraje del Volkswagen T-Cross C1<\/strong> puede activarse o desactivarse en cualquier momento, tanto si el coche est\u00e1 en movimiento como parado.<\/p>\n<\/div>\n<\/div>\n<\/div>\n<\/div>\n","protected":false},"excerpt":{"rendered":"<div class=\"flex-shrink-0 flex flex-col relative items-end\">\n<div class=\"pt-0\">\n<div class=\"gizmo-bot-avatar flex h-8 w-8 items-center justify-center overflow-hidden rounded-full\">\n<div class=\"relative p-1 rounded-sm flex items-center justify-center bg-token-main-surface-primary text-token-text-primary h-8 w-8\">\n<p>Antes de hacer el pedido, revisa detenidamente el proceso de activaci\u00f3n del m\u00f3dulo y las notas importantes sobre posibles mensajes de error y<\/p>\n<div class=\"flex-shrink-0 flex flex-col relative items-end\">\n<div class=\"pt-0\">\n<div class=\"gizmo-bot-avatar flex h-8 w-8 items-center justify-center overflow-hidden rounded-full\">\n<div class=\"relative p-1 rounded-sm flex items-center justify-center bg-token-main-surface-primary text-token-text-primary h-8 w-8\">\n<p><strong>PARA LOS MODELOS LANZADOS A PARTIR DE 2018.  <\/strong>Instalaci\u00f3n \u00abhazlo t\u00fa mismo\u00bb para una configuraci\u00f3n sencilla. Funcionamiento irrastreable que garantiza que no haya errores ni rastreabilidad. Se puede activar en movimiento.   Equipado con enchufes de primera calidad y cables resistentes al calor. El veloc\u00edmetro y los sistemas de asistencia funcionan sin problemas. <\/p>\n<p class=\"p1\"><b> \u2705 Integraci\u00f3n perfecta<\/b><b><\/b><\/p>\n<p class=\"p1\">\u2705<b> F\u00e1cil instalaci\u00f3n<\/b><b><\/b><\/p>\n<p class=\"p1\">\u2705<b> Gesti\u00f3n precisa del kilometraje<\/b><b><\/b><\/p>\n<p class=\"p1\"><b> \u2705 Funcionamiento en modo oculto<\/b><b><\/b><\/p>\n<p class=\"p1\"><span class=\"s1\">\u2705<\/span><b> Soporte y actualizaciones de por vida<\/b><\/p>\n<\/div>\n<\/div>\n<\/div>\n<\/div>\n<\/div>\n<\/div>\n<\/div>\n<\/div>\n","protected":false},"featured_media":946,"comment_status":"open","ping_status":"closed","template":"","meta":[],"product_brand":[],"product_cat":[886],"product_tag":[],"class_list":{"0":"post-9889","1":"product","2":"type-product","3":"status-publish","4":"has-post-thumbnail","6":"product_cat-volkswagen","8":"first","9":"instock","10":"taxable","11":"shipping-taxable","12":"purchasable","13":"product-type-variable"},"yoast_head":"<!-- This site is optimized with the Yoast SEO plugin v27.5 - https:\/\/yoast.com\/product\/yoast-seo-wordpress\/ -->\n<title>Volkswagen T Cross C1 Mileage Blocker (KM stopper) \u2192 KM Block<\/title>\n<meta name=\"description\" content=\"Buy a Volkswagen T Cross C1 Mileage Blocker for the Best Prices \u2713 Free Shipping \u2713 Incl. Installation Guides\" \/>\n<meta name=\"robots\" content=\"index, follow, max-snippet:-1, max-image-preview:large, max-video-preview:-1\" \/>\n<meta property=\"og:locale\" content=\"es_ES\" \/>\n<meta property=\"og:type\" content=\"article\" \/>\n<meta property=\"og:title\" content=\"Volkswagen T Cross C1 Mileage Blocker (KM stopper) \u2192 KM Block\" \/>\n<meta property=\"og:description\" content=\"Buy a Volkswagen T Cross C1 Mileage Blocker for the Best Prices \u2713 Free Shipping \u2713 Incl. Installation Guides\" \/>\n<meta property=\"og:url\" content=\"https:\/\/kmblock.com\/es\/product\/volkswagen-t-cross-c1\/\" \/>\n<meta property=\"og:site_name\" content=\"KM Block\" \/>\n<meta property=\"article:modified_time\" content=\"2025-11-26T01:44:15+00:00\" \/>\n<meta property=\"og:image\" content=\"https:\/\/kmblock.com\/wp-content\/uploads\/2024\/09\/Volkswagen-T-Cross-C1.jpg\" \/>\n\t<meta property=\"og:image:width\" content=\"800\" \/>\n\t<meta property=\"og:image:height\" content=\"800\" \/>\n\t<meta property=\"og:image:type\" content=\"image\/jpeg\" \/>\n<meta name=\"twitter:card\" content=\"summary_large_image\" \/>\n<meta name=\"twitter:label1\" content=\"Tiempo de lectura\" \/>\n\t<meta name=\"twitter:data1\" content=\"3 minutos\" \/>\n<script type=\"application\/ld+json\" class=\"yoast-schema-graph\">{\"@context\":\"https:\\\/\\\/schema.org\",\"@graph\":[{\"@type\":\"WebPage\",\"@id\":\"https:\\\/\\\/kmblock.com\\\/es\\\/product\\\/volkswagen-t-cross-c1\\\/\",\"url\":\"https:\\\/\\\/kmblock.com\\\/es\\\/product\\\/volkswagen-t-cross-c1\\\/\",\"name\":\"Volkswagen T Cross C1 Mileage Blocker (KM stopper) \u2192 KM Block\",\"isPartOf\":{\"@id\":\"https:\\\/\\\/kmblock.com\\\/es\\\/#website\"},\"primaryImageOfPage\":{\"@id\":\"https:\\\/\\\/kmblock.com\\\/es\\\/product\\\/volkswagen-t-cross-c1\\\/#primaryimage\"},\"image\":{\"@id\":\"https:\\\/\\\/kmblock.com\\\/es\\\/product\\\/volkswagen-t-cross-c1\\\/#primaryimage\"},\"thumbnailUrl\":\"https:\\\/\\\/kmblock.com\\\/wp-content\\\/uploads\\\/2024\\\/09\\\/Volkswagen-T-Cross-C1.jpg\",\"datePublished\":\"2024-09-25T10:04:00+00:00\",\"dateModified\":\"2025-11-26T01:44:15+00:00\",\"description\":\"Buy a Volkswagen T Cross C1 Mileage Blocker for the Best Prices \u2713 Free Shipping \u2713 Incl. Installation Guides\",\"breadcrumb\":{\"@id\":\"https:\\\/\\\/kmblock.com\\\/es\\\/product\\\/volkswagen-t-cross-c1\\\/#breadcrumb\"},\"inLanguage\":\"es\",\"potentialAction\":[{\"@type\":\"ReadAction\",\"target\":[\"https:\\\/\\\/kmblock.com\\\/es\\\/product\\\/volkswagen-t-cross-c1\\\/\"]}]},{\"@type\":\"ImageObject\",\"inLanguage\":\"es\",\"@id\":\"https:\\\/\\\/kmblock.com\\\/es\\\/product\\\/volkswagen-t-cross-c1\\\/#primaryimage\",\"url\":\"https:\\\/\\\/kmblock.com\\\/wp-content\\\/uploads\\\/2024\\\/09\\\/Volkswagen-T-Cross-C1.jpg\",\"contentUrl\":\"https:\\\/\\\/kmblock.com\\\/wp-content\\\/uploads\\\/2024\\\/09\\\/Volkswagen-T-Cross-C1.jpg\",\"width\":800,\"height\":800,\"caption\":\"Volkswagen T Cross C1\"},{\"@type\":\"BreadcrumbList\",\"@id\":\"https:\\\/\\\/kmblock.com\\\/es\\\/product\\\/volkswagen-t-cross-c1\\\/#breadcrumb\",\"itemListElement\":[{\"@type\":\"ListItem\",\"position\":1,\"name\":\"Inicio\",\"item\":\"https:\\\/\\\/kmblock.com\\\/es\\\/\"},{\"@type\":\"ListItem\",\"position\":2,\"name\":\"Productos\",\"item\":\"https:\\\/\\\/kmblock.com\\\/es\\\/shop\\\/\"},{\"@type\":\"ListItem\",\"position\":3,\"name\":\"Volkswagen T Cross C1\"}]},{\"@type\":\"WebSite\",\"@id\":\"https:\\\/\\\/kmblock.com\\\/es\\\/#website\",\"url\":\"https:\\\/\\\/kmblock.com\\\/es\\\/\",\"name\":\"KM Block\",\"description\":\"\",\"publisher\":{\"@id\":\"https:\\\/\\\/kmblock.com\\\/es\\\/#organization\"},\"potentialAction\":[{\"@type\":\"SearchAction\",\"target\":{\"@type\":\"EntryPoint\",\"urlTemplate\":\"https:\\\/\\\/kmblock.com\\\/es\\\/?s={search_term_string}\"},\"query-input\":{\"@type\":\"PropertyValueSpecification\",\"valueRequired\":true,\"valueName\":\"search_term_string\"}}],\"inLanguage\":\"es\"},{\"@type\":\"Organization\",\"@id\":\"https:\\\/\\\/kmblock.com\\\/es\\\/#organization\",\"name\":\"Bloque KM\",\"url\":\"https:\\\/\\\/kmblock.com\\\/es\\\/\",\"logo\":{\"@type\":\"ImageObject\",\"inLanguage\":\"es\",\"@id\":\"https:\\\/\\\/kmblock.com\\\/es\\\/#\\\/schema\\\/logo\\\/image\\\/\",\"url\":\"https:\\\/\\\/kmblock.com\\\/wp-content\\\/uploads\\\/2024\\\/08\\\/main-logo.png\",\"contentUrl\":\"https:\\\/\\\/kmblock.com\\\/wp-content\\\/uploads\\\/2024\\\/08\\\/main-logo.png\",\"width\":186,\"height\":28,\"caption\":\"Bloque KM\"},\"image\":{\"@id\":\"https:\\\/\\\/kmblock.com\\\/es\\\/#\\\/schema\\\/logo\\\/image\\\/\"}}]}<\/script>\n<!-- \/ Yoast SEO plugin. -->","yoast_head_json":{"title":"Volkswagen T Cross C1 Mileage Blocker (KM stopper) \u2192 KM Block","description":"Buy a Volkswagen T Cross C1 Mileage Blocker for the Best Prices \u2713 Free Shipping \u2713 Incl. Installation Guides","robots":{"index":"index","follow":"follow","max-snippet":"max-snippet:-1","max-image-preview":"max-image-preview:large","max-video-preview":"max-video-preview:-1"},"og_locale":"es_ES","og_type":"article","og_title":"Volkswagen T Cross C1 Mileage Blocker (KM stopper) \u2192 KM Block","og_description":"Buy a Volkswagen T Cross C1 Mileage Blocker for the Best Prices \u2713 Free Shipping \u2713 Incl. Installation Guides","og_url":"https:\/\/kmblock.com\/es\/product\/volkswagen-t-cross-c1\/","og_site_name":"KM Block","article_modified_time":"2025-11-26T01:44:15+00:00","og_image":[{"width":800,"height":800,"url":"https:\/\/kmblock.com\/wp-content\/uploads\/2024\/09\/Volkswagen-T-Cross-C1.jpg","type":"image\/jpeg"}],"twitter_card":"summary_large_image","twitter_misc":{"Tiempo de lectura":"3 minutos"},"schema":{"@context":"https:\/\/schema.org","@graph":[{"@type":"WebPage","@id":"https:\/\/kmblock.com\/es\/product\/volkswagen-t-cross-c1\/","url":"https:\/\/kmblock.com\/es\/product\/volkswagen-t-cross-c1\/","name":"Volkswagen T Cross C1 Mileage Blocker (KM stopper) \u2192 KM Block","isPartOf":{"@id":"https:\/\/kmblock.com\/es\/#website"},"primaryImageOfPage":{"@id":"https:\/\/kmblock.com\/es\/product\/volkswagen-t-cross-c1\/#primaryimage"},"image":{"@id":"https:\/\/kmblock.com\/es\/product\/volkswagen-t-cross-c1\/#primaryimage"},"thumbnailUrl":"https:\/\/kmblock.com\/wp-content\/uploads\/2024\/09\/Volkswagen-T-Cross-C1.jpg","datePublished":"2024-09-25T10:04:00+00:00","dateModified":"2025-11-26T01:44:15+00:00","description":"Buy a Volkswagen T Cross C1 Mileage Blocker for the Best Prices \u2713 Free Shipping \u2713 Incl. Installation Guides","breadcrumb":{"@id":"https:\/\/kmblock.com\/es\/product\/volkswagen-t-cross-c1\/#breadcrumb"},"inLanguage":"es","potentialAction":[{"@type":"ReadAction","target":["https:\/\/kmblock.com\/es\/product\/volkswagen-t-cross-c1\/"]}]},{"@type":"ImageObject","inLanguage":"es","@id":"https:\/\/kmblock.com\/es\/product\/volkswagen-t-cross-c1\/#primaryimage","url":"https:\/\/kmblock.com\/wp-content\/uploads\/2024\/09\/Volkswagen-T-Cross-C1.jpg","contentUrl":"https:\/\/kmblock.com\/wp-content\/uploads\/2024\/09\/Volkswagen-T-Cross-C1.jpg","width":800,"height":800,"caption":"Volkswagen T Cross C1"},{"@type":"BreadcrumbList","@id":"https:\/\/kmblock.com\/es\/product\/volkswagen-t-cross-c1\/#breadcrumb","itemListElement":[{"@type":"ListItem","position":1,"name":"Inicio","item":"https:\/\/kmblock.com\/es\/"},{"@type":"ListItem","position":2,"name":"Productos","item":"https:\/\/kmblock.com\/es\/shop\/"},{"@type":"ListItem","position":3,"name":"Volkswagen T Cross C1"}]},{"@type":"WebSite","@id":"https:\/\/kmblock.com\/es\/#website","url":"https:\/\/kmblock.com\/es\/","name":"KM Block","description":"","publisher":{"@id":"https:\/\/kmblock.com\/es\/#organization"},"potentialAction":[{"@type":"SearchAction","target":{"@type":"EntryPoint","urlTemplate":"https:\/\/kmblock.com\/es\/?s={search_term_string}"},"query-input":{"@type":"PropertyValueSpecification","valueRequired":true,"valueName":"search_term_string"}}],"inLanguage":"es"},{"@type":"Organization","@id":"https:\/\/kmblock.com\/es\/#organization","name":"Bloque KM","url":"https:\/\/kmblock.com\/es\/","logo":{"@type":"ImageObject","inLanguage":"es","@id":"https:\/\/kmblock.com\/es\/#\/schema\/logo\/image\/","url":"https:\/\/kmblock.com\/wp-content\/uploads\/2024\/08\/main-logo.png","contentUrl":"https:\/\/kmblock.com\/wp-content\/uploads\/2024\/08\/main-logo.png","width":186,"height":28,"caption":"Bloque KM"},"image":{"@id":"https:\/\/kmblock.com\/es\/#\/schema\/logo\/image\/"}}]}},"_links":{"self":[{"href":"https:\/\/kmblock.com\/es\/wp-json\/wp\/v2\/product\/9889","targetHints":{"allow":["GET"]}}],"collection":[{"href":"https:\/\/kmblock.com\/es\/wp-json\/wp\/v2\/product"}],"about":[{"href":"https:\/\/kmblock.com\/es\/wp-json\/wp\/v2\/types\/product"}],"replies":[{"embeddable":true,"href":"https:\/\/kmblock.com\/es\/wp-json\/wp\/v2\/comments?post=9889"}],"wp:featuredmedia":[{"embeddable":true,"href":"https:\/\/kmblock.com\/es\/wp-json\/wp\/v2\/media\/946"}],"wp:attachment":[{"href":"https:\/\/kmblock.com\/es\/wp-json\/wp\/v2\/media?parent=9889"}],"wp:term":[{"taxonomy":"product_brand","embeddable":true,"href":"https:\/\/kmblock.com\/es\/wp-json\/wp\/v2\/product_brand?post=9889"},{"taxonomy":"product_cat","embeddable":true,"href":"https:\/\/kmblock.com\/es\/wp-json\/wp\/v2\/product_cat?post=9889"},{"taxonomy":"product_tag","embeddable":true,"href":"https:\/\/kmblock.com\/es\/wp-json\/wp\/v2\/product_tag?post=9889"}],"curies":[{"name":"wp","href":"https:\/\/api.w.org\/{rel}","templated":true}]}}