{"id":9870,"date":"2024-09-25T00:22:35","date_gmt":"2024-09-25T00:22:35","guid":{"rendered":"https:\/\/kmblock.com\/product\/volkswagen-sharan-ii\/"},"modified":"2025-11-26T01:43:45","modified_gmt":"2025-11-26T01:43:45","slug":"volkswagen-sharan-ii","status":"publish","type":"product","link":"https:\/\/kmblock.com\/es\/product\/volkswagen-sharan-ii\/","title":{"rendered":"Volkswagen Sharan II"},"content":{"rendered":"<div class=\"flex max-w-full flex-col flex-grow\">\n<div class=\"min-h-[20px] text-message flex w-full flex-col items-end gap-2 whitespace-normal break-words [.text-message+&amp;]:mt-5\" dir=\"auto\" data-message-author-role=\"assistant\" data-message-id=\"d6917fa6-327f-426b-8c95-0356a88e4710\">\n<div class=\"flex w-full flex-col gap-1 empty:hidden first:pt-[3px]\">\n<div class=\"markdown prose w-full break-words dark:prose-invert dark\">\n<h3>Bloqueador de kilometraje para Volkswagen Sharan II<\/h3>\n<p>El <strong>bloqueador de cuentakil\u00f3metros del Volkswagen Sharan<\/strong> II se conoce a veces como bloqueador de cuentakil\u00f3metros, bloqueador de cuentakil\u00f3metros, bloqueador CAN, bloqueador de cuentakil\u00f3metros, cuentakil\u00f3metros parcial, filtro CAN y, ocasionalmente, como herramienta de correcci\u00f3n de cuentakil\u00f3metros.<\/p>\n<p><strong>Este dispositivo es compatible con todos los modelos Volkswagen Sharan II lanzados desde 2010.<\/strong><\/p>\n<hr>\n<h3>Especificaciones:<\/h3>\n<ul>\n<li><strong>Instalaci\u00f3n DIY (Hazlo t\u00fa mismo)<\/strong><\/li>\n<li>F\u00e1cil manejo con m\u00faltiples combinaciones de teclas<\/li>\n<li>No deja rastro: no es necesario soldar ni cortar cables<\/li>\n<li>No hay mensajes de error en el veloc\u00edmetro ni en el panel de navegaci\u00f3n<\/li>\n<li>Se puede encender y apagar mientras conduces<\/li>\n<li>Incluye enchufes de primera calidad y cables resistentes al calor<\/li>\n<li>M\u00faltiples modos disponibles para personalizar<\/li>\n<li>Tras la retirada, el kilometraje no aumenta espont\u00e1neamente<\/li>\n<li>Las herramientas de diagn\u00f3stico no pueden detectar el kilometraje alterado por el Antirretorno de kilometraje Volkswagen Sharan II<\/li>\n<li>Los ajustes se guardan incondicionalmente despu\u00e9s de ser seleccionados<\/li>\n<li><strong>El veloc\u00edmetro y los sistemas de asistencia se desactivan<\/strong> cuando se utilizan<\/li>\n<li>Instalaci\u00f3n suave gracias a la cara de acoplamiento y a las estr\u00edas del conector<\/li>\n<li>En los modelos a partir de finales de 2020, la activaci\u00f3n del dispositivo puede activar la luz de control del motor<\/li>\n<li>Permite hasta un 1% de desviaci\u00f3n en el kilometraje para los modos que alteran el kilometraje por completo. Los datos de kilometraje proporcionados son aproximados, pudiendo haber ligeras variaciones. <\/li>\n<\/ul>\n<hr>\n<h3>Activaci\u00f3n y desactivaci\u00f3n:<\/h3>\n<ul>\n<li>Pulsa <strong>el bot\u00f3n OK durante 10 segundos<\/strong> para cambiar de modo<\/li>\n<li>Los cambios de modo se indican mediante breves parpadeos de los intermitentes:\n<ul>\n<li><strong>Modo 1<\/strong>: 1 destello (50% del kilometraje registrado; el indicador de velocidad muestra la mitad de la velocidad, sistemas de asistencia desactivados)<\/li>\n<li><strong>Modo 2<\/strong>: 2 parpadeos (el 100% del kilometraje est\u00e1 parado)<\/li>\n<li><strong>Modo 3<\/strong>: 3 parpadeos (El kilometraje se cuenta al 100%)<\/li>\n<\/ul>\n<\/li>\n<\/ul>\n<p>Una vez aplicados los ajustes, el <strong>Detector de kil\u00f3metros del Volkswagen Sharan<\/strong> II los conservar\u00e1 para usos futuros, por lo que no es necesario ajustarlos antes de volver a arrancar el veh\u00edculo. El dispositivo puede activarse o desactivarse en cualquier momento, tanto si el coche est\u00e1 parado como en movimiento. <\/p>\n<hr>\n<h3>\u00bfQu\u00e9 es el bloqueador del cuentakil\u00f3metros o herramienta de correcci\u00f3n del kilometraje del Volkswagen Sharan II?<\/h3>\n<p>El <strong>bloqueador de kilometraje\/bloqueador de cuentakil\u00f3metros del Volkswagen Sharan<\/strong> II est\u00e1 dise\u00f1ado para evitar que se registre el kilometraje durante las pruebas de rendimiento. Disponible a trav\u00e9s de <strong>KM Block<\/strong>, est\u00e1 fabricado con componentes de alta calidad. Funciona a la perfecci\u00f3n tanto con las millas como con los kil\u00f3metros (km) del cuentakil\u00f3metros, garantizando un funcionamiento eficaz. El software est\u00e1 escrito espec\u00edficamente para cada marca y modelo de veh\u00edculo, garantizando un funcionamiento impecable.   <\/p>\n<p>El Bloqueador de Kilometraje es compatible con coches di\u00e9sel, gasolina, veh\u00edculos el\u00e9ctricos h\u00edbridos enchufables (PHEV) y el\u00e9ctricos.<\/p>\n<p><strong>Nota:<\/strong> No vendemos herramientas de correcci\u00f3n del kilometraje con fines enga\u00f1osos. Estas herramientas pueden eliminar cifras de kilometraje del cuentakil\u00f3metros, pero no son capaces de invertir completamente el kilometraje debido a las m\u00faltiples unidades de almacenamiento de datos de los veh\u00edculos modernos. <\/p>\n<hr>\n<p>El <strong>Bloqueador de Kilometraje Volkswagen Sharan<\/strong> II permite una instalaci\u00f3n sencilla sin necesidad de amplios conocimientos de mantenimiento del veh\u00edculo. Se conecta entre el veloc\u00edmetro y el cuadro de instrumentos y se maneja mediante combinaciones de teclas preestablecidas para cambiar de un modo a otro. <\/p>\n<p>Este m\u00f3dulo exclusivo puede activarse o desactivarse en cualquier momento, incluso durante la conducci\u00f3n, lo que te permite probar el rendimiento de tu veh\u00edculo en un entorno controlado.<\/p>\n<\/div>\n<\/div>\n<\/div>\n<\/div>\n","protected":false},"excerpt":{"rendered":"<div class=\"flex-shrink-0 flex flex-col relative items-end\">\n<div class=\"pt-0\">\n<div class=\"gizmo-bot-avatar flex h-8 w-8 items-center justify-center overflow-hidden rounded-full\">\n<div class=\"relative p-1 rounded-sm flex items-center justify-center bg-token-main-surface-primary text-token-text-primary h-8 w-8\">\n<p>Antes de hacer el pedido, revisa detenidamente el proceso de activaci\u00f3n del m\u00f3dulo y las notas importantes sobre posibles mensajes de error y<\/p>\n<div class=\"flex-shrink-0 flex flex-col relative items-end\">\n<div class=\"pt-0\">\n<div class=\"gizmo-bot-avatar flex h-8 w-8 items-center justify-center overflow-hidden rounded-full\">\n<div class=\"relative p-1 rounded-sm flex items-center justify-center bg-token-main-surface-primary text-token-text-primary h-8 w-8\">\n<p><strong>PARA LOS MODELOS LANZADOS DESDE 2010.  <\/strong>El indicador de velocidad y los sistemas de asistencia no funcionan mientras el dispositivo est\u00e1 activo. Instalaci\u00f3n \u00abhazlo t\u00fa mismo\u00bb para facilitar su uso. Se puede activar en movimiento. Los enchufes de calidad superior y los cables resistentes al calor garantizan la durabilidad y el rendimiento.   <\/p>\n<p class=\"p1\"><b> \u2705 Integraci\u00f3n perfecta<\/b><b><\/b><\/p>\n<p class=\"p1\">\u2705<b> F\u00e1cil instalaci\u00f3n<\/b><b><\/b><\/p>\n<p class=\"p1\">\u2705<b> Gesti\u00f3n precisa del kilometraje<\/b><b><\/b><\/p>\n<p class=\"p1\"><b> \u2705 Funcionamiento en modo oculto<\/b><b><\/b><\/p>\n<p class=\"p1\"><span class=\"s1\">\u2705<\/span><b> Soporte y actualizaciones de por vida<\/b><\/p>\n<\/div>\n<\/div>\n<\/div>\n<\/div>\n<\/div>\n<\/div>\n<\/div>\n<\/div>\n","protected":false},"featured_media":944,"comment_status":"open","ping_status":"closed","template":"","meta":[],"product_brand":[],"product_cat":[886],"product_tag":[],"class_list":{"0":"post-9870","1":"product","2":"type-product","3":"status-publish","4":"has-post-thumbnail","6":"product_cat-volkswagen","8":"first","9":"instock","10":"taxable","11":"shipping-taxable","12":"purchasable","13":"product-type-variable"},"yoast_head":"<!-- This site is optimized with the Yoast SEO plugin v27.5 - https:\/\/yoast.com\/product\/yoast-seo-wordpress\/ -->\n<title>Volkswagen Sharan II Mileage Blocker (KM stopper) \u2192 KM Block<\/title>\n<meta name=\"description\" content=\"Buy a Volkswagen Sharan II Mileage Blocker for the Best Prices \u2713 Free Shipping \u2713 Incl. Installation Guides\" \/>\n<meta name=\"robots\" content=\"index, follow, max-snippet:-1, max-image-preview:large, max-video-preview:-1\" \/>\n<meta property=\"og:locale\" content=\"es_ES\" \/>\n<meta property=\"og:type\" content=\"article\" \/>\n<meta property=\"og:title\" content=\"Volkswagen Sharan II Mileage Blocker (KM stopper) \u2192 KM Block\" \/>\n<meta property=\"og:description\" content=\"Buy a Volkswagen Sharan II Mileage Blocker for the Best Prices \u2713 Free Shipping \u2713 Incl. Installation Guides\" \/>\n<meta property=\"og:url\" content=\"https:\/\/kmblock.com\/es\/product\/volkswagen-sharan-ii\/\" \/>\n<meta property=\"og:site_name\" content=\"KM Block\" \/>\n<meta property=\"article:modified_time\" content=\"2025-11-26T01:43:45+00:00\" \/>\n<meta property=\"og:image\" content=\"https:\/\/kmblock.com\/wp-content\/uploads\/2024\/09\/Volkswagen-Sharan-II.jpg\" \/>\n\t<meta property=\"og:image:width\" content=\"800\" \/>\n\t<meta property=\"og:image:height\" content=\"800\" \/>\n\t<meta property=\"og:image:type\" content=\"image\/jpeg\" \/>\n<meta name=\"twitter:card\" content=\"summary_large_image\" \/>\n<meta name=\"twitter:label1\" content=\"Tiempo de lectura\" \/>\n\t<meta name=\"twitter:data1\" content=\"3 minutos\" \/>\n<script type=\"application\/ld+json\" class=\"yoast-schema-graph\">{\"@context\":\"https:\\\/\\\/schema.org\",\"@graph\":[{\"@type\":\"WebPage\",\"@id\":\"https:\\\/\\\/kmblock.com\\\/es\\\/product\\\/volkswagen-sharan-ii\\\/\",\"url\":\"https:\\\/\\\/kmblock.com\\\/es\\\/product\\\/volkswagen-sharan-ii\\\/\",\"name\":\"Volkswagen Sharan II Mileage Blocker (KM stopper) \u2192 KM Block\",\"isPartOf\":{\"@id\":\"https:\\\/\\\/kmblock.com\\\/es\\\/#website\"},\"primaryImageOfPage\":{\"@id\":\"https:\\\/\\\/kmblock.com\\\/es\\\/product\\\/volkswagen-sharan-ii\\\/#primaryimage\"},\"image\":{\"@id\":\"https:\\\/\\\/kmblock.com\\\/es\\\/product\\\/volkswagen-sharan-ii\\\/#primaryimage\"},\"thumbnailUrl\":\"https:\\\/\\\/kmblock.com\\\/wp-content\\\/uploads\\\/2024\\\/09\\\/Volkswagen-Sharan-II.jpg\",\"datePublished\":\"2024-09-25T00:22:35+00:00\",\"dateModified\":\"2025-11-26T01:43:45+00:00\",\"description\":\"Buy a Volkswagen Sharan II Mileage Blocker for the Best Prices \u2713 Free Shipping \u2713 Incl. Installation Guides\",\"breadcrumb\":{\"@id\":\"https:\\\/\\\/kmblock.com\\\/es\\\/product\\\/volkswagen-sharan-ii\\\/#breadcrumb\"},\"inLanguage\":\"es\",\"potentialAction\":[{\"@type\":\"ReadAction\",\"target\":[\"https:\\\/\\\/kmblock.com\\\/es\\\/product\\\/volkswagen-sharan-ii\\\/\"]}]},{\"@type\":\"ImageObject\",\"inLanguage\":\"es\",\"@id\":\"https:\\\/\\\/kmblock.com\\\/es\\\/product\\\/volkswagen-sharan-ii\\\/#primaryimage\",\"url\":\"https:\\\/\\\/kmblock.com\\\/wp-content\\\/uploads\\\/2024\\\/09\\\/Volkswagen-Sharan-II.jpg\",\"contentUrl\":\"https:\\\/\\\/kmblock.com\\\/wp-content\\\/uploads\\\/2024\\\/09\\\/Volkswagen-Sharan-II.jpg\",\"width\":800,\"height\":800,\"caption\":\"Volkswagen Sharan II\"},{\"@type\":\"BreadcrumbList\",\"@id\":\"https:\\\/\\\/kmblock.com\\\/es\\\/product\\\/volkswagen-sharan-ii\\\/#breadcrumb\",\"itemListElement\":[{\"@type\":\"ListItem\",\"position\":1,\"name\":\"Inicio\",\"item\":\"https:\\\/\\\/kmblock.com\\\/es\\\/\"},{\"@type\":\"ListItem\",\"position\":2,\"name\":\"Productos\",\"item\":\"https:\\\/\\\/kmblock.com\\\/es\\\/shop\\\/\"},{\"@type\":\"ListItem\",\"position\":3,\"name\":\"Volkswagen Sharan II\"}]},{\"@type\":\"WebSite\",\"@id\":\"https:\\\/\\\/kmblock.com\\\/es\\\/#website\",\"url\":\"https:\\\/\\\/kmblock.com\\\/es\\\/\",\"name\":\"KM Block\",\"description\":\"\",\"publisher\":{\"@id\":\"https:\\\/\\\/kmblock.com\\\/es\\\/#organization\"},\"potentialAction\":[{\"@type\":\"SearchAction\",\"target\":{\"@type\":\"EntryPoint\",\"urlTemplate\":\"https:\\\/\\\/kmblock.com\\\/es\\\/?s={search_term_string}\"},\"query-input\":{\"@type\":\"PropertyValueSpecification\",\"valueRequired\":true,\"valueName\":\"search_term_string\"}}],\"inLanguage\":\"es\"},{\"@type\":\"Organization\",\"@id\":\"https:\\\/\\\/kmblock.com\\\/es\\\/#organization\",\"name\":\"Bloque KM\",\"url\":\"https:\\\/\\\/kmblock.com\\\/es\\\/\",\"logo\":{\"@type\":\"ImageObject\",\"inLanguage\":\"es\",\"@id\":\"https:\\\/\\\/kmblock.com\\\/es\\\/#\\\/schema\\\/logo\\\/image\\\/\",\"url\":\"https:\\\/\\\/kmblock.com\\\/wp-content\\\/uploads\\\/2024\\\/08\\\/main-logo.png\",\"contentUrl\":\"https:\\\/\\\/kmblock.com\\\/wp-content\\\/uploads\\\/2024\\\/08\\\/main-logo.png\",\"width\":186,\"height\":28,\"caption\":\"Bloque KM\"},\"image\":{\"@id\":\"https:\\\/\\\/kmblock.com\\\/es\\\/#\\\/schema\\\/logo\\\/image\\\/\"}}]}<\/script>\n<!-- \/ Yoast SEO plugin. -->","yoast_head_json":{"title":"Volkswagen Sharan II Mileage Blocker (KM stopper) \u2192 KM Block","description":"Buy a Volkswagen Sharan II Mileage Blocker for the Best Prices \u2713 Free Shipping \u2713 Incl. Installation Guides","robots":{"index":"index","follow":"follow","max-snippet":"max-snippet:-1","max-image-preview":"max-image-preview:large","max-video-preview":"max-video-preview:-1"},"og_locale":"es_ES","og_type":"article","og_title":"Volkswagen Sharan II Mileage Blocker (KM stopper) \u2192 KM Block","og_description":"Buy a Volkswagen Sharan II Mileage Blocker for the Best Prices \u2713 Free Shipping \u2713 Incl. Installation Guides","og_url":"https:\/\/kmblock.com\/es\/product\/volkswagen-sharan-ii\/","og_site_name":"KM Block","article_modified_time":"2025-11-26T01:43:45+00:00","og_image":[{"width":800,"height":800,"url":"https:\/\/kmblock.com\/wp-content\/uploads\/2024\/09\/Volkswagen-Sharan-II.jpg","type":"image\/jpeg"}],"twitter_card":"summary_large_image","twitter_misc":{"Tiempo de lectura":"3 minutos"},"schema":{"@context":"https:\/\/schema.org","@graph":[{"@type":"WebPage","@id":"https:\/\/kmblock.com\/es\/product\/volkswagen-sharan-ii\/","url":"https:\/\/kmblock.com\/es\/product\/volkswagen-sharan-ii\/","name":"Volkswagen Sharan II Mileage Blocker (KM stopper) \u2192 KM Block","isPartOf":{"@id":"https:\/\/kmblock.com\/es\/#website"},"primaryImageOfPage":{"@id":"https:\/\/kmblock.com\/es\/product\/volkswagen-sharan-ii\/#primaryimage"},"image":{"@id":"https:\/\/kmblock.com\/es\/product\/volkswagen-sharan-ii\/#primaryimage"},"thumbnailUrl":"https:\/\/kmblock.com\/wp-content\/uploads\/2024\/09\/Volkswagen-Sharan-II.jpg","datePublished":"2024-09-25T00:22:35+00:00","dateModified":"2025-11-26T01:43:45+00:00","description":"Buy a Volkswagen Sharan II Mileage Blocker for the Best Prices \u2713 Free Shipping \u2713 Incl. Installation Guides","breadcrumb":{"@id":"https:\/\/kmblock.com\/es\/product\/volkswagen-sharan-ii\/#breadcrumb"},"inLanguage":"es","potentialAction":[{"@type":"ReadAction","target":["https:\/\/kmblock.com\/es\/product\/volkswagen-sharan-ii\/"]}]},{"@type":"ImageObject","inLanguage":"es","@id":"https:\/\/kmblock.com\/es\/product\/volkswagen-sharan-ii\/#primaryimage","url":"https:\/\/kmblock.com\/wp-content\/uploads\/2024\/09\/Volkswagen-Sharan-II.jpg","contentUrl":"https:\/\/kmblock.com\/wp-content\/uploads\/2024\/09\/Volkswagen-Sharan-II.jpg","width":800,"height":800,"caption":"Volkswagen Sharan II"},{"@type":"BreadcrumbList","@id":"https:\/\/kmblock.com\/es\/product\/volkswagen-sharan-ii\/#breadcrumb","itemListElement":[{"@type":"ListItem","position":1,"name":"Inicio","item":"https:\/\/kmblock.com\/es\/"},{"@type":"ListItem","position":2,"name":"Productos","item":"https:\/\/kmblock.com\/es\/shop\/"},{"@type":"ListItem","position":3,"name":"Volkswagen Sharan II"}]},{"@type":"WebSite","@id":"https:\/\/kmblock.com\/es\/#website","url":"https:\/\/kmblock.com\/es\/","name":"KM Block","description":"","publisher":{"@id":"https:\/\/kmblock.com\/es\/#organization"},"potentialAction":[{"@type":"SearchAction","target":{"@type":"EntryPoint","urlTemplate":"https:\/\/kmblock.com\/es\/?s={search_term_string}"},"query-input":{"@type":"PropertyValueSpecification","valueRequired":true,"valueName":"search_term_string"}}],"inLanguage":"es"},{"@type":"Organization","@id":"https:\/\/kmblock.com\/es\/#organization","name":"Bloque KM","url":"https:\/\/kmblock.com\/es\/","logo":{"@type":"ImageObject","inLanguage":"es","@id":"https:\/\/kmblock.com\/es\/#\/schema\/logo\/image\/","url":"https:\/\/kmblock.com\/wp-content\/uploads\/2024\/08\/main-logo.png","contentUrl":"https:\/\/kmblock.com\/wp-content\/uploads\/2024\/08\/main-logo.png","width":186,"height":28,"caption":"Bloque KM"},"image":{"@id":"https:\/\/kmblock.com\/es\/#\/schema\/logo\/image\/"}}]}},"_links":{"self":[{"href":"https:\/\/kmblock.com\/es\/wp-json\/wp\/v2\/product\/9870","targetHints":{"allow":["GET"]}}],"collection":[{"href":"https:\/\/kmblock.com\/es\/wp-json\/wp\/v2\/product"}],"about":[{"href":"https:\/\/kmblock.com\/es\/wp-json\/wp\/v2\/types\/product"}],"replies":[{"embeddable":true,"href":"https:\/\/kmblock.com\/es\/wp-json\/wp\/v2\/comments?post=9870"}],"wp:featuredmedia":[{"embeddable":true,"href":"https:\/\/kmblock.com\/es\/wp-json\/wp\/v2\/media\/944"}],"wp:attachment":[{"href":"https:\/\/kmblock.com\/es\/wp-json\/wp\/v2\/media?parent=9870"}],"wp:term":[{"taxonomy":"product_brand","embeddable":true,"href":"https:\/\/kmblock.com\/es\/wp-json\/wp\/v2\/product_brand?post=9870"},{"taxonomy":"product_cat","embeddable":true,"href":"https:\/\/kmblock.com\/es\/wp-json\/wp\/v2\/product_cat?post=9870"},{"taxonomy":"product_tag","embeddable":true,"href":"https:\/\/kmblock.com\/es\/wp-json\/wp\/v2\/product_tag?post=9870"}],"curies":[{"name":"wp","href":"https:\/\/api.w.org\/{rel}","templated":true}]}}