{"id":9856,"date":"2024-09-25T10:55:56","date_gmt":"2024-09-25T10:55:56","guid":{"rendered":"https:\/\/kmblock.com\/product\/volkswagen-t-6-1\/"},"modified":"2024-09-25T10:55:56","modified_gmt":"2024-09-25T10:55:56","slug":"volkswagen-t-6-1","status":"publish","type":"product","link":"https:\/\/kmblock.com\/es\/product\/volkswagen-t-6-1\/","title":{"rendered":"Volkswagen T-6.1"},"content":{"rendered":"<div class=\"flex max-w-full flex-col flex-grow\">\n<div class=\"min-h-[20px] text-message flex w-full flex-col items-end gap-2 whitespace-normal break-words [.text-message+&amp;]:mt-5\" dir=\"auto\" data-message-author-role=\"assistant\" data-message-id=\"d6917fa6-327f-426b-8c95-0356a88e4710\">\n<div class=\"flex w-full flex-col gap-1 empty:hidden first:pt-[3px]\">\n<div class=\"markdown prose w-full break-words dark:prose-invert dark\">\n<div class=\"flex-1 overflow-hidden\">\n<div class=\"h-full\">\n<div class=\"react-scroll-to-bottom--css-igras-79elbk h-full\">\n<div class=\"react-scroll-to-bottom--css-igras-1n7m0yu\">\n<div class=\"flex flex-col text-sm md:pb-9\">\n<article class=\"w-full text-token-text-primary focus-visible:outline-2 focus-visible:outline-offset-[-4px]\" dir=\"auto\" data-testid=\"conversation-turn-39\" data-scroll-anchor=\"true\">\n<div class=\"text-base py-[18px] px-3 md:px-4 m-auto w-full md:px-5 lg:px-4 xl:px-5\">\n<div class=\"mx-auto flex flex-1 gap-4 text-base md:gap-5 lg:gap-6 md:max-w-3xl lg:max-w-[40rem] xl:max-w-[48rem]\">\n<div class=\"group\/conversation-turn relative flex w-full min-w-0 flex-col agent-turn\">\n<div class=\"flex-col gap-1 md:gap-3\">\n<div class=\"flex max-w-full flex-col flex-grow\">\n<div class=\"min-h-8 text-message flex w-full flex-col items-end gap-2 whitespace-normal break-words [.text-message+&amp;]:mt-5\" dir=\"auto\" data-message-author-role=\"assistant\" data-message-id=\"94262946-86db-408d-bd5a-d72f16e1950f\">\n<div class=\"flex w-full flex-col gap-1 empty:hidden first:pt-[3px]\">\n<div class=\"markdown prose w-full break-words dark:prose-invert dark\">\n<h3><strong>BLOQUEADOR DE KILOMETRAJE PARA VOLKSWAGEN T6.1<\/strong><\/h3>\n<p>El <strong>bloqueador de cuentakil\u00f3metros Volkswagen T6.1<\/strong> tambi\u00e9n se conoce como bloqueador de cuentakil\u00f3metros, bloqueador de cuentakil\u00f3metros, bloqueador de latas, bloqueador de cuentakil\u00f3metros, cuentakil\u00f3metros de viaje, filtro de latas y, en algunos casos, herramienta de correcci\u00f3n de cuentakil\u00f3metros.<br \/>\n<strong>Este dispositivo es compatible con todos los modelos Volkswagen T6.1 lanzados desde 2019.<\/strong><\/p>\n<h3>ESPECIFICACIONES<\/h3>\n<ul>\n<li><strong>Instalaci\u00f3n \u00abhazlo t\u00fa mismo\u00bb (DIY)<\/strong>: No es necesario soldar ni cortar cables, y la instalaci\u00f3n puede hacerse sin ayuda profesional.<\/li>\n<li><strong>Los enchufes de primera calidad y los cables resistentes al calor<\/strong> garantizan un rendimiento duradero.<\/li>\n<li><strong>Funcionamiento no rastreable<\/strong>: No aparecen mensajes de error en el veloc\u00edmetro ni en el panel de navegaci\u00f3n.<\/li>\n<li><strong>Despu\u00e9s de retirarlo<\/strong>: El m\u00f3dulo no deja rastro, y el kilometraje no aumenta espont\u00e1neamente.<\/li>\n<li><strong>Las herramientas de diagn\u00f3stico<\/strong> no pueden detectar el kilometraje alterado.<\/li>\n<li>Una vez seleccionados los ajustes, se guardan permanentemente.<\/li>\n<li><strong>Funcionamiento impecable<\/strong>: El veloc\u00edmetro y los sistemas de asistencia funcionan sin problemas.<\/li>\n<li><strong>F\u00e1cil de conectar y usar<\/strong>: Las caras de acoplamiento y los rebordes del conector garantizan una instalaci\u00f3n sin problemas.<\/li>\n<li><strong>Luz de control del motor<\/strong>: Puede aparecer en veh\u00edculos fabricados despu\u00e9s de 2020 cuando se activa el dispositivo.<\/li>\n<li>Desviaci\u00f3n del kilometraje: Para los modos que alteran el kilometraje, la herramienta permite una desviaci\u00f3n de hasta el 1%.<\/li>\n<\/ul>\n<h3>ACTIVACI\u00d3N Y DESACTIVACI\u00d3N<\/h3>\n<p><span data-sheets-root=\"1\">\u00bb Con el mando \u00abok\u00bb en el volante, mant\u00e9n pulsado hasta que parpadee el intermitente.<\/span><\/p>\n<p><strong>Modo 1:<\/strong> 1 parpadeo a la izquierda 18 por ciento (Todo funciona velocidad crucero, etc.)<\/p>\n<p><strong>Modo 2:<\/strong> 2 parpadeos a la izquierda 0 por ciento (sin velocidad, sin indicador de combustible)<\/p>\n<p><strong>Modo 3:<\/strong> 1 parpadeo derecha 100% (original)\u00bb.<\/p>\n<p>El <strong>Tope Kilom\u00e9trico Volkswagen T6.1<\/strong> conserva los ajustes aplicados previamente, por lo que no es necesario ajustarlos cada vez que arranques el veh\u00edculo.<\/p>\n<h3>PROP\u00d3SITO<\/h3>\n<p>El <strong>bloqueador de kilometraje\/bloqueador de cuentakil\u00f3metros Volkswagen T6.<\/strong> 1 est\u00e1 dise\u00f1ado para detener el registro de kilometraje durante las pruebas de rendimiento. El dispositivo es apto para veh\u00edculos di\u00e9sel-gasolina, PHEV y el\u00e9ctricos, y est\u00e1 desarrollado con un software personalizado para cada modelo que garantiza un funcionamiento impecable. <\/p>\n<h3>IMPORTANTE<\/h3>\n<p>Este producto no es una herramienta de correcci\u00f3n del kilometraje, que puede eliminar o hacer retroceder las cifras del cuentakil\u00f3metros con fines fraudulentos. No vendemos este tipo de herramientas, ya que los veh\u00edculos modernos tienen m\u00faltiples unidades de almacenamiento de datos que hacen que la anulaci\u00f3n del kilometraje sea ineficaz. <\/p>\n<h3>\u00bfPOR QU\u00c9 ELEGIR ESTE DISPOSITIVO?<\/h3>\n<p>El <strong>bloqueador de kilomet<\/strong> raje <strong>Volkswagen T6.<\/strong> 1 ofrece un rendimiento fiable, una instalaci\u00f3n sencilla y un control total sobre el registro del kilometraje, lo que garantiza un uso \u00f3ptimo para comprobar el rendimiento del veh\u00edculo.<\/p>\n<\/div>\n<\/div>\n<\/div>\n<\/div>\n<\/div>\n<\/div>\n<\/div>\n<\/div>\n<\/article>\n<\/div>\n<\/div>\n<\/div>\n<\/div>\n<\/div>\n<\/div>\n<\/div>\n<\/div>\n<\/div>\n","protected":false},"excerpt":{"rendered":"<div class=\"flex-shrink-0 flex flex-col relative items-end\">\n<div class=\"pt-0\">\n<div class=\"gizmo-bot-avatar flex h-8 w-8 items-center justify-center overflow-hidden rounded-full\">\n<div class=\"relative p-1 rounded-sm flex items-center justify-center bg-token-main-surface-primary text-token-text-primary h-8 w-8\">\n<p>Antes de hacer el pedido, revisa detenidamente el proceso de activaci\u00f3n del m\u00f3dulo y las notas importantes sobre posibles mensajes de error y<\/p>\n<div class=\"flex-shrink-0 flex flex-col relative items-end\">\n<div class=\"pt-0\">\n<div class=\"gizmo-bot-avatar flex h-8 w-8 items-center justify-center overflow-hidden rounded-full\">\n<div class=\"relative p-1 rounded-sm flex items-center justify-center bg-token-main-surface-primary text-token-text-primary h-8 w-8\">\n<p><strong>PARA LOS MODELOS LANZADOS A PARTIR DE 2019.  <\/strong>Instalaci\u00f3n \u00abhazlo t\u00fa mismo\u00bb. Rendimiento inmejorable.  Enchufes de primera calidad y cables resistentes al calor. El veloc\u00edmetro y los sistemas de asistencia funcionan a la perfecci\u00f3n. <\/p>\n<\/div>\n<p class=\"p1\"><b> \u2705 Integraci\u00f3n perfecta<\/b><b><\/b><\/p>\n<p class=\"p1\">\u2705<b> F\u00e1cil instalaci\u00f3n<\/b><b><\/b><\/p>\n<p class=\"p1\">\u2705<b> Gesti\u00f3n precisa del kilometraje<\/b><b><\/b><\/p>\n<p class=\"p1\"><b> \u2705 Funcionamiento en modo oculto<\/b><b><\/b><\/p>\n<p class=\"p1\"><span class=\"s1\">\u2705<\/span><b> Soporte y actualizaciones de por vida<\/b><\/p>\n<\/div>\n<\/div>\n<\/div>\n<\/div>\n<\/div>\n<\/div>\n<\/div>\n","protected":false},"featured_media":952,"comment_status":"open","ping_status":"closed","template":"","meta":[],"product_brand":[],"product_cat":[886],"product_tag":[],"class_list":{"0":"post-9856","1":"product","2":"type-product","3":"status-publish","4":"has-post-thumbnail","6":"product_cat-volkswagen","8":"first","9":"instock","10":"taxable","11":"shipping-taxable","12":"purchasable","13":"product-type-variable"},"yoast_head":"<!-- This site is optimized with the Yoast SEO plugin v27.5 - https:\/\/yoast.com\/product\/yoast-seo-wordpress\/ -->\n<title>Volkswagen T-6.1 Mileage Blocker (KM stopper) \u2192 KM Block<\/title>\n<meta name=\"description\" content=\"Buy a Volkswagen T-6.1 Mileage Blocker for the Best Prices \u2713 Free Shipping \u2713 Incl. Installation Guides\" \/>\n<meta name=\"robots\" content=\"index, follow, max-snippet:-1, max-image-preview:large, max-video-preview:-1\" \/>\n<meta property=\"og:locale\" content=\"es_ES\" \/>\n<meta property=\"og:type\" content=\"article\" \/>\n<meta property=\"og:title\" content=\"Volkswagen T-6.1 Mileage Blocker (KM stopper) \u2192 KM Block\" \/>\n<meta property=\"og:description\" content=\"Buy a Volkswagen T-6.1 Mileage Blocker for the Best Prices \u2713 Free Shipping \u2713 Incl. Installation Guides\" \/>\n<meta property=\"og:url\" content=\"https:\/\/kmblock.com\/es\/product\/volkswagen-t-6-1\/\" \/>\n<meta property=\"og:site_name\" content=\"KM Block\" \/>\n<meta property=\"og:image\" content=\"https:\/\/kmblock.com\/wp-content\/uploads\/2024\/09\/Volkswagen-T-6.1.webp\" \/>\n\t<meta property=\"og:image:width\" content=\"800\" \/>\n\t<meta property=\"og:image:height\" content=\"800\" \/>\n\t<meta property=\"og:image:type\" content=\"image\/webp\" \/>\n<meta name=\"twitter:card\" content=\"summary_large_image\" \/>\n<meta name=\"twitter:label1\" content=\"Tiempo de lectura\" \/>\n\t<meta name=\"twitter:data1\" content=\"2 minutos\" \/>\n<script type=\"application\/ld+json\" class=\"yoast-schema-graph\">{\"@context\":\"https:\\\/\\\/schema.org\",\"@graph\":[{\"@type\":\"WebPage\",\"@id\":\"https:\\\/\\\/kmblock.com\\\/es\\\/product\\\/volkswagen-t-6-1\\\/\",\"url\":\"https:\\\/\\\/kmblock.com\\\/es\\\/product\\\/volkswagen-t-6-1\\\/\",\"name\":\"Volkswagen T-6.1 Mileage Blocker (KM stopper) \u2192 KM Block\",\"isPartOf\":{\"@id\":\"https:\\\/\\\/kmblock.com\\\/es\\\/#website\"},\"primaryImageOfPage\":{\"@id\":\"https:\\\/\\\/kmblock.com\\\/es\\\/product\\\/volkswagen-t-6-1\\\/#primaryimage\"},\"image\":{\"@id\":\"https:\\\/\\\/kmblock.com\\\/es\\\/product\\\/volkswagen-t-6-1\\\/#primaryimage\"},\"thumbnailUrl\":\"https:\\\/\\\/kmblock.com\\\/wp-content\\\/uploads\\\/2024\\\/09\\\/Volkswagen-T-6.1.webp\",\"datePublished\":\"2024-09-25T10:55:56+00:00\",\"description\":\"Buy a Volkswagen T-6.1 Mileage Blocker for the Best Prices \u2713 Free Shipping \u2713 Incl. Installation Guides\",\"breadcrumb\":{\"@id\":\"https:\\\/\\\/kmblock.com\\\/es\\\/product\\\/volkswagen-t-6-1\\\/#breadcrumb\"},\"inLanguage\":\"es\",\"potentialAction\":[{\"@type\":\"ReadAction\",\"target\":[\"https:\\\/\\\/kmblock.com\\\/es\\\/product\\\/volkswagen-t-6-1\\\/\"]}]},{\"@type\":\"ImageObject\",\"inLanguage\":\"es\",\"@id\":\"https:\\\/\\\/kmblock.com\\\/es\\\/product\\\/volkswagen-t-6-1\\\/#primaryimage\",\"url\":\"https:\\\/\\\/kmblock.com\\\/wp-content\\\/uploads\\\/2024\\\/09\\\/Volkswagen-T-6.1.webp\",\"contentUrl\":\"https:\\\/\\\/kmblock.com\\\/wp-content\\\/uploads\\\/2024\\\/09\\\/Volkswagen-T-6.1.webp\",\"width\":800,\"height\":800,\"caption\":\"Volkswagen T-6.1\"},{\"@type\":\"BreadcrumbList\",\"@id\":\"https:\\\/\\\/kmblock.com\\\/es\\\/product\\\/volkswagen-t-6-1\\\/#breadcrumb\",\"itemListElement\":[{\"@type\":\"ListItem\",\"position\":1,\"name\":\"Inicio\",\"item\":\"https:\\\/\\\/kmblock.com\\\/es\\\/\"},{\"@type\":\"ListItem\",\"position\":2,\"name\":\"Productos\",\"item\":\"https:\\\/\\\/kmblock.com\\\/es\\\/shop\\\/\"},{\"@type\":\"ListItem\",\"position\":3,\"name\":\"Volkswagen T-6.1\"}]},{\"@type\":\"WebSite\",\"@id\":\"https:\\\/\\\/kmblock.com\\\/es\\\/#website\",\"url\":\"https:\\\/\\\/kmblock.com\\\/es\\\/\",\"name\":\"KM Block\",\"description\":\"\",\"publisher\":{\"@id\":\"https:\\\/\\\/kmblock.com\\\/es\\\/#organization\"},\"potentialAction\":[{\"@type\":\"SearchAction\",\"target\":{\"@type\":\"EntryPoint\",\"urlTemplate\":\"https:\\\/\\\/kmblock.com\\\/es\\\/?s={search_term_string}\"},\"query-input\":{\"@type\":\"PropertyValueSpecification\",\"valueRequired\":true,\"valueName\":\"search_term_string\"}}],\"inLanguage\":\"es\"},{\"@type\":\"Organization\",\"@id\":\"https:\\\/\\\/kmblock.com\\\/es\\\/#organization\",\"name\":\"Bloque KM\",\"url\":\"https:\\\/\\\/kmblock.com\\\/es\\\/\",\"logo\":{\"@type\":\"ImageObject\",\"inLanguage\":\"es\",\"@id\":\"https:\\\/\\\/kmblock.com\\\/es\\\/#\\\/schema\\\/logo\\\/image\\\/\",\"url\":\"https:\\\/\\\/kmblock.com\\\/wp-content\\\/uploads\\\/2024\\\/08\\\/main-logo.png\",\"contentUrl\":\"https:\\\/\\\/kmblock.com\\\/wp-content\\\/uploads\\\/2024\\\/08\\\/main-logo.png\",\"width\":186,\"height\":28,\"caption\":\"Bloque KM\"},\"image\":{\"@id\":\"https:\\\/\\\/kmblock.com\\\/es\\\/#\\\/schema\\\/logo\\\/image\\\/\"}}]}<\/script>\n<!-- \/ Yoast SEO plugin. -->","yoast_head_json":{"title":"Volkswagen T-6.1 Mileage Blocker (KM stopper) \u2192 KM Block","description":"Buy a Volkswagen T-6.1 Mileage Blocker for the Best Prices \u2713 Free Shipping \u2713 Incl. Installation Guides","robots":{"index":"index","follow":"follow","max-snippet":"max-snippet:-1","max-image-preview":"max-image-preview:large","max-video-preview":"max-video-preview:-1"},"og_locale":"es_ES","og_type":"article","og_title":"Volkswagen T-6.1 Mileage Blocker (KM stopper) \u2192 KM Block","og_description":"Buy a Volkswagen T-6.1 Mileage Blocker for the Best Prices \u2713 Free Shipping \u2713 Incl. Installation Guides","og_url":"https:\/\/kmblock.com\/es\/product\/volkswagen-t-6-1\/","og_site_name":"KM Block","og_image":[{"width":800,"height":800,"url":"https:\/\/kmblock.com\/wp-content\/uploads\/2024\/09\/Volkswagen-T-6.1.webp","type":"image\/webp"}],"twitter_card":"summary_large_image","twitter_misc":{"Tiempo de lectura":"2 minutos"},"schema":{"@context":"https:\/\/schema.org","@graph":[{"@type":"WebPage","@id":"https:\/\/kmblock.com\/es\/product\/volkswagen-t-6-1\/","url":"https:\/\/kmblock.com\/es\/product\/volkswagen-t-6-1\/","name":"Volkswagen T-6.1 Mileage Blocker (KM stopper) \u2192 KM Block","isPartOf":{"@id":"https:\/\/kmblock.com\/es\/#website"},"primaryImageOfPage":{"@id":"https:\/\/kmblock.com\/es\/product\/volkswagen-t-6-1\/#primaryimage"},"image":{"@id":"https:\/\/kmblock.com\/es\/product\/volkswagen-t-6-1\/#primaryimage"},"thumbnailUrl":"https:\/\/kmblock.com\/wp-content\/uploads\/2024\/09\/Volkswagen-T-6.1.webp","datePublished":"2024-09-25T10:55:56+00:00","description":"Buy a Volkswagen T-6.1 Mileage Blocker for the Best Prices \u2713 Free Shipping \u2713 Incl. Installation Guides","breadcrumb":{"@id":"https:\/\/kmblock.com\/es\/product\/volkswagen-t-6-1\/#breadcrumb"},"inLanguage":"es","potentialAction":[{"@type":"ReadAction","target":["https:\/\/kmblock.com\/es\/product\/volkswagen-t-6-1\/"]}]},{"@type":"ImageObject","inLanguage":"es","@id":"https:\/\/kmblock.com\/es\/product\/volkswagen-t-6-1\/#primaryimage","url":"https:\/\/kmblock.com\/wp-content\/uploads\/2024\/09\/Volkswagen-T-6.1.webp","contentUrl":"https:\/\/kmblock.com\/wp-content\/uploads\/2024\/09\/Volkswagen-T-6.1.webp","width":800,"height":800,"caption":"Volkswagen T-6.1"},{"@type":"BreadcrumbList","@id":"https:\/\/kmblock.com\/es\/product\/volkswagen-t-6-1\/#breadcrumb","itemListElement":[{"@type":"ListItem","position":1,"name":"Inicio","item":"https:\/\/kmblock.com\/es\/"},{"@type":"ListItem","position":2,"name":"Productos","item":"https:\/\/kmblock.com\/es\/shop\/"},{"@type":"ListItem","position":3,"name":"Volkswagen T-6.1"}]},{"@type":"WebSite","@id":"https:\/\/kmblock.com\/es\/#website","url":"https:\/\/kmblock.com\/es\/","name":"KM Block","description":"","publisher":{"@id":"https:\/\/kmblock.com\/es\/#organization"},"potentialAction":[{"@type":"SearchAction","target":{"@type":"EntryPoint","urlTemplate":"https:\/\/kmblock.com\/es\/?s={search_term_string}"},"query-input":{"@type":"PropertyValueSpecification","valueRequired":true,"valueName":"search_term_string"}}],"inLanguage":"es"},{"@type":"Organization","@id":"https:\/\/kmblock.com\/es\/#organization","name":"Bloque KM","url":"https:\/\/kmblock.com\/es\/","logo":{"@type":"ImageObject","inLanguage":"es","@id":"https:\/\/kmblock.com\/es\/#\/schema\/logo\/image\/","url":"https:\/\/kmblock.com\/wp-content\/uploads\/2024\/08\/main-logo.png","contentUrl":"https:\/\/kmblock.com\/wp-content\/uploads\/2024\/08\/main-logo.png","width":186,"height":28,"caption":"Bloque KM"},"image":{"@id":"https:\/\/kmblock.com\/es\/#\/schema\/logo\/image\/"}}]}},"_links":{"self":[{"href":"https:\/\/kmblock.com\/es\/wp-json\/wp\/v2\/product\/9856","targetHints":{"allow":["GET"]}}],"collection":[{"href":"https:\/\/kmblock.com\/es\/wp-json\/wp\/v2\/product"}],"about":[{"href":"https:\/\/kmblock.com\/es\/wp-json\/wp\/v2\/types\/product"}],"replies":[{"embeddable":true,"href":"https:\/\/kmblock.com\/es\/wp-json\/wp\/v2\/comments?post=9856"}],"wp:featuredmedia":[{"embeddable":true,"href":"https:\/\/kmblock.com\/es\/wp-json\/wp\/v2\/media\/952"}],"wp:attachment":[{"href":"https:\/\/kmblock.com\/es\/wp-json\/wp\/v2\/media?parent=9856"}],"wp:term":[{"taxonomy":"product_brand","embeddable":true,"href":"https:\/\/kmblock.com\/es\/wp-json\/wp\/v2\/product_brand?post=9856"},{"taxonomy":"product_cat","embeddable":true,"href":"https:\/\/kmblock.com\/es\/wp-json\/wp\/v2\/product_cat?post=9856"},{"taxonomy":"product_tag","embeddable":true,"href":"https:\/\/kmblock.com\/es\/wp-json\/wp\/v2\/product_tag?post=9856"}],"curies":[{"name":"wp","href":"https:\/\/api.w.org\/{rel}","templated":true}]}}