{"id":9854,"date":"2024-09-25T00:18:10","date_gmt":"2024-09-25T00:18:10","guid":{"rendered":"https:\/\/kmblock.com\/product\/volkswagen-scirocco\/"},"modified":"2024-09-25T00:18:10","modified_gmt":"2024-09-25T00:18:10","slug":"volkswagen-scirocco","status":"publish","type":"product","link":"https:\/\/kmblock.com\/es\/product\/volkswagen-scirocco\/","title":{"rendered":"Volkswagen Scirocco"},"content":{"rendered":"<div class=\"flex max-w-full flex-col flex-grow\">\n<div class=\"min-h-[20px] text-message flex w-full flex-col items-end gap-2 whitespace-normal break-words [.text-message+&amp;]:mt-5\" dir=\"auto\" data-message-author-role=\"assistant\" data-message-id=\"d6917fa6-327f-426b-8c95-0356a88e4710\">\n<div class=\"flex w-full flex-col gap-1 empty:hidden first:pt-[3px]\">\n<div class=\"markdown prose w-full break-words dark:prose-invert dark\">\n<h3>Bloqueador de kilometraje para Volkswagen Scirocco<\/h3>\n<p>El bloqueador de kilometraje Volkswagen Scirocco, tambi\u00e9n conocido como bloqueador de cuentakil\u00f3metros, bloqueador de cuentakil\u00f3metros, bloqueador CAN, bloqueador de kilometraje, cuentakil\u00f3metros parcial, filtro CAN, o a veces denominado herramienta de correcci\u00f3n de kilometraje, es compatible con todos los modelos Volkswagen Scirocco lanzados entre 2014 y 2017.<\/p>\n<h3>Especificaciones:<\/h3>\n<ul>\n<li><strong>Instalaci\u00f3n DIY:<\/strong> Instalaci\u00f3n sencilla sin ayuda profesional.<\/li>\n<li><strong>F\u00e1cil manejo:<\/strong> Se controla con m\u00faltiples combinaciones de teclas.<\/li>\n<li><strong>Sin dejar rastro:<\/strong> no es necesario soldar ni cortar los cables.<\/li>\n<li><strong>No hay mensajes de error:<\/strong> No hay avisos en el veloc\u00edmetro ni en el panel de navegaci\u00f3n.<\/li>\n<li><strong>Activaci\u00f3n en tiempo real:<\/strong> Puede activarse o desactivarse mientras el veh\u00edculo est\u00e1 en movimiento.<\/li>\n<li><strong>Componentes de alta calidad:<\/strong> Incluye enchufes de primera calidad y cables resistentes al calor.<\/li>\n<li><strong>Instalaci\u00f3n sin problemas:<\/strong> El dise\u00f1o del conector presenta una cara de acoplamiento y rebordes para facilitar la instalaci\u00f3n.<\/li>\n<li><strong>No hay aumento de kilometraje tras la retirada:<\/strong> Una vez retirado, el m\u00f3dulo impide los incrementos espont\u00e1neos de kilometraje.<\/li>\n<li><strong>Modo oculto:<\/strong> Los comprobadores de diagn\u00f3stico no pueden detectar el kilometraje alterado.<\/li>\n<li><strong>Configuraci\u00f3n permanente:<\/strong> Una vez configurados, los ajustes se guardan permanentemente.<\/li>\n<li><strong>M\u00faltiples modos:<\/strong> Varios modos disponibles para diferentes usos.<\/li>\n<li><strong>Precisi\u00f3n del modo:<\/strong> Pueden producirse desviaciones del kilometraje de hasta un 1% durante el funcionamiento, dependiendo del modo utilizado.<\/li>\n<\/ul>\n<h3>Activaci\u00f3n y desactivaci\u00f3n<\/h3>\n<p><span data-sheets-root=\"1\">\u00bb Con el mando \u00abok\u00bb en el volante, mant\u00e9n pulsado hasta que parpadee el intermitente.<\/span><\/p>\n<p><strong>Modo 1<\/strong>: 1 parpadeo a la izquierda 18 por ciento (Todo funciona velocidad crucero, etc.)<\/p>\n<p><strong>Modo 2:<\/strong> 2 parpadeos a la izquierda 0 por ciento (sin velocidad, sin indicador de combustible)<\/p>\n<p><strong>Modo 3<\/strong>: 1 parpadeo a la derecha 100% (original)\u00bb.<\/p>\n<p>El Detenedor de Kil\u00f3metros del Volkswagen Scirocco conserva el \u00faltimo modo aplicado, por lo que no necesitas volver a configurar los ajustes despu\u00e9s de reiniciar el veh\u00edculo. El dispositivo puede activarse o desactivarse en cualquier momento, tanto si el coche est\u00e1 en movimiento como parado. <\/p>\n<h3>\u00bfQu\u00e9 es el bloqueador del cuentakil\u00f3metros o herramienta de correcci\u00f3n del kilometraje del Volkswagen Scirocco?<\/h3>\n<p>El Bloqueador de Kilometraje Volkswagen Scirocco est\u00e1 dise\u00f1ado para detener el seguimiento del kilometraje mientras se comprueba el rendimiento del veh\u00edculo. Disponible en KM Block, el dispositivo est\u00e1 fabricado con componentes originales y software personalizado para cada marca y modelo, con el fin de garantizar un funcionamiento impecable. Funciona a la perfecci\u00f3n en motores di\u00e9sel-gasolina, h\u00edbridos enchufables (PHEV) y veh\u00edculos el\u00e9ctricos, con la capacidad de realizar un seguimiento de millas o kil\u00f3metros con la misma eficacia.  <\/p>\n<h3>Nota importante:<\/h3>\n<p><strong>No<\/strong> vendemos herramientas de correcci\u00f3n del kilometraje para Volkswagen Scirocco, ya que est\u00e1n dise\u00f1adas con fines fraudulentos, como hacer retroceder las lecturas del cuentakil\u00f3metros. Dichas herramientas s\u00f3lo eliminan el kilometraje del salpicadero, mientras que los veh\u00edculos modernos almacenan los datos del kilometraje en varias ubicaciones, lo que hace imposible una anulaci\u00f3n completa. <\/p>\n<p>Ofrecemos una amplia variedad de dispositivos de Tope de Kilometraje, todos con el mismo proceso de instalaci\u00f3n, que no requiere conocimientos especializados del veh\u00edculo. S\u00f3lo tienes que conectarlo entre el puerto del veloc\u00edmetro y el cuadro de instrumentos, y disfrutar de las ventajas de este m\u00f3dulo \u00fanico. <\/p>\n<p>El Bloqueador de Kilometraje del Volkswagen Scirocco permite su activaci\u00f3n y desactivaci\u00f3n en tiempo real, tanto en parado como en marcha.<\/p>\n<\/div>\n<\/div>\n<\/div>\n<\/div>\n","protected":false},"excerpt":{"rendered":"<div class=\"flex-shrink-0 flex flex-col relative items-end\">\n<div class=\"pt-0\">\n<div class=\"gizmo-bot-avatar flex h-8 w-8 items-center justify-center overflow-hidden rounded-full\">\n<div class=\"relative p-1 rounded-sm flex items-center justify-center bg-token-main-surface-primary text-token-text-primary h-8 w-8\">\n<p>Antes de hacer el pedido, revisa detenidamente el proceso de activaci\u00f3n del m\u00f3dulo y las notas importantes sobre posibles mensajes de error y<\/p>\n<div class=\"flex-shrink-0 flex flex-col relative items-end\">\n<div class=\"pt-0\">\n<div class=\"gizmo-bot-avatar flex h-8 w-8 items-center justify-center overflow-hidden rounded-full\">\n<div class=\"relative p-1 rounded-sm flex items-center justify-center bg-token-main-surface-primary text-token-text-primary h-8 w-8\">\n<p><strong>Para modelos lanzados entre 2014-2017.  <\/strong>El indicador de velocidad y los sistemas de asistencia no funcionan. Instalaci\u00f3n DIY. Se puede activar en movimiento.   Equipado con enchufes de primera calidad y cables resistentes al calor.<\/p>\n<p class=\"p1\"><b> \u2705 Integraci\u00f3n perfecta<\/b><b><\/b><\/p>\n<p class=\"p1\">\u2705<b> F\u00e1cil instalaci\u00f3n<\/b><b><\/b><\/p>\n<p class=\"p1\">\u2705<b> Gesti\u00f3n precisa del kilometraje<\/b><b><\/b><\/p>\n<p class=\"p1\"><b> \u2705 Funcionamiento en modo oculto<\/b><b><\/b><\/p>\n<p class=\"p1\"><span class=\"s1\">\u2705<\/span><b> Soporte y actualizaciones de por vida<\/b><\/p>\n<\/div>\n<\/div>\n<\/div>\n<\/div>\n<\/div>\n<\/div>\n<\/div>\n<\/div>\n","protected":false},"featured_media":942,"comment_status":"open","ping_status":"closed","template":"","meta":[],"product_brand":[],"product_cat":[886],"product_tag":[],"class_list":{"0":"post-9854","1":"product","2":"type-product","3":"status-publish","4":"has-post-thumbnail","6":"product_cat-volkswagen","8":"first","9":"instock","10":"taxable","11":"shipping-taxable","12":"purchasable","13":"product-type-variable"},"yoast_head":"<!-- This site is optimized with the Yoast SEO plugin v27.5 - https:\/\/yoast.com\/product\/yoast-seo-wordpress\/ -->\n<title>Volkswagen Scirocco Mileage Blocker (KM stopper) \u2192 KM Block<\/title>\n<meta name=\"description\" content=\"Buy a Volkswagen Scirocco Mileage Blocker for the Best Prices \u2713 Free Shipping \u2713 Incl. Installation Guides\" \/>\n<meta name=\"robots\" content=\"index, follow, max-snippet:-1, max-image-preview:large, max-video-preview:-1\" \/>\n<meta property=\"og:locale\" content=\"es_ES\" \/>\n<meta property=\"og:type\" content=\"article\" \/>\n<meta property=\"og:title\" content=\"Volkswagen Scirocco Mileage Blocker (KM stopper) \u2192 KM Block\" \/>\n<meta property=\"og:description\" content=\"Buy a Volkswagen Scirocco Mileage Blocker for the Best Prices \u2713 Free Shipping \u2713 Incl. Installation Guides\" \/>\n<meta property=\"og:url\" content=\"https:\/\/kmblock.com\/es\/product\/volkswagen-scirocco\/\" \/>\n<meta property=\"og:site_name\" content=\"KM Block\" \/>\n<meta property=\"og:image\" content=\"https:\/\/kmblock.com\/wp-content\/uploads\/2024\/09\/Volkswagen-Scirocco.jpg\" \/>\n\t<meta property=\"og:image:width\" content=\"800\" \/>\n\t<meta property=\"og:image:height\" content=\"800\" \/>\n\t<meta property=\"og:image:type\" content=\"image\/jpeg\" \/>\n<meta name=\"twitter:card\" content=\"summary_large_image\" \/>\n<meta name=\"twitter:label1\" content=\"Tiempo de lectura\" \/>\n\t<meta name=\"twitter:data1\" content=\"3 minutos\" \/>\n<script type=\"application\/ld+json\" class=\"yoast-schema-graph\">{\"@context\":\"https:\\\/\\\/schema.org\",\"@graph\":[{\"@type\":\"WebPage\",\"@id\":\"https:\\\/\\\/kmblock.com\\\/es\\\/product\\\/volkswagen-scirocco\\\/\",\"url\":\"https:\\\/\\\/kmblock.com\\\/es\\\/product\\\/volkswagen-scirocco\\\/\",\"name\":\"Volkswagen Scirocco Mileage Blocker (KM stopper) \u2192 KM Block\",\"isPartOf\":{\"@id\":\"https:\\\/\\\/kmblock.com\\\/es\\\/#website\"},\"primaryImageOfPage\":{\"@id\":\"https:\\\/\\\/kmblock.com\\\/es\\\/product\\\/volkswagen-scirocco\\\/#primaryimage\"},\"image\":{\"@id\":\"https:\\\/\\\/kmblock.com\\\/es\\\/product\\\/volkswagen-scirocco\\\/#primaryimage\"},\"thumbnailUrl\":\"https:\\\/\\\/kmblock.com\\\/wp-content\\\/uploads\\\/2024\\\/09\\\/Volkswagen-Scirocco.jpg\",\"datePublished\":\"2024-09-25T00:18:10+00:00\",\"description\":\"Buy a Volkswagen Scirocco Mileage Blocker for the Best Prices \u2713 Free Shipping \u2713 Incl. Installation Guides\",\"breadcrumb\":{\"@id\":\"https:\\\/\\\/kmblock.com\\\/es\\\/product\\\/volkswagen-scirocco\\\/#breadcrumb\"},\"inLanguage\":\"es\",\"potentialAction\":[{\"@type\":\"ReadAction\",\"target\":[\"https:\\\/\\\/kmblock.com\\\/es\\\/product\\\/volkswagen-scirocco\\\/\"]}]},{\"@type\":\"ImageObject\",\"inLanguage\":\"es\",\"@id\":\"https:\\\/\\\/kmblock.com\\\/es\\\/product\\\/volkswagen-scirocco\\\/#primaryimage\",\"url\":\"https:\\\/\\\/kmblock.com\\\/wp-content\\\/uploads\\\/2024\\\/09\\\/Volkswagen-Scirocco.jpg\",\"contentUrl\":\"https:\\\/\\\/kmblock.com\\\/wp-content\\\/uploads\\\/2024\\\/09\\\/Volkswagen-Scirocco.jpg\",\"width\":800,\"height\":800,\"caption\":\"Volkswagen Scirocco\"},{\"@type\":\"BreadcrumbList\",\"@id\":\"https:\\\/\\\/kmblock.com\\\/es\\\/product\\\/volkswagen-scirocco\\\/#breadcrumb\",\"itemListElement\":[{\"@type\":\"ListItem\",\"position\":1,\"name\":\"Inicio\",\"item\":\"https:\\\/\\\/kmblock.com\\\/es\\\/\"},{\"@type\":\"ListItem\",\"position\":2,\"name\":\"Productos\",\"item\":\"https:\\\/\\\/kmblock.com\\\/es\\\/shop\\\/\"},{\"@type\":\"ListItem\",\"position\":3,\"name\":\"Volkswagen Scirocco\"}]},{\"@type\":\"WebSite\",\"@id\":\"https:\\\/\\\/kmblock.com\\\/es\\\/#website\",\"url\":\"https:\\\/\\\/kmblock.com\\\/es\\\/\",\"name\":\"KM Block\",\"description\":\"\",\"publisher\":{\"@id\":\"https:\\\/\\\/kmblock.com\\\/es\\\/#organization\"},\"potentialAction\":[{\"@type\":\"SearchAction\",\"target\":{\"@type\":\"EntryPoint\",\"urlTemplate\":\"https:\\\/\\\/kmblock.com\\\/es\\\/?s={search_term_string}\"},\"query-input\":{\"@type\":\"PropertyValueSpecification\",\"valueRequired\":true,\"valueName\":\"search_term_string\"}}],\"inLanguage\":\"es\"},{\"@type\":\"Organization\",\"@id\":\"https:\\\/\\\/kmblock.com\\\/es\\\/#organization\",\"name\":\"Bloque KM\",\"url\":\"https:\\\/\\\/kmblock.com\\\/es\\\/\",\"logo\":{\"@type\":\"ImageObject\",\"inLanguage\":\"es\",\"@id\":\"https:\\\/\\\/kmblock.com\\\/es\\\/#\\\/schema\\\/logo\\\/image\\\/\",\"url\":\"https:\\\/\\\/kmblock.com\\\/wp-content\\\/uploads\\\/2024\\\/08\\\/main-logo.png\",\"contentUrl\":\"https:\\\/\\\/kmblock.com\\\/wp-content\\\/uploads\\\/2024\\\/08\\\/main-logo.png\",\"width\":186,\"height\":28,\"caption\":\"Bloque KM\"},\"image\":{\"@id\":\"https:\\\/\\\/kmblock.com\\\/es\\\/#\\\/schema\\\/logo\\\/image\\\/\"}}]}<\/script>\n<!-- \/ Yoast SEO plugin. -->","yoast_head_json":{"title":"Volkswagen Scirocco Mileage Blocker (KM stopper) \u2192 KM Block","description":"Buy a Volkswagen Scirocco Mileage Blocker for the Best Prices \u2713 Free Shipping \u2713 Incl. Installation Guides","robots":{"index":"index","follow":"follow","max-snippet":"max-snippet:-1","max-image-preview":"max-image-preview:large","max-video-preview":"max-video-preview:-1"},"og_locale":"es_ES","og_type":"article","og_title":"Volkswagen Scirocco Mileage Blocker (KM stopper) \u2192 KM Block","og_description":"Buy a Volkswagen Scirocco Mileage Blocker for the Best Prices \u2713 Free Shipping \u2713 Incl. Installation Guides","og_url":"https:\/\/kmblock.com\/es\/product\/volkswagen-scirocco\/","og_site_name":"KM Block","og_image":[{"width":800,"height":800,"url":"https:\/\/kmblock.com\/wp-content\/uploads\/2024\/09\/Volkswagen-Scirocco.jpg","type":"image\/jpeg"}],"twitter_card":"summary_large_image","twitter_misc":{"Tiempo de lectura":"3 minutos"},"schema":{"@context":"https:\/\/schema.org","@graph":[{"@type":"WebPage","@id":"https:\/\/kmblock.com\/es\/product\/volkswagen-scirocco\/","url":"https:\/\/kmblock.com\/es\/product\/volkswagen-scirocco\/","name":"Volkswagen Scirocco Mileage Blocker (KM stopper) \u2192 KM Block","isPartOf":{"@id":"https:\/\/kmblock.com\/es\/#website"},"primaryImageOfPage":{"@id":"https:\/\/kmblock.com\/es\/product\/volkswagen-scirocco\/#primaryimage"},"image":{"@id":"https:\/\/kmblock.com\/es\/product\/volkswagen-scirocco\/#primaryimage"},"thumbnailUrl":"https:\/\/kmblock.com\/wp-content\/uploads\/2024\/09\/Volkswagen-Scirocco.jpg","datePublished":"2024-09-25T00:18:10+00:00","description":"Buy a Volkswagen Scirocco Mileage Blocker for the Best Prices \u2713 Free Shipping \u2713 Incl. Installation Guides","breadcrumb":{"@id":"https:\/\/kmblock.com\/es\/product\/volkswagen-scirocco\/#breadcrumb"},"inLanguage":"es","potentialAction":[{"@type":"ReadAction","target":["https:\/\/kmblock.com\/es\/product\/volkswagen-scirocco\/"]}]},{"@type":"ImageObject","inLanguage":"es","@id":"https:\/\/kmblock.com\/es\/product\/volkswagen-scirocco\/#primaryimage","url":"https:\/\/kmblock.com\/wp-content\/uploads\/2024\/09\/Volkswagen-Scirocco.jpg","contentUrl":"https:\/\/kmblock.com\/wp-content\/uploads\/2024\/09\/Volkswagen-Scirocco.jpg","width":800,"height":800,"caption":"Volkswagen Scirocco"},{"@type":"BreadcrumbList","@id":"https:\/\/kmblock.com\/es\/product\/volkswagen-scirocco\/#breadcrumb","itemListElement":[{"@type":"ListItem","position":1,"name":"Inicio","item":"https:\/\/kmblock.com\/es\/"},{"@type":"ListItem","position":2,"name":"Productos","item":"https:\/\/kmblock.com\/es\/shop\/"},{"@type":"ListItem","position":3,"name":"Volkswagen Scirocco"}]},{"@type":"WebSite","@id":"https:\/\/kmblock.com\/es\/#website","url":"https:\/\/kmblock.com\/es\/","name":"KM Block","description":"","publisher":{"@id":"https:\/\/kmblock.com\/es\/#organization"},"potentialAction":[{"@type":"SearchAction","target":{"@type":"EntryPoint","urlTemplate":"https:\/\/kmblock.com\/es\/?s={search_term_string}"},"query-input":{"@type":"PropertyValueSpecification","valueRequired":true,"valueName":"search_term_string"}}],"inLanguage":"es"},{"@type":"Organization","@id":"https:\/\/kmblock.com\/es\/#organization","name":"Bloque KM","url":"https:\/\/kmblock.com\/es\/","logo":{"@type":"ImageObject","inLanguage":"es","@id":"https:\/\/kmblock.com\/es\/#\/schema\/logo\/image\/","url":"https:\/\/kmblock.com\/wp-content\/uploads\/2024\/08\/main-logo.png","contentUrl":"https:\/\/kmblock.com\/wp-content\/uploads\/2024\/08\/main-logo.png","width":186,"height":28,"caption":"Bloque KM"},"image":{"@id":"https:\/\/kmblock.com\/es\/#\/schema\/logo\/image\/"}}]}},"_links":{"self":[{"href":"https:\/\/kmblock.com\/es\/wp-json\/wp\/v2\/product\/9854","targetHints":{"allow":["GET"]}}],"collection":[{"href":"https:\/\/kmblock.com\/es\/wp-json\/wp\/v2\/product"}],"about":[{"href":"https:\/\/kmblock.com\/es\/wp-json\/wp\/v2\/types\/product"}],"replies":[{"embeddable":true,"href":"https:\/\/kmblock.com\/es\/wp-json\/wp\/v2\/comments?post=9854"}],"wp:featuredmedia":[{"embeddable":true,"href":"https:\/\/kmblock.com\/es\/wp-json\/wp\/v2\/media\/942"}],"wp:attachment":[{"href":"https:\/\/kmblock.com\/es\/wp-json\/wp\/v2\/media?parent=9854"}],"wp:term":[{"taxonomy":"product_brand","embeddable":true,"href":"https:\/\/kmblock.com\/es\/wp-json\/wp\/v2\/product_brand?post=9854"},{"taxonomy":"product_cat","embeddable":true,"href":"https:\/\/kmblock.com\/es\/wp-json\/wp\/v2\/product_cat?post=9854"},{"taxonomy":"product_tag","embeddable":true,"href":"https:\/\/kmblock.com\/es\/wp-json\/wp\/v2\/product_tag?post=9854"}],"curies":[{"name":"wp","href":"https:\/\/api.w.org\/{rel}","templated":true}]}}