{"id":9839,"date":"2024-09-25T00:14:54","date_gmt":"2024-09-25T00:14:54","guid":{"rendered":"https:\/\/kmblock.com\/product\/volkswagen-polo-vi-aw-2g\/"},"modified":"2024-09-25T00:14:54","modified_gmt":"2024-09-25T00:14:54","slug":"volkswagen-polo-vi-aw-2g","status":"publish","type":"product","link":"https:\/\/kmblock.com\/es\/product\/volkswagen-polo-vi-aw-2g\/","title":{"rendered":"Volkswagen Polo VI AW 2G"},"content":{"rendered":"<div class=\"flex max-w-full flex-col flex-grow\">\n<div class=\"min-h-[20px] text-message flex w-full flex-col items-end gap-2 whitespace-normal break-words [.text-message+&amp;]:mt-5\" dir=\"auto\" data-message-author-role=\"assistant\" data-message-id=\"d6917fa6-327f-426b-8c95-0356a88e4710\">\n<div class=\"flex w-full flex-col gap-1 empty:hidden first:pt-[3px]\">\n<div class=\"markdown prose w-full break-words dark:prose-invert dark\">\n<h3>Bloqueador de kilometraje para Volkswagen Polo VI AW 2G<\/h3>\n<p>El bloqueador de cuentakil\u00f3metros Volkswagen Polo VI AW 2G, tambi\u00e9n conocido como bloqueador de cuentakil\u00f3metros, bloqueador de cuentakil\u00f3metros, bloqueador de latas, bloqueador de cuentakil\u00f3metros, cuentakil\u00f3metros parcial, filtro de latas o herramienta de correcci\u00f3n de cuentakil\u00f3metros, es compatible con todos los modelos Volkswagen Polo VI AW 2G lanzados desde 2015.<\/p>\n<h3>Especificaciones<\/h3>\n<ul>\n<li><strong>Instalaci\u00f3n DIY:<\/strong> F\u00e1cil de instalar sin ayuda profesional.<\/li>\n<li><strong>M\u00faltiples modos:<\/strong> Ofrece varios modos para elegir.<\/li>\n<li><strong>No hay mensajes de error:<\/strong> No hay alertas en el veloc\u00edmetro ni en el panel de navegaci\u00f3n.<\/li>\n<li><strong>Componentes de alta calidad:<\/strong> Incluye enchufes de primera calidad y cables resistentes al calor.<\/li>\n<li><strong>Sin dejar rastro:<\/strong> No hace falta soldar ni cortar ning\u00fan cable.<\/li>\n<li><strong>Funcionamiento sencillo:<\/strong> Se controla con m\u00faltiples combinaciones de teclas.<\/li>\n<li><strong>No aumenta el kilometraje:<\/strong> Tras la retirada del m\u00f3dulo, el kilometraje permanece invariable.<\/li>\n<li><strong>Sigilo de diagn\u00f3stico:<\/strong> Los comprobadores de diagn\u00f3stico no pueden detectar alteraciones en el kilometraje.<\/li>\n<li><strong>Configuraci\u00f3n permanente:<\/strong> Una vez establecida, la configuraci\u00f3n se guarda indefinidamente.<\/li>\n<li><strong>Funcionalidad impecable:<\/strong> El veloc\u00edmetro y los sistemas de asistencia siguen funcionando sin interrupci\u00f3n.<\/li>\n<li><strong>Instalaci\u00f3n sin problemas:<\/strong> El dise\u00f1o del conector garantiza una instalaci\u00f3n sin juntas con la cara de acoplamiento y los rebordes.<\/li>\n<li><strong>Aviso de la luz del motor:<\/strong> Para los veh\u00edculos a partir de finales de 2020, la luz de control del motor puede activarse al utilizar el dispositivo.<\/li>\n<li><strong>Desviaci\u00f3n del kilometraje:<\/strong> Puede producirse una desviaci\u00f3n de hasta el 1% en el kilometraje registrado, con aproximaciones para el kilometraje detenido.<\/li>\n<\/ul>\n<h3>Activaci\u00f3n y desactivaci\u00f3n<\/h3>\n<p><span data-sheets-root=\"1\">\u00bb Con el mando \u00abok\u00bb en el volante, mant\u00e9n pulsado hasta que parpadee el intermitente.<\/span><\/p>\n<p><strong>Modo 1<\/strong>: 1 parpadeo a la izquierda 18 por ciento (Todo funciona velocidad crucero, etc.)<\/p>\n<p><strong>Modo 2<\/strong>: 2 parpadeos a la izquierda 0 por ciento (sin velocidad, sin indicador de combustible)<\/p>\n<p><strong>Modo 3<\/strong>: 1 parpadeo a la derecha 100% (original)\u00bb.<\/p>\n<p>El Freno Kilom\u00e9trico Volkswagen Polo VI AW 2G conserva autom\u00e1ticamente los \u00faltimos ajustes aplicados, por lo que no es necesario realizar ajustes en el siguiente arranque del coche.<\/p>\n<h3>\u00bfQu\u00e9 es el bloqueador de cuentakil\u00f3metros o corrector de kilometraje Volkswagen Polo VI AW 2G?<\/h3>\n<p>El Bloqueador de Kilometraje\/Bloqueador de Cuentakil\u00f3metros Volkswagen Polo VI AW 2G est\u00e1 dise\u00f1ado para detener la acumulaci\u00f3n de kil\u00f3metros durante las pruebas de rendimiento. Disponible en KM Block, esta herramienta est\u00e1 fabricada con componentes originales y funciona perfectamente para veh\u00edculos que miden la distancia en millas o kil\u00f3metros. Se escribe un software personalizado para cada modelo con el fin de garantizar un funcionamiento impecable, ya sea para motores di\u00e9sel, de gasolina, veh\u00edculos el\u00e9ctricos h\u00edbridos enchufables (PHEV) o coches el\u00e9ctricos.  <\/p>\n<p>No vendemos herramientas de correcci\u00f3n del kilometraje para Volkswagen Polo VI AW 2G, ya que est\u00e1n destinadas a fines fraudulentos, como hacer retroceder los cuentakil\u00f3metros. Los veh\u00edculos modernos tienen m\u00faltiples unidades de almacenamiento de datos, y las herramientas de retroceso no pueden borrar completamente el kilometraje en todos los sistemas. <\/p>\n<p>Ofrecemos una gama de dispositivos Antirretroceso para diferentes modelos de veh\u00edculos. La instalaci\u00f3n es sencilla y no requiere conocimientos avanzados de mantenimiento del autom\u00f3vil. Basta con conectar el m\u00f3dulo entre el puerto del veloc\u00edmetro y el cuadro de instrumentos para disfrutar de toda la funcionalidad de la herramienta.  <\/p>\n<p>El bloqueador de kilometraje Volkswagen Polo VI AW 2G es un dispositivo excepcional para comprobar el rendimiento del veh\u00edculo en un entorno controlado.<\/p>\n<\/div>\n<\/div>\n<\/div>\n<\/div>\n","protected":false},"excerpt":{"rendered":"<div class=\"flex-shrink-0 flex flex-col relative items-end\">\n<div class=\"pt-0\">\n<div class=\"gizmo-bot-avatar flex h-8 w-8 items-center justify-center overflow-hidden rounded-full\">\n<div class=\"relative p-1 rounded-sm flex items-center justify-center bg-token-main-surface-primary text-token-text-primary h-8 w-8\">\n<p>Antes de hacer el pedido, revisa detenidamente el proceso de activaci\u00f3n del m\u00f3dulo y las notas importantes sobre posibles mensajes de error y<\/p>\n<div class=\"flex-shrink-0 flex flex-col relative items-end\">\n<div class=\"pt-0\">\n<div class=\"gizmo-bot-avatar flex h-8 w-8 items-center justify-center overflow-hidden rounded-full\">\n<div class=\"relative p-1 rounded-sm flex items-center justify-center bg-token-main-surface-primary text-token-text-primary h-8 w-8\">\n<p><strong>Para modelos lanzados desde 2015.  <\/strong>Instalaci\u00f3n DIY. Rendimiento irrastreable.  Enchufes de primera calidad y cables resistentes al calor. El veloc\u00edmetro y los sistemas de asistencia funcionan a la perfecci\u00f3n. <\/p>\n<p class=\"p1\"><b> \u2705 Integraci\u00f3n perfecta<\/b><b><\/b><\/p>\n<p class=\"p1\">\u2705<b> F\u00e1cil instalaci\u00f3n<\/b><b><\/b><\/p>\n<p class=\"p1\">\u2705<b> Gesti\u00f3n precisa del kilometraje<\/b><b><\/b><\/p>\n<p class=\"p1\"><b> \u2705 Funcionamiento en modo oculto<\/b><b><\/b><\/p>\n<p class=\"p1\"><span class=\"s1\">\u2705<\/span><b> Soporte y actualizaciones de por vida<\/b><\/p>\n<\/div>\n<\/div>\n<\/div>\n<\/div>\n<\/div>\n<\/div>\n<\/div>\n<\/div>\n","protected":false},"featured_media":940,"comment_status":"open","ping_status":"closed","template":"","meta":[],"product_brand":[],"product_cat":[886],"product_tag":[],"class_list":{"0":"post-9839","1":"product","2":"type-product","3":"status-publish","4":"has-post-thumbnail","6":"product_cat-volkswagen","8":"first","9":"instock","10":"taxable","11":"shipping-taxable","12":"purchasable","13":"product-type-variable"},"yoast_head":"<!-- This site is optimized with the Yoast SEO plugin v27.5 - https:\/\/yoast.com\/product\/yoast-seo-wordpress\/ -->\n<title>Volkswagen Polo VI AW 2G Mileage Blocker (KM stopper) \u2192 KM Block<\/title>\n<meta name=\"description\" content=\"Buy a Volkswagen Polo VI AW 2G Mileage Blocker for the Best Prices \u2713 Free Shipping \u2713 Incl. Installation Guides\" \/>\n<meta name=\"robots\" content=\"index, follow, max-snippet:-1, max-image-preview:large, max-video-preview:-1\" \/>\n<meta property=\"og:locale\" content=\"es_ES\" \/>\n<meta property=\"og:type\" content=\"article\" \/>\n<meta property=\"og:title\" content=\"Volkswagen Polo VI AW 2G Mileage Blocker (KM stopper) \u2192 KM Block\" \/>\n<meta property=\"og:description\" content=\"Buy a Volkswagen Polo VI AW 2G Mileage Blocker for the Best Prices \u2713 Free Shipping \u2713 Incl. Installation Guides\" \/>\n<meta property=\"og:url\" content=\"https:\/\/kmblock.com\/es\/product\/volkswagen-polo-vi-aw-2g\/\" \/>\n<meta property=\"og:site_name\" content=\"KM Block\" \/>\n<meta property=\"og:image\" content=\"https:\/\/kmblock.com\/wp-content\/uploads\/2024\/09\/Volkswagen-Polo-VI-AW-2G.jpg\" \/>\n\t<meta property=\"og:image:width\" content=\"800\" \/>\n\t<meta property=\"og:image:height\" content=\"800\" \/>\n\t<meta property=\"og:image:type\" content=\"image\/jpeg\" \/>\n<meta name=\"twitter:card\" content=\"summary_large_image\" \/>\n<meta name=\"twitter:label1\" content=\"Tiempo de lectura\" \/>\n\t<meta name=\"twitter:data1\" content=\"3 minutos\" \/>\n<script type=\"application\/ld+json\" class=\"yoast-schema-graph\">{\"@context\":\"https:\\\/\\\/schema.org\",\"@graph\":[{\"@type\":\"WebPage\",\"@id\":\"https:\\\/\\\/kmblock.com\\\/es\\\/product\\\/volkswagen-polo-vi-aw-2g\\\/\",\"url\":\"https:\\\/\\\/kmblock.com\\\/es\\\/product\\\/volkswagen-polo-vi-aw-2g\\\/\",\"name\":\"Volkswagen Polo VI AW 2G Mileage Blocker (KM stopper) \u2192 KM Block\",\"isPartOf\":{\"@id\":\"https:\\\/\\\/kmblock.com\\\/es\\\/#website\"},\"primaryImageOfPage\":{\"@id\":\"https:\\\/\\\/kmblock.com\\\/es\\\/product\\\/volkswagen-polo-vi-aw-2g\\\/#primaryimage\"},\"image\":{\"@id\":\"https:\\\/\\\/kmblock.com\\\/es\\\/product\\\/volkswagen-polo-vi-aw-2g\\\/#primaryimage\"},\"thumbnailUrl\":\"https:\\\/\\\/kmblock.com\\\/wp-content\\\/uploads\\\/2024\\\/09\\\/Volkswagen-Polo-VI-AW-2G.jpg\",\"datePublished\":\"2024-09-25T00:14:54+00:00\",\"description\":\"Buy a Volkswagen Polo VI AW 2G Mileage Blocker for the Best Prices \u2713 Free Shipping \u2713 Incl. Installation Guides\",\"breadcrumb\":{\"@id\":\"https:\\\/\\\/kmblock.com\\\/es\\\/product\\\/volkswagen-polo-vi-aw-2g\\\/#breadcrumb\"},\"inLanguage\":\"es\",\"potentialAction\":[{\"@type\":\"ReadAction\",\"target\":[\"https:\\\/\\\/kmblock.com\\\/es\\\/product\\\/volkswagen-polo-vi-aw-2g\\\/\"]}]},{\"@type\":\"ImageObject\",\"inLanguage\":\"es\",\"@id\":\"https:\\\/\\\/kmblock.com\\\/es\\\/product\\\/volkswagen-polo-vi-aw-2g\\\/#primaryimage\",\"url\":\"https:\\\/\\\/kmblock.com\\\/wp-content\\\/uploads\\\/2024\\\/09\\\/Volkswagen-Polo-VI-AW-2G.jpg\",\"contentUrl\":\"https:\\\/\\\/kmblock.com\\\/wp-content\\\/uploads\\\/2024\\\/09\\\/Volkswagen-Polo-VI-AW-2G.jpg\",\"width\":800,\"height\":800,\"caption\":\"Volkswagen Polo VI AW 2G\"},{\"@type\":\"BreadcrumbList\",\"@id\":\"https:\\\/\\\/kmblock.com\\\/es\\\/product\\\/volkswagen-polo-vi-aw-2g\\\/#breadcrumb\",\"itemListElement\":[{\"@type\":\"ListItem\",\"position\":1,\"name\":\"Inicio\",\"item\":\"https:\\\/\\\/kmblock.com\\\/es\\\/\"},{\"@type\":\"ListItem\",\"position\":2,\"name\":\"Productos\",\"item\":\"https:\\\/\\\/kmblock.com\\\/es\\\/shop\\\/\"},{\"@type\":\"ListItem\",\"position\":3,\"name\":\"Volkswagen Polo VI AW 2G\"}]},{\"@type\":\"WebSite\",\"@id\":\"https:\\\/\\\/kmblock.com\\\/es\\\/#website\",\"url\":\"https:\\\/\\\/kmblock.com\\\/es\\\/\",\"name\":\"KM Block\",\"description\":\"\",\"publisher\":{\"@id\":\"https:\\\/\\\/kmblock.com\\\/es\\\/#organization\"},\"potentialAction\":[{\"@type\":\"SearchAction\",\"target\":{\"@type\":\"EntryPoint\",\"urlTemplate\":\"https:\\\/\\\/kmblock.com\\\/es\\\/?s={search_term_string}\"},\"query-input\":{\"@type\":\"PropertyValueSpecification\",\"valueRequired\":true,\"valueName\":\"search_term_string\"}}],\"inLanguage\":\"es\"},{\"@type\":\"Organization\",\"@id\":\"https:\\\/\\\/kmblock.com\\\/es\\\/#organization\",\"name\":\"Bloque KM\",\"url\":\"https:\\\/\\\/kmblock.com\\\/es\\\/\",\"logo\":{\"@type\":\"ImageObject\",\"inLanguage\":\"es\",\"@id\":\"https:\\\/\\\/kmblock.com\\\/es\\\/#\\\/schema\\\/logo\\\/image\\\/\",\"url\":\"https:\\\/\\\/kmblock.com\\\/wp-content\\\/uploads\\\/2024\\\/08\\\/main-logo.png\",\"contentUrl\":\"https:\\\/\\\/kmblock.com\\\/wp-content\\\/uploads\\\/2024\\\/08\\\/main-logo.png\",\"width\":186,\"height\":28,\"caption\":\"Bloque KM\"},\"image\":{\"@id\":\"https:\\\/\\\/kmblock.com\\\/es\\\/#\\\/schema\\\/logo\\\/image\\\/\"}}]}<\/script>\n<!-- \/ Yoast SEO plugin. -->","yoast_head_json":{"title":"Volkswagen Polo VI AW 2G Mileage Blocker (KM stopper) \u2192 KM Block","description":"Buy a Volkswagen Polo VI AW 2G Mileage Blocker for the Best Prices \u2713 Free Shipping \u2713 Incl. Installation Guides","robots":{"index":"index","follow":"follow","max-snippet":"max-snippet:-1","max-image-preview":"max-image-preview:large","max-video-preview":"max-video-preview:-1"},"og_locale":"es_ES","og_type":"article","og_title":"Volkswagen Polo VI AW 2G Mileage Blocker (KM stopper) \u2192 KM Block","og_description":"Buy a Volkswagen Polo VI AW 2G Mileage Blocker for the Best Prices \u2713 Free Shipping \u2713 Incl. Installation Guides","og_url":"https:\/\/kmblock.com\/es\/product\/volkswagen-polo-vi-aw-2g\/","og_site_name":"KM Block","og_image":[{"width":800,"height":800,"url":"https:\/\/kmblock.com\/wp-content\/uploads\/2024\/09\/Volkswagen-Polo-VI-AW-2G.jpg","type":"image\/jpeg"}],"twitter_card":"summary_large_image","twitter_misc":{"Tiempo de lectura":"3 minutos"},"schema":{"@context":"https:\/\/schema.org","@graph":[{"@type":"WebPage","@id":"https:\/\/kmblock.com\/es\/product\/volkswagen-polo-vi-aw-2g\/","url":"https:\/\/kmblock.com\/es\/product\/volkswagen-polo-vi-aw-2g\/","name":"Volkswagen Polo VI AW 2G Mileage Blocker (KM stopper) \u2192 KM Block","isPartOf":{"@id":"https:\/\/kmblock.com\/es\/#website"},"primaryImageOfPage":{"@id":"https:\/\/kmblock.com\/es\/product\/volkswagen-polo-vi-aw-2g\/#primaryimage"},"image":{"@id":"https:\/\/kmblock.com\/es\/product\/volkswagen-polo-vi-aw-2g\/#primaryimage"},"thumbnailUrl":"https:\/\/kmblock.com\/wp-content\/uploads\/2024\/09\/Volkswagen-Polo-VI-AW-2G.jpg","datePublished":"2024-09-25T00:14:54+00:00","description":"Buy a Volkswagen Polo VI AW 2G Mileage Blocker for the Best Prices \u2713 Free Shipping \u2713 Incl. Installation Guides","breadcrumb":{"@id":"https:\/\/kmblock.com\/es\/product\/volkswagen-polo-vi-aw-2g\/#breadcrumb"},"inLanguage":"es","potentialAction":[{"@type":"ReadAction","target":["https:\/\/kmblock.com\/es\/product\/volkswagen-polo-vi-aw-2g\/"]}]},{"@type":"ImageObject","inLanguage":"es","@id":"https:\/\/kmblock.com\/es\/product\/volkswagen-polo-vi-aw-2g\/#primaryimage","url":"https:\/\/kmblock.com\/wp-content\/uploads\/2024\/09\/Volkswagen-Polo-VI-AW-2G.jpg","contentUrl":"https:\/\/kmblock.com\/wp-content\/uploads\/2024\/09\/Volkswagen-Polo-VI-AW-2G.jpg","width":800,"height":800,"caption":"Volkswagen Polo VI AW 2G"},{"@type":"BreadcrumbList","@id":"https:\/\/kmblock.com\/es\/product\/volkswagen-polo-vi-aw-2g\/#breadcrumb","itemListElement":[{"@type":"ListItem","position":1,"name":"Inicio","item":"https:\/\/kmblock.com\/es\/"},{"@type":"ListItem","position":2,"name":"Productos","item":"https:\/\/kmblock.com\/es\/shop\/"},{"@type":"ListItem","position":3,"name":"Volkswagen Polo VI AW 2G"}]},{"@type":"WebSite","@id":"https:\/\/kmblock.com\/es\/#website","url":"https:\/\/kmblock.com\/es\/","name":"KM Block","description":"","publisher":{"@id":"https:\/\/kmblock.com\/es\/#organization"},"potentialAction":[{"@type":"SearchAction","target":{"@type":"EntryPoint","urlTemplate":"https:\/\/kmblock.com\/es\/?s={search_term_string}"},"query-input":{"@type":"PropertyValueSpecification","valueRequired":true,"valueName":"search_term_string"}}],"inLanguage":"es"},{"@type":"Organization","@id":"https:\/\/kmblock.com\/es\/#organization","name":"Bloque KM","url":"https:\/\/kmblock.com\/es\/","logo":{"@type":"ImageObject","inLanguage":"es","@id":"https:\/\/kmblock.com\/es\/#\/schema\/logo\/image\/","url":"https:\/\/kmblock.com\/wp-content\/uploads\/2024\/08\/main-logo.png","contentUrl":"https:\/\/kmblock.com\/wp-content\/uploads\/2024\/08\/main-logo.png","width":186,"height":28,"caption":"Bloque KM"},"image":{"@id":"https:\/\/kmblock.com\/es\/#\/schema\/logo\/image\/"}}]}},"_links":{"self":[{"href":"https:\/\/kmblock.com\/es\/wp-json\/wp\/v2\/product\/9839","targetHints":{"allow":["GET"]}}],"collection":[{"href":"https:\/\/kmblock.com\/es\/wp-json\/wp\/v2\/product"}],"about":[{"href":"https:\/\/kmblock.com\/es\/wp-json\/wp\/v2\/types\/product"}],"replies":[{"embeddable":true,"href":"https:\/\/kmblock.com\/es\/wp-json\/wp\/v2\/comments?post=9839"}],"wp:featuredmedia":[{"embeddable":true,"href":"https:\/\/kmblock.com\/es\/wp-json\/wp\/v2\/media\/940"}],"wp:attachment":[{"href":"https:\/\/kmblock.com\/es\/wp-json\/wp\/v2\/media?parent=9839"}],"wp:term":[{"taxonomy":"product_brand","embeddable":true,"href":"https:\/\/kmblock.com\/es\/wp-json\/wp\/v2\/product_brand?post=9839"},{"taxonomy":"product_cat","embeddable":true,"href":"https:\/\/kmblock.com\/es\/wp-json\/wp\/v2\/product_cat?post=9839"},{"taxonomy":"product_tag","embeddable":true,"href":"https:\/\/kmblock.com\/es\/wp-json\/wp\/v2\/product_tag?post=9839"}],"curies":[{"name":"wp","href":"https:\/\/api.w.org\/{rel}","templated":true}]}}