{"id":9800,"date":"2024-09-24T20:54:18","date_gmt":"2024-09-24T20:54:18","guid":{"rendered":"https:\/\/kmblock.com\/product\/skoda-superb-iii-tipo-3v\/"},"modified":"2024-09-24T20:54:18","modified_gmt":"2024-09-24T20:54:18","slug":"skoda-superb-iii-tipo-3v","status":"publish","type":"product","link":"https:\/\/kmblock.com\/es\/product\/skoda-superb-iii-tipo-3v\/","title":{"rendered":"Skoda SUPERB III TIPO 3V"},"content":{"rendered":"<div class=\"flex max-w-full flex-col flex-grow\">\n<div class=\"min-h-[20px] text-message flex w-full flex-col items-end gap-2 whitespace-normal break-words [.text-message+&amp;]:mt-5\" dir=\"auto\" data-message-author-role=\"assistant\" data-message-id=\"486fbb14-d9b0-4abf-8aac-69dd9ef3f888\">\n<div class=\"flex w-full flex-col gap-1 empty:hidden first:pt-[3px]\">\n<div class=\"markdown prose w-full break-words dark:prose-invert dark\">\n<div class=\"flex max-w-full flex-col flex-grow\">\n<div class=\"min-h-[20px] text-message flex w-full flex-col items-end gap-2 whitespace-normal break-words [.text-message+&amp;]:mt-5\" dir=\"auto\" data-message-author-role=\"assistant\" data-message-id=\"583787e4-ced2-4497-934b-fd13934d3b5f\">\n<div class=\"flex w-full flex-col gap-1 empty:hidden first:pt-[3px]\">\n<div class=\"markdown prose w-full break-words dark:prose-invert dark\">\n<div class=\"flex-1 overflow-hidden\">\n<div class=\"h-full\">\n<div class=\"react-scroll-to-bottom--css-edlrf-79elbk h-full\">\n<div class=\"react-scroll-to-bottom--css-edlrf-1n7m0yu\">\n<div class=\"flex flex-col text-sm md:pb-9\">\n<article class=\"w-full text-token-text-primary focus-visible:outline-2 focus-visible:outline-offset-[-4px]\" dir=\"auto\" data-testid=\"conversation-turn-171\" data-scroll-anchor=\"true\">\n<div class=\"text-base py-[18px] px-3 md:px-4 m-auto w-full md:px-5 lg:px-4 xl:px-5\">\n<div class=\"mx-auto flex flex-1 gap-4 text-base md:gap-5 lg:gap-6 md:max-w-3xl lg:max-w-[40rem] xl:max-w-[48rem]\">\n<div class=\"group\/conversation-turn relative flex w-full min-w-0 flex-col agent-turn\">\n<div class=\"flex-col gap-1 md:gap-3\">\n<div class=\"flex max-w-full flex-col flex-grow\">\n<div class=\"min-h-[20px] text-message flex w-full flex-col items-end gap-2 whitespace-normal break-words [.text-message+&amp;]:mt-5\" dir=\"auto\" data-message-author-role=\"assistant\" data-message-id=\"c587c539-d375-471b-ba08-a0c42b7a5935\">\n<div class=\"flex w-full flex-col gap-1 empty:hidden first:pt-[3px]\">\n<div class=\"markdown prose w-full break-words dark:prose-invert dark\">\n<div class=\"flex max-w-full flex-col flex-grow\">\n<div class=\"min-h-[20px] text-message flex w-full flex-col items-end gap-2 whitespace-normal break-words [.text-message+&amp;]:mt-5\" dir=\"auto\" data-message-author-role=\"assistant\" data-message-id=\"f2e7ca64-e326-43ac-9cc2-b5e20ed1c815\">\n<div class=\"flex w-full flex-col gap-1 empty:hidden first:pt-[3px]\">\n<div class=\"markdown prose w-full break-words dark:prose-invert dark\">\n<div class=\"flex max-w-full flex-col flex-grow\">\n<div class=\"min-h-[20px] text-message flex w-full flex-col items-end gap-2 whitespace-normal break-words [.text-message+&amp;]:mt-5\" dir=\"auto\" data-message-author-role=\"assistant\" data-message-id=\"ad6c8a64-6b87-4f7b-87fc-7b2974512196\">\n<div class=\"flex w-full flex-col gap-1 empty:hidden first:pt-[3px]\">\n<div class=\"markdown prose w-full break-words dark:prose-invert dark\">\n<article class=\"w-full text-token-text-primary focus-visible:outline-2 focus-visible:outline-offset-[-4px]\" dir=\"auto\" data-testid=\"conversation-turn-199\" data-scroll-anchor=\"false\">\n<div class=\"text-base py-[18px] px-3 md:px-4 m-auto w-full md:px-5 lg:px-4 xl:px-5\">\n<div class=\"mx-auto flex flex-1 gap-4 text-base md:gap-5 lg:gap-6 md:max-w-3xl lg:max-w-[40rem] xl:max-w-[48rem]\">\n<div class=\"group\/conversation-turn relative flex w-full min-w-0 flex-col agent-turn\">\n<div class=\"flex-col gap-1 md:gap-3\">\n<div class=\"flex max-w-full flex-col flex-grow\">\n<div class=\"flex max-w-full flex-col flex-grow\">\n<div class=\"min-h-[20px] text-message flex w-full flex-col items-end gap-2 whitespace-normal break-words [.text-message+&amp;]:mt-5\" dir=\"auto\" data-message-author-role=\"assistant\" data-message-id=\"81975351-cc56-42c9-9397-4e8d72670779\">\n<div class=\"flex w-full flex-col gap-1 empty:hidden first:pt-[3px]\">\n<div class=\"markdown prose w-full break-words dark:prose-invert dark\">\n<div class=\"flex-1 overflow-hidden\">\n<div class=\"h-full\">\n<div class=\"react-scroll-to-bottom--css-agaqu-79elbk h-full\">\n<div class=\"react-scroll-to-bottom--css-agaqu-1n7m0yu\">\n<div class=\"flex flex-col text-sm md:pb-9\">\n<article class=\"w-full text-token-text-primary focus-visible:outline-2 focus-visible:outline-offset-[-4px]\" dir=\"auto\" data-testid=\"conversation-turn-275\" data-scroll-anchor=\"true\">\n<div class=\"text-base py-[18px] px-3 md:px-4 m-auto w-full md:px-5 lg:px-4 xl:px-5\">\n<div class=\"mx-auto flex flex-1 gap-4 text-base md:gap-5 lg:gap-6 md:max-w-3xl lg:max-w-[40rem] xl:max-w-[48rem]\">\n<div class=\"group\/conversation-turn relative flex w-full min-w-0 flex-col agent-turn\">\n<div class=\"flex-col gap-1 md:gap-3\">\n<div class=\"flex max-w-full flex-col flex-grow\">\n<div class=\"min-h-[20px] text-message flex w-full flex-col items-end gap-2 whitespace-normal break-words [.text-message+&amp;]:mt-5\" dir=\"auto\" data-message-author-role=\"assistant\" data-message-id=\"52f1d1d2-af92-46ce-b685-329119136ee3\">\n<div class=\"flex w-full flex-col gap-1 empty:hidden first:pt-[3px]\">\n<div class=\"markdown prose w-full break-words dark:prose-invert dark\">\n<div class=\"flex max-w-full flex-col flex-grow\">\n<div class=\"min-h-[20px] text-message flex w-full flex-col items-end gap-2 whitespace-normal break-words [.text-message+&amp;]:mt-5\" dir=\"auto\" data-message-author-role=\"assistant\" data-message-id=\"a498a381-cb36-4e61-a65d-a6c7f8b543c5\">\n<div class=\"flex w-full flex-col gap-1 empty:hidden first:pt-[3px]\">\n<div class=\"markdown prose w-full break-words dark:prose-invert dark\">\n<div class=\"flex-1 overflow-hidden\">\n<div class=\"h-full\">\n<div class=\"react-scroll-to-bottom--css-xsdex-79elbk h-full\">\n<div class=\"react-scroll-to-bottom--css-xsdex-1n7m0yu\">\n<div class=\"flex flex-col text-sm md:pb-9\">\n<article class=\"w-full text-token-text-primary focus-visible:outline-2 focus-visible:outline-offset-[-4px]\" dir=\"auto\" data-testid=\"conversation-turn-311\" data-scroll-anchor=\"true\">\n<div class=\"text-base py-[18px] px-3 md:px-4 m-auto w-full md:px-5 lg:px-4 xl:px-5\">\n<div class=\"mx-auto flex flex-1 gap-4 text-base md:gap-5 lg:gap-6 md:max-w-3xl lg:max-w-[40rem] xl:max-w-[48rem]\">\n<div class=\"group\/conversation-turn relative flex w-full min-w-0 flex-col agent-turn\">\n<div class=\"flex-col gap-1 md:gap-3\">\n<div class=\"flex max-w-full flex-col flex-grow\">\n<div class=\"min-h-[20px] text-message flex w-full flex-col items-end gap-2 whitespace-normal break-words [.text-message+&amp;]:mt-5\" dir=\"auto\" data-message-author-role=\"assistant\" data-message-id=\"49f877bd-7a45-463d-8f3f-102b49638ff7\">\n<div class=\"flex w-full flex-col gap-1 empty:hidden first:pt-[3px]\">\n<div class=\"markdown prose w-full break-words dark:prose-invert dark\">\n<h3><strong>Bloqueador de kilometraje para Skoda Superb III Tipo 3V<\/strong><\/h3>\n<p>El bloqueador de kilometraje Skoda Superb III Tipo 3V, tambi\u00e9n conocido como bloqueador de cuentakil\u00f3metros, bloqueador de cuentakil\u00f3metros, bloqueador de latas o bloqueador de kilometraje, es una herramienta especializada para controlar el kilometraje durante las pruebas de rendimiento.<\/p>\n<p><strong>Compatibilidad del dispositivo<\/strong><br \/>\nApto para todos los modelos Skoda Superb III Tipo 3V lanzados desde 2015.<\/p>\n<h3><strong>Especificaciones<\/strong><\/h3>\n<ul>\n<li>Instalaci\u00f3n r\u00e1pida y sencilla<\/li>\n<li>M\u00faltiples modos para usos variados<\/li>\n<li>Enchufes de primera calidad y cables resistentes al calor<\/li>\n<li>Instalaci\u00f3n suave con cara de acoplamiento y rebordes en el conector<\/li>\n<li>No es necesario soldar ni cortar, no deja rastro despu\u00e9s de retirarlo<\/li>\n<li>Funciona con combinaciones de teclas, no aumenta el kilometraje despu\u00e9s de retirarlo<\/li>\n<li>Los comprobadores de diagn\u00f3stico no pueden detectar un kilometraje alterado<\/li>\n<li>El veloc\u00edmetro y los sistemas de asistencia funcionan a la perfecci\u00f3n<\/li>\n<li>No hay mensajes de error en el veloc\u00edmetro ni en el panel de navegaci\u00f3n<\/li>\n<li>La luz de control del motor puede aparecer en los veh\u00edculos a partir de finales de 2020 cuando se active el dispositivo<\/li>\n<li>Hasta un 1% de desviaci\u00f3n del kilometraje real para los modos que alteran el kilometraje<\/li>\n<\/ul>\n<h3><strong>Activaci\u00f3n y desactivaci\u00f3n<\/strong><\/h3>\n<p><span data-sheets-root=\"1\">\u00bb Con el mando \u00abok\u00bb en el volante, mant\u00e9n pulsado hasta que parpadee el intermitente.<\/span><\/p>\n<p><strong>Modo 1<\/strong>: 1 parpadeo a la izquierda 18 por ciento (Todo funciona velocidad crucero, etc.)<\/p>\n<p><strong>Modo 2:<\/strong> 2 parpadeos a la izquierda 0 por ciento (sin velocidad, sin indicador de combustible)<\/p>\n<p><strong>Modo 3<\/strong>: 1 parpadeo a la derecha 100% (original)\u00bb.<\/p>\n<p>El dispositivo conserva el \u00faltimo modo seleccionado, por lo que no es necesario reiniciarlo cada vez que se arranca el coche.<\/p>\n<h3><strong>\u00bfQu\u00e9 es el Bloqueador de cuentakil\u00f3metros Skoda Superb III?<\/strong><\/h3>\n<p>Este dispositivo est\u00e1 dise\u00f1ado para detener el registro de kilometraje durante las pruebas de rendimiento del veh\u00edculo. Disponible en KM Block, es compatible con di\u00e9sel, gasolina, veh\u00edculos el\u00e9ctricos h\u00edbridos enchufables (PHEV) y coches el\u00e9ctricos. La herramienta funciona perfectamente tanto si tu cuentakil\u00f3metros registra millas como kil\u00f3metros.<\/p>\n<p><strong>Nota<\/strong>:<br \/>\nNo vendemos herramientas de correcci\u00f3n de kilometraje dise\u00f1adas para eliminar kilometraje de los cuentakil\u00f3metros con fines fraudulentos. Los bloqueadores de kilometraje no sirven para hacer retroceder los cuentakil\u00f3metros, ya que los veh\u00edculos almacenan los datos de kilometraje en varias unidades, que las herramientas de retroceso no pueden anular completamente.<\/p>\n<p><strong>Conclusi\u00f3n<\/strong><br \/>\nEl bloqueador de kilometraje Skoda Superb III es un dispositivo excepcional para comprobar el rendimiento de tu veh\u00edculo en un entorno controlado. La instalaci\u00f3n es sencilla y no requiere conocimientos avanzados de mec\u00e1nica, por lo que es una soluci\u00f3n eficaz para cualquier modelo Skoda Superb III.<\/p>\n<\/div>\n<\/div>\n<\/div>\n<\/div>\n<\/div>\n<\/div>\n<\/div>\n<\/div>\n<\/article>\n<\/div>\n<\/div>\n<\/div>\n<\/div>\n<\/div>\n<\/div>\n<\/div>\n<\/div>\n<\/div>\n<\/div>\n<\/div>\n<\/div>\n<\/div>\n<\/div>\n<\/div>\n<\/div>\n<\/div>\n<\/article>\n<\/div>\n<\/div>\n<\/div>\n<\/div>\n<\/div>\n<\/div>\n<\/div>\n<\/div>\n<\/div>\n<\/div>\n<\/div>\n<\/div>\n<\/div>\n<\/div>\n<\/article>\n<\/div>\n<\/div>\n<\/div>\n<\/div>\n<\/div>\n<\/div>\n<\/div>\n<\/div>\n<\/div>\n<\/div>\n<\/div>\n<\/div>\n<\/div>\n<\/div>\n<\/div>\n<\/div>\n<\/article>\n<\/div>\n<\/div>\n<\/div>\n<\/div>\n<\/div>\n<\/div>\n<\/div>\n<\/div>\n<\/div>\n<\/div>\n<\/div>\n<\/div>\n<\/div>\n","protected":false},"excerpt":{"rendered":"<div class=\"flex-shrink-0 flex flex-col relative items-end\">\n<div class=\"pt-0\">\n<div class=\"gizmo-bot-avatar flex h-8 w-8 items-center justify-center overflow-hidden rounded-full\">\n<div class=\"relative p-1 rounded-sm flex items-center justify-center bg-token-main-surface-primary text-token-text-primary h-8 w-8\">\n<p>Antes de hacer el pedido, lee los siguientes detalles importantes sobre la activaci\u00f3n del m\u00f3dulo, los mensajes de error y la funcionalidad.<\/p>\n<div class=\"flex max-w-full flex-col flex-grow\">\n<div class=\"min-h-[20px] text-message flex w-full flex-col items-end gap-2 whitespace-normal break-words [.text-message+&amp;]:mt-5\" dir=\"auto\" data-message-author-role=\"assistant\" data-message-id=\"fa49fe5c-62a3-4d02-842e-7a1021d9fec1\">\n<div class=\"flex w-full flex-col gap-1 empty:hidden first:pt-[3px]\">\n<div class=\"markdown prose w-full break-words dark:prose-invert dark\">\n<div class=\"flex max-w-full flex-col flex-grow\">\n<div class=\"min-h-[20px] text-message flex w-full flex-col items-end gap-2 whitespace-normal break-words [.text-message+&amp;]:mt-5\" dir=\"auto\" data-message-author-role=\"assistant\" data-message-id=\"0ae02e35-2973-42e5-abc5-1b841845d28b\">\n<div class=\"flex w-full flex-col gap-1 empty:hidden first:pt-[3px]\">\n<div class=\"markdown prose w-full break-words dark:prose-invert dark\">\n<p><strong>Este dispositivo es adecuado para todos los modelos Skoda Superb III Tipo 3V lanzados desde 2015.  <\/strong>Instalaci\u00f3n \u00abhazlo t\u00fa mismo\u00bb. Rendimiento inmejorable.  Enchufes de primera calidad y cables resistentes al calor. El veloc\u00edmetro y los programas de asistencia funcionan a la perfecci\u00f3n. <\/p>\n<p class=\"p1\"><b> \u2705 Integraci\u00f3n perfecta<\/b><b><\/b><\/p>\n<p class=\"p1\">\u2705<b> F\u00e1cil instalaci\u00f3n<\/b><b><\/b><\/p>\n<p class=\"p1\">\u2705<b> Gesti\u00f3n precisa del kilometraje<\/b><b><\/b><\/p>\n<p class=\"p1\"><b> \u2705 Funcionamiento en modo oculto<\/b><b><\/b><\/p>\n<p class=\"p1\"><span class=\"s1\">\u2705<\/span><b> Soporte y actualizaciones de por vida<\/b><\/p>\n<\/div>\n<\/div>\n<\/div>\n<\/div>\n<\/div>\n<\/div>\n<\/div>\n<\/div>\n<\/div>\n<\/div>\n<\/div>\n<\/div>\n","protected":false},"featured_media":927,"comment_status":"open","ping_status":"closed","template":"","meta":[],"product_brand":[],"product_cat":[888],"product_tag":[],"class_list":{"0":"post-9800","1":"product","2":"type-product","3":"status-publish","4":"has-post-thumbnail","6":"product_cat-skoda","8":"first","9":"instock","10":"taxable","11":"shipping-taxable","12":"purchasable","13":"product-type-variable"},"yoast_head":"<!-- This site is optimized with the Yoast SEO plugin v27.5 - https:\/\/yoast.com\/product\/yoast-seo-wordpress\/ -->\n<title>Skoda SUPERB III TIPO 3V Mileage Blocker (KM stopper) \u2192 KM Block<\/title>\n<meta name=\"description\" content=\"Buy a Skoda SUPERB III TIPO 3V Mileage Blocker for the Best Prices \u2713 Free Shipping \u2713 Incl. Installation Guides\" \/>\n<meta name=\"robots\" content=\"index, follow, max-snippet:-1, max-image-preview:large, max-video-preview:-1\" \/>\n<meta property=\"og:locale\" content=\"es_ES\" \/>\n<meta property=\"og:type\" content=\"article\" \/>\n<meta property=\"og:title\" content=\"Skoda SUPERB III TIPO 3V Mileage Blocker (KM stopper) \u2192 KM Block\" \/>\n<meta property=\"og:description\" content=\"Buy a Skoda SUPERB III TIPO 3V Mileage Blocker for the Best Prices \u2713 Free Shipping \u2713 Incl. Installation Guides\" \/>\n<meta property=\"og:url\" content=\"https:\/\/kmblock.com\/es\/product\/skoda-superb-iii-tipo-3v\/\" \/>\n<meta property=\"og:site_name\" content=\"KM Block\" \/>\n<meta property=\"og:image\" content=\"https:\/\/kmblock.com\/wp-content\/uploads\/2024\/09\/Skoda-SUPERB-III-TYPE-3V.jpg\" \/>\n\t<meta property=\"og:image:width\" content=\"800\" \/>\n\t<meta property=\"og:image:height\" content=\"800\" \/>\n\t<meta property=\"og:image:type\" content=\"image\/jpeg\" \/>\n<meta name=\"twitter:card\" content=\"summary_large_image\" \/>\n<meta name=\"twitter:label1\" content=\"Tiempo de lectura\" \/>\n\t<meta name=\"twitter:data1\" content=\"2 minutos\" \/>\n<script type=\"application\/ld+json\" class=\"yoast-schema-graph\">{\"@context\":\"https:\\\/\\\/schema.org\",\"@graph\":[{\"@type\":\"WebPage\",\"@id\":\"https:\\\/\\\/kmblock.com\\\/es\\\/product\\\/skoda-superb-iii-tipo-3v\\\/\",\"url\":\"https:\\\/\\\/kmblock.com\\\/es\\\/product\\\/skoda-superb-iii-tipo-3v\\\/\",\"name\":\"Skoda SUPERB III TIPO 3V Mileage Blocker (KM stopper) \u2192 KM Block\",\"isPartOf\":{\"@id\":\"https:\\\/\\\/kmblock.com\\\/es\\\/#website\"},\"primaryImageOfPage\":{\"@id\":\"https:\\\/\\\/kmblock.com\\\/es\\\/product\\\/skoda-superb-iii-tipo-3v\\\/#primaryimage\"},\"image\":{\"@id\":\"https:\\\/\\\/kmblock.com\\\/es\\\/product\\\/skoda-superb-iii-tipo-3v\\\/#primaryimage\"},\"thumbnailUrl\":\"https:\\\/\\\/kmblock.com\\\/wp-content\\\/uploads\\\/2024\\\/09\\\/Skoda-SUPERB-III-TYPE-3V.jpg\",\"datePublished\":\"2024-09-24T20:54:18+00:00\",\"description\":\"Buy a Skoda SUPERB III TIPO 3V Mileage Blocker for the Best Prices \u2713 Free Shipping \u2713 Incl. Installation Guides\",\"breadcrumb\":{\"@id\":\"https:\\\/\\\/kmblock.com\\\/es\\\/product\\\/skoda-superb-iii-tipo-3v\\\/#breadcrumb\"},\"inLanguage\":\"es\",\"potentialAction\":[{\"@type\":\"ReadAction\",\"target\":[\"https:\\\/\\\/kmblock.com\\\/es\\\/product\\\/skoda-superb-iii-tipo-3v\\\/\"]}]},{\"@type\":\"ImageObject\",\"inLanguage\":\"es\",\"@id\":\"https:\\\/\\\/kmblock.com\\\/es\\\/product\\\/skoda-superb-iii-tipo-3v\\\/#primaryimage\",\"url\":\"https:\\\/\\\/kmblock.com\\\/wp-content\\\/uploads\\\/2024\\\/09\\\/Skoda-SUPERB-III-TYPE-3V.jpg\",\"contentUrl\":\"https:\\\/\\\/kmblock.com\\\/wp-content\\\/uploads\\\/2024\\\/09\\\/Skoda-SUPERB-III-TYPE-3V.jpg\",\"width\":800,\"height\":800,\"caption\":\"Skoda SUPERB III TYPE 3V\"},{\"@type\":\"BreadcrumbList\",\"@id\":\"https:\\\/\\\/kmblock.com\\\/es\\\/product\\\/skoda-superb-iii-tipo-3v\\\/#breadcrumb\",\"itemListElement\":[{\"@type\":\"ListItem\",\"position\":1,\"name\":\"Inicio\",\"item\":\"https:\\\/\\\/kmblock.com\\\/es\\\/\"},{\"@type\":\"ListItem\",\"position\":2,\"name\":\"Productos\",\"item\":\"https:\\\/\\\/kmblock.com\\\/es\\\/shop\\\/\"},{\"@type\":\"ListItem\",\"position\":3,\"name\":\"Skoda SUPERB III TIPO 3V\"}]},{\"@type\":\"WebSite\",\"@id\":\"https:\\\/\\\/kmblock.com\\\/es\\\/#website\",\"url\":\"https:\\\/\\\/kmblock.com\\\/es\\\/\",\"name\":\"KM Block\",\"description\":\"\",\"publisher\":{\"@id\":\"https:\\\/\\\/kmblock.com\\\/es\\\/#organization\"},\"potentialAction\":[{\"@type\":\"SearchAction\",\"target\":{\"@type\":\"EntryPoint\",\"urlTemplate\":\"https:\\\/\\\/kmblock.com\\\/es\\\/?s={search_term_string}\"},\"query-input\":{\"@type\":\"PropertyValueSpecification\",\"valueRequired\":true,\"valueName\":\"search_term_string\"}}],\"inLanguage\":\"es\"},{\"@type\":\"Organization\",\"@id\":\"https:\\\/\\\/kmblock.com\\\/es\\\/#organization\",\"name\":\"Bloque KM\",\"url\":\"https:\\\/\\\/kmblock.com\\\/es\\\/\",\"logo\":{\"@type\":\"ImageObject\",\"inLanguage\":\"es\",\"@id\":\"https:\\\/\\\/kmblock.com\\\/es\\\/#\\\/schema\\\/logo\\\/image\\\/\",\"url\":\"https:\\\/\\\/kmblock.com\\\/wp-content\\\/uploads\\\/2024\\\/08\\\/main-logo.png\",\"contentUrl\":\"https:\\\/\\\/kmblock.com\\\/wp-content\\\/uploads\\\/2024\\\/08\\\/main-logo.png\",\"width\":186,\"height\":28,\"caption\":\"Bloque KM\"},\"image\":{\"@id\":\"https:\\\/\\\/kmblock.com\\\/es\\\/#\\\/schema\\\/logo\\\/image\\\/\"}}]}<\/script>\n<!-- \/ Yoast SEO plugin. -->","yoast_head_json":{"title":"Skoda SUPERB III TIPO 3V Mileage Blocker (KM stopper) \u2192 KM Block","description":"Buy a Skoda SUPERB III TIPO 3V Mileage Blocker for the Best Prices \u2713 Free Shipping \u2713 Incl. Installation Guides","robots":{"index":"index","follow":"follow","max-snippet":"max-snippet:-1","max-image-preview":"max-image-preview:large","max-video-preview":"max-video-preview:-1"},"og_locale":"es_ES","og_type":"article","og_title":"Skoda SUPERB III TIPO 3V Mileage Blocker (KM stopper) \u2192 KM Block","og_description":"Buy a Skoda SUPERB III TIPO 3V Mileage Blocker for the Best Prices \u2713 Free Shipping \u2713 Incl. Installation Guides","og_url":"https:\/\/kmblock.com\/es\/product\/skoda-superb-iii-tipo-3v\/","og_site_name":"KM Block","og_image":[{"width":800,"height":800,"url":"https:\/\/kmblock.com\/wp-content\/uploads\/2024\/09\/Skoda-SUPERB-III-TYPE-3V.jpg","type":"image\/jpeg"}],"twitter_card":"summary_large_image","twitter_misc":{"Tiempo de lectura":"2 minutos"},"schema":{"@context":"https:\/\/schema.org","@graph":[{"@type":"WebPage","@id":"https:\/\/kmblock.com\/es\/product\/skoda-superb-iii-tipo-3v\/","url":"https:\/\/kmblock.com\/es\/product\/skoda-superb-iii-tipo-3v\/","name":"Skoda SUPERB III TIPO 3V Mileage Blocker (KM stopper) \u2192 KM Block","isPartOf":{"@id":"https:\/\/kmblock.com\/es\/#website"},"primaryImageOfPage":{"@id":"https:\/\/kmblock.com\/es\/product\/skoda-superb-iii-tipo-3v\/#primaryimage"},"image":{"@id":"https:\/\/kmblock.com\/es\/product\/skoda-superb-iii-tipo-3v\/#primaryimage"},"thumbnailUrl":"https:\/\/kmblock.com\/wp-content\/uploads\/2024\/09\/Skoda-SUPERB-III-TYPE-3V.jpg","datePublished":"2024-09-24T20:54:18+00:00","description":"Buy a Skoda SUPERB III TIPO 3V Mileage Blocker for the Best Prices \u2713 Free Shipping \u2713 Incl. Installation Guides","breadcrumb":{"@id":"https:\/\/kmblock.com\/es\/product\/skoda-superb-iii-tipo-3v\/#breadcrumb"},"inLanguage":"es","potentialAction":[{"@type":"ReadAction","target":["https:\/\/kmblock.com\/es\/product\/skoda-superb-iii-tipo-3v\/"]}]},{"@type":"ImageObject","inLanguage":"es","@id":"https:\/\/kmblock.com\/es\/product\/skoda-superb-iii-tipo-3v\/#primaryimage","url":"https:\/\/kmblock.com\/wp-content\/uploads\/2024\/09\/Skoda-SUPERB-III-TYPE-3V.jpg","contentUrl":"https:\/\/kmblock.com\/wp-content\/uploads\/2024\/09\/Skoda-SUPERB-III-TYPE-3V.jpg","width":800,"height":800,"caption":"Skoda SUPERB III TYPE 3V"},{"@type":"BreadcrumbList","@id":"https:\/\/kmblock.com\/es\/product\/skoda-superb-iii-tipo-3v\/#breadcrumb","itemListElement":[{"@type":"ListItem","position":1,"name":"Inicio","item":"https:\/\/kmblock.com\/es\/"},{"@type":"ListItem","position":2,"name":"Productos","item":"https:\/\/kmblock.com\/es\/shop\/"},{"@type":"ListItem","position":3,"name":"Skoda SUPERB III TIPO 3V"}]},{"@type":"WebSite","@id":"https:\/\/kmblock.com\/es\/#website","url":"https:\/\/kmblock.com\/es\/","name":"KM Block","description":"","publisher":{"@id":"https:\/\/kmblock.com\/es\/#organization"},"potentialAction":[{"@type":"SearchAction","target":{"@type":"EntryPoint","urlTemplate":"https:\/\/kmblock.com\/es\/?s={search_term_string}"},"query-input":{"@type":"PropertyValueSpecification","valueRequired":true,"valueName":"search_term_string"}}],"inLanguage":"es"},{"@type":"Organization","@id":"https:\/\/kmblock.com\/es\/#organization","name":"Bloque KM","url":"https:\/\/kmblock.com\/es\/","logo":{"@type":"ImageObject","inLanguage":"es","@id":"https:\/\/kmblock.com\/es\/#\/schema\/logo\/image\/","url":"https:\/\/kmblock.com\/wp-content\/uploads\/2024\/08\/main-logo.png","contentUrl":"https:\/\/kmblock.com\/wp-content\/uploads\/2024\/08\/main-logo.png","width":186,"height":28,"caption":"Bloque KM"},"image":{"@id":"https:\/\/kmblock.com\/es\/#\/schema\/logo\/image\/"}}]}},"_links":{"self":[{"href":"https:\/\/kmblock.com\/es\/wp-json\/wp\/v2\/product\/9800","targetHints":{"allow":["GET"]}}],"collection":[{"href":"https:\/\/kmblock.com\/es\/wp-json\/wp\/v2\/product"}],"about":[{"href":"https:\/\/kmblock.com\/es\/wp-json\/wp\/v2\/types\/product"}],"replies":[{"embeddable":true,"href":"https:\/\/kmblock.com\/es\/wp-json\/wp\/v2\/comments?post=9800"}],"wp:featuredmedia":[{"embeddable":true,"href":"https:\/\/kmblock.com\/es\/wp-json\/wp\/v2\/media\/927"}],"wp:attachment":[{"href":"https:\/\/kmblock.com\/es\/wp-json\/wp\/v2\/media?parent=9800"}],"wp:term":[{"taxonomy":"product_brand","embeddable":true,"href":"https:\/\/kmblock.com\/es\/wp-json\/wp\/v2\/product_brand?post=9800"},{"taxonomy":"product_cat","embeddable":true,"href":"https:\/\/kmblock.com\/es\/wp-json\/wp\/v2\/product_cat?post=9800"},{"taxonomy":"product_tag","embeddable":true,"href":"https:\/\/kmblock.com\/es\/wp-json\/wp\/v2\/product_tag?post=9800"}],"curies":[{"name":"wp","href":"https:\/\/api.w.org\/{rel}","templated":true}]}}