{"id":9717,"date":"2024-09-24T15:27:31","date_gmt":"2024-09-24T15:27:31","guid":{"rendered":"https:\/\/kmblock.com\/product\/volkswagen-crafter-1a-gen\/"},"modified":"2024-09-24T15:27:31","modified_gmt":"2024-09-24T15:27:31","slug":"volkswagen-crafter-1a-gen","status":"publish","type":"product","link":"https:\/\/kmblock.com\/es\/product\/volkswagen-crafter-1a-gen\/","title":{"rendered":"Volkswagen Crafter (1\u00aa Gen.)"},"content":{"rendered":"<div class=\"flex max-w-full flex-col flex-grow\">\n<div class=\"min-h-[20px] text-message flex w-full flex-col items-end gap-2 whitespace-normal break-words [.text-message+&amp;]:mt-5\" dir=\"auto\" data-message-author-role=\"assistant\" data-message-id=\"dde2b1e7-73d5-4b38-a86a-9b11f4412e3d\">\n<div class=\"flex w-full flex-col gap-1 empty:hidden first:pt-[3px]\">\n<div class=\"markdown prose w-full break-words dark:prose-invert dark\">\n<h3><strong>Bloqueador de kilometraje para Volkswagen Crafter (1\u00aa Gen.)<\/strong><\/h3>\n<p>El bloqueador de kilometraje para Volkswagen Crafter (1\u00aa Gen.), tambi\u00e9n denominado bloqueador de cuentakil\u00f3metros, bloqueador de cuentakil\u00f3metros, bloqueador CAN, bloqueador de kilometraje, cuentakil\u00f3metros parcial o filtro CAN, est\u00e1 dise\u00f1ado para gestionar y controlar el registro del kilometraje durante la prueba del veh\u00edculo. Es compatible con todos los modelos Volkswagen Crafter (1\u00aa Gen.) lanzados entre 2006 y 2016. <\/p>\n<h3>Especificaciones:<\/h3>\n<ul>\n<li><strong>Instalaci\u00f3n DIY<\/strong>: Instalaci\u00f3n r\u00e1pida y f\u00e1cil con instrucciones sencillas.<\/li>\n<li><strong>Componentes de primera calidad<\/strong>: Los enchufes de alta calidad y los cables resistentes al calor garantizan un rendimiento duradero.<\/li>\n<li><strong>Diagn\u00f3stico seguro<\/strong>: Las herramientas de diagn\u00f3stico no pueden detectar alteraciones en el kilometraje.<\/li>\n<li><strong>Sin<\/strong> rastro: Una vez retirado, no es necesario soldar ni cortar el cable, por lo que no queda rastro.<\/li>\n<li><strong>F\u00e1cil de usar<\/strong>: se maneja f\u00e1cilmente con combinaciones de teclas para cambiar de un modo a otro.<\/li>\n<li><strong>Sin errores<\/strong>: no aparecen mensajes de error en el veloc\u00edmetro ni en el panel de navegaci\u00f3n.<\/li>\n<li><strong>Instalaci\u00f3n sin problemas<\/strong>: La cara de acoplamiento y los rebordes del conector proporcionan una experiencia de instalaci\u00f3n sin fisuras.<\/li>\n<li><strong>Ajustes estables<\/strong>: Una vez configurados, los ajustes se guardan permanentemente, incluso despu\u00e9s de eliminarlos.<\/li>\n<li><strong>Compatibilidad<\/strong> del <strong>sistema<\/strong>: Los sistemas de asistencia funcionan perfectamente, pero el veloc\u00edmetro est\u00e1 desactivado en algunos modos.<\/li>\n<li><strong>Activaci\u00f3n sobre la marcha<\/strong>: El dispositivo puede activarse o desactivarse mientras conduces o cuando est\u00e1s parado.<\/li>\n<\/ul>\n<h3>Activaci\u00f3n y desactivaci\u00f3n:<\/h3>\n<p><span data-sheets-root=\"1\">\u00bb Con el mando \u00abok\u00bb en el volante, mant\u00e9n pulsado hasta que parpadee el intermitente.<\/span><\/p>\n<p><strong>Modo 1:<\/strong> 1 parpadeo a la izquierda 18 por ciento (Todo funciona velocidad crucero, etc.)<\/p>\n<p><strong>Modo 2:<\/strong> 2 parpadeos a la izquierda 0 por ciento (sin velocidad, sin indicador de combustible)<\/p>\n<p><strong>Modo 3:<\/strong> 1 parpadeo derecha 100% (original)\u00bb.<\/p>\n<p>Una vez activado, el Detenedor de Kil\u00f3metros Volkswagen Crafter conserva los \u00faltimos ajustes aplicados, por lo que no necesitas volver a configurarlo antes de cada conducci\u00f3n. El dispositivo se puede activar o desactivar en cualquier momento, incluso con el coche en marcha. <\/p>\n<h3><strong>\u00bfQu\u00e9 es el bloqueador del cuentakil\u00f3metros o herramienta de correcci\u00f3n del kilometraje del Volkswagen Crafter?<\/strong><\/h3>\n<p>El Bloqueador de Kilometraje Volkswagen Crafter te permite evitar que se registre el kilometraje mientras compruebas el rendimiento del veh\u00edculo. Disponible en KM Block, este dispositivo est\u00e1 fabricado con componentes originales de alta calidad. Funciona a la perfecci\u00f3n independientemente de si el cuentakil\u00f3metros digital del veh\u00edculo cuenta el kilometraje en millas o en kil\u00f3metros.  <\/p>\n<p>Nuestro software est\u00e1 desarrollado espec\u00edficamente para cada marca y modelo de veh\u00edculo, para garantizar un funcionamiento sin problemas. El Bloqueador de Kilometraje funciona en todos los tipos de motor, incluidos los di\u00e9sel, gasolina, veh\u00edculos el\u00e9ctricos h\u00edbridos enchufables (PHEV) y coches el\u00e9ctricos. <\/p>\n<p>Ten en cuenta que no vendemos herramientas de correcci\u00f3n de kilometraje para el Volkswagen Crafter. Estos dispositivos se utilizan con fines fraudulentos, como anular o eliminar el kilometraje. Los coches modernos tienen m\u00faltiples sistemas de almacenamiento de datos, por lo que las herramientas de anulaci\u00f3n son ineficaces para anular totalmente el kilometraje registrado.  <\/p>\n<p>Te ofrecemos una amplia gama de dispositivos de detenci\u00f3n del kilometraje, todos con el mismo proceso de instalaci\u00f3n sencillo. Basta con conectar el m\u00f3dulo entre el veloc\u00edmetro y el cuadro de instrumentos para disfrutar de las ventajas de esta herramienta. <\/p>\n<p>El Bloqueador de Kilometraje del Volkswagen Crafter puede activarse o desactivarse en cualquier momento, tanto si el veh\u00edculo est\u00e1 parado como en movimiento.<\/p>\n<\/div>\n<\/div>\n<\/div>\n<\/div>\n","protected":false},"excerpt":{"rendered":"<div class=\"flex-shrink-0 flex flex-col relative items-end\">\n<div class=\"pt-0\">\n<div class=\"gizmo-bot-avatar flex h-8 w-8 items-center justify-center overflow-hidden rounded-full\">\n<div class=\"relative p-1 rounded-sm flex items-center justify-center bg-token-main-surface-primary text-token-text-primary h-8 w-8\">Antes de realizar el pedido, revisa atentamente el proceso de activaci\u00f3n del m\u00f3dulo y las notas importantes sobre posibles mensajes de error y la funcionalidad del sistema que aparecen a continuaci\u00f3n<strong>.PARA MODELOS QUE SE LANZARON ENTRE 2006 y 2016. <\/strong>El indicador de velocidad y los sistemas de asistencia no funcionan en modos espec\u00edficos. Instalaci\u00f3n sencilla por parte del usuario, sin necesidad de herramientas especializadas.  Se pueden activar o desactivar mientras el veh\u00edculo est\u00e1 en movimiento. Equipado con enchufes de primera calidad y cables resistentes al calor para mayor durabilidad y fiabilidad. <\/p>\n<p class=\"p1\"><b> \u2705 Integraci\u00f3n perfecta<\/b><b><\/b><\/p>\n<p class=\"p1\">\u2705<b> F\u00e1cil instalaci\u00f3n<\/b><b><\/b><\/p>\n<p class=\"p1\">\u2705<b> Gesti\u00f3n precisa del kilometraje<\/b><b><\/b><\/p>\n<p class=\"p1\"><b> \u2705 Funcionamiento en modo oculto<\/b><b><\/b><\/p>\n<p class=\"p1\"><span class=\"s1\">\u2705<\/span><b> Soporte y actualizaciones de por vida<\/b><\/p>\n<\/div>\n<\/div>\n<\/div>\n<\/div>\n","protected":false},"featured_media":908,"comment_status":"open","ping_status":"closed","template":"","meta":[],"product_brand":[],"product_cat":[886],"product_tag":[],"class_list":{"0":"post-9717","1":"product","2":"type-product","3":"status-publish","4":"has-post-thumbnail","6":"product_cat-volkswagen","8":"first","9":"instock","10":"taxable","11":"shipping-taxable","12":"purchasable","13":"product-type-variable"},"yoast_head":"<!-- This site is optimized with the Yoast SEO plugin v27.5 - https:\/\/yoast.com\/product\/yoast-seo-wordpress\/ -->\n<title>Volkswagen Crafter (1\u00aa Gen.) Mileage Blocker (KM stopper) \u2192 KM Block<\/title>\n<meta name=\"description\" content=\"Buy a Volkswagen Crafter (1\u00aa Gen.) Mileage Blocker for the Best Prices \u2713 Free Shipping \u2713 Incl. Installation Guides\" \/>\n<meta name=\"robots\" content=\"index, follow, max-snippet:-1, max-image-preview:large, max-video-preview:-1\" \/>\n<meta property=\"og:locale\" content=\"es_ES\" \/>\n<meta property=\"og:type\" content=\"article\" \/>\n<meta property=\"og:title\" content=\"Volkswagen Crafter (1\u00aa Gen.) Mileage Blocker (KM stopper) \u2192 KM Block\" \/>\n<meta property=\"og:description\" content=\"Buy a Volkswagen Crafter (1\u00aa Gen.) Mileage Blocker for the Best Prices \u2713 Free Shipping \u2713 Incl. Installation Guides\" \/>\n<meta property=\"og:url\" content=\"https:\/\/kmblock.com\/es\/product\/volkswagen-crafter-1a-gen\/\" \/>\n<meta property=\"og:site_name\" content=\"KM Block\" \/>\n<meta property=\"og:image\" content=\"https:\/\/kmblock.com\/wp-content\/uploads\/2024\/09\/Volkswagen-Crafter-1st-600x600-1.jpg\" \/>\n\t<meta property=\"og:image:width\" content=\"600\" \/>\n\t<meta property=\"og:image:height\" content=\"600\" \/>\n\t<meta property=\"og:image:type\" content=\"image\/jpeg\" \/>\n<meta name=\"twitter:card\" content=\"summary_large_image\" \/>\n<meta name=\"twitter:label1\" content=\"Tiempo de lectura\" \/>\n\t<meta name=\"twitter:data1\" content=\"3 minutos\" \/>\n<script type=\"application\/ld+json\" class=\"yoast-schema-graph\">{\"@context\":\"https:\\\/\\\/schema.org\",\"@graph\":[{\"@type\":\"WebPage\",\"@id\":\"https:\\\/\\\/kmblock.com\\\/es\\\/product\\\/volkswagen-crafter-1a-gen\\\/\",\"url\":\"https:\\\/\\\/kmblock.com\\\/es\\\/product\\\/volkswagen-crafter-1a-gen\\\/\",\"name\":\"Volkswagen Crafter (1\u00aa Gen.) Mileage Blocker (KM stopper) \u2192 KM Block\",\"isPartOf\":{\"@id\":\"https:\\\/\\\/kmblock.com\\\/es\\\/#website\"},\"primaryImageOfPage\":{\"@id\":\"https:\\\/\\\/kmblock.com\\\/es\\\/product\\\/volkswagen-crafter-1a-gen\\\/#primaryimage\"},\"image\":{\"@id\":\"https:\\\/\\\/kmblock.com\\\/es\\\/product\\\/volkswagen-crafter-1a-gen\\\/#primaryimage\"},\"thumbnailUrl\":\"https:\\\/\\\/kmblock.com\\\/wp-content\\\/uploads\\\/2024\\\/09\\\/Volkswagen-Crafter-1st-600x600-1.jpg\",\"datePublished\":\"2024-09-24T15:27:31+00:00\",\"description\":\"Buy a Volkswagen Crafter (1\u00aa Gen.) Mileage Blocker for the Best Prices \u2713 Free Shipping \u2713 Incl. Installation Guides\",\"breadcrumb\":{\"@id\":\"https:\\\/\\\/kmblock.com\\\/es\\\/product\\\/volkswagen-crafter-1a-gen\\\/#breadcrumb\"},\"inLanguage\":\"es\",\"potentialAction\":[{\"@type\":\"ReadAction\",\"target\":[\"https:\\\/\\\/kmblock.com\\\/es\\\/product\\\/volkswagen-crafter-1a-gen\\\/\"]}]},{\"@type\":\"ImageObject\",\"inLanguage\":\"es\",\"@id\":\"https:\\\/\\\/kmblock.com\\\/es\\\/product\\\/volkswagen-crafter-1a-gen\\\/#primaryimage\",\"url\":\"https:\\\/\\\/kmblock.com\\\/wp-content\\\/uploads\\\/2024\\\/09\\\/Volkswagen-Crafter-1st-600x600-1.jpg\",\"contentUrl\":\"https:\\\/\\\/kmblock.com\\\/wp-content\\\/uploads\\\/2024\\\/09\\\/Volkswagen-Crafter-1st-600x600-1.jpg\",\"width\":600,\"height\":600,\"caption\":\"Volkswagen-Crafter-1st-600x600\"},{\"@type\":\"BreadcrumbList\",\"@id\":\"https:\\\/\\\/kmblock.com\\\/es\\\/product\\\/volkswagen-crafter-1a-gen\\\/#breadcrumb\",\"itemListElement\":[{\"@type\":\"ListItem\",\"position\":1,\"name\":\"Inicio\",\"item\":\"https:\\\/\\\/kmblock.com\\\/es\\\/\"},{\"@type\":\"ListItem\",\"position\":2,\"name\":\"Productos\",\"item\":\"https:\\\/\\\/kmblock.com\\\/es\\\/shop\\\/\"},{\"@type\":\"ListItem\",\"position\":3,\"name\":\"Volkswagen Crafter (1\u00aa Gen.)\"}]},{\"@type\":\"WebSite\",\"@id\":\"https:\\\/\\\/kmblock.com\\\/es\\\/#website\",\"url\":\"https:\\\/\\\/kmblock.com\\\/es\\\/\",\"name\":\"KM Block\",\"description\":\"\",\"publisher\":{\"@id\":\"https:\\\/\\\/kmblock.com\\\/es\\\/#organization\"},\"potentialAction\":[{\"@type\":\"SearchAction\",\"target\":{\"@type\":\"EntryPoint\",\"urlTemplate\":\"https:\\\/\\\/kmblock.com\\\/es\\\/?s={search_term_string}\"},\"query-input\":{\"@type\":\"PropertyValueSpecification\",\"valueRequired\":true,\"valueName\":\"search_term_string\"}}],\"inLanguage\":\"es\"},{\"@type\":\"Organization\",\"@id\":\"https:\\\/\\\/kmblock.com\\\/es\\\/#organization\",\"name\":\"Bloque KM\",\"url\":\"https:\\\/\\\/kmblock.com\\\/es\\\/\",\"logo\":{\"@type\":\"ImageObject\",\"inLanguage\":\"es\",\"@id\":\"https:\\\/\\\/kmblock.com\\\/es\\\/#\\\/schema\\\/logo\\\/image\\\/\",\"url\":\"https:\\\/\\\/kmblock.com\\\/wp-content\\\/uploads\\\/2024\\\/08\\\/main-logo.png\",\"contentUrl\":\"https:\\\/\\\/kmblock.com\\\/wp-content\\\/uploads\\\/2024\\\/08\\\/main-logo.png\",\"width\":186,\"height\":28,\"caption\":\"Bloque KM\"},\"image\":{\"@id\":\"https:\\\/\\\/kmblock.com\\\/es\\\/#\\\/schema\\\/logo\\\/image\\\/\"}}]}<\/script>\n<!-- \/ Yoast SEO plugin. -->","yoast_head_json":{"title":"Volkswagen Crafter (1\u00aa Gen.) Mileage Blocker (KM stopper) \u2192 KM Block","description":"Buy a Volkswagen Crafter (1\u00aa Gen.) Mileage Blocker for the Best Prices \u2713 Free Shipping \u2713 Incl. Installation Guides","robots":{"index":"index","follow":"follow","max-snippet":"max-snippet:-1","max-image-preview":"max-image-preview:large","max-video-preview":"max-video-preview:-1"},"og_locale":"es_ES","og_type":"article","og_title":"Volkswagen Crafter (1\u00aa Gen.) Mileage Blocker (KM stopper) \u2192 KM Block","og_description":"Buy a Volkswagen Crafter (1\u00aa Gen.) Mileage Blocker for the Best Prices \u2713 Free Shipping \u2713 Incl. Installation Guides","og_url":"https:\/\/kmblock.com\/es\/product\/volkswagen-crafter-1a-gen\/","og_site_name":"KM Block","og_image":[{"width":600,"height":600,"url":"https:\/\/kmblock.com\/wp-content\/uploads\/2024\/09\/Volkswagen-Crafter-1st-600x600-1.jpg","type":"image\/jpeg"}],"twitter_card":"summary_large_image","twitter_misc":{"Tiempo de lectura":"3 minutos"},"schema":{"@context":"https:\/\/schema.org","@graph":[{"@type":"WebPage","@id":"https:\/\/kmblock.com\/es\/product\/volkswagen-crafter-1a-gen\/","url":"https:\/\/kmblock.com\/es\/product\/volkswagen-crafter-1a-gen\/","name":"Volkswagen Crafter (1\u00aa Gen.) Mileage Blocker (KM stopper) \u2192 KM Block","isPartOf":{"@id":"https:\/\/kmblock.com\/es\/#website"},"primaryImageOfPage":{"@id":"https:\/\/kmblock.com\/es\/product\/volkswagen-crafter-1a-gen\/#primaryimage"},"image":{"@id":"https:\/\/kmblock.com\/es\/product\/volkswagen-crafter-1a-gen\/#primaryimage"},"thumbnailUrl":"https:\/\/kmblock.com\/wp-content\/uploads\/2024\/09\/Volkswagen-Crafter-1st-600x600-1.jpg","datePublished":"2024-09-24T15:27:31+00:00","description":"Buy a Volkswagen Crafter (1\u00aa Gen.) Mileage Blocker for the Best Prices \u2713 Free Shipping \u2713 Incl. Installation Guides","breadcrumb":{"@id":"https:\/\/kmblock.com\/es\/product\/volkswagen-crafter-1a-gen\/#breadcrumb"},"inLanguage":"es","potentialAction":[{"@type":"ReadAction","target":["https:\/\/kmblock.com\/es\/product\/volkswagen-crafter-1a-gen\/"]}]},{"@type":"ImageObject","inLanguage":"es","@id":"https:\/\/kmblock.com\/es\/product\/volkswagen-crafter-1a-gen\/#primaryimage","url":"https:\/\/kmblock.com\/wp-content\/uploads\/2024\/09\/Volkswagen-Crafter-1st-600x600-1.jpg","contentUrl":"https:\/\/kmblock.com\/wp-content\/uploads\/2024\/09\/Volkswagen-Crafter-1st-600x600-1.jpg","width":600,"height":600,"caption":"Volkswagen-Crafter-1st-600x600"},{"@type":"BreadcrumbList","@id":"https:\/\/kmblock.com\/es\/product\/volkswagen-crafter-1a-gen\/#breadcrumb","itemListElement":[{"@type":"ListItem","position":1,"name":"Inicio","item":"https:\/\/kmblock.com\/es\/"},{"@type":"ListItem","position":2,"name":"Productos","item":"https:\/\/kmblock.com\/es\/shop\/"},{"@type":"ListItem","position":3,"name":"Volkswagen Crafter (1\u00aa Gen.)"}]},{"@type":"WebSite","@id":"https:\/\/kmblock.com\/es\/#website","url":"https:\/\/kmblock.com\/es\/","name":"KM Block","description":"","publisher":{"@id":"https:\/\/kmblock.com\/es\/#organization"},"potentialAction":[{"@type":"SearchAction","target":{"@type":"EntryPoint","urlTemplate":"https:\/\/kmblock.com\/es\/?s={search_term_string}"},"query-input":{"@type":"PropertyValueSpecification","valueRequired":true,"valueName":"search_term_string"}}],"inLanguage":"es"},{"@type":"Organization","@id":"https:\/\/kmblock.com\/es\/#organization","name":"Bloque KM","url":"https:\/\/kmblock.com\/es\/","logo":{"@type":"ImageObject","inLanguage":"es","@id":"https:\/\/kmblock.com\/es\/#\/schema\/logo\/image\/","url":"https:\/\/kmblock.com\/wp-content\/uploads\/2024\/08\/main-logo.png","contentUrl":"https:\/\/kmblock.com\/wp-content\/uploads\/2024\/08\/main-logo.png","width":186,"height":28,"caption":"Bloque KM"},"image":{"@id":"https:\/\/kmblock.com\/es\/#\/schema\/logo\/image\/"}}]}},"_links":{"self":[{"href":"https:\/\/kmblock.com\/es\/wp-json\/wp\/v2\/product\/9717","targetHints":{"allow":["GET"]}}],"collection":[{"href":"https:\/\/kmblock.com\/es\/wp-json\/wp\/v2\/product"}],"about":[{"href":"https:\/\/kmblock.com\/es\/wp-json\/wp\/v2\/types\/product"}],"replies":[{"embeddable":true,"href":"https:\/\/kmblock.com\/es\/wp-json\/wp\/v2\/comments?post=9717"}],"wp:featuredmedia":[{"embeddable":true,"href":"https:\/\/kmblock.com\/es\/wp-json\/wp\/v2\/media\/908"}],"wp:attachment":[{"href":"https:\/\/kmblock.com\/es\/wp-json\/wp\/v2\/media?parent=9717"}],"wp:term":[{"taxonomy":"product_brand","embeddable":true,"href":"https:\/\/kmblock.com\/es\/wp-json\/wp\/v2\/product_brand?post=9717"},{"taxonomy":"product_cat","embeddable":true,"href":"https:\/\/kmblock.com\/es\/wp-json\/wp\/v2\/product_cat?post=9717"},{"taxonomy":"product_tag","embeddable":true,"href":"https:\/\/kmblock.com\/es\/wp-json\/wp\/v2\/product_tag?post=9717"}],"curies":[{"name":"wp","href":"https:\/\/api.w.org\/{rel}","templated":true}]}}