{"id":9682,"date":"2024-09-18T01:53:18","date_gmt":"2024-09-18T01:53:18","guid":{"rendered":"https:\/\/kmblock.com\/product\/audi-q4-e-tron\/"},"modified":"2025-11-26T01:42:24","modified_gmt":"2025-11-26T01:42:24","slug":"audi-q4-e-tron","status":"publish","type":"product","link":"https:\/\/kmblock.com\/es\/product\/audi-q4-e-tron\/","title":{"rendered":"Audi Q4 E-tron"},"content":{"rendered":"<h3>Bloqueador de kilometraje para Audi Q4 e-tron<\/h3>\n<p>El bloqueador de kilometraje Audi Q4 e-tron, tambi\u00e9n conocido como bloqueador de cuentakil\u00f3metros, bloqueador de cuentakil\u00f3metros, bloqueador de latas, bloqueador de kilometraje, cuentakil\u00f3metros parcial, filtro de latas u ocasionalmente como herramienta de correcci\u00f3n de kilometraje, es compatible con todos los modelos Audi Q4 e-tron a partir de 2021.<\/p>\n<h3>Especificaciones:<\/h3>\n<ul>\n<li>No hay mensajes de error en el veloc\u00edmetro ni en el panel de navegaci\u00f3n<\/li>\n<li>Instalaci\u00f3n sencilla de bricolaje<\/li>\n<li>Ajuste seguro con cara de acoplamiento y conectores estriados para facilitar la instalaci\u00f3n<\/li>\n<li>Funcionaba con diversas combinaciones de teclas<\/li>\n<li>Completamente desmontable sin dejar rastro: no es necesario soldar ni cortar cables<\/li>\n<li>Disponible con o sin aplicaci\u00f3n<\/li>\n<li>El consumo medio puede no ser exacto, pero el nivel de bater\u00eda se muestra correctamente<\/li>\n<li>Se puede activar o desactivar durante la conducci\u00f3n<\/li>\n<li>Equipado con enchufes de primera calidad y cables resistentes al calor<\/li>\n<li>Los ajustes se guardan autom\u00e1ticamente<\/li>\n<li>El kilometraje no aumentar\u00e1 despu\u00e9s de retirar el m\u00f3dulo<\/li>\n<li>Todos los sistemas de asistencia, incluido el veloc\u00edmetro, siguen funcionando sin problemas<\/li>\n<li>La carga no se ve afectada cuando el m\u00f3dulo est\u00e1 activo, y no es necesario desactivarlo para la carga<\/li>\n<li>En el modo en el que el kilometraje est\u00e1 completamente parado, puede haber una ligera desviaci\u00f3n de hasta el 1%. Las estimaciones de kilometraje en parado son aproximadas, con peque\u00f1as diferencias potenciales. <\/li>\n<\/ul>\n<h3>Activaci\u00f3n y desactivaci\u00f3n:<\/h3>\n<p><span style=\"font-family: -apple-system, BlinkMacSystemFont, 'Segoe UI', Roboto, 'Helvetica Neue', Arial, 'Noto Sans', sans-serif, 'Apple Color Emoji', 'Segoe UI Emoji', 'Segoe UI Symbol', 'Noto Color Emoji'\"><span data-sheets-root=\"1\">\u00bb Accionar con el bot\u00f3n \u00abok\u00bb del manillar. Mantenlo pulsado hasta que el intermitente empiece a parpadear. <\/span><\/span><\/p>\n<p><strong>Modo 1:<\/strong> 1 parpadeo izquierdo 20%<strong>.<\/strong><br \/>\n<strong>Modo 2: <\/strong>2 parpadeos a la izquierda 10%<strong>. <\/strong><br \/>\n<strong>Modo 3:<\/strong> 3 parpadeos a la izquierda 0<br \/>\n<strong>Modo 4<\/strong>: 1 parpadeo derecho 100<\/p>\n<p>Para el modo 3: 0 por ciento tienes que activar el modo, luego apagar el coche y bloquearlo durante 2 min y despu\u00e9s arrancar y conducir\u00bb.<\/p>\n<p><span style=\"font-family: -apple-system, BlinkMacSystemFont, 'Segoe UI', Roboto, 'Helvetica Neue', Arial, 'Noto Sans', sans-serif, 'Apple Color Emoji', 'Segoe UI Emoji', 'Segoe UI Symbol', 'Noto Color Emoji'\">El Tope Kilom\u00e9trico del Q4 e-tron conserva los \u00faltimos ajustes utilizados, lo que ahorra tiempo al evitar tener que reconfigurarlo antes de cada conducci\u00f3n. La activaci\u00f3n y desactivaci\u00f3n puede hacerse tanto con el veh\u00edculo parado como en movimiento. <\/span><\/p>\n<h3>\u00bfQu\u00e9 es el Bloqueador de cuentakil\u00f3metros o Herramienta de correcci\u00f3n del kilometraje Audi Q4 e-tron?<\/h3>\n<p>El bloqueador de kilometraje Audi Q4 e-tron (tambi\u00e9n conocido como bloqueador de cuentakil\u00f3metros) est\u00e1 dise\u00f1ado para evitar que se cuenten kil\u00f3metros de m\u00e1s mientras se comprueba el rendimiento del veh\u00edculo. En KM Block ofrecemos m\u00f3dulos de alta calidad con componentes originales. Tanto si tu cuentakil\u00f3metros digital cuenta millas como kil\u00f3metros, esta herramienta funcionar\u00e1 a la perfecci\u00f3n. Nuestro software est\u00e1 adaptado a cada marca y modelo de veh\u00edculo para garantizar un funcionamiento impecable. Puedes instalar f\u00e1cilmente el m\u00f3dulo y cambiar de modo mediante combinaciones de teclas.    <\/p>\n<p>Ten en cuenta que <strong>no vendemos herramientas de correcci\u00f3n del kilometraje<\/strong> para el Audi Q4 e-tron, ya que est\u00e1n pensadas para un uso fraudulento borrando el kilometraje de los cuentakil\u00f3metros. Estas herramientas pueden intentar hacer retroceder el cuentakil\u00f3metros, pero los veh\u00edculos almacenan los datos del kilometraje en varias ubicaciones, por lo que estos m\u00e9todos no son del todo eficaces. <\/p>\n<p>La instalaci\u00f3n es la misma en todos los modelos y no requiere conocimientos especializados de mantenimiento del veh\u00edculo. Basta con conectar el m\u00f3dulo entre el veloc\u00edmetro y el cuadro de instrumentos para aprovechar al m\u00e1ximo sus funciones. <\/p>\n<p>Ofrecemos una amplia gama de dispositivos de Bloqueo de Kilometraje para varios tipos de veh\u00edculos. El Bloqueador de Kilometraje funciona a la perfecci\u00f3n en motores di\u00e9sel-gasolina, veh\u00edculos el\u00e9ctricos h\u00edbridos enchufables (PHEV) y coches el\u00e9ctricos. El Bloqueador de Kilometraje Audi Q4 e-tron puede activarse o desactivarse en cualquier momento, tanto si el coche est\u00e1 parado como en movimiento.  <\/p>\n","protected":false},"excerpt":{"rendered":"<div class=\"flex-shrink-0 flex flex-col relative items-end\">\n<div class=\"pt-0\">\n<div class=\"gizmo-bot-avatar flex h-8 w-8 items-center justify-center overflow-hidden rounded-full\">\n<div class=\"relative p-1 rounded-sm flex items-center justify-center bg-token-main-surface-primary text-token-text-primary h-8 w-8\">\n<p><strong>Antes de hacer tu pedido, revisa atentamente las instrucciones de activaci\u00f3n del m\u00f3dulo y las notas importantes sobre los mensajes de error y las funciones:<\/strong><\/p>\n<p><strong>Compatibilidad:<\/strong> Este dispositivo es adecuado para todos los modelos lanzados desde 2021. Dise\u00f1ado para que lo instales t\u00fa mismo. Proporciona un rendimiento imposible de rastrear. Puede activarse mientras el veh\u00edculo est\u00e1 en movimiento. Dispone de enchufes de primera calidad y cables resistentes al calor. Garantiza el funcionamiento impecable del veloc\u00edmetro y de todos los programas de asistencia.     <\/p>\n<p class=\"p1\"><b> \u2705 Integraci\u00f3n perfecta<\/b><b><\/b><\/p>\n<p class=\"p1\">\u2705<b> F\u00e1cil instalaci\u00f3n<\/b><b><\/b><\/p>\n<p class=\"p1\">\u2705<b> Gesti\u00f3n precisa del kilometraje<\/b><b><\/b><\/p>\n<p class=\"p1\"><b> \u2705 Funcionamiento en modo oculto<\/b><b><\/b><\/p>\n<p class=\"p1\"><span class=\"s1\">\u2705<\/span><b> Soporte y actualizaciones de por vida<\/b><\/p>\n<\/div>\n<\/div>\n<\/div>\n<\/div>\n","protected":false},"featured_media":679,"comment_status":"open","ping_status":"closed","template":"","meta":[],"product_brand":[],"product_cat":[853],"product_tag":[],"class_list":{"0":"post-9682","1":"product","2":"type-product","3":"status-publish","4":"has-post-thumbnail","6":"product_cat-audi","8":"first","9":"instock","10":"taxable","11":"shipping-taxable","12":"purchasable","13":"product-type-variable"},"yoast_head":"<!-- This site is optimized with the Yoast SEO plugin v27.5 - https:\/\/yoast.com\/product\/yoast-seo-wordpress\/ -->\n<title>Audi Q4 E-tron Mileage Blocker (KM stopper) \u2192 KM Block<\/title>\n<meta name=\"description\" content=\"Buy a Audi Q4 E-tron Mileage Blocker for the Best Prices \u2713 Free Shipping \u2713 Incl. Installation Guides\" \/>\n<meta name=\"robots\" content=\"index, follow, max-snippet:-1, max-image-preview:large, max-video-preview:-1\" \/>\n<meta property=\"og:locale\" content=\"es_ES\" \/>\n<meta property=\"og:type\" content=\"article\" \/>\n<meta property=\"og:title\" content=\"Audi Q4 E-tron Mileage Blocker (KM stopper) \u2192 KM Block\" \/>\n<meta property=\"og:description\" content=\"Buy a Audi Q4 E-tron Mileage Blocker for the Best Prices \u2713 Free Shipping \u2713 Incl. Installation Guides\" \/>\n<meta property=\"og:url\" content=\"https:\/\/kmblock.com\/es\/product\/audi-q4-e-tron\/\" \/>\n<meta property=\"og:site_name\" content=\"KM Block\" \/>\n<meta property=\"article:modified_time\" content=\"2025-11-26T01:42:24+00:00\" \/>\n<meta property=\"og:image\" content=\"https:\/\/kmblock.com\/wp-content\/uploads\/2024\/09\/Audi-Q4-E-tron.webp\" \/>\n\t<meta property=\"og:image:width\" content=\"800\" \/>\n\t<meta property=\"og:image:height\" content=\"800\" \/>\n\t<meta property=\"og:image:type\" content=\"image\/webp\" \/>\n<meta name=\"twitter:card\" content=\"summary_large_image\" \/>\n<meta name=\"twitter:label1\" content=\"Tiempo de lectura\" \/>\n\t<meta name=\"twitter:data1\" content=\"3 minutos\" \/>\n<script type=\"application\/ld+json\" class=\"yoast-schema-graph\">{\"@context\":\"https:\\\/\\\/schema.org\",\"@graph\":[{\"@type\":\"WebPage\",\"@id\":\"https:\\\/\\\/kmblock.com\\\/es\\\/product\\\/audi-q4-e-tron\\\/\",\"url\":\"https:\\\/\\\/kmblock.com\\\/es\\\/product\\\/audi-q4-e-tron\\\/\",\"name\":\"Audi Q4 E-tron Mileage Blocker (KM stopper) \u2192 KM Block\",\"isPartOf\":{\"@id\":\"https:\\\/\\\/kmblock.com\\\/es\\\/#website\"},\"primaryImageOfPage\":{\"@id\":\"https:\\\/\\\/kmblock.com\\\/es\\\/product\\\/audi-q4-e-tron\\\/#primaryimage\"},\"image\":{\"@id\":\"https:\\\/\\\/kmblock.com\\\/es\\\/product\\\/audi-q4-e-tron\\\/#primaryimage\"},\"thumbnailUrl\":\"https:\\\/\\\/kmblock.com\\\/wp-content\\\/uploads\\\/2024\\\/09\\\/Audi-Q4-E-tron.webp\",\"datePublished\":\"2024-09-18T01:53:18+00:00\",\"dateModified\":\"2025-11-26T01:42:24+00:00\",\"description\":\"Buy a Audi Q4 E-tron Mileage Blocker for the Best Prices \u2713 Free Shipping \u2713 Incl. Installation Guides\",\"breadcrumb\":{\"@id\":\"https:\\\/\\\/kmblock.com\\\/es\\\/product\\\/audi-q4-e-tron\\\/#breadcrumb\"},\"inLanguage\":\"es\",\"potentialAction\":[{\"@type\":\"ReadAction\",\"target\":[\"https:\\\/\\\/kmblock.com\\\/es\\\/product\\\/audi-q4-e-tron\\\/\"]}]},{\"@type\":\"ImageObject\",\"inLanguage\":\"es\",\"@id\":\"https:\\\/\\\/kmblock.com\\\/es\\\/product\\\/audi-q4-e-tron\\\/#primaryimage\",\"url\":\"https:\\\/\\\/kmblock.com\\\/wp-content\\\/uploads\\\/2024\\\/09\\\/Audi-Q4-E-tron.webp\",\"contentUrl\":\"https:\\\/\\\/kmblock.com\\\/wp-content\\\/uploads\\\/2024\\\/09\\\/Audi-Q4-E-tron.webp\",\"width\":800,\"height\":800,\"caption\":\"Audi Q4 E-tron\"},{\"@type\":\"BreadcrumbList\",\"@id\":\"https:\\\/\\\/kmblock.com\\\/es\\\/product\\\/audi-q4-e-tron\\\/#breadcrumb\",\"itemListElement\":[{\"@type\":\"ListItem\",\"position\":1,\"name\":\"Inicio\",\"item\":\"https:\\\/\\\/kmblock.com\\\/es\\\/\"},{\"@type\":\"ListItem\",\"position\":2,\"name\":\"Productos\",\"item\":\"https:\\\/\\\/kmblock.com\\\/es\\\/shop\\\/\"},{\"@type\":\"ListItem\",\"position\":3,\"name\":\"Audi Q4 E-tron\"}]},{\"@type\":\"WebSite\",\"@id\":\"https:\\\/\\\/kmblock.com\\\/es\\\/#website\",\"url\":\"https:\\\/\\\/kmblock.com\\\/es\\\/\",\"name\":\"KM Block\",\"description\":\"\",\"publisher\":{\"@id\":\"https:\\\/\\\/kmblock.com\\\/es\\\/#organization\"},\"potentialAction\":[{\"@type\":\"SearchAction\",\"target\":{\"@type\":\"EntryPoint\",\"urlTemplate\":\"https:\\\/\\\/kmblock.com\\\/es\\\/?s={search_term_string}\"},\"query-input\":{\"@type\":\"PropertyValueSpecification\",\"valueRequired\":true,\"valueName\":\"search_term_string\"}}],\"inLanguage\":\"es\"},{\"@type\":\"Organization\",\"@id\":\"https:\\\/\\\/kmblock.com\\\/es\\\/#organization\",\"name\":\"Bloque KM\",\"url\":\"https:\\\/\\\/kmblock.com\\\/es\\\/\",\"logo\":{\"@type\":\"ImageObject\",\"inLanguage\":\"es\",\"@id\":\"https:\\\/\\\/kmblock.com\\\/es\\\/#\\\/schema\\\/logo\\\/image\\\/\",\"url\":\"https:\\\/\\\/kmblock.com\\\/wp-content\\\/uploads\\\/2024\\\/08\\\/main-logo.png\",\"contentUrl\":\"https:\\\/\\\/kmblock.com\\\/wp-content\\\/uploads\\\/2024\\\/08\\\/main-logo.png\",\"width\":186,\"height\":28,\"caption\":\"Bloque KM\"},\"image\":{\"@id\":\"https:\\\/\\\/kmblock.com\\\/es\\\/#\\\/schema\\\/logo\\\/image\\\/\"}}]}<\/script>\n<!-- \/ Yoast SEO plugin. -->","yoast_head_json":{"title":"Audi Q4 E-tron Mileage Blocker (KM stopper) \u2192 KM Block","description":"Buy a Audi Q4 E-tron Mileage Blocker for the Best Prices \u2713 Free Shipping \u2713 Incl. Installation Guides","robots":{"index":"index","follow":"follow","max-snippet":"max-snippet:-1","max-image-preview":"max-image-preview:large","max-video-preview":"max-video-preview:-1"},"og_locale":"es_ES","og_type":"article","og_title":"Audi Q4 E-tron Mileage Blocker (KM stopper) \u2192 KM Block","og_description":"Buy a Audi Q4 E-tron Mileage Blocker for the Best Prices \u2713 Free Shipping \u2713 Incl. Installation Guides","og_url":"https:\/\/kmblock.com\/es\/product\/audi-q4-e-tron\/","og_site_name":"KM Block","article_modified_time":"2025-11-26T01:42:24+00:00","og_image":[{"width":800,"height":800,"url":"https:\/\/kmblock.com\/wp-content\/uploads\/2024\/09\/Audi-Q4-E-tron.webp","type":"image\/webp"}],"twitter_card":"summary_large_image","twitter_misc":{"Tiempo de lectura":"3 minutos"},"schema":{"@context":"https:\/\/schema.org","@graph":[{"@type":"WebPage","@id":"https:\/\/kmblock.com\/es\/product\/audi-q4-e-tron\/","url":"https:\/\/kmblock.com\/es\/product\/audi-q4-e-tron\/","name":"Audi Q4 E-tron Mileage Blocker (KM stopper) \u2192 KM Block","isPartOf":{"@id":"https:\/\/kmblock.com\/es\/#website"},"primaryImageOfPage":{"@id":"https:\/\/kmblock.com\/es\/product\/audi-q4-e-tron\/#primaryimage"},"image":{"@id":"https:\/\/kmblock.com\/es\/product\/audi-q4-e-tron\/#primaryimage"},"thumbnailUrl":"https:\/\/kmblock.com\/wp-content\/uploads\/2024\/09\/Audi-Q4-E-tron.webp","datePublished":"2024-09-18T01:53:18+00:00","dateModified":"2025-11-26T01:42:24+00:00","description":"Buy a Audi Q4 E-tron Mileage Blocker for the Best Prices \u2713 Free Shipping \u2713 Incl. Installation Guides","breadcrumb":{"@id":"https:\/\/kmblock.com\/es\/product\/audi-q4-e-tron\/#breadcrumb"},"inLanguage":"es","potentialAction":[{"@type":"ReadAction","target":["https:\/\/kmblock.com\/es\/product\/audi-q4-e-tron\/"]}]},{"@type":"ImageObject","inLanguage":"es","@id":"https:\/\/kmblock.com\/es\/product\/audi-q4-e-tron\/#primaryimage","url":"https:\/\/kmblock.com\/wp-content\/uploads\/2024\/09\/Audi-Q4-E-tron.webp","contentUrl":"https:\/\/kmblock.com\/wp-content\/uploads\/2024\/09\/Audi-Q4-E-tron.webp","width":800,"height":800,"caption":"Audi Q4 E-tron"},{"@type":"BreadcrumbList","@id":"https:\/\/kmblock.com\/es\/product\/audi-q4-e-tron\/#breadcrumb","itemListElement":[{"@type":"ListItem","position":1,"name":"Inicio","item":"https:\/\/kmblock.com\/es\/"},{"@type":"ListItem","position":2,"name":"Productos","item":"https:\/\/kmblock.com\/es\/shop\/"},{"@type":"ListItem","position":3,"name":"Audi Q4 E-tron"}]},{"@type":"WebSite","@id":"https:\/\/kmblock.com\/es\/#website","url":"https:\/\/kmblock.com\/es\/","name":"KM Block","description":"","publisher":{"@id":"https:\/\/kmblock.com\/es\/#organization"},"potentialAction":[{"@type":"SearchAction","target":{"@type":"EntryPoint","urlTemplate":"https:\/\/kmblock.com\/es\/?s={search_term_string}"},"query-input":{"@type":"PropertyValueSpecification","valueRequired":true,"valueName":"search_term_string"}}],"inLanguage":"es"},{"@type":"Organization","@id":"https:\/\/kmblock.com\/es\/#organization","name":"Bloque KM","url":"https:\/\/kmblock.com\/es\/","logo":{"@type":"ImageObject","inLanguage":"es","@id":"https:\/\/kmblock.com\/es\/#\/schema\/logo\/image\/","url":"https:\/\/kmblock.com\/wp-content\/uploads\/2024\/08\/main-logo.png","contentUrl":"https:\/\/kmblock.com\/wp-content\/uploads\/2024\/08\/main-logo.png","width":186,"height":28,"caption":"Bloque KM"},"image":{"@id":"https:\/\/kmblock.com\/es\/#\/schema\/logo\/image\/"}}]}},"_links":{"self":[{"href":"https:\/\/kmblock.com\/es\/wp-json\/wp\/v2\/product\/9682","targetHints":{"allow":["GET"]}}],"collection":[{"href":"https:\/\/kmblock.com\/es\/wp-json\/wp\/v2\/product"}],"about":[{"href":"https:\/\/kmblock.com\/es\/wp-json\/wp\/v2\/types\/product"}],"replies":[{"embeddable":true,"href":"https:\/\/kmblock.com\/es\/wp-json\/wp\/v2\/comments?post=9682"}],"wp:featuredmedia":[{"embeddable":true,"href":"https:\/\/kmblock.com\/es\/wp-json\/wp\/v2\/media\/679"}],"wp:attachment":[{"href":"https:\/\/kmblock.com\/es\/wp-json\/wp\/v2\/media?parent=9682"}],"wp:term":[{"taxonomy":"product_brand","embeddable":true,"href":"https:\/\/kmblock.com\/es\/wp-json\/wp\/v2\/product_brand?post=9682"},{"taxonomy":"product_cat","embeddable":true,"href":"https:\/\/kmblock.com\/es\/wp-json\/wp\/v2\/product_cat?post=9682"},{"taxonomy":"product_tag","embeddable":true,"href":"https:\/\/kmblock.com\/es\/wp-json\/wp\/v2\/product_tag?post=9682"}],"curies":[{"name":"wp","href":"https:\/\/api.w.org\/{rel}","templated":true}]}}