{"id":9680,"date":"2024-09-17T21:55:55","date_gmt":"2024-09-17T21:55:55","guid":{"rendered":"https:\/\/kmblock.com\/product\/audi-a7-s7-rs7-c7\/"},"modified":"2024-09-17T21:55:55","modified_gmt":"2024-09-17T21:55:55","slug":"audi-a7-s7-rs7-c7","status":"publish","type":"product","link":"https:\/\/kmblock.com\/es\/product\/audi-a7-s7-rs7-c7\/","title":{"rendered":"Audi A7\/S7\/RS7\/C7"},"content":{"rendered":"<div class=\"flex-shrink-0 flex flex-col relative items-end\">\n<div>\n<div class=\"pt-0\">\n<div class=\"gizmo-bot-avatar flex h-8 w-8 items-center justify-center overflow-hidden rounded-full\">\n<div class=\"relative p-1 rounded-sm flex items-center justify-center bg-token-main-surface-primary text-token-text-primary h-8 w-8\"><\/div>\n<\/div>\n<\/div>\n<\/div>\n<\/div>\n<div class=\"group\/conversation-turn relative flex w-full min-w-0 flex-col agent-turn\">\n<div class=\"flex-col gap-1 md:gap-3\">\n<div class=\"flex max-w-full flex-col flex-grow\">\n<div class=\"min-h-[20px] text-message flex w-full flex-col items-end gap-2 whitespace-normal break-words [.text-message+&amp;]:mt-5\" dir=\"auto\" data-message-author-role=\"assistant\" data-message-id=\"9de38a8a-6722-463e-8ea9-6e014062db7d\">\n<div class=\"flex w-full flex-col gap-1 empty:hidden first:pt-[3px]\">\n<div class=\"markdown prose w-full break-words dark:prose-invert dark\">\n<h3><strong>BLOQUEADOR DE KILOMETRAJE PARA AUDI A7\/S7\/RS7 &#8211; C7<\/strong><\/h3>\n<p>El <strong>bloqueador de cuentakil\u00f3metros AUDI A7\/S7\/RS7 &#8211; C7<\/strong>, tambi\u00e9n conocido como bloqueador de cuentakil\u00f3metros, bloqueador de cuentakil\u00f3metros, bloqueador de latas, bloqueador de cuentakil\u00f3metros, cuentakil\u00f3metros parcial, filtro de latas y, ocasionalmente, como herramienta de correcci\u00f3n de cuentakil\u00f3metros, est\u00e1 dise\u00f1ado para todos los <strong>modelos Audi A7\/S7\/RS7\/C7 comercializados entre 2010 y 2018<\/strong>.<\/p>\n<h3>ESPECIFICACIONES<\/h3>\n<ul>\n<li><strong>Instalaci\u00f3n DIY<\/strong>: Instalaci\u00f3n r\u00e1pida y sencilla sin necesidad de ayuda profesional.<\/li>\n<li><strong>Sin mensajes de error<\/strong>: El veloc\u00edmetro y el panel de navegaci\u00f3n permanecen libres de mensajes de error.<\/li>\n<li><strong>No aumenta el kilometraje<\/strong>: Despu\u00e9s de quitar el m\u00f3dulo, el kilometraje no aumentar\u00e1 autom\u00e1ticamente.<\/li>\n<li><strong>Componentes de primera calidad<\/strong>: Equipados con enchufes de alta calidad y cables resistentes al calor.<\/li>\n<li><strong>Sin<\/strong> dejar <strong>rastro<\/strong>: Se puede retirar f\u00e1cilmente sin dejar rastro: no es necesario soldar ni cortar cables.<\/li>\n<li><strong>Combinaciones de teclas<\/strong>: F\u00e1cil de manejar con combinaciones de teclas predefinidas.<\/li>\n<li><strong>Activaci\u00f3n sobre la marcha<\/strong>: Se puede activar o desactivar en movimiento.<\/li>\n<li><strong>Indetectable<\/strong>: Los comprobadores de diagn\u00f3stico son incapaces de detectar las alteraciones del kilometraje realizadas por el Tope de kilometraje Audi A7 C7.<\/li>\n<li><strong>Configuraci\u00f3n persistente<\/strong>: Una vez configurados, los ajustes se guardan permanentemente y no es necesario ajustarlos para su uso posterior.<\/li>\n<li><strong>Funcionalidad sin interrupciones<\/strong>: El veloc\u00edmetro y todos los dem\u00e1s sistemas de asistencia funcionan sin interrupci\u00f3n.<\/li>\n<li><strong>Instalaci\u00f3n sin problemas<\/strong>: La cara de acoplamiento y los rebordes del conector garantizan un proceso de instalaci\u00f3n impecable.<\/li>\n<li><strong>Precisi\u00f3n del kilometraje<\/strong>: Para los modos que detienen completamente el recuento de kilometraje, es posible una desviaci\u00f3n de hasta el 1% de la distancia recorrida. Los detalles del kilometraje son aproximados y pueden producirse peque\u00f1as variaciones. <\/li>\n<\/ul>\n<h3>ACTIVACI\u00d3N Y DESACTIVACI\u00d3N<\/h3>\n<p>Act\u00edvalo pulsando al mismo tiempo los botones \u00abOk\u00bb y \u00abvolumen\u00bb del manillar.<\/p>\n<p><strong>Modo Activado:<\/strong> cuenta 0% de kil\u00f3metros. Ambos intermitentes parpadean. <\/p>\n<p><strong>Modo Apagado:<\/strong> cuenta el 100% de los kil\u00f3metros. Ambos intermitentes parpadear\u00e1n. <\/p>\n<h3>\u00bfQu\u00e9 es el bloqueador de cuentakil\u00f3metros o herramienta de correcci\u00f3n de kilometraje Audi A7, S7, RS7, C7?<\/h3>\n<p>El <strong>Bloqueador de Kilometraje\/Bloqueador de Cuentakil\u00f3metros Audi A7, S7, RS7, C7<\/strong> est\u00e1 dise\u00f1ado para detener el cuentakil\u00f3metros del coche mientras se comprueba su rendimiento. KM Block proporciona m\u00f3dulos con componentes aut\u00e9nticos programados espec\u00edficamente para cada marca y modelo, garantizando una funcionalidad perfecta para todo tipo de motores, incluidos los di\u00e9sel-gasolina, los veh\u00edculos el\u00e9ctricos h\u00edbridos enchufables (PHEV) y los coches el\u00e9ctricos. <\/p>\n<p><strong>Aviso importante<\/strong>: KM Block no vende herramientas de Correcci\u00f3n del Kilometraje para Audi A7, S7, RS7, C7. Las herramientas de Correcci\u00f3n del Kilometraje se utilizan normalmente con fines poco \u00e9ticos, como hacer retroceder los cuentakil\u00f3metros, y no eliminan completamente el kilometraje de todas las unidades de almacenamiento de datos del veh\u00edculo. <\/p>\n<h3>Instalaci\u00f3n<\/h3>\n<p>La instalaci\u00f3n es sencilla y la misma para todos los modelos. No se requieren conocimientos especiales de mantenimiento del veh\u00edculo. Basta con conectar el m\u00f3dulo entre el puerto del veloc\u00edmetro y el cuadro de instrumentos para empezar a utilizar el dispositivo. Disfruta de las ventajas de este m\u00f3dulo avanzado, adecuado para varios tipos de veh\u00edculos.   <\/p>\n<p><strong>El Bloqueador de Kilometraje Audi A7, S7, RS7, C7<\/strong> puede activarse o desactivarse en cualquier momento, tanto si el coche est\u00e1 en movimiento como si est\u00e1 aparcado.<\/p>\n<\/div>\n<\/div>\n<\/div>\n<\/div>\n<\/div>\n<\/div>\n","protected":false},"excerpt":{"rendered":"<div class=\"flex-shrink-0 flex flex-col relative items-end\">\n<div class=\"pt-0\">\n<div class=\"gizmo-bot-avatar flex h-8 w-8 items-center justify-center overflow-hidden rounded-full\">\n<div class=\"relative p-1 rounded-sm flex items-center justify-center bg-token-main-surface-primary text-token-text-primary h-8 w-8\">\n<p><strong>Antes de hacer el pedido: Informaci\u00f3n clave<\/strong><\/p>\n<p>Este <strong>bloqueador de kilometraje<\/strong> est\u00e1 dise\u00f1ado para <strong>todos los modelos Audi A7\/S7\/RS7\/C7 de 2010 a 2018<\/strong>. Ten en cuenta lo siguiente: F\u00e1cil de instalar por ti mismo. El rendimiento pasa desapercibido. Se puede activar o desactivar mientras conduces. Con enchufes de alta calidad y cables resistentes al calor. El veloc\u00edmetro y los sistemas de asistencia funcionan sin problemas.     <\/p>\n<p class=\"p1\"><b> \u2705 Integraci\u00f3n perfecta<\/b><b><\/b><\/p>\n<p class=\"p1\">\u2705<b> F\u00e1cil instalaci\u00f3n<\/b><b><\/b><\/p>\n<p class=\"p1\">\u2705<b> Gesti\u00f3n precisa del kilometraje<\/b><b><\/b><\/p>\n<p class=\"p1\"><b> \u2705 Funcionamiento en modo oculto<\/b><b><\/b><\/p>\n<p class=\"p1\"><span class=\"s1\">\u2705<\/span><b> Soporte y actualizaciones de por vida<\/b><\/p>\n<\/div>\n<\/div>\n<\/div>\n<\/div>\n","protected":false},"featured_media":664,"comment_status":"open","ping_status":"closed","template":"","meta":[],"product_brand":[],"product_cat":[853],"product_tag":[],"class_list":{"0":"post-9680","1":"product","2":"type-product","3":"status-publish","4":"has-post-thumbnail","6":"product_cat-audi","8":"first","9":"instock","10":"taxable","11":"shipping-taxable","12":"purchasable","13":"product-type-variable"},"yoast_head":"<!-- This site is optimized with the Yoast SEO plugin v27.5 - https:\/\/yoast.com\/product\/yoast-seo-wordpress\/ -->\n<title>Audi A7\/S7\/RS7\/C7 Mileage Blocker (KM stopper) \u2192 KM Block<\/title>\n<meta name=\"description\" content=\"Buy a Audi A7\/S7\/RS7\/C7 Mileage Blocker for the Best Prices \u2713 Free Shipping \u2713 Incl. Installation Guides\" \/>\n<meta name=\"robots\" content=\"index, follow, max-snippet:-1, max-image-preview:large, max-video-preview:-1\" \/>\n<meta property=\"og:locale\" content=\"es_ES\" \/>\n<meta property=\"og:type\" content=\"article\" \/>\n<meta property=\"og:title\" content=\"Audi A7\/S7\/RS7\/C7 Mileage Blocker (KM stopper) \u2192 KM Block\" \/>\n<meta property=\"og:description\" content=\"Buy a Audi A7\/S7\/RS7\/C7 Mileage Blocker for the Best Prices \u2713 Free Shipping \u2713 Incl. Installation Guides\" \/>\n<meta property=\"og:url\" content=\"https:\/\/kmblock.com\/es\/product\/audi-a7-s7-rs7-c7\/\" \/>\n<meta property=\"og:site_name\" content=\"KM Block\" \/>\n<meta property=\"og:image\" content=\"https:\/\/kmblock.com\/wp-content\/uploads\/2024\/09\/Audi-A7S7RS7C7.jpg\" \/>\n\t<meta property=\"og:image:width\" content=\"800\" \/>\n\t<meta property=\"og:image:height\" content=\"800\" \/>\n\t<meta property=\"og:image:type\" content=\"image\/jpeg\" \/>\n<meta name=\"twitter:card\" content=\"summary_large_image\" \/>\n<meta name=\"twitter:label1\" content=\"Tiempo de lectura\" \/>\n\t<meta name=\"twitter:data1\" content=\"3 minutos\" \/>\n<script type=\"application\/ld+json\" class=\"yoast-schema-graph\">{\"@context\":\"https:\\\/\\\/schema.org\",\"@graph\":[{\"@type\":\"WebPage\",\"@id\":\"https:\\\/\\\/kmblock.com\\\/es\\\/product\\\/audi-a7-s7-rs7-c7\\\/\",\"url\":\"https:\\\/\\\/kmblock.com\\\/es\\\/product\\\/audi-a7-s7-rs7-c7\\\/\",\"name\":\"Audi A7\\\/S7\\\/RS7\\\/C7 Mileage Blocker (KM stopper) \u2192 KM Block\",\"isPartOf\":{\"@id\":\"https:\\\/\\\/kmblock.com\\\/es\\\/#website\"},\"primaryImageOfPage\":{\"@id\":\"https:\\\/\\\/kmblock.com\\\/es\\\/product\\\/audi-a7-s7-rs7-c7\\\/#primaryimage\"},\"image\":{\"@id\":\"https:\\\/\\\/kmblock.com\\\/es\\\/product\\\/audi-a7-s7-rs7-c7\\\/#primaryimage\"},\"thumbnailUrl\":\"https:\\\/\\\/kmblock.com\\\/wp-content\\\/uploads\\\/2024\\\/09\\\/Audi-A7S7RS7C7.jpg\",\"datePublished\":\"2024-09-17T21:55:55+00:00\",\"description\":\"Buy a Audi A7\\\/S7\\\/RS7\\\/C7 Mileage Blocker for the Best Prices \u2713 Free Shipping \u2713 Incl. Installation Guides\",\"breadcrumb\":{\"@id\":\"https:\\\/\\\/kmblock.com\\\/es\\\/product\\\/audi-a7-s7-rs7-c7\\\/#breadcrumb\"},\"inLanguage\":\"es\",\"potentialAction\":[{\"@type\":\"ReadAction\",\"target\":[\"https:\\\/\\\/kmblock.com\\\/es\\\/product\\\/audi-a7-s7-rs7-c7\\\/\"]}]},{\"@type\":\"ImageObject\",\"inLanguage\":\"es\",\"@id\":\"https:\\\/\\\/kmblock.com\\\/es\\\/product\\\/audi-a7-s7-rs7-c7\\\/#primaryimage\",\"url\":\"https:\\\/\\\/kmblock.com\\\/wp-content\\\/uploads\\\/2024\\\/09\\\/Audi-A7S7RS7C7.jpg\",\"contentUrl\":\"https:\\\/\\\/kmblock.com\\\/wp-content\\\/uploads\\\/2024\\\/09\\\/Audi-A7S7RS7C7.jpg\",\"width\":800,\"height\":800,\"caption\":\"Audi A7\\\/S7\\\/RS7\\\/C7\"},{\"@type\":\"BreadcrumbList\",\"@id\":\"https:\\\/\\\/kmblock.com\\\/es\\\/product\\\/audi-a7-s7-rs7-c7\\\/#breadcrumb\",\"itemListElement\":[{\"@type\":\"ListItem\",\"position\":1,\"name\":\"Inicio\",\"item\":\"https:\\\/\\\/kmblock.com\\\/es\\\/\"},{\"@type\":\"ListItem\",\"position\":2,\"name\":\"Productos\",\"item\":\"https:\\\/\\\/kmblock.com\\\/es\\\/shop\\\/\"},{\"@type\":\"ListItem\",\"position\":3,\"name\":\"Audi A7\\\/S7\\\/RS7\\\/C7\"}]},{\"@type\":\"WebSite\",\"@id\":\"https:\\\/\\\/kmblock.com\\\/es\\\/#website\",\"url\":\"https:\\\/\\\/kmblock.com\\\/es\\\/\",\"name\":\"KM Block\",\"description\":\"\",\"publisher\":{\"@id\":\"https:\\\/\\\/kmblock.com\\\/es\\\/#organization\"},\"potentialAction\":[{\"@type\":\"SearchAction\",\"target\":{\"@type\":\"EntryPoint\",\"urlTemplate\":\"https:\\\/\\\/kmblock.com\\\/es\\\/?s={search_term_string}\"},\"query-input\":{\"@type\":\"PropertyValueSpecification\",\"valueRequired\":true,\"valueName\":\"search_term_string\"}}],\"inLanguage\":\"es\"},{\"@type\":\"Organization\",\"@id\":\"https:\\\/\\\/kmblock.com\\\/es\\\/#organization\",\"name\":\"Bloque KM\",\"url\":\"https:\\\/\\\/kmblock.com\\\/es\\\/\",\"logo\":{\"@type\":\"ImageObject\",\"inLanguage\":\"es\",\"@id\":\"https:\\\/\\\/kmblock.com\\\/es\\\/#\\\/schema\\\/logo\\\/image\\\/\",\"url\":\"https:\\\/\\\/kmblock.com\\\/wp-content\\\/uploads\\\/2024\\\/08\\\/main-logo.png\",\"contentUrl\":\"https:\\\/\\\/kmblock.com\\\/wp-content\\\/uploads\\\/2024\\\/08\\\/main-logo.png\",\"width\":186,\"height\":28,\"caption\":\"Bloque KM\"},\"image\":{\"@id\":\"https:\\\/\\\/kmblock.com\\\/es\\\/#\\\/schema\\\/logo\\\/image\\\/\"}}]}<\/script>\n<!-- \/ Yoast SEO plugin. -->","yoast_head_json":{"title":"Audi A7\/S7\/RS7\/C7 Mileage Blocker (KM stopper) \u2192 KM Block","description":"Buy a Audi A7\/S7\/RS7\/C7 Mileage Blocker for the Best Prices \u2713 Free Shipping \u2713 Incl. Installation Guides","robots":{"index":"index","follow":"follow","max-snippet":"max-snippet:-1","max-image-preview":"max-image-preview:large","max-video-preview":"max-video-preview:-1"},"og_locale":"es_ES","og_type":"article","og_title":"Audi A7\/S7\/RS7\/C7 Mileage Blocker (KM stopper) \u2192 KM Block","og_description":"Buy a Audi A7\/S7\/RS7\/C7 Mileage Blocker for the Best Prices \u2713 Free Shipping \u2713 Incl. Installation Guides","og_url":"https:\/\/kmblock.com\/es\/product\/audi-a7-s7-rs7-c7\/","og_site_name":"KM Block","og_image":[{"width":800,"height":800,"url":"https:\/\/kmblock.com\/wp-content\/uploads\/2024\/09\/Audi-A7S7RS7C7.jpg","type":"image\/jpeg"}],"twitter_card":"summary_large_image","twitter_misc":{"Tiempo de lectura":"3 minutos"},"schema":{"@context":"https:\/\/schema.org","@graph":[{"@type":"WebPage","@id":"https:\/\/kmblock.com\/es\/product\/audi-a7-s7-rs7-c7\/","url":"https:\/\/kmblock.com\/es\/product\/audi-a7-s7-rs7-c7\/","name":"Audi A7\/S7\/RS7\/C7 Mileage Blocker (KM stopper) \u2192 KM Block","isPartOf":{"@id":"https:\/\/kmblock.com\/es\/#website"},"primaryImageOfPage":{"@id":"https:\/\/kmblock.com\/es\/product\/audi-a7-s7-rs7-c7\/#primaryimage"},"image":{"@id":"https:\/\/kmblock.com\/es\/product\/audi-a7-s7-rs7-c7\/#primaryimage"},"thumbnailUrl":"https:\/\/kmblock.com\/wp-content\/uploads\/2024\/09\/Audi-A7S7RS7C7.jpg","datePublished":"2024-09-17T21:55:55+00:00","description":"Buy a Audi A7\/S7\/RS7\/C7 Mileage Blocker for the Best Prices \u2713 Free Shipping \u2713 Incl. Installation Guides","breadcrumb":{"@id":"https:\/\/kmblock.com\/es\/product\/audi-a7-s7-rs7-c7\/#breadcrumb"},"inLanguage":"es","potentialAction":[{"@type":"ReadAction","target":["https:\/\/kmblock.com\/es\/product\/audi-a7-s7-rs7-c7\/"]}]},{"@type":"ImageObject","inLanguage":"es","@id":"https:\/\/kmblock.com\/es\/product\/audi-a7-s7-rs7-c7\/#primaryimage","url":"https:\/\/kmblock.com\/wp-content\/uploads\/2024\/09\/Audi-A7S7RS7C7.jpg","contentUrl":"https:\/\/kmblock.com\/wp-content\/uploads\/2024\/09\/Audi-A7S7RS7C7.jpg","width":800,"height":800,"caption":"Audi A7\/S7\/RS7\/C7"},{"@type":"BreadcrumbList","@id":"https:\/\/kmblock.com\/es\/product\/audi-a7-s7-rs7-c7\/#breadcrumb","itemListElement":[{"@type":"ListItem","position":1,"name":"Inicio","item":"https:\/\/kmblock.com\/es\/"},{"@type":"ListItem","position":2,"name":"Productos","item":"https:\/\/kmblock.com\/es\/shop\/"},{"@type":"ListItem","position":3,"name":"Audi A7\/S7\/RS7\/C7"}]},{"@type":"WebSite","@id":"https:\/\/kmblock.com\/es\/#website","url":"https:\/\/kmblock.com\/es\/","name":"KM Block","description":"","publisher":{"@id":"https:\/\/kmblock.com\/es\/#organization"},"potentialAction":[{"@type":"SearchAction","target":{"@type":"EntryPoint","urlTemplate":"https:\/\/kmblock.com\/es\/?s={search_term_string}"},"query-input":{"@type":"PropertyValueSpecification","valueRequired":true,"valueName":"search_term_string"}}],"inLanguage":"es"},{"@type":"Organization","@id":"https:\/\/kmblock.com\/es\/#organization","name":"Bloque KM","url":"https:\/\/kmblock.com\/es\/","logo":{"@type":"ImageObject","inLanguage":"es","@id":"https:\/\/kmblock.com\/es\/#\/schema\/logo\/image\/","url":"https:\/\/kmblock.com\/wp-content\/uploads\/2024\/08\/main-logo.png","contentUrl":"https:\/\/kmblock.com\/wp-content\/uploads\/2024\/08\/main-logo.png","width":186,"height":28,"caption":"Bloque KM"},"image":{"@id":"https:\/\/kmblock.com\/es\/#\/schema\/logo\/image\/"}}]}},"_links":{"self":[{"href":"https:\/\/kmblock.com\/es\/wp-json\/wp\/v2\/product\/9680","targetHints":{"allow":["GET"]}}],"collection":[{"href":"https:\/\/kmblock.com\/es\/wp-json\/wp\/v2\/product"}],"about":[{"href":"https:\/\/kmblock.com\/es\/wp-json\/wp\/v2\/types\/product"}],"replies":[{"embeddable":true,"href":"https:\/\/kmblock.com\/es\/wp-json\/wp\/v2\/comments?post=9680"}],"wp:featuredmedia":[{"embeddable":true,"href":"https:\/\/kmblock.com\/es\/wp-json\/wp\/v2\/media\/664"}],"wp:attachment":[{"href":"https:\/\/kmblock.com\/es\/wp-json\/wp\/v2\/media?parent=9680"}],"wp:term":[{"taxonomy":"product_brand","embeddable":true,"href":"https:\/\/kmblock.com\/es\/wp-json\/wp\/v2\/product_brand?post=9680"},{"taxonomy":"product_cat","embeddable":true,"href":"https:\/\/kmblock.com\/es\/wp-json\/wp\/v2\/product_cat?post=9680"},{"taxonomy":"product_tag","embeddable":true,"href":"https:\/\/kmblock.com\/es\/wp-json\/wp\/v2\/product_tag?post=9680"}],"curies":[{"name":"wp","href":"https:\/\/api.w.org\/{rel}","templated":true}]}}