{"id":9672,"date":"2024-09-17T15:44:33","date_gmt":"2024-09-17T15:44:33","guid":{"rendered":"https:\/\/kmblock.com\/product\/volkswagen-arteon\/"},"modified":"2024-09-17T15:44:33","modified_gmt":"2024-09-17T15:44:33","slug":"volkswagen-arteon","status":"publish","type":"product","link":"https:\/\/kmblock.com\/es\/product\/volkswagen-arteon\/","title":{"rendered":"Volkswagen Arteon"},"content":{"rendered":"<h3><strong>BLOQUEADOR DE KILOMETRAJE PARA VOLKSWAGEN ARTEON<\/strong><\/h3>\n<p>El bloqueador de kilometraje del Volkswagen Arteon, tambi\u00e9n conocido como bloqueador de cuentakil\u00f3metros, bloqueador de cuentakil\u00f3metros, bloqueador de latas, bloqueador de kilometraje, cuentakil\u00f3metros de viaje o filtro de latas, es un dispositivo fiable dise\u00f1ado para gestionar los registros de kilometraje durante las pruebas de rendimiento.<\/p>\n<h3>Compatibilidad:<\/h3>\n<p>Adecuado para <strong>todos los modelos Volkswagen Arteon lanzados desde 2017<\/strong>.<\/p>\n<h3>Especificaciones:<\/h3>\n<ul>\n<li><strong>Instalaci\u00f3n DIY<\/strong>: No se necesitan herramientas especiales ni conocimientos t\u00e9cnicos.<\/li>\n<li><strong>M\u00faltiples modos<\/strong>: Cambia f\u00e1cilmente entre diferentes modos para un uso flexible.<\/li>\n<li><strong>Sin rastro<\/strong>: No es necesario soldar ni cortar cables, no deja marcas detectables despu\u00e9s de retirarlo.<\/li>\n<li><strong>Sin errores<\/strong>: no aparecen mensajes de error en el veloc\u00edmetro ni en el panel de navegaci\u00f3n.<\/li>\n<li><strong>Componentes de primera calidad<\/strong>: Equipados con enchufes de alta calidad y cables resistentes al calor para mayor durabilidad.<\/li>\n<li><strong>Imposible de rastrear por las herramientas de diagn\u00f3stico<\/strong>: Una vez eliminado, el kilometraje alterado permanece indetectable por las herramientas de diagn\u00f3stico.<\/li>\n<li><strong>Memoria de ajustes<\/strong>: Mantiene los ajustes aplicados previamente, por lo que no es necesario volver a configurarlos antes de conducir.<\/li>\n<li><strong>Funcionamiento suave<\/strong>: El veloc\u00edmetro y todos los sistemas de asistencia funcionan a la perfecci\u00f3n en todos los modos.<\/li>\n<li><strong>Instalaci\u00f3n sin problemas<\/strong>: El dise\u00f1o del conector garantiza un proceso de instalaci\u00f3n f\u00e1cil y sin problemas.<\/li>\n<li><strong>Posible luz de control del motor<\/strong>: En los veh\u00edculos de finales de 2020, la luz de control del motor puede encenderse cuando se activa el dispositivo.<\/li>\n<\/ul>\n<h3>Activaci\u00f3n y desactivaci\u00f3n:<\/h3>\n<ul>\n<li>Cambia de modo mediante la <strong>aplicaci\u00f3n para smartphone<\/strong> o pulsa el <strong>bot\u00f3n OK<\/strong> durante 10 segundos.<\/li>\n<li>En los veh\u00edculos sin volante multifunci\u00f3n, cambia de modo pulsando <strong>tres veces<\/strong> la <strong>palanca del limpiaparabrisas<\/strong>.<\/li>\n<\/ul>\n<h3>Opciones de modo:<\/h3>\n<p>\u00bb Con el mando \u00abok\u00bb en el volante, mant\u00e9n pulsado hasta que parpadee el intermitente.<\/p>\n<p><strong>Modo 1:<\/strong> 1 parpadeo a la izquierda 18 por ciento (Todo funciona velocidad crucero, etc.)<\/p>\n<p><strong>Modo 2:<\/strong> 2 parpadeos a la izquierda 0 por ciento (sin velocidad, sin indicador de combustible)<\/p>\n<p><strong>Modo 3:<\/strong> 1 parpadeo derecha 100% (original)\u00bb.<\/p>\n<h3>\u00bfQu\u00e9 es el Bloqueador de Kilometraje del Volkswagen Arteon?<\/h3>\n<p>El <strong>Bloqueador de Kilometraje<\/strong> o <strong>Bloqueador de Cuentakil\u00f3metros<\/strong> <strong>Volkswagen Arteon<\/strong> est\u00e1 dise\u00f1ado para detener la acumulaci\u00f3n de kil\u00f3metros mientras compruebas el rendimiento de tu coche. Esta herramienta es ideal para motores di\u00e9sel-gasolina, veh\u00edculos el\u00e9ctricos h\u00edbridos enchufables (PHEV) y coches el\u00e9ctricos, tanto si tu cuentakil\u00f3metros digital registra millas como kil\u00f3metros. <\/p>\n<p>A diferencia de las herramientas de correcci\u00f3n del kilometraje, dise\u00f1adas con fines enga\u00f1osos como anular las lecturas del cuentakil\u00f3metros, el Bloqueador de Kilometraje no altera permanentemente el kilometraje registrado de tu coche. Muchos veh\u00edculos modernos tienen varias unidades de almacenamiento de datos, por lo que es imposible anular totalmente el kilometraje registrado. <\/p>\n<h3>Instalaci\u00f3n y uso:<\/h3>\n<p>El <strong>Tope de Kilometraje<\/strong> es f\u00e1cil de instalar y no requiere conocimientos profundos de mantenimiento del veh\u00edculo. S\u00f3lo tienes que conectarlo entre el veloc\u00edmetro y el cuadro de instrumentos, y listo. <\/p>\n<p>El <strong>bloqueador de kilometraje del Volkswagen Arteon<\/strong> es la herramienta perfecta para las pruebas de rendimiento, ya que te garantiza que puedes controlar tu coche sin a\u00f1adirle kil\u00f3metros innecesarios.<\/p>\n","protected":false},"excerpt":{"rendered":"<div class=\"flex-shrink-0 flex flex-col relative items-end\">\n<div class=\"pt-0\">\n<div class=\"gizmo-bot-avatar flex h-8 w-8 items-center justify-center overflow-hidden rounded-full\">\n<div class=\"relative p-1 rounded-sm flex items-center justify-center bg-token-main-surface-primary text-token-text-primary h-8 w-8\">\n<p>Antes de hacer el pedido, revisa atentamente el proceso de activaci\u00f3n del m\u00f3dulo y las notas importantes sobre los posibles mensajes de error y la funcionalidad del sistema que aparecen a continuaci\u00f3n.<\/p>\n<p><strong>PARA MODELOS LANZADOS DESDE 2017: <\/strong>Instalaci\u00f3n DIY. Funcionamiento imposible de rastrear. Equipado con enchufes de primera calidad y cables resistentes al calor. El veloc\u00edmetro y los sistemas de asistencia funcionan a la perfecci\u00f3n.   <\/p>\n<p class=\"p1\"><b> \u2705 Integraci\u00f3n perfecta<\/b><b><\/b><\/p>\n<p class=\"p1\">\u2705<b> F\u00e1cil instalaci\u00f3n<\/b><b><\/b><\/p>\n<p class=\"p1\">\u2705<b> Gesti\u00f3n precisa del kilometraje<\/b><b><\/b><\/p>\n<p class=\"p1\"><b> \u2705 Funcionamiento en modo oculto<\/b><b><\/b><\/p>\n<p class=\"p1\"><span class=\"s1\">\u2705<\/span><b> Soporte y actualizaciones de por vida<\/b><\/p>\n<\/div>\n<\/div>\n<\/div>\n<\/div>\n","protected":false},"featured_media":651,"comment_status":"open","ping_status":"closed","template":"","meta":[],"product_brand":[],"product_cat":[886],"product_tag":[],"class_list":{"0":"post-9672","1":"product","2":"type-product","3":"status-publish","4":"has-post-thumbnail","6":"product_cat-volkswagen","8":"first","9":"instock","10":"taxable","11":"shipping-taxable","12":"purchasable","13":"product-type-variable"},"yoast_head":"<!-- This site is optimized with the Yoast SEO plugin v27.5 - https:\/\/yoast.com\/product\/yoast-seo-wordpress\/ -->\n<title>Volkswagen Arteon Mileage Blocker (KM stopper) \u2192 KM Block<\/title>\n<meta name=\"description\" content=\"Buy a Volkswagen Arteon Mileage Blocker for the Best Prices \u2713 Free Shipping \u2713 Incl. Installation Guides\" \/>\n<meta name=\"robots\" content=\"index, follow, max-snippet:-1, max-image-preview:large, max-video-preview:-1\" \/>\n<meta property=\"og:locale\" content=\"es_ES\" \/>\n<meta property=\"og:type\" content=\"article\" \/>\n<meta property=\"og:title\" content=\"Volkswagen Arteon Mileage Blocker (KM stopper) \u2192 KM Block\" \/>\n<meta property=\"og:description\" content=\"Buy a Volkswagen Arteon Mileage Blocker for the Best Prices \u2713 Free Shipping \u2713 Incl. Installation Guides\" \/>\n<meta property=\"og:url\" content=\"https:\/\/kmblock.com\/es\/product\/volkswagen-arteon\/\" \/>\n<meta property=\"og:site_name\" content=\"KM Block\" \/>\n<meta property=\"og:image\" content=\"https:\/\/kmblock.com\/wp-content\/uploads\/2024\/09\/Volkswagen-Arteon.jpg\" \/>\n\t<meta property=\"og:image:width\" content=\"800\" \/>\n\t<meta property=\"og:image:height\" content=\"800\" \/>\n\t<meta property=\"og:image:type\" content=\"image\/jpeg\" \/>\n<meta name=\"twitter:card\" content=\"summary_large_image\" \/>\n<meta name=\"twitter:label1\" content=\"Tiempo de lectura\" \/>\n\t<meta name=\"twitter:data1\" content=\"3 minutos\" \/>\n<script type=\"application\/ld+json\" class=\"yoast-schema-graph\">{\"@context\":\"https:\\\/\\\/schema.org\",\"@graph\":[{\"@type\":\"WebPage\",\"@id\":\"https:\\\/\\\/kmblock.com\\\/es\\\/product\\\/volkswagen-arteon\\\/\",\"url\":\"https:\\\/\\\/kmblock.com\\\/es\\\/product\\\/volkswagen-arteon\\\/\",\"name\":\"Volkswagen Arteon Mileage Blocker (KM stopper) \u2192 KM Block\",\"isPartOf\":{\"@id\":\"https:\\\/\\\/kmblock.com\\\/es\\\/#website\"},\"primaryImageOfPage\":{\"@id\":\"https:\\\/\\\/kmblock.com\\\/es\\\/product\\\/volkswagen-arteon\\\/#primaryimage\"},\"image\":{\"@id\":\"https:\\\/\\\/kmblock.com\\\/es\\\/product\\\/volkswagen-arteon\\\/#primaryimage\"},\"thumbnailUrl\":\"https:\\\/\\\/kmblock.com\\\/wp-content\\\/uploads\\\/2024\\\/09\\\/Volkswagen-Arteon.jpg\",\"datePublished\":\"2024-09-17T15:44:33+00:00\",\"description\":\"Buy a Volkswagen Arteon Mileage Blocker for the Best Prices \u2713 Free Shipping \u2713 Incl. Installation Guides\",\"breadcrumb\":{\"@id\":\"https:\\\/\\\/kmblock.com\\\/es\\\/product\\\/volkswagen-arteon\\\/#breadcrumb\"},\"inLanguage\":\"es\",\"potentialAction\":[{\"@type\":\"ReadAction\",\"target\":[\"https:\\\/\\\/kmblock.com\\\/es\\\/product\\\/volkswagen-arteon\\\/\"]}]},{\"@type\":\"ImageObject\",\"inLanguage\":\"es\",\"@id\":\"https:\\\/\\\/kmblock.com\\\/es\\\/product\\\/volkswagen-arteon\\\/#primaryimage\",\"url\":\"https:\\\/\\\/kmblock.com\\\/wp-content\\\/uploads\\\/2024\\\/09\\\/Volkswagen-Arteon.jpg\",\"contentUrl\":\"https:\\\/\\\/kmblock.com\\\/wp-content\\\/uploads\\\/2024\\\/09\\\/Volkswagen-Arteon.jpg\",\"width\":800,\"height\":800,\"caption\":\"Volkswagen Arteon\"},{\"@type\":\"BreadcrumbList\",\"@id\":\"https:\\\/\\\/kmblock.com\\\/es\\\/product\\\/volkswagen-arteon\\\/#breadcrumb\",\"itemListElement\":[{\"@type\":\"ListItem\",\"position\":1,\"name\":\"Inicio\",\"item\":\"https:\\\/\\\/kmblock.com\\\/es\\\/\"},{\"@type\":\"ListItem\",\"position\":2,\"name\":\"Productos\",\"item\":\"https:\\\/\\\/kmblock.com\\\/es\\\/shop\\\/\"},{\"@type\":\"ListItem\",\"position\":3,\"name\":\"Volkswagen Arteon\"}]},{\"@type\":\"WebSite\",\"@id\":\"https:\\\/\\\/kmblock.com\\\/es\\\/#website\",\"url\":\"https:\\\/\\\/kmblock.com\\\/es\\\/\",\"name\":\"KM Block\",\"description\":\"\",\"publisher\":{\"@id\":\"https:\\\/\\\/kmblock.com\\\/es\\\/#organization\"},\"potentialAction\":[{\"@type\":\"SearchAction\",\"target\":{\"@type\":\"EntryPoint\",\"urlTemplate\":\"https:\\\/\\\/kmblock.com\\\/es\\\/?s={search_term_string}\"},\"query-input\":{\"@type\":\"PropertyValueSpecification\",\"valueRequired\":true,\"valueName\":\"search_term_string\"}}],\"inLanguage\":\"es\"},{\"@type\":\"Organization\",\"@id\":\"https:\\\/\\\/kmblock.com\\\/es\\\/#organization\",\"name\":\"Bloque KM\",\"url\":\"https:\\\/\\\/kmblock.com\\\/es\\\/\",\"logo\":{\"@type\":\"ImageObject\",\"inLanguage\":\"es\",\"@id\":\"https:\\\/\\\/kmblock.com\\\/es\\\/#\\\/schema\\\/logo\\\/image\\\/\",\"url\":\"https:\\\/\\\/kmblock.com\\\/wp-content\\\/uploads\\\/2024\\\/08\\\/main-logo.png\",\"contentUrl\":\"https:\\\/\\\/kmblock.com\\\/wp-content\\\/uploads\\\/2024\\\/08\\\/main-logo.png\",\"width\":186,\"height\":28,\"caption\":\"Bloque KM\"},\"image\":{\"@id\":\"https:\\\/\\\/kmblock.com\\\/es\\\/#\\\/schema\\\/logo\\\/image\\\/\"}}]}<\/script>\n<!-- \/ Yoast SEO plugin. -->","yoast_head_json":{"title":"Volkswagen Arteon Mileage Blocker (KM stopper) \u2192 KM Block","description":"Buy a Volkswagen Arteon Mileage Blocker for the Best Prices \u2713 Free Shipping \u2713 Incl. Installation Guides","robots":{"index":"index","follow":"follow","max-snippet":"max-snippet:-1","max-image-preview":"max-image-preview:large","max-video-preview":"max-video-preview:-1"},"og_locale":"es_ES","og_type":"article","og_title":"Volkswagen Arteon Mileage Blocker (KM stopper) \u2192 KM Block","og_description":"Buy a Volkswagen Arteon Mileage Blocker for the Best Prices \u2713 Free Shipping \u2713 Incl. Installation Guides","og_url":"https:\/\/kmblock.com\/es\/product\/volkswagen-arteon\/","og_site_name":"KM Block","og_image":[{"width":800,"height":800,"url":"https:\/\/kmblock.com\/wp-content\/uploads\/2024\/09\/Volkswagen-Arteon.jpg","type":"image\/jpeg"}],"twitter_card":"summary_large_image","twitter_misc":{"Tiempo de lectura":"3 minutos"},"schema":{"@context":"https:\/\/schema.org","@graph":[{"@type":"WebPage","@id":"https:\/\/kmblock.com\/es\/product\/volkswagen-arteon\/","url":"https:\/\/kmblock.com\/es\/product\/volkswagen-arteon\/","name":"Volkswagen Arteon Mileage Blocker (KM stopper) \u2192 KM Block","isPartOf":{"@id":"https:\/\/kmblock.com\/es\/#website"},"primaryImageOfPage":{"@id":"https:\/\/kmblock.com\/es\/product\/volkswagen-arteon\/#primaryimage"},"image":{"@id":"https:\/\/kmblock.com\/es\/product\/volkswagen-arteon\/#primaryimage"},"thumbnailUrl":"https:\/\/kmblock.com\/wp-content\/uploads\/2024\/09\/Volkswagen-Arteon.jpg","datePublished":"2024-09-17T15:44:33+00:00","description":"Buy a Volkswagen Arteon Mileage Blocker for the Best Prices \u2713 Free Shipping \u2713 Incl. Installation Guides","breadcrumb":{"@id":"https:\/\/kmblock.com\/es\/product\/volkswagen-arteon\/#breadcrumb"},"inLanguage":"es","potentialAction":[{"@type":"ReadAction","target":["https:\/\/kmblock.com\/es\/product\/volkswagen-arteon\/"]}]},{"@type":"ImageObject","inLanguage":"es","@id":"https:\/\/kmblock.com\/es\/product\/volkswagen-arteon\/#primaryimage","url":"https:\/\/kmblock.com\/wp-content\/uploads\/2024\/09\/Volkswagen-Arteon.jpg","contentUrl":"https:\/\/kmblock.com\/wp-content\/uploads\/2024\/09\/Volkswagen-Arteon.jpg","width":800,"height":800,"caption":"Volkswagen Arteon"},{"@type":"BreadcrumbList","@id":"https:\/\/kmblock.com\/es\/product\/volkswagen-arteon\/#breadcrumb","itemListElement":[{"@type":"ListItem","position":1,"name":"Inicio","item":"https:\/\/kmblock.com\/es\/"},{"@type":"ListItem","position":2,"name":"Productos","item":"https:\/\/kmblock.com\/es\/shop\/"},{"@type":"ListItem","position":3,"name":"Volkswagen Arteon"}]},{"@type":"WebSite","@id":"https:\/\/kmblock.com\/es\/#website","url":"https:\/\/kmblock.com\/es\/","name":"KM Block","description":"","publisher":{"@id":"https:\/\/kmblock.com\/es\/#organization"},"potentialAction":[{"@type":"SearchAction","target":{"@type":"EntryPoint","urlTemplate":"https:\/\/kmblock.com\/es\/?s={search_term_string}"},"query-input":{"@type":"PropertyValueSpecification","valueRequired":true,"valueName":"search_term_string"}}],"inLanguage":"es"},{"@type":"Organization","@id":"https:\/\/kmblock.com\/es\/#organization","name":"Bloque KM","url":"https:\/\/kmblock.com\/es\/","logo":{"@type":"ImageObject","inLanguage":"es","@id":"https:\/\/kmblock.com\/es\/#\/schema\/logo\/image\/","url":"https:\/\/kmblock.com\/wp-content\/uploads\/2024\/08\/main-logo.png","contentUrl":"https:\/\/kmblock.com\/wp-content\/uploads\/2024\/08\/main-logo.png","width":186,"height":28,"caption":"Bloque KM"},"image":{"@id":"https:\/\/kmblock.com\/es\/#\/schema\/logo\/image\/"}}]}},"_links":{"self":[{"href":"https:\/\/kmblock.com\/es\/wp-json\/wp\/v2\/product\/9672","targetHints":{"allow":["GET"]}}],"collection":[{"href":"https:\/\/kmblock.com\/es\/wp-json\/wp\/v2\/product"}],"about":[{"href":"https:\/\/kmblock.com\/es\/wp-json\/wp\/v2\/types\/product"}],"replies":[{"embeddable":true,"href":"https:\/\/kmblock.com\/es\/wp-json\/wp\/v2\/comments?post=9672"}],"wp:featuredmedia":[{"embeddable":true,"href":"https:\/\/kmblock.com\/es\/wp-json\/wp\/v2\/media\/651"}],"wp:attachment":[{"href":"https:\/\/kmblock.com\/es\/wp-json\/wp\/v2\/media?parent=9672"}],"wp:term":[{"taxonomy":"product_brand","embeddable":true,"href":"https:\/\/kmblock.com\/es\/wp-json\/wp\/v2\/product_brand?post=9672"},{"taxonomy":"product_cat","embeddable":true,"href":"https:\/\/kmblock.com\/es\/wp-json\/wp\/v2\/product_cat?post=9672"},{"taxonomy":"product_tag","embeddable":true,"href":"https:\/\/kmblock.com\/es\/wp-json\/wp\/v2\/product_tag?post=9672"}],"curies":[{"name":"wp","href":"https:\/\/api.w.org\/{rel}","templated":true}]}}