{"id":9666,"date":"2024-09-18T14:24:58","date_gmt":"2024-09-18T14:24:58","guid":{"rendered":"https:\/\/kmblock.com\/product\/audi-q5-sq5-fy\/"},"modified":"2024-09-18T14:24:58","modified_gmt":"2024-09-18T14:24:58","slug":"audi-q5-sq5-fy","status":"publish","type":"product","link":"https:\/\/kmblock.com\/es\/product\/audi-q5-sq5-fy\/","title":{"rendered":"Audi Q5 SQ5 FY"},"content":{"rendered":"<h3>Bloqueador de kilometraje para Audi Q5\/SQ5 &#8211; FY<\/h3>\n<p>El bloqueador de kilometraje Audi Q5\/SQ5 &#8211; FY tambi\u00e9n se conoce como bloqueador de cuentakil\u00f3metros, bloqueador de cuentakil\u00f3metros, bloqueador de latas, bloqueador de kilometraje, cuentakil\u00f3metros parcial, filtro de latas y, a veces, como herramienta de correcci\u00f3n de kilometraje. Este dispositivo es adecuado para todos los modelos Audi Q5 y SQ5 FY lanzados desde 2016. <\/p>\n<h3><strong>Especificaciones<\/strong><\/h3>\n<ul>\n<li>M\u00faltiples modos disponibles<\/li>\n<li>F\u00e1cil instalaci\u00f3n DIY<\/li>\n<li>El dise\u00f1o del conector garantiza una instalaci\u00f3n sin problemas<\/li>\n<li>Funciona con varias combinaciones de teclas<\/li>\n<li>No deja rastro al retirarlo: no es necesario soldar ni cortar<\/li>\n<li>No hay mensajes de error en el veloc\u00edmetro ni en el panel de navegaci\u00f3n<\/li>\n<li>La luz de control del motor puede activarse en los modelos a partir de finales de 2020<\/li>\n<li>Enchufes de primera calidad y cables resistentes al calor<\/li>\n<li>Guarda permanentemente los ajustes elegidos<\/li>\n<li>El kilometraje no aumenta despu\u00e9s de retirar el m\u00f3dulo<\/li>\n<li>El veloc\u00edmetro y los sistemas de asistencia funcionan a la perfecci\u00f3n<\/li>\n<\/ul>\n<h3><strong>Nota importante<\/strong><\/h3>\n<p>Si tu veh\u00edculo ha recibido recientemente una actualizaci\u00f3n del fabricante, es posible que el m\u00e9todo de activaci\u00f3n anterior ya no funcione. S\u00f3lo funcionar\u00e1n el Modo 3 (parada completa) y el Modo 4 (cuenta atr\u00e1s completa). Para activar el m\u00f3dulo, apaga completamente el veh\u00edculo cinco veces seguidas. Tras la compra, recibir\u00e1s un PDF con m\u00e1s instrucciones.   <\/p>\n<h3><strong>Activaci\u00f3n y desactivaci\u00f3n (con indicador de velocidad de trabajo)<\/strong><\/h3>\n<p>\u00bb Accionar con el bot\u00f3n \u00abok\u00bb del manillar. Mantenlo pulsado hasta que el intermitente empiece a parpadear. <\/p>\n<p><strong>Modo 1:<\/strong> 1 parpadeo izquierdo 20%<strong>.<\/strong><br \/>\n<strong>Modo 2:<\/strong> 2 parpadeos a la izquierda 10%<strong>.<\/strong><br \/>\n<strong>Modo 3:<\/strong> 3 parpadeos a la izquierda 0<br \/>\n<strong>Modo 4:<\/strong> 1 parpadeo derecho 100<\/p>\n<p>Para el modo 3: 0 por ciento tienes que activar el modo, luego apagar el coche y bloquearlo durante 2 min y despu\u00e9s arrancar y conducir\u00bb.<\/p>\n<h3><strong>\u00bfQu\u00e9 es el bloqueador de cuentakil\u00f3metros Q5\/SQ5 &#8211; FY?<\/strong><\/h3>\n<p>El Bloqueador de Kilometraje Audi Q5\/SQ5 &#8211; FY te permite detener la acumulaci\u00f3n de kil\u00f3metros mientras compruebas el rendimiento del veh\u00edculo. Ofrecemos una gama de dispositivos de bloqueo de kilometraje para varios veh\u00edculos, disponibles en KM Block, con componentes originales. Tanto si tu cuentakil\u00f3metros cuenta en millas como en kil\u00f3metros, este dispositivo funciona eficazmente. Nuestro software est\u00e1 adaptado a cada modelo para garantizar un funcionamiento impecable.   <\/p>\n<p>Ten en cuenta que no vendemos herramientas de correcci\u00f3n del kilometraje para el Audi Q5\/SQ5 &#8211; FY, ya que suelen utilizarse con fines fraudulentos, como anular las lecturas del cuentakil\u00f3metros. Estas herramientas no pueden anular completamente el kilometraje debido a las m\u00faltiples unidades de almacenamiento de datos de los veh\u00edculos. <\/p>\n<p>La instalaci\u00f3n es sencilla y no requiere conocimientos especializados del veh\u00edculo. Basta con conectar el dispositivo entre el puerto del veloc\u00edmetro y el cuadro de instrumentos para acceder a sus ventajas. El Bloqueador de Kilometraje funciona bien con veh\u00edculos di\u00e9sel, gasolina, PHEV y el\u00e9ctricos, lo que lo convierte en una valiosa herramienta para las pruebas de rendimiento.  <\/p>\n","protected":false},"excerpt":{"rendered":"<div class=\"flex-shrink-0 flex flex-col relative items-end\">\n<div class=\"pt-0\">\n<div class=\"gizmo-bot-avatar flex h-8 w-8 items-center justify-center overflow-hidden rounded-full\">\n<div class=\"relative p-1 rounded-sm flex items-center justify-center bg-token-main-surface-primary text-token-text-primary h-8 w-8\">\n<p>Antes de hacer tu pedido, revisa las instrucciones de activaci\u00f3n del m\u00f3dulo y las notas importantes sobre los mensajes de error y la funcionalidad que aparecen a continuaci\u00f3n.<\/p>\n<p><strong>Compatibilidad: <\/strong>Este dispositivo es compatible con todos los modelos Audi Q5 y SQ5 FY lanzados desde 2016. F\u00e1cil instalaci\u00f3n DIY. Rendimiento imposible de rastrear. Enchufes de alta calidad y cables resistentes al calor. El veloc\u00edmetro y los sistemas de asistencia funcionan a la perfecci\u00f3n. Funciona con o sin indicador de velocidad.     <\/p>\n<p class=\"p1\"><b> \u2705 Integraci\u00f3n perfecta<\/b><b><\/b><\/p>\n<p class=\"p1\">\u2705<b> F\u00e1cil instalaci\u00f3n<\/b><b><\/b><\/p>\n<p class=\"p1\">\u2705<b> Gesti\u00f3n precisa del kilometraje<\/b><b><\/b><\/p>\n<p class=\"p1\"><b> \u2705 Funcionamiento en modo oculto<\/b><b><\/b><\/p>\n<p class=\"p1\"><span class=\"s1\">\u2705<\/span><b> Soporte y actualizaciones de por vida<\/b><\/p>\n<\/div>\n<\/div>\n<\/div>\n<\/div>\n","protected":false},"featured_media":686,"comment_status":"open","ping_status":"closed","template":"","meta":[],"product_brand":[],"product_cat":[853],"product_tag":[],"class_list":{"0":"post-9666","1":"product","2":"type-product","3":"status-publish","4":"has-post-thumbnail","6":"product_cat-audi","8":"first","9":"instock","10":"taxable","11":"shipping-taxable","12":"purchasable","13":"product-type-variable"},"yoast_head":"<!-- This site is optimized with the Yoast SEO plugin v27.5 - https:\/\/yoast.com\/product\/yoast-seo-wordpress\/ -->\n<title>Audi Q5 SQ5 FY Mileage Blocker (KM stopper) \u2192 KM Block<\/title>\n<meta name=\"description\" content=\"Buy a Audi Q5 SQ5 FY Mileage Blocker for the Best Prices \u2713 Free Shipping \u2713 Incl. Installation Guides\" \/>\n<meta name=\"robots\" content=\"index, follow, max-snippet:-1, max-image-preview:large, max-video-preview:-1\" \/>\n<meta property=\"og:locale\" content=\"es_ES\" \/>\n<meta property=\"og:type\" content=\"article\" \/>\n<meta property=\"og:title\" content=\"Audi Q5 SQ5 FY Mileage Blocker (KM stopper) \u2192 KM Block\" \/>\n<meta property=\"og:description\" content=\"Buy a Audi Q5 SQ5 FY Mileage Blocker for the Best Prices \u2713 Free Shipping \u2713 Incl. Installation Guides\" \/>\n<meta property=\"og:url\" content=\"https:\/\/kmblock.com\/es\/product\/audi-q5-sq5-fy\/\" \/>\n<meta property=\"og:site_name\" content=\"KM Block\" \/>\n<meta property=\"og:image\" content=\"https:\/\/kmblock.com\/wp-content\/uploads\/2024\/09\/Audi-Q5-SQ5-FY-600x600-1.jpg\" \/>\n\t<meta property=\"og:image:width\" content=\"600\" \/>\n\t<meta property=\"og:image:height\" content=\"600\" \/>\n\t<meta property=\"og:image:type\" content=\"image\/jpeg\" \/>\n<meta name=\"twitter:card\" content=\"summary_large_image\" \/>\n<meta name=\"twitter:label1\" content=\"Tiempo de lectura\" \/>\n\t<meta name=\"twitter:data1\" content=\"3 minutos\" \/>\n<script type=\"application\/ld+json\" class=\"yoast-schema-graph\">{\"@context\":\"https:\\\/\\\/schema.org\",\"@graph\":[{\"@type\":\"WebPage\",\"@id\":\"https:\\\/\\\/kmblock.com\\\/es\\\/product\\\/audi-q5-sq5-fy\\\/\",\"url\":\"https:\\\/\\\/kmblock.com\\\/es\\\/product\\\/audi-q5-sq5-fy\\\/\",\"name\":\"Audi Q5 SQ5 FY Mileage Blocker (KM stopper) \u2192 KM Block\",\"isPartOf\":{\"@id\":\"https:\\\/\\\/kmblock.com\\\/es\\\/#website\"},\"primaryImageOfPage\":{\"@id\":\"https:\\\/\\\/kmblock.com\\\/es\\\/product\\\/audi-q5-sq5-fy\\\/#primaryimage\"},\"image\":{\"@id\":\"https:\\\/\\\/kmblock.com\\\/es\\\/product\\\/audi-q5-sq5-fy\\\/#primaryimage\"},\"thumbnailUrl\":\"https:\\\/\\\/kmblock.com\\\/wp-content\\\/uploads\\\/2024\\\/09\\\/Audi-Q5-SQ5-FY-600x600-1.jpg\",\"datePublished\":\"2024-09-18T14:24:58+00:00\",\"description\":\"Buy a Audi Q5 SQ5 FY Mileage Blocker for the Best Prices \u2713 Free Shipping \u2713 Incl. Installation Guides\",\"breadcrumb\":{\"@id\":\"https:\\\/\\\/kmblock.com\\\/es\\\/product\\\/audi-q5-sq5-fy\\\/#breadcrumb\"},\"inLanguage\":\"es\",\"potentialAction\":[{\"@type\":\"ReadAction\",\"target\":[\"https:\\\/\\\/kmblock.com\\\/es\\\/product\\\/audi-q5-sq5-fy\\\/\"]}]},{\"@type\":\"ImageObject\",\"inLanguage\":\"es\",\"@id\":\"https:\\\/\\\/kmblock.com\\\/es\\\/product\\\/audi-q5-sq5-fy\\\/#primaryimage\",\"url\":\"https:\\\/\\\/kmblock.com\\\/wp-content\\\/uploads\\\/2024\\\/09\\\/Audi-Q5-SQ5-FY-600x600-1.jpg\",\"contentUrl\":\"https:\\\/\\\/kmblock.com\\\/wp-content\\\/uploads\\\/2024\\\/09\\\/Audi-Q5-SQ5-FY-600x600-1.jpg\",\"width\":600,\"height\":600,\"caption\":\"Audi-Q5-SQ5-FY-600x600\"},{\"@type\":\"BreadcrumbList\",\"@id\":\"https:\\\/\\\/kmblock.com\\\/es\\\/product\\\/audi-q5-sq5-fy\\\/#breadcrumb\",\"itemListElement\":[{\"@type\":\"ListItem\",\"position\":1,\"name\":\"Inicio\",\"item\":\"https:\\\/\\\/kmblock.com\\\/es\\\/\"},{\"@type\":\"ListItem\",\"position\":2,\"name\":\"Productos\",\"item\":\"https:\\\/\\\/kmblock.com\\\/es\\\/shop\\\/\"},{\"@type\":\"ListItem\",\"position\":3,\"name\":\"Audi Q5 SQ5 FY\"}]},{\"@type\":\"WebSite\",\"@id\":\"https:\\\/\\\/kmblock.com\\\/es\\\/#website\",\"url\":\"https:\\\/\\\/kmblock.com\\\/es\\\/\",\"name\":\"KM Block\",\"description\":\"\",\"publisher\":{\"@id\":\"https:\\\/\\\/kmblock.com\\\/es\\\/#organization\"},\"potentialAction\":[{\"@type\":\"SearchAction\",\"target\":{\"@type\":\"EntryPoint\",\"urlTemplate\":\"https:\\\/\\\/kmblock.com\\\/es\\\/?s={search_term_string}\"},\"query-input\":{\"@type\":\"PropertyValueSpecification\",\"valueRequired\":true,\"valueName\":\"search_term_string\"}}],\"inLanguage\":\"es\"},{\"@type\":\"Organization\",\"@id\":\"https:\\\/\\\/kmblock.com\\\/es\\\/#organization\",\"name\":\"Bloque KM\",\"url\":\"https:\\\/\\\/kmblock.com\\\/es\\\/\",\"logo\":{\"@type\":\"ImageObject\",\"inLanguage\":\"es\",\"@id\":\"https:\\\/\\\/kmblock.com\\\/es\\\/#\\\/schema\\\/logo\\\/image\\\/\",\"url\":\"https:\\\/\\\/kmblock.com\\\/wp-content\\\/uploads\\\/2024\\\/08\\\/main-logo.png\",\"contentUrl\":\"https:\\\/\\\/kmblock.com\\\/wp-content\\\/uploads\\\/2024\\\/08\\\/main-logo.png\",\"width\":186,\"height\":28,\"caption\":\"Bloque KM\"},\"image\":{\"@id\":\"https:\\\/\\\/kmblock.com\\\/es\\\/#\\\/schema\\\/logo\\\/image\\\/\"}}]}<\/script>\n<!-- \/ Yoast SEO plugin. -->","yoast_head_json":{"title":"Audi Q5 SQ5 FY Mileage Blocker (KM stopper) \u2192 KM Block","description":"Buy a Audi Q5 SQ5 FY Mileage Blocker for the Best Prices \u2713 Free Shipping \u2713 Incl. Installation Guides","robots":{"index":"index","follow":"follow","max-snippet":"max-snippet:-1","max-image-preview":"max-image-preview:large","max-video-preview":"max-video-preview:-1"},"og_locale":"es_ES","og_type":"article","og_title":"Audi Q5 SQ5 FY Mileage Blocker (KM stopper) \u2192 KM Block","og_description":"Buy a Audi Q5 SQ5 FY Mileage Blocker for the Best Prices \u2713 Free Shipping \u2713 Incl. Installation Guides","og_url":"https:\/\/kmblock.com\/es\/product\/audi-q5-sq5-fy\/","og_site_name":"KM Block","og_image":[{"width":600,"height":600,"url":"https:\/\/kmblock.com\/wp-content\/uploads\/2024\/09\/Audi-Q5-SQ5-FY-600x600-1.jpg","type":"image\/jpeg"}],"twitter_card":"summary_large_image","twitter_misc":{"Tiempo de lectura":"3 minutos"},"schema":{"@context":"https:\/\/schema.org","@graph":[{"@type":"WebPage","@id":"https:\/\/kmblock.com\/es\/product\/audi-q5-sq5-fy\/","url":"https:\/\/kmblock.com\/es\/product\/audi-q5-sq5-fy\/","name":"Audi Q5 SQ5 FY Mileage Blocker (KM stopper) \u2192 KM Block","isPartOf":{"@id":"https:\/\/kmblock.com\/es\/#website"},"primaryImageOfPage":{"@id":"https:\/\/kmblock.com\/es\/product\/audi-q5-sq5-fy\/#primaryimage"},"image":{"@id":"https:\/\/kmblock.com\/es\/product\/audi-q5-sq5-fy\/#primaryimage"},"thumbnailUrl":"https:\/\/kmblock.com\/wp-content\/uploads\/2024\/09\/Audi-Q5-SQ5-FY-600x600-1.jpg","datePublished":"2024-09-18T14:24:58+00:00","description":"Buy a Audi Q5 SQ5 FY Mileage Blocker for the Best Prices \u2713 Free Shipping \u2713 Incl. Installation Guides","breadcrumb":{"@id":"https:\/\/kmblock.com\/es\/product\/audi-q5-sq5-fy\/#breadcrumb"},"inLanguage":"es","potentialAction":[{"@type":"ReadAction","target":["https:\/\/kmblock.com\/es\/product\/audi-q5-sq5-fy\/"]}]},{"@type":"ImageObject","inLanguage":"es","@id":"https:\/\/kmblock.com\/es\/product\/audi-q5-sq5-fy\/#primaryimage","url":"https:\/\/kmblock.com\/wp-content\/uploads\/2024\/09\/Audi-Q5-SQ5-FY-600x600-1.jpg","contentUrl":"https:\/\/kmblock.com\/wp-content\/uploads\/2024\/09\/Audi-Q5-SQ5-FY-600x600-1.jpg","width":600,"height":600,"caption":"Audi-Q5-SQ5-FY-600x600"},{"@type":"BreadcrumbList","@id":"https:\/\/kmblock.com\/es\/product\/audi-q5-sq5-fy\/#breadcrumb","itemListElement":[{"@type":"ListItem","position":1,"name":"Inicio","item":"https:\/\/kmblock.com\/es\/"},{"@type":"ListItem","position":2,"name":"Productos","item":"https:\/\/kmblock.com\/es\/shop\/"},{"@type":"ListItem","position":3,"name":"Audi Q5 SQ5 FY"}]},{"@type":"WebSite","@id":"https:\/\/kmblock.com\/es\/#website","url":"https:\/\/kmblock.com\/es\/","name":"KM Block","description":"","publisher":{"@id":"https:\/\/kmblock.com\/es\/#organization"},"potentialAction":[{"@type":"SearchAction","target":{"@type":"EntryPoint","urlTemplate":"https:\/\/kmblock.com\/es\/?s={search_term_string}"},"query-input":{"@type":"PropertyValueSpecification","valueRequired":true,"valueName":"search_term_string"}}],"inLanguage":"es"},{"@type":"Organization","@id":"https:\/\/kmblock.com\/es\/#organization","name":"Bloque KM","url":"https:\/\/kmblock.com\/es\/","logo":{"@type":"ImageObject","inLanguage":"es","@id":"https:\/\/kmblock.com\/es\/#\/schema\/logo\/image\/","url":"https:\/\/kmblock.com\/wp-content\/uploads\/2024\/08\/main-logo.png","contentUrl":"https:\/\/kmblock.com\/wp-content\/uploads\/2024\/08\/main-logo.png","width":186,"height":28,"caption":"Bloque KM"},"image":{"@id":"https:\/\/kmblock.com\/es\/#\/schema\/logo\/image\/"}}]}},"_links":{"self":[{"href":"https:\/\/kmblock.com\/es\/wp-json\/wp\/v2\/product\/9666","targetHints":{"allow":["GET"]}}],"collection":[{"href":"https:\/\/kmblock.com\/es\/wp-json\/wp\/v2\/product"}],"about":[{"href":"https:\/\/kmblock.com\/es\/wp-json\/wp\/v2\/types\/product"}],"replies":[{"embeddable":true,"href":"https:\/\/kmblock.com\/es\/wp-json\/wp\/v2\/comments?post=9666"}],"wp:featuredmedia":[{"embeddable":true,"href":"https:\/\/kmblock.com\/es\/wp-json\/wp\/v2\/media\/686"}],"wp:attachment":[{"href":"https:\/\/kmblock.com\/es\/wp-json\/wp\/v2\/media?parent=9666"}],"wp:term":[{"taxonomy":"product_brand","embeddable":true,"href":"https:\/\/kmblock.com\/es\/wp-json\/wp\/v2\/product_brand?post=9666"},{"taxonomy":"product_cat","embeddable":true,"href":"https:\/\/kmblock.com\/es\/wp-json\/wp\/v2\/product_cat?post=9666"},{"taxonomy":"product_tag","embeddable":true,"href":"https:\/\/kmblock.com\/es\/wp-json\/wp\/v2\/product_tag?post=9666"}],"curies":[{"name":"wp","href":"https:\/\/api.w.org\/{rel}","templated":true}]}}