{"id":9640,"date":"2024-09-18T01:49:18","date_gmt":"2024-09-18T01:49:18","guid":{"rendered":"https:\/\/kmblock.com\/product\/audi-q3-f3\/"},"modified":"2024-09-18T01:49:18","modified_gmt":"2024-09-18T01:49:18","slug":"audi-q3-f3","status":"publish","type":"product","link":"https:\/\/kmblock.com\/es\/product\/audi-q3-f3\/","title":{"rendered":"Audi Q3 F3"},"content":{"rendered":"<h3><strong>BLOQUEADOR DE KILOMETRAJE PARA AUDI Q3 &#8211; F3<\/strong><\/h3>\n<p>El bloqueador <strong>de cuentakil\u00f3metros Audi Q3 &#8211; F3<\/strong>, tambi\u00e9n conocido como bloqueador de cuentakil\u00f3metros, bloqueador de cuentakil\u00f3metros, bloqueador de latas, bloqueador de cuentakil\u00f3metros, cuentakil\u00f3metros parcial, filtro de latas o, a veces, herramienta de correcci\u00f3n de cuentakil\u00f3metros, est\u00e1 dise\u00f1ado para todos los modelos Audi Q3 F3 lanzados desde 2018.<\/p>\n<h3><strong>ESPECIFICACIONES:<\/strong><\/h3>\n<ul>\n<li>M\u00faltiples modos disponibles<\/li>\n<li>Instalaci\u00f3n sencilla de bricolaje<\/li>\n<li>Cara de acoplamiento y rebordes en el conector para una instalaci\u00f3n f\u00e1cil y segura<\/li>\n<li>Funciona con combinaciones de teclas para cambiar de modo<\/li>\n<li>No queda rastro al retirarlo: no es necesario cortar ni soldar los cables<\/li>\n<li>No hay mensajes de error en el veloc\u00edmetro ni en el panel de navegaci\u00f3n<\/li>\n<li>Equipado con enchufes de alta calidad y cables resistentes al calor<\/li>\n<li>Los ajustes guardados permanecen intactos despu\u00e9s de retirar el m\u00f3dulo<\/li>\n<li>El veloc\u00edmetro y los sistemas de asistencia funcionan a la perfecci\u00f3n, incluso con la cabina virtual<\/li>\n<li>En los veh\u00edculos fabricados despu\u00e9s de 2020, la activaci\u00f3n de este dispositivo puede activar la luz de control del motor<\/li>\n<li>El bloqueador de kilometraje permite hasta un 1% de desviaci\u00f3n para el kilometraje alterado; las variaciones en el kilometraje detenido son aproximaciones.<\/li>\n<\/ul>\n<h3><strong>NOTA IMPORTANTE:<\/strong><\/h3>\n<p>Si tu veh\u00edculo ha recibido una actualizaci\u00f3n reciente del fabricante, s\u00f3lo funcionar\u00e1n el <strong>Modo 3<\/strong> (parada completa) y el <strong>Modo 4<\/strong> (cuenta atr\u00e1s completa). Para activarlo, apaga completamente el veh\u00edculo cinco veces seguidas. Se proporcionan instrucciones detalladas en un PDF despu\u00e9s de la compra.  <\/p>\n<h3><strong>ACTIVACI\u00d3N Y DESACTIVACI\u00d3N (Conector de 18 patillas)<\/strong><\/h3>\n<p>\u00bb Accionar con el bot\u00f3n \u00abok\u00bb del manillar. Mantenlo pulsado hasta que el intermitente empiece a parpadear. <\/p>\n<p><strong>Modo 1:<\/strong> 1 parpadeo izquierdo 20%<strong>.<\/strong><br \/>\n<strong>Modo 2:<\/strong> 2 parpadeos a la izquierda 10%<strong>.<\/strong><br \/>\n<strong>Modo 3:<\/strong> 3 parpadeos a la izquierda 0<br \/>\n<strong>Modo 4:<\/strong> 1 parpadeo derecho 100<\/p>\n<p>Para el modo 3: 0 por ciento tienes que activar el modo, luego apagar el coche y bloquearlo durante 2 min y despu\u00e9s arrancar y conducir\u00bb.<\/p>\n<hr>\n<h3><strong>\u00bfQu\u00e9 es un bloqueador de cuentakil\u00f3metros o herramienta de correcci\u00f3n de kilometraje Audi Q3, F3?<\/strong><\/h3>\n<p>El <strong>Bloqueador de Kilometraje Audi Q3, F3<\/strong> est\u00e1 pensado para detener el registro de kilometraje durante las pruebas de rendimiento del veh\u00edculo. Disponible en KM Block, este m\u00f3dulo incluye componentes aut\u00e9nticos y software desarrollado para cada modelo y marca espec\u00edficos para garantizar un funcionamiento impecable. Tanto si el cuentakil\u00f3metros de tu veh\u00edculo marca en millas como en kil\u00f3metros, el dispositivo funciona eficazmente.  <\/p>\n<p>No vendemos herramientas de correcci\u00f3n del kilometraje para Audi Q3, F3, ya que est\u00e1n dise\u00f1adas para actividades fraudulentas, y a menudo se utilizan para anular o borrar el kilometraje, lo cual es ilegal. Los coches almacenan los datos de kilometraje en varios lugares, por lo que es imposible que dichas herramientas puedan anular completamente el kilometraje. <\/p>\n<h3><strong>\u00bfPor qu\u00e9 elegir este m\u00f3dulo?<\/strong><\/h3>\n<p>Nuestro dispositivo Antirrebote funciona perfectamente con coches di\u00e9sel, gasolina, veh\u00edculos el\u00e9ctricos h\u00edbridos enchufables (PHEV) y el\u00e9ctricos. La instalaci\u00f3n es sencilla y no requiere conocimientos t\u00e9cnicos. Con\u00e9ctalo entre el veloc\u00edmetro y el cuadro de instrumentos, y cambia de un modo a otro mediante combinaciones de teclas predefinidas.  <\/p>\n<p>El <strong>bloqueador de kilometraje Audi Q3, F3<\/strong> es una herramienta excepcional para comprobar el rendimiento de tu veh\u00edculo en un entorno controlado.<\/p>\n","protected":false},"excerpt":{"rendered":"<div class=\"flex-shrink-0 flex flex-col relative items-end\">\n<div class=\"pt-0\">\n<div class=\"gizmo-bot-avatar flex h-8 w-8 items-center justify-center overflow-hidden rounded-full\">\n<div class=\"relative p-1 rounded-sm flex items-center justify-center bg-token-main-surface-primary text-token-text-primary h-8 w-8\">\n<p>Antes de hacer tu pedido, revisa atentamente las instrucciones de activaci\u00f3n y las notas importantes sobre los posibles mensajes de error y la funcionalidad del m\u00f3dulo:<\/p>\n<p><strong>Compatibilidad: Este dispositivo es compatible con todos los modelos Audi Q3 F3 lanzados desde 2018.<\/strong>  Instalaci\u00f3n \u00abhazlo t\u00fa mismo\u00bb (DIY). Imposible de rastrear una vez instalado. Con enchufes de primera calidad y cables resistentes al calor. Funciona perfectamente con y sin el Virtual Cockpit.   <\/p>\n<p class=\"p1\"><b> \u2705 Integraci\u00f3n perfecta<\/b><b><\/b><\/p>\n<p class=\"p1\">\u2705<b> F\u00e1cil instalaci\u00f3n<\/b><b><\/b><\/p>\n<p class=\"p1\">\u2705<b> Gesti\u00f3n precisa del kilometraje<\/b><b><\/b><\/p>\n<p class=\"p1\"><b> \u2705 Funcionamiento en modo oculto<\/b><b><\/b><\/p>\n<p class=\"p1\"><span class=\"s1\">\u2705<\/span><b> Soporte y actualizaciones de por vida<\/b><\/p>\n<\/div>\n<\/div>\n<\/div>\n<\/div>\n","protected":false},"featured_media":677,"comment_status":"open","ping_status":"closed","template":"","meta":[],"product_brand":[],"product_cat":[853],"product_tag":[],"class_list":{"0":"post-9640","1":"product","2":"type-product","3":"status-publish","4":"has-post-thumbnail","6":"product_cat-audi","8":"first","9":"instock","10":"taxable","11":"shipping-taxable","12":"purchasable","13":"product-type-variable"},"yoast_head":"<!-- This site is optimized with the Yoast SEO plugin v27.5 - https:\/\/yoast.com\/product\/yoast-seo-wordpress\/ -->\n<title>Audi Q3 F3 Mileage Blocker (KM stopper) \u2192 KM Block<\/title>\n<meta name=\"description\" content=\"Buy a Audi Q3 F3 Mileage Blocker for the Best Prices \u2713 Free Shipping \u2713 Incl. Installation Guides\" \/>\n<meta name=\"robots\" content=\"index, follow, max-snippet:-1, max-image-preview:large, max-video-preview:-1\" \/>\n<meta property=\"og:locale\" content=\"es_ES\" \/>\n<meta property=\"og:type\" content=\"article\" \/>\n<meta property=\"og:title\" content=\"Audi Q3 F3 Mileage Blocker (KM stopper) \u2192 KM Block\" \/>\n<meta property=\"og:description\" content=\"Buy a Audi Q3 F3 Mileage Blocker for the Best Prices \u2713 Free Shipping \u2713 Incl. Installation Guides\" \/>\n<meta property=\"og:url\" content=\"https:\/\/kmblock.com\/es\/product\/audi-q3-f3\/\" \/>\n<meta property=\"og:site_name\" content=\"KM Block\" \/>\n<meta property=\"og:image\" content=\"https:\/\/kmblock.com\/wp-content\/uploads\/2024\/09\/Audi-Q3-F3.webp\" \/>\n\t<meta property=\"og:image:width\" content=\"800\" \/>\n\t<meta property=\"og:image:height\" content=\"800\" \/>\n\t<meta property=\"og:image:type\" content=\"image\/webp\" \/>\n<meta name=\"twitter:card\" content=\"summary_large_image\" \/>\n<meta name=\"twitter:label1\" content=\"Tiempo de lectura\" \/>\n\t<meta name=\"twitter:data1\" content=\"3 minutos\" \/>\n<script type=\"application\/ld+json\" class=\"yoast-schema-graph\">{\"@context\":\"https:\\\/\\\/schema.org\",\"@graph\":[{\"@type\":\"WebPage\",\"@id\":\"https:\\\/\\\/kmblock.com\\\/es\\\/product\\\/audi-q3-f3\\\/\",\"url\":\"https:\\\/\\\/kmblock.com\\\/es\\\/product\\\/audi-q3-f3\\\/\",\"name\":\"Audi Q3 F3 Mileage Blocker (KM stopper) \u2192 KM Block\",\"isPartOf\":{\"@id\":\"https:\\\/\\\/kmblock.com\\\/es\\\/#website\"},\"primaryImageOfPage\":{\"@id\":\"https:\\\/\\\/kmblock.com\\\/es\\\/product\\\/audi-q3-f3\\\/#primaryimage\"},\"image\":{\"@id\":\"https:\\\/\\\/kmblock.com\\\/es\\\/product\\\/audi-q3-f3\\\/#primaryimage\"},\"thumbnailUrl\":\"https:\\\/\\\/kmblock.com\\\/wp-content\\\/uploads\\\/2024\\\/09\\\/Audi-Q3-F3.webp\",\"datePublished\":\"2024-09-18T01:49:18+00:00\",\"description\":\"Buy a Audi Q3 F3 Mileage Blocker for the Best Prices \u2713 Free Shipping \u2713 Incl. Installation Guides\",\"breadcrumb\":{\"@id\":\"https:\\\/\\\/kmblock.com\\\/es\\\/product\\\/audi-q3-f3\\\/#breadcrumb\"},\"inLanguage\":\"es\",\"potentialAction\":[{\"@type\":\"ReadAction\",\"target\":[\"https:\\\/\\\/kmblock.com\\\/es\\\/product\\\/audi-q3-f3\\\/\"]}]},{\"@type\":\"ImageObject\",\"inLanguage\":\"es\",\"@id\":\"https:\\\/\\\/kmblock.com\\\/es\\\/product\\\/audi-q3-f3\\\/#primaryimage\",\"url\":\"https:\\\/\\\/kmblock.com\\\/wp-content\\\/uploads\\\/2024\\\/09\\\/Audi-Q3-F3.webp\",\"contentUrl\":\"https:\\\/\\\/kmblock.com\\\/wp-content\\\/uploads\\\/2024\\\/09\\\/Audi-Q3-F3.webp\",\"width\":800,\"height\":800,\"caption\":\"Audi Q3 F3\"},{\"@type\":\"BreadcrumbList\",\"@id\":\"https:\\\/\\\/kmblock.com\\\/es\\\/product\\\/audi-q3-f3\\\/#breadcrumb\",\"itemListElement\":[{\"@type\":\"ListItem\",\"position\":1,\"name\":\"Inicio\",\"item\":\"https:\\\/\\\/kmblock.com\\\/es\\\/\"},{\"@type\":\"ListItem\",\"position\":2,\"name\":\"Productos\",\"item\":\"https:\\\/\\\/kmblock.com\\\/es\\\/shop\\\/\"},{\"@type\":\"ListItem\",\"position\":3,\"name\":\"Audi Q3 F3\"}]},{\"@type\":\"WebSite\",\"@id\":\"https:\\\/\\\/kmblock.com\\\/es\\\/#website\",\"url\":\"https:\\\/\\\/kmblock.com\\\/es\\\/\",\"name\":\"KM Block\",\"description\":\"\",\"publisher\":{\"@id\":\"https:\\\/\\\/kmblock.com\\\/es\\\/#organization\"},\"potentialAction\":[{\"@type\":\"SearchAction\",\"target\":{\"@type\":\"EntryPoint\",\"urlTemplate\":\"https:\\\/\\\/kmblock.com\\\/es\\\/?s={search_term_string}\"},\"query-input\":{\"@type\":\"PropertyValueSpecification\",\"valueRequired\":true,\"valueName\":\"search_term_string\"}}],\"inLanguage\":\"es\"},{\"@type\":\"Organization\",\"@id\":\"https:\\\/\\\/kmblock.com\\\/es\\\/#organization\",\"name\":\"Bloque KM\",\"url\":\"https:\\\/\\\/kmblock.com\\\/es\\\/\",\"logo\":{\"@type\":\"ImageObject\",\"inLanguage\":\"es\",\"@id\":\"https:\\\/\\\/kmblock.com\\\/es\\\/#\\\/schema\\\/logo\\\/image\\\/\",\"url\":\"https:\\\/\\\/kmblock.com\\\/wp-content\\\/uploads\\\/2024\\\/08\\\/main-logo.png\",\"contentUrl\":\"https:\\\/\\\/kmblock.com\\\/wp-content\\\/uploads\\\/2024\\\/08\\\/main-logo.png\",\"width\":186,\"height\":28,\"caption\":\"Bloque KM\"},\"image\":{\"@id\":\"https:\\\/\\\/kmblock.com\\\/es\\\/#\\\/schema\\\/logo\\\/image\\\/\"}}]}<\/script>\n<!-- \/ Yoast SEO plugin. -->","yoast_head_json":{"title":"Audi Q3 F3 Mileage Blocker (KM stopper) \u2192 KM Block","description":"Buy a Audi Q3 F3 Mileage Blocker for the Best Prices \u2713 Free Shipping \u2713 Incl. Installation Guides","robots":{"index":"index","follow":"follow","max-snippet":"max-snippet:-1","max-image-preview":"max-image-preview:large","max-video-preview":"max-video-preview:-1"},"og_locale":"es_ES","og_type":"article","og_title":"Audi Q3 F3 Mileage Blocker (KM stopper) \u2192 KM Block","og_description":"Buy a Audi Q3 F3 Mileage Blocker for the Best Prices \u2713 Free Shipping \u2713 Incl. Installation Guides","og_url":"https:\/\/kmblock.com\/es\/product\/audi-q3-f3\/","og_site_name":"KM Block","og_image":[{"width":800,"height":800,"url":"https:\/\/kmblock.com\/wp-content\/uploads\/2024\/09\/Audi-Q3-F3.webp","type":"image\/webp"}],"twitter_card":"summary_large_image","twitter_misc":{"Tiempo de lectura":"3 minutos"},"schema":{"@context":"https:\/\/schema.org","@graph":[{"@type":"WebPage","@id":"https:\/\/kmblock.com\/es\/product\/audi-q3-f3\/","url":"https:\/\/kmblock.com\/es\/product\/audi-q3-f3\/","name":"Audi Q3 F3 Mileage Blocker (KM stopper) \u2192 KM Block","isPartOf":{"@id":"https:\/\/kmblock.com\/es\/#website"},"primaryImageOfPage":{"@id":"https:\/\/kmblock.com\/es\/product\/audi-q3-f3\/#primaryimage"},"image":{"@id":"https:\/\/kmblock.com\/es\/product\/audi-q3-f3\/#primaryimage"},"thumbnailUrl":"https:\/\/kmblock.com\/wp-content\/uploads\/2024\/09\/Audi-Q3-F3.webp","datePublished":"2024-09-18T01:49:18+00:00","description":"Buy a Audi Q3 F3 Mileage Blocker for the Best Prices \u2713 Free Shipping \u2713 Incl. Installation Guides","breadcrumb":{"@id":"https:\/\/kmblock.com\/es\/product\/audi-q3-f3\/#breadcrumb"},"inLanguage":"es","potentialAction":[{"@type":"ReadAction","target":["https:\/\/kmblock.com\/es\/product\/audi-q3-f3\/"]}]},{"@type":"ImageObject","inLanguage":"es","@id":"https:\/\/kmblock.com\/es\/product\/audi-q3-f3\/#primaryimage","url":"https:\/\/kmblock.com\/wp-content\/uploads\/2024\/09\/Audi-Q3-F3.webp","contentUrl":"https:\/\/kmblock.com\/wp-content\/uploads\/2024\/09\/Audi-Q3-F3.webp","width":800,"height":800,"caption":"Audi Q3 F3"},{"@type":"BreadcrumbList","@id":"https:\/\/kmblock.com\/es\/product\/audi-q3-f3\/#breadcrumb","itemListElement":[{"@type":"ListItem","position":1,"name":"Inicio","item":"https:\/\/kmblock.com\/es\/"},{"@type":"ListItem","position":2,"name":"Productos","item":"https:\/\/kmblock.com\/es\/shop\/"},{"@type":"ListItem","position":3,"name":"Audi Q3 F3"}]},{"@type":"WebSite","@id":"https:\/\/kmblock.com\/es\/#website","url":"https:\/\/kmblock.com\/es\/","name":"KM Block","description":"","publisher":{"@id":"https:\/\/kmblock.com\/es\/#organization"},"potentialAction":[{"@type":"SearchAction","target":{"@type":"EntryPoint","urlTemplate":"https:\/\/kmblock.com\/es\/?s={search_term_string}"},"query-input":{"@type":"PropertyValueSpecification","valueRequired":true,"valueName":"search_term_string"}}],"inLanguage":"es"},{"@type":"Organization","@id":"https:\/\/kmblock.com\/es\/#organization","name":"Bloque KM","url":"https:\/\/kmblock.com\/es\/","logo":{"@type":"ImageObject","inLanguage":"es","@id":"https:\/\/kmblock.com\/es\/#\/schema\/logo\/image\/","url":"https:\/\/kmblock.com\/wp-content\/uploads\/2024\/08\/main-logo.png","contentUrl":"https:\/\/kmblock.com\/wp-content\/uploads\/2024\/08\/main-logo.png","width":186,"height":28,"caption":"Bloque KM"},"image":{"@id":"https:\/\/kmblock.com\/es\/#\/schema\/logo\/image\/"}}]}},"_links":{"self":[{"href":"https:\/\/kmblock.com\/es\/wp-json\/wp\/v2\/product\/9640","targetHints":{"allow":["GET"]}}],"collection":[{"href":"https:\/\/kmblock.com\/es\/wp-json\/wp\/v2\/product"}],"about":[{"href":"https:\/\/kmblock.com\/es\/wp-json\/wp\/v2\/types\/product"}],"replies":[{"embeddable":true,"href":"https:\/\/kmblock.com\/es\/wp-json\/wp\/v2\/comments?post=9640"}],"wp:featuredmedia":[{"embeddable":true,"href":"https:\/\/kmblock.com\/es\/wp-json\/wp\/v2\/media\/677"}],"wp:attachment":[{"href":"https:\/\/kmblock.com\/es\/wp-json\/wp\/v2\/media?parent=9640"}],"wp:term":[{"taxonomy":"product_brand","embeddable":true,"href":"https:\/\/kmblock.com\/es\/wp-json\/wp\/v2\/product_brand?post=9640"},{"taxonomy":"product_cat","embeddable":true,"href":"https:\/\/kmblock.com\/es\/wp-json\/wp\/v2\/product_cat?post=9640"},{"taxonomy":"product_tag","embeddable":true,"href":"https:\/\/kmblock.com\/es\/wp-json\/wp\/v2\/product_tag?post=9640"}],"curies":[{"name":"wp","href":"https:\/\/api.w.org\/{rel}","templated":true}]}}