{"id":9633,"date":"2024-09-17T23:48:25","date_gmt":"2024-09-17T23:48:25","guid":{"rendered":"https:\/\/kmblock.com\/product\/audi-e-tron-ge-gt-fw\/"},"modified":"2024-09-17T23:48:25","modified_gmt":"2024-09-17T23:48:25","slug":"audi-e-tron-ge-gt-fw","status":"publish","type":"product","link":"https:\/\/kmblock.com\/es\/product\/audi-e-tron-ge-gt-fw\/","title":{"rendered":"Audi E-tron GE GT FW"},"content":{"rendered":"<div class=\"flex max-w-full flex-col flex-grow\">\n<div class=\"min-h-[20px] text-message flex w-full flex-col items-end gap-2 whitespace-normal break-words [.text-message+&amp;]:mt-5\" dir=\"auto\" data-message-author-role=\"assistant\" data-message-id=\"765a5d77-1b34-437a-a971-026f3a7fac57\">\n<div class=\"flex w-full flex-col gap-1 empty:hidden first:pt-[3px]\">\n<div class=\"markdown prose w-full break-words dark:prose-invert dark\">\n<h3><strong>Bloqueador de kilometraje para Audi E-Tron GE GT FW<\/strong><\/h3>\n<p>El bloqueador de cuentakil\u00f3metros Audi E-Tron GE GT FW, tambi\u00e9n conocido como bloqueador de cuentakil\u00f3metros, tope de cuentakil\u00f3metros, bloqueador de latas, tope de cuentakil\u00f3metros, cuentakil\u00f3metros parcial o filtro de latas, est\u00e1 dise\u00f1ado para todos los modelos Audi E-Tron GE GT FW lanzados desde 2018.<\/p>\n<h3><strong>Especificaciones:<\/strong><\/h3>\n<ul>\n<li><strong>Instalaci\u00f3n sin fisuras:<\/strong> La cara de acoplamiento y los rebordes del conector garantizan una instalaci\u00f3n sin problemas.<\/li>\n<li><strong>Componentes de alta calidad:<\/strong> Equipado con enchufes de primera calidad y cables resistentes al calor.<\/li>\n<li><strong>Rendimiento estable:<\/strong> La lectura del kilometraje no aumentar\u00e1 despu\u00e9s de retirarlo.<\/li>\n<li><strong>Activaci\u00f3n:<\/strong> Se activa f\u00e1cilmente pulsando un bot\u00f3n en el volante.<\/li>\n<li><strong>Indetectables:<\/strong> Los comprobadores de diagn\u00f3stico no detectan las alteraciones del kilometraje.<\/li>\n<li><strong>Configuraciones persistentes:<\/strong> Una vez establecidas, las configuraciones se guardan permanentemente.<\/li>\n<li><strong>Funcionalidad:<\/strong> El veloc\u00edmetro y todos los sistemas de asistencia funcionan perfectamente.<\/li>\n<li><strong>Instalaci\u00f3n DIY:<\/strong> No se necesitan conocimientos profundos del veh\u00edculo para su instalaci\u00f3n.<\/li>\n<li><strong>No necesita modificaciones:<\/strong> No es necesario soldar ni cortar cables.<\/li>\n<li><strong>Funcionamiento sin errores:<\/strong> No hay mensajes de error en el veloc\u00edmetro ni en el panel de navegaci\u00f3n.<\/li>\n<li><strong>M\u00faltiples modos:<\/strong> Elige entre varios modos de funcionamiento.<\/li>\n<li><strong>Aviso sobre la luz del motor:<\/strong> En los veh\u00edculos a partir de finales de 2020, la activaci\u00f3n del dispositivo puede activar la luz de control del motor.<\/li>\n<li><strong>Desviaci\u00f3n del kilometraje:<\/strong> Para el modo que altera el kilometraje, hay una desviaci\u00f3n permitida de hasta el 1%. Las lecturas de kilometraje son aproximadas y pueden tener peque\u00f1as diferencias. <\/li>\n<li><strong>Aviso importante de actualizaci\u00f3n:<\/strong> Si tu veh\u00edculo ha recibido una actualizaci\u00f3n reciente del fabricante, s\u00f3lo funcionar\u00e1n los modos 3 (parada completa) y 4 (cuenta completa). Para activar el m\u00f3dulo, apaga completamente el veh\u00edculo cinco veces seguidas. Se proporcionar\u00e1 un PDF con m\u00e1s detalles despu\u00e9s de la compra.  <\/li>\n<\/ul>\n<h3><strong>Activaci\u00f3n y desactivaci\u00f3n:<\/strong><\/h3>\n<p>\u00bb Accionar con el bot\u00f3n \u00abok\u00bb del manillar. Mantenlo pulsado hasta que el intermitente empiece a parpadear. <\/p>\n<p><strong>Modo 1:<\/strong> 1 parpadeo izquierdo 20%<strong>.<\/strong><br \/>\n<strong>Modo 2:<\/strong> 2 parpadeos a la izquierda 10%<strong>.<\/strong><br \/>\n<strong>Modo 3:<\/strong> 3 parpadeos a la izquierda 0<br \/>\n<strong>Modo 4:<\/strong> 1 parpadeo derecho 100<\/p>\n<p>Para el modo 3: 0 por ciento tienes que activar el modo, luego apagar el coche y bloquearlo durante 2 min y despu\u00e9s arrancar y conducir\u00bb.<\/p>\n<h3><strong>\u00bfQu\u00e9 es el bloqueador de cuentakil\u00f3metros o herramienta de correcci\u00f3n de kilometraje Audi E-Tron GE GT FW?<\/strong><\/h3>\n<p>El bloqueador de kilometraje\/bloqueador de cuentakil\u00f3metros te permite evitar que se registre kilometraje innecesario mientras pruebas el rendimiento del coche. Disponibles en KM Block, nuestros m\u00f3dulos utilizan componentes originales, con un software adaptado a cada marca y modelo de veh\u00edculo, lo que garantiza una funcionalidad impecable. Tanto si tu cuentakil\u00f3metros mide en millas como en kil\u00f3metros, el dispositivo funciona eficazmente en veh\u00edculos di\u00e9sel, de gasolina, h\u00edbridos el\u00e9ctricos enchufables (PHEV) y el\u00e9ctricos.  <\/p>\n<p>Ten en cuenta que no vendemos herramientas de correcci\u00f3n del kilometraje con fines enga\u00f1osos, como hacer retroceder las lecturas del cuentakil\u00f3metros. Estas herramientas no pueden invertir totalmente el kilometraje en las unidades de almacenamiento de datos del coche. <\/p>\n<p>Ofrecemos una gran variedad de dispositivos Mileage Stopper para diferentes modelos de veh\u00edculos, todos con el mismo proceso de instalaci\u00f3n f\u00e1cil. Basta con conectarlo entre el puerto del veloc\u00edmetro y el cuadro de instrumentos para disfrutar de las ventajas de este avanzado m\u00f3dulo. <\/p>\n<p>El bloqueador de kilometraje Audi E-Tron GE GT FW es una herramienta esencial para probar las prestaciones del veh\u00edculo en un entorno controlado.<\/p>\n<\/div>\n<\/div>\n<\/div>\n<\/div>\n","protected":false},"excerpt":{"rendered":"<div class=\"flex-shrink-0 flex flex-col relative items-end\">\n<div class=\"pt-0\">\n<div class=\"gizmo-bot-avatar flex h-8 w-8 items-center justify-center overflow-hidden rounded-full\">\n<div class=\"relative p-1 rounded-sm flex items-center justify-center bg-token-main-surface-primary text-token-text-primary h-8 w-8\">\n<div class=\"flex max-w-full flex-col flex-grow\">\n<div class=\"min-h-[20px] text-message flex w-full flex-col items-end gap-2 whitespace-normal break-words [.text-message+&amp;]:mt-5\" dir=\"auto\" data-message-author-role=\"assistant\" data-message-id=\"0fd9fd7f-13eb-4ff1-af2d-832792e7df5d\">\n<div class=\"flex w-full flex-col gap-1 empty:hidden first:pt-[3px]\">\n<div class=\"markdown prose w-full break-words dark:prose-invert dark\">\n<h4>Antes de comprar, revisa atentamente la informaci\u00f3n sobre la activaci\u00f3n del m\u00f3dulo, los mensajes de error y la funcionalidad que se proporciona a continuaci\u00f3n.<\/h4>\n<p><strong>ESTE DISPOSITIVO ES COMPATIBLE CON TODOS LOS MODELOS AUDI E-TRON GE GT FW LANZADOS DESDE 2018.  <\/strong>Aseg\u00farate de verificar si tu veh\u00edculo tiene un conector de 18 o 32 patillas antes de hacer el pedido. F\u00e1cil instalaci\u00f3n DIY. El veloc\u00edmetro y los sistemas de asistencia funcionan perfectamente.  <\/p>\n<p class=\"p1\"><b> \u2705 Integraci\u00f3n perfecta<\/b><b><\/b><\/p>\n<p class=\"p1\">\u2705<b> F\u00e1cil instalaci\u00f3n<\/b><b><\/b><\/p>\n<p class=\"p1\">\u2705<b> Gesti\u00f3n precisa del kilometraje<\/b><b><\/b><\/p>\n<p class=\"p1\"><b> \u2705 Funcionamiento en modo oculto<\/b><b><\/b><\/p>\n<p class=\"p1\"><span class=\"s1\">\u2705<\/span><b> Soporte y actualizaciones de por vida<\/b><\/p>\n<\/div>\n<\/div>\n<\/div>\n<\/div>\n<\/div>\n<\/div>\n<\/div>\n<\/div>\n","protected":false},"featured_media":671,"comment_status":"open","ping_status":"closed","template":"","meta":[],"product_brand":[],"product_cat":[853],"product_tag":[],"class_list":{"0":"post-9633","1":"product","2":"type-product","3":"status-publish","4":"has-post-thumbnail","6":"product_cat-audi","8":"first","9":"instock","10":"taxable","11":"shipping-taxable","12":"purchasable","13":"product-type-variable"},"yoast_head":"<!-- This site is optimized with the Yoast SEO plugin v27.5 - https:\/\/yoast.com\/product\/yoast-seo-wordpress\/ -->\n<title>Audi E-tron GE GT FW Mileage Blocker (KM stopper) \u2192 KM Block<\/title>\n<meta name=\"description\" content=\"Buy a Audi E-tron GE GT FW Mileage Blocker for the Best Prices \u2713 Free Shipping \u2713 Incl. Installation Guides\" \/>\n<meta name=\"robots\" content=\"index, follow, max-snippet:-1, max-image-preview:large, max-video-preview:-1\" \/>\n<meta property=\"og:locale\" content=\"es_ES\" \/>\n<meta property=\"og:type\" content=\"article\" \/>\n<meta property=\"og:title\" content=\"Audi E-tron GE GT FW Mileage Blocker (KM stopper) \u2192 KM Block\" \/>\n<meta property=\"og:description\" content=\"Buy a Audi E-tron GE GT FW Mileage Blocker for the Best Prices \u2713 Free Shipping \u2713 Incl. Installation Guides\" \/>\n<meta property=\"og:url\" content=\"https:\/\/kmblock.com\/es\/product\/audi-e-tron-ge-gt-fw\/\" \/>\n<meta property=\"og:site_name\" content=\"KM Block\" \/>\n<meta property=\"og:image\" content=\"https:\/\/kmblock.com\/wp-content\/uploads\/2024\/09\/Audi-E-tron-GE-GT-FW.webp\" \/>\n\t<meta property=\"og:image:width\" content=\"800\" \/>\n\t<meta property=\"og:image:height\" content=\"800\" \/>\n\t<meta property=\"og:image:type\" content=\"image\/webp\" \/>\n<meta name=\"twitter:card\" content=\"summary_large_image\" \/>\n<meta name=\"twitter:label1\" content=\"Tiempo de lectura\" \/>\n\t<meta name=\"twitter:data1\" content=\"3 minutos\" \/>\n<script type=\"application\/ld+json\" class=\"yoast-schema-graph\">{\"@context\":\"https:\\\/\\\/schema.org\",\"@graph\":[{\"@type\":\"WebPage\",\"@id\":\"https:\\\/\\\/kmblock.com\\\/es\\\/product\\\/audi-e-tron-ge-gt-fw\\\/\",\"url\":\"https:\\\/\\\/kmblock.com\\\/es\\\/product\\\/audi-e-tron-ge-gt-fw\\\/\",\"name\":\"Audi E-tron GE GT FW Mileage Blocker (KM stopper) \u2192 KM Block\",\"isPartOf\":{\"@id\":\"https:\\\/\\\/kmblock.com\\\/es\\\/#website\"},\"primaryImageOfPage\":{\"@id\":\"https:\\\/\\\/kmblock.com\\\/es\\\/product\\\/audi-e-tron-ge-gt-fw\\\/#primaryimage\"},\"image\":{\"@id\":\"https:\\\/\\\/kmblock.com\\\/es\\\/product\\\/audi-e-tron-ge-gt-fw\\\/#primaryimage\"},\"thumbnailUrl\":\"https:\\\/\\\/kmblock.com\\\/wp-content\\\/uploads\\\/2024\\\/09\\\/Audi-E-tron-GE-GT-FW.webp\",\"datePublished\":\"2024-09-17T23:48:25+00:00\",\"description\":\"Buy a Audi E-tron GE GT FW Mileage Blocker for the Best Prices \u2713 Free Shipping \u2713 Incl. Installation Guides\",\"breadcrumb\":{\"@id\":\"https:\\\/\\\/kmblock.com\\\/es\\\/product\\\/audi-e-tron-ge-gt-fw\\\/#breadcrumb\"},\"inLanguage\":\"es\",\"potentialAction\":[{\"@type\":\"ReadAction\",\"target\":[\"https:\\\/\\\/kmblock.com\\\/es\\\/product\\\/audi-e-tron-ge-gt-fw\\\/\"]}]},{\"@type\":\"ImageObject\",\"inLanguage\":\"es\",\"@id\":\"https:\\\/\\\/kmblock.com\\\/es\\\/product\\\/audi-e-tron-ge-gt-fw\\\/#primaryimage\",\"url\":\"https:\\\/\\\/kmblock.com\\\/wp-content\\\/uploads\\\/2024\\\/09\\\/Audi-E-tron-GE-GT-FW.webp\",\"contentUrl\":\"https:\\\/\\\/kmblock.com\\\/wp-content\\\/uploads\\\/2024\\\/09\\\/Audi-E-tron-GE-GT-FW.webp\",\"width\":800,\"height\":800,\"caption\":\"Audi E-tron GE GT FW\"},{\"@type\":\"BreadcrumbList\",\"@id\":\"https:\\\/\\\/kmblock.com\\\/es\\\/product\\\/audi-e-tron-ge-gt-fw\\\/#breadcrumb\",\"itemListElement\":[{\"@type\":\"ListItem\",\"position\":1,\"name\":\"Inicio\",\"item\":\"https:\\\/\\\/kmblock.com\\\/es\\\/\"},{\"@type\":\"ListItem\",\"position\":2,\"name\":\"Productos\",\"item\":\"https:\\\/\\\/kmblock.com\\\/es\\\/shop\\\/\"},{\"@type\":\"ListItem\",\"position\":3,\"name\":\"Audi E-tron GE GT FW\"}]},{\"@type\":\"WebSite\",\"@id\":\"https:\\\/\\\/kmblock.com\\\/es\\\/#website\",\"url\":\"https:\\\/\\\/kmblock.com\\\/es\\\/\",\"name\":\"KM Block\",\"description\":\"\",\"publisher\":{\"@id\":\"https:\\\/\\\/kmblock.com\\\/es\\\/#organization\"},\"potentialAction\":[{\"@type\":\"SearchAction\",\"target\":{\"@type\":\"EntryPoint\",\"urlTemplate\":\"https:\\\/\\\/kmblock.com\\\/es\\\/?s={search_term_string}\"},\"query-input\":{\"@type\":\"PropertyValueSpecification\",\"valueRequired\":true,\"valueName\":\"search_term_string\"}}],\"inLanguage\":\"es\"},{\"@type\":\"Organization\",\"@id\":\"https:\\\/\\\/kmblock.com\\\/es\\\/#organization\",\"name\":\"Bloque KM\",\"url\":\"https:\\\/\\\/kmblock.com\\\/es\\\/\",\"logo\":{\"@type\":\"ImageObject\",\"inLanguage\":\"es\",\"@id\":\"https:\\\/\\\/kmblock.com\\\/es\\\/#\\\/schema\\\/logo\\\/image\\\/\",\"url\":\"https:\\\/\\\/kmblock.com\\\/wp-content\\\/uploads\\\/2024\\\/08\\\/main-logo.png\",\"contentUrl\":\"https:\\\/\\\/kmblock.com\\\/wp-content\\\/uploads\\\/2024\\\/08\\\/main-logo.png\",\"width\":186,\"height\":28,\"caption\":\"Bloque KM\"},\"image\":{\"@id\":\"https:\\\/\\\/kmblock.com\\\/es\\\/#\\\/schema\\\/logo\\\/image\\\/\"}}]}<\/script>\n<!-- \/ Yoast SEO plugin. -->","yoast_head_json":{"title":"Audi E-tron GE GT FW Mileage Blocker (KM stopper) \u2192 KM Block","description":"Buy a Audi E-tron GE GT FW Mileage Blocker for the Best Prices \u2713 Free Shipping \u2713 Incl. Installation Guides","robots":{"index":"index","follow":"follow","max-snippet":"max-snippet:-1","max-image-preview":"max-image-preview:large","max-video-preview":"max-video-preview:-1"},"og_locale":"es_ES","og_type":"article","og_title":"Audi E-tron GE GT FW Mileage Blocker (KM stopper) \u2192 KM Block","og_description":"Buy a Audi E-tron GE GT FW Mileage Blocker for the Best Prices \u2713 Free Shipping \u2713 Incl. Installation Guides","og_url":"https:\/\/kmblock.com\/es\/product\/audi-e-tron-ge-gt-fw\/","og_site_name":"KM Block","og_image":[{"width":800,"height":800,"url":"https:\/\/kmblock.com\/wp-content\/uploads\/2024\/09\/Audi-E-tron-GE-GT-FW.webp","type":"image\/webp"}],"twitter_card":"summary_large_image","twitter_misc":{"Tiempo de lectura":"3 minutos"},"schema":{"@context":"https:\/\/schema.org","@graph":[{"@type":"WebPage","@id":"https:\/\/kmblock.com\/es\/product\/audi-e-tron-ge-gt-fw\/","url":"https:\/\/kmblock.com\/es\/product\/audi-e-tron-ge-gt-fw\/","name":"Audi E-tron GE GT FW Mileage Blocker (KM stopper) \u2192 KM Block","isPartOf":{"@id":"https:\/\/kmblock.com\/es\/#website"},"primaryImageOfPage":{"@id":"https:\/\/kmblock.com\/es\/product\/audi-e-tron-ge-gt-fw\/#primaryimage"},"image":{"@id":"https:\/\/kmblock.com\/es\/product\/audi-e-tron-ge-gt-fw\/#primaryimage"},"thumbnailUrl":"https:\/\/kmblock.com\/wp-content\/uploads\/2024\/09\/Audi-E-tron-GE-GT-FW.webp","datePublished":"2024-09-17T23:48:25+00:00","description":"Buy a Audi E-tron GE GT FW Mileage Blocker for the Best Prices \u2713 Free Shipping \u2713 Incl. Installation Guides","breadcrumb":{"@id":"https:\/\/kmblock.com\/es\/product\/audi-e-tron-ge-gt-fw\/#breadcrumb"},"inLanguage":"es","potentialAction":[{"@type":"ReadAction","target":["https:\/\/kmblock.com\/es\/product\/audi-e-tron-ge-gt-fw\/"]}]},{"@type":"ImageObject","inLanguage":"es","@id":"https:\/\/kmblock.com\/es\/product\/audi-e-tron-ge-gt-fw\/#primaryimage","url":"https:\/\/kmblock.com\/wp-content\/uploads\/2024\/09\/Audi-E-tron-GE-GT-FW.webp","contentUrl":"https:\/\/kmblock.com\/wp-content\/uploads\/2024\/09\/Audi-E-tron-GE-GT-FW.webp","width":800,"height":800,"caption":"Audi E-tron GE GT FW"},{"@type":"BreadcrumbList","@id":"https:\/\/kmblock.com\/es\/product\/audi-e-tron-ge-gt-fw\/#breadcrumb","itemListElement":[{"@type":"ListItem","position":1,"name":"Inicio","item":"https:\/\/kmblock.com\/es\/"},{"@type":"ListItem","position":2,"name":"Productos","item":"https:\/\/kmblock.com\/es\/shop\/"},{"@type":"ListItem","position":3,"name":"Audi E-tron GE GT FW"}]},{"@type":"WebSite","@id":"https:\/\/kmblock.com\/es\/#website","url":"https:\/\/kmblock.com\/es\/","name":"KM Block","description":"","publisher":{"@id":"https:\/\/kmblock.com\/es\/#organization"},"potentialAction":[{"@type":"SearchAction","target":{"@type":"EntryPoint","urlTemplate":"https:\/\/kmblock.com\/es\/?s={search_term_string}"},"query-input":{"@type":"PropertyValueSpecification","valueRequired":true,"valueName":"search_term_string"}}],"inLanguage":"es"},{"@type":"Organization","@id":"https:\/\/kmblock.com\/es\/#organization","name":"Bloque KM","url":"https:\/\/kmblock.com\/es\/","logo":{"@type":"ImageObject","inLanguage":"es","@id":"https:\/\/kmblock.com\/es\/#\/schema\/logo\/image\/","url":"https:\/\/kmblock.com\/wp-content\/uploads\/2024\/08\/main-logo.png","contentUrl":"https:\/\/kmblock.com\/wp-content\/uploads\/2024\/08\/main-logo.png","width":186,"height":28,"caption":"Bloque KM"},"image":{"@id":"https:\/\/kmblock.com\/es\/#\/schema\/logo\/image\/"}}]}},"_links":{"self":[{"href":"https:\/\/kmblock.com\/es\/wp-json\/wp\/v2\/product\/9633","targetHints":{"allow":["GET"]}}],"collection":[{"href":"https:\/\/kmblock.com\/es\/wp-json\/wp\/v2\/product"}],"about":[{"href":"https:\/\/kmblock.com\/es\/wp-json\/wp\/v2\/types\/product"}],"replies":[{"embeddable":true,"href":"https:\/\/kmblock.com\/es\/wp-json\/wp\/v2\/comments?post=9633"}],"wp:featuredmedia":[{"embeddable":true,"href":"https:\/\/kmblock.com\/es\/wp-json\/wp\/v2\/media\/671"}],"wp:attachment":[{"href":"https:\/\/kmblock.com\/es\/wp-json\/wp\/v2\/media?parent=9633"}],"wp:term":[{"taxonomy":"product_brand","embeddable":true,"href":"https:\/\/kmblock.com\/es\/wp-json\/wp\/v2\/product_brand?post=9633"},{"taxonomy":"product_cat","embeddable":true,"href":"https:\/\/kmblock.com\/es\/wp-json\/wp\/v2\/product_cat?post=9633"},{"taxonomy":"product_tag","embeddable":true,"href":"https:\/\/kmblock.com\/es\/wp-json\/wp\/v2\/product_tag?post=9633"}],"curies":[{"name":"wp","href":"https:\/\/api.w.org\/{rel}","templated":true}]}}