{"id":9632,"date":"2024-09-17T22:15:44","date_gmt":"2024-09-17T22:15:44","guid":{"rendered":"https:\/\/kmblock.com\/product\/audi-a8-s8-rs8-d5\/"},"modified":"2024-09-17T22:15:44","modified_gmt":"2024-09-17T22:15:44","slug":"audi-a8-s8-rs8-d5","status":"publish","type":"product","link":"https:\/\/kmblock.com\/es\/product\/audi-a8-s8-rs8-d5\/","title":{"rendered":"Audi A8\/S8\/RS8\/D5"},"content":{"rendered":"<div class=\"flex max-w-full flex-col flex-grow\">\n<div class=\"min-h-[20px] text-message flex w-full flex-col items-end gap-2 whitespace-normal break-words [.text-message+&amp;]:mt-5\" dir=\"auto\" data-message-author-role=\"assistant\" data-message-id=\"765a5d77-1b34-437a-a971-026f3a7fac57\">\n<div class=\"flex w-full flex-col gap-1 empty:hidden first:pt-[3px]\">\n<div class=\"markdown prose w-full break-words dark:prose-invert dark\">\n<h3><strong>Bloqueador de kilometraje para Audi A8\/S8\/RS8 &#8211; D5<\/strong><\/h3>\n<p>El bloqueador de cuentakil\u00f3metros Audi A8\/S8\/RS8 &#8211; D5, tambi\u00e9n conocido como bloqueador de cuentakil\u00f3metros, bloqueador de cuentakil\u00f3metros, bloqueador de latas, bloqueador de cuentakil\u00f3metros, cuentakil\u00f3metros parcial, filtro de latas o herramienta de correcci\u00f3n de cuentakil\u00f3metros, est\u00e1 dise\u00f1ado para todos los modelos Audi A8\/S8\/RS8\/D5 comercializados desde 2017.<\/p>\n<h3><strong>Especificaciones:<\/strong><\/h3>\n<ul>\n<li><strong>Instalaci\u00f3n sin fisuras:<\/strong> La cara de acoplamiento y los rebordes del conector garantizan una instalaci\u00f3n sencilla.<\/li>\n<li><strong>Componentes de alta calidad:<\/strong> Incluye enchufes de primera calidad y cables resistentes al calor.<\/li>\n<li><strong>Rendimiento estable:<\/strong> La lectura del kilometraje no aumentar\u00e1 despu\u00e9s de retirarlo.<\/li>\n<li><strong>Activaci\u00f3n:<\/strong> Se activa pulsando un bot\u00f3n en el volante.<\/li>\n<li><strong>Indetectables:<\/strong> Los comprobadores de diagn\u00f3stico no detectan los cambios de kilometraje.<\/li>\n<li><strong>Configuraciones persistentes:<\/strong> Una vez establecidas, las configuraciones se guardan permanentemente.<\/li>\n<li><strong>Funcionalidad:<\/strong> El veloc\u00edmetro y otros sistemas de asistencia funcionan perfectamente.<\/li>\n<li><strong>DIY Friendly:<\/strong> Instalaci\u00f3n sencilla sin necesidad de profundos conocimientos sobre veh\u00edculos.<\/li>\n<li><strong>No necesita modificaciones:<\/strong> No es necesario soldar ni cortar cables.<\/li>\n<li><strong>No hay mensajes de error:<\/strong> No hay errores en el veloc\u00edmetro ni en el panel de navegaci\u00f3n.<\/li>\n<li><strong>M\u00faltiples modos:<\/strong> Ofrece varios modos de funcionamiento.<\/li>\n<li><strong>Luz del motor:<\/strong> Activar el dispositivo podr\u00eda disparar la luz de control del motor en los modelos de finales de 2020.<\/li>\n<li><strong>Desviaci\u00f3n del kilometraje:<\/strong> Para el modo que altera completamente el kilometraje, se permite una desviaci\u00f3n de hasta el 1%. Las lecturas de kilometraje son aproximadas y pueden tener peque\u00f1as variaciones. <\/li>\n<li><strong>Aviso importante de actualizaci\u00f3n:<\/strong> Las actualizaciones recientes del fabricante pueden requerir m\u00e9todos de activaci\u00f3n diferentes. En este caso, s\u00f3lo funcionar\u00e1n los modos 3 (parada completa) y 4 (cuenta atr\u00e1s completa). La activaci\u00f3n requiere apagar completamente el veh\u00edculo cinco veces seguidas. Se proporcionar\u00e1 un PDF con instrucciones detalladas despu\u00e9s de la compra.   <\/li>\n<\/ul>\n<h3><strong>Activaci\u00f3n y desactivaci\u00f3n:<\/strong><\/h3>\n<p>\u00bb Accionar con el bot\u00f3n \u00abok\u00bb del manillar. Mantenlo pulsado hasta que el intermitente empiece a parpadear. <\/p>\n<p><strong>Modo 1:<\/strong> 1 parpadeo izquierdo 20%<strong>.<\/strong><br \/>\n<strong>Modo 2:<\/strong> 2 parpadeos a la izquierda 10%<strong>.<\/strong><br \/>\n<strong>Modo 3:<\/strong> 3 parpadeos a la izquierda 0<br \/>\n<strong>Modo 4:<\/strong> 1 parpadeo derecho 100<\/p>\n<p>Para el modo 3: 0 por ciento tienes que activar el modo, luego apagar el coche y bloquearlo durante 2 min y despu\u00e9s arrancar y conducir\u00bb.<\/p>\n<h3><strong>\u00bfQu\u00e9 es el bloqueador de cuentakil\u00f3metros o herramienta de correcci\u00f3n de kilometraje Audi A8, S8, RS8, D5?<\/strong><\/h3>\n<p>El bloqueador de kilometraje\/bloqueador de cuentakil\u00f3metros se utiliza para evitar que se registre kilometraje adicional durante las pruebas de rendimiento. En KM Block, ofrecemos m\u00f3dulos de alta calidad con componentes originales. Tanto si tu cuentakil\u00f3metros mide en millas como en kil\u00f3metros, nuestro dispositivo funcionar\u00e1 eficazmente. Nuestro software est\u00e1 adaptado a cada marca y modelo para garantizar un rendimiento \u00f3ptimo.   <\/p>\n<p>Ten en cuenta que no vendemos herramientas de correcci\u00f3n del kilometraje con fines enga\u00f1osos, como restablecer las cifras de kilometraje. Estas herramientas se utilizan a menudo para hacer retroceder el kilometraje, pero son ineficaces en todas las unidades de almacenamiento de datos del veh\u00edculo. <\/p>\n<p>Ofrecemos una gama de dispositivos de detenci\u00f3n de kilometraje adecuados para varios veh\u00edculos, con un proceso de instalaci\u00f3n sencillo que no requiere conocimientos especializados del veh\u00edculo. Basta con conectarlo entre el puerto del veloc\u00edmetro y el cuadro de instrumentos, y utilizar combinaciones de teclas preestablecidas para cambiar de modo. <\/p>\n<p>La herramienta Bloqueador de Kilometraje es compatible con coches di\u00e9sel, gasolina, veh\u00edculos el\u00e9ctricos h\u00edbridos enchufables (PHEV) y el\u00e9ctricos, lo que la convierte en un dispositivo excepcional para realizar pruebas de rendimiento controladas.<\/p>\n<\/div>\n<\/div>\n<\/div>\n<\/div>\n","protected":false},"excerpt":{"rendered":"<div class=\"flex-shrink-0 flex flex-col relative items-end\">\n<div class=\"pt-0\">\n<div class=\"gizmo-bot-avatar flex h-8 w-8 items-center justify-center overflow-hidden rounded-full\">\n<div class=\"relative p-1 rounded-sm flex items-center justify-center bg-token-main-surface-primary text-token-text-primary h-8 w-8\">\n<p>Antes de hacer tu pedido, revisa la siguiente informaci\u00f3n importante sobre la activaci\u00f3n del m\u00f3dulo, los mensajes de error y la funcionalidad del aparato:<\/p>\n<p><strong>ESTE DISPOSITIVO ES APTO PARA TODOS LOS MODELOS AUDI A6\/S6\/RS6\/C8 LANZADOS DESDE 2018.  <\/strong>Dise\u00f1ado para que lo instales f\u00e1cilmente t\u00fa mismo. No requiere conocimientos especializados del veh\u00edculo. El veloc\u00edmetro y todos los programas de asistencia funcionar\u00e1n perfectamente con este dispositivo. Disponible con o sin aplicaci\u00f3n, y para conectores de 18 \u00f3 32 patillas.   <\/p>\n<p class=\"p1\"><b> \u2705 Integraci\u00f3n perfecta<\/b><b><\/b><\/p>\n<p class=\"p1\">\u2705<b> F\u00e1cil instalaci\u00f3n<\/b><b><\/b><\/p>\n<p class=\"p1\">\u2705<b> Gesti\u00f3n precisa del kilometraje<\/b><b><\/b><\/p>\n<p class=\"p1\"><b> \u2705 Funcionamiento en modo oculto<\/b><b><\/b><\/p>\n<p class=\"p1\"><span class=\"s1\">\u2705<\/span><b> Soporte y actualizaciones de por vida<\/b><\/p>\n<\/div>\n<\/div>\n<\/div>\n<\/div>\n","protected":false},"featured_media":669,"comment_status":"open","ping_status":"closed","template":"","meta":[],"product_brand":[],"product_cat":[853],"product_tag":[],"class_list":{"0":"post-9632","1":"product","2":"type-product","3":"status-publish","4":"has-post-thumbnail","6":"product_cat-audi","8":"first","9":"instock","10":"taxable","11":"shipping-taxable","12":"purchasable","13":"product-type-variable"},"yoast_head":"<!-- This site is optimized with the Yoast SEO plugin v27.5 - https:\/\/yoast.com\/product\/yoast-seo-wordpress\/ -->\n<title>Audi A8\/S8\/RS8\/D5 Mileage Blocker (KM stopper) \u2192 KM Block<\/title>\n<meta name=\"description\" content=\"Buy a Audi A8\/S8\/RS8\/D5 Mileage Blocker for the Best Prices \u2713 Free Shipping \u2713 Incl. Installation Guides\" \/>\n<meta name=\"robots\" content=\"index, follow, max-snippet:-1, max-image-preview:large, max-video-preview:-1\" \/>\n<meta property=\"og:locale\" content=\"es_ES\" \/>\n<meta property=\"og:type\" content=\"article\" \/>\n<meta property=\"og:title\" content=\"Audi A8\/S8\/RS8\/D5 Mileage Blocker (KM stopper) \u2192 KM Block\" \/>\n<meta property=\"og:description\" content=\"Buy a Audi A8\/S8\/RS8\/D5 Mileage Blocker for the Best Prices \u2713 Free Shipping \u2713 Incl. Installation Guides\" \/>\n<meta property=\"og:url\" content=\"https:\/\/kmblock.com\/es\/product\/audi-a8-s8-rs8-d5\/\" \/>\n<meta property=\"og:site_name\" content=\"KM Block\" \/>\n<meta property=\"og:image\" content=\"https:\/\/kmblock.com\/wp-content\/uploads\/2024\/09\/Audi-A8S8RS8D4-1.jpg\" \/>\n\t<meta property=\"og:image:width\" content=\"800\" \/>\n\t<meta property=\"og:image:height\" content=\"800\" \/>\n\t<meta property=\"og:image:type\" content=\"image\/jpeg\" \/>\n<meta name=\"twitter:card\" content=\"summary_large_image\" \/>\n<meta name=\"twitter:label1\" content=\"Tiempo de lectura\" \/>\n\t<meta name=\"twitter:data1\" content=\"3 minutos\" \/>\n<script type=\"application\/ld+json\" class=\"yoast-schema-graph\">{\"@context\":\"https:\\\/\\\/schema.org\",\"@graph\":[{\"@type\":\"WebPage\",\"@id\":\"https:\\\/\\\/kmblock.com\\\/es\\\/product\\\/audi-a8-s8-rs8-d5\\\/\",\"url\":\"https:\\\/\\\/kmblock.com\\\/es\\\/product\\\/audi-a8-s8-rs8-d5\\\/\",\"name\":\"Audi A8\\\/S8\\\/RS8\\\/D5 Mileage Blocker (KM stopper) \u2192 KM Block\",\"isPartOf\":{\"@id\":\"https:\\\/\\\/kmblock.com\\\/es\\\/#website\"},\"primaryImageOfPage\":{\"@id\":\"https:\\\/\\\/kmblock.com\\\/es\\\/product\\\/audi-a8-s8-rs8-d5\\\/#primaryimage\"},\"image\":{\"@id\":\"https:\\\/\\\/kmblock.com\\\/es\\\/product\\\/audi-a8-s8-rs8-d5\\\/#primaryimage\"},\"thumbnailUrl\":\"https:\\\/\\\/kmblock.com\\\/wp-content\\\/uploads\\\/2024\\\/09\\\/Audi-A8S8RS8D4-1.jpg\",\"datePublished\":\"2024-09-17T22:15:44+00:00\",\"description\":\"Buy a Audi A8\\\/S8\\\/RS8\\\/D5 Mileage Blocker for the Best Prices \u2713 Free Shipping \u2713 Incl. Installation Guides\",\"breadcrumb\":{\"@id\":\"https:\\\/\\\/kmblock.com\\\/es\\\/product\\\/audi-a8-s8-rs8-d5\\\/#breadcrumb\"},\"inLanguage\":\"es\",\"potentialAction\":[{\"@type\":\"ReadAction\",\"target\":[\"https:\\\/\\\/kmblock.com\\\/es\\\/product\\\/audi-a8-s8-rs8-d5\\\/\"]}]},{\"@type\":\"ImageObject\",\"inLanguage\":\"es\",\"@id\":\"https:\\\/\\\/kmblock.com\\\/es\\\/product\\\/audi-a8-s8-rs8-d5\\\/#primaryimage\",\"url\":\"https:\\\/\\\/kmblock.com\\\/wp-content\\\/uploads\\\/2024\\\/09\\\/Audi-A8S8RS8D4-1.jpg\",\"contentUrl\":\"https:\\\/\\\/kmblock.com\\\/wp-content\\\/uploads\\\/2024\\\/09\\\/Audi-A8S8RS8D4-1.jpg\",\"width\":800,\"height\":800,\"caption\":\"Audi A8\\\/S8\\\/RS8\\\/D5\"},{\"@type\":\"BreadcrumbList\",\"@id\":\"https:\\\/\\\/kmblock.com\\\/es\\\/product\\\/audi-a8-s8-rs8-d5\\\/#breadcrumb\",\"itemListElement\":[{\"@type\":\"ListItem\",\"position\":1,\"name\":\"Inicio\",\"item\":\"https:\\\/\\\/kmblock.com\\\/es\\\/\"},{\"@type\":\"ListItem\",\"position\":2,\"name\":\"Productos\",\"item\":\"https:\\\/\\\/kmblock.com\\\/es\\\/shop\\\/\"},{\"@type\":\"ListItem\",\"position\":3,\"name\":\"Audi A8\\\/S8\\\/RS8\\\/D5\"}]},{\"@type\":\"WebSite\",\"@id\":\"https:\\\/\\\/kmblock.com\\\/es\\\/#website\",\"url\":\"https:\\\/\\\/kmblock.com\\\/es\\\/\",\"name\":\"KM Block\",\"description\":\"\",\"publisher\":{\"@id\":\"https:\\\/\\\/kmblock.com\\\/es\\\/#organization\"},\"potentialAction\":[{\"@type\":\"SearchAction\",\"target\":{\"@type\":\"EntryPoint\",\"urlTemplate\":\"https:\\\/\\\/kmblock.com\\\/es\\\/?s={search_term_string}\"},\"query-input\":{\"@type\":\"PropertyValueSpecification\",\"valueRequired\":true,\"valueName\":\"search_term_string\"}}],\"inLanguage\":\"es\"},{\"@type\":\"Organization\",\"@id\":\"https:\\\/\\\/kmblock.com\\\/es\\\/#organization\",\"name\":\"Bloque KM\",\"url\":\"https:\\\/\\\/kmblock.com\\\/es\\\/\",\"logo\":{\"@type\":\"ImageObject\",\"inLanguage\":\"es\",\"@id\":\"https:\\\/\\\/kmblock.com\\\/es\\\/#\\\/schema\\\/logo\\\/image\\\/\",\"url\":\"https:\\\/\\\/kmblock.com\\\/wp-content\\\/uploads\\\/2024\\\/08\\\/main-logo.png\",\"contentUrl\":\"https:\\\/\\\/kmblock.com\\\/wp-content\\\/uploads\\\/2024\\\/08\\\/main-logo.png\",\"width\":186,\"height\":28,\"caption\":\"Bloque KM\"},\"image\":{\"@id\":\"https:\\\/\\\/kmblock.com\\\/es\\\/#\\\/schema\\\/logo\\\/image\\\/\"}}]}<\/script>\n<!-- \/ Yoast SEO plugin. -->","yoast_head_json":{"title":"Audi A8\/S8\/RS8\/D5 Mileage Blocker (KM stopper) \u2192 KM Block","description":"Buy a Audi A8\/S8\/RS8\/D5 Mileage Blocker for the Best Prices \u2713 Free Shipping \u2713 Incl. Installation Guides","robots":{"index":"index","follow":"follow","max-snippet":"max-snippet:-1","max-image-preview":"max-image-preview:large","max-video-preview":"max-video-preview:-1"},"og_locale":"es_ES","og_type":"article","og_title":"Audi A8\/S8\/RS8\/D5 Mileage Blocker (KM stopper) \u2192 KM Block","og_description":"Buy a Audi A8\/S8\/RS8\/D5 Mileage Blocker for the Best Prices \u2713 Free Shipping \u2713 Incl. Installation Guides","og_url":"https:\/\/kmblock.com\/es\/product\/audi-a8-s8-rs8-d5\/","og_site_name":"KM Block","og_image":[{"width":800,"height":800,"url":"https:\/\/kmblock.com\/wp-content\/uploads\/2024\/09\/Audi-A8S8RS8D4-1.jpg","type":"image\/jpeg"}],"twitter_card":"summary_large_image","twitter_misc":{"Tiempo de lectura":"3 minutos"},"schema":{"@context":"https:\/\/schema.org","@graph":[{"@type":"WebPage","@id":"https:\/\/kmblock.com\/es\/product\/audi-a8-s8-rs8-d5\/","url":"https:\/\/kmblock.com\/es\/product\/audi-a8-s8-rs8-d5\/","name":"Audi A8\/S8\/RS8\/D5 Mileage Blocker (KM stopper) \u2192 KM Block","isPartOf":{"@id":"https:\/\/kmblock.com\/es\/#website"},"primaryImageOfPage":{"@id":"https:\/\/kmblock.com\/es\/product\/audi-a8-s8-rs8-d5\/#primaryimage"},"image":{"@id":"https:\/\/kmblock.com\/es\/product\/audi-a8-s8-rs8-d5\/#primaryimage"},"thumbnailUrl":"https:\/\/kmblock.com\/wp-content\/uploads\/2024\/09\/Audi-A8S8RS8D4-1.jpg","datePublished":"2024-09-17T22:15:44+00:00","description":"Buy a Audi A8\/S8\/RS8\/D5 Mileage Blocker for the Best Prices \u2713 Free Shipping \u2713 Incl. Installation Guides","breadcrumb":{"@id":"https:\/\/kmblock.com\/es\/product\/audi-a8-s8-rs8-d5\/#breadcrumb"},"inLanguage":"es","potentialAction":[{"@type":"ReadAction","target":["https:\/\/kmblock.com\/es\/product\/audi-a8-s8-rs8-d5\/"]}]},{"@type":"ImageObject","inLanguage":"es","@id":"https:\/\/kmblock.com\/es\/product\/audi-a8-s8-rs8-d5\/#primaryimage","url":"https:\/\/kmblock.com\/wp-content\/uploads\/2024\/09\/Audi-A8S8RS8D4-1.jpg","contentUrl":"https:\/\/kmblock.com\/wp-content\/uploads\/2024\/09\/Audi-A8S8RS8D4-1.jpg","width":800,"height":800,"caption":"Audi A8\/S8\/RS8\/D5"},{"@type":"BreadcrumbList","@id":"https:\/\/kmblock.com\/es\/product\/audi-a8-s8-rs8-d5\/#breadcrumb","itemListElement":[{"@type":"ListItem","position":1,"name":"Inicio","item":"https:\/\/kmblock.com\/es\/"},{"@type":"ListItem","position":2,"name":"Productos","item":"https:\/\/kmblock.com\/es\/shop\/"},{"@type":"ListItem","position":3,"name":"Audi A8\/S8\/RS8\/D5"}]},{"@type":"WebSite","@id":"https:\/\/kmblock.com\/es\/#website","url":"https:\/\/kmblock.com\/es\/","name":"KM Block","description":"","publisher":{"@id":"https:\/\/kmblock.com\/es\/#organization"},"potentialAction":[{"@type":"SearchAction","target":{"@type":"EntryPoint","urlTemplate":"https:\/\/kmblock.com\/es\/?s={search_term_string}"},"query-input":{"@type":"PropertyValueSpecification","valueRequired":true,"valueName":"search_term_string"}}],"inLanguage":"es"},{"@type":"Organization","@id":"https:\/\/kmblock.com\/es\/#organization","name":"Bloque KM","url":"https:\/\/kmblock.com\/es\/","logo":{"@type":"ImageObject","inLanguage":"es","@id":"https:\/\/kmblock.com\/es\/#\/schema\/logo\/image\/","url":"https:\/\/kmblock.com\/wp-content\/uploads\/2024\/08\/main-logo.png","contentUrl":"https:\/\/kmblock.com\/wp-content\/uploads\/2024\/08\/main-logo.png","width":186,"height":28,"caption":"Bloque KM"},"image":{"@id":"https:\/\/kmblock.com\/es\/#\/schema\/logo\/image\/"}}]}},"_links":{"self":[{"href":"https:\/\/kmblock.com\/es\/wp-json\/wp\/v2\/product\/9632","targetHints":{"allow":["GET"]}}],"collection":[{"href":"https:\/\/kmblock.com\/es\/wp-json\/wp\/v2\/product"}],"about":[{"href":"https:\/\/kmblock.com\/es\/wp-json\/wp\/v2\/types\/product"}],"replies":[{"embeddable":true,"href":"https:\/\/kmblock.com\/es\/wp-json\/wp\/v2\/comments?post=9632"}],"wp:featuredmedia":[{"embeddable":true,"href":"https:\/\/kmblock.com\/es\/wp-json\/wp\/v2\/media\/669"}],"wp:attachment":[{"href":"https:\/\/kmblock.com\/es\/wp-json\/wp\/v2\/media?parent=9632"}],"wp:term":[{"taxonomy":"product_brand","embeddable":true,"href":"https:\/\/kmblock.com\/es\/wp-json\/wp\/v2\/product_brand?post=9632"},{"taxonomy":"product_cat","embeddable":true,"href":"https:\/\/kmblock.com\/es\/wp-json\/wp\/v2\/product_cat?post=9632"},{"taxonomy":"product_tag","embeddable":true,"href":"https:\/\/kmblock.com\/es\/wp-json\/wp\/v2\/product_tag?post=9632"}],"curies":[{"name":"wp","href":"https:\/\/api.w.org\/{rel}","templated":true}]}}