{"id":9628,"date":"2024-09-17T21:51:38","date_gmt":"2024-09-17T21:51:38","guid":{"rendered":"https:\/\/kmblock.com\/product\/audi-a6-s6-rs6-c8\/"},"modified":"2025-11-26T01:41:42","modified_gmt":"2025-11-26T01:41:42","slug":"audi-a6-s6-rs6-c8","status":"publish","type":"product","link":"https:\/\/kmblock.com\/es\/product\/audi-a6-s6-rs6-c8\/","title":{"rendered":"Audi A6\/S6\/RS6\/C8"},"content":{"rendered":"<h3>BLOQUEADOR DE KILOMETRAJE PARA AUDI A6\/S6\/RS6 &#8211; C8<\/h3>\n<p>El <strong>bloqueador<\/strong> de cuentakil\u00f3metros para <strong>Audi A6\/S6\/RS6 &#8211; C8<\/strong> tambi\u00e9n se conoce como bloqueador de cuentakil\u00f3metros, bloqueador de cuentakil\u00f3metros, bloqueador de latas, bloqueador de cuentakil\u00f3metros, cuentakil\u00f3metros parcial, filtro de latas o, en algunos casos, herramienta de correcci\u00f3n de cuentakil\u00f3metros. Este dispositivo es adecuado para <strong>los modelos Audi A6\/S6\/RS6\/C8 lanzados desde 2018<\/strong>. <\/p>\n<h4>Especificaciones clave:<\/h4>\n<ul>\n<li><strong>Instalaci\u00f3n sencilla<\/strong>: Dise\u00f1ado para una f\u00e1cil instalaci\u00f3n de bricolaje, que no requiere soldar ni cortar cables.<\/li>\n<li><strong>Componentes de alta calidad<\/strong>: Los enchufes de primera calidad y los cables resistentes al calor garantizan la durabilidad.<\/li>\n<li><strong>Activaci\u00f3n desde el volante<\/strong>: Se activa pulsando un bot\u00f3n en el volante.<\/li>\n<li><strong>Indetectable por los diagnosticadores<\/strong>: El kilometraje alterado es indetectable por los aparatos de diagn\u00f3stico.<\/li>\n<li><strong>Funcionamiento impecable<\/strong>: El veloc\u00edmetro y otros sistemas de asistencia funcionan perfectamente sin ning\u00fan problema.<\/li>\n<li><strong>Ajustes conservados<\/strong>: Una vez seleccionados, los ajustes se guardan permanentemente.<\/li>\n<li><strong>No hay aumento espont\u00e1neo del kilometraje<\/strong>: Tras la retirada, el kilometraje no aumenta por s\u00ed solo.<\/li>\n<li><strong>Funcionamiento sin errores<\/strong>: No aparecen mensajes de error en el veloc\u00edmetro ni en el sistema de navegaci\u00f3n.<\/li>\n<\/ul>\n<h4>Notas importantes:<\/h4>\n<ul>\n<li>Si tu veh\u00edculo ha recibido una actualizaci\u00f3n reciente del fabricante, s\u00f3lo funcionar\u00e1n los <strong>modos 3 (parada total)<\/strong> y <strong>4 (cuenta atr\u00e1s total)<\/strong>. Tendr\u00e1s que apagar el veh\u00edculo cinco veces seguidas para activar el m\u00f3dulo. Se proporciona una gu\u00eda detallada en PDF despu\u00e9s de la compra.  <\/li>\n<li>Tras activar el dispositivo en veh\u00edculos de finales de 2020, <strong>puede aparecer la luz de control del motor<\/strong>.<\/li>\n<\/ul>\n<h4>Activaci\u00f3n y desactivaci\u00f3n:<\/h4>\n<p>\u00bb Accionar con el bot\u00f3n \u00abok\u00bb del manillar. Mantenlo pulsado hasta que el intermitente empiece a parpadear. <\/p>\n<p><strong>Modo 1:<\/strong> 1 parpadeo izquierdo 20%<strong>.<\/strong><br \/>\n<strong>Modo 2:<\/strong> 2 parpadeos a la izquierda 10%<strong>.<\/strong><br \/>\n<strong>Modo 3:<\/strong> 3 parpadeos a la izquierda 0<br \/>\n<strong>Modo 4:<\/strong> 1 parpadeo derecho 100<\/p>\n<p>Para el modo 3: 0 por ciento tienes que activar el modo, luego apagar el coche y bloquearlo durante 2 min y despu\u00e9s arrancar y conducir\u00bb.<\/p>\n<h4>\u00bfQu\u00e9 es el Bloqueador de cuentakil\u00f3metros Audi A6, S6, RS6, C8?<\/h4>\n<p>El <strong>Bloqueador de kilometraje\/Bloqueador de cuentakil\u00f3metros Audi A6, S6, RS6, C8<\/strong> se utiliza para detener el registro de kilometraje mientras se comprueba el rendimiento del veh\u00edculo. Es compatible tanto con millas como con kil\u00f3metros, y funciona sin problemas en varios modelos. En <strong>KM<\/strong> Block, ofrecemos m\u00f3dulos de primer nivel con software dise\u00f1ado espec\u00edficamente para cada marca y modelo de veh\u00edculo.  <\/p>\n<p>Ten en cuenta que <strong>no vendemos herramientas de correcci\u00f3n del kilometraje<\/strong>, que suelen utilizarse con fines fraudulentos, como hacer retroceder las lecturas del cuentakil\u00f3metros. Estas herramientas no borran completamente el kilometraje, ya que los veh\u00edculos modernos tienen m\u00faltiples unidades de almacenamiento de datos. <\/p>\n<h4>Instalaci\u00f3n:<\/h4>\n<p>El proceso de instalaci\u00f3n es sencillo y uniforme en todos los modelos. Basta con conectar el m\u00f3dulo entre el puerto del veloc\u00edmetro y el cuadro de instrumentos. <strong>El Bloqueador de Kilometraje<\/strong> funciona tanto en motores di\u00e9sel como de gasolina, as\u00ed como en veh\u00edculos el\u00e9ctricos h\u00edbridos enchufables (PHEV) y coches el\u00e9ctricos.  <\/p>\n<p>Este dispositivo te permite probar el rendimiento de tu veh\u00edculo en un entorno controlado, ofreciendo un control preciso sobre el kilometraje registrado.<\/p>\n","protected":false},"excerpt":{"rendered":"<div class=\"flex-shrink-0 flex flex-col relative items-end\">\n<div class=\"pt-0\">\n<div class=\"gizmo-bot-avatar flex h-8 w-8 items-center justify-center overflow-hidden rounded-full\">\n<div class=\"relative p-1 rounded-sm flex items-center justify-center bg-token-main-surface-primary text-token-text-primary h-8 w-8\">\n<p>Antes de hacer tu pedido, revisa la siguiente informaci\u00f3n importante sobre la activaci\u00f3n del m\u00f3dulo, los mensajes de error y la funcionalidad del aparato:<\/p>\n<p><strong>ESTE DISPOSITIVO ES APTO PARA TODOS LOS MODELOS AUDI A6\/S6\/RS6\/C8 LANZADOS DESDE 2018.  <\/strong>Aseg\u00farate de verificar el tipo de conector: 18 patillas o 32 patillas antes de comprar. El dispositivo es f\u00e1cil de instalar sin necesidad de ayuda profesional. El veloc\u00edmetro y todos los programas de asistencia seguir\u00e1n funcionando perfectamente.  <\/p>\n<p class=\"p1\"><b> \u2705 Integraci\u00f3n perfecta<\/b><b><\/b><\/p>\n<p class=\"p1\">\u2705<b> F\u00e1cil instalaci\u00f3n<\/b><b><\/b><\/p>\n<p class=\"p1\">\u2705<b> Gesti\u00f3n precisa del kilometraje<\/b><b><\/b><\/p>\n<p class=\"p1\"><b> \u2705 Funcionamiento en modo oculto<\/b><b><\/b><\/p>\n<p class=\"p1\"><span class=\"s1\">\u2705<\/span><b> Soporte y actualizaciones de por vida<\/b><\/p>\n<\/div>\n<\/div>\n<\/div>\n<\/div>\n","protected":false},"featured_media":661,"comment_status":"open","ping_status":"closed","template":"","meta":[],"product_brand":[],"product_cat":[853],"product_tag":[],"class_list":{"0":"post-9628","1":"product","2":"type-product","3":"status-publish","4":"has-post-thumbnail","6":"product_cat-audi","8":"first","9":"instock","10":"taxable","11":"shipping-taxable","12":"purchasable","13":"product-type-variable"},"yoast_head":"<!-- This site is optimized with the Yoast SEO plugin v27.5 - https:\/\/yoast.com\/product\/yoast-seo-wordpress\/ -->\n<title>Audi A6\/S6\/RS6\/C8 Mileage Blocker (KM stopper) \u2192 KM Block<\/title>\n<meta name=\"description\" content=\"Buy a Audi A6\/S6\/RS6\/C8 Mileage Blocker for the Best Prices \u2713 Free Shipping \u2713 Incl. Installation Guides\" \/>\n<meta name=\"robots\" content=\"index, follow, max-snippet:-1, max-image-preview:large, max-video-preview:-1\" \/>\n<meta property=\"og:locale\" content=\"es_ES\" \/>\n<meta property=\"og:type\" content=\"article\" \/>\n<meta property=\"og:title\" content=\"Audi A6\/S6\/RS6\/C8 Mileage Blocker (KM stopper) \u2192 KM Block\" \/>\n<meta property=\"og:description\" content=\"Buy a Audi A6\/S6\/RS6\/C8 Mileage Blocker for the Best Prices \u2713 Free Shipping \u2713 Incl. Installation Guides\" \/>\n<meta property=\"og:url\" content=\"https:\/\/kmblock.com\/es\/product\/audi-a6-s6-rs6-c8\/\" \/>\n<meta property=\"og:site_name\" content=\"KM Block\" \/>\n<meta property=\"article:modified_time\" content=\"2025-11-26T01:41:42+00:00\" \/>\n<meta property=\"og:image\" content=\"https:\/\/kmblock.com\/wp-content\/uploads\/2024\/09\/Audi-A6S6RS6C8.jpg\" \/>\n\t<meta property=\"og:image:width\" content=\"800\" \/>\n\t<meta property=\"og:image:height\" content=\"800\" \/>\n\t<meta property=\"og:image:type\" content=\"image\/jpeg\" \/>\n<meta name=\"twitter:card\" content=\"summary_large_image\" \/>\n<meta name=\"twitter:label1\" content=\"Tiempo de lectura\" \/>\n\t<meta name=\"twitter:data1\" content=\"3 minutos\" \/>\n<script type=\"application\/ld+json\" class=\"yoast-schema-graph\">{\"@context\":\"https:\\\/\\\/schema.org\",\"@graph\":[{\"@type\":\"WebPage\",\"@id\":\"https:\\\/\\\/kmblock.com\\\/es\\\/product\\\/audi-a6-s6-rs6-c8\\\/\",\"url\":\"https:\\\/\\\/kmblock.com\\\/es\\\/product\\\/audi-a6-s6-rs6-c8\\\/\",\"name\":\"Audi A6\\\/S6\\\/RS6\\\/C8 Mileage Blocker (KM stopper) \u2192 KM Block\",\"isPartOf\":{\"@id\":\"https:\\\/\\\/kmblock.com\\\/es\\\/#website\"},\"primaryImageOfPage\":{\"@id\":\"https:\\\/\\\/kmblock.com\\\/es\\\/product\\\/audi-a6-s6-rs6-c8\\\/#primaryimage\"},\"image\":{\"@id\":\"https:\\\/\\\/kmblock.com\\\/es\\\/product\\\/audi-a6-s6-rs6-c8\\\/#primaryimage\"},\"thumbnailUrl\":\"https:\\\/\\\/kmblock.com\\\/wp-content\\\/uploads\\\/2024\\\/09\\\/Audi-A6S6RS6C8.jpg\",\"datePublished\":\"2024-09-17T21:51:38+00:00\",\"dateModified\":\"2025-11-26T01:41:42+00:00\",\"description\":\"Buy a Audi A6\\\/S6\\\/RS6\\\/C8 Mileage Blocker for the Best Prices \u2713 Free Shipping \u2713 Incl. Installation Guides\",\"breadcrumb\":{\"@id\":\"https:\\\/\\\/kmblock.com\\\/es\\\/product\\\/audi-a6-s6-rs6-c8\\\/#breadcrumb\"},\"inLanguage\":\"es\",\"potentialAction\":[{\"@type\":\"ReadAction\",\"target\":[\"https:\\\/\\\/kmblock.com\\\/es\\\/product\\\/audi-a6-s6-rs6-c8\\\/\"]}]},{\"@type\":\"ImageObject\",\"inLanguage\":\"es\",\"@id\":\"https:\\\/\\\/kmblock.com\\\/es\\\/product\\\/audi-a6-s6-rs6-c8\\\/#primaryimage\",\"url\":\"https:\\\/\\\/kmblock.com\\\/wp-content\\\/uploads\\\/2024\\\/09\\\/Audi-A6S6RS6C8.jpg\",\"contentUrl\":\"https:\\\/\\\/kmblock.com\\\/wp-content\\\/uploads\\\/2024\\\/09\\\/Audi-A6S6RS6C8.jpg\",\"width\":800,\"height\":800,\"caption\":\"Audi A6\\\/S6\\\/RS6\\\/C8\"},{\"@type\":\"BreadcrumbList\",\"@id\":\"https:\\\/\\\/kmblock.com\\\/es\\\/product\\\/audi-a6-s6-rs6-c8\\\/#breadcrumb\",\"itemListElement\":[{\"@type\":\"ListItem\",\"position\":1,\"name\":\"Inicio\",\"item\":\"https:\\\/\\\/kmblock.com\\\/es\\\/\"},{\"@type\":\"ListItem\",\"position\":2,\"name\":\"Productos\",\"item\":\"https:\\\/\\\/kmblock.com\\\/es\\\/shop\\\/\"},{\"@type\":\"ListItem\",\"position\":3,\"name\":\"Audi A6\\\/S6\\\/RS6\\\/C8\"}]},{\"@type\":\"WebSite\",\"@id\":\"https:\\\/\\\/kmblock.com\\\/es\\\/#website\",\"url\":\"https:\\\/\\\/kmblock.com\\\/es\\\/\",\"name\":\"KM Block\",\"description\":\"\",\"publisher\":{\"@id\":\"https:\\\/\\\/kmblock.com\\\/es\\\/#organization\"},\"potentialAction\":[{\"@type\":\"SearchAction\",\"target\":{\"@type\":\"EntryPoint\",\"urlTemplate\":\"https:\\\/\\\/kmblock.com\\\/es\\\/?s={search_term_string}\"},\"query-input\":{\"@type\":\"PropertyValueSpecification\",\"valueRequired\":true,\"valueName\":\"search_term_string\"}}],\"inLanguage\":\"es\"},{\"@type\":\"Organization\",\"@id\":\"https:\\\/\\\/kmblock.com\\\/es\\\/#organization\",\"name\":\"Bloque KM\",\"url\":\"https:\\\/\\\/kmblock.com\\\/es\\\/\",\"logo\":{\"@type\":\"ImageObject\",\"inLanguage\":\"es\",\"@id\":\"https:\\\/\\\/kmblock.com\\\/es\\\/#\\\/schema\\\/logo\\\/image\\\/\",\"url\":\"https:\\\/\\\/kmblock.com\\\/wp-content\\\/uploads\\\/2024\\\/08\\\/main-logo.png\",\"contentUrl\":\"https:\\\/\\\/kmblock.com\\\/wp-content\\\/uploads\\\/2024\\\/08\\\/main-logo.png\",\"width\":186,\"height\":28,\"caption\":\"Bloque KM\"},\"image\":{\"@id\":\"https:\\\/\\\/kmblock.com\\\/es\\\/#\\\/schema\\\/logo\\\/image\\\/\"}}]}<\/script>\n<!-- \/ Yoast SEO plugin. -->","yoast_head_json":{"title":"Audi A6\/S6\/RS6\/C8 Mileage Blocker (KM stopper) \u2192 KM Block","description":"Buy a Audi A6\/S6\/RS6\/C8 Mileage Blocker for the Best Prices \u2713 Free Shipping \u2713 Incl. Installation Guides","robots":{"index":"index","follow":"follow","max-snippet":"max-snippet:-1","max-image-preview":"max-image-preview:large","max-video-preview":"max-video-preview:-1"},"og_locale":"es_ES","og_type":"article","og_title":"Audi A6\/S6\/RS6\/C8 Mileage Blocker (KM stopper) \u2192 KM Block","og_description":"Buy a Audi A6\/S6\/RS6\/C8 Mileage Blocker for the Best Prices \u2713 Free Shipping \u2713 Incl. Installation Guides","og_url":"https:\/\/kmblock.com\/es\/product\/audi-a6-s6-rs6-c8\/","og_site_name":"KM Block","article_modified_time":"2025-11-26T01:41:42+00:00","og_image":[{"width":800,"height":800,"url":"https:\/\/kmblock.com\/wp-content\/uploads\/2024\/09\/Audi-A6S6RS6C8.jpg","type":"image\/jpeg"}],"twitter_card":"summary_large_image","twitter_misc":{"Tiempo de lectura":"3 minutos"},"schema":{"@context":"https:\/\/schema.org","@graph":[{"@type":"WebPage","@id":"https:\/\/kmblock.com\/es\/product\/audi-a6-s6-rs6-c8\/","url":"https:\/\/kmblock.com\/es\/product\/audi-a6-s6-rs6-c8\/","name":"Audi A6\/S6\/RS6\/C8 Mileage Blocker (KM stopper) \u2192 KM Block","isPartOf":{"@id":"https:\/\/kmblock.com\/es\/#website"},"primaryImageOfPage":{"@id":"https:\/\/kmblock.com\/es\/product\/audi-a6-s6-rs6-c8\/#primaryimage"},"image":{"@id":"https:\/\/kmblock.com\/es\/product\/audi-a6-s6-rs6-c8\/#primaryimage"},"thumbnailUrl":"https:\/\/kmblock.com\/wp-content\/uploads\/2024\/09\/Audi-A6S6RS6C8.jpg","datePublished":"2024-09-17T21:51:38+00:00","dateModified":"2025-11-26T01:41:42+00:00","description":"Buy a Audi A6\/S6\/RS6\/C8 Mileage Blocker for the Best Prices \u2713 Free Shipping \u2713 Incl. Installation Guides","breadcrumb":{"@id":"https:\/\/kmblock.com\/es\/product\/audi-a6-s6-rs6-c8\/#breadcrumb"},"inLanguage":"es","potentialAction":[{"@type":"ReadAction","target":["https:\/\/kmblock.com\/es\/product\/audi-a6-s6-rs6-c8\/"]}]},{"@type":"ImageObject","inLanguage":"es","@id":"https:\/\/kmblock.com\/es\/product\/audi-a6-s6-rs6-c8\/#primaryimage","url":"https:\/\/kmblock.com\/wp-content\/uploads\/2024\/09\/Audi-A6S6RS6C8.jpg","contentUrl":"https:\/\/kmblock.com\/wp-content\/uploads\/2024\/09\/Audi-A6S6RS6C8.jpg","width":800,"height":800,"caption":"Audi A6\/S6\/RS6\/C8"},{"@type":"BreadcrumbList","@id":"https:\/\/kmblock.com\/es\/product\/audi-a6-s6-rs6-c8\/#breadcrumb","itemListElement":[{"@type":"ListItem","position":1,"name":"Inicio","item":"https:\/\/kmblock.com\/es\/"},{"@type":"ListItem","position":2,"name":"Productos","item":"https:\/\/kmblock.com\/es\/shop\/"},{"@type":"ListItem","position":3,"name":"Audi A6\/S6\/RS6\/C8"}]},{"@type":"WebSite","@id":"https:\/\/kmblock.com\/es\/#website","url":"https:\/\/kmblock.com\/es\/","name":"KM Block","description":"","publisher":{"@id":"https:\/\/kmblock.com\/es\/#organization"},"potentialAction":[{"@type":"SearchAction","target":{"@type":"EntryPoint","urlTemplate":"https:\/\/kmblock.com\/es\/?s={search_term_string}"},"query-input":{"@type":"PropertyValueSpecification","valueRequired":true,"valueName":"search_term_string"}}],"inLanguage":"es"},{"@type":"Organization","@id":"https:\/\/kmblock.com\/es\/#organization","name":"Bloque KM","url":"https:\/\/kmblock.com\/es\/","logo":{"@type":"ImageObject","inLanguage":"es","@id":"https:\/\/kmblock.com\/es\/#\/schema\/logo\/image\/","url":"https:\/\/kmblock.com\/wp-content\/uploads\/2024\/08\/main-logo.png","contentUrl":"https:\/\/kmblock.com\/wp-content\/uploads\/2024\/08\/main-logo.png","width":186,"height":28,"caption":"Bloque KM"},"image":{"@id":"https:\/\/kmblock.com\/es\/#\/schema\/logo\/image\/"}}]}},"_links":{"self":[{"href":"https:\/\/kmblock.com\/es\/wp-json\/wp\/v2\/product\/9628","targetHints":{"allow":["GET"]}}],"collection":[{"href":"https:\/\/kmblock.com\/es\/wp-json\/wp\/v2\/product"}],"about":[{"href":"https:\/\/kmblock.com\/es\/wp-json\/wp\/v2\/types\/product"}],"replies":[{"embeddable":true,"href":"https:\/\/kmblock.com\/es\/wp-json\/wp\/v2\/comments?post=9628"}],"wp:featuredmedia":[{"embeddable":true,"href":"https:\/\/kmblock.com\/es\/wp-json\/wp\/v2\/media\/661"}],"wp:attachment":[{"href":"https:\/\/kmblock.com\/es\/wp-json\/wp\/v2\/media?parent=9628"}],"wp:term":[{"taxonomy":"product_brand","embeddable":true,"href":"https:\/\/kmblock.com\/es\/wp-json\/wp\/v2\/product_brand?post=9628"},{"taxonomy":"product_cat","embeddable":true,"href":"https:\/\/kmblock.com\/es\/wp-json\/wp\/v2\/product_cat?post=9628"},{"taxonomy":"product_tag","embeddable":true,"href":"https:\/\/kmblock.com\/es\/wp-json\/wp\/v2\/product_tag?post=9628"}],"curies":[{"name":"wp","href":"https:\/\/api.w.org\/{rel}","templated":true}]}}