{"id":9621,"date":"2024-09-17T21:55:34","date_gmt":"2024-09-17T21:55:34","guid":{"rendered":"https:\/\/kmblock.com\/product\/audi-a7-s7-rs7-c8\/"},"modified":"2024-09-17T21:55:34","modified_gmt":"2024-09-17T21:55:34","slug":"audi-a7-s7-rs7-c8","status":"publish","type":"product","link":"https:\/\/kmblock.com\/es\/product\/audi-a7-s7-rs7-c8\/","title":{"rendered":"Audi A7\/S7\/RS7\/C8"},"content":{"rendered":"<div class=\"flex max-w-full flex-col flex-grow\">\n<div class=\"min-h-[20px] text-message flex w-full flex-col items-end gap-2 whitespace-normal break-words [.text-message+&amp;]:mt-5\" dir=\"auto\" data-message-author-role=\"assistant\" data-message-id=\"765a5d77-1b34-437a-a971-026f3a7fac57\">\n<div class=\"flex w-full flex-col gap-1 empty:hidden first:pt-[3px]\">\n<div class=\"markdown prose w-full break-words dark:prose-invert dark\">\n<h3><strong>Bloqueador de kilometraje para Audi A6\/S6\/RS6 &#8211; C8<\/strong><\/h3>\n<p>El bloqueador de cuentakil\u00f3metros Audi A6\/S6\/RS6 &#8211; C8 tambi\u00e9n se conoce como bloqueador de cuentakil\u00f3metros, bloqueador de cuentakil\u00f3metros, bloqueador de latas, bloqueador de cuentakil\u00f3metros, cuentakil\u00f3metros de viaje, filtro de latas u ocasionalmente como herramienta de correcci\u00f3n de cuentakil\u00f3metros. Es compatible con todos los modelos Audi A6\/S6\/RS6\/C8 lanzados desde 2018. <\/p>\n<h3><strong>Especificaciones<\/strong><\/h3>\n<ul>\n<li>Dise\u00f1ado para facilitar la instalaci\u00f3n con un conector que presenta una cara de acoplamiento y estr\u00edas.<\/li>\n<li>Incluye enchufes de alta calidad y cables resistentes al calor.<\/li>\n<li>Las lecturas de kilometraje no aumentan tras la retirada.<\/li>\n<li>La activaci\u00f3n se realiza pulsando un bot\u00f3n en el volante.<\/li>\n<li>Los cambios de kilometraje realizados por este dispositivo son indetectables por los comprobadores de diagn\u00f3stico.<\/li>\n<li>Los ajustes se guardan permanentemente tras la selecci\u00f3n inicial.<\/li>\n<li>El veloc\u00edmetro y otros sistemas de asistencia funcionan sin problemas.<\/li>\n<li>Su sencilla instalaci\u00f3n DIY no requiere conocimientos especializados del veh\u00edculo.<\/li>\n<li>No es necesario soldar ni cortar cables.<\/li>\n<li>No aparecer\u00e1 ning\u00fan mensaje de error en el veloc\u00edmetro ni en el panel de navegaci\u00f3n.<\/li>\n<li>En los veh\u00edculos a partir de finales de 2020, la activaci\u00f3n del dispositivo puede activar la luz de control del motor.<\/li>\n<li>Para la alteraci\u00f3n completa del kilometraje, se permite una desviaci\u00f3n de hasta el 1% de la distancia real. Los datos de kilometraje proporcionados son aproximados y pueden variar ligeramente. <\/li>\n<\/ul>\n<p><strong>Nota importante<\/strong> Si tu veh\u00edculo ha recibido una actualizaci\u00f3n reciente del fabricante, los m\u00e9todos de activaci\u00f3n anteriores no funcionar\u00e1n. S\u00f3lo ser\u00e1n efectivos el modo 3 (parada completa) y el modo 4 (cuenta completa). Para activar el m\u00f3dulo, apaga completamente el veh\u00edculo cinco veces seguidas. En el momento de la compra se proporcionar\u00e1 un PDF con instrucciones detalladas.   <\/p>\n<h3><strong>Activaci\u00f3n y desactivaci\u00f3n<\/strong><\/h3>\n<p>\u00bb Accionar con el bot\u00f3n \u00abok\u00bb del manillar. Mantenlo pulsado hasta que el intermitente empiece a parpadear. <\/p>\n<p><strong>Modo 1:<\/strong> 1 parpadeo izquierdo 20%<strong>.<\/strong><br \/>\n<strong>Modo 2:<\/strong> 2 parpadeos a la izquierda 10%<strong>.<\/strong><br \/>\n<strong>Modo 3:<\/strong> 3 parpadeos a la izquierda 0<br \/>\n<strong>Modo 4:<\/strong> 1 parpadeo derecho 100<\/p>\n<p>Para el modo 3: 0 por ciento tienes que activar el modo, luego apagar el coche y bloquearlo durante 2 min y despu\u00e9s arrancar y conducir\u00bb.<\/p>\n<h3><strong>\u00bfQu\u00e9 es el bloqueador de cuentakil\u00f3metros o herramienta de correcci\u00f3n de kilometraje Audi A6, S6, RS6, C8?<\/strong><\/h3>\n<p>El Bloqueador de Kilometraje\/Bloqueador de Cuentakil\u00f3metros Audi A6, S6, RS6, C8 est\u00e1 dise\u00f1ado para detener la acumulaci\u00f3n de kil\u00f3metros mientras se comprueba el rendimiento del veh\u00edculo. En KM Block, proporcionamos m\u00f3dulos de alta calidad con componentes \u00fanicos adaptados a cada veh\u00edculo. Tanto si tu cuentakil\u00f3metros mide en millas como en kil\u00f3metros, este dispositivo funciona eficazmente. Nuestro software se crea espec\u00edficamente para cada marca y modelo de veh\u00edculo para garantizar un funcionamiento impecable. La instalaci\u00f3n es sencilla y consiste en utilizar combinaciones de teclas predeterminadas para cambiar de modo.    <\/p>\n<p>Ten en cuenta que no ofrecemos herramientas de Correcci\u00f3n del Kilometraje para estos modelos, ya que suelen utilizarse con fines enga\u00f1osos, como hacer retroceder las cifras de kilometraje. Estas herramientas suelen ser ineficaces, ya que los veh\u00edculos tienen varias unidades de almacenamiento de datos, lo que dificulta la anulaci\u00f3n completa. <\/p>\n<p>La instalaci\u00f3n es uniforme en todos los modelos y no requiere conocimientos especializados del veh\u00edculo. Basta con conectar el dispositivo entre el puerto del veloc\u00edmetro y el cuadro de instrumentos para disfrutar de sus ventajas. El Bloqueador de Kilometraje es compatible con motores di\u00e9sel, de gasolina, veh\u00edculos el\u00e9ctricos h\u00edbridos enchufables (PHEV) y coches el\u00e9ctricos.  <\/p>\n<p>El bloqueador de kilometraje Audi A6, S6, RS6, C8 es una herramienta extraordinaria que te permite probar el rendimiento de tu veh\u00edculo en un entorno controlado.<\/p>\n<\/div>\n<\/div>\n<\/div>\n<\/div>\n<div class=\"mt-1 flex gap-3 empty:hidden -ml-2\">\n<div class=\"items-center justify-start rounded-xl p-1 flex\">\n<div class=\"flex items-center\">\n<p>&nbsp;<\/p>\n<div class=\"flex\"><\/div>\n<div class=\"flex items-center pb-0\"><\/div>\n<\/div>\n<\/div>\n<\/div>\n","protected":false},"excerpt":{"rendered":"<div class=\"flex-shrink-0 flex flex-col relative items-end\">\n<div class=\"pt-0\">\n<div class=\"gizmo-bot-avatar flex h-8 w-8 items-center justify-center overflow-hidden rounded-full\">\n<div class=\"relative p-1 rounded-sm flex items-center justify-center bg-token-main-surface-primary text-token-text-primary h-8 w-8\">\n<p>Antes de hacer tu pedido, revisa la siguiente informaci\u00f3n importante sobre la activaci\u00f3n del m\u00f3dulo, los mensajes de error y la funcionalidad del aparato:<\/p>\n<p><strong>ESTE DISPOSITIVO ES APTO PARA TODOS LOS MODELOS AUDI A6\/S6\/RS6\/C8 LANZADOS DESDE 2018.  <\/strong>  Aseg\u00farate de que tu veh\u00edculo tiene un conector de 18 o 32 patillas antes de hacer el pedido. Dise\u00f1ado para instalaci\u00f3n DIY. El veloc\u00edmetro y los programas de asistencia funcionar\u00e1n perfectamente.  <\/p>\n<p class=\"p1\"><b> \u2705 Integraci\u00f3n perfecta<\/b><b><\/b><\/p>\n<p class=\"p1\">\u2705<b> F\u00e1cil instalaci\u00f3n<\/b><b><\/b><\/p>\n<p class=\"p1\">\u2705<b> Gesti\u00f3n precisa del kilometraje<\/b><b><\/b><\/p>\n<p class=\"p1\"><b> \u2705 Funcionamiento en modo oculto<\/b><b><\/b><\/p>\n<p class=\"p1\"><span class=\"s1\">\u2705<\/span><b> Soporte y actualizaciones de por vida<\/b><\/p>\n<\/div>\n<\/div>\n<\/div>\n<\/div>\n","protected":false},"featured_media":665,"comment_status":"open","ping_status":"closed","template":"","meta":[],"product_brand":[],"product_cat":[853],"product_tag":[],"class_list":{"0":"post-9621","1":"product","2":"type-product","3":"status-publish","4":"has-post-thumbnail","6":"product_cat-audi","8":"first","9":"instock","10":"taxable","11":"shipping-taxable","12":"purchasable","13":"product-type-variable"},"yoast_head":"<!-- This site is optimized with the Yoast SEO plugin v27.5 - https:\/\/yoast.com\/product\/yoast-seo-wordpress\/ -->\n<title>Audi A7\/S7\/RS7\/C8 Mileage Blocker (KM stopper) \u2192 KM Block<\/title>\n<meta name=\"description\" content=\"Buy a Audi A7\/S7\/RS7\/C8 Mileage Blocker for the Best Prices \u2713 Free Shipping \u2713 Incl. Installation Guides\" \/>\n<meta name=\"robots\" content=\"index, follow, max-snippet:-1, max-image-preview:large, max-video-preview:-1\" \/>\n<meta property=\"og:locale\" content=\"es_ES\" \/>\n<meta property=\"og:type\" content=\"article\" \/>\n<meta property=\"og:title\" content=\"Audi A7\/S7\/RS7\/C8 Mileage Blocker (KM stopper) \u2192 KM Block\" \/>\n<meta property=\"og:description\" content=\"Buy a Audi A7\/S7\/RS7\/C8 Mileage Blocker for the Best Prices \u2713 Free Shipping \u2713 Incl. Installation Guides\" \/>\n<meta property=\"og:url\" content=\"https:\/\/kmblock.com\/es\/product\/audi-a7-s7-rs7-c8\/\" \/>\n<meta property=\"og:site_name\" content=\"KM Block\" \/>\n<meta property=\"og:image\" content=\"https:\/\/kmblock.com\/wp-content\/uploads\/2024\/09\/Audi-A7S7RS7C8.jpg\" \/>\n\t<meta property=\"og:image:width\" content=\"800\" \/>\n\t<meta property=\"og:image:height\" content=\"800\" \/>\n\t<meta property=\"og:image:type\" content=\"image\/jpeg\" \/>\n<meta name=\"twitter:card\" content=\"summary_large_image\" \/>\n<meta name=\"twitter:label1\" content=\"Tiempo de lectura\" \/>\n\t<meta name=\"twitter:data1\" content=\"3 minutos\" \/>\n<script type=\"application\/ld+json\" class=\"yoast-schema-graph\">{\"@context\":\"https:\\\/\\\/schema.org\",\"@graph\":[{\"@type\":\"WebPage\",\"@id\":\"https:\\\/\\\/kmblock.com\\\/es\\\/product\\\/audi-a7-s7-rs7-c8\\\/\",\"url\":\"https:\\\/\\\/kmblock.com\\\/es\\\/product\\\/audi-a7-s7-rs7-c8\\\/\",\"name\":\"Audi A7\\\/S7\\\/RS7\\\/C8 Mileage Blocker (KM stopper) \u2192 KM Block\",\"isPartOf\":{\"@id\":\"https:\\\/\\\/kmblock.com\\\/es\\\/#website\"},\"primaryImageOfPage\":{\"@id\":\"https:\\\/\\\/kmblock.com\\\/es\\\/product\\\/audi-a7-s7-rs7-c8\\\/#primaryimage\"},\"image\":{\"@id\":\"https:\\\/\\\/kmblock.com\\\/es\\\/product\\\/audi-a7-s7-rs7-c8\\\/#primaryimage\"},\"thumbnailUrl\":\"https:\\\/\\\/kmblock.com\\\/wp-content\\\/uploads\\\/2024\\\/09\\\/Audi-A7S7RS7C8.jpg\",\"datePublished\":\"2024-09-17T21:55:34+00:00\",\"description\":\"Buy a Audi A7\\\/S7\\\/RS7\\\/C8 Mileage Blocker for the Best Prices \u2713 Free Shipping \u2713 Incl. Installation Guides\",\"breadcrumb\":{\"@id\":\"https:\\\/\\\/kmblock.com\\\/es\\\/product\\\/audi-a7-s7-rs7-c8\\\/#breadcrumb\"},\"inLanguage\":\"es\",\"potentialAction\":[{\"@type\":\"ReadAction\",\"target\":[\"https:\\\/\\\/kmblock.com\\\/es\\\/product\\\/audi-a7-s7-rs7-c8\\\/\"]}]},{\"@type\":\"ImageObject\",\"inLanguage\":\"es\",\"@id\":\"https:\\\/\\\/kmblock.com\\\/es\\\/product\\\/audi-a7-s7-rs7-c8\\\/#primaryimage\",\"url\":\"https:\\\/\\\/kmblock.com\\\/wp-content\\\/uploads\\\/2024\\\/09\\\/Audi-A7S7RS7C8.jpg\",\"contentUrl\":\"https:\\\/\\\/kmblock.com\\\/wp-content\\\/uploads\\\/2024\\\/09\\\/Audi-A7S7RS7C8.jpg\",\"width\":800,\"height\":800,\"caption\":\"Audi A7\\\/S7\\\/RS7\\\/C8\"},{\"@type\":\"BreadcrumbList\",\"@id\":\"https:\\\/\\\/kmblock.com\\\/es\\\/product\\\/audi-a7-s7-rs7-c8\\\/#breadcrumb\",\"itemListElement\":[{\"@type\":\"ListItem\",\"position\":1,\"name\":\"Inicio\",\"item\":\"https:\\\/\\\/kmblock.com\\\/es\\\/\"},{\"@type\":\"ListItem\",\"position\":2,\"name\":\"Productos\",\"item\":\"https:\\\/\\\/kmblock.com\\\/es\\\/shop\\\/\"},{\"@type\":\"ListItem\",\"position\":3,\"name\":\"Audi A7\\\/S7\\\/RS7\\\/C8\"}]},{\"@type\":\"WebSite\",\"@id\":\"https:\\\/\\\/kmblock.com\\\/es\\\/#website\",\"url\":\"https:\\\/\\\/kmblock.com\\\/es\\\/\",\"name\":\"KM Block\",\"description\":\"\",\"publisher\":{\"@id\":\"https:\\\/\\\/kmblock.com\\\/es\\\/#organization\"},\"potentialAction\":[{\"@type\":\"SearchAction\",\"target\":{\"@type\":\"EntryPoint\",\"urlTemplate\":\"https:\\\/\\\/kmblock.com\\\/es\\\/?s={search_term_string}\"},\"query-input\":{\"@type\":\"PropertyValueSpecification\",\"valueRequired\":true,\"valueName\":\"search_term_string\"}}],\"inLanguage\":\"es\"},{\"@type\":\"Organization\",\"@id\":\"https:\\\/\\\/kmblock.com\\\/es\\\/#organization\",\"name\":\"Bloque KM\",\"url\":\"https:\\\/\\\/kmblock.com\\\/es\\\/\",\"logo\":{\"@type\":\"ImageObject\",\"inLanguage\":\"es\",\"@id\":\"https:\\\/\\\/kmblock.com\\\/es\\\/#\\\/schema\\\/logo\\\/image\\\/\",\"url\":\"https:\\\/\\\/kmblock.com\\\/wp-content\\\/uploads\\\/2024\\\/08\\\/main-logo.png\",\"contentUrl\":\"https:\\\/\\\/kmblock.com\\\/wp-content\\\/uploads\\\/2024\\\/08\\\/main-logo.png\",\"width\":186,\"height\":28,\"caption\":\"Bloque KM\"},\"image\":{\"@id\":\"https:\\\/\\\/kmblock.com\\\/es\\\/#\\\/schema\\\/logo\\\/image\\\/\"}}]}<\/script>\n<!-- \/ Yoast SEO plugin. -->","yoast_head_json":{"title":"Audi A7\/S7\/RS7\/C8 Mileage Blocker (KM stopper) \u2192 KM Block","description":"Buy a Audi A7\/S7\/RS7\/C8 Mileage Blocker for the Best Prices \u2713 Free Shipping \u2713 Incl. Installation Guides","robots":{"index":"index","follow":"follow","max-snippet":"max-snippet:-1","max-image-preview":"max-image-preview:large","max-video-preview":"max-video-preview:-1"},"og_locale":"es_ES","og_type":"article","og_title":"Audi A7\/S7\/RS7\/C8 Mileage Blocker (KM stopper) \u2192 KM Block","og_description":"Buy a Audi A7\/S7\/RS7\/C8 Mileage Blocker for the Best Prices \u2713 Free Shipping \u2713 Incl. Installation Guides","og_url":"https:\/\/kmblock.com\/es\/product\/audi-a7-s7-rs7-c8\/","og_site_name":"KM Block","og_image":[{"width":800,"height":800,"url":"https:\/\/kmblock.com\/wp-content\/uploads\/2024\/09\/Audi-A7S7RS7C8.jpg","type":"image\/jpeg"}],"twitter_card":"summary_large_image","twitter_misc":{"Tiempo de lectura":"3 minutos"},"schema":{"@context":"https:\/\/schema.org","@graph":[{"@type":"WebPage","@id":"https:\/\/kmblock.com\/es\/product\/audi-a7-s7-rs7-c8\/","url":"https:\/\/kmblock.com\/es\/product\/audi-a7-s7-rs7-c8\/","name":"Audi A7\/S7\/RS7\/C8 Mileage Blocker (KM stopper) \u2192 KM Block","isPartOf":{"@id":"https:\/\/kmblock.com\/es\/#website"},"primaryImageOfPage":{"@id":"https:\/\/kmblock.com\/es\/product\/audi-a7-s7-rs7-c8\/#primaryimage"},"image":{"@id":"https:\/\/kmblock.com\/es\/product\/audi-a7-s7-rs7-c8\/#primaryimage"},"thumbnailUrl":"https:\/\/kmblock.com\/wp-content\/uploads\/2024\/09\/Audi-A7S7RS7C8.jpg","datePublished":"2024-09-17T21:55:34+00:00","description":"Buy a Audi A7\/S7\/RS7\/C8 Mileage Blocker for the Best Prices \u2713 Free Shipping \u2713 Incl. Installation Guides","breadcrumb":{"@id":"https:\/\/kmblock.com\/es\/product\/audi-a7-s7-rs7-c8\/#breadcrumb"},"inLanguage":"es","potentialAction":[{"@type":"ReadAction","target":["https:\/\/kmblock.com\/es\/product\/audi-a7-s7-rs7-c8\/"]}]},{"@type":"ImageObject","inLanguage":"es","@id":"https:\/\/kmblock.com\/es\/product\/audi-a7-s7-rs7-c8\/#primaryimage","url":"https:\/\/kmblock.com\/wp-content\/uploads\/2024\/09\/Audi-A7S7RS7C8.jpg","contentUrl":"https:\/\/kmblock.com\/wp-content\/uploads\/2024\/09\/Audi-A7S7RS7C8.jpg","width":800,"height":800,"caption":"Audi A7\/S7\/RS7\/C8"},{"@type":"BreadcrumbList","@id":"https:\/\/kmblock.com\/es\/product\/audi-a7-s7-rs7-c8\/#breadcrumb","itemListElement":[{"@type":"ListItem","position":1,"name":"Inicio","item":"https:\/\/kmblock.com\/es\/"},{"@type":"ListItem","position":2,"name":"Productos","item":"https:\/\/kmblock.com\/es\/shop\/"},{"@type":"ListItem","position":3,"name":"Audi A7\/S7\/RS7\/C8"}]},{"@type":"WebSite","@id":"https:\/\/kmblock.com\/es\/#website","url":"https:\/\/kmblock.com\/es\/","name":"KM Block","description":"","publisher":{"@id":"https:\/\/kmblock.com\/es\/#organization"},"potentialAction":[{"@type":"SearchAction","target":{"@type":"EntryPoint","urlTemplate":"https:\/\/kmblock.com\/es\/?s={search_term_string}"},"query-input":{"@type":"PropertyValueSpecification","valueRequired":true,"valueName":"search_term_string"}}],"inLanguage":"es"},{"@type":"Organization","@id":"https:\/\/kmblock.com\/es\/#organization","name":"Bloque KM","url":"https:\/\/kmblock.com\/es\/","logo":{"@type":"ImageObject","inLanguage":"es","@id":"https:\/\/kmblock.com\/es\/#\/schema\/logo\/image\/","url":"https:\/\/kmblock.com\/wp-content\/uploads\/2024\/08\/main-logo.png","contentUrl":"https:\/\/kmblock.com\/wp-content\/uploads\/2024\/08\/main-logo.png","width":186,"height":28,"caption":"Bloque KM"},"image":{"@id":"https:\/\/kmblock.com\/es\/#\/schema\/logo\/image\/"}}]}},"_links":{"self":[{"href":"https:\/\/kmblock.com\/es\/wp-json\/wp\/v2\/product\/9621","targetHints":{"allow":["GET"]}}],"collection":[{"href":"https:\/\/kmblock.com\/es\/wp-json\/wp\/v2\/product"}],"about":[{"href":"https:\/\/kmblock.com\/es\/wp-json\/wp\/v2\/types\/product"}],"replies":[{"embeddable":true,"href":"https:\/\/kmblock.com\/es\/wp-json\/wp\/v2\/comments?post=9621"}],"wp:featuredmedia":[{"embeddable":true,"href":"https:\/\/kmblock.com\/es\/wp-json\/wp\/v2\/media\/665"}],"wp:attachment":[{"href":"https:\/\/kmblock.com\/es\/wp-json\/wp\/v2\/media?parent=9621"}],"wp:term":[{"taxonomy":"product_brand","embeddable":true,"href":"https:\/\/kmblock.com\/es\/wp-json\/wp\/v2\/product_brand?post=9621"},{"taxonomy":"product_cat","embeddable":true,"href":"https:\/\/kmblock.com\/es\/wp-json\/wp\/v2\/product_cat?post=9621"},{"taxonomy":"product_tag","embeddable":true,"href":"https:\/\/kmblock.com\/es\/wp-json\/wp\/v2\/product_tag?post=9621"}],"curies":[{"name":"wp","href":"https:\/\/api.w.org\/{rel}","templated":true}]}}