{"id":9615,"date":"2024-09-17T21:26:46","date_gmt":"2024-09-17T21:26:46","guid":{"rendered":"https:\/\/kmblock.com\/product\/audi-a5-s5-rs5-f5\/"},"modified":"2024-09-17T21:26:46","modified_gmt":"2024-09-17T21:26:46","slug":"audi-a5-s5-rs5-f5","status":"publish","type":"product","link":"https:\/\/kmblock.com\/es\/product\/audi-a5-s5-rs5-f5\/","title":{"rendered":"Audi A5\/S5\/RS5\/F5"},"content":{"rendered":"<h3><strong>BLOQUEADOR DE KILOMETRAJE PARA AUDI A5\/S5\/RS5 &#8211; F5<\/strong><\/h3>\n<p>El bloqueador <strong>de cuentakil\u00f3metros Audi<\/strong> <strong>A5\/S5\/RS5<\/strong> <strong>&#8211;<\/strong> <strong>F5<\/strong>, tambi\u00e9n conocido como bloqueador de cuentakil\u00f3metros, bloqueador de cuentakil\u00f3metros, bloqueador de latas, bloqueador de cuentakil\u00f3metros, cuentakil\u00f3metros parcial, filtro de latas o herramienta de correcci\u00f3n de cuentakil\u00f3metros, est\u00e1 dise\u00f1ado para todos los <strong>modelos Audi A5\/S5\/RS5 F5 comercializados desde 2015<\/strong>.<\/p>\n<h3><strong>ESPECIFICACIONES<\/strong><\/h3>\n<ul>\n<li>M\u00faltiples modos disponibles<\/li>\n<li>Instalaci\u00f3n sencilla de bricolaje<\/li>\n<li>Cara de acoplamiento y rebordes en el conector para una instalaci\u00f3n sin juntas<\/li>\n<li>F\u00e1cil manejo con combinaciones de teclas<\/li>\n<li>No queda rastro tras la retirada; no es necesario soldar ni cortar cables<\/li>\n<li>Enchufes de primera calidad y cables resistentes al calor<\/li>\n<li>Los ajustes se guardan permanentemente<\/li>\n<li>Despu\u00e9s de quitarlo, el kilometraje no aumentar\u00e1 inesperadamente<\/li>\n<li>No hay mensajes de error en el veloc\u00edmetro ni en la pantalla de navegaci\u00f3n<\/li>\n<li>En los modelos a partir de 2020, el testigo de control del motor puede aparecer una vez activado el dispositivo<\/li>\n<li>Puede producirse una desviaci\u00f3n del 1% de la distancia real para el modo que detiene totalmente el registro de kilometraje; los valores de kilometraje son aproximados<\/li>\n<\/ul>\n<p><strong>IMPORTANTE<\/strong> Si tu coche ha recibido una actualizaci\u00f3n de software reciente del fabricante, es posible que los m\u00e9todos de activaci\u00f3n anteriores ya no funcionen. S\u00f3lo funcionar\u00e1n el modo 3 (parada completa) y el modo 4 (cuenta atr\u00e1s completa). Para activarlo, apaga completamente el coche cinco veces consecutivas. Tras la compra, recibir\u00e1s una gu\u00eda detallada en PDF.   <\/p>\n<p><strong>COMPATIBILIDAD DEL VELOC\u00cdMETRO<\/strong> Para el veloc\u00edmetro 1 y el veloc\u00edmetro 2, el indicador de velocidad funciona correctamente.<\/p>\n<h3><strong>ACTIVACI\u00d3N Y DESACTIVACI\u00d3N (CON INDICADOR DE VELOCIDAD DE TRABAJO)<\/strong><\/h3>\n<p>\u00bb Accionar con el bot\u00f3n \u00abok\u00bb del manillar. Mantenlo pulsado hasta que el intermitente empiece a parpadear. <\/p>\n<p><strong>Modo 1:<\/strong> 1 parpadeo izquierdo 20%<strong>.<\/strong><br \/>\n<strong>Modo 2:<\/strong> 2 parpadeos a la izquierda 10%<strong>.<\/strong><br \/>\n<strong>Modo 3:<\/strong> 3 parpadeos a la izquierda 0<br \/>\n<strong>Modo 4:<\/strong> 1 parpadeo derecho 100<\/p>\n<p>Para el modo 3: 0 por ciento tienes que activar el modo, luego apagar el coche y bloquearlo durante 2 min y despu\u00e9s arrancar y conducir\u00bb.<\/p>\n<p>El <strong>Tope Kilom\u00e9trico Audi A5 S5 RS5 F5<\/strong> siempre conserva los \u00faltimos ajustes utilizados, por lo que no es necesario restablecerlos antes de arrancar el veh\u00edculo.<\/p>\n<hr>\n<h3><strong>\u00bfQu\u00e9 es el bloqueador de cuentakil\u00f3metros o herramienta de correcci\u00f3n de kilometraje Audi A5\/S5\/RS5 F5?<\/strong><\/h3>\n<p>El <strong>bloqueador de kilometraje Audi A5\/S5\/RS5 F5<\/strong> detiene el registro del kilometraje mientras se comprueba el rendimiento del veh\u00edculo. Disponible en KM Block, este m\u00f3dulo de alta calidad funciona para veh\u00edculos que miden el kilometraje en millas o kil\u00f3metros. Nuestros expertos programadores crean un software adaptado a cada modelo para garantizar un funcionamiento impecable.  <\/p>\n<p>Ten en cuenta que <strong>no vendemos herramientas de correcci\u00f3n del<\/strong> kilometraje para el Audi A5, S5 o RS5 F5, ya que est\u00e1n pensadas para un uso fraudulento y s\u00f3lo pueden eliminar el kilometraje de los cuentakil\u00f3metros. Los veh\u00edculos modernos almacenan los datos en varias ubicaciones, por lo que las herramientas de reversi\u00f3n son ineficaces para anular totalmente el kilometraje. <\/p>\n<p>El <strong>Detenedor de Kilometraje<\/strong> funciona perfectamente en veh\u00edculos di\u00e9sel, gasolina, h\u00edbridos enchufables y el\u00e9ctricos. La instalaci\u00f3n es sencilla: s\u00f3lo tienes que conectarlo entre el veloc\u00edmetro y el cuadro de instrumentos, y utilizar combinaciones de teclas predefinidas para cambiar de un modo a otro. <\/p>\n<p>El <strong>bloqueador de kilometraje Audi A5\/S5\/RS5 F5<\/strong> es una herramienta excelente para probar el rendimiento de tu coche en un entorno controlado.<\/p>\n","protected":false},"excerpt":{"rendered":"<div class=\"flex-shrink-0 flex flex-col relative items-end\">\n<div class=\"pt-0\">\n<div class=\"gizmo-bot-avatar flex h-8 w-8 items-center justify-center overflow-hidden rounded-full\">\n<div class=\"relative p-1 rounded-sm flex items-center justify-center bg-token-main-surface-primary text-token-text-primary h-8 w-8\">\n<p>Antes de realizar un pedido, revisa la siguiente informaci\u00f3n importante relativa a la activaci\u00f3n del m\u00f3dulo, los mensajes de error y la funcionalidad.<\/p>\n<p><strong>COMPATIBILIDAD: <\/strong>Este dispositivo es adecuado para todos los <strong>modelos Audi A5\/S5\/RS5 F5 lanzados desde 2015<\/strong>. El correcto funcionamiento del veloc\u00edmetro y de los sistemas de asistencia depende del tipo de veloc\u00edmetro de tu veh\u00edculo. Es posible que el veloc\u00edmetro y los sistemas de asistencia no funcionen si se utilizan con el indicador de dep\u00f3sito y temperatura. El m\u00f3dulo funciona con o sin el indicador de temperatura y combustible. Equipado con enchufes de primera calidad y cables resistentes al calor. F\u00e1cil instalaci\u00f3n \u00abhazlo t\u00fa mismo\u00bb.     <\/p>\n<p class=\"p1\"><b> \u2705 Integraci\u00f3n perfecta<\/b><b><\/b><\/p>\n<p class=\"p1\">\u2705<b> F\u00e1cil instalaci\u00f3n<\/b><b><\/b><\/p>\n<p class=\"p1\">\u2705<b> Gesti\u00f3n precisa del kilometraje<\/b><b><\/b><\/p>\n<p class=\"p1\"><b> \u2705 Funcionamiento en modo oculto<\/b><b><\/b><\/p>\n<p class=\"p1\"><span class=\"s1\">\u2705<\/span><b> Soporte y actualizaciones de por vida<\/b><\/p>\n<\/div>\n<\/div>\n<\/div>\n<\/div>\n","protected":false},"featured_media":657,"comment_status":"open","ping_status":"closed","template":"","meta":[],"product_brand":[],"product_cat":[853],"product_tag":[],"class_list":{"0":"post-9615","1":"product","2":"type-product","3":"status-publish","4":"has-post-thumbnail","6":"product_cat-audi","8":"first","9":"instock","10":"taxable","11":"shipping-taxable","12":"purchasable","13":"product-type-variable"},"yoast_head":"<!-- This site is optimized with the Yoast SEO plugin v27.5 - https:\/\/yoast.com\/product\/yoast-seo-wordpress\/ -->\n<title>Audi A5\/S5\/RS5\/F5 Mileage Blocker (KM stopper) \u2192 KM Block<\/title>\n<meta name=\"description\" content=\"Buy a Audi A5\/S5\/RS5\/F5 Mileage Blocker for the Best Prices \u2713 Free Shipping \u2713 Incl. Installation Guides\" \/>\n<meta name=\"robots\" content=\"index, follow, max-snippet:-1, max-image-preview:large, max-video-preview:-1\" \/>\n<meta property=\"og:locale\" content=\"es_ES\" \/>\n<meta property=\"og:type\" content=\"article\" \/>\n<meta property=\"og:title\" content=\"Audi A5\/S5\/RS5\/F5 Mileage Blocker (KM stopper) \u2192 KM Block\" \/>\n<meta property=\"og:description\" content=\"Buy a Audi A5\/S5\/RS5\/F5 Mileage Blocker for the Best Prices \u2713 Free Shipping \u2713 Incl. Installation Guides\" \/>\n<meta property=\"og:url\" content=\"https:\/\/kmblock.com\/es\/product\/audi-a5-s5-rs5-f5\/\" \/>\n<meta property=\"og:site_name\" content=\"KM Block\" \/>\n<meta property=\"og:image\" content=\"https:\/\/kmblock.com\/wp-content\/uploads\/2024\/09\/Audi-A5S5RS5F5.jpg\" \/>\n\t<meta property=\"og:image:width\" content=\"800\" \/>\n\t<meta property=\"og:image:height\" content=\"800\" \/>\n\t<meta property=\"og:image:type\" content=\"image\/jpeg\" \/>\n<meta name=\"twitter:card\" content=\"summary_large_image\" \/>\n<meta name=\"twitter:label1\" content=\"Tiempo de lectura\" \/>\n\t<meta name=\"twitter:data1\" content=\"3 minutos\" \/>\n<script type=\"application\/ld+json\" class=\"yoast-schema-graph\">{\"@context\":\"https:\\\/\\\/schema.org\",\"@graph\":[{\"@type\":\"WebPage\",\"@id\":\"https:\\\/\\\/kmblock.com\\\/es\\\/product\\\/audi-a5-s5-rs5-f5\\\/\",\"url\":\"https:\\\/\\\/kmblock.com\\\/es\\\/product\\\/audi-a5-s5-rs5-f5\\\/\",\"name\":\"Audi A5\\\/S5\\\/RS5\\\/F5 Mileage Blocker (KM stopper) \u2192 KM Block\",\"isPartOf\":{\"@id\":\"https:\\\/\\\/kmblock.com\\\/es\\\/#website\"},\"primaryImageOfPage\":{\"@id\":\"https:\\\/\\\/kmblock.com\\\/es\\\/product\\\/audi-a5-s5-rs5-f5\\\/#primaryimage\"},\"image\":{\"@id\":\"https:\\\/\\\/kmblock.com\\\/es\\\/product\\\/audi-a5-s5-rs5-f5\\\/#primaryimage\"},\"thumbnailUrl\":\"https:\\\/\\\/kmblock.com\\\/wp-content\\\/uploads\\\/2024\\\/09\\\/Audi-A5S5RS5F5.jpg\",\"datePublished\":\"2024-09-17T21:26:46+00:00\",\"description\":\"Buy a Audi A5\\\/S5\\\/RS5\\\/F5 Mileage Blocker for the Best Prices \u2713 Free Shipping \u2713 Incl. Installation Guides\",\"breadcrumb\":{\"@id\":\"https:\\\/\\\/kmblock.com\\\/es\\\/product\\\/audi-a5-s5-rs5-f5\\\/#breadcrumb\"},\"inLanguage\":\"es\",\"potentialAction\":[{\"@type\":\"ReadAction\",\"target\":[\"https:\\\/\\\/kmblock.com\\\/es\\\/product\\\/audi-a5-s5-rs5-f5\\\/\"]}]},{\"@type\":\"ImageObject\",\"inLanguage\":\"es\",\"@id\":\"https:\\\/\\\/kmblock.com\\\/es\\\/product\\\/audi-a5-s5-rs5-f5\\\/#primaryimage\",\"url\":\"https:\\\/\\\/kmblock.com\\\/wp-content\\\/uploads\\\/2024\\\/09\\\/Audi-A5S5RS5F5.jpg\",\"contentUrl\":\"https:\\\/\\\/kmblock.com\\\/wp-content\\\/uploads\\\/2024\\\/09\\\/Audi-A5S5RS5F5.jpg\",\"width\":800,\"height\":800,\"caption\":\"Audi A5:S5:RS5:F5\"},{\"@type\":\"BreadcrumbList\",\"@id\":\"https:\\\/\\\/kmblock.com\\\/es\\\/product\\\/audi-a5-s5-rs5-f5\\\/#breadcrumb\",\"itemListElement\":[{\"@type\":\"ListItem\",\"position\":1,\"name\":\"Inicio\",\"item\":\"https:\\\/\\\/kmblock.com\\\/es\\\/\"},{\"@type\":\"ListItem\",\"position\":2,\"name\":\"Productos\",\"item\":\"https:\\\/\\\/kmblock.com\\\/es\\\/shop\\\/\"},{\"@type\":\"ListItem\",\"position\":3,\"name\":\"Audi A5\\\/S5\\\/RS5\\\/F5\"}]},{\"@type\":\"WebSite\",\"@id\":\"https:\\\/\\\/kmblock.com\\\/es\\\/#website\",\"url\":\"https:\\\/\\\/kmblock.com\\\/es\\\/\",\"name\":\"KM Block\",\"description\":\"\",\"publisher\":{\"@id\":\"https:\\\/\\\/kmblock.com\\\/es\\\/#organization\"},\"potentialAction\":[{\"@type\":\"SearchAction\",\"target\":{\"@type\":\"EntryPoint\",\"urlTemplate\":\"https:\\\/\\\/kmblock.com\\\/es\\\/?s={search_term_string}\"},\"query-input\":{\"@type\":\"PropertyValueSpecification\",\"valueRequired\":true,\"valueName\":\"search_term_string\"}}],\"inLanguage\":\"es\"},{\"@type\":\"Organization\",\"@id\":\"https:\\\/\\\/kmblock.com\\\/es\\\/#organization\",\"name\":\"Bloque KM\",\"url\":\"https:\\\/\\\/kmblock.com\\\/es\\\/\",\"logo\":{\"@type\":\"ImageObject\",\"inLanguage\":\"es\",\"@id\":\"https:\\\/\\\/kmblock.com\\\/es\\\/#\\\/schema\\\/logo\\\/image\\\/\",\"url\":\"https:\\\/\\\/kmblock.com\\\/wp-content\\\/uploads\\\/2024\\\/08\\\/main-logo.png\",\"contentUrl\":\"https:\\\/\\\/kmblock.com\\\/wp-content\\\/uploads\\\/2024\\\/08\\\/main-logo.png\",\"width\":186,\"height\":28,\"caption\":\"Bloque KM\"},\"image\":{\"@id\":\"https:\\\/\\\/kmblock.com\\\/es\\\/#\\\/schema\\\/logo\\\/image\\\/\"}}]}<\/script>\n<!-- \/ Yoast SEO plugin. -->","yoast_head_json":{"title":"Audi A5\/S5\/RS5\/F5 Mileage Blocker (KM stopper) \u2192 KM Block","description":"Buy a Audi A5\/S5\/RS5\/F5 Mileage Blocker for the Best Prices \u2713 Free Shipping \u2713 Incl. Installation Guides","robots":{"index":"index","follow":"follow","max-snippet":"max-snippet:-1","max-image-preview":"max-image-preview:large","max-video-preview":"max-video-preview:-1"},"og_locale":"es_ES","og_type":"article","og_title":"Audi A5\/S5\/RS5\/F5 Mileage Blocker (KM stopper) \u2192 KM Block","og_description":"Buy a Audi A5\/S5\/RS5\/F5 Mileage Blocker for the Best Prices \u2713 Free Shipping \u2713 Incl. Installation Guides","og_url":"https:\/\/kmblock.com\/es\/product\/audi-a5-s5-rs5-f5\/","og_site_name":"KM Block","og_image":[{"width":800,"height":800,"url":"https:\/\/kmblock.com\/wp-content\/uploads\/2024\/09\/Audi-A5S5RS5F5.jpg","type":"image\/jpeg"}],"twitter_card":"summary_large_image","twitter_misc":{"Tiempo de lectura":"3 minutos"},"schema":{"@context":"https:\/\/schema.org","@graph":[{"@type":"WebPage","@id":"https:\/\/kmblock.com\/es\/product\/audi-a5-s5-rs5-f5\/","url":"https:\/\/kmblock.com\/es\/product\/audi-a5-s5-rs5-f5\/","name":"Audi A5\/S5\/RS5\/F5 Mileage Blocker (KM stopper) \u2192 KM Block","isPartOf":{"@id":"https:\/\/kmblock.com\/es\/#website"},"primaryImageOfPage":{"@id":"https:\/\/kmblock.com\/es\/product\/audi-a5-s5-rs5-f5\/#primaryimage"},"image":{"@id":"https:\/\/kmblock.com\/es\/product\/audi-a5-s5-rs5-f5\/#primaryimage"},"thumbnailUrl":"https:\/\/kmblock.com\/wp-content\/uploads\/2024\/09\/Audi-A5S5RS5F5.jpg","datePublished":"2024-09-17T21:26:46+00:00","description":"Buy a Audi A5\/S5\/RS5\/F5 Mileage Blocker for the Best Prices \u2713 Free Shipping \u2713 Incl. Installation Guides","breadcrumb":{"@id":"https:\/\/kmblock.com\/es\/product\/audi-a5-s5-rs5-f5\/#breadcrumb"},"inLanguage":"es","potentialAction":[{"@type":"ReadAction","target":["https:\/\/kmblock.com\/es\/product\/audi-a5-s5-rs5-f5\/"]}]},{"@type":"ImageObject","inLanguage":"es","@id":"https:\/\/kmblock.com\/es\/product\/audi-a5-s5-rs5-f5\/#primaryimage","url":"https:\/\/kmblock.com\/wp-content\/uploads\/2024\/09\/Audi-A5S5RS5F5.jpg","contentUrl":"https:\/\/kmblock.com\/wp-content\/uploads\/2024\/09\/Audi-A5S5RS5F5.jpg","width":800,"height":800,"caption":"Audi A5:S5:RS5:F5"},{"@type":"BreadcrumbList","@id":"https:\/\/kmblock.com\/es\/product\/audi-a5-s5-rs5-f5\/#breadcrumb","itemListElement":[{"@type":"ListItem","position":1,"name":"Inicio","item":"https:\/\/kmblock.com\/es\/"},{"@type":"ListItem","position":2,"name":"Productos","item":"https:\/\/kmblock.com\/es\/shop\/"},{"@type":"ListItem","position":3,"name":"Audi A5\/S5\/RS5\/F5"}]},{"@type":"WebSite","@id":"https:\/\/kmblock.com\/es\/#website","url":"https:\/\/kmblock.com\/es\/","name":"KM Block","description":"","publisher":{"@id":"https:\/\/kmblock.com\/es\/#organization"},"potentialAction":[{"@type":"SearchAction","target":{"@type":"EntryPoint","urlTemplate":"https:\/\/kmblock.com\/es\/?s={search_term_string}"},"query-input":{"@type":"PropertyValueSpecification","valueRequired":true,"valueName":"search_term_string"}}],"inLanguage":"es"},{"@type":"Organization","@id":"https:\/\/kmblock.com\/es\/#organization","name":"Bloque KM","url":"https:\/\/kmblock.com\/es\/","logo":{"@type":"ImageObject","inLanguage":"es","@id":"https:\/\/kmblock.com\/es\/#\/schema\/logo\/image\/","url":"https:\/\/kmblock.com\/wp-content\/uploads\/2024\/08\/main-logo.png","contentUrl":"https:\/\/kmblock.com\/wp-content\/uploads\/2024\/08\/main-logo.png","width":186,"height":28,"caption":"Bloque KM"},"image":{"@id":"https:\/\/kmblock.com\/es\/#\/schema\/logo\/image\/"}}]}},"_links":{"self":[{"href":"https:\/\/kmblock.com\/es\/wp-json\/wp\/v2\/product\/9615","targetHints":{"allow":["GET"]}}],"collection":[{"href":"https:\/\/kmblock.com\/es\/wp-json\/wp\/v2\/product"}],"about":[{"href":"https:\/\/kmblock.com\/es\/wp-json\/wp\/v2\/types\/product"}],"replies":[{"embeddable":true,"href":"https:\/\/kmblock.com\/es\/wp-json\/wp\/v2\/comments?post=9615"}],"wp:featuredmedia":[{"embeddable":true,"href":"https:\/\/kmblock.com\/es\/wp-json\/wp\/v2\/media\/657"}],"wp:attachment":[{"href":"https:\/\/kmblock.com\/es\/wp-json\/wp\/v2\/media?parent=9615"}],"wp:term":[{"taxonomy":"product_brand","embeddable":true,"href":"https:\/\/kmblock.com\/es\/wp-json\/wp\/v2\/product_brand?post=9615"},{"taxonomy":"product_cat","embeddable":true,"href":"https:\/\/kmblock.com\/es\/wp-json\/wp\/v2\/product_cat?post=9615"},{"taxonomy":"product_tag","embeddable":true,"href":"https:\/\/kmblock.com\/es\/wp-json\/wp\/v2\/product_tag?post=9615"}],"curies":[{"name":"wp","href":"https:\/\/api.w.org\/{rel}","templated":true}]}}