{"id":9613,"date":"2024-09-17T21:46:52","date_gmt":"2024-09-17T21:46:52","guid":{"rendered":"https:\/\/kmblock.com\/product\/audi-a6-s6-rs6-c7\/"},"modified":"2024-09-17T21:46:52","modified_gmt":"2024-09-17T21:46:52","slug":"audi-a6-s6-rs6-c7","status":"publish","type":"product","link":"https:\/\/kmblock.com\/es\/product\/audi-a6-s6-rs6-c7\/","title":{"rendered":"Audi A6\/S6\/RS6\/C7"},"content":{"rendered":"<h3><strong>BLOQUEADOR DE KILOMETRAJE PARA AUDI A6\/S6\/RS6 &#8211; C7<\/strong><\/h3>\n<p>El <strong>bloqueador de cuentakil\u00f3metros Audi A6\/S6\/RS6 &#8211; C7<\/strong> tambi\u00e9n se conoce como bloqueador de cuentakil\u00f3metros, bloqueador de cuentakil\u00f3metros, bloqueador de latas, bloqueador de cuentakil\u00f3metros, cuentakil\u00f3metros parcial, filtro de latas o, a veces, como herramienta de correcci\u00f3n de cuentakil\u00f3metros.<\/p>\n<h3><strong>COMPATIBILIDAD:<\/strong><\/h3>\n<p>Este dispositivo es compatible con todos los <strong>modelos Audi A6\/S6\/RS6 C7 lanzados entre 2011 y 2018<\/strong>.<\/p>\n<hr>\n<h3><strong>ESPECIFICACIONES:<\/strong><\/h3>\n<ul>\n<li>No hay mensajes de error en el veloc\u00edmetro ni en la pantalla de navegaci\u00f3n.<\/li>\n<li>Instalaci\u00f3n sencilla, hazlo t\u00fa mismo.<\/li>\n<li>Presenta una cara de acoplamiento y estr\u00edas en el conector para facilitar la instalaci\u00f3n.<\/li>\n<li>Manejo sencillo con varias combinaciones de teclas.<\/li>\n<li>No deja rastro cuando se retira: no es necesario soldar ni cortar cables.<\/li>\n<li>Se puede activar o desactivar mientras conduces.<\/li>\n<li>Enchufes de calidad superior y cables resistentes al calor.<\/li>\n<li>Los ajustes seleccionados se guardan autom\u00e1ticamente.<\/li>\n<li>El kilometraje no aumenta despu\u00e9s de retirar el m\u00f3dulo.<\/li>\n<li>El veloc\u00edmetro y todos los sistemas de asistencia siguen funcionando perfectamente.<\/li>\n<li>El modo de alteraci\u00f3n del kilometraje permite una desviaci\u00f3n de hasta el 1% de la distancia real recorrida (aproximaciones, son posibles peque\u00f1as diferencias).<\/li>\n<\/ul>\n<hr>\n<h3><strong>ACTIVACI\u00d3N Y DESACTIVACI\u00d3N:<\/strong><\/h3>\n<p>Act\u00edvalo pulsando al mismo tiempo los botones \u00abOk\u00bb y \u00abvolumen\u00bb del manillar.<\/p>\n<p><strong>Modo Activado:<\/strong> cuenta 0% de kil\u00f3metros. Ambos intermitentes parpadean. <\/p>\n<p><strong>Modo Apagado:<\/strong> cuenta el 100% de los kil\u00f3metros. Ambos intermitentes parpadear\u00e1n. <\/p>\n<p>El <strong>Tope Kilom\u00e9trico Audi A6\/S6\/RS6 C7<\/strong> conserva los \u00faltimos ajustes utilizados, por lo que no es necesario ajustarlos antes de cada uso. Puedes activar o desactivar el dispositivo mientras conduces o cuando est\u00e1s parado. <\/p>\n<hr>\n<h3><strong>\u00bfQu\u00e9 es el bloqueador de cuentakil\u00f3metros o herramienta de correcci\u00f3n de kilometraje Audi A6\/S6\/RS6 C7?<\/strong><\/h3>\n<p>El <strong>bloqueador de kilometraje Audi A6\/S6\/RS6 C7<\/strong> ayuda a evitar que se registre el kilometraje durante las pruebas de rendimiento. En <g id=\"gid_1\">KM<\/g> Block encontrar\u00e1s el mejor m\u00f3dulo con componentes aut\u00e9nticos. Funciona eficazmente independientemente de si tu cuentakil\u00f3metros digital registra el kilometraje en millas o en kil\u00f3metros (km).  <\/p>\n<p>Proporcionamos una amplia gama de dispositivos <strong>Antirretroceso<\/strong> para diferentes veh\u00edculos. Nuestros programadores desarrollan un software adaptado a cada modelo de coche para garantizar un funcionamiento impecable. <\/p>\n<p><strong>Aviso importante:<\/strong> <strong>No<\/strong> vendemos herramientas de <strong>correcci\u00f3n<\/strong> del <strong>kilometraje<\/strong> para Audi A6\/S6\/RS6 C7. Las herramientas de correcci\u00f3n del kilometraje est\u00e1n destinadas a fines deshonestos, como rebobinar o hacer retroceder los cuentakil\u00f3metros. Los veh\u00edculos modernos almacenan los datos en varias ubicaciones, y las herramientas de retroceso no pueden invertir el kilometraje con precisi\u00f3n.  <\/p>\n<hr>\n<h3><strong>INSTALACI\u00d3N:<\/strong><\/h3>\n<p>Instala el m\u00f3dulo utilizando combinaciones de teclas predeterminadas para activarlo o desactivarlo. El proceso de instalaci\u00f3n es sencillo, no requiere conocimientos profundos de mantenimiento del veh\u00edculo. Basta con conectarlo entre el puerto del veloc\u00edmetro y el cuadro de instrumentos, y disfrutar de todas las ventajas de este m\u00f3dulo \u00fanico. Funciona en motores di\u00e9sel, de gasolina, veh\u00edculos el\u00e9ctricos h\u00edbridos enchufables (PHEV) y coches el\u00e9ctricos.   <\/p>\n<p>El <strong>bloqueador de kilometraje Audi A6\/S6\/RS6 C7<\/strong> es un dispositivo excepcional para comprobar el rendimiento del veh\u00edculo en un entorno controlado, y se puede activar o desactivar en cualquier momento, tanto en movimiento como parado.<\/p>\n","protected":false},"excerpt":{"rendered":"<div class=\"flex-shrink-0 flex flex-col relative items-end\">\n<div class=\"pt-0\">\n<div class=\"gizmo-bot-avatar flex h-8 w-8 items-center justify-center overflow-hidden rounded-full\">\n<div class=\"relative p-1 rounded-sm flex items-center justify-center bg-token-main-surface-primary text-token-text-primary h-8 w-8\">\n<p><strong>Antes de hacer el pedido: Informaci\u00f3n importante sobre la activaci\u00f3n de m\u00f3dulos y mensajes de error<\/strong><\/p>\n<p>Este <strong>Bloqueador de Kilometraje<\/strong> es compatible con <strong>todos los modelos Audi A6\/S6\/RS6 C7 lanzados entre 2011 y 2018<\/strong>. F\u00e1cil de instalar sin ayuda profesional. No deja rastro, lo que garantiza un funcionamiento sin problemas. Se puede activar o desactivar mientras conduces. Viene con enchufes de primera calidad y cables resistentes al calor para mayor durabilidad. Todos los programas de veloc\u00edmetro y asistencia funcionar\u00e1n perfectamente.     <\/p>\n<p class=\"p1\"><b> \u2705 Integraci\u00f3n perfecta<\/b><b><\/b><\/p>\n<p class=\"p1\">\u2705<b> F\u00e1cil instalaci\u00f3n<\/b><b><\/b><\/p>\n<p class=\"p1\">\u2705<b> Gesti\u00f3n precisa del kilometraje<\/b><b><\/b><\/p>\n<p class=\"p1\"><b> \u2705 Funcionamiento en modo oculto<\/b><b><\/b><\/p>\n<p class=\"p1\"><span class=\"s1\">\u2705<\/span><b> Soporte y actualizaciones de por vida<\/b><\/p>\n<\/div>\n<\/div>\n<\/div>\n<\/div>\n","protected":false},"featured_media":659,"comment_status":"open","ping_status":"closed","template":"","meta":[],"product_brand":[],"product_cat":[853],"product_tag":[],"class_list":{"0":"post-9613","1":"product","2":"type-product","3":"status-publish","4":"has-post-thumbnail","6":"product_cat-audi","8":"first","9":"instock","10":"taxable","11":"shipping-taxable","12":"purchasable","13":"product-type-variable"},"yoast_head":"<!-- This site is optimized with the Yoast SEO plugin v27.5 - https:\/\/yoast.com\/product\/yoast-seo-wordpress\/ -->\n<title>Audi A6\/S6\/RS6\/C7 Mileage Blocker (KM stopper) \u2192 KM Block<\/title>\n<meta name=\"description\" content=\"Buy a Audi A6\/S6\/RS6\/C7 Mileage Blocker for the Best Prices \u2713 Free Shipping \u2713 Incl. Installation Guides\" \/>\n<meta name=\"robots\" content=\"index, follow, max-snippet:-1, max-image-preview:large, max-video-preview:-1\" \/>\n<meta property=\"og:locale\" content=\"es_ES\" \/>\n<meta property=\"og:type\" content=\"article\" \/>\n<meta property=\"og:title\" content=\"Audi A6\/S6\/RS6\/C7 Mileage Blocker (KM stopper) \u2192 KM Block\" \/>\n<meta property=\"og:description\" content=\"Buy a Audi A6\/S6\/RS6\/C7 Mileage Blocker for the Best Prices \u2713 Free Shipping \u2713 Incl. Installation Guides\" \/>\n<meta property=\"og:url\" content=\"https:\/\/kmblock.com\/es\/product\/audi-a6-s6-rs6-c7\/\" \/>\n<meta property=\"og:site_name\" content=\"KM Block\" \/>\n<meta property=\"og:image\" content=\"https:\/\/kmblock.com\/wp-content\/uploads\/2024\/09\/Audi-A6S6RS6C7.jpg\" \/>\n\t<meta property=\"og:image:width\" content=\"800\" \/>\n\t<meta property=\"og:image:height\" content=\"800\" \/>\n\t<meta property=\"og:image:type\" content=\"image\/jpeg\" \/>\n<meta name=\"twitter:card\" content=\"summary_large_image\" \/>\n<meta name=\"twitter:label1\" content=\"Tiempo de lectura\" \/>\n\t<meta name=\"twitter:data1\" content=\"3 minutos\" \/>\n<script type=\"application\/ld+json\" class=\"yoast-schema-graph\">{\"@context\":\"https:\\\/\\\/schema.org\",\"@graph\":[{\"@type\":\"WebPage\",\"@id\":\"https:\\\/\\\/kmblock.com\\\/es\\\/product\\\/audi-a6-s6-rs6-c7\\\/\",\"url\":\"https:\\\/\\\/kmblock.com\\\/es\\\/product\\\/audi-a6-s6-rs6-c7\\\/\",\"name\":\"Audi A6\\\/S6\\\/RS6\\\/C7 Mileage Blocker (KM stopper) \u2192 KM Block\",\"isPartOf\":{\"@id\":\"https:\\\/\\\/kmblock.com\\\/es\\\/#website\"},\"primaryImageOfPage\":{\"@id\":\"https:\\\/\\\/kmblock.com\\\/es\\\/product\\\/audi-a6-s6-rs6-c7\\\/#primaryimage\"},\"image\":{\"@id\":\"https:\\\/\\\/kmblock.com\\\/es\\\/product\\\/audi-a6-s6-rs6-c7\\\/#primaryimage\"},\"thumbnailUrl\":\"https:\\\/\\\/kmblock.com\\\/wp-content\\\/uploads\\\/2024\\\/09\\\/Audi-A6S6RS6C7.jpg\",\"datePublished\":\"2024-09-17T21:46:52+00:00\",\"description\":\"Buy a Audi A6\\\/S6\\\/RS6\\\/C7 Mileage Blocker for the Best Prices \u2713 Free Shipping \u2713 Incl. Installation Guides\",\"breadcrumb\":{\"@id\":\"https:\\\/\\\/kmblock.com\\\/es\\\/product\\\/audi-a6-s6-rs6-c7\\\/#breadcrumb\"},\"inLanguage\":\"es\",\"potentialAction\":[{\"@type\":\"ReadAction\",\"target\":[\"https:\\\/\\\/kmblock.com\\\/es\\\/product\\\/audi-a6-s6-rs6-c7\\\/\"]}]},{\"@type\":\"ImageObject\",\"inLanguage\":\"es\",\"@id\":\"https:\\\/\\\/kmblock.com\\\/es\\\/product\\\/audi-a6-s6-rs6-c7\\\/#primaryimage\",\"url\":\"https:\\\/\\\/kmblock.com\\\/wp-content\\\/uploads\\\/2024\\\/09\\\/Audi-A6S6RS6C7.jpg\",\"contentUrl\":\"https:\\\/\\\/kmblock.com\\\/wp-content\\\/uploads\\\/2024\\\/09\\\/Audi-A6S6RS6C7.jpg\",\"width\":800,\"height\":800,\"caption\":\"Audi A6\\\/S6\\\/RS6\\\/C7\"},{\"@type\":\"BreadcrumbList\",\"@id\":\"https:\\\/\\\/kmblock.com\\\/es\\\/product\\\/audi-a6-s6-rs6-c7\\\/#breadcrumb\",\"itemListElement\":[{\"@type\":\"ListItem\",\"position\":1,\"name\":\"Inicio\",\"item\":\"https:\\\/\\\/kmblock.com\\\/es\\\/\"},{\"@type\":\"ListItem\",\"position\":2,\"name\":\"Productos\",\"item\":\"https:\\\/\\\/kmblock.com\\\/es\\\/shop\\\/\"},{\"@type\":\"ListItem\",\"position\":3,\"name\":\"Audi A6\\\/S6\\\/RS6\\\/C7\"}]},{\"@type\":\"WebSite\",\"@id\":\"https:\\\/\\\/kmblock.com\\\/es\\\/#website\",\"url\":\"https:\\\/\\\/kmblock.com\\\/es\\\/\",\"name\":\"KM Block\",\"description\":\"\",\"publisher\":{\"@id\":\"https:\\\/\\\/kmblock.com\\\/es\\\/#organization\"},\"potentialAction\":[{\"@type\":\"SearchAction\",\"target\":{\"@type\":\"EntryPoint\",\"urlTemplate\":\"https:\\\/\\\/kmblock.com\\\/es\\\/?s={search_term_string}\"},\"query-input\":{\"@type\":\"PropertyValueSpecification\",\"valueRequired\":true,\"valueName\":\"search_term_string\"}}],\"inLanguage\":\"es\"},{\"@type\":\"Organization\",\"@id\":\"https:\\\/\\\/kmblock.com\\\/es\\\/#organization\",\"name\":\"Bloque KM\",\"url\":\"https:\\\/\\\/kmblock.com\\\/es\\\/\",\"logo\":{\"@type\":\"ImageObject\",\"inLanguage\":\"es\",\"@id\":\"https:\\\/\\\/kmblock.com\\\/es\\\/#\\\/schema\\\/logo\\\/image\\\/\",\"url\":\"https:\\\/\\\/kmblock.com\\\/wp-content\\\/uploads\\\/2024\\\/08\\\/main-logo.png\",\"contentUrl\":\"https:\\\/\\\/kmblock.com\\\/wp-content\\\/uploads\\\/2024\\\/08\\\/main-logo.png\",\"width\":186,\"height\":28,\"caption\":\"Bloque KM\"},\"image\":{\"@id\":\"https:\\\/\\\/kmblock.com\\\/es\\\/#\\\/schema\\\/logo\\\/image\\\/\"}}]}<\/script>\n<!-- \/ Yoast SEO plugin. -->","yoast_head_json":{"title":"Audi A6\/S6\/RS6\/C7 Mileage Blocker (KM stopper) \u2192 KM Block","description":"Buy a Audi A6\/S6\/RS6\/C7 Mileage Blocker for the Best Prices \u2713 Free Shipping \u2713 Incl. Installation Guides","robots":{"index":"index","follow":"follow","max-snippet":"max-snippet:-1","max-image-preview":"max-image-preview:large","max-video-preview":"max-video-preview:-1"},"og_locale":"es_ES","og_type":"article","og_title":"Audi A6\/S6\/RS6\/C7 Mileage Blocker (KM stopper) \u2192 KM Block","og_description":"Buy a Audi A6\/S6\/RS6\/C7 Mileage Blocker for the Best Prices \u2713 Free Shipping \u2713 Incl. Installation Guides","og_url":"https:\/\/kmblock.com\/es\/product\/audi-a6-s6-rs6-c7\/","og_site_name":"KM Block","og_image":[{"width":800,"height":800,"url":"https:\/\/kmblock.com\/wp-content\/uploads\/2024\/09\/Audi-A6S6RS6C7.jpg","type":"image\/jpeg"}],"twitter_card":"summary_large_image","twitter_misc":{"Tiempo de lectura":"3 minutos"},"schema":{"@context":"https:\/\/schema.org","@graph":[{"@type":"WebPage","@id":"https:\/\/kmblock.com\/es\/product\/audi-a6-s6-rs6-c7\/","url":"https:\/\/kmblock.com\/es\/product\/audi-a6-s6-rs6-c7\/","name":"Audi A6\/S6\/RS6\/C7 Mileage Blocker (KM stopper) \u2192 KM Block","isPartOf":{"@id":"https:\/\/kmblock.com\/es\/#website"},"primaryImageOfPage":{"@id":"https:\/\/kmblock.com\/es\/product\/audi-a6-s6-rs6-c7\/#primaryimage"},"image":{"@id":"https:\/\/kmblock.com\/es\/product\/audi-a6-s6-rs6-c7\/#primaryimage"},"thumbnailUrl":"https:\/\/kmblock.com\/wp-content\/uploads\/2024\/09\/Audi-A6S6RS6C7.jpg","datePublished":"2024-09-17T21:46:52+00:00","description":"Buy a Audi A6\/S6\/RS6\/C7 Mileage Blocker for the Best Prices \u2713 Free Shipping \u2713 Incl. Installation Guides","breadcrumb":{"@id":"https:\/\/kmblock.com\/es\/product\/audi-a6-s6-rs6-c7\/#breadcrumb"},"inLanguage":"es","potentialAction":[{"@type":"ReadAction","target":["https:\/\/kmblock.com\/es\/product\/audi-a6-s6-rs6-c7\/"]}]},{"@type":"ImageObject","inLanguage":"es","@id":"https:\/\/kmblock.com\/es\/product\/audi-a6-s6-rs6-c7\/#primaryimage","url":"https:\/\/kmblock.com\/wp-content\/uploads\/2024\/09\/Audi-A6S6RS6C7.jpg","contentUrl":"https:\/\/kmblock.com\/wp-content\/uploads\/2024\/09\/Audi-A6S6RS6C7.jpg","width":800,"height":800,"caption":"Audi A6\/S6\/RS6\/C7"},{"@type":"BreadcrumbList","@id":"https:\/\/kmblock.com\/es\/product\/audi-a6-s6-rs6-c7\/#breadcrumb","itemListElement":[{"@type":"ListItem","position":1,"name":"Inicio","item":"https:\/\/kmblock.com\/es\/"},{"@type":"ListItem","position":2,"name":"Productos","item":"https:\/\/kmblock.com\/es\/shop\/"},{"@type":"ListItem","position":3,"name":"Audi A6\/S6\/RS6\/C7"}]},{"@type":"WebSite","@id":"https:\/\/kmblock.com\/es\/#website","url":"https:\/\/kmblock.com\/es\/","name":"KM Block","description":"","publisher":{"@id":"https:\/\/kmblock.com\/es\/#organization"},"potentialAction":[{"@type":"SearchAction","target":{"@type":"EntryPoint","urlTemplate":"https:\/\/kmblock.com\/es\/?s={search_term_string}"},"query-input":{"@type":"PropertyValueSpecification","valueRequired":true,"valueName":"search_term_string"}}],"inLanguage":"es"},{"@type":"Organization","@id":"https:\/\/kmblock.com\/es\/#organization","name":"Bloque KM","url":"https:\/\/kmblock.com\/es\/","logo":{"@type":"ImageObject","inLanguage":"es","@id":"https:\/\/kmblock.com\/es\/#\/schema\/logo\/image\/","url":"https:\/\/kmblock.com\/wp-content\/uploads\/2024\/08\/main-logo.png","contentUrl":"https:\/\/kmblock.com\/wp-content\/uploads\/2024\/08\/main-logo.png","width":186,"height":28,"caption":"Bloque KM"},"image":{"@id":"https:\/\/kmblock.com\/es\/#\/schema\/logo\/image\/"}}]}},"_links":{"self":[{"href":"https:\/\/kmblock.com\/es\/wp-json\/wp\/v2\/product\/9613","targetHints":{"allow":["GET"]}}],"collection":[{"href":"https:\/\/kmblock.com\/es\/wp-json\/wp\/v2\/product"}],"about":[{"href":"https:\/\/kmblock.com\/es\/wp-json\/wp\/v2\/types\/product"}],"replies":[{"embeddable":true,"href":"https:\/\/kmblock.com\/es\/wp-json\/wp\/v2\/comments?post=9613"}],"wp:featuredmedia":[{"embeddable":true,"href":"https:\/\/kmblock.com\/es\/wp-json\/wp\/v2\/media\/659"}],"wp:attachment":[{"href":"https:\/\/kmblock.com\/es\/wp-json\/wp\/v2\/media?parent=9613"}],"wp:term":[{"taxonomy":"product_brand","embeddable":true,"href":"https:\/\/kmblock.com\/es\/wp-json\/wp\/v2\/product_brand?post=9613"},{"taxonomy":"product_cat","embeddable":true,"href":"https:\/\/kmblock.com\/es\/wp-json\/wp\/v2\/product_cat?post=9613"},{"taxonomy":"product_tag","embeddable":true,"href":"https:\/\/kmblock.com\/es\/wp-json\/wp\/v2\/product_tag?post=9613"}],"curies":[{"name":"wp","href":"https:\/\/api.w.org\/{rel}","templated":true}]}}