{"id":9595,"date":"2024-09-17T15:07:29","date_gmt":"2024-09-17T15:07:29","guid":{"rendered":"https:\/\/kmblock.com\/product\/audi-a4-s4-rs4-b8\/"},"modified":"2026-02-18T20:10:34","modified_gmt":"2026-02-18T20:10:34","slug":"audi-a4-s4-rs4-b8","status":"publish","type":"product","link":"https:\/\/kmblock.com\/es\/product\/audi-a4-s4-rs4-b8\/","title":{"rendered":"Audi A4\/S4\/RS4\/B8"},"content":{"rendered":"<h3><strong>BLOQUEADOR DE KILOMETRAJE PARA AUDI A4\/S4\/RS4 B8<\/strong><\/h3>\n<h3><strong>Bloqueador de kilometraje Audi A4\/S4\/RS4 B8<\/strong><\/h3>\n<p>El bloqueador de cuentakil\u00f3metros Audi A4\/S4\/RS4 B8 -a menudo denominado bloqueador de cuentakil\u00f3metros, bloqueador de cuentakil\u00f3metros, bloqueador de bidones, bloqueador de cuentakil\u00f3metros, cuentakil\u00f3metros parcial, filtro de bidones o incluso herramienta de correcci\u00f3n de cuentakil\u00f3metros- ofrece una c\u00f3moda soluci\u00f3n para controlar las lecturas de cuentakil\u00f3metros de tu veh\u00edculo.<\/p>\n<h3><strong>Especificaciones:<\/strong><\/h3>\n<ul>\n<li><strong>Sin mensajes de error:<\/strong> No aparecer\u00e1n mensajes de advertencia en el veloc\u00edmetro ni en el panel de navegaci\u00f3n.<\/li>\n<li><strong>F\u00e1cil instalaci\u00f3n:<\/strong> Instalaci\u00f3n sencilla con un dise\u00f1o f\u00e1cil de usar.<\/li>\n<li><strong>Ajuste suave:<\/strong> Presenta una cara de acoplamiento y rebordes en el conector para una instalaci\u00f3n sin complicaciones.<\/li>\n<li><strong>Funcionamiento sencillo:<\/strong> Funciona con varias combinaciones de teclas.<\/li>\n<li><strong>Sin cambios permanentes:<\/strong> Desmontable sin dejar rastros: no es necesario soldar ni cortar cables.<\/li>\n<li><strong>Control sobre la marcha:<\/strong> Se puede activar o desactivar mientras conduces.<\/li>\n<li><strong>Componentes duraderos:<\/strong> Incluye enchufes de primera calidad y cables resistentes al calor.<\/li>\n<li><strong>Ajustes persistentes:<\/strong> Los ajustes elegidos se conservan sin aumento autom\u00e1tico del kilometraje tras su eliminaci\u00f3n.<\/li>\n<li><strong>Compatibilidad de sistemas:<\/strong> Garantiza un funcionamiento impecable del veloc\u00edmetro y otros sistemas de asistencia.<\/li>\n<li><strong>Precisi\u00f3n del kilometraje:<\/strong> Permite hasta un 1% de desviaci\u00f3n en el kilometraje; los detalles del kilometraje detenido son aproximados.<\/li>\n<\/ul>\n<h3><strong>Activaci\u00f3n y desactivaci\u00f3n:<\/strong><\/h3>\n<ul>\n<li><strong>Mediante control manual:<\/strong> Presiona la palanca del limpiaparabrisas durante 10 segundos para activarlo o desactivarlo.<\/li>\n<\/ul>\n<h3><strong>Opciones de modo:<\/strong><\/h3>\n<p>Act\u00edvalo pulsando al mismo tiempo los botones \u00abOk\u00bb y \u00abvolumen\u00bb del manillar.<\/p>\n<p><strong>Modo Activado:<\/strong> cuenta 0% de kil\u00f3metros. Ambos intermitentes parpadean. <\/p>\n<p><strong>Modo Apagado:<\/strong> cuenta el 100% de los kil\u00f3metros. Ambos intermitentes parpadear\u00e1n. <\/p>\n<p><strong>Compatibilidad:<\/strong> Este dispositivo es adecuado para todos los modelos Audi A4\/S4\/RS4 B8 fabricados entre 2007 y 2015.<\/p>\n<p><strong>Acerca del Bloqueador de Kilometraje Audi A4\/S4\/RS4 B8:<\/strong> Nuestro Bloqueador de Kilometraje te permite detener el kilometraje durante las pruebas de rendimiento, utilizando componentes de alta calidad y un software adaptado a cada modelo de veh\u00edculo. Esta herramienta es eficaz tanto para motores di\u00e9sel como de gasolina, as\u00ed como para veh\u00edculos el\u00e9ctricos h\u00edbridos enchufables (PHEV) y coches el\u00e9ctricos. <\/p>\n<p>Ten en cuenta que no ofrecemos herramientas de Correcci\u00f3n del Kilometraje dise\u00f1adas para enga\u00f1ar las lecturas del cuentakil\u00f3metros, que normalmente implican hacer retroceder el kilometraje y puede que no inviertan totalmente la distancia recorrida debido a las m\u00faltiples unidades de almacenamiento de datos de los veh\u00edculos.<\/p>\n<p><strong>La instalaci\u00f3n es sencilla:<\/strong> Conecta el m\u00f3dulo entre el puerto del veloc\u00edmetro y el cuadro de instrumentos para obtener beneficios instant\u00e1neos.<\/p>\n<p>Con el Bloqueador de Kilometraje Audi A4\/S4\/RS4 B8, tienes la flexibilidad de gestionar las lecturas de kilometraje seg\u00fan necesites, tanto si tu veh\u00edculo est\u00e1 en movimiento como parado.<\/p>\n","protected":false},"excerpt":{"rendered":"<div class=\"flex-shrink-0 flex flex-col relative items-end\">\n<div class=\"pt-0\">\n<div class=\"gizmo-bot-avatar flex h-8 w-8 items-center justify-center overflow-hidden rounded-full\">\n<div class=\"relative p-1 rounded-sm flex items-center justify-center bg-token-main-surface-primary text-token-text-primary h-8 w-8\">\n<p>Antes de comprarlo, es importante entender c\u00f3mo funciona el m\u00f3dulo, incluidas las instrucciones de activaci\u00f3n y las notas clave relativas a los mensajes de error y al rendimiento del sistema.<\/p>\n<p><strong>Compatibilidad: <\/strong><span style=\"font-family: -apple-system, BlinkMacSystemFont, 'Segoe UI', Roboto, 'Helvetica Neue', Arial, 'Noto Sans', sans-serif, 'Apple Color Emoji', 'Segoe UI Emoji', 'Segoe UI Symbol', 'Noto Color Emoji';\">Este dispositivo est\u00e1 dise\u00f1ado para todos los modelos Audi A4, S4 y RS4 B8 de 2007 a 2015. <\/span><span style=\"font-family: -apple-system, BlinkMacSystemFont, 'Segoe UI', Roboto, 'Helvetica Neue', Arial, 'Noto Sans', sans-serif, 'Apple Color Emoji', 'Segoe UI Emoji', 'Segoe UI Symbol', 'Noto Color Emoji';\">Sencilla instalaci\u00f3n DIY. <\/span><span style=\"font-family: -apple-system, BlinkMacSystemFont, 'Segoe UI', Roboto, 'Helvetica Neue', Arial, 'Noto Sans', sans-serif, 'Apple Color Emoji', 'Segoe UI Emoji', 'Segoe UI Symbol', 'Noto Color Emoji';\">Proporciona una mejora del rendimiento imposible de rastrear. <\/span><span style=\"font-family: -apple-system, BlinkMacSystemFont, 'Segoe UI', Roboto, 'Helvetica Neue', Arial, 'Noto Sans', sans-serif, 'Apple Color Emoji', 'Segoe UI Emoji', 'Segoe UI Symbol', 'Noto Color Emoji';\">Se puede activar durante la conducci\u00f3n. <\/span><span style=\"font-family: -apple-system, BlinkMacSystemFont, 'Segoe UI', Roboto, 'Helvetica Neue', Arial, 'Noto Sans', sans-serif, 'Apple Color Emoji', 'Segoe UI Emoji', 'Segoe UI Symbol', 'Noto Color Emoji';\">Equipado con enchufes de alta calidad y cables resistentes al calor. <\/span><span style=\"font-family: -apple-system, BlinkMacSystemFont, 'Segoe UI', Roboto, 'Helvetica Neue', Arial, 'Noto Sans', sans-serif, 'Apple Color Emoji', 'Segoe UI Emoji', 'Segoe UI Symbol', 'Noto Color Emoji';\">Garantiza un funcionamiento impecable del veloc\u00edmetro y los programas de asistencia.<\/span><\/p>\n<div class=\"flex max-w-full flex-col flex-grow\">\n<div class=\"min-h-[20px] text-message flex w-full flex-col items-end gap-2 whitespace-normal break-words [.text-message+&amp;]:mt-5\" dir=\"auto\" data-message-author-role=\"assistant\" data-message-id=\"c95664c7-f80c-4b6d-9d3c-5951b8d1a343\">\n<div class=\"flex w-full flex-col gap-1 empty:hidden first:pt-[3px]\">\n<div class=\"markdown prose w-full break-words dark:prose-invert light\">\n<p class=\"p1\"><b> \u2705 Integraci\u00f3n perfecta<\/b><b><\/b><\/p>\n<p class=\"p1\">\u2705<b> F\u00e1cil instalaci\u00f3n<\/b><b><\/b><\/p>\n<p class=\"p1\">\u2705<b> Gesti\u00f3n precisa del kilometraje<\/b><b><\/b><\/p>\n<p class=\"p1\"><b> \u2705 Funcionamiento en modo oculto<\/b><b><\/b><\/p>\n<p class=\"p1\"><span class=\"s1\">\u2705<\/span><b> Soporte y actualizaciones de por vida<\/b><\/p>\n<\/div>\n<\/div>\n<\/div>\n<\/div>\n<\/div>\n<\/div>\n<\/div>\n<\/div>\n","protected":false},"featured_media":644,"comment_status":"open","ping_status":"closed","template":"","meta":[],"product_brand":[],"product_cat":[853],"product_tag":[],"class_list":{"0":"post-9595","1":"product","2":"type-product","3":"status-publish","4":"has-post-thumbnail","6":"product_cat-audi","8":"first","9":"instock","10":"taxable","11":"shipping-taxable","12":"purchasable","13":"product-type-variable"},"yoast_head":"<!-- This site is optimized with the Yoast SEO plugin v27.5 - https:\/\/yoast.com\/product\/yoast-seo-wordpress\/ -->\n<title>Audi A4\/S4\/RS4\/B8 Mileage Blocker (KM stopper) \u2192 KM Block<\/title>\n<meta name=\"description\" content=\"Buy a Audi A4\/S4\/RS4\/B8 Mileage Blocker for the Best Prices \u2713 Free Shipping \u2713 Incl. Installation Guides\" \/>\n<meta name=\"robots\" content=\"index, follow, max-snippet:-1, max-image-preview:large, max-video-preview:-1\" \/>\n<meta property=\"og:locale\" content=\"es_ES\" \/>\n<meta property=\"og:type\" content=\"article\" \/>\n<meta property=\"og:title\" content=\"Audi A4\/S4\/RS4\/B8 Mileage Blocker (KM stopper) \u2192 KM Block\" \/>\n<meta property=\"og:description\" content=\"Buy a Audi A4\/S4\/RS4\/B8 Mileage Blocker for the Best Prices \u2713 Free Shipping \u2713 Incl. Installation Guides\" \/>\n<meta property=\"og:url\" content=\"https:\/\/kmblock.com\/es\/product\/audi-a4-s4-rs4-b8\/\" \/>\n<meta property=\"og:site_name\" content=\"KM Block\" \/>\n<meta property=\"article:modified_time\" content=\"2026-02-18T20:10:34+00:00\" \/>\n<meta property=\"og:image\" content=\"https:\/\/kmblock.com\/wp-content\/uploads\/2024\/09\/Audi-A4-S4-RS4-B8-2007-2015.jpg\" \/>\n\t<meta property=\"og:image:width\" content=\"800\" \/>\n\t<meta property=\"og:image:height\" content=\"800\" \/>\n\t<meta property=\"og:image:type\" content=\"image\/jpeg\" \/>\n<meta name=\"twitter:card\" content=\"summary_large_image\" \/>\n<meta name=\"twitter:label1\" content=\"Tiempo de lectura\" \/>\n\t<meta name=\"twitter:data1\" content=\"2 minutos\" \/>\n<script type=\"application\/ld+json\" class=\"yoast-schema-graph\">{\"@context\":\"https:\\\/\\\/schema.org\",\"@graph\":[{\"@type\":\"WebPage\",\"@id\":\"https:\\\/\\\/kmblock.com\\\/es\\\/product\\\/audi-a4-s4-rs4-b8\\\/\",\"url\":\"https:\\\/\\\/kmblock.com\\\/es\\\/product\\\/audi-a4-s4-rs4-b8\\\/\",\"name\":\"Audi A4\\\/S4\\\/RS4\\\/B8 Mileage Blocker (KM stopper) \u2192 KM Block\",\"isPartOf\":{\"@id\":\"https:\\\/\\\/kmblock.com\\\/es\\\/#website\"},\"primaryImageOfPage\":{\"@id\":\"https:\\\/\\\/kmblock.com\\\/es\\\/product\\\/audi-a4-s4-rs4-b8\\\/#primaryimage\"},\"image\":{\"@id\":\"https:\\\/\\\/kmblock.com\\\/es\\\/product\\\/audi-a4-s4-rs4-b8\\\/#primaryimage\"},\"thumbnailUrl\":\"https:\\\/\\\/kmblock.com\\\/wp-content\\\/uploads\\\/2024\\\/09\\\/Audi-A4-S4-RS4-B8-2007-2015.jpg\",\"datePublished\":\"2024-09-17T15:07:29+00:00\",\"dateModified\":\"2026-02-18T20:10:34+00:00\",\"description\":\"Buy a Audi A4\\\/S4\\\/RS4\\\/B8 Mileage Blocker for the Best Prices \u2713 Free Shipping \u2713 Incl. Installation Guides\",\"breadcrumb\":{\"@id\":\"https:\\\/\\\/kmblock.com\\\/es\\\/product\\\/audi-a4-s4-rs4-b8\\\/#breadcrumb\"},\"inLanguage\":\"es\",\"potentialAction\":[{\"@type\":\"ReadAction\",\"target\":[\"https:\\\/\\\/kmblock.com\\\/es\\\/product\\\/audi-a4-s4-rs4-b8\\\/\"]}]},{\"@type\":\"ImageObject\",\"inLanguage\":\"es\",\"@id\":\"https:\\\/\\\/kmblock.com\\\/es\\\/product\\\/audi-a4-s4-rs4-b8\\\/#primaryimage\",\"url\":\"https:\\\/\\\/kmblock.com\\\/wp-content\\\/uploads\\\/2024\\\/09\\\/Audi-A4-S4-RS4-B8-2007-2015.jpg\",\"contentUrl\":\"https:\\\/\\\/kmblock.com\\\/wp-content\\\/uploads\\\/2024\\\/09\\\/Audi-A4-S4-RS4-B8-2007-2015.jpg\",\"width\":800,\"height\":800,\"caption\":\"Audi-A4-S4-RS4-B8-2007-2015\"},{\"@type\":\"BreadcrumbList\",\"@id\":\"https:\\\/\\\/kmblock.com\\\/es\\\/product\\\/audi-a4-s4-rs4-b8\\\/#breadcrumb\",\"itemListElement\":[{\"@type\":\"ListItem\",\"position\":1,\"name\":\"Inicio\",\"item\":\"https:\\\/\\\/kmblock.com\\\/es\\\/\"},{\"@type\":\"ListItem\",\"position\":2,\"name\":\"Productos\",\"item\":\"https:\\\/\\\/kmblock.com\\\/es\\\/shop\\\/\"},{\"@type\":\"ListItem\",\"position\":3,\"name\":\"Audi A4\\\/S4\\\/RS4\\\/B8\"}]},{\"@type\":\"WebSite\",\"@id\":\"https:\\\/\\\/kmblock.com\\\/es\\\/#website\",\"url\":\"https:\\\/\\\/kmblock.com\\\/es\\\/\",\"name\":\"KM Block\",\"description\":\"\",\"publisher\":{\"@id\":\"https:\\\/\\\/kmblock.com\\\/es\\\/#organization\"},\"potentialAction\":[{\"@type\":\"SearchAction\",\"target\":{\"@type\":\"EntryPoint\",\"urlTemplate\":\"https:\\\/\\\/kmblock.com\\\/es\\\/?s={search_term_string}\"},\"query-input\":{\"@type\":\"PropertyValueSpecification\",\"valueRequired\":true,\"valueName\":\"search_term_string\"}}],\"inLanguage\":\"es\"},{\"@type\":\"Organization\",\"@id\":\"https:\\\/\\\/kmblock.com\\\/es\\\/#organization\",\"name\":\"Bloque KM\",\"url\":\"https:\\\/\\\/kmblock.com\\\/es\\\/\",\"logo\":{\"@type\":\"ImageObject\",\"inLanguage\":\"es\",\"@id\":\"https:\\\/\\\/kmblock.com\\\/es\\\/#\\\/schema\\\/logo\\\/image\\\/\",\"url\":\"https:\\\/\\\/kmblock.com\\\/wp-content\\\/uploads\\\/2024\\\/08\\\/main-logo.png\",\"contentUrl\":\"https:\\\/\\\/kmblock.com\\\/wp-content\\\/uploads\\\/2024\\\/08\\\/main-logo.png\",\"width\":186,\"height\":28,\"caption\":\"Bloque KM\"},\"image\":{\"@id\":\"https:\\\/\\\/kmblock.com\\\/es\\\/#\\\/schema\\\/logo\\\/image\\\/\"}}]}<\/script>\n<!-- \/ Yoast SEO plugin. -->","yoast_head_json":{"title":"Audi A4\/S4\/RS4\/B8 Mileage Blocker (KM stopper) \u2192 KM Block","description":"Buy a Audi A4\/S4\/RS4\/B8 Mileage Blocker for the Best Prices \u2713 Free Shipping \u2713 Incl. Installation Guides","robots":{"index":"index","follow":"follow","max-snippet":"max-snippet:-1","max-image-preview":"max-image-preview:large","max-video-preview":"max-video-preview:-1"},"og_locale":"es_ES","og_type":"article","og_title":"Audi A4\/S4\/RS4\/B8 Mileage Blocker (KM stopper) \u2192 KM Block","og_description":"Buy a Audi A4\/S4\/RS4\/B8 Mileage Blocker for the Best Prices \u2713 Free Shipping \u2713 Incl. Installation Guides","og_url":"https:\/\/kmblock.com\/es\/product\/audi-a4-s4-rs4-b8\/","og_site_name":"KM Block","article_modified_time":"2026-02-18T20:10:34+00:00","og_image":[{"width":800,"height":800,"url":"https:\/\/kmblock.com\/wp-content\/uploads\/2024\/09\/Audi-A4-S4-RS4-B8-2007-2015.jpg","type":"image\/jpeg"}],"twitter_card":"summary_large_image","twitter_misc":{"Tiempo de lectura":"2 minutos"},"schema":{"@context":"https:\/\/schema.org","@graph":[{"@type":"WebPage","@id":"https:\/\/kmblock.com\/es\/product\/audi-a4-s4-rs4-b8\/","url":"https:\/\/kmblock.com\/es\/product\/audi-a4-s4-rs4-b8\/","name":"Audi A4\/S4\/RS4\/B8 Mileage Blocker (KM stopper) \u2192 KM Block","isPartOf":{"@id":"https:\/\/kmblock.com\/es\/#website"},"primaryImageOfPage":{"@id":"https:\/\/kmblock.com\/es\/product\/audi-a4-s4-rs4-b8\/#primaryimage"},"image":{"@id":"https:\/\/kmblock.com\/es\/product\/audi-a4-s4-rs4-b8\/#primaryimage"},"thumbnailUrl":"https:\/\/kmblock.com\/wp-content\/uploads\/2024\/09\/Audi-A4-S4-RS4-B8-2007-2015.jpg","datePublished":"2024-09-17T15:07:29+00:00","dateModified":"2026-02-18T20:10:34+00:00","description":"Buy a Audi A4\/S4\/RS4\/B8 Mileage Blocker for the Best Prices \u2713 Free Shipping \u2713 Incl. Installation Guides","breadcrumb":{"@id":"https:\/\/kmblock.com\/es\/product\/audi-a4-s4-rs4-b8\/#breadcrumb"},"inLanguage":"es","potentialAction":[{"@type":"ReadAction","target":["https:\/\/kmblock.com\/es\/product\/audi-a4-s4-rs4-b8\/"]}]},{"@type":"ImageObject","inLanguage":"es","@id":"https:\/\/kmblock.com\/es\/product\/audi-a4-s4-rs4-b8\/#primaryimage","url":"https:\/\/kmblock.com\/wp-content\/uploads\/2024\/09\/Audi-A4-S4-RS4-B8-2007-2015.jpg","contentUrl":"https:\/\/kmblock.com\/wp-content\/uploads\/2024\/09\/Audi-A4-S4-RS4-B8-2007-2015.jpg","width":800,"height":800,"caption":"Audi-A4-S4-RS4-B8-2007-2015"},{"@type":"BreadcrumbList","@id":"https:\/\/kmblock.com\/es\/product\/audi-a4-s4-rs4-b8\/#breadcrumb","itemListElement":[{"@type":"ListItem","position":1,"name":"Inicio","item":"https:\/\/kmblock.com\/es\/"},{"@type":"ListItem","position":2,"name":"Productos","item":"https:\/\/kmblock.com\/es\/shop\/"},{"@type":"ListItem","position":3,"name":"Audi A4\/S4\/RS4\/B8"}]},{"@type":"WebSite","@id":"https:\/\/kmblock.com\/es\/#website","url":"https:\/\/kmblock.com\/es\/","name":"KM Block","description":"","publisher":{"@id":"https:\/\/kmblock.com\/es\/#organization"},"potentialAction":[{"@type":"SearchAction","target":{"@type":"EntryPoint","urlTemplate":"https:\/\/kmblock.com\/es\/?s={search_term_string}"},"query-input":{"@type":"PropertyValueSpecification","valueRequired":true,"valueName":"search_term_string"}}],"inLanguage":"es"},{"@type":"Organization","@id":"https:\/\/kmblock.com\/es\/#organization","name":"Bloque KM","url":"https:\/\/kmblock.com\/es\/","logo":{"@type":"ImageObject","inLanguage":"es","@id":"https:\/\/kmblock.com\/es\/#\/schema\/logo\/image\/","url":"https:\/\/kmblock.com\/wp-content\/uploads\/2024\/08\/main-logo.png","contentUrl":"https:\/\/kmblock.com\/wp-content\/uploads\/2024\/08\/main-logo.png","width":186,"height":28,"caption":"Bloque KM"},"image":{"@id":"https:\/\/kmblock.com\/es\/#\/schema\/logo\/image\/"}}]}},"_links":{"self":[{"href":"https:\/\/kmblock.com\/es\/wp-json\/wp\/v2\/product\/9595","targetHints":{"allow":["GET"]}}],"collection":[{"href":"https:\/\/kmblock.com\/es\/wp-json\/wp\/v2\/product"}],"about":[{"href":"https:\/\/kmblock.com\/es\/wp-json\/wp\/v2\/types\/product"}],"replies":[{"embeddable":true,"href":"https:\/\/kmblock.com\/es\/wp-json\/wp\/v2\/comments?post=9595"}],"wp:featuredmedia":[{"embeddable":true,"href":"https:\/\/kmblock.com\/es\/wp-json\/wp\/v2\/media\/644"}],"wp:attachment":[{"href":"https:\/\/kmblock.com\/es\/wp-json\/wp\/v2\/media?parent=9595"}],"wp:term":[{"taxonomy":"product_brand","embeddable":true,"href":"https:\/\/kmblock.com\/es\/wp-json\/wp\/v2\/product_brand?post=9595"},{"taxonomy":"product_cat","embeddable":true,"href":"https:\/\/kmblock.com\/es\/wp-json\/wp\/v2\/product_cat?post=9595"},{"taxonomy":"product_tag","embeddable":true,"href":"https:\/\/kmblock.com\/es\/wp-json\/wp\/v2\/product_tag?post=9595"}],"curies":[{"name":"wp","href":"https:\/\/api.w.org\/{rel}","templated":true}]}}