{"id":9591,"date":"2024-09-17T15:36:43","date_gmt":"2024-09-17T15:36:43","guid":{"rendered":"https:\/\/kmblock.com\/product\/audi-a4-s4-rs4-b9\/"},"modified":"2024-09-17T15:36:43","modified_gmt":"2024-09-17T15:36:43","slug":"audi-a4-s4-rs4-b9","status":"publish","type":"product","link":"https:\/\/kmblock.com\/es\/product\/audi-a4-s4-rs4-b9\/","title":{"rendered":"Audi A4\/S4\/RS4\/B9"},"content":{"rendered":"<h3><strong>Bloqueador de kilometraje para Audi A4\/S4\/RS4 &#8211; B9<\/strong><\/h3>\n<p>El bloqueador de cuentakil\u00f3metros para modelos Audi A4, S4 y RS4 B9, a veces denominado bloqueador de cuentakil\u00f3metros, bloqueador de cuentakil\u00f3metros, bloqueador de latas, bloqueador de cuentakil\u00f3metros, cuentakil\u00f3metros parcial, filtro de latas o incluso herramienta de correcci\u00f3n de cuentakil\u00f3metros, est\u00e1 dise\u00f1ado para funcionar con todos los modelos B9 lanzados desde 2015.<\/p>\n<h3><strong>Especificaciones:<\/strong><\/h3>\n<ul>\n<li>Ofrece m\u00faltiples modos operativos<\/li>\n<li>Instalaci\u00f3n sencilla de bricolaje<\/li>\n<li>La cara de acoplamiento y los rebordes del conector facilitan la instalaci\u00f3n<\/li>\n<li>Funciona con varias combinaciones de teclas<\/li>\n<li>Imposible de rastrear: no es necesario soldar ni cortar cables<\/li>\n<li>Viene con enchufes y cables de alta calidad y resistentes al calor<\/li>\n<li>Los ajustes se guardan permanentemente<\/li>\n<li>El kilometraje no cambia despu\u00e9s de retirar el m\u00f3dulo<\/li>\n<li>No hay mensajes de error en el veloc\u00edmetro ni en la pantalla de navegaci\u00f3n<\/li>\n<li>El rendimiento es irrastreable<\/li>\n<li>Nota: La activaci\u00f3n puede activar la luz de control del motor en veh\u00edculos de finales de 2020.<\/li>\n<\/ul>\n<p><strong>Aviso importante:<\/strong> Si tu veh\u00edculo ha tenido una actualizaci\u00f3n reciente del fabricante, es posible que los m\u00e9todos de activaci\u00f3n anteriores ya no funcionen. S\u00f3lo ser\u00e1n efectivos el Modo 3 (Parada Completa) y el Modo 4 (Conteo Completo). Para activar el m\u00f3dulo, apaga completamente el veh\u00edculo cinco veces seguidas. Se proporcionar\u00e1n instrucciones detalladas en un archivo PDF despu\u00e9s de la compra.   <\/p>\n<h3><strong>Activaci\u00f3n y desactivaci\u00f3n (con indicador de velocidad de trabajo):<\/strong><\/h3>\n<p><span data-sheets-root=\"1\">\u00bb Con el mando \u00abok\u00bb en el volante, mant\u00e9n pulsado hasta que parpadee el intermitente.<\/span><\/p>\n<p><strong>Modo 1<\/strong>: 1 parpadeo a la izquierda 18 por ciento (Todo funciona velocidad crucero, etc.)<\/p>\n<p><strong>Modo 2<\/strong>: 2 parpadeos a la izquierda 0 por ciento (sin velocidad, sin indicador de combustible)<\/p>\n<p><strong>Modo 3<\/strong>: 1 parpadeo a la derecha 100% (original)\u00bb.<\/p>\n<h3><strong>\u00bfQu\u00e9 es el bloqueador de kilometraje Audi A4 S4 RS4 B9?<\/strong><\/h3>\n<p>El Bloqueador de Kilometraje Audi A4 S4 RS4 B9 est\u00e1 dise\u00f1ado para detener el registro del kilometraje mientras compruebas las prestaciones de tu veh\u00edculo. Esta herramienta funciona eficazmente con veh\u00edculos di\u00e9sel, de gasolina, h\u00edbridos enchufables y el\u00e9ctricos, independientemente de si el cuentakil\u00f3metros mide en millas o en kil\u00f3metros. Nuestro software especializado garantiza una compatibilidad perfecta con cada marca y modelo. S\u00f3lo tienes que instalar el m\u00f3dulo y utilizar las combinaciones de teclas designadas para cambiar de modo.   <\/p>\n<p>Ten en cuenta que no ofrecemos herramientas de correcci\u00f3n del kilometraje para Audi A4 S4 RS4 B9, ya que est\u00e1n pensadas para un uso fraudulento, como hacer retroceder el kilometraje. Estas herramientas suelen ser ineficaces debido a las m\u00faltiples unidades de almacenamiento de datos de los veh\u00edculos. <\/p>\n<p>Disponemos de una variedad de dispositivos de Tope de Kilometraje adecuados para distintos veh\u00edculos. La instalaci\u00f3n es sencilla y no requiere conocimientos avanzados de mantenimiento del veh\u00edculo. Basta con conectar el m\u00f3dulo entre el puerto del veloc\u00edmetro y el cuadro de instrumentos para disfrutar de sus ventajas.  <\/p>\n<p>El bloqueador de kilometraje Audi A4 S4 RS4 B9 es un dispositivo \u00fanico que permite realizar pruebas de rendimiento en un entorno controlado.<\/p>\n","protected":false},"excerpt":{"rendered":"<div class=\"flex-shrink-0 flex flex-col relative items-end\">\n<div class=\"pt-0\">\n<div class=\"gizmo-bot-avatar flex h-8 w-8 items-center justify-center overflow-hidden rounded-full\">\n<div class=\"relative p-1 rounded-sm flex items-center justify-center bg-token-main-surface-primary text-token-text-primary h-8 w-8\">\n<p>Antes de realizar un pedido, revisa atentamente la siguiente informaci\u00f3n relativa a la activaci\u00f3n del m\u00f3dulo, los mensajes de error y la funcionalidad.<\/p>\n<p><strong>Compatibilidad: ESTE DISPOSITIVO ES COMPATIBLE CON TODOS LOS MODELOS AUDI A4\/S4\/RS4 B9 LANZADOS DESDE 2015.  <\/strong>El correcto funcionamiento del veloc\u00edmetro y de los sistemas de asistencia depende del veloc\u00edmetro de tu veh\u00edculo. El veloc\u00edmetro y los sistemas de asistencia no interact\u00faan con los indicadores de combustible y temperatura. El m\u00f3dulo funciona independientemente del indicador de temperatura y combustible. Construido con conectores de primera calidad y cables resistentes al calor. Instalaci\u00f3n f\u00e1cil, hazlo t\u00fa mismo.    <\/p>\n<p class=\"p1\"><b> \u2705 Integraci\u00f3n perfecta<\/b><b><\/b><\/p>\n<p class=\"p1\">\u2705<b> F\u00e1cil instalaci\u00f3n<\/b><b><\/b><\/p>\n<p class=\"p1\">\u2705<b> Gesti\u00f3n precisa del kilometraje<\/b><b><\/b><\/p>\n<p class=\"p1\"><b> \u2705 Funcionamiento en modo oculto<\/b><b><\/b><\/p>\n<p class=\"p1\"><span class=\"s1\">\u2705<\/span><b> Soporte y actualizaciones de por vida<\/b><\/p>\n<\/div>\n<\/div>\n<\/div>\n<\/div>\n","protected":false},"featured_media":652,"comment_status":"open","ping_status":"closed","template":"","meta":[],"product_brand":[],"product_cat":[853],"product_tag":[],"class_list":{"0":"post-9591","1":"product","2":"type-product","3":"status-publish","4":"has-post-thumbnail","6":"product_cat-audi","8":"first","9":"instock","10":"taxable","11":"shipping-taxable","12":"purchasable","13":"product-type-variable"},"yoast_head":"<!-- This site is optimized with the Yoast SEO plugin v27.5 - https:\/\/yoast.com\/product\/yoast-seo-wordpress\/ -->\n<title>Audi A4\/S4\/RS4\/B9 Mileage Blocker (KM stopper) \u2192 KM Block<\/title>\n<meta name=\"description\" content=\"Buy a Audi A4\/S4\/RS4\/B9 Mileage Blocker for the Best Prices \u2713 Free Shipping \u2713 Incl. Installation Guides\" \/>\n<meta name=\"robots\" content=\"index, follow, max-snippet:-1, max-image-preview:large, max-video-preview:-1\" \/>\n<meta property=\"og:locale\" content=\"es_ES\" \/>\n<meta property=\"og:type\" content=\"article\" \/>\n<meta property=\"og:title\" content=\"Audi A4\/S4\/RS4\/B9 Mileage Blocker (KM stopper) \u2192 KM Block\" \/>\n<meta property=\"og:description\" content=\"Buy a Audi A4\/S4\/RS4\/B9 Mileage Blocker for the Best Prices \u2713 Free Shipping \u2713 Incl. Installation Guides\" \/>\n<meta property=\"og:url\" content=\"https:\/\/kmblock.com\/es\/product\/audi-a4-s4-rs4-b9\/\" \/>\n<meta property=\"og:site_name\" content=\"KM Block\" \/>\n<meta property=\"og:image\" content=\"https:\/\/kmblock.com\/wp-content\/uploads\/2024\/09\/Audi-A4-S4-RS4-B9.jpg\" \/>\n\t<meta property=\"og:image:width\" content=\"800\" \/>\n\t<meta property=\"og:image:height\" content=\"800\" \/>\n\t<meta property=\"og:image:type\" content=\"image\/jpeg\" \/>\n<meta name=\"twitter:card\" content=\"summary_large_image\" \/>\n<meta name=\"twitter:label1\" content=\"Tiempo de lectura\" \/>\n\t<meta name=\"twitter:data1\" content=\"3 minutos\" \/>\n<script type=\"application\/ld+json\" class=\"yoast-schema-graph\">{\"@context\":\"https:\\\/\\\/schema.org\",\"@graph\":[{\"@type\":\"WebPage\",\"@id\":\"https:\\\/\\\/kmblock.com\\\/es\\\/product\\\/audi-a4-s4-rs4-b9\\\/\",\"url\":\"https:\\\/\\\/kmblock.com\\\/es\\\/product\\\/audi-a4-s4-rs4-b9\\\/\",\"name\":\"Audi A4\\\/S4\\\/RS4\\\/B9 Mileage Blocker (KM stopper) \u2192 KM Block\",\"isPartOf\":{\"@id\":\"https:\\\/\\\/kmblock.com\\\/es\\\/#website\"},\"primaryImageOfPage\":{\"@id\":\"https:\\\/\\\/kmblock.com\\\/es\\\/product\\\/audi-a4-s4-rs4-b9\\\/#primaryimage\"},\"image\":{\"@id\":\"https:\\\/\\\/kmblock.com\\\/es\\\/product\\\/audi-a4-s4-rs4-b9\\\/#primaryimage\"},\"thumbnailUrl\":\"https:\\\/\\\/kmblock.com\\\/wp-content\\\/uploads\\\/2024\\\/09\\\/Audi-A4-S4-RS4-B9.jpg\",\"datePublished\":\"2024-09-17T15:36:43+00:00\",\"description\":\"Buy a Audi A4\\\/S4\\\/RS4\\\/B9 Mileage Blocker for the Best Prices \u2713 Free Shipping \u2713 Incl. Installation Guides\",\"breadcrumb\":{\"@id\":\"https:\\\/\\\/kmblock.com\\\/es\\\/product\\\/audi-a4-s4-rs4-b9\\\/#breadcrumb\"},\"inLanguage\":\"es\",\"potentialAction\":[{\"@type\":\"ReadAction\",\"target\":[\"https:\\\/\\\/kmblock.com\\\/es\\\/product\\\/audi-a4-s4-rs4-b9\\\/\"]}]},{\"@type\":\"ImageObject\",\"inLanguage\":\"es\",\"@id\":\"https:\\\/\\\/kmblock.com\\\/es\\\/product\\\/audi-a4-s4-rs4-b9\\\/#primaryimage\",\"url\":\"https:\\\/\\\/kmblock.com\\\/wp-content\\\/uploads\\\/2024\\\/09\\\/Audi-A4-S4-RS4-B9.jpg\",\"contentUrl\":\"https:\\\/\\\/kmblock.com\\\/wp-content\\\/uploads\\\/2024\\\/09\\\/Audi-A4-S4-RS4-B9.jpg\",\"width\":800,\"height\":800,\"caption\":\"Audi-A4-S4-RS4-B9\"},{\"@type\":\"BreadcrumbList\",\"@id\":\"https:\\\/\\\/kmblock.com\\\/es\\\/product\\\/audi-a4-s4-rs4-b9\\\/#breadcrumb\",\"itemListElement\":[{\"@type\":\"ListItem\",\"position\":1,\"name\":\"Inicio\",\"item\":\"https:\\\/\\\/kmblock.com\\\/es\\\/\"},{\"@type\":\"ListItem\",\"position\":2,\"name\":\"Productos\",\"item\":\"https:\\\/\\\/kmblock.com\\\/es\\\/shop\\\/\"},{\"@type\":\"ListItem\",\"position\":3,\"name\":\"Audi A4\\\/S4\\\/RS4\\\/B9\"}]},{\"@type\":\"WebSite\",\"@id\":\"https:\\\/\\\/kmblock.com\\\/es\\\/#website\",\"url\":\"https:\\\/\\\/kmblock.com\\\/es\\\/\",\"name\":\"KM Block\",\"description\":\"\",\"publisher\":{\"@id\":\"https:\\\/\\\/kmblock.com\\\/es\\\/#organization\"},\"potentialAction\":[{\"@type\":\"SearchAction\",\"target\":{\"@type\":\"EntryPoint\",\"urlTemplate\":\"https:\\\/\\\/kmblock.com\\\/es\\\/?s={search_term_string}\"},\"query-input\":{\"@type\":\"PropertyValueSpecification\",\"valueRequired\":true,\"valueName\":\"search_term_string\"}}],\"inLanguage\":\"es\"},{\"@type\":\"Organization\",\"@id\":\"https:\\\/\\\/kmblock.com\\\/es\\\/#organization\",\"name\":\"Bloque KM\",\"url\":\"https:\\\/\\\/kmblock.com\\\/es\\\/\",\"logo\":{\"@type\":\"ImageObject\",\"inLanguage\":\"es\",\"@id\":\"https:\\\/\\\/kmblock.com\\\/es\\\/#\\\/schema\\\/logo\\\/image\\\/\",\"url\":\"https:\\\/\\\/kmblock.com\\\/wp-content\\\/uploads\\\/2024\\\/08\\\/main-logo.png\",\"contentUrl\":\"https:\\\/\\\/kmblock.com\\\/wp-content\\\/uploads\\\/2024\\\/08\\\/main-logo.png\",\"width\":186,\"height\":28,\"caption\":\"Bloque KM\"},\"image\":{\"@id\":\"https:\\\/\\\/kmblock.com\\\/es\\\/#\\\/schema\\\/logo\\\/image\\\/\"}}]}<\/script>\n<!-- \/ Yoast SEO plugin. -->","yoast_head_json":{"title":"Audi A4\/S4\/RS4\/B9 Mileage Blocker (KM stopper) \u2192 KM Block","description":"Buy a Audi A4\/S4\/RS4\/B9 Mileage Blocker for the Best Prices \u2713 Free Shipping \u2713 Incl. Installation Guides","robots":{"index":"index","follow":"follow","max-snippet":"max-snippet:-1","max-image-preview":"max-image-preview:large","max-video-preview":"max-video-preview:-1"},"og_locale":"es_ES","og_type":"article","og_title":"Audi A4\/S4\/RS4\/B9 Mileage Blocker (KM stopper) \u2192 KM Block","og_description":"Buy a Audi A4\/S4\/RS4\/B9 Mileage Blocker for the Best Prices \u2713 Free Shipping \u2713 Incl. Installation Guides","og_url":"https:\/\/kmblock.com\/es\/product\/audi-a4-s4-rs4-b9\/","og_site_name":"KM Block","og_image":[{"width":800,"height":800,"url":"https:\/\/kmblock.com\/wp-content\/uploads\/2024\/09\/Audi-A4-S4-RS4-B9.jpg","type":"image\/jpeg"}],"twitter_card":"summary_large_image","twitter_misc":{"Tiempo de lectura":"3 minutos"},"schema":{"@context":"https:\/\/schema.org","@graph":[{"@type":"WebPage","@id":"https:\/\/kmblock.com\/es\/product\/audi-a4-s4-rs4-b9\/","url":"https:\/\/kmblock.com\/es\/product\/audi-a4-s4-rs4-b9\/","name":"Audi A4\/S4\/RS4\/B9 Mileage Blocker (KM stopper) \u2192 KM Block","isPartOf":{"@id":"https:\/\/kmblock.com\/es\/#website"},"primaryImageOfPage":{"@id":"https:\/\/kmblock.com\/es\/product\/audi-a4-s4-rs4-b9\/#primaryimage"},"image":{"@id":"https:\/\/kmblock.com\/es\/product\/audi-a4-s4-rs4-b9\/#primaryimage"},"thumbnailUrl":"https:\/\/kmblock.com\/wp-content\/uploads\/2024\/09\/Audi-A4-S4-RS4-B9.jpg","datePublished":"2024-09-17T15:36:43+00:00","description":"Buy a Audi A4\/S4\/RS4\/B9 Mileage Blocker for the Best Prices \u2713 Free Shipping \u2713 Incl. Installation Guides","breadcrumb":{"@id":"https:\/\/kmblock.com\/es\/product\/audi-a4-s4-rs4-b9\/#breadcrumb"},"inLanguage":"es","potentialAction":[{"@type":"ReadAction","target":["https:\/\/kmblock.com\/es\/product\/audi-a4-s4-rs4-b9\/"]}]},{"@type":"ImageObject","inLanguage":"es","@id":"https:\/\/kmblock.com\/es\/product\/audi-a4-s4-rs4-b9\/#primaryimage","url":"https:\/\/kmblock.com\/wp-content\/uploads\/2024\/09\/Audi-A4-S4-RS4-B9.jpg","contentUrl":"https:\/\/kmblock.com\/wp-content\/uploads\/2024\/09\/Audi-A4-S4-RS4-B9.jpg","width":800,"height":800,"caption":"Audi-A4-S4-RS4-B9"},{"@type":"BreadcrumbList","@id":"https:\/\/kmblock.com\/es\/product\/audi-a4-s4-rs4-b9\/#breadcrumb","itemListElement":[{"@type":"ListItem","position":1,"name":"Inicio","item":"https:\/\/kmblock.com\/es\/"},{"@type":"ListItem","position":2,"name":"Productos","item":"https:\/\/kmblock.com\/es\/shop\/"},{"@type":"ListItem","position":3,"name":"Audi A4\/S4\/RS4\/B9"}]},{"@type":"WebSite","@id":"https:\/\/kmblock.com\/es\/#website","url":"https:\/\/kmblock.com\/es\/","name":"KM Block","description":"","publisher":{"@id":"https:\/\/kmblock.com\/es\/#organization"},"potentialAction":[{"@type":"SearchAction","target":{"@type":"EntryPoint","urlTemplate":"https:\/\/kmblock.com\/es\/?s={search_term_string}"},"query-input":{"@type":"PropertyValueSpecification","valueRequired":true,"valueName":"search_term_string"}}],"inLanguage":"es"},{"@type":"Organization","@id":"https:\/\/kmblock.com\/es\/#organization","name":"Bloque KM","url":"https:\/\/kmblock.com\/es\/","logo":{"@type":"ImageObject","inLanguage":"es","@id":"https:\/\/kmblock.com\/es\/#\/schema\/logo\/image\/","url":"https:\/\/kmblock.com\/wp-content\/uploads\/2024\/08\/main-logo.png","contentUrl":"https:\/\/kmblock.com\/wp-content\/uploads\/2024\/08\/main-logo.png","width":186,"height":28,"caption":"Bloque KM"},"image":{"@id":"https:\/\/kmblock.com\/es\/#\/schema\/logo\/image\/"}}]}},"_links":{"self":[{"href":"https:\/\/kmblock.com\/es\/wp-json\/wp\/v2\/product\/9591","targetHints":{"allow":["GET"]}}],"collection":[{"href":"https:\/\/kmblock.com\/es\/wp-json\/wp\/v2\/product"}],"about":[{"href":"https:\/\/kmblock.com\/es\/wp-json\/wp\/v2\/types\/product"}],"replies":[{"embeddable":true,"href":"https:\/\/kmblock.com\/es\/wp-json\/wp\/v2\/comments?post=9591"}],"wp:featuredmedia":[{"embeddable":true,"href":"https:\/\/kmblock.com\/es\/wp-json\/wp\/v2\/media\/652"}],"wp:attachment":[{"href":"https:\/\/kmblock.com\/es\/wp-json\/wp\/v2\/media?parent=9591"}],"wp:term":[{"taxonomy":"product_brand","embeddable":true,"href":"https:\/\/kmblock.com\/es\/wp-json\/wp\/v2\/product_brand?post=9591"},{"taxonomy":"product_cat","embeddable":true,"href":"https:\/\/kmblock.com\/es\/wp-json\/wp\/v2\/product_cat?post=9591"},{"taxonomy":"product_tag","embeddable":true,"href":"https:\/\/kmblock.com\/es\/wp-json\/wp\/v2\/product_tag?post=9591"}],"curies":[{"name":"wp","href":"https:\/\/api.w.org\/{rel}","templated":true}]}}