{"id":9586,"date":"2024-09-17T15:33:41","date_gmt":"2024-09-17T15:33:41","guid":{"rendered":"https:\/\/kmblock.com\/product\/volkswagen-amarok-ii\/"},"modified":"2024-09-17T15:33:41","modified_gmt":"2024-09-17T15:33:41","slug":"volkswagen-amarok-ii","status":"publish","type":"product","link":"https:\/\/kmblock.com\/es\/product\/volkswagen-amarok-ii\/","title":{"rendered":"Volkswagen Amarok II"},"content":{"rendered":"<h3><strong>BLOQUEADOR DE KILOMETRAJE PARA VOLKSWAGEN Amarok II<\/strong><\/h3>\n<p>Muchas veces, los Bloqueadores de kilometraje Volkswagen Amarok II reciben otras denominaciones, como bloqueador de cuentakil\u00f3metros, bloqueador de cuentakil\u00f3metros, bloqueador de latas, bloqueador de kilometraje, cuentakil\u00f3metros de viaje o filtro de latas. En algunos casos, tambi\u00e9n se denomina herramienta de Correcci\u00f3n del Kilometraje. <\/p>\n<h3>Compatibilidad:<\/h3>\n<p>Este dispositivo es adecuado para <strong>todos los modelos VW Amarok II lanzados a partir de 2023<\/strong>.<\/p>\n<h3>Especificaciones:<\/h3>\n<ul>\n<li><strong>Instalaci\u00f3n r\u00e1pida y sencilla<\/strong>: Instalaci\u00f3n DIY r\u00e1pida y sencilla.<\/li>\n<li><strong>Activaci\u00f3n en movimiento<\/strong>: Se puede activar y desactivar mientras conduces.<\/li>\n<li><strong>Funcionamiento sin errores<\/strong>: No hay mensajes de error en el veloc\u00edmetro ni en el panel de navegaci\u00f3n.<\/li>\n<li><strong>Materiales de primera calidad<\/strong>: Equipado con enchufes de alta calidad y cables resistentes al calor.<\/li>\n<li><strong>No deja rastro<\/strong>: No es necesario soldar ni cortar cables; no deja rastro despu\u00e9s de retirarlo.<\/li>\n<li><strong>M\u00faltiples modos<\/strong>: Selecciona entre varios ajustes para adaptarlo a tus necesidades.<\/li>\n<li><strong>Control preciso del kilometraje<\/strong>: El kilometraje no se ve afectado tras la retirada, sin aumentos espont\u00e1neos.<\/li>\n<li><strong>Protecci\u00f3n de diagn\u00f3stico<\/strong>: Los cambios de kilometraje no pueden ser detectados por los comprobadores de diagn\u00f3stico.<\/li>\n<li><strong>Configuraci\u00f3n persistente<\/strong>: Una vez establecida, la configuraci\u00f3n elegida se guarda autom\u00e1ticamente.<\/li>\n<li><strong>Sistemas totalmente funcionales<\/strong>: El veloc\u00edmetro y todos los sistemas de asistencia funcionan perfectamente en todos los modos.<\/li>\n<li><strong>Instalaci\u00f3n sin problemas<\/strong>: La cara de acoplamiento y los conectores estriados garantizan un proceso de instalaci\u00f3n sencillo.<\/li>\n<li><strong>Precisi\u00f3n<\/strong>: Cuando se utiliza el modo que altera completamente el kilometraje, puede producirse una peque\u00f1a desviaci\u00f3n de hasta el 1% de la distancia recorrida, pero las diferencias son m\u00ednimas.<\/li>\n<\/ul>\n<h3>Activaci\u00f3n y desactivaci\u00f3n:<\/h3>\n<p>\u00bb Con el mando \u00abok\u00bb en el volante, mant\u00e9n pulsado hasta que parpadee el intermitente.<\/p>\n<p><strong>Modo 1:<\/strong> 1 parpadeo a la izquierda 18 por ciento (Todo funciona velocidad crucero, etc.)<\/p>\n<p><strong>Modo 2:<\/strong> 2 parpadeos a la izquierda 0 por ciento (sin velocidad, sin indicador de combustible)<\/p>\n<p><strong>Modo 3:<\/strong> 1 parpadeo derecha 100% (original)\u00bb.<\/p>\n<h3>\u00bfQu\u00e9 es un bloqueador del cuentakil\u00f3metros o herramienta de correcci\u00f3n del kilometraje del VW Amarok II?<\/h3>\n<p>El bloqueador de kilometraje del VW Amarok II, tambi\u00e9n conocido como bloqueador de cuentakil\u00f3metros, est\u00e1 dise\u00f1ado para detener el registro de kilometraje durante las pruebas de rendimiento del veh\u00edculo. Puedes adquirir el m\u00f3dulo de mayor calidad de KM Block, con componentes originales. Tanto si tu cuentakil\u00f3metros registra en millas como en kil\u00f3metros, el dispositivo funciona sin problemas. Es compatible con veh\u00edculos di\u00e9sel, de gasolina, h\u00edbridos el\u00e9ctricos enchufables (PHEV) y el\u00e9ctricos. Nuestro software est\u00e1 adaptado a cada modelo de veh\u00edculo para garantizar un funcionamiento impecable.    <\/p>\n<blockquote><p><strong>Nota<\/strong>: No vendemos herramientas de correcci\u00f3n del kilometraje para el VW Amarok II, ya que se utilizan para anular fraudulentamente las lecturas del cuentakil\u00f3metros. Aunque las herramientas de retroceso pueden eliminar los datos del kilometraje, los veh\u00edculos modernos almacenan esta informaci\u00f3n en varios sistemas, por lo que es imposible borrarla por completo. <\/p><\/blockquote>\n<p>Disponemos de una amplia gama de dispositivos de detenci\u00f3n de kilometraje para diversos veh\u00edculos. La instalaci\u00f3n es sencilla y no requiere conocimientos avanzados de mantenimiento de veh\u00edculos. Basta con conectar el m\u00f3dulo entre el puerto del veloc\u00edmetro y el cuadro de instrumentos para empezar a disfrutar de sus ventajas.  <\/p>\n<p>El Bloqueador de Kilometraje del VW Amarok II puede activarse o desactivarse en cualquier momento, tanto si tu veh\u00edculo est\u00e1 parado como en movimiento.<\/p>\n","protected":false},"excerpt":{"rendered":"<div class=\"flex-shrink-0 flex flex-col relative items-end\">\n<div class=\"pt-0\">\n<div class=\"gizmo-bot-avatar flex h-8 w-8 items-center justify-center overflow-hidden rounded-full\">\n<div class=\"relative p-1 rounded-sm flex items-center justify-center bg-token-main-surface-primary text-token-text-primary h-8 w-8\">\n<p>Informaci\u00f3n importante Antes de hacer el pedido, revisa atentamente los detalles sobre la activaci\u00f3n del m\u00f3dulo, los mensajes de error y la funcionalidad.<\/p>\n<p><strong>Compatibilidad: <\/strong>Para modelos VW Amarok II lanzados desde 2023. F\u00e1cil de instalar por tu cuenta. No deja rastro tras su uso. Se puede activar mientras conduces. Con enchufes de primera calidad y cables resistentes al calor para mayor durabilidad. El veloc\u00edmetro y los sistemas de asistencia funcionan perfectamente.     <\/p>\n<p class=\"p1\"><b> \u2705 Integraci\u00f3n perfecta<\/b><b><\/b><\/p>\n<p class=\"p1\">\u2705<b> F\u00e1cil instalaci\u00f3n<\/b><b><\/b><\/p>\n<p class=\"p1\">\u2705<b> Gesti\u00f3n precisa del kilometraje<\/b><b><\/b><\/p>\n<p class=\"p1\"><b> \u2705 Funcionamiento en modo oculto<\/b><b><\/b><\/p>\n<p class=\"p1\"><span class=\"s1\">\u2705<\/span><b> Soporte y actualizaciones de por vida<\/b><\/p>\n<\/div>\n<\/div>\n<\/div>\n<\/div>\n","protected":false},"featured_media":647,"comment_status":"open","ping_status":"closed","template":"","meta":[],"product_brand":[],"product_cat":[886],"product_tag":[],"class_list":{"0":"post-9586","1":"product","2":"type-product","3":"status-publish","4":"has-post-thumbnail","6":"product_cat-volkswagen","8":"first","9":"instock","10":"taxable","11":"shipping-taxable","12":"purchasable","13":"product-type-simple"},"yoast_head":"<!-- This site is optimized with the Yoast SEO plugin v27.5 - https:\/\/yoast.com\/product\/yoast-seo-wordpress\/ -->\n<title>Volkswagen Amarok II Mileage Blocker (KM stopper) \u2192 KM Block<\/title>\n<meta name=\"description\" content=\"Buy a Volkswagen Amarok II Mileage Blocker for the Best Prices \u2713 Free Shipping \u2713 Incl. Installation Guides\" \/>\n<meta name=\"robots\" content=\"index, follow, max-snippet:-1, max-image-preview:large, max-video-preview:-1\" \/>\n<meta property=\"og:locale\" content=\"es_ES\" \/>\n<meta property=\"og:type\" content=\"article\" \/>\n<meta property=\"og:title\" content=\"Volkswagen Amarok II Mileage Blocker (KM stopper) \u2192 KM Block\" \/>\n<meta property=\"og:description\" content=\"Buy a Volkswagen Amarok II Mileage Blocker for the Best Prices \u2713 Free Shipping \u2713 Incl. Installation Guides\" \/>\n<meta property=\"og:url\" content=\"https:\/\/kmblock.com\/es\/product\/volkswagen-amarok-ii\/\" \/>\n<meta property=\"og:site_name\" content=\"KM Block\" \/>\n<meta property=\"og:image\" content=\"https:\/\/kmblock.com\/wp-content\/uploads\/2024\/09\/Amarok-II.webp\" \/>\n\t<meta property=\"og:image:width\" content=\"800\" \/>\n\t<meta property=\"og:image:height\" content=\"800\" \/>\n\t<meta property=\"og:image:type\" content=\"image\/webp\" \/>\n<meta name=\"twitter:card\" content=\"summary_large_image\" \/>\n<meta name=\"twitter:label1\" content=\"Tiempo de lectura\" \/>\n\t<meta name=\"twitter:data1\" content=\"3 minutos\" \/>\n<script type=\"application\/ld+json\" class=\"yoast-schema-graph\">{\"@context\":\"https:\\\/\\\/schema.org\",\"@graph\":[{\"@type\":\"WebPage\",\"@id\":\"https:\\\/\\\/kmblock.com\\\/es\\\/product\\\/volkswagen-amarok-ii\\\/\",\"url\":\"https:\\\/\\\/kmblock.com\\\/es\\\/product\\\/volkswagen-amarok-ii\\\/\",\"name\":\"Volkswagen Amarok II Mileage Blocker (KM stopper) \u2192 KM Block\",\"isPartOf\":{\"@id\":\"https:\\\/\\\/kmblock.com\\\/es\\\/#website\"},\"primaryImageOfPage\":{\"@id\":\"https:\\\/\\\/kmblock.com\\\/es\\\/product\\\/volkswagen-amarok-ii\\\/#primaryimage\"},\"image\":{\"@id\":\"https:\\\/\\\/kmblock.com\\\/es\\\/product\\\/volkswagen-amarok-ii\\\/#primaryimage\"},\"thumbnailUrl\":\"https:\\\/\\\/kmblock.com\\\/wp-content\\\/uploads\\\/2024\\\/09\\\/Amarok-II.webp\",\"datePublished\":\"2024-09-17T15:33:41+00:00\",\"description\":\"Buy a Volkswagen Amarok II Mileage Blocker for the Best Prices \u2713 Free Shipping \u2713 Incl. Installation Guides\",\"breadcrumb\":{\"@id\":\"https:\\\/\\\/kmblock.com\\\/es\\\/product\\\/volkswagen-amarok-ii\\\/#breadcrumb\"},\"inLanguage\":\"es\",\"potentialAction\":[{\"@type\":\"ReadAction\",\"target\":[\"https:\\\/\\\/kmblock.com\\\/es\\\/product\\\/volkswagen-amarok-ii\\\/\"]}]},{\"@type\":\"ImageObject\",\"inLanguage\":\"es\",\"@id\":\"https:\\\/\\\/kmblock.com\\\/es\\\/product\\\/volkswagen-amarok-ii\\\/#primaryimage\",\"url\":\"https:\\\/\\\/kmblock.com\\\/wp-content\\\/uploads\\\/2024\\\/09\\\/Amarok-II.webp\",\"contentUrl\":\"https:\\\/\\\/kmblock.com\\\/wp-content\\\/uploads\\\/2024\\\/09\\\/Amarok-II.webp\",\"width\":800,\"height\":800},{\"@type\":\"BreadcrumbList\",\"@id\":\"https:\\\/\\\/kmblock.com\\\/es\\\/product\\\/volkswagen-amarok-ii\\\/#breadcrumb\",\"itemListElement\":[{\"@type\":\"ListItem\",\"position\":1,\"name\":\"Inicio\",\"item\":\"https:\\\/\\\/kmblock.com\\\/es\\\/\"},{\"@type\":\"ListItem\",\"position\":2,\"name\":\"Productos\",\"item\":\"https:\\\/\\\/kmblock.com\\\/es\\\/shop\\\/\"},{\"@type\":\"ListItem\",\"position\":3,\"name\":\"Volkswagen Amarok II\"}]},{\"@type\":\"WebSite\",\"@id\":\"https:\\\/\\\/kmblock.com\\\/es\\\/#website\",\"url\":\"https:\\\/\\\/kmblock.com\\\/es\\\/\",\"name\":\"KM Block\",\"description\":\"\",\"publisher\":{\"@id\":\"https:\\\/\\\/kmblock.com\\\/es\\\/#organization\"},\"potentialAction\":[{\"@type\":\"SearchAction\",\"target\":{\"@type\":\"EntryPoint\",\"urlTemplate\":\"https:\\\/\\\/kmblock.com\\\/es\\\/?s={search_term_string}\"},\"query-input\":{\"@type\":\"PropertyValueSpecification\",\"valueRequired\":true,\"valueName\":\"search_term_string\"}}],\"inLanguage\":\"es\"},{\"@type\":\"Organization\",\"@id\":\"https:\\\/\\\/kmblock.com\\\/es\\\/#organization\",\"name\":\"Bloque KM\",\"url\":\"https:\\\/\\\/kmblock.com\\\/es\\\/\",\"logo\":{\"@type\":\"ImageObject\",\"inLanguage\":\"es\",\"@id\":\"https:\\\/\\\/kmblock.com\\\/es\\\/#\\\/schema\\\/logo\\\/image\\\/\",\"url\":\"https:\\\/\\\/kmblock.com\\\/wp-content\\\/uploads\\\/2024\\\/08\\\/main-logo.png\",\"contentUrl\":\"https:\\\/\\\/kmblock.com\\\/wp-content\\\/uploads\\\/2024\\\/08\\\/main-logo.png\",\"width\":186,\"height\":28,\"caption\":\"Bloque KM\"},\"image\":{\"@id\":\"https:\\\/\\\/kmblock.com\\\/es\\\/#\\\/schema\\\/logo\\\/image\\\/\"}}]}<\/script>\n<!-- \/ Yoast SEO plugin. -->","yoast_head_json":{"title":"Volkswagen Amarok II Mileage Blocker (KM stopper) \u2192 KM Block","description":"Buy a Volkswagen Amarok II Mileage Blocker for the Best Prices \u2713 Free Shipping \u2713 Incl. Installation Guides","robots":{"index":"index","follow":"follow","max-snippet":"max-snippet:-1","max-image-preview":"max-image-preview:large","max-video-preview":"max-video-preview:-1"},"og_locale":"es_ES","og_type":"article","og_title":"Volkswagen Amarok II Mileage Blocker (KM stopper) \u2192 KM Block","og_description":"Buy a Volkswagen Amarok II Mileage Blocker for the Best Prices \u2713 Free Shipping \u2713 Incl. Installation Guides","og_url":"https:\/\/kmblock.com\/es\/product\/volkswagen-amarok-ii\/","og_site_name":"KM Block","og_image":[{"width":800,"height":800,"url":"https:\/\/kmblock.com\/wp-content\/uploads\/2024\/09\/Amarok-II.webp","type":"image\/webp"}],"twitter_card":"summary_large_image","twitter_misc":{"Tiempo de lectura":"3 minutos"},"schema":{"@context":"https:\/\/schema.org","@graph":[{"@type":"WebPage","@id":"https:\/\/kmblock.com\/es\/product\/volkswagen-amarok-ii\/","url":"https:\/\/kmblock.com\/es\/product\/volkswagen-amarok-ii\/","name":"Volkswagen Amarok II Mileage Blocker (KM stopper) \u2192 KM Block","isPartOf":{"@id":"https:\/\/kmblock.com\/es\/#website"},"primaryImageOfPage":{"@id":"https:\/\/kmblock.com\/es\/product\/volkswagen-amarok-ii\/#primaryimage"},"image":{"@id":"https:\/\/kmblock.com\/es\/product\/volkswagen-amarok-ii\/#primaryimage"},"thumbnailUrl":"https:\/\/kmblock.com\/wp-content\/uploads\/2024\/09\/Amarok-II.webp","datePublished":"2024-09-17T15:33:41+00:00","description":"Buy a Volkswagen Amarok II Mileage Blocker for the Best Prices \u2713 Free Shipping \u2713 Incl. Installation Guides","breadcrumb":{"@id":"https:\/\/kmblock.com\/es\/product\/volkswagen-amarok-ii\/#breadcrumb"},"inLanguage":"es","potentialAction":[{"@type":"ReadAction","target":["https:\/\/kmblock.com\/es\/product\/volkswagen-amarok-ii\/"]}]},{"@type":"ImageObject","inLanguage":"es","@id":"https:\/\/kmblock.com\/es\/product\/volkswagen-amarok-ii\/#primaryimage","url":"https:\/\/kmblock.com\/wp-content\/uploads\/2024\/09\/Amarok-II.webp","contentUrl":"https:\/\/kmblock.com\/wp-content\/uploads\/2024\/09\/Amarok-II.webp","width":800,"height":800},{"@type":"BreadcrumbList","@id":"https:\/\/kmblock.com\/es\/product\/volkswagen-amarok-ii\/#breadcrumb","itemListElement":[{"@type":"ListItem","position":1,"name":"Inicio","item":"https:\/\/kmblock.com\/es\/"},{"@type":"ListItem","position":2,"name":"Productos","item":"https:\/\/kmblock.com\/es\/shop\/"},{"@type":"ListItem","position":3,"name":"Volkswagen Amarok II"}]},{"@type":"WebSite","@id":"https:\/\/kmblock.com\/es\/#website","url":"https:\/\/kmblock.com\/es\/","name":"KM Block","description":"","publisher":{"@id":"https:\/\/kmblock.com\/es\/#organization"},"potentialAction":[{"@type":"SearchAction","target":{"@type":"EntryPoint","urlTemplate":"https:\/\/kmblock.com\/es\/?s={search_term_string}"},"query-input":{"@type":"PropertyValueSpecification","valueRequired":true,"valueName":"search_term_string"}}],"inLanguage":"es"},{"@type":"Organization","@id":"https:\/\/kmblock.com\/es\/#organization","name":"Bloque KM","url":"https:\/\/kmblock.com\/es\/","logo":{"@type":"ImageObject","inLanguage":"es","@id":"https:\/\/kmblock.com\/es\/#\/schema\/logo\/image\/","url":"https:\/\/kmblock.com\/wp-content\/uploads\/2024\/08\/main-logo.png","contentUrl":"https:\/\/kmblock.com\/wp-content\/uploads\/2024\/08\/main-logo.png","width":186,"height":28,"caption":"Bloque KM"},"image":{"@id":"https:\/\/kmblock.com\/es\/#\/schema\/logo\/image\/"}}]}},"_links":{"self":[{"href":"https:\/\/kmblock.com\/es\/wp-json\/wp\/v2\/product\/9586","targetHints":{"allow":["GET"]}}],"collection":[{"href":"https:\/\/kmblock.com\/es\/wp-json\/wp\/v2\/product"}],"about":[{"href":"https:\/\/kmblock.com\/es\/wp-json\/wp\/v2\/types\/product"}],"replies":[{"embeddable":true,"href":"https:\/\/kmblock.com\/es\/wp-json\/wp\/v2\/comments?post=9586"}],"wp:featuredmedia":[{"embeddable":true,"href":"https:\/\/kmblock.com\/es\/wp-json\/wp\/v2\/media\/647"}],"wp:attachment":[{"href":"https:\/\/kmblock.com\/es\/wp-json\/wp\/v2\/media?parent=9586"}],"wp:term":[{"taxonomy":"product_brand","embeddable":true,"href":"https:\/\/kmblock.com\/es\/wp-json\/wp\/v2\/product_brand?post=9586"},{"taxonomy":"product_cat","embeddable":true,"href":"https:\/\/kmblock.com\/es\/wp-json\/wp\/v2\/product_cat?post=9586"},{"taxonomy":"product_tag","embeddable":true,"href":"https:\/\/kmblock.com\/es\/wp-json\/wp\/v2\/product_tag?post=9586"}],"curies":[{"name":"wp","href":"https:\/\/api.w.org\/{rel}","templated":true}]}}