{"id":9480,"date":"2024-09-23T05:13:47","date_gmt":"2024-09-23T05:13:47","guid":{"rendered":"https:\/\/kmblock.com\/product\/porsche-boxster-tipo-981\/"},"modified":"2025-11-26T01:39:39","modified_gmt":"2025-11-26T01:39:39","slug":"porsche-boxster-tipo-981","status":"publish","type":"product","link":"https:\/\/kmblock.com\/es\/product\/porsche-boxster-tipo-981\/","title":{"rendered":"Porsche Boxster Tipo 981"},"content":{"rendered":"<div class=\"flex max-w-full flex-col flex-grow\">\n<div class=\"min-h-[20px] text-message flex w-full flex-col items-end gap-2 whitespace-normal break-words [.text-message+&amp;]:mt-5\" dir=\"auto\" data-message-author-role=\"assistant\" data-message-id=\"486fbb14-d9b0-4abf-8aac-69dd9ef3f888\">\n<div class=\"flex w-full flex-col gap-1 empty:hidden first:pt-[3px]\">\n<div class=\"markdown prose w-full break-words dark:prose-invert dark\">\n<div class=\"flex max-w-full flex-col flex-grow\">\n<div class=\"min-h-[20px] text-message flex w-full flex-col items-end gap-2 whitespace-normal break-words [.text-message+&amp;]:mt-5\" dir=\"auto\" data-message-author-role=\"assistant\" data-message-id=\"583787e4-ced2-4497-934b-fd13934d3b5f\">\n<div class=\"flex w-full flex-col gap-1 empty:hidden first:pt-[3px]\">\n<div class=\"markdown prose w-full break-words dark:prose-invert dark\">\n<div class=\"flex-1 overflow-hidden\">\n<div class=\"h-full\">\n<div class=\"react-scroll-to-bottom--css-edlrf-79elbk h-full\">\n<div class=\"react-scroll-to-bottom--css-edlrf-1n7m0yu\">\n<div class=\"flex flex-col text-sm md:pb-9\">\n<article class=\"w-full text-token-text-primary focus-visible:outline-2 focus-visible:outline-offset-[-4px]\" dir=\"auto\" data-testid=\"conversation-turn-171\" data-scroll-anchor=\"true\">\n<div class=\"text-base py-[18px] px-3 md:px-4 m-auto w-full md:px-5 lg:px-4 xl:px-5\">\n<div class=\"mx-auto flex flex-1 gap-4 text-base md:gap-5 lg:gap-6 md:max-w-3xl lg:max-w-[40rem] xl:max-w-[48rem]\">\n<div class=\"group\/conversation-turn relative flex w-full min-w-0 flex-col agent-turn\">\n<div class=\"flex-col gap-1 md:gap-3\">\n<div class=\"flex max-w-full flex-col flex-grow\">\n<div class=\"min-h-[20px] text-message flex w-full flex-col items-end gap-2 whitespace-normal break-words [.text-message+&amp;]:mt-5\" dir=\"auto\" data-message-author-role=\"assistant\" data-message-id=\"c587c539-d375-471b-ba08-a0c42b7a5935\">\n<div class=\"flex w-full flex-col gap-1 empty:hidden first:pt-[3px]\">\n<div class=\"markdown prose w-full break-words dark:prose-invert dark\">\n<div class=\"flex max-w-full flex-col flex-grow\">\n<div class=\"min-h-[20px] text-message flex w-full flex-col items-end gap-2 whitespace-normal break-words [.text-message+&amp;]:mt-5\" dir=\"auto\" data-message-author-role=\"assistant\" data-message-id=\"f2e7ca64-e326-43ac-9cc2-b5e20ed1c815\">\n<div class=\"flex w-full flex-col gap-1 empty:hidden first:pt-[3px]\">\n<div class=\"markdown prose w-full break-words dark:prose-invert dark\">\n<div class=\"flex max-w-full flex-col flex-grow\">\n<div class=\"min-h-[20px] text-message flex w-full flex-col items-end gap-2 whitespace-normal break-words [.text-message+&amp;]:mt-5\" dir=\"auto\" data-message-author-role=\"assistant\" data-message-id=\"ad6c8a64-6b87-4f7b-87fc-7b2974512196\">\n<div class=\"flex w-full flex-col gap-1 empty:hidden first:pt-[3px]\">\n<div class=\"markdown prose w-full break-words dark:prose-invert dark\">\n<h3><strong>BLOQUEADOR DE KILOMETRAJE PARA PORSCHE 992 GT3 \/ RS<\/strong><\/h3>\n<p>El bloqueador de kilometraje Porsche 992 GT3 \/ RS, tambi\u00e9n denominado bloqueador de cuentakil\u00f3metros, bloqueador de cuentakil\u00f3metros, bloqueador CAN, bloqueador de kilometraje, cuentakil\u00f3metros parcial, filtro CAN o, en algunos casos, herramienta de correcci\u00f3n de kilometraje, est\u00e1 dise\u00f1ado espec\u00edficamente para todos los modelos Porsche 992 GT3 \/ RS.<\/p>\n<h3>Especificaciones:<\/h3>\n<ul>\n<li><strong>Activar\/Desactivar en movimiento:<\/strong> Se puede activar o desactivar mientras conduces.<\/li>\n<li><strong>Funcionamiento sin errores:<\/strong> No aparecen mensajes de error en el veloc\u00edmetro ni en el panel de navegaci\u00f3n.<\/li>\n<li><strong>Instalaci\u00f3n DIY:<\/strong> Sencillo proceso de instalaci\u00f3n que no requiere ayuda de expertos.<\/li>\n<li><strong>F\u00e1cil de usar:<\/strong> se maneja f\u00e1cilmente mediante combinaciones de teclas preestablecidas.<\/li>\n<li><strong>Construcci\u00f3n de primera:<\/strong> Incluye enchufes de alta calidad y cables resistentes al calor para mayor durabilidad.<\/li>\n<li><strong>Sin dejar rastro:<\/strong> No es necesario soldar ni cortar cables, lo que garantiza que no quede ning\u00fan rastro.<\/li>\n<li><strong>Indetectable:<\/strong> Las herramientas de diagn\u00f3stico no pueden detectar las alteraciones de kilometraje realizadas por el Bloqueador de Kilometraje Porsche 992.<\/li>\n<li><strong>F\u00e1cil instalaci\u00f3n:<\/strong> La cara de acoplamiento y los rebordes del conector garantizan una instalaci\u00f3n sin problemas.<\/li>\n<li><strong>M\u00faltiples modos:<\/strong> Elige entre varios modos para adaptarlo a tus necesidades.<\/li>\n<li><strong>No hay salto de kilometraje tras la retirada:<\/strong> Una vez retirado, el kilometraje no aumenta inesperadamente.<\/li>\n<li><strong>Funcionamiento impecable del sistema:<\/strong> El veloc\u00edmetro y todos los sistemas de asistencia funcionan a la perfecci\u00f3n durante el uso.<\/li>\n<li><strong>Precisi\u00f3n:<\/strong> En los modos que detienen totalmente el kilometraje, pueden producirse desviaciones de hasta el 1% de la distancia real debido a ligeras variaciones en las mediciones.<\/li>\n<\/ul>\n<h3>Activaci\u00f3n y desactivaci\u00f3n:<\/h3>\n<p>\u00abActivar\u00bb pulsando simult\u00e1neamente los dos \u00abbotones de retorno\u00bb.<\/p>\n<p><strong>Modo Encendido:<\/strong> ambos parpadean una vez. Cuenta 0% de kil\u00f3metros. Todo funciona correctamente.  <\/p>\n<p><strong>Modo Apagado:<\/strong> ambos intermitentes parpadean una vez. Cuenta el 100% de los kil\u00f3metros. Todo funciona correctamente\u00bb\u00bb.<\/p>\n<h3>\u00bfQu\u00e9 es el bloqueador de kilometraje Porsche 992 GT3 \/ RS?<\/h3>\n<p>El Bloqueador de Kilometraje Porsche 992 GT3 \/ RS est\u00e1 dise\u00f1ado para detener el registro de kilometraje durante las pruebas de rendimiento. En KM Block, puedes adquirir este m\u00f3dulo de primera calidad, fabricado con componentes genuinos. Cada m\u00f3dulo se adapta con un software escrito espec\u00edficamente para el modelo, lo que garantiza un funcionamiento impecable. Tanto si tu veh\u00edculo mide la distancia en millas como en kil\u00f3metros, esta herramienta funciona perfectamente.   <\/p>\n<p><strong>Nota:<\/strong> No vendemos herramientas de correcci\u00f3n del kilometraje con fines enga\u00f1osos, como hacer retroceder el cuentakil\u00f3metros. Estas herramientas s\u00f3lo eliminan las cifras de kilometraje del cuentakil\u00f3metros, pero no pueden invertir el kilometraje en las unidades de almacenamiento de datos del coche. <\/p>\n<h3>Compatibilidad:<\/h3>\n<p>El Bloqueador de Kilometraje funciona perfectamente con motores di\u00e9sel-gasolina, veh\u00edculos el\u00e9ctricos h\u00edbridos enchufables (PHEV) y coches el\u00e9ctricos. El proceso de instalaci\u00f3n es sencillo y puede completarse en aproximadamente una hora. Basta con conectarlo entre el puerto del veloc\u00edmetro y el cuadro de instrumentos para empezar a disfrutar de sus ventajas.  <\/p>\n<p>El Bloqueador de Kilometraje del Porsche 992 GT3 \/ RS se puede activar o desactivar en cualquier momento, incluso con el coche en movimiento.<\/p>\n<\/div>\n<\/div>\n<\/div>\n<\/div>\n<\/div>\n<\/div>\n<\/div>\n<\/div>\n<\/div>\n<\/div>\n<\/div>\n<\/div>\n<\/div>\n<\/div>\n<\/div>\n<\/div>\n<\/article>\n<\/div>\n<\/div>\n<\/div>\n<\/div>\n<\/div>\n<\/div>\n<\/div>\n<\/div>\n<\/div>\n<\/div>\n<\/div>\n<\/div>\n<\/div>\n","protected":false},"excerpt":{"rendered":"<div class=\"flex-shrink-0 flex flex-col relative items-end\">\n<div class=\"pt-0\">\n<div class=\"gizmo-bot-avatar flex h-8 w-8 items-center justify-center overflow-hidden rounded-full\">\n<div class=\"relative p-1 rounded-sm flex items-center justify-center bg-token-main-surface-primary text-token-text-primary h-8 w-8\">\n<p>Antes de hacer el pedido, lee los siguientes detalles importantes sobre la activaci\u00f3n del m\u00f3dulo, los mensajes de error y la funcionalidad.<\/p>\n<div class=\"flex max-w-full flex-col flex-grow\">\n<div class=\"min-h-[20px] text-message flex w-full flex-col items-end gap-2 whitespace-normal break-words [.text-message+&amp;]:mt-5\" dir=\"auto\" data-message-author-role=\"assistant\" data-message-id=\"fa49fe5c-62a3-4d02-842e-7a1021d9fec1\">\n<div class=\"flex w-full flex-col gap-1 empty:hidden first:pt-[3px]\">\n<div class=\"markdown prose w-full break-words dark:prose-invert dark\">\n<p><strong>PARA LOS MODELOS LANZADOS ENTRE 2012-2016.  <\/strong>Los sistemas de asistencia est\u00e1n inactivos, mientras que el indicador de velocidad funciona seg\u00fan el modo seleccionado. F\u00e1cil de instalar por ti mismo. Puede activarse con el veh\u00edculo en marcha. Incluye enchufes de calidad superior y cables resistentes al calor.   <\/p>\n<p class=\"p1\"><b> \u2705 Integraci\u00f3n perfecta<\/b><b><\/b><\/p>\n<p class=\"p1\">\u2705<b> F\u00e1cil instalaci\u00f3n<\/b><b><\/b><\/p>\n<p class=\"p1\">\u2705<b> Gesti\u00f3n precisa del kilometraje<\/b><b><\/b><\/p>\n<p class=\"p1\"><b> \u2705 Funcionamiento en modo oculto<\/b><b><\/b><\/p>\n<p class=\"p1\"><span class=\"s1\">\u2705<\/span><b> Soporte y actualizaciones de por vida<\/b><\/p>\n<\/div>\n<\/div>\n<\/div>\n<\/div>\n<\/div>\n<\/div>\n<\/div>\n<\/div>\n","protected":false},"featured_media":845,"comment_status":"open","ping_status":"closed","template":"","meta":[],"product_brand":[],"product_cat":[875],"product_tag":[],"class_list":{"0":"post-9480","1":"product","2":"type-product","3":"status-publish","4":"has-post-thumbnail","6":"product_cat-porsche","8":"first","9":"instock","10":"taxable","11":"shipping-taxable","12":"purchasable","13":"product-type-variable"},"yoast_head":"<!-- This site is optimized with the Yoast SEO plugin v27.5 - https:\/\/yoast.com\/product\/yoast-seo-wordpress\/ -->\n<title>Porsche Boxster Tipo 981 Mileage Blocker (KM stopper) \u2192 KM Block<\/title>\n<meta name=\"description\" content=\"Buy a Porsche Boxster Tipo 981 Mileage Blocker for the Best Prices \u2713 Free Shipping \u2713 Incl. Installation Guides\" \/>\n<meta name=\"robots\" content=\"index, follow, max-snippet:-1, max-image-preview:large, max-video-preview:-1\" \/>\n<meta property=\"og:locale\" content=\"es_ES\" \/>\n<meta property=\"og:type\" content=\"article\" \/>\n<meta property=\"og:title\" content=\"Porsche Boxster Tipo 981 Mileage Blocker (KM stopper) \u2192 KM Block\" \/>\n<meta property=\"og:description\" content=\"Buy a Porsche Boxster Tipo 981 Mileage Blocker for the Best Prices \u2713 Free Shipping \u2713 Incl. Installation Guides\" \/>\n<meta property=\"og:url\" content=\"https:\/\/kmblock.com\/es\/product\/porsche-boxster-tipo-981\/\" \/>\n<meta property=\"og:site_name\" content=\"KM Block\" \/>\n<meta property=\"article:modified_time\" content=\"2025-11-26T01:39:39+00:00\" \/>\n<meta property=\"og:image\" content=\"https:\/\/kmblock.com\/wp-content\/uploads\/2024\/09\/Porsche-Boxster-Type-981.jpg\" \/>\n\t<meta property=\"og:image:width\" content=\"800\" \/>\n\t<meta property=\"og:image:height\" content=\"800\" \/>\n\t<meta property=\"og:image:type\" content=\"image\/jpeg\" \/>\n<meta name=\"twitter:card\" content=\"summary_large_image\" \/>\n<meta name=\"twitter:label1\" content=\"Tiempo de lectura\" \/>\n\t<meta name=\"twitter:data1\" content=\"3 minutos\" \/>\n<script type=\"application\/ld+json\" class=\"yoast-schema-graph\">{\"@context\":\"https:\\\/\\\/schema.org\",\"@graph\":[{\"@type\":\"WebPage\",\"@id\":\"https:\\\/\\\/kmblock.com\\\/es\\\/product\\\/porsche-boxster-tipo-981\\\/\",\"url\":\"https:\\\/\\\/kmblock.com\\\/es\\\/product\\\/porsche-boxster-tipo-981\\\/\",\"name\":\"Porsche Boxster Tipo 981 Mileage Blocker (KM stopper) \u2192 KM Block\",\"isPartOf\":{\"@id\":\"https:\\\/\\\/kmblock.com\\\/es\\\/#website\"},\"primaryImageOfPage\":{\"@id\":\"https:\\\/\\\/kmblock.com\\\/es\\\/product\\\/porsche-boxster-tipo-981\\\/#primaryimage\"},\"image\":{\"@id\":\"https:\\\/\\\/kmblock.com\\\/es\\\/product\\\/porsche-boxster-tipo-981\\\/#primaryimage\"},\"thumbnailUrl\":\"https:\\\/\\\/kmblock.com\\\/wp-content\\\/uploads\\\/2024\\\/09\\\/Porsche-Boxster-Type-981.jpg\",\"datePublished\":\"2024-09-23T05:13:47+00:00\",\"dateModified\":\"2025-11-26T01:39:39+00:00\",\"description\":\"Buy a Porsche Boxster Tipo 981 Mileage Blocker for the Best Prices \u2713 Free Shipping \u2713 Incl. Installation Guides\",\"breadcrumb\":{\"@id\":\"https:\\\/\\\/kmblock.com\\\/es\\\/product\\\/porsche-boxster-tipo-981\\\/#breadcrumb\"},\"inLanguage\":\"es\",\"potentialAction\":[{\"@type\":\"ReadAction\",\"target\":[\"https:\\\/\\\/kmblock.com\\\/es\\\/product\\\/porsche-boxster-tipo-981\\\/\"]}]},{\"@type\":\"ImageObject\",\"inLanguage\":\"es\",\"@id\":\"https:\\\/\\\/kmblock.com\\\/es\\\/product\\\/porsche-boxster-tipo-981\\\/#primaryimage\",\"url\":\"https:\\\/\\\/kmblock.com\\\/wp-content\\\/uploads\\\/2024\\\/09\\\/Porsche-Boxster-Type-981.jpg\",\"contentUrl\":\"https:\\\/\\\/kmblock.com\\\/wp-content\\\/uploads\\\/2024\\\/09\\\/Porsche-Boxster-Type-981.jpg\",\"width\":800,\"height\":800,\"caption\":\"Porsche Boxster Type 981\"},{\"@type\":\"BreadcrumbList\",\"@id\":\"https:\\\/\\\/kmblock.com\\\/es\\\/product\\\/porsche-boxster-tipo-981\\\/#breadcrumb\",\"itemListElement\":[{\"@type\":\"ListItem\",\"position\":1,\"name\":\"Inicio\",\"item\":\"https:\\\/\\\/kmblock.com\\\/es\\\/\"},{\"@type\":\"ListItem\",\"position\":2,\"name\":\"Productos\",\"item\":\"https:\\\/\\\/kmblock.com\\\/es\\\/shop\\\/\"},{\"@type\":\"ListItem\",\"position\":3,\"name\":\"Porsche Boxster Tipo 981\"}]},{\"@type\":\"WebSite\",\"@id\":\"https:\\\/\\\/kmblock.com\\\/es\\\/#website\",\"url\":\"https:\\\/\\\/kmblock.com\\\/es\\\/\",\"name\":\"KM Block\",\"description\":\"\",\"publisher\":{\"@id\":\"https:\\\/\\\/kmblock.com\\\/es\\\/#organization\"},\"potentialAction\":[{\"@type\":\"SearchAction\",\"target\":{\"@type\":\"EntryPoint\",\"urlTemplate\":\"https:\\\/\\\/kmblock.com\\\/es\\\/?s={search_term_string}\"},\"query-input\":{\"@type\":\"PropertyValueSpecification\",\"valueRequired\":true,\"valueName\":\"search_term_string\"}}],\"inLanguage\":\"es\"},{\"@type\":\"Organization\",\"@id\":\"https:\\\/\\\/kmblock.com\\\/es\\\/#organization\",\"name\":\"Bloque KM\",\"url\":\"https:\\\/\\\/kmblock.com\\\/es\\\/\",\"logo\":{\"@type\":\"ImageObject\",\"inLanguage\":\"es\",\"@id\":\"https:\\\/\\\/kmblock.com\\\/es\\\/#\\\/schema\\\/logo\\\/image\\\/\",\"url\":\"https:\\\/\\\/kmblock.com\\\/wp-content\\\/uploads\\\/2024\\\/08\\\/main-logo.png\",\"contentUrl\":\"https:\\\/\\\/kmblock.com\\\/wp-content\\\/uploads\\\/2024\\\/08\\\/main-logo.png\",\"width\":186,\"height\":28,\"caption\":\"Bloque KM\"},\"image\":{\"@id\":\"https:\\\/\\\/kmblock.com\\\/es\\\/#\\\/schema\\\/logo\\\/image\\\/\"}}]}<\/script>\n<!-- \/ Yoast SEO plugin. -->","yoast_head_json":{"title":"Porsche Boxster Tipo 981 Mileage Blocker (KM stopper) \u2192 KM Block","description":"Buy a Porsche Boxster Tipo 981 Mileage Blocker for the Best Prices \u2713 Free Shipping \u2713 Incl. Installation Guides","robots":{"index":"index","follow":"follow","max-snippet":"max-snippet:-1","max-image-preview":"max-image-preview:large","max-video-preview":"max-video-preview:-1"},"og_locale":"es_ES","og_type":"article","og_title":"Porsche Boxster Tipo 981 Mileage Blocker (KM stopper) \u2192 KM Block","og_description":"Buy a Porsche Boxster Tipo 981 Mileage Blocker for the Best Prices \u2713 Free Shipping \u2713 Incl. Installation Guides","og_url":"https:\/\/kmblock.com\/es\/product\/porsche-boxster-tipo-981\/","og_site_name":"KM Block","article_modified_time":"2025-11-26T01:39:39+00:00","og_image":[{"width":800,"height":800,"url":"https:\/\/kmblock.com\/wp-content\/uploads\/2024\/09\/Porsche-Boxster-Type-981.jpg","type":"image\/jpeg"}],"twitter_card":"summary_large_image","twitter_misc":{"Tiempo de lectura":"3 minutos"},"schema":{"@context":"https:\/\/schema.org","@graph":[{"@type":"WebPage","@id":"https:\/\/kmblock.com\/es\/product\/porsche-boxster-tipo-981\/","url":"https:\/\/kmblock.com\/es\/product\/porsche-boxster-tipo-981\/","name":"Porsche Boxster Tipo 981 Mileage Blocker (KM stopper) \u2192 KM Block","isPartOf":{"@id":"https:\/\/kmblock.com\/es\/#website"},"primaryImageOfPage":{"@id":"https:\/\/kmblock.com\/es\/product\/porsche-boxster-tipo-981\/#primaryimage"},"image":{"@id":"https:\/\/kmblock.com\/es\/product\/porsche-boxster-tipo-981\/#primaryimage"},"thumbnailUrl":"https:\/\/kmblock.com\/wp-content\/uploads\/2024\/09\/Porsche-Boxster-Type-981.jpg","datePublished":"2024-09-23T05:13:47+00:00","dateModified":"2025-11-26T01:39:39+00:00","description":"Buy a Porsche Boxster Tipo 981 Mileage Blocker for the Best Prices \u2713 Free Shipping \u2713 Incl. Installation Guides","breadcrumb":{"@id":"https:\/\/kmblock.com\/es\/product\/porsche-boxster-tipo-981\/#breadcrumb"},"inLanguage":"es","potentialAction":[{"@type":"ReadAction","target":["https:\/\/kmblock.com\/es\/product\/porsche-boxster-tipo-981\/"]}]},{"@type":"ImageObject","inLanguage":"es","@id":"https:\/\/kmblock.com\/es\/product\/porsche-boxster-tipo-981\/#primaryimage","url":"https:\/\/kmblock.com\/wp-content\/uploads\/2024\/09\/Porsche-Boxster-Type-981.jpg","contentUrl":"https:\/\/kmblock.com\/wp-content\/uploads\/2024\/09\/Porsche-Boxster-Type-981.jpg","width":800,"height":800,"caption":"Porsche Boxster Type 981"},{"@type":"BreadcrumbList","@id":"https:\/\/kmblock.com\/es\/product\/porsche-boxster-tipo-981\/#breadcrumb","itemListElement":[{"@type":"ListItem","position":1,"name":"Inicio","item":"https:\/\/kmblock.com\/es\/"},{"@type":"ListItem","position":2,"name":"Productos","item":"https:\/\/kmblock.com\/es\/shop\/"},{"@type":"ListItem","position":3,"name":"Porsche Boxster Tipo 981"}]},{"@type":"WebSite","@id":"https:\/\/kmblock.com\/es\/#website","url":"https:\/\/kmblock.com\/es\/","name":"KM Block","description":"","publisher":{"@id":"https:\/\/kmblock.com\/es\/#organization"},"potentialAction":[{"@type":"SearchAction","target":{"@type":"EntryPoint","urlTemplate":"https:\/\/kmblock.com\/es\/?s={search_term_string}"},"query-input":{"@type":"PropertyValueSpecification","valueRequired":true,"valueName":"search_term_string"}}],"inLanguage":"es"},{"@type":"Organization","@id":"https:\/\/kmblock.com\/es\/#organization","name":"Bloque KM","url":"https:\/\/kmblock.com\/es\/","logo":{"@type":"ImageObject","inLanguage":"es","@id":"https:\/\/kmblock.com\/es\/#\/schema\/logo\/image\/","url":"https:\/\/kmblock.com\/wp-content\/uploads\/2024\/08\/main-logo.png","contentUrl":"https:\/\/kmblock.com\/wp-content\/uploads\/2024\/08\/main-logo.png","width":186,"height":28,"caption":"Bloque KM"},"image":{"@id":"https:\/\/kmblock.com\/es\/#\/schema\/logo\/image\/"}}]}},"_links":{"self":[{"href":"https:\/\/kmblock.com\/es\/wp-json\/wp\/v2\/product\/9480","targetHints":{"allow":["GET"]}}],"collection":[{"href":"https:\/\/kmblock.com\/es\/wp-json\/wp\/v2\/product"}],"about":[{"href":"https:\/\/kmblock.com\/es\/wp-json\/wp\/v2\/types\/product"}],"replies":[{"embeddable":true,"href":"https:\/\/kmblock.com\/es\/wp-json\/wp\/v2\/comments?post=9480"}],"wp:featuredmedia":[{"embeddable":true,"href":"https:\/\/kmblock.com\/es\/wp-json\/wp\/v2\/media\/845"}],"wp:attachment":[{"href":"https:\/\/kmblock.com\/es\/wp-json\/wp\/v2\/media?parent=9480"}],"wp:term":[{"taxonomy":"product_brand","embeddable":true,"href":"https:\/\/kmblock.com\/es\/wp-json\/wp\/v2\/product_brand?post=9480"},{"taxonomy":"product_cat","embeddable":true,"href":"https:\/\/kmblock.com\/es\/wp-json\/wp\/v2\/product_cat?post=9480"},{"taxonomy":"product_tag","embeddable":true,"href":"https:\/\/kmblock.com\/es\/wp-json\/wp\/v2\/product_tag?post=9480"}],"curies":[{"name":"wp","href":"https:\/\/api.w.org\/{rel}","templated":true}]}}