{"id":9476,"date":"2024-09-22T12:33:08","date_gmt":"2024-09-22T12:33:08","guid":{"rendered":"https:\/\/kmblock.com\/product\/land-rover-range-rover-sport\/"},"modified":"2025-11-26T01:39:20","modified_gmt":"2025-11-26T01:39:20","slug":"land-rover-range-rover-sport","status":"publish","type":"product","link":"https:\/\/kmblock.com\/es\/product\/land-rover-range-rover-sport\/","title":{"rendered":"Land Rover Range Rover Sport"},"content":{"rendered":"<div class=\"flex max-w-full flex-col flex-grow\">\n<div class=\"min-h-[20px] text-message flex w-full flex-col items-end gap-2 whitespace-normal break-words [.text-message+&amp;]:mt-5\" dir=\"auto\" data-message-author-role=\"assistant\" data-message-id=\"486fbb14-d9b0-4abf-8aac-69dd9ef3f888\">\n<div class=\"flex w-full flex-col gap-1 empty:hidden first:pt-[3px]\">\n<div class=\"markdown prose w-full break-words dark:prose-invert dark\">\n<div class=\"flex max-w-full flex-col flex-grow\">\n<div class=\"min-h-[20px] text-message flex w-full flex-col items-end gap-2 whitespace-normal break-words [.text-message+&amp;]:mt-5\" dir=\"auto\" data-message-author-role=\"assistant\" data-message-id=\"583787e4-ced2-4497-934b-fd13934d3b5f\">\n<div class=\"flex w-full flex-col gap-1 empty:hidden first:pt-[3px]\">\n<div class=\"markdown prose w-full break-words dark:prose-invert dark\">\n<h3>BLOQUEADOR DE KILOMETRAJE PARA LAND ROVER RANGE ROVER<\/h3>\n<p>El bloqueador <strong>de cuentakil\u00f3metros Land Rover<\/strong> <strong>Range Rover<\/strong>, tambi\u00e9n conocido como bloqueador de cuentakil\u00f3metros, bloqueador de cuentakil\u00f3metros, bloqueador de latas, bloqueador de cuentakil\u00f3metros, cuentakil\u00f3metros de viaje, filtro de latas o herramienta de correcci\u00f3n de cuentakil\u00f3metros, est\u00e1 dise\u00f1ado para todos los <strong>modelos Land Rover Range Rover lanzados desde 2015<\/strong>.<\/p>\n<hr>\n<h3><strong>Especificaciones<\/strong><\/h3>\n<ul>\n<li><strong>F\u00e1cil instalaci\u00f3n DIY<\/strong>: Instalaci\u00f3n r\u00e1pida y sencilla.<\/li>\n<li><strong>Activar en movimiento<\/strong>: Activa o desactiva el dispositivo sin detenerte.<\/li>\n<li><strong>No deja rastro<\/strong>: No es necesario soldar ni cortar los cables.<\/li>\n<li><strong>Componentes de alta calidad<\/strong>: Viene con enchufes de primera calidad y cables resistentes al calor.<\/li>\n<li><strong>Funcionamiento sencillo<\/strong>: Se controla con varias combinaciones de teclas.<\/li>\n<li><strong>Ajustes guardados<\/strong>: Una vez seleccionados, los ajustes se guardan permanentemente.<\/li>\n<li><strong>Funcionalidad del control de crucero<\/strong>: Sigue funcionando sin interrupci\u00f3n.<\/li>\n<li><strong>Sin mensajes de error<\/strong>: El veloc\u00edmetro y el panel de navegaci\u00f3n no tienen errores.<\/li>\n<li><strong>Estabilidad<\/strong> del <strong>kilometraje<\/strong>: La eliminaci\u00f3n del m\u00f3dulo evita aumentos espont\u00e1neos del kilometraje.<\/li>\n<li><strong>Rendimiento sigiloso<\/strong>: Los comprobadores de diagn\u00f3stico no pueden detectar el kilometraje alterado.<\/li>\n<li><strong>Integraci\u00f3n perfecta<\/strong>: El veloc\u00edmetro y los sistemas de asistencia funcionan a la perfecci\u00f3n.<\/li>\n<li><strong>Instalaci\u00f3n precisa<\/strong>: La cara de acoplamiento y los rebordes del conector garantizan una instalaci\u00f3n sin problemas.<\/li>\n<li><strong>Precisi\u00f3n de la Alteraci\u00f3n del Kilometraje<\/strong>: Permite una desviaci\u00f3n de hasta el 1% para el kilometraje alterado.<\/li>\n<\/ul>\n<hr>\n<h3><strong>Activaci\u00f3n y desactivaci\u00f3n<\/strong><\/h3>\n<p>Se enciende manteniendo pulsado el bot\u00f3n de silencio durante 7 segundos. No da se\u00f1al pero est\u00e1 encendido. <\/p>\n<p><strong>Modo Activado:<\/strong> cuenta el 0% de los kil\u00f3metros. Todo funciona correctamente. <\/p>\n<p><strong>Modo Apagado:<\/strong> cuenta el 100% del kilometraje. Todo funciona bien\u00bb. <\/p>\n<\/div>\n<p>Enciende accionando la luz de carretera 5 veces r\u00e1pidamente. La luz parpadear\u00e1. <\/p>\n<p><strong>Modo encendido:<\/strong> el intermitente parpadea a la izquierda. cuenta 0% de kil\u00f3metros. Todo funciona correctamente.  <\/p>\n<p><strong>Modo apagado:<\/strong> el intermitente parpadea a la derecha. cuenta el 100% del kilometraje. Todo funciona bien  <\/p>\n<div class=\"markdown prose w-full break-words dark:prose-invert dark\">\n<hr>\n<h3><strong>\u00bfQu\u00e9 es el Bloqueador de cuentakil\u00f3metros Land Rover Range Rover?<\/strong><\/h3>\n<p>El <strong>Bloqueador de Kilometraje\/Bloqueador de Cuentakil\u00f3metros del Land Rover Range Rover<\/strong> ayuda a evitar que se registre kilometraje extra mientras se comprueba el rendimiento del veh\u00edculo. Disponible en KM Block, este m\u00f3dulo incorpora un software adaptado a cada modelo para un rendimiento \u00f3ptimo, funcionando eficazmente independientemente de si tu cuentakil\u00f3metros mide en millas o en kil\u00f3metros. Es compatible con veh\u00edculos di\u00e9sel, de gasolina, h\u00edbridos el\u00e9ctricos enchufables (PHEV) y el\u00e9ctricos.  <\/p>\n<p><strong>Nota importante<\/strong>: No vendemos herramientas de correcci\u00f3n del kilometraje para Land Rover Range Rover, ya que est\u00e1n destinadas a fines deshonestos y s\u00f3lo borran el kilometraje de los cuentakil\u00f3metros. Normalmente intentan anular la distancia recorrida, pero debido a las m\u00faltiples unidades de almacenamiento de datos de los veh\u00edculos, estas herramientas a menudo no consiguen anular completamente el kilometraje. <\/p>\n<p>Disponemos de una gama de dispositivos de Tope de Kilometraje para varios veh\u00edculos. El proceso de instalaci\u00f3n es sencillo y no requiere conocimientos avanzados de mantenimiento del veh\u00edculo: basta con conectar el m\u00f3dulo entre el puerto del veloc\u00edmetro y el cuadro de instrumentos para disfrutar de sus ventajas. <\/p>\n<p><strong>El Bloqueador de Kilometraje del Land Rover Range Rover<\/strong> puede activarse o desactivarse en cualquier momento, tanto si tu veh\u00edculo est\u00e1 en movimiento como parado.<\/p>\n<\/div>\n<\/div>\n<\/div>\n<\/div>\n<\/div>\n<\/div>\n<\/div>\n<\/div>\n","protected":false},"excerpt":{"rendered":"<div class=\"flex-shrink-0 flex flex-col relative items-end\">\n<div class=\"pt-0\">\n<div class=\"gizmo-bot-avatar flex h-8 w-8 items-center justify-center overflow-hidden rounded-full\">\n<div class=\"relative p-1 rounded-sm flex items-center justify-center bg-token-main-surface-primary text-token-text-primary h-8 w-8\">\n<p>Antes de realizar el pedido, lee los siguientes detalles importantes sobre la activaci\u00f3n del m\u00f3dulo, los mensajes de error y la funcionalidad.<\/p>\n<p><strong>BLOQUEADOR DE KILOMETRAJE PARA MODELOS LAND ROVER LANZADOS DESDE 2015. <\/strong><span style=\"font-family: -apple-system, BlinkMacSystemFont, 'Segoe UI', Roboto, 'Helvetica Neue', Arial, 'Noto Sans', sans-serif, 'Apple Color Emoji', 'Segoe UI Emoji', 'Segoe UI Symbol', 'Noto Color Emoji'\">Los \u00faltimos modelos s\u00f3lo est\u00e1n disponibles con la opci\u00f3n \u00abcable largo\u00bb y \u00abcon app\u00bb.<\/span><span style=\"font-family: -apple-system, BlinkMacSystemFont, 'Segoe UI', Roboto, 'Helvetica Neue', Arial, 'Noto Sans', sans-serif, 'Apple Color Emoji', 'Segoe UI Emoji', 'Segoe UI Symbol', 'Noto Color Emoji'\"> Dise\u00f1ado para que lo instales t\u00fa mismo.<\/span><span style=\"font-family: -apple-system, BlinkMacSystemFont, 'Segoe UI', Roboto, 'Helvetica Neue', Arial, 'Noto Sans', sans-serif, 'Apple Color Emoji', 'Segoe UI Emoji', 'Segoe UI Symbol', 'Noto Color Emoji'\"> Funciona sin dejar rastro.<\/span><span style=\"font-family: -apple-system, BlinkMacSystemFont, 'Segoe UI', Roboto, 'Helvetica Neue', Arial, 'Noto Sans', sans-serif, 'Apple Color Emoji', 'Segoe UI Emoji', 'Segoe UI Symbol', 'Noto Color Emoji'\"> Se puede activar mientras conduces. <\/span><span style=\"font-family: -apple-system, BlinkMacSystemFont, 'Segoe UI', Roboto, 'Helvetica Neue', Arial, 'Noto Sans', sans-serif, 'Apple Color Emoji', 'Segoe UI Emoji', 'Segoe UI Symbol', 'Noto Color Emoji'\">El veloc\u00edmetro y todos los sistemas de asistencia funcionan a la perfecci\u00f3n.<\/span><span style=\"font-family: -apple-system, BlinkMacSystemFont, 'Segoe UI', Roboto, 'Helvetica Neue', Arial, 'Noto Sans', sans-serif, 'Apple Color Emoji', 'Segoe UI Emoji', 'Segoe UI Symbol', 'Noto Color Emoji'\"> Con enchufes de primera calidad y cables resistentes al calor.<\/span><\/p>\n<\/div>\n<p class=\"p1\"><b> \u2705 Integraci\u00f3n perfecta<\/b><b><\/b><\/p>\n<p class=\"p1\">\u2705<b> F\u00e1cil instalaci\u00f3n<\/b><b><\/b><\/p>\n<p class=\"p1\">\u2705<b> Gesti\u00f3n precisa del kilometraje<\/b><b><\/b><\/p>\n<p class=\"p1\"><b> \u2705 Funcionamiento en modo oculto<\/b><b><\/b><\/p>\n<p class=\"p1\"><span class=\"s1\">\u2705<\/span><b> Soporte y actualizaciones de por vida<\/b><\/p>\n<\/div>\n<\/div>\n<\/div>\n","protected":false},"featured_media":818,"comment_status":"open","ping_status":"closed","template":"","meta":[],"product_brand":[],"product_cat":[873],"product_tag":[],"class_list":{"0":"post-9476","1":"product","2":"type-product","3":"status-publish","4":"has-post-thumbnail","6":"product_cat-land-rover","8":"first","9":"instock","10":"taxable","11":"shipping-taxable","12":"purchasable","13":"product-type-variable"},"yoast_head":"<!-- This site is optimized with the Yoast SEO plugin v27.5 - https:\/\/yoast.com\/product\/yoast-seo-wordpress\/ -->\n<title>Land Rover Range Rover Sport Mileage Blocker (KM stopper) \u2192 KM Block<\/title>\n<meta name=\"description\" content=\"Buy a Land Rover Range Rover Sport Mileage Blocker for the Best Prices \u2713 Free Shipping \u2713 Incl. Installation Guides\" \/>\n<meta name=\"robots\" content=\"index, follow, max-snippet:-1, max-image-preview:large, max-video-preview:-1\" \/>\n<meta property=\"og:locale\" content=\"es_ES\" \/>\n<meta property=\"og:type\" content=\"article\" \/>\n<meta property=\"og:title\" content=\"Land Rover Range Rover Sport Mileage Blocker (KM stopper) \u2192 KM Block\" \/>\n<meta property=\"og:description\" content=\"Buy a Land Rover Range Rover Sport Mileage Blocker for the Best Prices \u2713 Free Shipping \u2713 Incl. Installation Guides\" \/>\n<meta property=\"og:url\" content=\"https:\/\/kmblock.com\/es\/product\/land-rover-range-rover-sport\/\" \/>\n<meta property=\"og:site_name\" content=\"KM Block\" \/>\n<meta property=\"article:modified_time\" content=\"2025-11-26T01:39:20+00:00\" \/>\n<meta property=\"og:image\" content=\"https:\/\/kmblock.com\/wp-content\/uploads\/2024\/09\/Land-Rover-Range-Rover-Sport.webp\" \/>\n\t<meta property=\"og:image:width\" content=\"800\" \/>\n\t<meta property=\"og:image:height\" content=\"800\" \/>\n\t<meta property=\"og:image:type\" content=\"image\/webp\" \/>\n<meta name=\"twitter:card\" content=\"summary_large_image\" \/>\n<meta name=\"twitter:label1\" content=\"Tiempo de lectura\" \/>\n\t<meta name=\"twitter:data1\" content=\"3 minutos\" \/>\n<script type=\"application\/ld+json\" class=\"yoast-schema-graph\">{\"@context\":\"https:\\\/\\\/schema.org\",\"@graph\":[{\"@type\":\"WebPage\",\"@id\":\"https:\\\/\\\/kmblock.com\\\/es\\\/product\\\/land-rover-range-rover-sport\\\/\",\"url\":\"https:\\\/\\\/kmblock.com\\\/es\\\/product\\\/land-rover-range-rover-sport\\\/\",\"name\":\"Land Rover Range Rover Sport Mileage Blocker (KM stopper) \u2192 KM Block\",\"isPartOf\":{\"@id\":\"https:\\\/\\\/kmblock.com\\\/es\\\/#website\"},\"primaryImageOfPage\":{\"@id\":\"https:\\\/\\\/kmblock.com\\\/es\\\/product\\\/land-rover-range-rover-sport\\\/#primaryimage\"},\"image\":{\"@id\":\"https:\\\/\\\/kmblock.com\\\/es\\\/product\\\/land-rover-range-rover-sport\\\/#primaryimage\"},\"thumbnailUrl\":\"https:\\\/\\\/kmblock.com\\\/wp-content\\\/uploads\\\/2024\\\/09\\\/Land-Rover-Range-Rover-Sport.webp\",\"datePublished\":\"2024-09-22T12:33:08+00:00\",\"dateModified\":\"2025-11-26T01:39:20+00:00\",\"description\":\"Buy a Land Rover Range Rover Sport Mileage Blocker for the Best Prices \u2713 Free Shipping \u2713 Incl. Installation Guides\",\"breadcrumb\":{\"@id\":\"https:\\\/\\\/kmblock.com\\\/es\\\/product\\\/land-rover-range-rover-sport\\\/#breadcrumb\"},\"inLanguage\":\"es\",\"potentialAction\":[{\"@type\":\"ReadAction\",\"target\":[\"https:\\\/\\\/kmblock.com\\\/es\\\/product\\\/land-rover-range-rover-sport\\\/\"]}]},{\"@type\":\"ImageObject\",\"inLanguage\":\"es\",\"@id\":\"https:\\\/\\\/kmblock.com\\\/es\\\/product\\\/land-rover-range-rover-sport\\\/#primaryimage\",\"url\":\"https:\\\/\\\/kmblock.com\\\/wp-content\\\/uploads\\\/2024\\\/09\\\/Land-Rover-Range-Rover-Sport.webp\",\"contentUrl\":\"https:\\\/\\\/kmblock.com\\\/wp-content\\\/uploads\\\/2024\\\/09\\\/Land-Rover-Range-Rover-Sport.webp\",\"width\":800,\"height\":800,\"caption\":\"Land Rover Range Rover Sport\"},{\"@type\":\"BreadcrumbList\",\"@id\":\"https:\\\/\\\/kmblock.com\\\/es\\\/product\\\/land-rover-range-rover-sport\\\/#breadcrumb\",\"itemListElement\":[{\"@type\":\"ListItem\",\"position\":1,\"name\":\"Inicio\",\"item\":\"https:\\\/\\\/kmblock.com\\\/es\\\/\"},{\"@type\":\"ListItem\",\"position\":2,\"name\":\"Productos\",\"item\":\"https:\\\/\\\/kmblock.com\\\/es\\\/shop\\\/\"},{\"@type\":\"ListItem\",\"position\":3,\"name\":\"Land Rover Range Rover Sport\"}]},{\"@type\":\"WebSite\",\"@id\":\"https:\\\/\\\/kmblock.com\\\/es\\\/#website\",\"url\":\"https:\\\/\\\/kmblock.com\\\/es\\\/\",\"name\":\"KM Block\",\"description\":\"\",\"publisher\":{\"@id\":\"https:\\\/\\\/kmblock.com\\\/es\\\/#organization\"},\"potentialAction\":[{\"@type\":\"SearchAction\",\"target\":{\"@type\":\"EntryPoint\",\"urlTemplate\":\"https:\\\/\\\/kmblock.com\\\/es\\\/?s={search_term_string}\"},\"query-input\":{\"@type\":\"PropertyValueSpecification\",\"valueRequired\":true,\"valueName\":\"search_term_string\"}}],\"inLanguage\":\"es\"},{\"@type\":\"Organization\",\"@id\":\"https:\\\/\\\/kmblock.com\\\/es\\\/#organization\",\"name\":\"Bloque KM\",\"url\":\"https:\\\/\\\/kmblock.com\\\/es\\\/\",\"logo\":{\"@type\":\"ImageObject\",\"inLanguage\":\"es\",\"@id\":\"https:\\\/\\\/kmblock.com\\\/es\\\/#\\\/schema\\\/logo\\\/image\\\/\",\"url\":\"https:\\\/\\\/kmblock.com\\\/wp-content\\\/uploads\\\/2024\\\/08\\\/main-logo.png\",\"contentUrl\":\"https:\\\/\\\/kmblock.com\\\/wp-content\\\/uploads\\\/2024\\\/08\\\/main-logo.png\",\"width\":186,\"height\":28,\"caption\":\"Bloque KM\"},\"image\":{\"@id\":\"https:\\\/\\\/kmblock.com\\\/es\\\/#\\\/schema\\\/logo\\\/image\\\/\"}}]}<\/script>\n<!-- \/ Yoast SEO plugin. -->","yoast_head_json":{"title":"Land Rover Range Rover Sport Mileage Blocker (KM stopper) \u2192 KM Block","description":"Buy a Land Rover Range Rover Sport Mileage Blocker for the Best Prices \u2713 Free Shipping \u2713 Incl. Installation Guides","robots":{"index":"index","follow":"follow","max-snippet":"max-snippet:-1","max-image-preview":"max-image-preview:large","max-video-preview":"max-video-preview:-1"},"og_locale":"es_ES","og_type":"article","og_title":"Land Rover Range Rover Sport Mileage Blocker (KM stopper) \u2192 KM Block","og_description":"Buy a Land Rover Range Rover Sport Mileage Blocker for the Best Prices \u2713 Free Shipping \u2713 Incl. Installation Guides","og_url":"https:\/\/kmblock.com\/es\/product\/land-rover-range-rover-sport\/","og_site_name":"KM Block","article_modified_time":"2025-11-26T01:39:20+00:00","og_image":[{"width":800,"height":800,"url":"https:\/\/kmblock.com\/wp-content\/uploads\/2024\/09\/Land-Rover-Range-Rover-Sport.webp","type":"image\/webp"}],"twitter_card":"summary_large_image","twitter_misc":{"Tiempo de lectura":"3 minutos"},"schema":{"@context":"https:\/\/schema.org","@graph":[{"@type":"WebPage","@id":"https:\/\/kmblock.com\/es\/product\/land-rover-range-rover-sport\/","url":"https:\/\/kmblock.com\/es\/product\/land-rover-range-rover-sport\/","name":"Land Rover Range Rover Sport Mileage Blocker (KM stopper) \u2192 KM Block","isPartOf":{"@id":"https:\/\/kmblock.com\/es\/#website"},"primaryImageOfPage":{"@id":"https:\/\/kmblock.com\/es\/product\/land-rover-range-rover-sport\/#primaryimage"},"image":{"@id":"https:\/\/kmblock.com\/es\/product\/land-rover-range-rover-sport\/#primaryimage"},"thumbnailUrl":"https:\/\/kmblock.com\/wp-content\/uploads\/2024\/09\/Land-Rover-Range-Rover-Sport.webp","datePublished":"2024-09-22T12:33:08+00:00","dateModified":"2025-11-26T01:39:20+00:00","description":"Buy a Land Rover Range Rover Sport Mileage Blocker for the Best Prices \u2713 Free Shipping \u2713 Incl. Installation Guides","breadcrumb":{"@id":"https:\/\/kmblock.com\/es\/product\/land-rover-range-rover-sport\/#breadcrumb"},"inLanguage":"es","potentialAction":[{"@type":"ReadAction","target":["https:\/\/kmblock.com\/es\/product\/land-rover-range-rover-sport\/"]}]},{"@type":"ImageObject","inLanguage":"es","@id":"https:\/\/kmblock.com\/es\/product\/land-rover-range-rover-sport\/#primaryimage","url":"https:\/\/kmblock.com\/wp-content\/uploads\/2024\/09\/Land-Rover-Range-Rover-Sport.webp","contentUrl":"https:\/\/kmblock.com\/wp-content\/uploads\/2024\/09\/Land-Rover-Range-Rover-Sport.webp","width":800,"height":800,"caption":"Land Rover Range Rover Sport"},{"@type":"BreadcrumbList","@id":"https:\/\/kmblock.com\/es\/product\/land-rover-range-rover-sport\/#breadcrumb","itemListElement":[{"@type":"ListItem","position":1,"name":"Inicio","item":"https:\/\/kmblock.com\/es\/"},{"@type":"ListItem","position":2,"name":"Productos","item":"https:\/\/kmblock.com\/es\/shop\/"},{"@type":"ListItem","position":3,"name":"Land Rover Range Rover Sport"}]},{"@type":"WebSite","@id":"https:\/\/kmblock.com\/es\/#website","url":"https:\/\/kmblock.com\/es\/","name":"KM Block","description":"","publisher":{"@id":"https:\/\/kmblock.com\/es\/#organization"},"potentialAction":[{"@type":"SearchAction","target":{"@type":"EntryPoint","urlTemplate":"https:\/\/kmblock.com\/es\/?s={search_term_string}"},"query-input":{"@type":"PropertyValueSpecification","valueRequired":true,"valueName":"search_term_string"}}],"inLanguage":"es"},{"@type":"Organization","@id":"https:\/\/kmblock.com\/es\/#organization","name":"Bloque KM","url":"https:\/\/kmblock.com\/es\/","logo":{"@type":"ImageObject","inLanguage":"es","@id":"https:\/\/kmblock.com\/es\/#\/schema\/logo\/image\/","url":"https:\/\/kmblock.com\/wp-content\/uploads\/2024\/08\/main-logo.png","contentUrl":"https:\/\/kmblock.com\/wp-content\/uploads\/2024\/08\/main-logo.png","width":186,"height":28,"caption":"Bloque KM"},"image":{"@id":"https:\/\/kmblock.com\/es\/#\/schema\/logo\/image\/"}}]}},"_links":{"self":[{"href":"https:\/\/kmblock.com\/es\/wp-json\/wp\/v2\/product\/9476","targetHints":{"allow":["GET"]}}],"collection":[{"href":"https:\/\/kmblock.com\/es\/wp-json\/wp\/v2\/product"}],"about":[{"href":"https:\/\/kmblock.com\/es\/wp-json\/wp\/v2\/types\/product"}],"replies":[{"embeddable":true,"href":"https:\/\/kmblock.com\/es\/wp-json\/wp\/v2\/comments?post=9476"}],"wp:featuredmedia":[{"embeddable":true,"href":"https:\/\/kmblock.com\/es\/wp-json\/wp\/v2\/media\/818"}],"wp:attachment":[{"href":"https:\/\/kmblock.com\/es\/wp-json\/wp\/v2\/media?parent=9476"}],"wp:term":[{"taxonomy":"product_brand","embeddable":true,"href":"https:\/\/kmblock.com\/es\/wp-json\/wp\/v2\/product_brand?post=9476"},{"taxonomy":"product_cat","embeddable":true,"href":"https:\/\/kmblock.com\/es\/wp-json\/wp\/v2\/product_cat?post=9476"},{"taxonomy":"product_tag","embeddable":true,"href":"https:\/\/kmblock.com\/es\/wp-json\/wp\/v2\/product_tag?post=9476"}],"curies":[{"name":"wp","href":"https:\/\/api.w.org\/{rel}","templated":true}]}}