{"id":9466,"date":"2024-09-23T00:59:01","date_gmt":"2024-09-23T00:59:01","guid":{"rendered":"https:\/\/kmblock.com\/product\/porsche-991-gt3-rs\/"},"modified":"2024-09-23T00:59:01","modified_gmt":"2024-09-23T00:59:01","slug":"porsche-991-gt3-rs","status":"publish","type":"product","link":"https:\/\/kmblock.com\/es\/product\/porsche-991-gt3-rs\/","title":{"rendered":"Porsche 991 GT3 \/ RS"},"content":{"rendered":"<div class=\"flex max-w-full flex-col flex-grow\">\n<div class=\"min-h-[20px] text-message flex w-full flex-col items-end gap-2 whitespace-normal break-words [.text-message+&amp;]:mt-5\" dir=\"auto\" data-message-author-role=\"assistant\" data-message-id=\"486fbb14-d9b0-4abf-8aac-69dd9ef3f888\">\n<div class=\"flex w-full flex-col gap-1 empty:hidden first:pt-[3px]\">\n<div class=\"markdown prose w-full break-words dark:prose-invert dark\">\n<div class=\"flex max-w-full flex-col flex-grow\">\n<div class=\"min-h-[20px] text-message flex w-full flex-col items-end gap-2 whitespace-normal break-words [.text-message+&amp;]:mt-5\" dir=\"auto\" data-message-author-role=\"assistant\" data-message-id=\"583787e4-ced2-4497-934b-fd13934d3b5f\">\n<div class=\"flex w-full flex-col gap-1 empty:hidden first:pt-[3px]\">\n<div class=\"markdown prose w-full break-words dark:prose-invert dark\">\n<div class=\"flex-1 overflow-hidden\">\n<div class=\"h-full\">\n<div class=\"react-scroll-to-bottom--css-edlrf-79elbk h-full\">\n<div class=\"react-scroll-to-bottom--css-edlrf-1n7m0yu\">\n<div class=\"flex flex-col text-sm md:pb-9\">\n<article class=\"w-full text-token-text-primary focus-visible:outline-2 focus-visible:outline-offset-[-4px]\" dir=\"auto\" data-testid=\"conversation-turn-171\" data-scroll-anchor=\"true\">\n<div class=\"text-base py-[18px] px-3 md:px-4 m-auto w-full md:px-5 lg:px-4 xl:px-5\">\n<div class=\"mx-auto flex flex-1 gap-4 text-base md:gap-5 lg:gap-6 md:max-w-3xl lg:max-w-[40rem] xl:max-w-[48rem]\">\n<div class=\"group\/conversation-turn relative flex w-full min-w-0 flex-col agent-turn\">\n<div class=\"flex-col gap-1 md:gap-3\">\n<div class=\"flex max-w-full flex-col flex-grow\">\n<div class=\"min-h-[20px] text-message flex w-full flex-col items-end gap-2 whitespace-normal break-words [.text-message+&amp;]:mt-5\" dir=\"auto\" data-message-author-role=\"assistant\" data-message-id=\"c587c539-d375-471b-ba08-a0c42b7a5935\">\n<div class=\"flex w-full flex-col gap-1 empty:hidden first:pt-[3px]\">\n<div class=\"markdown prose w-full break-words dark:prose-invert dark\">\n<div class=\"flex max-w-full flex-col flex-grow\">\n<div class=\"min-h-[20px] text-message flex w-full flex-col items-end gap-2 whitespace-normal break-words [.text-message+&amp;]:mt-5\" dir=\"auto\" data-message-author-role=\"assistant\" data-message-id=\"f2e7ca64-e326-43ac-9cc2-b5e20ed1c815\">\n<div class=\"flex w-full flex-col gap-1 empty:hidden first:pt-[3px]\">\n<div class=\"markdown prose w-full break-words dark:prose-invert dark\">\n<div class=\"flex max-w-full flex-col flex-grow\">\n<div class=\"min-h-[20px] text-message flex w-full flex-col items-end gap-2 whitespace-normal break-words [.text-message+&amp;]:mt-5\" dir=\"auto\" data-message-author-role=\"assistant\" data-message-id=\"ad6c8a64-6b87-4f7b-87fc-7b2974512196\">\n<div class=\"flex w-full flex-col gap-1 empty:hidden first:pt-[3px]\">\n<div class=\"markdown prose w-full break-words dark:prose-invert dark\">\n<h3><strong>Bloqueador de kilometraje para Porsche 991 GT3 \/ RS<\/strong><\/h3>\n<p>El bloqueador de cuentakil\u00f3metros Porsche 991 GT3 \/ RS, tambi\u00e9n conocido como bloqueador de cuentakil\u00f3metros, bloqueador de cuentakil\u00f3metros, bloqueador de latas, bloqueador de cuentakil\u00f3metros, cuentakil\u00f3metros de viaje, filtro de latas u ocasionalmente herramienta de correcci\u00f3n de cuentakil\u00f3metros, est\u00e1 dise\u00f1ado espec\u00edficamente para todos los modelos Porsche 991 GT3 \/ RS lanzados entre 2013 y 2019.<\/p>\n<h3>Especificaciones:<\/h3>\n<ul>\n<li><strong>Instalaci\u00f3n DIY<\/strong>: R\u00e1pida y sencilla, sin necesidad de abrir las ECUs.<\/li>\n<li>El <strong>kilometraje no cambia<\/strong>: El kilometraje no aumenta despu\u00e9s de retirar el dispositivo.<\/li>\n<li><strong>Funcionamiento sencillo<\/strong>: Se controla f\u00e1cilmente mediante la palanca del limpiaparabrisas.<\/li>\n<li><strong>Configuraci\u00f3n persistente<\/strong>: Establ\u00e9cela una vez y guarda la configuraci\u00f3n sin tener que volver a aplicarla.<\/li>\n<li><strong>Activaci\u00f3n en movimiento<\/strong>: Se puede activar o desactivar mientras conduces.<\/li>\n<li><strong>Indicador de velocidad espec\u00edfico del modo<\/strong>: El indicador de velocidad se ajusta en funci\u00f3n del modo elegido.<\/li>\n<li><strong>Instalaci\u00f3n sin dejar rastro<\/strong>: No es necesario soldar ni cortar, por lo que no queda rastro de la instalaci\u00f3n.<\/li>\n<li><strong>Indetectable por los comprobadores de diagn\u00f3stico<\/strong>: Ni siquiera las herramientas avanzadas pueden detectar la alteraci\u00f3n del kilometraje.<\/li>\n<li><strong>Materiales de primera calidad<\/strong>: Equipado con enchufes de alta calidad y cables resistentes al calor para una mayor duraci\u00f3n.<\/li>\n<li><strong>M\u00faltiples modos disponibles<\/strong>: Cambia f\u00e1cilmente entre varios modos de kilometraje.<\/li>\n<li><strong>Funcionamiento sin errores<\/strong>: Sin mensajes de error en el veloc\u00edmetro ni en el sistema de navegaci\u00f3n.<\/li>\n<li><strong>Alteraci\u00f3n precisa del kilometraje<\/strong>: En los modos que detienen totalmente el kilometraje, hay una peque\u00f1a desviaci\u00f3n de hasta el 1% de la distancia real recorrida.<\/li>\n<\/ul>\n<h3>Activaci\u00f3n y desactivaci\u00f3n:<\/h3>\n<p><span data-sheets-root=\"1\">\u00abActivar\u00bb pulsando simult\u00e1neamente los dos \u00abbotones de retorno\u00bb.<\/span><\/p>\n<p><strong>Modo Encendido:<\/strong> ambos parpadean una vez. Cuenta 0% de kil\u00f3metros. Todo funciona correctamente.  <\/p>\n<p><strong>Modo Apagado:<\/strong> ambos intermitentes parpadean una vez. Cuenta el 100% de los kil\u00f3metros. Todo funciona correctamente\u00bb.  <\/p>\n<h3>\u00bfQu\u00e9 es el bloqueador de cuentakil\u00f3metros o herramienta de correcci\u00f3n de kilometraje del Porsche 991 GT3 \/ RS?<\/h3>\n<p>El bloqueador de kilometraje\/bloqueador de cuentakil\u00f3metros del Porsche 991 GT3 \/ RS est\u00e1 dise\u00f1ado para detener el recuento de kilometraje mientras se prueba el rendimiento de un coche. KM Block ofrece m\u00f3dulos con componentes de alta calidad. Nuestro equipo programa cada dispositivo espec\u00edficamente para cada marca y modelo para garantizar una funcionalidad perfecta. El dispositivo funciona a la perfecci\u00f3n tanto si tu veh\u00edculo registra el kilometraje en millas como en kil\u00f3metros.   <\/p>\n<p>Ten en cuenta que no vendemos herramientas de correcci\u00f3n del kilometraje, que a menudo se utilizan con fines enga\u00f1osos, como hacer retroceder o eliminar el kilometraje. Los veh\u00edculos modernos almacenan los datos de kilometraje en varias unidades, por lo que es dif\u00edcil que las herramientas de retroceso borren el kilometraje por completo. <\/p>\n<p>En KM Block encontrar\u00e1s dispositivos Mileage Stopper para varios tipos de veh\u00edculos, como di\u00e9sel, gasolina, veh\u00edculos el\u00e9ctricos h\u00edbridos enchufables (PHEV) y coches el\u00e9ctricos. La instalaci\u00f3n es sencilla, y s\u00f3lo requiere una conexi\u00f3n entre el puerto del veloc\u00edmetro y el cuadro de instrumentos. <\/p>\n<p>El Bloqueador de Kilometraje del Porsche 991 GT3 \/ RS se puede activar o desactivar en cualquier momento, tanto si el veh\u00edculo est\u00e1 en movimiento como parado.<\/p>\n<\/div>\n<\/div>\n<\/div>\n<\/div>\n<\/div>\n<\/div>\n<\/div>\n<\/div>\n<\/div>\n<\/div>\n<\/div>\n<\/div>\n<\/div>\n<\/div>\n<\/div>\n<\/div>\n<\/article>\n<\/div>\n<\/div>\n<\/div>\n<\/div>\n<\/div>\n<\/div>\n<\/div>\n<\/div>\n<\/div>\n<\/div>\n<\/div>\n<\/div>\n<\/div>\n","protected":false},"excerpt":{"rendered":"<div class=\"flex-shrink-0 flex flex-col relative items-end\">\n<div class=\"pt-0\">\n<div class=\"gizmo-bot-avatar flex h-8 w-8 items-center justify-center overflow-hidden rounded-full\">\n<div class=\"relative p-1 rounded-sm flex items-center justify-center bg-token-main-surface-primary text-token-text-primary h-8 w-8\">\n<p>Antes de hacer el pedido, lee los siguientes detalles importantes sobre la activaci\u00f3n del m\u00f3dulo, los mensajes de error y la funcionalidad.<\/p>\n<div class=\"flex max-w-full flex-col flex-grow\">\n<div class=\"min-h-[20px] text-message flex w-full flex-col items-end gap-2 whitespace-normal break-words [.text-message+&amp;]:mt-5\" dir=\"auto\" data-message-author-role=\"assistant\" data-message-id=\"fa49fe5c-62a3-4d02-842e-7a1021d9fec1\">\n<div class=\"flex w-full flex-col gap-1 empty:hidden first:pt-[3px]\">\n<div class=\"markdown prose w-full break-words dark:prose-invert dark\">\n<p><strong>Para los modelos Porsche 991 GT3 \/ RS (2013-2019).  <\/strong>  Los sistemas de asistencia no funcionar\u00e1n mientras el indicador de velocidad se ajuste seg\u00fan el modo seleccionado. Proceso de instalaci\u00f3n f\u00e1cil, \u00abhazlo t\u00fa mismo\u00bb: no requiere herramientas ni conocimientos especializados. El dispositivo puede encenderse o apagarse incluso con el coche en marcha. Viene con enchufes de primera calidad y cables resistentes al calor para un funcionamiento fiable.   <\/p>\n<p class=\"p1\"><b> \u2705 Integraci\u00f3n perfecta<\/b><b><\/b><\/p>\n<p class=\"p1\">\u2705<b> F\u00e1cil instalaci\u00f3n<\/b><b><\/b><\/p>\n<p class=\"p1\">\u2705<b> Gesti\u00f3n precisa del kilometraje<\/b><b><\/b><\/p>\n<p class=\"p1\"><b> \u2705 Funcionamiento en modo oculto<\/b><b><\/b><\/p>\n<p class=\"p1\"><span class=\"s1\">\u2705<\/span><b> Soporte y actualizaciones de por vida<\/b><\/p>\n<\/div>\n<\/div>\n<\/div>\n<\/div>\n<\/div>\n<\/div>\n<\/div>\n<\/div>\n","protected":false},"featured_media":840,"comment_status":"open","ping_status":"closed","template":"","meta":[],"product_brand":[],"product_cat":[875],"product_tag":[],"class_list":{"0":"post-9466","1":"product","2":"type-product","3":"status-publish","4":"has-post-thumbnail","6":"product_cat-porsche","8":"first","9":"instock","10":"taxable","11":"shipping-taxable","12":"purchasable","13":"product-type-variable"},"yoast_head":"<!-- This site is optimized with the Yoast SEO plugin v27.5 - https:\/\/yoast.com\/product\/yoast-seo-wordpress\/ -->\n<title>Porsche 991 GT3 \/ RS Mileage Blocker (KM stopper) \u2192 KM Block<\/title>\n<meta name=\"description\" content=\"Buy a Porsche 991 GT3 \/ RS Mileage Blocker for the Best Prices \u2713 Free Shipping \u2713 Incl. Installation Guides\" \/>\n<meta name=\"robots\" content=\"index, follow, max-snippet:-1, max-image-preview:large, max-video-preview:-1\" \/>\n<meta property=\"og:locale\" content=\"es_ES\" \/>\n<meta property=\"og:type\" content=\"article\" \/>\n<meta property=\"og:title\" content=\"Porsche 991 GT3 \/ RS Mileage Blocker (KM stopper) \u2192 KM Block\" \/>\n<meta property=\"og:description\" content=\"Buy a Porsche 991 GT3 \/ RS Mileage Blocker for the Best Prices \u2713 Free Shipping \u2713 Incl. Installation Guides\" \/>\n<meta property=\"og:url\" content=\"https:\/\/kmblock.com\/es\/product\/porsche-991-gt3-rs\/\" \/>\n<meta property=\"og:site_name\" content=\"KM Block\" \/>\n<meta property=\"og:image\" content=\"https:\/\/kmblock.com\/wp-content\/uploads\/2024\/09\/Porsche-991-GT3-RS.jpg\" \/>\n\t<meta property=\"og:image:width\" content=\"800\" \/>\n\t<meta property=\"og:image:height\" content=\"800\" \/>\n\t<meta property=\"og:image:type\" content=\"image\/jpeg\" \/>\n<meta name=\"twitter:card\" content=\"summary_large_image\" \/>\n<meta name=\"twitter:label1\" content=\"Tiempo de lectura\" \/>\n\t<meta name=\"twitter:data1\" content=\"3 minutos\" \/>\n<script type=\"application\/ld+json\" class=\"yoast-schema-graph\">{\"@context\":\"https:\\\/\\\/schema.org\",\"@graph\":[{\"@type\":\"WebPage\",\"@id\":\"https:\\\/\\\/kmblock.com\\\/es\\\/product\\\/porsche-991-gt3-rs\\\/\",\"url\":\"https:\\\/\\\/kmblock.com\\\/es\\\/product\\\/porsche-991-gt3-rs\\\/\",\"name\":\"Porsche 991 GT3 \\\/ RS Mileage Blocker (KM stopper) \u2192 KM Block\",\"isPartOf\":{\"@id\":\"https:\\\/\\\/kmblock.com\\\/es\\\/#website\"},\"primaryImageOfPage\":{\"@id\":\"https:\\\/\\\/kmblock.com\\\/es\\\/product\\\/porsche-991-gt3-rs\\\/#primaryimage\"},\"image\":{\"@id\":\"https:\\\/\\\/kmblock.com\\\/es\\\/product\\\/porsche-991-gt3-rs\\\/#primaryimage\"},\"thumbnailUrl\":\"https:\\\/\\\/kmblock.com\\\/wp-content\\\/uploads\\\/2024\\\/09\\\/Porsche-991-GT3-RS.jpg\",\"datePublished\":\"2024-09-23T00:59:01+00:00\",\"description\":\"Buy a Porsche 991 GT3 \\\/ RS Mileage Blocker for the Best Prices \u2713 Free Shipping \u2713 Incl. Installation Guides\",\"breadcrumb\":{\"@id\":\"https:\\\/\\\/kmblock.com\\\/es\\\/product\\\/porsche-991-gt3-rs\\\/#breadcrumb\"},\"inLanguage\":\"es\",\"potentialAction\":[{\"@type\":\"ReadAction\",\"target\":[\"https:\\\/\\\/kmblock.com\\\/es\\\/product\\\/porsche-991-gt3-rs\\\/\"]}]},{\"@type\":\"ImageObject\",\"inLanguage\":\"es\",\"@id\":\"https:\\\/\\\/kmblock.com\\\/es\\\/product\\\/porsche-991-gt3-rs\\\/#primaryimage\",\"url\":\"https:\\\/\\\/kmblock.com\\\/wp-content\\\/uploads\\\/2024\\\/09\\\/Porsche-991-GT3-RS.jpg\",\"contentUrl\":\"https:\\\/\\\/kmblock.com\\\/wp-content\\\/uploads\\\/2024\\\/09\\\/Porsche-991-GT3-RS.jpg\",\"width\":800,\"height\":800,\"caption\":\"Porsche 991 GT3 \\\/ RS\"},{\"@type\":\"BreadcrumbList\",\"@id\":\"https:\\\/\\\/kmblock.com\\\/es\\\/product\\\/porsche-991-gt3-rs\\\/#breadcrumb\",\"itemListElement\":[{\"@type\":\"ListItem\",\"position\":1,\"name\":\"Inicio\",\"item\":\"https:\\\/\\\/kmblock.com\\\/es\\\/\"},{\"@type\":\"ListItem\",\"position\":2,\"name\":\"Productos\",\"item\":\"https:\\\/\\\/kmblock.com\\\/es\\\/shop\\\/\"},{\"@type\":\"ListItem\",\"position\":3,\"name\":\"Porsche 991 GT3 \\\/ RS\"}]},{\"@type\":\"WebSite\",\"@id\":\"https:\\\/\\\/kmblock.com\\\/es\\\/#website\",\"url\":\"https:\\\/\\\/kmblock.com\\\/es\\\/\",\"name\":\"KM Block\",\"description\":\"\",\"publisher\":{\"@id\":\"https:\\\/\\\/kmblock.com\\\/es\\\/#organization\"},\"potentialAction\":[{\"@type\":\"SearchAction\",\"target\":{\"@type\":\"EntryPoint\",\"urlTemplate\":\"https:\\\/\\\/kmblock.com\\\/es\\\/?s={search_term_string}\"},\"query-input\":{\"@type\":\"PropertyValueSpecification\",\"valueRequired\":true,\"valueName\":\"search_term_string\"}}],\"inLanguage\":\"es\"},{\"@type\":\"Organization\",\"@id\":\"https:\\\/\\\/kmblock.com\\\/es\\\/#organization\",\"name\":\"Bloque KM\",\"url\":\"https:\\\/\\\/kmblock.com\\\/es\\\/\",\"logo\":{\"@type\":\"ImageObject\",\"inLanguage\":\"es\",\"@id\":\"https:\\\/\\\/kmblock.com\\\/es\\\/#\\\/schema\\\/logo\\\/image\\\/\",\"url\":\"https:\\\/\\\/kmblock.com\\\/wp-content\\\/uploads\\\/2024\\\/08\\\/main-logo.png\",\"contentUrl\":\"https:\\\/\\\/kmblock.com\\\/wp-content\\\/uploads\\\/2024\\\/08\\\/main-logo.png\",\"width\":186,\"height\":28,\"caption\":\"Bloque KM\"},\"image\":{\"@id\":\"https:\\\/\\\/kmblock.com\\\/es\\\/#\\\/schema\\\/logo\\\/image\\\/\"}}]}<\/script>\n<!-- \/ Yoast SEO plugin. -->","yoast_head_json":{"title":"Porsche 991 GT3 \/ RS Mileage Blocker (KM stopper) \u2192 KM Block","description":"Buy a Porsche 991 GT3 \/ RS Mileage Blocker for the Best Prices \u2713 Free Shipping \u2713 Incl. Installation Guides","robots":{"index":"index","follow":"follow","max-snippet":"max-snippet:-1","max-image-preview":"max-image-preview:large","max-video-preview":"max-video-preview:-1"},"og_locale":"es_ES","og_type":"article","og_title":"Porsche 991 GT3 \/ RS Mileage Blocker (KM stopper) \u2192 KM Block","og_description":"Buy a Porsche 991 GT3 \/ RS Mileage Blocker for the Best Prices \u2713 Free Shipping \u2713 Incl. Installation Guides","og_url":"https:\/\/kmblock.com\/es\/product\/porsche-991-gt3-rs\/","og_site_name":"KM Block","og_image":[{"width":800,"height":800,"url":"https:\/\/kmblock.com\/wp-content\/uploads\/2024\/09\/Porsche-991-GT3-RS.jpg","type":"image\/jpeg"}],"twitter_card":"summary_large_image","twitter_misc":{"Tiempo de lectura":"3 minutos"},"schema":{"@context":"https:\/\/schema.org","@graph":[{"@type":"WebPage","@id":"https:\/\/kmblock.com\/es\/product\/porsche-991-gt3-rs\/","url":"https:\/\/kmblock.com\/es\/product\/porsche-991-gt3-rs\/","name":"Porsche 991 GT3 \/ RS Mileage Blocker (KM stopper) \u2192 KM Block","isPartOf":{"@id":"https:\/\/kmblock.com\/es\/#website"},"primaryImageOfPage":{"@id":"https:\/\/kmblock.com\/es\/product\/porsche-991-gt3-rs\/#primaryimage"},"image":{"@id":"https:\/\/kmblock.com\/es\/product\/porsche-991-gt3-rs\/#primaryimage"},"thumbnailUrl":"https:\/\/kmblock.com\/wp-content\/uploads\/2024\/09\/Porsche-991-GT3-RS.jpg","datePublished":"2024-09-23T00:59:01+00:00","description":"Buy a Porsche 991 GT3 \/ RS Mileage Blocker for the Best Prices \u2713 Free Shipping \u2713 Incl. Installation Guides","breadcrumb":{"@id":"https:\/\/kmblock.com\/es\/product\/porsche-991-gt3-rs\/#breadcrumb"},"inLanguage":"es","potentialAction":[{"@type":"ReadAction","target":["https:\/\/kmblock.com\/es\/product\/porsche-991-gt3-rs\/"]}]},{"@type":"ImageObject","inLanguage":"es","@id":"https:\/\/kmblock.com\/es\/product\/porsche-991-gt3-rs\/#primaryimage","url":"https:\/\/kmblock.com\/wp-content\/uploads\/2024\/09\/Porsche-991-GT3-RS.jpg","contentUrl":"https:\/\/kmblock.com\/wp-content\/uploads\/2024\/09\/Porsche-991-GT3-RS.jpg","width":800,"height":800,"caption":"Porsche 991 GT3 \/ RS"},{"@type":"BreadcrumbList","@id":"https:\/\/kmblock.com\/es\/product\/porsche-991-gt3-rs\/#breadcrumb","itemListElement":[{"@type":"ListItem","position":1,"name":"Inicio","item":"https:\/\/kmblock.com\/es\/"},{"@type":"ListItem","position":2,"name":"Productos","item":"https:\/\/kmblock.com\/es\/shop\/"},{"@type":"ListItem","position":3,"name":"Porsche 991 GT3 \/ RS"}]},{"@type":"WebSite","@id":"https:\/\/kmblock.com\/es\/#website","url":"https:\/\/kmblock.com\/es\/","name":"KM Block","description":"","publisher":{"@id":"https:\/\/kmblock.com\/es\/#organization"},"potentialAction":[{"@type":"SearchAction","target":{"@type":"EntryPoint","urlTemplate":"https:\/\/kmblock.com\/es\/?s={search_term_string}"},"query-input":{"@type":"PropertyValueSpecification","valueRequired":true,"valueName":"search_term_string"}}],"inLanguage":"es"},{"@type":"Organization","@id":"https:\/\/kmblock.com\/es\/#organization","name":"Bloque KM","url":"https:\/\/kmblock.com\/es\/","logo":{"@type":"ImageObject","inLanguage":"es","@id":"https:\/\/kmblock.com\/es\/#\/schema\/logo\/image\/","url":"https:\/\/kmblock.com\/wp-content\/uploads\/2024\/08\/main-logo.png","contentUrl":"https:\/\/kmblock.com\/wp-content\/uploads\/2024\/08\/main-logo.png","width":186,"height":28,"caption":"Bloque KM"},"image":{"@id":"https:\/\/kmblock.com\/es\/#\/schema\/logo\/image\/"}}]}},"_links":{"self":[{"href":"https:\/\/kmblock.com\/es\/wp-json\/wp\/v2\/product\/9466","targetHints":{"allow":["GET"]}}],"collection":[{"href":"https:\/\/kmblock.com\/es\/wp-json\/wp\/v2\/product"}],"about":[{"href":"https:\/\/kmblock.com\/es\/wp-json\/wp\/v2\/types\/product"}],"replies":[{"embeddable":true,"href":"https:\/\/kmblock.com\/es\/wp-json\/wp\/v2\/comments?post=9466"}],"wp:featuredmedia":[{"embeddable":true,"href":"https:\/\/kmblock.com\/es\/wp-json\/wp\/v2\/media\/840"}],"wp:attachment":[{"href":"https:\/\/kmblock.com\/es\/wp-json\/wp\/v2\/media?parent=9466"}],"wp:term":[{"taxonomy":"product_brand","embeddable":true,"href":"https:\/\/kmblock.com\/es\/wp-json\/wp\/v2\/product_brand?post=9466"},{"taxonomy":"product_cat","embeddable":true,"href":"https:\/\/kmblock.com\/es\/wp-json\/wp\/v2\/product_cat?post=9466"},{"taxonomy":"product_tag","embeddable":true,"href":"https:\/\/kmblock.com\/es\/wp-json\/wp\/v2\/product_tag?post=9466"}],"curies":[{"name":"wp","href":"https:\/\/api.w.org\/{rel}","templated":true}]}}