{"id":9395,"date":"2024-09-22T13:16:05","date_gmt":"2024-09-22T13:16:05","guid":{"rendered":"https:\/\/kmblock.com\/product\/porsche-718-cayman-tipo-982\/"},"modified":"2024-09-22T13:16:05","modified_gmt":"2024-09-22T13:16:05","slug":"porsche-718-cayman-tipo-982","status":"publish","type":"product","link":"https:\/\/kmblock.com\/es\/product\/porsche-718-cayman-tipo-982\/","title":{"rendered":"Porsche 718 Cayman Tipo 982"},"content":{"rendered":"<div class=\"flex max-w-full flex-col flex-grow\">\n<div class=\"min-h-[20px] text-message flex w-full flex-col items-end gap-2 whitespace-normal break-words [.text-message+&amp;]:mt-5\" dir=\"auto\" data-message-author-role=\"assistant\" data-message-id=\"486fbb14-d9b0-4abf-8aac-69dd9ef3f888\">\n<div class=\"flex w-full flex-col gap-1 empty:hidden first:pt-[3px]\">\n<div class=\"markdown prose w-full break-words dark:prose-invert dark\">\n<div class=\"flex max-w-full flex-col flex-grow\">\n<div class=\"min-h-[20px] text-message flex w-full flex-col items-end gap-2 whitespace-normal break-words [.text-message+&amp;]:mt-5\" dir=\"auto\" data-message-author-role=\"assistant\" data-message-id=\"583787e4-ced2-4497-934b-fd13934d3b5f\">\n<div class=\"flex w-full flex-col gap-1 empty:hidden first:pt-[3px]\">\n<div class=\"markdown prose w-full break-words dark:prose-invert dark\">\n<h3>BLOQUEADOR DE KILOMETRAJE PARA PORSCHE 718 CAYMAN TIPO 982<\/h3>\n<p>El <strong>bloqueador de cuentakil\u00f3metros<\/strong>Porsche 718 Cayman Tipo 982 <strong>-tambi\u00e9n<\/strong>conocido como bloqueador de cuentakil\u00f3metros, bloqueador de cuentakil\u00f3metros, bloqueador de latas, bloqueador de cuentakil\u00f3metros, cuentakil\u00f3metros de viaje, filtro de latas o, a veces, herramienta de correcci\u00f3n de cuentakil\u00f3metros- es adecuado para todos los modelos Porsche 718 Cayman Tipo 982 lanzados desde 2016.<\/p>\n<h4>ESPECIFICACIONES<\/h4>\n<ul>\n<li><strong>Instalaci\u00f3n r\u00e1pida de bricolaje<\/strong>, sin necesidad de ayuda profesional.<\/li>\n<li><strong>Activar o desactivar mientras conduces<\/strong>.<\/li>\n<li><strong>Sin soldaduras ni cortes de cables<\/strong>, para que no quede rastro de modificaci\u00f3n.<\/li>\n<li><strong>Indetectable por los aparatos de diagn\u00f3stico<\/strong>.<\/li>\n<li>M\u00faltiples modos para controlar el registro de kilometraje.<\/li>\n<li><strong>Instalaci\u00f3n sin problemas<\/strong> &#8211; La cara de acoplamiento y los rebordes del conector garantizan un proceso sin problemas.<\/li>\n<li>Equipado con <strong>enchufes de primera calidad<\/strong> y <strong>cables resistentes al calor<\/strong>.<\/li>\n<li>F\u00e1cil de usar con <strong>combinaciones de teclas<\/strong> para el control.<\/li>\n<li>Config\u00faralo una vez: los ajustes<strong>se guardan permanentemente<\/strong>.<\/li>\n<li>El <strong>kilometraje no aumenta<\/strong> despu\u00e9s de retirar el m\u00f3dulo.<\/li>\n<li><strong>No hay mensajes de error<\/strong> en el veloc\u00edmetro ni en el panel de navegaci\u00f3n.<\/li>\n<li><strong>Control preciso del kilometraje<\/strong>: desviaci\u00f3n dentro del 1% para los modos que alteran el kilometraje. Pueden producirse peque\u00f1as diferencias. <\/li>\n<\/ul>\n<h4>ACTIVACI\u00d3N Y DESACTIVACI\u00d3N<\/h4>\n<p>\u00ab\u00bbActivar\u00bb pulsando \u00abbot\u00f3n de retorno\u00bb durante 10 segundos.<\/p>\n<p><strong>Modo Encendido<\/strong>: parpadea una vez hacia la izquierda. Cuenta el 0% del kilometraje. Todo funciona correctamente.  <\/p>\n<p><strong>Modo Apagado:<\/strong> la luz parpadea una vez hacia la derecha. Cuenta el 100% de los kil\u00f3metros. Todo funciona correctamente\u00bb\u00bb.<\/p>\n<p>El <strong>Tope Kilom\u00e9trico Porsche 718 Cayman Tipo 982<\/strong> recuerda los \u00faltimos ajustes aplicados, por lo que no es necesario reiniciarlo cada vez que arranques el coche. Funciona tanto si el veh\u00edculo est\u00e1 en movimiento como parado. <\/p>\n<hr>\n<h4>\u00bfQu\u00e9 es el bloqueador de cuentakil\u00f3metros o corrector de kilometraje Porsche 718 Cayman Tipo 982?<\/h4>\n<p>El <strong>bloqueador de kilometraje\/bloqueador de cuentakil\u00f3metros Porsche 718 Cayman Tipo 982<\/strong> est\u00e1 dise\u00f1ado para detener el registro de kilometraje durante las pruebas de rendimiento. En <strong>KM<\/strong> Block ofrecemos m\u00f3dulos de alta calidad fabricados con componentes originales. El software de cada m\u00f3dulo est\u00e1 adaptado a marcas y modelos espec\u00edficos, lo que garantiza una funcionalidad perfecta independientemente de si tu cuentakil\u00f3metros registra en millas o en kil\u00f3metros.  <\/p>\n<p>Ten en cuenta que no vendemos herramientas de <strong>Correcci\u00f3n<\/strong> del Kilometraje destinadas a fines fraudulentos, como hacer retroceder o eliminar datos de kilometraje. Dichas herramientas no pueden anular completamente el kilometraje en todas las unidades de almacenamiento de datos de un coche. <\/p>\n<p>Ofrecemos una amplia variedad de dispositivos <strong>Mileage Stopper<\/strong> compatibles con coches di\u00e9sel, gasolina, veh\u00edculos el\u00e9ctricos h\u00edbridos enchufables (PHEV) y el\u00e9ctricos. La instalaci\u00f3n es sencilla: s\u00f3lo tienes que conectar el m\u00f3dulo entre el veloc\u00edmetro y el cuadro de instrumentos y disfrutar de todas sus ventajas. <\/p>\n<p><strong>El Bloqueador de Kilometraje Porsche 718 Cayman Tipo 982<\/strong> puede activarse o desactivarse en cualquier momento, tanto si el coche est\u00e1 en movimiento como parado.<\/p>\n<\/div>\n<\/div>\n<\/div>\n<\/div>\n<\/div>\n<\/div>\n<\/div>\n<\/div>\n","protected":false},"excerpt":{"rendered":"<div class=\"flex-shrink-0 flex flex-col relative items-end\">\n<div class=\"pt-0\">\n<div class=\"gizmo-bot-avatar flex h-8 w-8 items-center justify-center overflow-hidden rounded-full\">\n<div class=\"relative p-1 rounded-sm flex items-center justify-center bg-token-main-surface-primary text-token-text-primary h-8 w-8\">\n<p>Antes de hacer el pedido, lee los siguientes detalles importantes sobre la activaci\u00f3n del m\u00f3dulo, los mensajes de error y la funcionalidad.<\/p>\n<div class=\"flex max-w-full flex-col flex-grow\">\n<div class=\"min-h-[20px] text-message flex w-full flex-col items-end gap-2 whitespace-normal break-words [.text-message+&amp;]:mt-5\" dir=\"auto\" data-message-author-role=\"assistant\" data-message-id=\"fa49fe5c-62a3-4d02-842e-7a1021d9fec1\">\n<div class=\"flex w-full flex-col gap-1 empty:hidden first:pt-[3px]\">\n<div class=\"markdown prose w-full break-words dark:prose-invert dark\">\n<p><strong>PARA MODELOS LANZADOS DESDE 2016:<\/strong> Los sistemas de asistencia est\u00e1n desactivados, pero el indicador de velocidad funciona seg\u00fan el modo elegido. F\u00e1cil instalaci\u00f3n DIY. Se puede activar durante la conducci\u00f3n. Con enchufes de primera calidad y cables resistentes al calor.   <\/p>\n<p class=\"p1\"><b> \u2705 Integraci\u00f3n perfecta<\/b><b><\/b><\/p>\n<p class=\"p1\">\u2705<b> F\u00e1cil instalaci\u00f3n<\/b><b><\/b><\/p>\n<p class=\"p1\">\u2705<b> Gesti\u00f3n precisa del kilometraje<\/b><b><\/b><\/p>\n<p class=\"p1\"><b> \u2705 Funcionamiento en modo oculto<\/b><b><\/b><\/p>\n<p class=\"p1\"><span class=\"s1\">\u2705<\/span><b> Soporte y actualizaciones de por vida<\/b><\/p>\n<\/div>\n<\/div>\n<\/div>\n<\/div>\n<\/div>\n<\/div>\n<\/div>\n<\/div>\n","protected":false},"featured_media":824,"comment_status":"open","ping_status":"closed","template":"","meta":[],"product_brand":[],"product_cat":[875],"product_tag":[],"class_list":{"0":"post-9395","1":"product","2":"type-product","3":"status-publish","4":"has-post-thumbnail","6":"product_cat-porsche","8":"first","9":"instock","10":"taxable","11":"shipping-taxable","12":"purchasable","13":"product-type-variable"},"yoast_head":"<!-- This site is optimized with the Yoast SEO plugin v27.5 - https:\/\/yoast.com\/product\/yoast-seo-wordpress\/ -->\n<title>Porsche 718 Cayman Tipo 982 Mileage Blocker (KM stopper) \u2192 KM Block<\/title>\n<meta name=\"description\" content=\"Buy a Porsche 718 Cayman Tipo 982 Mileage Blocker for the Best Prices \u2713 Free Shipping \u2713 Incl. Installation Guides\" \/>\n<meta name=\"robots\" content=\"index, follow, max-snippet:-1, max-image-preview:large, max-video-preview:-1\" \/>\n<meta property=\"og:locale\" content=\"es_ES\" \/>\n<meta property=\"og:type\" content=\"article\" \/>\n<meta property=\"og:title\" content=\"Porsche 718 Cayman Tipo 982 Mileage Blocker (KM stopper) \u2192 KM Block\" \/>\n<meta property=\"og:description\" content=\"Buy a Porsche 718 Cayman Tipo 982 Mileage Blocker for the Best Prices \u2713 Free Shipping \u2713 Incl. Installation Guides\" \/>\n<meta property=\"og:url\" content=\"https:\/\/kmblock.com\/es\/product\/porsche-718-cayman-tipo-982\/\" \/>\n<meta property=\"og:site_name\" content=\"KM Block\" \/>\n<meta property=\"og:image\" content=\"https:\/\/kmblock.com\/wp-content\/uploads\/2024\/09\/Porsche-718-Boxster-Type-982.jpg\" \/>\n\t<meta property=\"og:image:width\" content=\"800\" \/>\n\t<meta property=\"og:image:height\" content=\"800\" \/>\n\t<meta property=\"og:image:type\" content=\"image\/jpeg\" \/>\n<meta name=\"twitter:card\" content=\"summary_large_image\" \/>\n<meta name=\"twitter:label1\" content=\"Tiempo de lectura\" \/>\n\t<meta name=\"twitter:data1\" content=\"2 minutos\" \/>\n<script type=\"application\/ld+json\" class=\"yoast-schema-graph\">{\"@context\":\"https:\\\/\\\/schema.org\",\"@graph\":[{\"@type\":\"WebPage\",\"@id\":\"https:\\\/\\\/kmblock.com\\\/es\\\/product\\\/porsche-718-cayman-tipo-982\\\/\",\"url\":\"https:\\\/\\\/kmblock.com\\\/es\\\/product\\\/porsche-718-cayman-tipo-982\\\/\",\"name\":\"Porsche 718 Cayman Tipo 982 Mileage Blocker (KM stopper) \u2192 KM Block\",\"isPartOf\":{\"@id\":\"https:\\\/\\\/kmblock.com\\\/es\\\/#website\"},\"primaryImageOfPage\":{\"@id\":\"https:\\\/\\\/kmblock.com\\\/es\\\/product\\\/porsche-718-cayman-tipo-982\\\/#primaryimage\"},\"image\":{\"@id\":\"https:\\\/\\\/kmblock.com\\\/es\\\/product\\\/porsche-718-cayman-tipo-982\\\/#primaryimage\"},\"thumbnailUrl\":\"https:\\\/\\\/kmblock.com\\\/wp-content\\\/uploads\\\/2024\\\/09\\\/Porsche-718-Boxster-Type-982.jpg\",\"datePublished\":\"2024-09-22T13:16:05+00:00\",\"description\":\"Buy a Porsche 718 Cayman Tipo 982 Mileage Blocker for the Best Prices \u2713 Free Shipping \u2713 Incl. Installation Guides\",\"breadcrumb\":{\"@id\":\"https:\\\/\\\/kmblock.com\\\/es\\\/product\\\/porsche-718-cayman-tipo-982\\\/#breadcrumb\"},\"inLanguage\":\"es\",\"potentialAction\":[{\"@type\":\"ReadAction\",\"target\":[\"https:\\\/\\\/kmblock.com\\\/es\\\/product\\\/porsche-718-cayman-tipo-982\\\/\"]}]},{\"@type\":\"ImageObject\",\"inLanguage\":\"es\",\"@id\":\"https:\\\/\\\/kmblock.com\\\/es\\\/product\\\/porsche-718-cayman-tipo-982\\\/#primaryimage\",\"url\":\"https:\\\/\\\/kmblock.com\\\/wp-content\\\/uploads\\\/2024\\\/09\\\/Porsche-718-Boxster-Type-982.jpg\",\"contentUrl\":\"https:\\\/\\\/kmblock.com\\\/wp-content\\\/uploads\\\/2024\\\/09\\\/Porsche-718-Boxster-Type-982.jpg\",\"width\":800,\"height\":800,\"caption\":\"Porsche 718 Boxster Type 982\"},{\"@type\":\"BreadcrumbList\",\"@id\":\"https:\\\/\\\/kmblock.com\\\/es\\\/product\\\/porsche-718-cayman-tipo-982\\\/#breadcrumb\",\"itemListElement\":[{\"@type\":\"ListItem\",\"position\":1,\"name\":\"Inicio\",\"item\":\"https:\\\/\\\/kmblock.com\\\/es\\\/\"},{\"@type\":\"ListItem\",\"position\":2,\"name\":\"Productos\",\"item\":\"https:\\\/\\\/kmblock.com\\\/es\\\/shop\\\/\"},{\"@type\":\"ListItem\",\"position\":3,\"name\":\"Porsche 718 Cayman Tipo 982\"}]},{\"@type\":\"WebSite\",\"@id\":\"https:\\\/\\\/kmblock.com\\\/es\\\/#website\",\"url\":\"https:\\\/\\\/kmblock.com\\\/es\\\/\",\"name\":\"KM Block\",\"description\":\"\",\"publisher\":{\"@id\":\"https:\\\/\\\/kmblock.com\\\/es\\\/#organization\"},\"potentialAction\":[{\"@type\":\"SearchAction\",\"target\":{\"@type\":\"EntryPoint\",\"urlTemplate\":\"https:\\\/\\\/kmblock.com\\\/es\\\/?s={search_term_string}\"},\"query-input\":{\"@type\":\"PropertyValueSpecification\",\"valueRequired\":true,\"valueName\":\"search_term_string\"}}],\"inLanguage\":\"es\"},{\"@type\":\"Organization\",\"@id\":\"https:\\\/\\\/kmblock.com\\\/es\\\/#organization\",\"name\":\"Bloque KM\",\"url\":\"https:\\\/\\\/kmblock.com\\\/es\\\/\",\"logo\":{\"@type\":\"ImageObject\",\"inLanguage\":\"es\",\"@id\":\"https:\\\/\\\/kmblock.com\\\/es\\\/#\\\/schema\\\/logo\\\/image\\\/\",\"url\":\"https:\\\/\\\/kmblock.com\\\/wp-content\\\/uploads\\\/2024\\\/08\\\/main-logo.png\",\"contentUrl\":\"https:\\\/\\\/kmblock.com\\\/wp-content\\\/uploads\\\/2024\\\/08\\\/main-logo.png\",\"width\":186,\"height\":28,\"caption\":\"Bloque KM\"},\"image\":{\"@id\":\"https:\\\/\\\/kmblock.com\\\/es\\\/#\\\/schema\\\/logo\\\/image\\\/\"}}]}<\/script>\n<!-- \/ Yoast SEO plugin. -->","yoast_head_json":{"title":"Porsche 718 Cayman Tipo 982 Mileage Blocker (KM stopper) \u2192 KM Block","description":"Buy a Porsche 718 Cayman Tipo 982 Mileage Blocker for the Best Prices \u2713 Free Shipping \u2713 Incl. Installation Guides","robots":{"index":"index","follow":"follow","max-snippet":"max-snippet:-1","max-image-preview":"max-image-preview:large","max-video-preview":"max-video-preview:-1"},"og_locale":"es_ES","og_type":"article","og_title":"Porsche 718 Cayman Tipo 982 Mileage Blocker (KM stopper) \u2192 KM Block","og_description":"Buy a Porsche 718 Cayman Tipo 982 Mileage Blocker for the Best Prices \u2713 Free Shipping \u2713 Incl. Installation Guides","og_url":"https:\/\/kmblock.com\/es\/product\/porsche-718-cayman-tipo-982\/","og_site_name":"KM Block","og_image":[{"width":800,"height":800,"url":"https:\/\/kmblock.com\/wp-content\/uploads\/2024\/09\/Porsche-718-Boxster-Type-982.jpg","type":"image\/jpeg"}],"twitter_card":"summary_large_image","twitter_misc":{"Tiempo de lectura":"2 minutos"},"schema":{"@context":"https:\/\/schema.org","@graph":[{"@type":"WebPage","@id":"https:\/\/kmblock.com\/es\/product\/porsche-718-cayman-tipo-982\/","url":"https:\/\/kmblock.com\/es\/product\/porsche-718-cayman-tipo-982\/","name":"Porsche 718 Cayman Tipo 982 Mileage Blocker (KM stopper) \u2192 KM Block","isPartOf":{"@id":"https:\/\/kmblock.com\/es\/#website"},"primaryImageOfPage":{"@id":"https:\/\/kmblock.com\/es\/product\/porsche-718-cayman-tipo-982\/#primaryimage"},"image":{"@id":"https:\/\/kmblock.com\/es\/product\/porsche-718-cayman-tipo-982\/#primaryimage"},"thumbnailUrl":"https:\/\/kmblock.com\/wp-content\/uploads\/2024\/09\/Porsche-718-Boxster-Type-982.jpg","datePublished":"2024-09-22T13:16:05+00:00","description":"Buy a Porsche 718 Cayman Tipo 982 Mileage Blocker for the Best Prices \u2713 Free Shipping \u2713 Incl. Installation Guides","breadcrumb":{"@id":"https:\/\/kmblock.com\/es\/product\/porsche-718-cayman-tipo-982\/#breadcrumb"},"inLanguage":"es","potentialAction":[{"@type":"ReadAction","target":["https:\/\/kmblock.com\/es\/product\/porsche-718-cayman-tipo-982\/"]}]},{"@type":"ImageObject","inLanguage":"es","@id":"https:\/\/kmblock.com\/es\/product\/porsche-718-cayman-tipo-982\/#primaryimage","url":"https:\/\/kmblock.com\/wp-content\/uploads\/2024\/09\/Porsche-718-Boxster-Type-982.jpg","contentUrl":"https:\/\/kmblock.com\/wp-content\/uploads\/2024\/09\/Porsche-718-Boxster-Type-982.jpg","width":800,"height":800,"caption":"Porsche 718 Boxster Type 982"},{"@type":"BreadcrumbList","@id":"https:\/\/kmblock.com\/es\/product\/porsche-718-cayman-tipo-982\/#breadcrumb","itemListElement":[{"@type":"ListItem","position":1,"name":"Inicio","item":"https:\/\/kmblock.com\/es\/"},{"@type":"ListItem","position":2,"name":"Productos","item":"https:\/\/kmblock.com\/es\/shop\/"},{"@type":"ListItem","position":3,"name":"Porsche 718 Cayman Tipo 982"}]},{"@type":"WebSite","@id":"https:\/\/kmblock.com\/es\/#website","url":"https:\/\/kmblock.com\/es\/","name":"KM Block","description":"","publisher":{"@id":"https:\/\/kmblock.com\/es\/#organization"},"potentialAction":[{"@type":"SearchAction","target":{"@type":"EntryPoint","urlTemplate":"https:\/\/kmblock.com\/es\/?s={search_term_string}"},"query-input":{"@type":"PropertyValueSpecification","valueRequired":true,"valueName":"search_term_string"}}],"inLanguage":"es"},{"@type":"Organization","@id":"https:\/\/kmblock.com\/es\/#organization","name":"Bloque KM","url":"https:\/\/kmblock.com\/es\/","logo":{"@type":"ImageObject","inLanguage":"es","@id":"https:\/\/kmblock.com\/es\/#\/schema\/logo\/image\/","url":"https:\/\/kmblock.com\/wp-content\/uploads\/2024\/08\/main-logo.png","contentUrl":"https:\/\/kmblock.com\/wp-content\/uploads\/2024\/08\/main-logo.png","width":186,"height":28,"caption":"Bloque KM"},"image":{"@id":"https:\/\/kmblock.com\/es\/#\/schema\/logo\/image\/"}}]}},"_links":{"self":[{"href":"https:\/\/kmblock.com\/es\/wp-json\/wp\/v2\/product\/9395","targetHints":{"allow":["GET"]}}],"collection":[{"href":"https:\/\/kmblock.com\/es\/wp-json\/wp\/v2\/product"}],"about":[{"href":"https:\/\/kmblock.com\/es\/wp-json\/wp\/v2\/types\/product"}],"replies":[{"embeddable":true,"href":"https:\/\/kmblock.com\/es\/wp-json\/wp\/v2\/comments?post=9395"}],"wp:featuredmedia":[{"embeddable":true,"href":"https:\/\/kmblock.com\/es\/wp-json\/wp\/v2\/media\/824"}],"wp:attachment":[{"href":"https:\/\/kmblock.com\/es\/wp-json\/wp\/v2\/media?parent=9395"}],"wp:term":[{"taxonomy":"product_brand","embeddable":true,"href":"https:\/\/kmblock.com\/es\/wp-json\/wp\/v2\/product_brand?post=9395"},{"taxonomy":"product_cat","embeddable":true,"href":"https:\/\/kmblock.com\/es\/wp-json\/wp\/v2\/product_cat?post=9395"},{"taxonomy":"product_tag","embeddable":true,"href":"https:\/\/kmblock.com\/es\/wp-json\/wp\/v2\/product_tag?post=9395"}],"curies":[{"name":"wp","href":"https:\/\/api.w.org\/{rel}","templated":true}]}}