{"id":9383,"date":"2024-09-22T13:20:01","date_gmt":"2024-09-22T13:20:01","guid":{"rendered":"https:\/\/kmblock.com\/product\/porsche-719-boxster-tipo-982\/"},"modified":"2024-09-22T13:20:01","modified_gmt":"2024-09-22T13:20:01","slug":"porsche-719-boxster-tipo-982","status":"publish","type":"product","link":"https:\/\/kmblock.com\/es\/product\/porsche-719-boxster-tipo-982\/","title":{"rendered":"Porsche 719 Boxster Tipo 982"},"content":{"rendered":"<div class=\"flex max-w-full flex-col flex-grow\">\n<div class=\"min-h-[20px] text-message flex w-full flex-col items-end gap-2 whitespace-normal break-words [.text-message+&amp;]:mt-5\" dir=\"auto\" data-message-author-role=\"assistant\" data-message-id=\"486fbb14-d9b0-4abf-8aac-69dd9ef3f888\">\n<div class=\"flex w-full flex-col gap-1 empty:hidden first:pt-[3px]\">\n<div class=\"markdown prose w-full break-words dark:prose-invert dark\">\n<div class=\"flex max-w-full flex-col flex-grow\">\n<div class=\"min-h-[20px] text-message flex w-full flex-col items-end gap-2 whitespace-normal break-words [.text-message+&amp;]:mt-5\" dir=\"auto\" data-message-author-role=\"assistant\" data-message-id=\"583787e4-ced2-4497-934b-fd13934d3b5f\">\n<div class=\"flex w-full flex-col gap-1 empty:hidden first:pt-[3px]\">\n<div class=\"markdown prose w-full break-words dark:prose-invert dark\">\n<div class=\"flex-1 overflow-hidden\">\n<div class=\"h-full\">\n<div class=\"react-scroll-to-bottom--css-edlrf-79elbk h-full\">\n<div class=\"react-scroll-to-bottom--css-edlrf-1n7m0yu\">\n<div class=\"flex flex-col text-sm md:pb-9\">\n<article class=\"w-full text-token-text-primary focus-visible:outline-2 focus-visible:outline-offset-[-4px]\" dir=\"auto\" data-testid=\"conversation-turn-171\" data-scroll-anchor=\"true\">\n<div class=\"text-base py-[18px] px-3 md:px-4 m-auto w-full md:px-5 lg:px-4 xl:px-5\">\n<div class=\"mx-auto flex flex-1 gap-4 text-base md:gap-5 lg:gap-6 md:max-w-3xl lg:max-w-[40rem] xl:max-w-[48rem]\">\n<div class=\"group\/conversation-turn relative flex w-full min-w-0 flex-col agent-turn\">\n<div class=\"flex-col gap-1 md:gap-3\">\n<div class=\"flex max-w-full flex-col flex-grow\">\n<div class=\"min-h-[20px] text-message flex w-full flex-col items-end gap-2 whitespace-normal break-words [.text-message+&amp;]:mt-5\" dir=\"auto\" data-message-author-role=\"assistant\" data-message-id=\"c587c539-d375-471b-ba08-a0c42b7a5935\">\n<div class=\"flex w-full flex-col gap-1 empty:hidden first:pt-[3px]\">\n<div class=\"markdown prose w-full break-words dark:prose-invert dark\">\n<p>&nbsp;<\/p>\n<p><strong>BLOQUEADOR DE KILOMETRAJE PARA PORSCHE 718 BOXSTER TIPO 982<\/strong><\/p>\n<p>El <strong>Bloqueador de Cuentakil\u00f3metros Porsche 718 Boxster Tipo 982<\/strong> tambi\u00e9n se conoce como: Bloqueador de cuentakil\u00f3metros, Detenedor de cuentakil\u00f3metros, Bloqueador de latas, Detenedor de kilometraje, Cuentakil\u00f3metros parcial, Filtro de latas, y a veces como herramienta de Correcci\u00f3n de kilometraje.<\/p>\n<p><strong>COMPATIBILIDAD<\/strong><br \/>\nEste dispositivo est\u00e1 dise\u00f1ado para todos los modelos Porsche 718 \/ 719 \/ 721 Boxster Tipo 982 lanzados desde 2016.<\/p>\n<hr>\n<h3><strong>ESPECIFICACIONES<\/strong><\/h3>\n<ul>\n<li><strong>Instalaci\u00f3n r\u00e1pida DIY<\/strong>: No es necesario abrir la ECU.<\/li>\n<li><strong>Control en Movimiento<\/strong>: Se puede activar o desactivar durante la conducci\u00f3n.<\/li>\n<li><strong>M\u00faltiples modos<\/strong>: Cambia f\u00e1cilmente de un modo a otro seg\u00fan tus necesidades.<\/li>\n<li><strong>Sin<\/strong> rastro: No requiere soldar ni cortar los cables, por lo que no deja rastro de uso.<\/li>\n<li><strong>Sin errores<\/strong>: No hay mensajes de error en el veloc\u00edmetro ni en el panel de navegaci\u00f3n.<\/li>\n<li><strong>Ajustes permanentes<\/strong>: Una vez seleccionados los ajustes, se guardan autom\u00e1ticamente.<\/li>\n<li><strong>Indetectable por las herramientas de diagn\u00f3stico<\/strong>: El kilometraje alterado por el aparato permanece indetectable por los comprobadores.<\/li>\n<li><strong>Construcci\u00f3n de alta calidad<\/strong>: Los enchufes de primera calidad y los cables resistentes al calor garantizan la durabilidad.<\/li>\n<li><strong>Despu\u00e9s de la extracci\u00f3n<\/strong>: El kilometraje no aumenta despu\u00e9s de retirar el m\u00f3dulo.<\/li>\n<li><strong>Precisi\u00f3n<\/strong>: Se permite una desviaci\u00f3n m\u00e1xima del 1% para el ajuste del kilometraje, con aproximaciones sujetas a peque\u00f1as variaciones.<\/li>\n<\/ul>\n<hr>\n<h3><strong>ACTIVACI\u00d3N Y DESACTIVACI\u00d3N<\/strong><\/h3>\n<p>\u00ab\u00bbActivar\u00bb pulsando \u00abbot\u00f3n de retorno\u00bb durante 10 segundos.<\/p>\n<p><strong>Modo Encendido:<\/strong> parpadea una vez hacia la izquierda. Cuenta el 0% del kilometraje. Todo funciona correctamente.  <\/p>\n<p><strong>Modo Apagado:<\/strong> la luz parpadea una vez hacia la derecha. Cuenta el 100% de los kil\u00f3metros. Todo funciona correctamente\u00bb\u00bb.<\/p>\n<hr>\n<h3><strong>\u00bfQU\u00c9 ES UN BLOQUEADOR DE KILOMETRAJE PORSCHE 718 BOXSTER?<\/strong><\/h3>\n<p>El <strong>bloqueador de kilometraje \/ bloqueador de cuentakil\u00f3metros del Porsche 718 \/ 719 \/ 721 Boxster<\/strong> est\u00e1 dise\u00f1ado para pausar el registro de kilometraje durante las pruebas de rendimiento. En <strong>KM<\/strong> Block, ofrecemos los m\u00f3dulos m\u00e1s avanzados, programados a medida para cada veh\u00edculo para garantizar un funcionamiento impecable. Tanto si el cuentakil\u00f3metros de tu coche marca en millas como en kil\u00f3metros, el dispositivo funciona eficazmente. Basta con instalarlo entre el veloc\u00edmetro y el cuadro de instrumentos, y controlarlo con combinaciones de teclas preestablecidas.   <\/p>\n<hr>\n<h3><strong>NOTA<\/strong><\/h3>\n<p><strong>No vendemos herramientas de correcci\u00f3n del kilometraje<\/strong> con fines fraudulentos, como hacer retroceder los cuentakil\u00f3metros. Los veh\u00edculos modernos almacenan el kilometraje en varias unidades, por lo que las herramientas de retroceso son ineficaces para anular totalmente los datos. <\/p>\n<p>Explora nuestra amplia gama de <strong>dispositivos de Bloqueo de<\/strong> Kilometraje para todo tipo de veh\u00edculos. Nuestro <strong>Bloqueador de<\/strong> Kilometraje funciona tanto en motores de gasolina como di\u00e9sel, as\u00ed como en veh\u00edculos el\u00e9ctricos h\u00edbridos enchufables (PHEV) y coches el\u00e9ctricos. La instalaci\u00f3n es sencilla y no requiere conocimientos avanzados de mantenimiento de veh\u00edculos.  <\/p>\n<p><strong>El Bloqueador de Kilometraje del Porsche 718 Boxster<\/strong> puede activarse o desactivarse en cualquier momento, tanto si est\u00e1 parado como en movimiento.<\/p>\n<\/div>\n<\/div>\n<\/div>\n<\/div>\n<\/div>\n<\/div>\n<\/div>\n<\/div>\n<\/article>\n<\/div>\n<\/div>\n<\/div>\n<\/div>\n<\/div>\n<\/div>\n<\/div>\n<\/div>\n<\/div>\n<\/div>\n<\/div>\n<\/div>\n<\/div>\n","protected":false},"excerpt":{"rendered":"<div class=\"flex-shrink-0 flex flex-col relative items-end\">\n<div class=\"pt-0\">\n<div class=\"gizmo-bot-avatar flex h-8 w-8 items-center justify-center overflow-hidden rounded-full\">\n<div class=\"relative p-1 rounded-sm flex items-center justify-center bg-token-main-surface-primary text-token-text-primary h-8 w-8\">\n<p>Antes de hacer el pedido, lee los siguientes detalles importantes sobre la activaci\u00f3n del m\u00f3dulo, los mensajes de error y la funcionalidad.<\/p>\n<div class=\"flex max-w-full flex-col flex-grow\">\n<div class=\"min-h-[20px] text-message flex w-full flex-col items-end gap-2 whitespace-normal break-words [.text-message+&amp;]:mt-5\" dir=\"auto\" data-message-author-role=\"assistant\" data-message-id=\"fa49fe5c-62a3-4d02-842e-7a1021d9fec1\">\n<div class=\"flex w-full flex-col gap-1 empty:hidden first:pt-[3px]\">\n<div class=\"markdown prose w-full break-words dark:prose-invert dark\">\n<p><strong>PARA LOS MODELOS LANZADOS DESDE 2016.  <\/strong>Los sistemas de asistencia est\u00e1n desactivados, pero el indicador de velocidad funciona seg\u00fan el modo seleccionado. Instalaci\u00f3n f\u00e1cil, hazlo t\u00fa mismo. Puede activarse con el veh\u00edculo en marcha. Construido con enchufes de primera calidad y cables resistentes al calor.   <\/p>\n<p class=\"p1\"><b> \u2705 Integraci\u00f3n perfecta<\/b><b><\/b><\/p>\n<p class=\"p1\">\u2705<b> F\u00e1cil instalaci\u00f3n<\/b><b><\/b><\/p>\n<p class=\"p1\">\u2705<b> Gesti\u00f3n precisa del kilometraje<\/b><b><\/b><\/p>\n<p class=\"p1\"><b> \u2705 Funcionamiento en modo oculto<\/b><b><\/b><\/p>\n<p class=\"p1\"><span class=\"s1\">\u2705<\/span><b> Soporte y actualizaciones de por vida<\/b><\/p>\n<\/div>\n<\/div>\n<\/div>\n<\/div>\n<\/div>\n<\/div>\n<\/div>\n<\/div>\n","protected":false},"featured_media":827,"comment_status":"open","ping_status":"closed","template":"","meta":[],"product_brand":[],"product_cat":[875],"product_tag":[],"class_list":{"0":"post-9383","1":"product","2":"type-product","3":"status-publish","4":"has-post-thumbnail","6":"product_cat-porsche","8":"first","9":"instock","10":"taxable","11":"shipping-taxable","12":"purchasable","13":"product-type-variable"},"yoast_head":"<!-- This site is optimized with the Yoast SEO plugin v27.5 - https:\/\/yoast.com\/product\/yoast-seo-wordpress\/ -->\n<title>Porsche 719 Boxster Tipo 982 Mileage Blocker (KM stopper) \u2192 KM Block<\/title>\n<meta name=\"description\" content=\"Buy a Porsche 719 Boxster Tipo 982 Mileage Blocker for the Best Prices \u2713 Free Shipping \u2713 Incl. Installation Guides\" \/>\n<meta name=\"robots\" content=\"index, follow, max-snippet:-1, max-image-preview:large, max-video-preview:-1\" \/>\n<meta property=\"og:locale\" content=\"es_ES\" \/>\n<meta property=\"og:type\" content=\"article\" \/>\n<meta property=\"og:title\" content=\"Porsche 719 Boxster Tipo 982 Mileage Blocker (KM stopper) \u2192 KM Block\" \/>\n<meta property=\"og:description\" content=\"Buy a Porsche 719 Boxster Tipo 982 Mileage Blocker for the Best Prices \u2713 Free Shipping \u2713 Incl. Installation Guides\" \/>\n<meta property=\"og:url\" content=\"https:\/\/kmblock.com\/es\/product\/porsche-719-boxster-tipo-982\/\" \/>\n<meta property=\"og:site_name\" content=\"KM Block\" \/>\n<meta property=\"og:image\" content=\"https:\/\/kmblock.com\/wp-content\/uploads\/2024\/09\/Porsche-719-Boxster-Type-982.jpg\" \/>\n\t<meta property=\"og:image:width\" content=\"800\" \/>\n\t<meta property=\"og:image:height\" content=\"800\" \/>\n\t<meta property=\"og:image:type\" content=\"image\/jpeg\" \/>\n<meta name=\"twitter:card\" content=\"summary_large_image\" \/>\n<meta name=\"twitter:label1\" content=\"Tiempo de lectura\" \/>\n\t<meta name=\"twitter:data1\" content=\"2 minutos\" \/>\n<script type=\"application\/ld+json\" class=\"yoast-schema-graph\">{\"@context\":\"https:\\\/\\\/schema.org\",\"@graph\":[{\"@type\":\"WebPage\",\"@id\":\"https:\\\/\\\/kmblock.com\\\/es\\\/product\\\/porsche-719-boxster-tipo-982\\\/\",\"url\":\"https:\\\/\\\/kmblock.com\\\/es\\\/product\\\/porsche-719-boxster-tipo-982\\\/\",\"name\":\"Porsche 719 Boxster Tipo 982 Mileage Blocker (KM stopper) \u2192 KM Block\",\"isPartOf\":{\"@id\":\"https:\\\/\\\/kmblock.com\\\/es\\\/#website\"},\"primaryImageOfPage\":{\"@id\":\"https:\\\/\\\/kmblock.com\\\/es\\\/product\\\/porsche-719-boxster-tipo-982\\\/#primaryimage\"},\"image\":{\"@id\":\"https:\\\/\\\/kmblock.com\\\/es\\\/product\\\/porsche-719-boxster-tipo-982\\\/#primaryimage\"},\"thumbnailUrl\":\"https:\\\/\\\/kmblock.com\\\/wp-content\\\/uploads\\\/2024\\\/09\\\/Porsche-719-Boxster-Type-982.jpg\",\"datePublished\":\"2024-09-22T13:20:01+00:00\",\"description\":\"Buy a Porsche 719 Boxster Tipo 982 Mileage Blocker for the Best Prices \u2713 Free Shipping \u2713 Incl. Installation Guides\",\"breadcrumb\":{\"@id\":\"https:\\\/\\\/kmblock.com\\\/es\\\/product\\\/porsche-719-boxster-tipo-982\\\/#breadcrumb\"},\"inLanguage\":\"es\",\"potentialAction\":[{\"@type\":\"ReadAction\",\"target\":[\"https:\\\/\\\/kmblock.com\\\/es\\\/product\\\/porsche-719-boxster-tipo-982\\\/\"]}]},{\"@type\":\"ImageObject\",\"inLanguage\":\"es\",\"@id\":\"https:\\\/\\\/kmblock.com\\\/es\\\/product\\\/porsche-719-boxster-tipo-982\\\/#primaryimage\",\"url\":\"https:\\\/\\\/kmblock.com\\\/wp-content\\\/uploads\\\/2024\\\/09\\\/Porsche-719-Boxster-Type-982.jpg\",\"contentUrl\":\"https:\\\/\\\/kmblock.com\\\/wp-content\\\/uploads\\\/2024\\\/09\\\/Porsche-719-Boxster-Type-982.jpg\",\"width\":800,\"height\":800,\"caption\":\"Porsche 719 Boxster Type 982\"},{\"@type\":\"BreadcrumbList\",\"@id\":\"https:\\\/\\\/kmblock.com\\\/es\\\/product\\\/porsche-719-boxster-tipo-982\\\/#breadcrumb\",\"itemListElement\":[{\"@type\":\"ListItem\",\"position\":1,\"name\":\"Inicio\",\"item\":\"https:\\\/\\\/kmblock.com\\\/es\\\/\"},{\"@type\":\"ListItem\",\"position\":2,\"name\":\"Productos\",\"item\":\"https:\\\/\\\/kmblock.com\\\/es\\\/shop\\\/\"},{\"@type\":\"ListItem\",\"position\":3,\"name\":\"Porsche 719 Boxster Tipo 982\"}]},{\"@type\":\"WebSite\",\"@id\":\"https:\\\/\\\/kmblock.com\\\/es\\\/#website\",\"url\":\"https:\\\/\\\/kmblock.com\\\/es\\\/\",\"name\":\"KM Block\",\"description\":\"\",\"publisher\":{\"@id\":\"https:\\\/\\\/kmblock.com\\\/es\\\/#organization\"},\"potentialAction\":[{\"@type\":\"SearchAction\",\"target\":{\"@type\":\"EntryPoint\",\"urlTemplate\":\"https:\\\/\\\/kmblock.com\\\/es\\\/?s={search_term_string}\"},\"query-input\":{\"@type\":\"PropertyValueSpecification\",\"valueRequired\":true,\"valueName\":\"search_term_string\"}}],\"inLanguage\":\"es\"},{\"@type\":\"Organization\",\"@id\":\"https:\\\/\\\/kmblock.com\\\/es\\\/#organization\",\"name\":\"Bloque KM\",\"url\":\"https:\\\/\\\/kmblock.com\\\/es\\\/\",\"logo\":{\"@type\":\"ImageObject\",\"inLanguage\":\"es\",\"@id\":\"https:\\\/\\\/kmblock.com\\\/es\\\/#\\\/schema\\\/logo\\\/image\\\/\",\"url\":\"https:\\\/\\\/kmblock.com\\\/wp-content\\\/uploads\\\/2024\\\/08\\\/main-logo.png\",\"contentUrl\":\"https:\\\/\\\/kmblock.com\\\/wp-content\\\/uploads\\\/2024\\\/08\\\/main-logo.png\",\"width\":186,\"height\":28,\"caption\":\"Bloque KM\"},\"image\":{\"@id\":\"https:\\\/\\\/kmblock.com\\\/es\\\/#\\\/schema\\\/logo\\\/image\\\/\"}}]}<\/script>\n<!-- \/ Yoast SEO plugin. -->","yoast_head_json":{"title":"Porsche 719 Boxster Tipo 982 Mileage Blocker (KM stopper) \u2192 KM Block","description":"Buy a Porsche 719 Boxster Tipo 982 Mileage Blocker for the Best Prices \u2713 Free Shipping \u2713 Incl. Installation Guides","robots":{"index":"index","follow":"follow","max-snippet":"max-snippet:-1","max-image-preview":"max-image-preview:large","max-video-preview":"max-video-preview:-1"},"og_locale":"es_ES","og_type":"article","og_title":"Porsche 719 Boxster Tipo 982 Mileage Blocker (KM stopper) \u2192 KM Block","og_description":"Buy a Porsche 719 Boxster Tipo 982 Mileage Blocker for the Best Prices \u2713 Free Shipping \u2713 Incl. Installation Guides","og_url":"https:\/\/kmblock.com\/es\/product\/porsche-719-boxster-tipo-982\/","og_site_name":"KM Block","og_image":[{"width":800,"height":800,"url":"https:\/\/kmblock.com\/wp-content\/uploads\/2024\/09\/Porsche-719-Boxster-Type-982.jpg","type":"image\/jpeg"}],"twitter_card":"summary_large_image","twitter_misc":{"Tiempo de lectura":"2 minutos"},"schema":{"@context":"https:\/\/schema.org","@graph":[{"@type":"WebPage","@id":"https:\/\/kmblock.com\/es\/product\/porsche-719-boxster-tipo-982\/","url":"https:\/\/kmblock.com\/es\/product\/porsche-719-boxster-tipo-982\/","name":"Porsche 719 Boxster Tipo 982 Mileage Blocker (KM stopper) \u2192 KM Block","isPartOf":{"@id":"https:\/\/kmblock.com\/es\/#website"},"primaryImageOfPage":{"@id":"https:\/\/kmblock.com\/es\/product\/porsche-719-boxster-tipo-982\/#primaryimage"},"image":{"@id":"https:\/\/kmblock.com\/es\/product\/porsche-719-boxster-tipo-982\/#primaryimage"},"thumbnailUrl":"https:\/\/kmblock.com\/wp-content\/uploads\/2024\/09\/Porsche-719-Boxster-Type-982.jpg","datePublished":"2024-09-22T13:20:01+00:00","description":"Buy a Porsche 719 Boxster Tipo 982 Mileage Blocker for the Best Prices \u2713 Free Shipping \u2713 Incl. Installation Guides","breadcrumb":{"@id":"https:\/\/kmblock.com\/es\/product\/porsche-719-boxster-tipo-982\/#breadcrumb"},"inLanguage":"es","potentialAction":[{"@type":"ReadAction","target":["https:\/\/kmblock.com\/es\/product\/porsche-719-boxster-tipo-982\/"]}]},{"@type":"ImageObject","inLanguage":"es","@id":"https:\/\/kmblock.com\/es\/product\/porsche-719-boxster-tipo-982\/#primaryimage","url":"https:\/\/kmblock.com\/wp-content\/uploads\/2024\/09\/Porsche-719-Boxster-Type-982.jpg","contentUrl":"https:\/\/kmblock.com\/wp-content\/uploads\/2024\/09\/Porsche-719-Boxster-Type-982.jpg","width":800,"height":800,"caption":"Porsche 719 Boxster Type 982"},{"@type":"BreadcrumbList","@id":"https:\/\/kmblock.com\/es\/product\/porsche-719-boxster-tipo-982\/#breadcrumb","itemListElement":[{"@type":"ListItem","position":1,"name":"Inicio","item":"https:\/\/kmblock.com\/es\/"},{"@type":"ListItem","position":2,"name":"Productos","item":"https:\/\/kmblock.com\/es\/shop\/"},{"@type":"ListItem","position":3,"name":"Porsche 719 Boxster Tipo 982"}]},{"@type":"WebSite","@id":"https:\/\/kmblock.com\/es\/#website","url":"https:\/\/kmblock.com\/es\/","name":"KM Block","description":"","publisher":{"@id":"https:\/\/kmblock.com\/es\/#organization"},"potentialAction":[{"@type":"SearchAction","target":{"@type":"EntryPoint","urlTemplate":"https:\/\/kmblock.com\/es\/?s={search_term_string}"},"query-input":{"@type":"PropertyValueSpecification","valueRequired":true,"valueName":"search_term_string"}}],"inLanguage":"es"},{"@type":"Organization","@id":"https:\/\/kmblock.com\/es\/#organization","name":"Bloque KM","url":"https:\/\/kmblock.com\/es\/","logo":{"@type":"ImageObject","inLanguage":"es","@id":"https:\/\/kmblock.com\/es\/#\/schema\/logo\/image\/","url":"https:\/\/kmblock.com\/wp-content\/uploads\/2024\/08\/main-logo.png","contentUrl":"https:\/\/kmblock.com\/wp-content\/uploads\/2024\/08\/main-logo.png","width":186,"height":28,"caption":"Bloque KM"},"image":{"@id":"https:\/\/kmblock.com\/es\/#\/schema\/logo\/image\/"}}]}},"_links":{"self":[{"href":"https:\/\/kmblock.com\/es\/wp-json\/wp\/v2\/product\/9383","targetHints":{"allow":["GET"]}}],"collection":[{"href":"https:\/\/kmblock.com\/es\/wp-json\/wp\/v2\/product"}],"about":[{"href":"https:\/\/kmblock.com\/es\/wp-json\/wp\/v2\/types\/product"}],"replies":[{"embeddable":true,"href":"https:\/\/kmblock.com\/es\/wp-json\/wp\/v2\/comments?post=9383"}],"wp:featuredmedia":[{"embeddable":true,"href":"https:\/\/kmblock.com\/es\/wp-json\/wp\/v2\/media\/827"}],"wp:attachment":[{"href":"https:\/\/kmblock.com\/es\/wp-json\/wp\/v2\/media?parent=9383"}],"wp:term":[{"taxonomy":"product_brand","embeddable":true,"href":"https:\/\/kmblock.com\/es\/wp-json\/wp\/v2\/product_brand?post=9383"},{"taxonomy":"product_cat","embeddable":true,"href":"https:\/\/kmblock.com\/es\/wp-json\/wp\/v2\/product_cat?post=9383"},{"taxonomy":"product_tag","embeddable":true,"href":"https:\/\/kmblock.com\/es\/wp-json\/wp\/v2\/product_tag?post=9383"}],"curies":[{"name":"wp","href":"https:\/\/api.w.org\/{rel}","templated":true}]}}