{"id":9322,"date":"2024-09-21T17:25:44","date_gmt":"2024-09-21T17:25:44","guid":{"rendered":"https:\/\/kmblock.com\/product\/lamborghini-aventador-aventador-svj\/"},"modified":"2024-09-21T17:25:44","modified_gmt":"2024-09-21T17:25:44","slug":"lamborghini-aventador-aventador-svj","status":"publish","type":"product","link":"https:\/\/kmblock.com\/es\/product\/lamborghini-aventador-aventador-svj\/","title":{"rendered":"Lamborghini Aventador \/ Aventador SVJ"},"content":{"rendered":"<div class=\"flex max-w-full flex-col flex-grow\">\n<div class=\"min-h-[20px] text-message flex w-full flex-col items-end gap-2 whitespace-normal break-words [.text-message+&amp;]:mt-5\" dir=\"auto\" data-message-author-role=\"assistant\" data-message-id=\"486fbb14-d9b0-4abf-8aac-69dd9ef3f888\">\n<div class=\"flex w-full flex-col gap-1 empty:hidden first:pt-[3px]\">\n<div class=\"markdown prose w-full break-words dark:prose-invert dark\">\n<div class=\"flex max-w-full flex-col flex-grow\">\n<div class=\"min-h-[20px] text-message flex w-full flex-col items-end gap-2 whitespace-normal break-words [.text-message+&amp;]:mt-5\" dir=\"auto\" data-message-author-role=\"assistant\" data-message-id=\"583787e4-ced2-4497-934b-fd13934d3b5f\">\n<div class=\"flex w-full flex-col gap-1 empty:hidden first:pt-[3px]\">\n<div class=\"markdown prose w-full break-words dark:prose-invert dark\">\n<h3><strong>Bloqueador de kilometraje para Lamborghini Aventador \/ Aventador SVJ<\/strong><\/h3>\n<p><strong>Tambi\u00e9n conocido como:<\/strong> Bloqueador de cuentakil\u00f3metros, Tope de cuentakil\u00f3metros, Bloqueador de latas, Tope de kilometraje, Cuentakil\u00f3metros parcial, Filtro de latas.<\/p>\n<h4>Especificaciones clave:<\/h4>\n<ul>\n<li><strong>F\u00e1cil instalaci\u00f3n DIY:<\/strong> Instalaci\u00f3n r\u00e1pida y sencilla.<\/li>\n<li><strong>Componentes de calidad:<\/strong> Incluye enchufes de primera calidad y cables resistentes al calor.<\/li>\n<li><strong>Control del kilometraje:<\/strong> El kilometraje no aumenta espont\u00e1neamente despu\u00e9s de retirar la herramienta.<\/li>\n<li><strong>Eliminaci\u00f3n sin dejar rastro:<\/strong> No es necesario soldar ni cortar los cables; no deja rastro.<\/li>\n<li><strong>Funcionamiento sencillo:<\/strong> Funciona con sencillas combinaciones de teclas.<\/li>\n<li><strong>No hay mensajes de error:<\/strong> El veloc\u00edmetro y el panel de navegaci\u00f3n no se ven afectados.<\/li>\n<li><strong>Ajustes guardados:<\/strong> Una vez configurados, los ajustes se guardan autom\u00e1ticamente.<\/li>\n<li><strong>Activaci\u00f3n en movimiento:<\/strong> Se puede activar o desactivar mientras conduces.<\/li>\n<li><strong>Sigilo de diagn\u00f3stico:<\/strong> No puede ser detectado por los comprobadores de diagn\u00f3stico.<\/li>\n<\/ul>\n<h4>Activaci\u00f3n y desactivaci\u00f3n:<\/h4>\n<p>Act\u00faa con el bot\u00f3n \u00abok\u00bb del manillar. Mantenlo pulsado hasta que el intermitente empiece a parpadear. <\/p>\n<p><strong>Modo 1:<\/strong> 1 parpadeo izquierdo 20%<strong>.<\/strong><br \/>\n<strong>Modo 2:<\/strong> 2 parpadeos a la izquierda 10%<strong>.<\/strong><br \/>\n<strong>Modo 3:<\/strong> 3 parpadeos a la izquierda 0<br \/>\n<strong>Modo 4:<\/strong> 1 parpadeo derecho 100<\/p>\n<p>Para el modo 3: 0 por ciento tienes que activar el modo, luego apagar el coche y bloquearlo durante 2 min y despu\u00e9s arrancar y conducir\u00bb.<\/p>\n<h4>\u00bfQu\u00e9 es el Bloqueador de Kilometraje?<\/h4>\n<p>El bloqueador de kilometraje del Lamborghini Aventador est\u00e1 dise\u00f1ado para detener el kilometraje en las pruebas de rendimiento. Funciona tanto con millas como con kil\u00f3metros y es eficaz para veh\u00edculos di\u00e9sel, gasolina, PHEV y el\u00e9ctricos. <\/p>\n<p><strong>Nota importante:<\/strong> No vendemos herramientas de correcci\u00f3n del kilometraje, ya que tienen fines enga\u00f1osos y s\u00f3lo pueden alterar las lecturas del cuentakil\u00f3metros sin invertir totalmente el kilometraje.<\/p>\n<p>El proceso de instalaci\u00f3n es similar en varios modelos y no requiere amplios conocimientos de automoci\u00f3n. Con\u00e9ctalo entre el veloc\u00edmetro y el cuadro de instrumentos, y disfruta de sus ventajas. <\/p>\n<p><strong>Flexibilidad:<\/strong> Puede activarse o desactivarse en cualquier momento, tanto si el veh\u00edculo est\u00e1 parado como en movimiento.<\/p>\n<\/div>\n<\/div>\n<\/div>\n<\/div>\n<\/div>\n<\/div>\n<\/div>\n<\/div>\n","protected":false},"excerpt":{"rendered":"<div class=\"flex-shrink-0 flex flex-col relative items-end\">\n<div class=\"pt-0\">\n<div class=\"gizmo-bot-avatar flex h-8 w-8 items-center justify-center overflow-hidden rounded-full\">\n<div class=\"relative p-1 rounded-sm flex items-center justify-center bg-token-main-surface-primary text-token-text-primary h-8 w-8\">\n<p>Antes de hacer el pedido, lee los siguientes detalles importantes sobre la activaci\u00f3n del m\u00f3dulo, los mensajes de error y la funcionalidad.<\/p>\n<p><strong>  Para modelos lanzados entre 2011 y 2020, incluido el Lamborghini Aventador SVJ.  <\/strong>Configuraci\u00f3n r\u00e1pida y f\u00e1cil de usar. Funciona sin dejar rastro despu\u00e9s de retirarlo. Se puede activar o desactivar mientras conduces. Fabricado con enchufes de primera calidad y cables resistentes al calor. Ten en cuenta que el veloc\u00edmetro y los sistemas de asistencia pueden no funcionar durante su uso.    <\/p>\n<p class=\"p1\"><b> \u2705 Integraci\u00f3n perfecta<\/b><b><\/b><\/p>\n<p class=\"p1\">\u2705<b> F\u00e1cil instalaci\u00f3n<\/b><b><\/b><\/p>\n<p class=\"p1\">\u2705<b> Gesti\u00f3n precisa del kilometraje<\/b><b><\/b><\/p>\n<p class=\"p1\"><b> \u2705 Funcionamiento en modo oculto<\/b><b><\/b><\/p>\n<p class=\"p1\"><span class=\"s1\">\u2705<\/span><b> Soporte y actualizaciones de por vida<\/b><\/p>\n<\/div>\n<\/div>\n<\/div>\n<\/div>\n","protected":false},"featured_media":792,"comment_status":"open","ping_status":"closed","template":"","meta":[],"product_brand":[],"product_cat":[980],"product_tag":[],"class_list":{"0":"post-9322","1":"product","2":"type-product","3":"status-publish","4":"has-post-thumbnail","6":"product_cat-lamborghini","8":"first","9":"instock","10":"taxable","11":"shipping-taxable","12":"purchasable","13":"product-type-variable"},"yoast_head":"<!-- This site is optimized with the Yoast SEO plugin v27.5 - https:\/\/yoast.com\/product\/yoast-seo-wordpress\/ -->\n<title>Lamborghini Aventador \/ Aventador SVJ Mileage Blocker (KM stopper) \u2192 KM Block<\/title>\n<meta name=\"description\" content=\"Buy a Lamborghini Aventador \/ Aventador SVJ Mileage Blocker for the Best Prices \u2713 Free Shipping \u2713 Incl. Installation Guides\" \/>\n<meta name=\"robots\" content=\"index, follow, max-snippet:-1, max-image-preview:large, max-video-preview:-1\" \/>\n<meta property=\"og:locale\" content=\"es_ES\" \/>\n<meta property=\"og:type\" content=\"article\" \/>\n<meta property=\"og:title\" content=\"Lamborghini Aventador \/ Aventador SVJ Mileage Blocker (KM stopper) \u2192 KM Block\" \/>\n<meta property=\"og:description\" content=\"Buy a Lamborghini Aventador \/ Aventador SVJ Mileage Blocker for the Best Prices \u2713 Free Shipping \u2713 Incl. Installation Guides\" \/>\n<meta property=\"og:url\" content=\"https:\/\/kmblock.com\/es\/product\/lamborghini-aventador-aventador-svj\/\" \/>\n<meta property=\"og:site_name\" content=\"KM Block\" \/>\n<meta property=\"og:image\" content=\"https:\/\/kmblock.com\/wp-content\/uploads\/2024\/09\/Lamborghini-Aventador-Aventador-SVJ.jpg\" \/>\n\t<meta property=\"og:image:width\" content=\"800\" \/>\n\t<meta property=\"og:image:height\" content=\"800\" \/>\n\t<meta property=\"og:image:type\" content=\"image\/jpeg\" \/>\n<meta name=\"twitter:card\" content=\"summary_large_image\" \/>\n<meta name=\"twitter:label1\" content=\"Tiempo de lectura\" \/>\n\t<meta name=\"twitter:data1\" content=\"2 minutos\" \/>\n<script type=\"application\/ld+json\" class=\"yoast-schema-graph\">{\"@context\":\"https:\\\/\\\/schema.org\",\"@graph\":[{\"@type\":\"WebPage\",\"@id\":\"https:\\\/\\\/kmblock.com\\\/es\\\/product\\\/lamborghini-aventador-aventador-svj\\\/\",\"url\":\"https:\\\/\\\/kmblock.com\\\/es\\\/product\\\/lamborghini-aventador-aventador-svj\\\/\",\"name\":\"Lamborghini Aventador \\\/ Aventador SVJ Mileage Blocker (KM stopper) \u2192 KM Block\",\"isPartOf\":{\"@id\":\"https:\\\/\\\/kmblock.com\\\/es\\\/#website\"},\"primaryImageOfPage\":{\"@id\":\"https:\\\/\\\/kmblock.com\\\/es\\\/product\\\/lamborghini-aventador-aventador-svj\\\/#primaryimage\"},\"image\":{\"@id\":\"https:\\\/\\\/kmblock.com\\\/es\\\/product\\\/lamborghini-aventador-aventador-svj\\\/#primaryimage\"},\"thumbnailUrl\":\"https:\\\/\\\/kmblock.com\\\/wp-content\\\/uploads\\\/2024\\\/09\\\/Lamborghini-Aventador-Aventador-SVJ.jpg\",\"datePublished\":\"2024-09-21T17:25:44+00:00\",\"description\":\"Buy a Lamborghini Aventador \\\/ Aventador SVJ Mileage Blocker for the Best Prices \u2713 Free Shipping \u2713 Incl. Installation Guides\",\"breadcrumb\":{\"@id\":\"https:\\\/\\\/kmblock.com\\\/es\\\/product\\\/lamborghini-aventador-aventador-svj\\\/#breadcrumb\"},\"inLanguage\":\"es\",\"potentialAction\":[{\"@type\":\"ReadAction\",\"target\":[\"https:\\\/\\\/kmblock.com\\\/es\\\/product\\\/lamborghini-aventador-aventador-svj\\\/\"]}]},{\"@type\":\"ImageObject\",\"inLanguage\":\"es\",\"@id\":\"https:\\\/\\\/kmblock.com\\\/es\\\/product\\\/lamborghini-aventador-aventador-svj\\\/#primaryimage\",\"url\":\"https:\\\/\\\/kmblock.com\\\/wp-content\\\/uploads\\\/2024\\\/09\\\/Lamborghini-Aventador-Aventador-SVJ.jpg\",\"contentUrl\":\"https:\\\/\\\/kmblock.com\\\/wp-content\\\/uploads\\\/2024\\\/09\\\/Lamborghini-Aventador-Aventador-SVJ.jpg\",\"width\":800,\"height\":800,\"caption\":\"Lamborghini Aventador \\\/ Aventador SVJ\"},{\"@type\":\"BreadcrumbList\",\"@id\":\"https:\\\/\\\/kmblock.com\\\/es\\\/product\\\/lamborghini-aventador-aventador-svj\\\/#breadcrumb\",\"itemListElement\":[{\"@type\":\"ListItem\",\"position\":1,\"name\":\"Inicio\",\"item\":\"https:\\\/\\\/kmblock.com\\\/es\\\/\"},{\"@type\":\"ListItem\",\"position\":2,\"name\":\"Productos\",\"item\":\"https:\\\/\\\/kmblock.com\\\/es\\\/shop\\\/\"},{\"@type\":\"ListItem\",\"position\":3,\"name\":\"Lamborghini Aventador \\\/ Aventador SVJ\"}]},{\"@type\":\"WebSite\",\"@id\":\"https:\\\/\\\/kmblock.com\\\/es\\\/#website\",\"url\":\"https:\\\/\\\/kmblock.com\\\/es\\\/\",\"name\":\"KM Block\",\"description\":\"\",\"publisher\":{\"@id\":\"https:\\\/\\\/kmblock.com\\\/es\\\/#organization\"},\"potentialAction\":[{\"@type\":\"SearchAction\",\"target\":{\"@type\":\"EntryPoint\",\"urlTemplate\":\"https:\\\/\\\/kmblock.com\\\/es\\\/?s={search_term_string}\"},\"query-input\":{\"@type\":\"PropertyValueSpecification\",\"valueRequired\":true,\"valueName\":\"search_term_string\"}}],\"inLanguage\":\"es\"},{\"@type\":\"Organization\",\"@id\":\"https:\\\/\\\/kmblock.com\\\/es\\\/#organization\",\"name\":\"Bloque KM\",\"url\":\"https:\\\/\\\/kmblock.com\\\/es\\\/\",\"logo\":{\"@type\":\"ImageObject\",\"inLanguage\":\"es\",\"@id\":\"https:\\\/\\\/kmblock.com\\\/es\\\/#\\\/schema\\\/logo\\\/image\\\/\",\"url\":\"https:\\\/\\\/kmblock.com\\\/wp-content\\\/uploads\\\/2024\\\/08\\\/main-logo.png\",\"contentUrl\":\"https:\\\/\\\/kmblock.com\\\/wp-content\\\/uploads\\\/2024\\\/08\\\/main-logo.png\",\"width\":186,\"height\":28,\"caption\":\"Bloque KM\"},\"image\":{\"@id\":\"https:\\\/\\\/kmblock.com\\\/es\\\/#\\\/schema\\\/logo\\\/image\\\/\"}}]}<\/script>\n<!-- \/ Yoast SEO plugin. -->","yoast_head_json":{"title":"Lamborghini Aventador \/ Aventador SVJ Mileage Blocker (KM stopper) \u2192 KM Block","description":"Buy a Lamborghini Aventador \/ Aventador SVJ Mileage Blocker for the Best Prices \u2713 Free Shipping \u2713 Incl. Installation Guides","robots":{"index":"index","follow":"follow","max-snippet":"max-snippet:-1","max-image-preview":"max-image-preview:large","max-video-preview":"max-video-preview:-1"},"og_locale":"es_ES","og_type":"article","og_title":"Lamborghini Aventador \/ Aventador SVJ Mileage Blocker (KM stopper) \u2192 KM Block","og_description":"Buy a Lamborghini Aventador \/ Aventador SVJ Mileage Blocker for the Best Prices \u2713 Free Shipping \u2713 Incl. Installation Guides","og_url":"https:\/\/kmblock.com\/es\/product\/lamborghini-aventador-aventador-svj\/","og_site_name":"KM Block","og_image":[{"width":800,"height":800,"url":"https:\/\/kmblock.com\/wp-content\/uploads\/2024\/09\/Lamborghini-Aventador-Aventador-SVJ.jpg","type":"image\/jpeg"}],"twitter_card":"summary_large_image","twitter_misc":{"Tiempo de lectura":"2 minutos"},"schema":{"@context":"https:\/\/schema.org","@graph":[{"@type":"WebPage","@id":"https:\/\/kmblock.com\/es\/product\/lamborghini-aventador-aventador-svj\/","url":"https:\/\/kmblock.com\/es\/product\/lamborghini-aventador-aventador-svj\/","name":"Lamborghini Aventador \/ Aventador SVJ Mileage Blocker (KM stopper) \u2192 KM Block","isPartOf":{"@id":"https:\/\/kmblock.com\/es\/#website"},"primaryImageOfPage":{"@id":"https:\/\/kmblock.com\/es\/product\/lamborghini-aventador-aventador-svj\/#primaryimage"},"image":{"@id":"https:\/\/kmblock.com\/es\/product\/lamborghini-aventador-aventador-svj\/#primaryimage"},"thumbnailUrl":"https:\/\/kmblock.com\/wp-content\/uploads\/2024\/09\/Lamborghini-Aventador-Aventador-SVJ.jpg","datePublished":"2024-09-21T17:25:44+00:00","description":"Buy a Lamborghini Aventador \/ Aventador SVJ Mileage Blocker for the Best Prices \u2713 Free Shipping \u2713 Incl. Installation Guides","breadcrumb":{"@id":"https:\/\/kmblock.com\/es\/product\/lamborghini-aventador-aventador-svj\/#breadcrumb"},"inLanguage":"es","potentialAction":[{"@type":"ReadAction","target":["https:\/\/kmblock.com\/es\/product\/lamborghini-aventador-aventador-svj\/"]}]},{"@type":"ImageObject","inLanguage":"es","@id":"https:\/\/kmblock.com\/es\/product\/lamborghini-aventador-aventador-svj\/#primaryimage","url":"https:\/\/kmblock.com\/wp-content\/uploads\/2024\/09\/Lamborghini-Aventador-Aventador-SVJ.jpg","contentUrl":"https:\/\/kmblock.com\/wp-content\/uploads\/2024\/09\/Lamborghini-Aventador-Aventador-SVJ.jpg","width":800,"height":800,"caption":"Lamborghini Aventador \/ Aventador SVJ"},{"@type":"BreadcrumbList","@id":"https:\/\/kmblock.com\/es\/product\/lamborghini-aventador-aventador-svj\/#breadcrumb","itemListElement":[{"@type":"ListItem","position":1,"name":"Inicio","item":"https:\/\/kmblock.com\/es\/"},{"@type":"ListItem","position":2,"name":"Productos","item":"https:\/\/kmblock.com\/es\/shop\/"},{"@type":"ListItem","position":3,"name":"Lamborghini Aventador \/ Aventador SVJ"}]},{"@type":"WebSite","@id":"https:\/\/kmblock.com\/es\/#website","url":"https:\/\/kmblock.com\/es\/","name":"KM Block","description":"","publisher":{"@id":"https:\/\/kmblock.com\/es\/#organization"},"potentialAction":[{"@type":"SearchAction","target":{"@type":"EntryPoint","urlTemplate":"https:\/\/kmblock.com\/es\/?s={search_term_string}"},"query-input":{"@type":"PropertyValueSpecification","valueRequired":true,"valueName":"search_term_string"}}],"inLanguage":"es"},{"@type":"Organization","@id":"https:\/\/kmblock.com\/es\/#organization","name":"Bloque KM","url":"https:\/\/kmblock.com\/es\/","logo":{"@type":"ImageObject","inLanguage":"es","@id":"https:\/\/kmblock.com\/es\/#\/schema\/logo\/image\/","url":"https:\/\/kmblock.com\/wp-content\/uploads\/2024\/08\/main-logo.png","contentUrl":"https:\/\/kmblock.com\/wp-content\/uploads\/2024\/08\/main-logo.png","width":186,"height":28,"caption":"Bloque KM"},"image":{"@id":"https:\/\/kmblock.com\/es\/#\/schema\/logo\/image\/"}}]}},"_links":{"self":[{"href":"https:\/\/kmblock.com\/es\/wp-json\/wp\/v2\/product\/9322","targetHints":{"allow":["GET"]}}],"collection":[{"href":"https:\/\/kmblock.com\/es\/wp-json\/wp\/v2\/product"}],"about":[{"href":"https:\/\/kmblock.com\/es\/wp-json\/wp\/v2\/types\/product"}],"replies":[{"embeddable":true,"href":"https:\/\/kmblock.com\/es\/wp-json\/wp\/v2\/comments?post=9322"}],"wp:featuredmedia":[{"embeddable":true,"href":"https:\/\/kmblock.com\/es\/wp-json\/wp\/v2\/media\/792"}],"wp:attachment":[{"href":"https:\/\/kmblock.com\/es\/wp-json\/wp\/v2\/media?parent=9322"}],"wp:term":[{"taxonomy":"product_brand","embeddable":true,"href":"https:\/\/kmblock.com\/es\/wp-json\/wp\/v2\/product_brand?post=9322"},{"taxonomy":"product_cat","embeddable":true,"href":"https:\/\/kmblock.com\/es\/wp-json\/wp\/v2\/product_cat?post=9322"},{"taxonomy":"product_tag","embeddable":true,"href":"https:\/\/kmblock.com\/es\/wp-json\/wp\/v2\/product_tag?post=9322"}],"curies":[{"name":"wp","href":"https:\/\/api.w.org\/{rel}","templated":true}]}}