{"id":9321,"date":"2024-09-22T12:10:12","date_gmt":"2024-09-22T12:10:12","guid":{"rendered":"https:\/\/kmblock.com\/product\/land-rover-defender\/"},"modified":"2024-09-22T12:10:12","modified_gmt":"2024-09-22T12:10:12","slug":"land-rover-defender","status":"publish","type":"product","link":"https:\/\/kmblock.com\/es\/product\/land-rover-defender\/","title":{"rendered":"Land Rover Defender"},"content":{"rendered":"<div class=\"flex max-w-full flex-col flex-grow\">\n<div class=\"min-h-[20px] text-message flex w-full flex-col items-end gap-2 whitespace-normal break-words [.text-message+&amp;]:mt-5\" dir=\"auto\" data-message-author-role=\"assistant\" data-message-id=\"486fbb14-d9b0-4abf-8aac-69dd9ef3f888\">\n<div class=\"flex w-full flex-col gap-1 empty:hidden first:pt-[3px]\">\n<div class=\"markdown prose w-full break-words dark:prose-invert dark\">\n<div class=\"flex max-w-full flex-col flex-grow\">\n<div class=\"min-h-[20px] text-message flex w-full flex-col items-end gap-2 whitespace-normal break-words [.text-message+&amp;]:mt-5\" dir=\"auto\" data-message-author-role=\"assistant\" data-message-id=\"583787e4-ced2-4497-934b-fd13934d3b5f\">\n<div class=\"flex w-full flex-col gap-1 empty:hidden first:pt-[3px]\">\n<div class=\"markdown prose w-full break-words dark:prose-invert dark\">\n<h3>BLOQUEADOR DE KILOMETRAJE PARA LAND ROVER DEFENDER<\/h3>\n<p>El <strong>bloqueador de kilometraje del Land Rover Defender<\/strong>, tambi\u00e9n conocido como bloqueador de cuentakil\u00f3metros, tope de cuentakil\u00f3metros o bloqueador de latas, es una herramienta dise\u00f1ada para detener el seguimiento del kilometraje durante la prueba del veh\u00edculo.<\/p>\n<p><strong>Este dispositivo es compatible con todos los modelos Land Rover Defender lanzados desde 2020.<\/strong><\/p>\n<h3>ESPECIFICACIONES<\/h3>\n<ul>\n<li><strong>F\u00e1cil instalaci\u00f3n DIY:<\/strong> Instalaci\u00f3n r\u00e1pida sin ayuda profesional.<\/li>\n<li><strong>Activaci\u00f3n sobre la marcha:<\/strong> El dispositivo puede encenderse o apagarse mientras el veh\u00edculo est\u00e1 en movimiento.<\/li>\n<li><strong>Sin dejar rastro:<\/strong> No hace falta soldar ni cortar cables; basta con enchufarlo.<\/li>\n<li><strong>Construcci\u00f3n de primera calidad:<\/strong> Viene con enchufes de alta calidad y cables resistentes al calor.<\/li>\n<li><strong>Indetectable por las herramientas de diagn\u00f3stico:<\/strong> Las herramientas de diagn\u00f3stico no pueden detectar el kilometraje alterado.<\/li>\n<li><strong>Memoria de ajustes:<\/strong> Una vez seleccionados, los ajustes permanecen almacenados sin necesidad de reconfiguraci\u00f3n.<\/li>\n<li><strong>Compatibilidad con el control de crucero:<\/strong> El control de crucero funciona perfectamente con el m\u00f3dulo instalado.<\/li>\n<li><strong>No hay mensajes de error:<\/strong> No hay luces de advertencia ni errores en el veloc\u00edmetro ni en el sistema de navegaci\u00f3n.<\/li>\n<li><strong>Precisi\u00f3n posterior a la retirada:<\/strong> Despu\u00e9s de retirar el dispositivo, el kilometraje no aumenta autom\u00e1ticamente.<\/li>\n<li><strong>Integraci\u00f3n perfecta:<\/strong> El veloc\u00edmetro y otros sistemas de asistencia siguen funcionando perfectamente.<\/li>\n<li><strong>Instalaci\u00f3n sin problemas:<\/strong> La cara de acoplamiento y los rebordes del conector garantizan una instalaci\u00f3n sin esfuerzo.<\/li>\n<li><strong>Precisi\u00f3n:<\/strong> La alteraci\u00f3n del kilometraje puede tener una ligera desviaci\u00f3n de hasta el 1% en funci\u00f3n del uso.<\/li>\n<\/ul>\n<div id=\"docs-editor-container\" dir=\"ltr\">\n<div id=\"docs-editor\" class=\"\">\n<div id=\"waffle-grid-container\" dir=\"ltr\">\n<div id=\"254576576-grid-container\" class=\"grid-container\" dir=\"ltr\">\n<div id=\"254576576-grid-table-container\">\n<div class=\"grid-table-container\"><strong>  Modos:<\/strong><\/div>\n<\/div>\n<\/div>\n<\/div>\n<\/div>\n<\/div>\n<div dir=\"ltr\">\n<div class=\"input-box\">\n<div id=\"waffle-rich-text-editor\" class=\"cell-input editable\" dir=\"ltr\" role=\"combobox\" aria-label=\"C8\">\n<p>Se enciende manteniendo pulsado el bot\u00f3n de silencio durante 7 segundos. No da se\u00f1al pero est\u00e1 encendido. <\/p>\n<p><strong>Modo Activado:<\/strong> cuenta el 0% de los kil\u00f3metros. Todo funciona correctamente. <\/p>\n<p><strong>Modo Apagado:<\/strong> cuenta el 100% del kilometraje. Todo funciona bien\u00bb. <\/p>\n<p>&nbsp;<\/p>\n<p>Enciende accionando la luz de carretera 5 veces r\u00e1pidamente. La luz parpadear\u00e1. <\/p>\n<p><strong>Modo encendido:<\/strong> el intermitente parpadea a la izquierda. cuenta 0% de kil\u00f3metros. Todo funciona correctamente.  <\/p>\n<p><strong>Modo apagado:<\/strong> el intermitente parpadea a la derecha. cuenta el 100% del kilometraje. Todo funciona bien  <\/p>\n<\/div>\n<\/div>\n<\/div>\n<hr>\n<h3>\u00bfQu\u00e9 es un bloqueador de cuentakil\u00f3metros o herramienta de correcci\u00f3n de kilometraje para Land Rover Defender?<\/h3>\n<p><strong>El Bloqueador de Kilometraje para Land Rover Defender<\/strong> se utiliza para detener el registro del kilometraje durante las pruebas de rendimiento. Desarrollado por KM Block, la herramienta est\u00e1 dise\u00f1ada con un software preciso y espec\u00edfico para cada modelo que garantiza un funcionamiento sin problemas, independientemente de si tu cuentakil\u00f3metros registra el kilometraje en millas o en kil\u00f3metros. El dispositivo es totalmente compatible con motores di\u00e9sel, gasolina, h\u00edbridos (PHEV) y el\u00e9ctricos.  <\/p>\n<p><strong>Nota:<\/strong> No vendemos herramientas de correcci\u00f3n del kilometraje con fines enga\u00f1osos, como hacer retroceder el kilometraje. Los dispositivos de correcci\u00f3n del kilometraje s\u00f3lo pueden alterar las cifras almacenadas en los cuentakil\u00f3metros, mientras que los coches modernos contienen m\u00faltiples unidades de almacenamiento, por lo que es imposible invertir totalmente el kilometraje registrado. <\/p>\n<hr>\n<p>KM Block ofrece una gama de dispositivos <strong>de detenci\u00f3n de kilometraje<\/strong> para distintos veh\u00edculos. Su instalaci\u00f3n es sencilla y no requiere conocimientos t\u00e9cnicos avanzados. Basta con conectar el dispositivo entre el puerto del veloc\u00edmetro y el cuadro de instrumentos y disfrutar de sus ventajas.  <\/p>\n<p><strong>El Bloqueador de Kilometraje del Land Rover Defender<\/strong> puede activarse o desactivarse en cualquier momento, tanto si el veh\u00edculo est\u00e1 en movimiento como si est\u00e1 parado.<\/p>\n<\/div>\n<\/div>\n<\/div>\n<\/div>\n<\/div>\n<\/div>\n<\/div>\n<\/div>\n","protected":false},"excerpt":{"rendered":"<div class=\"flex-shrink-0 flex flex-col relative items-end\">\n<div class=\"pt-0\">\n<div class=\"gizmo-bot-avatar flex h-8 w-8 items-center justify-center overflow-hidden rounded-full\">\n<div class=\"relative p-1 rounded-sm flex items-center justify-center bg-token-main-surface-primary text-token-text-primary h-8 w-8\">\n<p>Antes de hacer el pedido, lee los siguientes detalles importantes sobre la activaci\u00f3n del m\u00f3dulo, los mensajes de error y la funcionalidad.<\/p>\n<p><strong>PARA MODELOS LAND ROVER DEFENDER LANZADOS DESDE 2020:<\/strong> Simple y f\u00e1cil de instalar sin ayuda profesional. El m\u00f3dulo no deja ning\u00fan rastro despu\u00e9s de retirarlo. Se puede activar o desactivar durante la conducci\u00f3n. El veloc\u00edmetro y todos los sistemas de asistencia siguen funcionando perfectamente sin interrupci\u00f3n. Fabricado con enchufes de primera calidad y cables resistentes al calor para mayor durabilidad.    <\/p>\n<p class=\"p1\"><b> \u2705 Integraci\u00f3n perfecta<\/b><b><\/b><\/p>\n<p class=\"p1\">\u2705<b> F\u00e1cil instalaci\u00f3n<\/b><b><\/b><\/p>\n<p class=\"p1\">\u2705<b> Gesti\u00f3n precisa del kilometraje<\/b><b><\/b><\/p>\n<p class=\"p1\"><b> \u2705 Funcionamiento en modo oculto<\/b><b><\/b><\/p>\n<p class=\"p1\"><span class=\"s1\">\u2705<\/span><b> Soporte y actualizaciones de por vida<\/b><\/p>\n<\/div>\n<\/div>\n<\/div>\n<\/div>\n","protected":false},"featured_media":810,"comment_status":"open","ping_status":"closed","template":"","meta":[],"product_brand":[],"product_cat":[873],"product_tag":[],"class_list":{"0":"post-9321","1":"product","2":"type-product","3":"status-publish","4":"has-post-thumbnail","6":"product_cat-land-rover","8":"first","9":"instock","10":"taxable","11":"shipping-taxable","12":"purchasable","13":"product-type-variable"},"yoast_head":"<!-- This site is optimized with the Yoast SEO plugin v27.5 - https:\/\/yoast.com\/product\/yoast-seo-wordpress\/ -->\n<title>Land Rover Defender Mileage Blocker (KM stopper) \u2192 KM Block<\/title>\n<meta name=\"description\" content=\"Buy a Land Rover Defender Mileage Blocker for the Best Prices \u2713 Free Shipping \u2713 Incl. Installation Guides\" \/>\n<meta name=\"robots\" content=\"index, follow, max-snippet:-1, max-image-preview:large, max-video-preview:-1\" \/>\n<meta property=\"og:locale\" content=\"es_ES\" \/>\n<meta property=\"og:type\" content=\"article\" \/>\n<meta property=\"og:title\" content=\"Land Rover Defender Mileage Blocker (KM stopper) \u2192 KM Block\" \/>\n<meta property=\"og:description\" content=\"Buy a Land Rover Defender Mileage Blocker for the Best Prices \u2713 Free Shipping \u2713 Incl. Installation Guides\" \/>\n<meta property=\"og:url\" content=\"https:\/\/kmblock.com\/es\/product\/land-rover-defender\/\" \/>\n<meta property=\"og:site_name\" content=\"KM Block\" \/>\n<meta property=\"og:image\" content=\"https:\/\/kmblock.com\/wp-content\/uploads\/2024\/09\/Land-Rover-Defender.webp\" \/>\n\t<meta property=\"og:image:width\" content=\"800\" \/>\n\t<meta property=\"og:image:height\" content=\"800\" \/>\n\t<meta property=\"og:image:type\" content=\"image\/webp\" \/>\n<meta name=\"twitter:card\" content=\"summary_large_image\" \/>\n<meta name=\"twitter:label1\" content=\"Tiempo de lectura\" \/>\n\t<meta name=\"twitter:data1\" content=\"3 minutos\" \/>\n<script type=\"application\/ld+json\" class=\"yoast-schema-graph\">{\"@context\":\"https:\\\/\\\/schema.org\",\"@graph\":[{\"@type\":\"WebPage\",\"@id\":\"https:\\\/\\\/kmblock.com\\\/es\\\/product\\\/land-rover-defender\\\/\",\"url\":\"https:\\\/\\\/kmblock.com\\\/es\\\/product\\\/land-rover-defender\\\/\",\"name\":\"Land Rover Defender Mileage Blocker (KM stopper) \u2192 KM Block\",\"isPartOf\":{\"@id\":\"https:\\\/\\\/kmblock.com\\\/es\\\/#website\"},\"primaryImageOfPage\":{\"@id\":\"https:\\\/\\\/kmblock.com\\\/es\\\/product\\\/land-rover-defender\\\/#primaryimage\"},\"image\":{\"@id\":\"https:\\\/\\\/kmblock.com\\\/es\\\/product\\\/land-rover-defender\\\/#primaryimage\"},\"thumbnailUrl\":\"https:\\\/\\\/kmblock.com\\\/wp-content\\\/uploads\\\/2024\\\/09\\\/Land-Rover-Defender.webp\",\"datePublished\":\"2024-09-22T12:10:12+00:00\",\"description\":\"Buy a Land Rover Defender Mileage Blocker for the Best Prices \u2713 Free Shipping \u2713 Incl. Installation Guides\",\"breadcrumb\":{\"@id\":\"https:\\\/\\\/kmblock.com\\\/es\\\/product\\\/land-rover-defender\\\/#breadcrumb\"},\"inLanguage\":\"es\",\"potentialAction\":[{\"@type\":\"ReadAction\",\"target\":[\"https:\\\/\\\/kmblock.com\\\/es\\\/product\\\/land-rover-defender\\\/\"]}]},{\"@type\":\"ImageObject\",\"inLanguage\":\"es\",\"@id\":\"https:\\\/\\\/kmblock.com\\\/es\\\/product\\\/land-rover-defender\\\/#primaryimage\",\"url\":\"https:\\\/\\\/kmblock.com\\\/wp-content\\\/uploads\\\/2024\\\/09\\\/Land-Rover-Defender.webp\",\"contentUrl\":\"https:\\\/\\\/kmblock.com\\\/wp-content\\\/uploads\\\/2024\\\/09\\\/Land-Rover-Defender.webp\",\"width\":800,\"height\":800,\"caption\":\"Land Rover Defender\"},{\"@type\":\"BreadcrumbList\",\"@id\":\"https:\\\/\\\/kmblock.com\\\/es\\\/product\\\/land-rover-defender\\\/#breadcrumb\",\"itemListElement\":[{\"@type\":\"ListItem\",\"position\":1,\"name\":\"Inicio\",\"item\":\"https:\\\/\\\/kmblock.com\\\/es\\\/\"},{\"@type\":\"ListItem\",\"position\":2,\"name\":\"Productos\",\"item\":\"https:\\\/\\\/kmblock.com\\\/es\\\/shop\\\/\"},{\"@type\":\"ListItem\",\"position\":3,\"name\":\"Land Rover Defender\"}]},{\"@type\":\"WebSite\",\"@id\":\"https:\\\/\\\/kmblock.com\\\/es\\\/#website\",\"url\":\"https:\\\/\\\/kmblock.com\\\/es\\\/\",\"name\":\"KM Block\",\"description\":\"\",\"publisher\":{\"@id\":\"https:\\\/\\\/kmblock.com\\\/es\\\/#organization\"},\"potentialAction\":[{\"@type\":\"SearchAction\",\"target\":{\"@type\":\"EntryPoint\",\"urlTemplate\":\"https:\\\/\\\/kmblock.com\\\/es\\\/?s={search_term_string}\"},\"query-input\":{\"@type\":\"PropertyValueSpecification\",\"valueRequired\":true,\"valueName\":\"search_term_string\"}}],\"inLanguage\":\"es\"},{\"@type\":\"Organization\",\"@id\":\"https:\\\/\\\/kmblock.com\\\/es\\\/#organization\",\"name\":\"Bloque KM\",\"url\":\"https:\\\/\\\/kmblock.com\\\/es\\\/\",\"logo\":{\"@type\":\"ImageObject\",\"inLanguage\":\"es\",\"@id\":\"https:\\\/\\\/kmblock.com\\\/es\\\/#\\\/schema\\\/logo\\\/image\\\/\",\"url\":\"https:\\\/\\\/kmblock.com\\\/wp-content\\\/uploads\\\/2024\\\/08\\\/main-logo.png\",\"contentUrl\":\"https:\\\/\\\/kmblock.com\\\/wp-content\\\/uploads\\\/2024\\\/08\\\/main-logo.png\",\"width\":186,\"height\":28,\"caption\":\"Bloque KM\"},\"image\":{\"@id\":\"https:\\\/\\\/kmblock.com\\\/es\\\/#\\\/schema\\\/logo\\\/image\\\/\"}}]}<\/script>\n<!-- \/ Yoast SEO plugin. -->","yoast_head_json":{"title":"Land Rover Defender Mileage Blocker (KM stopper) \u2192 KM Block","description":"Buy a Land Rover Defender Mileage Blocker for the Best Prices \u2713 Free Shipping \u2713 Incl. Installation Guides","robots":{"index":"index","follow":"follow","max-snippet":"max-snippet:-1","max-image-preview":"max-image-preview:large","max-video-preview":"max-video-preview:-1"},"og_locale":"es_ES","og_type":"article","og_title":"Land Rover Defender Mileage Blocker (KM stopper) \u2192 KM Block","og_description":"Buy a Land Rover Defender Mileage Blocker for the Best Prices \u2713 Free Shipping \u2713 Incl. Installation Guides","og_url":"https:\/\/kmblock.com\/es\/product\/land-rover-defender\/","og_site_name":"KM Block","og_image":[{"width":800,"height":800,"url":"https:\/\/kmblock.com\/wp-content\/uploads\/2024\/09\/Land-Rover-Defender.webp","type":"image\/webp"}],"twitter_card":"summary_large_image","twitter_misc":{"Tiempo de lectura":"3 minutos"},"schema":{"@context":"https:\/\/schema.org","@graph":[{"@type":"WebPage","@id":"https:\/\/kmblock.com\/es\/product\/land-rover-defender\/","url":"https:\/\/kmblock.com\/es\/product\/land-rover-defender\/","name":"Land Rover Defender Mileage Blocker (KM stopper) \u2192 KM Block","isPartOf":{"@id":"https:\/\/kmblock.com\/es\/#website"},"primaryImageOfPage":{"@id":"https:\/\/kmblock.com\/es\/product\/land-rover-defender\/#primaryimage"},"image":{"@id":"https:\/\/kmblock.com\/es\/product\/land-rover-defender\/#primaryimage"},"thumbnailUrl":"https:\/\/kmblock.com\/wp-content\/uploads\/2024\/09\/Land-Rover-Defender.webp","datePublished":"2024-09-22T12:10:12+00:00","description":"Buy a Land Rover Defender Mileage Blocker for the Best Prices \u2713 Free Shipping \u2713 Incl. Installation Guides","breadcrumb":{"@id":"https:\/\/kmblock.com\/es\/product\/land-rover-defender\/#breadcrumb"},"inLanguage":"es","potentialAction":[{"@type":"ReadAction","target":["https:\/\/kmblock.com\/es\/product\/land-rover-defender\/"]}]},{"@type":"ImageObject","inLanguage":"es","@id":"https:\/\/kmblock.com\/es\/product\/land-rover-defender\/#primaryimage","url":"https:\/\/kmblock.com\/wp-content\/uploads\/2024\/09\/Land-Rover-Defender.webp","contentUrl":"https:\/\/kmblock.com\/wp-content\/uploads\/2024\/09\/Land-Rover-Defender.webp","width":800,"height":800,"caption":"Land Rover Defender"},{"@type":"BreadcrumbList","@id":"https:\/\/kmblock.com\/es\/product\/land-rover-defender\/#breadcrumb","itemListElement":[{"@type":"ListItem","position":1,"name":"Inicio","item":"https:\/\/kmblock.com\/es\/"},{"@type":"ListItem","position":2,"name":"Productos","item":"https:\/\/kmblock.com\/es\/shop\/"},{"@type":"ListItem","position":3,"name":"Land Rover Defender"}]},{"@type":"WebSite","@id":"https:\/\/kmblock.com\/es\/#website","url":"https:\/\/kmblock.com\/es\/","name":"KM Block","description":"","publisher":{"@id":"https:\/\/kmblock.com\/es\/#organization"},"potentialAction":[{"@type":"SearchAction","target":{"@type":"EntryPoint","urlTemplate":"https:\/\/kmblock.com\/es\/?s={search_term_string}"},"query-input":{"@type":"PropertyValueSpecification","valueRequired":true,"valueName":"search_term_string"}}],"inLanguage":"es"},{"@type":"Organization","@id":"https:\/\/kmblock.com\/es\/#organization","name":"Bloque KM","url":"https:\/\/kmblock.com\/es\/","logo":{"@type":"ImageObject","inLanguage":"es","@id":"https:\/\/kmblock.com\/es\/#\/schema\/logo\/image\/","url":"https:\/\/kmblock.com\/wp-content\/uploads\/2024\/08\/main-logo.png","contentUrl":"https:\/\/kmblock.com\/wp-content\/uploads\/2024\/08\/main-logo.png","width":186,"height":28,"caption":"Bloque KM"},"image":{"@id":"https:\/\/kmblock.com\/es\/#\/schema\/logo\/image\/"}}]}},"_links":{"self":[{"href":"https:\/\/kmblock.com\/es\/wp-json\/wp\/v2\/product\/9321","targetHints":{"allow":["GET"]}}],"collection":[{"href":"https:\/\/kmblock.com\/es\/wp-json\/wp\/v2\/product"}],"about":[{"href":"https:\/\/kmblock.com\/es\/wp-json\/wp\/v2\/types\/product"}],"replies":[{"embeddable":true,"href":"https:\/\/kmblock.com\/es\/wp-json\/wp\/v2\/comments?post=9321"}],"wp:featuredmedia":[{"embeddable":true,"href":"https:\/\/kmblock.com\/es\/wp-json\/wp\/v2\/media\/810"}],"wp:attachment":[{"href":"https:\/\/kmblock.com\/es\/wp-json\/wp\/v2\/media?parent=9321"}],"wp:term":[{"taxonomy":"product_brand","embeddable":true,"href":"https:\/\/kmblock.com\/es\/wp-json\/wp\/v2\/product_brand?post=9321"},{"taxonomy":"product_cat","embeddable":true,"href":"https:\/\/kmblock.com\/es\/wp-json\/wp\/v2\/product_cat?post=9321"},{"taxonomy":"product_tag","embeddable":true,"href":"https:\/\/kmblock.com\/es\/wp-json\/wp\/v2\/product_tag?post=9321"}],"curies":[{"name":"wp","href":"https:\/\/api.w.org\/{rel}","templated":true}]}}