{"id":9196,"date":"2024-09-22T12:19:27","date_gmt":"2024-09-22T12:19:27","guid":{"rendered":"https:\/\/kmblock.com\/product\/land-rover-range-rover\/"},"modified":"2024-09-22T12:19:27","modified_gmt":"2024-09-22T12:19:27","slug":"land-rover-range-rover","status":"publish","type":"product","link":"https:\/\/kmblock.com\/es\/product\/land-rover-range-rover\/","title":{"rendered":"Land Rover Range Rover"},"content":{"rendered":"<div class=\"flex max-w-full flex-col flex-grow\">\n<div class=\"min-h-[20px] text-message flex w-full flex-col items-end gap-2 whitespace-normal break-words [.text-message+&amp;]:mt-5\" dir=\"auto\" data-message-author-role=\"assistant\" data-message-id=\"486fbb14-d9b0-4abf-8aac-69dd9ef3f888\">\n<div class=\"flex w-full flex-col gap-1 empty:hidden first:pt-[3px]\">\n<div class=\"markdown prose w-full break-words dark:prose-invert dark\">\n<div class=\"flex max-w-full flex-col flex-grow\">\n<div class=\"min-h-[20px] text-message flex w-full flex-col items-end gap-2 whitespace-normal break-words [.text-message+&amp;]:mt-5\" dir=\"auto\" data-message-author-role=\"assistant\" data-message-id=\"583787e4-ced2-4497-934b-fd13934d3b5f\">\n<div class=\"flex w-full flex-col gap-1 empty:hidden first:pt-[3px]\">\n<div class=\"markdown prose w-full break-words dark:prose-invert dark\">\n<h3>BLOQUEADOR DE KILOMETRAJE PARA LAND ROVER RANGE ROVER<\/h3>\n<p>El <g id=\"gid_0\">bloqueador de cuentakil\u00f3metros Land Rover<\/g>Range <g id=\"gid_0\">Rover -tambi\u00e9n<\/g>conocido como <strong>bloqueador de cuentakil\u00f3metros<\/strong>, <strong>bloqueador de<\/strong> <strong>cuentakil\u00f3metros<\/strong>, <strong>bloqueador de latas<\/strong>, <strong>bloqueador de cuentakil\u00f3metros<\/strong> o <strong>filtro de latas- est\u00e1<\/strong>dise\u00f1ado para los modelos Land Rover Range Rover comercializados desde 2015.  <\/p>\n<h4><strong>Caracter\u00edsticas principales:<\/strong><\/h4>\n<ul>\n<li><strong>Instalaci\u00f3n sencilla de bricolaje<\/strong>: Instala f\u00e1cilmente el dispositivo sin ayuda profesional.<\/li>\n<li><strong>Activar\/Desactivar en movimiento<\/strong>: La herramienta se puede activar o desactivar incluso con el veh\u00edculo en movimiento.<\/li>\n<li><strong>No deja rastro<\/strong>: No es necesario soldar ni cortar cables. El dispositivo no deja rastro una vez retirado. <\/li>\n<li><strong>Componentes de calidad superior<\/strong>: Viene con enchufes de alta calidad y cables resistentes al calor.<\/li>\n<li><strong>Configuraci\u00f3n persistente<\/strong>: Una vez configurados los ajustes, se guardan autom\u00e1ticamente y no es necesario cambiarlos antes de cada conducci\u00f3n.<\/li>\n<li><strong>Funcionamiento impecable<\/strong> del <strong>sistema<\/strong>: El veloc\u00edmetro, el control de crucero y los sistemas de asistencia funcionan sin problemas.<\/li>\n<li><strong>No hay mensajes de error<\/strong>: No aparecen errores ni luces de advertencia en el veloc\u00edmetro ni en el panel de navegaci\u00f3n.<\/li>\n<li><strong>Indetectable por<\/strong> los <strong>aparatos de diagn\u00f3stico<\/strong>: El kilometraje alterado no es detectable por las herramientas de diagn\u00f3stico.<\/li>\n<li><strong>Desviaci\u00f3n precisa del kilometraje<\/strong>: La alteraci\u00f3n del kilometraje es precisa hasta un 1% de la distancia recorrida.<\/li>\n<\/ul>\n<hr>\n<h4><strong>ACTIVACI\u00d3N Y DESACTIVACI\u00d3N  <\/strong><\/h4>\n<ul>\n<li>Se enciende manteniendo pulsado el bot\u00f3n de silencio durante 7 segundos. No emite ninguna se\u00f1al pero est\u00e1 encendido.<strong>Modo Encendido:<\/strong> cuenta el 0% de los kil\u00f3metros. Todo funciona correctamente<g id=\"gid_1\">.Modo Apagado<\/g>: cuenta el 100% de los kil\u00f3metros. Todo funciona correctamente\u00bb.   <\/li>\n<li>Enciende accionando las luces largas 5 veces r\u00e1pidamente. La luz intermitente parpadear\u00e1.<strong>Modo Encendido:<\/strong> el intermitente parpadea hacia la izquierda. cuenta el 0% de los kil\u00f3metros. Todo funciona correctamente<strong>.Modo Apagado:<\/strong> el intermitente parpadea hacia la derecha. cuenta el 100% de los kil\u00f3metros. Todo funciona correctamente     <\/li>\n<\/ul>\n<p>&nbsp;<\/p>\n<hr>\n<h4><strong>\u00bfQu\u00e9 es el bloqueador de kilometraje del Land Rover Range Rover?<\/strong><\/h4>\n<p>El <strong>Bloqueador de Kilometraje Land Rover Range Rover<\/strong> ayuda a evitar el registro de kilometraje adicional mientras se comprueba el rendimiento del veh\u00edculo. Disponible en <g id=\"gid_1\">KM Block<\/g>, este dispositivo est\u00e1 fabricado con componentes de alta calidad y software desarrollado espec\u00edficamente para cada modelo de veh\u00edculo, lo que garantiza una funcionalidad \u00f3ptima. Funciona eficazmente en motores di\u00e9sel-gasolina, veh\u00edculos el\u00e9ctricos h\u00edbridos enchufables (PHEV) y coches el\u00e9ctricos, tanto si tu cuentakil\u00f3metros marca en millas como en kil\u00f3metros.  <\/p>\n<hr>\n<h4><strong>Notas importantes<\/strong>:<\/h4>\n<ul>\n<li><strong>Herramientas<\/strong> de <strong>Correcci\u00f3n del Kilometraje<\/strong>: No vendemos dispositivos de <strong>Correcci\u00f3n del<\/strong> Kilometraje destinados a fines malintencionados como hacer retroceder las cifras de kilometraje. Estas herramientas no borran el kilometraje de todas las unidades de almacenamiento de datos del veh\u00edculo. <\/li>\n<li><strong>F\u00e1cil instalaci\u00f3n<\/strong>: Conecta el dispositivo entre el veloc\u00edmetro y el cuadro de instrumentos, no necesitas conocimientos especializados. Utiliza las combinaciones de teclas suministradas para controlar el dispositivo. <\/li>\n<\/ul>\n<p><strong>El Bloqueador de Kilometraje del Land Rover Range Rover<\/strong> puede activarse o desactivarse en parado o en movimiento, proporcion\u00e1ndote un control total en todo momento.<\/p>\n<\/div>\n<\/div>\n<\/div>\n<\/div>\n<\/div>\n<\/div>\n<\/div>\n<\/div>\n","protected":false},"excerpt":{"rendered":"<div class=\"flex-shrink-0 flex flex-col relative items-end\">\n<div class=\"pt-0\">\n<div class=\"gizmo-bot-avatar flex h-8 w-8 items-center justify-center overflow-hidden rounded-full\">\n<div class=\"relative p-1 rounded-sm flex items-center justify-center bg-token-main-surface-primary text-token-text-primary h-8 w-8\">Antes de hacer el pedido, lee los siguientes detalles importantes sobre la activaci\u00f3n del m\u00f3dulo, los mensajes de error y la funcionalidad<strong>.PARA MODELOS LANZADOS DESDE 2015: <\/strong>Los \u00faltimos modelos s\u00f3lo est\u00e1n disponibles con un \u00abcable largo\u00bb y una versi\u00f3n controlada por app. Configuraci\u00f3n r\u00e1pida y sencilla sin ayuda profesional. No queda ning\u00fan rastro despu\u00e9s de retirarlo, y no es necesario soldar ni cortar cables. El dispositivo se puede encender o apagar incluso mientras conduces. El veloc\u00edmetro y todos los sistemas de asistencia funcionan sin interrupciones. Equipado con enchufes de alta calidad y cables resistentes al calor para un funcionamiento duradero.     <\/p>\n<p class=\"p1\"><b> \u2705 Integraci\u00f3n perfecta<\/b><b><\/b><\/p>\n<p class=\"p1\">\u2705<b> F\u00e1cil instalaci\u00f3n<\/b><b><\/b><\/p>\n<p class=\"p1\">\u2705<b> Gesti\u00f3n precisa del kilometraje<\/b><b><\/b><\/p>\n<p class=\"p1\"><b> \u2705 Funcionamiento en modo oculto<\/b><b><\/b><\/p>\n<p class=\"p1\"><span class=\"s1\">\u2705<\/span><b> Soporte y actualizaciones de por vida<\/b><\/p>\n<\/div>\n<\/div>\n<\/div>\n<\/div>\n","protected":false},"featured_media":814,"comment_status":"open","ping_status":"closed","template":"","meta":[],"product_brand":[],"product_cat":[873],"product_tag":[],"class_list":{"0":"post-9196","1":"product","2":"type-product","3":"status-publish","4":"has-post-thumbnail","6":"product_cat-land-rover","8":"first","9":"instock","10":"taxable","11":"shipping-taxable","12":"purchasable","13":"product-type-variable"},"yoast_head":"<!-- This site is optimized with the Yoast SEO plugin v27.5 - https:\/\/yoast.com\/product\/yoast-seo-wordpress\/ -->\n<title>Land Rover Range Rover Mileage Blocker (KM stopper) \u2192 KM Block<\/title>\n<meta name=\"description\" content=\"Buy a Land Rover Range Rover Mileage Blocker for the Best Prices \u2713 Free Shipping \u2713 Incl. Installation Guides\" \/>\n<meta name=\"robots\" content=\"index, follow, max-snippet:-1, max-image-preview:large, max-video-preview:-1\" \/>\n<meta property=\"og:locale\" content=\"es_ES\" \/>\n<meta property=\"og:type\" content=\"article\" \/>\n<meta property=\"og:title\" content=\"Land Rover Range Rover Mileage Blocker (KM stopper) \u2192 KM Block\" \/>\n<meta property=\"og:description\" content=\"Buy a Land Rover Range Rover Mileage Blocker for the Best Prices \u2713 Free Shipping \u2713 Incl. Installation Guides\" \/>\n<meta property=\"og:url\" content=\"https:\/\/kmblock.com\/es\/product\/land-rover-range-rover\/\" \/>\n<meta property=\"og:site_name\" content=\"KM Block\" \/>\n<meta property=\"og:image\" content=\"https:\/\/kmblock.com\/wp-content\/uploads\/2024\/09\/Land-Rover-Range-Rover.webp\" \/>\n\t<meta property=\"og:image:width\" content=\"800\" \/>\n\t<meta property=\"og:image:height\" content=\"800\" \/>\n\t<meta property=\"og:image:type\" content=\"image\/webp\" \/>\n<meta name=\"twitter:card\" content=\"summary_large_image\" \/>\n<meta name=\"twitter:label1\" content=\"Tiempo de lectura\" \/>\n\t<meta name=\"twitter:data1\" content=\"3 minutos\" \/>\n<script type=\"application\/ld+json\" class=\"yoast-schema-graph\">{\"@context\":\"https:\\\/\\\/schema.org\",\"@graph\":[{\"@type\":\"WebPage\",\"@id\":\"https:\\\/\\\/kmblock.com\\\/es\\\/product\\\/land-rover-range-rover\\\/\",\"url\":\"https:\\\/\\\/kmblock.com\\\/es\\\/product\\\/land-rover-range-rover\\\/\",\"name\":\"Land Rover Range Rover Mileage Blocker (KM stopper) \u2192 KM Block\",\"isPartOf\":{\"@id\":\"https:\\\/\\\/kmblock.com\\\/es\\\/#website\"},\"primaryImageOfPage\":{\"@id\":\"https:\\\/\\\/kmblock.com\\\/es\\\/product\\\/land-rover-range-rover\\\/#primaryimage\"},\"image\":{\"@id\":\"https:\\\/\\\/kmblock.com\\\/es\\\/product\\\/land-rover-range-rover\\\/#primaryimage\"},\"thumbnailUrl\":\"https:\\\/\\\/kmblock.com\\\/wp-content\\\/uploads\\\/2024\\\/09\\\/Land-Rover-Range-Rover.webp\",\"datePublished\":\"2024-09-22T12:19:27+00:00\",\"description\":\"Buy a Land Rover Range Rover Mileage Blocker for the Best Prices \u2713 Free Shipping \u2713 Incl. Installation Guides\",\"breadcrumb\":{\"@id\":\"https:\\\/\\\/kmblock.com\\\/es\\\/product\\\/land-rover-range-rover\\\/#breadcrumb\"},\"inLanguage\":\"es\",\"potentialAction\":[{\"@type\":\"ReadAction\",\"target\":[\"https:\\\/\\\/kmblock.com\\\/es\\\/product\\\/land-rover-range-rover\\\/\"]}]},{\"@type\":\"ImageObject\",\"inLanguage\":\"es\",\"@id\":\"https:\\\/\\\/kmblock.com\\\/es\\\/product\\\/land-rover-range-rover\\\/#primaryimage\",\"url\":\"https:\\\/\\\/kmblock.com\\\/wp-content\\\/uploads\\\/2024\\\/09\\\/Land-Rover-Range-Rover.webp\",\"contentUrl\":\"https:\\\/\\\/kmblock.com\\\/wp-content\\\/uploads\\\/2024\\\/09\\\/Land-Rover-Range-Rover.webp\",\"width\":800,\"height\":800,\"caption\":\"Land Rover Range Rover\"},{\"@type\":\"BreadcrumbList\",\"@id\":\"https:\\\/\\\/kmblock.com\\\/es\\\/product\\\/land-rover-range-rover\\\/#breadcrumb\",\"itemListElement\":[{\"@type\":\"ListItem\",\"position\":1,\"name\":\"Inicio\",\"item\":\"https:\\\/\\\/kmblock.com\\\/es\\\/\"},{\"@type\":\"ListItem\",\"position\":2,\"name\":\"Productos\",\"item\":\"https:\\\/\\\/kmblock.com\\\/es\\\/shop\\\/\"},{\"@type\":\"ListItem\",\"position\":3,\"name\":\"Land Rover Range Rover\"}]},{\"@type\":\"WebSite\",\"@id\":\"https:\\\/\\\/kmblock.com\\\/es\\\/#website\",\"url\":\"https:\\\/\\\/kmblock.com\\\/es\\\/\",\"name\":\"KM Block\",\"description\":\"\",\"publisher\":{\"@id\":\"https:\\\/\\\/kmblock.com\\\/es\\\/#organization\"},\"potentialAction\":[{\"@type\":\"SearchAction\",\"target\":{\"@type\":\"EntryPoint\",\"urlTemplate\":\"https:\\\/\\\/kmblock.com\\\/es\\\/?s={search_term_string}\"},\"query-input\":{\"@type\":\"PropertyValueSpecification\",\"valueRequired\":true,\"valueName\":\"search_term_string\"}}],\"inLanguage\":\"es\"},{\"@type\":\"Organization\",\"@id\":\"https:\\\/\\\/kmblock.com\\\/es\\\/#organization\",\"name\":\"Bloque KM\",\"url\":\"https:\\\/\\\/kmblock.com\\\/es\\\/\",\"logo\":{\"@type\":\"ImageObject\",\"inLanguage\":\"es\",\"@id\":\"https:\\\/\\\/kmblock.com\\\/es\\\/#\\\/schema\\\/logo\\\/image\\\/\",\"url\":\"https:\\\/\\\/kmblock.com\\\/wp-content\\\/uploads\\\/2024\\\/08\\\/main-logo.png\",\"contentUrl\":\"https:\\\/\\\/kmblock.com\\\/wp-content\\\/uploads\\\/2024\\\/08\\\/main-logo.png\",\"width\":186,\"height\":28,\"caption\":\"Bloque KM\"},\"image\":{\"@id\":\"https:\\\/\\\/kmblock.com\\\/es\\\/#\\\/schema\\\/logo\\\/image\\\/\"}}]}<\/script>\n<!-- \/ Yoast SEO plugin. -->","yoast_head_json":{"title":"Land Rover Range Rover Mileage Blocker (KM stopper) \u2192 KM Block","description":"Buy a Land Rover Range Rover Mileage Blocker for the Best Prices \u2713 Free Shipping \u2713 Incl. Installation Guides","robots":{"index":"index","follow":"follow","max-snippet":"max-snippet:-1","max-image-preview":"max-image-preview:large","max-video-preview":"max-video-preview:-1"},"og_locale":"es_ES","og_type":"article","og_title":"Land Rover Range Rover Mileage Blocker (KM stopper) \u2192 KM Block","og_description":"Buy a Land Rover Range Rover Mileage Blocker for the Best Prices \u2713 Free Shipping \u2713 Incl. Installation Guides","og_url":"https:\/\/kmblock.com\/es\/product\/land-rover-range-rover\/","og_site_name":"KM Block","og_image":[{"width":800,"height":800,"url":"https:\/\/kmblock.com\/wp-content\/uploads\/2024\/09\/Land-Rover-Range-Rover.webp","type":"image\/webp"}],"twitter_card":"summary_large_image","twitter_misc":{"Tiempo de lectura":"3 minutos"},"schema":{"@context":"https:\/\/schema.org","@graph":[{"@type":"WebPage","@id":"https:\/\/kmblock.com\/es\/product\/land-rover-range-rover\/","url":"https:\/\/kmblock.com\/es\/product\/land-rover-range-rover\/","name":"Land Rover Range Rover Mileage Blocker (KM stopper) \u2192 KM Block","isPartOf":{"@id":"https:\/\/kmblock.com\/es\/#website"},"primaryImageOfPage":{"@id":"https:\/\/kmblock.com\/es\/product\/land-rover-range-rover\/#primaryimage"},"image":{"@id":"https:\/\/kmblock.com\/es\/product\/land-rover-range-rover\/#primaryimage"},"thumbnailUrl":"https:\/\/kmblock.com\/wp-content\/uploads\/2024\/09\/Land-Rover-Range-Rover.webp","datePublished":"2024-09-22T12:19:27+00:00","description":"Buy a Land Rover Range Rover Mileage Blocker for the Best Prices \u2713 Free Shipping \u2713 Incl. Installation Guides","breadcrumb":{"@id":"https:\/\/kmblock.com\/es\/product\/land-rover-range-rover\/#breadcrumb"},"inLanguage":"es","potentialAction":[{"@type":"ReadAction","target":["https:\/\/kmblock.com\/es\/product\/land-rover-range-rover\/"]}]},{"@type":"ImageObject","inLanguage":"es","@id":"https:\/\/kmblock.com\/es\/product\/land-rover-range-rover\/#primaryimage","url":"https:\/\/kmblock.com\/wp-content\/uploads\/2024\/09\/Land-Rover-Range-Rover.webp","contentUrl":"https:\/\/kmblock.com\/wp-content\/uploads\/2024\/09\/Land-Rover-Range-Rover.webp","width":800,"height":800,"caption":"Land Rover Range Rover"},{"@type":"BreadcrumbList","@id":"https:\/\/kmblock.com\/es\/product\/land-rover-range-rover\/#breadcrumb","itemListElement":[{"@type":"ListItem","position":1,"name":"Inicio","item":"https:\/\/kmblock.com\/es\/"},{"@type":"ListItem","position":2,"name":"Productos","item":"https:\/\/kmblock.com\/es\/shop\/"},{"@type":"ListItem","position":3,"name":"Land Rover Range Rover"}]},{"@type":"WebSite","@id":"https:\/\/kmblock.com\/es\/#website","url":"https:\/\/kmblock.com\/es\/","name":"KM Block","description":"","publisher":{"@id":"https:\/\/kmblock.com\/es\/#organization"},"potentialAction":[{"@type":"SearchAction","target":{"@type":"EntryPoint","urlTemplate":"https:\/\/kmblock.com\/es\/?s={search_term_string}"},"query-input":{"@type":"PropertyValueSpecification","valueRequired":true,"valueName":"search_term_string"}}],"inLanguage":"es"},{"@type":"Organization","@id":"https:\/\/kmblock.com\/es\/#organization","name":"Bloque KM","url":"https:\/\/kmblock.com\/es\/","logo":{"@type":"ImageObject","inLanguage":"es","@id":"https:\/\/kmblock.com\/es\/#\/schema\/logo\/image\/","url":"https:\/\/kmblock.com\/wp-content\/uploads\/2024\/08\/main-logo.png","contentUrl":"https:\/\/kmblock.com\/wp-content\/uploads\/2024\/08\/main-logo.png","width":186,"height":28,"caption":"Bloque KM"},"image":{"@id":"https:\/\/kmblock.com\/es\/#\/schema\/logo\/image\/"}}]}},"_links":{"self":[{"href":"https:\/\/kmblock.com\/es\/wp-json\/wp\/v2\/product\/9196","targetHints":{"allow":["GET"]}}],"collection":[{"href":"https:\/\/kmblock.com\/es\/wp-json\/wp\/v2\/product"}],"about":[{"href":"https:\/\/kmblock.com\/es\/wp-json\/wp\/v2\/types\/product"}],"replies":[{"embeddable":true,"href":"https:\/\/kmblock.com\/es\/wp-json\/wp\/v2\/comments?post=9196"}],"wp:featuredmedia":[{"embeddable":true,"href":"https:\/\/kmblock.com\/es\/wp-json\/wp\/v2\/media\/814"}],"wp:attachment":[{"href":"https:\/\/kmblock.com\/es\/wp-json\/wp\/v2\/media?parent=9196"}],"wp:term":[{"taxonomy":"product_brand","embeddable":true,"href":"https:\/\/kmblock.com\/es\/wp-json\/wp\/v2\/product_brand?post=9196"},{"taxonomy":"product_cat","embeddable":true,"href":"https:\/\/kmblock.com\/es\/wp-json\/wp\/v2\/product_cat?post=9196"},{"taxonomy":"product_tag","embeddable":true,"href":"https:\/\/kmblock.com\/es\/wp-json\/wp\/v2\/product_tag?post=9196"}],"curies":[{"name":"wp","href":"https:\/\/api.w.org\/{rel}","templated":true}]}}