{"id":9193,"date":"2024-09-22T12:13:19","date_gmt":"2024-09-22T12:13:19","guid":{"rendered":"https:\/\/kmblock.com\/product\/land-rover-discovery\/"},"modified":"2024-09-22T12:13:19","modified_gmt":"2024-09-22T12:13:19","slug":"land-rover-discovery","status":"publish","type":"product","link":"https:\/\/kmblock.com\/es\/product\/land-rover-discovery\/","title":{"rendered":"Land Rover Discovery"},"content":{"rendered":"<div class=\"flex max-w-full flex-col flex-grow\">\n<div class=\"min-h-[20px] text-message flex w-full flex-col items-end gap-2 whitespace-normal break-words [.text-message+&amp;]:mt-5\" dir=\"auto\" data-message-author-role=\"assistant\" data-message-id=\"486fbb14-d9b0-4abf-8aac-69dd9ef3f888\">\n<div class=\"flex w-full flex-col gap-1 empty:hidden first:pt-[3px]\">\n<div class=\"markdown prose w-full break-words dark:prose-invert dark\">\n<div class=\"flex max-w-full flex-col flex-grow\">\n<div class=\"min-h-[20px] text-message flex w-full flex-col items-end gap-2 whitespace-normal break-words [.text-message+&amp;]:mt-5\" dir=\"auto\" data-message-author-role=\"assistant\" data-message-id=\"583787e4-ced2-4497-934b-fd13934d3b5f\">\n<div class=\"flex w-full flex-col gap-1 empty:hidden first:pt-[3px]\">\n<div class=\"markdown prose w-full break-words dark:prose-invert dark\">\n<h3>BLOQUEADOR DE KILOMETRAJE PARA LAND ROVER DISCOVERY<\/h3>\n<p>El <strong>Bloqueador de Cuentakil\u00f3metros del Land Rover Discovery<\/strong> tambi\u00e9n se conoce como: Bloqueador de cuentakil\u00f3metros, Bloqueador de cuentakil\u00f3metros, Bloqueador de latas, Bloqueador de kilometraje, Cuentakil\u00f3metros parcial, Filtro de latas o, a veces, como herramienta de correcci\u00f3n de kilometraje.<\/p>\n<p><strong>ESTE DISPOSITIVO ES APTO PARA TODOS LOS MODELOS LAND ROVER DISCOVERY LANZADOS DESDE 2015.<\/strong><\/p>\n<hr>\n<h3>ESPECIFICACIONES:<\/h3>\n<ul>\n<li><strong>Instalaci\u00f3n DIY<\/strong>: Instalaci\u00f3n f\u00e1cil y r\u00e1pida sin ayuda profesional.<\/li>\n<li><strong>Act\u00edvalo sobre la marcha<\/strong>: Se puede activar o desactivar mientras conduces.<\/li>\n<li><strong>No quedan rastros<\/strong>: No es necesario soldar ni cortar los cables, por lo que no quedan rastros despu\u00e9s de retirarlos.<\/li>\n<li><strong>Calidad superior<\/strong>: Equipado con enchufes de primera calidad y cables resistentes al calor.<\/li>\n<li><strong>F\u00e1cil de manejar<\/strong>: Controla el aparato mediante combinaciones de teclas.<\/li>\n<li><strong>Indetectable por las herramientas de diagn\u00f3stico<\/strong>: Las herramientas de diagn\u00f3stico del veh\u00edculo no pueden detectar el kilometraje alterado por el Detector de kilometraje.<\/li>\n<li><strong>Ajustes persistentes<\/strong>: Los ajustes permanecen almacenados permanentemente.<\/li>\n<li>El <strong>control de crucero no se ve afectado<\/strong>: El control de crucero sigue funcionando sin problemas.<\/li>\n<li><strong>Sin errores<\/strong>: No hay mensajes de error en el veloc\u00edmetro ni en el sistema de navegaci\u00f3n.<\/li>\n<li><strong>No hay aumento espont\u00e1neo<\/strong> del <strong>kilometraje<\/strong>: Tras la retirada del m\u00f3dulo, el kilometraje permanece invariable.<\/li>\n<li><strong>Veloc\u00edmetro y sistemas de asistencia impecables<\/strong>: Todos los sistemas funcionan sin interrupciones.<\/li>\n<li><strong>Instalaci\u00f3n sin problemas<\/strong>: La superficie de contacto y los rebordes garantizan un proceso de instalaci\u00f3n sin esfuerzo.<\/li>\n<li><strong>Desviaci\u00f3n<\/strong> menor: El aparato permite una ligera desviaci\u00f3n de hasta el 1% en el kilometraje. Las aproximaciones pueden variar ligeramente en funci\u00f3n de distintos factores. <\/li>\n<\/ul>\n<hr>\n<h3>ACTIVACI\u00d3N Y DESACTIVACI\u00d3N<\/h3>\n<ul>\n<li>Se enciende manteniendo pulsado el bot\u00f3n de silencio durante 7 segundos. No emite ninguna se\u00f1al pero est\u00e1 encendido.<g id=\"gid_0\">Modo Encendido:<\/g> cuenta el 0% de los kil\u00f3metros. Todo funciona correctamente<g id=\"gid_1\">.Modo Apagado<\/g>: cuenta el 100% de los kil\u00f3metros. Todo funciona correctamente\u00bb.   <\/li>\n<li>Enciende accionando las luces largas 5 veces r\u00e1pidamente. La luz intermitente parpadear\u00e1.<strong>Modo Encendido:<\/strong> el intermitente parpadea hacia la izquierda. cuenta el 0% de los kil\u00f3metros. Todo funciona correctamente<strong>.Modo Apagado:<\/strong> el intermitente parpadea hacia la derecha. cuenta el 100% de los kil\u00f3metros. Todo funciona correctamente     <\/li>\n<\/ul>\n<hr>\n<h3>\u00bfQu\u00e9 es el bloqueador de cuentakil\u00f3metros o herramienta de correcci\u00f3n de kilometraje del Land Rover Discovery?<\/h3>\n<p>El <strong>bloqueador de kilometraje del Land Rover Discovery<\/strong> est\u00e1 dise\u00f1ado para impedir que se registre el kilometraje durante la prueba del veh\u00edculo. Nuestros expertos lo programan para que funcione a la perfecci\u00f3n en cada modelo. Tanto si tu veh\u00edculo registra la distancia en millas como en kil\u00f3metros, la herramienta funciona con la misma eficacia. Funciona perfectamente con motores di\u00e9sel-gasolina, as\u00ed como con veh\u00edculos el\u00e9ctricos h\u00edbridos enchufables (PHEV) y veh\u00edculos el\u00e9ctricos.   <\/p>\n<p>Ten en cuenta que <strong>no vendemos herramientas de Correcci\u00f3n del Kilometraje<\/strong>. Estas herramientas se utilizan con fines poco \u00e9ticos, como hacer retroceder el kilometraje, que las unidades de almacenamiento de datos de los coches a\u00fan pueden detectar. Sin embargo, nuestro <strong>Detector de Kilometraje<\/strong> evita estos problemas y est\u00e1 dise\u00f1ado para realizar pruebas leg\u00edtimas.  <\/p>\n<hr>\n<p>Ofrecemos una gama de dispositivos de detenci\u00f3n de kilometraje para varios veh\u00edculos. El proceso de instalaci\u00f3n es sencillo y no requiere conocimientos avanzados sobre veh\u00edculos. S\u00f3lo tienes que conectarlo entre el veloc\u00edmetro y el cuadro de instrumentos para beneficiarte de este m\u00f3dulo avanzado.  <\/p>\n<p><strong>El Bloqueador de Kilometraje del Land Rover Discovery<\/strong> puede activarse o desactivarse en cualquier momento, tanto si el veh\u00edculo est\u00e1 en movimiento como parado.<\/p>\n<\/div>\n<\/div>\n<\/div>\n<\/div>\n<\/div>\n<\/div>\n<\/div>\n<\/div>\n","protected":false},"excerpt":{"rendered":"<div class=\"flex-shrink-0 flex flex-col relative items-end\">\n<div class=\"pt-0\">\n<div class=\"gizmo-bot-avatar flex h-8 w-8 items-center justify-center overflow-hidden rounded-full\">\n<div class=\"relative p-1 rounded-sm flex items-center justify-center bg-token-main-surface-primary text-token-text-primary h-8 w-8\">\n<p>Antes de hacer el pedido, lee los siguientes detalles importantes sobre la activaci\u00f3n del m\u00f3dulo, los mensajes de error y la funcionalidad.<\/p>\n<p><strong>PARA MODELOS LAND ROVER DISCOVERY LANZADOS DESDE 2015:<\/strong> Aseg\u00farate de completar la selecci\u00f3n de productos para elegir la opci\u00f3n correcta bas\u00e1ndote en las im\u00e1genes proporcionadas. Los \u00faltimos modelos s\u00f3lo est\u00e1n disponibles con las opciones \u00abcable largo\u00bb y \u00abcon app\u00bb. El producto est\u00e1 dise\u00f1ado para que lo instales f\u00e1cilmente t\u00fa mismo. Una vez instalado, el dispositivo funciona sin dejar rastro. El dispositivo puede encenderse y apagarse incluso cuando el veh\u00edculo est\u00e1 en movimiento. El veloc\u00edmetro y todos los sistemas de asistencia siguen funcionando perfectamente con el dispositivo instalado. Equipado con enchufes de primera calidad y cables resistentes al calor para un funcionamiento fiable.      <\/p>\n<p class=\"p1\"><b> \u2705 Integraci\u00f3n perfecta<\/b><b><\/b><\/p>\n<p class=\"p1\">\u2705<b> F\u00e1cil instalaci\u00f3n<\/b><b><\/b><\/p>\n<p class=\"p1\">\u2705<b> Gesti\u00f3n precisa del kilometraje<\/b><b><\/b><\/p>\n<p class=\"p1\"><b> \u2705 Funcionamiento en modo oculto<\/b><b><\/b><\/p>\n<p class=\"p1\"><span class=\"s1\">\u2705<\/span><b> Soporte y actualizaciones de por vida<\/b><\/p>\n<\/div>\n<\/div>\n<\/div>\n<\/div>\n","protected":false},"featured_media":812,"comment_status":"open","ping_status":"closed","template":"","meta":[],"product_brand":[],"product_cat":[873],"product_tag":[],"class_list":{"0":"post-9193","1":"product","2":"type-product","3":"status-publish","4":"has-post-thumbnail","6":"product_cat-land-rover","8":"first","9":"instock","10":"taxable","11":"shipping-taxable","12":"purchasable","13":"product-type-variable"},"yoast_head":"<!-- This site is optimized with the Yoast SEO plugin v27.5 - https:\/\/yoast.com\/product\/yoast-seo-wordpress\/ -->\n<title>Land Rover Discovery Mileage Blocker (KM stopper) \u2192 KM Block<\/title>\n<meta name=\"description\" content=\"Buy a Land Rover Discovery Mileage Blocker for the Best Prices \u2713 Free Shipping \u2713 Incl. Installation Guides\" \/>\n<meta name=\"robots\" content=\"index, follow, max-snippet:-1, max-image-preview:large, max-video-preview:-1\" \/>\n<meta property=\"og:locale\" content=\"es_ES\" \/>\n<meta property=\"og:type\" content=\"article\" \/>\n<meta property=\"og:title\" content=\"Land Rover Discovery Mileage Blocker (KM stopper) \u2192 KM Block\" \/>\n<meta property=\"og:description\" content=\"Buy a Land Rover Discovery Mileage Blocker for the Best Prices \u2713 Free Shipping \u2713 Incl. Installation Guides\" \/>\n<meta property=\"og:url\" content=\"https:\/\/kmblock.com\/es\/product\/land-rover-discovery\/\" \/>\n<meta property=\"og:site_name\" content=\"KM Block\" \/>\n<meta property=\"og:image\" content=\"https:\/\/kmblock.com\/wp-content\/uploads\/2024\/09\/Land-Rover-Discovery-.jpg\" \/>\n\t<meta property=\"og:image:width\" content=\"800\" \/>\n\t<meta property=\"og:image:height\" content=\"800\" \/>\n\t<meta property=\"og:image:type\" content=\"image\/jpeg\" \/>\n<meta name=\"twitter:card\" content=\"summary_large_image\" \/>\n<meta name=\"twitter:label1\" content=\"Tiempo de lectura\" \/>\n\t<meta name=\"twitter:data1\" content=\"3 minutos\" \/>\n<script type=\"application\/ld+json\" class=\"yoast-schema-graph\">{\"@context\":\"https:\\\/\\\/schema.org\",\"@graph\":[{\"@type\":\"WebPage\",\"@id\":\"https:\\\/\\\/kmblock.com\\\/es\\\/product\\\/land-rover-discovery\\\/\",\"url\":\"https:\\\/\\\/kmblock.com\\\/es\\\/product\\\/land-rover-discovery\\\/\",\"name\":\"Land Rover Discovery Mileage Blocker (KM stopper) \u2192 KM Block\",\"isPartOf\":{\"@id\":\"https:\\\/\\\/kmblock.com\\\/es\\\/#website\"},\"primaryImageOfPage\":{\"@id\":\"https:\\\/\\\/kmblock.com\\\/es\\\/product\\\/land-rover-discovery\\\/#primaryimage\"},\"image\":{\"@id\":\"https:\\\/\\\/kmblock.com\\\/es\\\/product\\\/land-rover-discovery\\\/#primaryimage\"},\"thumbnailUrl\":\"https:\\\/\\\/kmblock.com\\\/wp-content\\\/uploads\\\/2024\\\/09\\\/Land-Rover-Discovery-.jpg\",\"datePublished\":\"2024-09-22T12:13:19+00:00\",\"description\":\"Buy a Land Rover Discovery Mileage Blocker for the Best Prices \u2713 Free Shipping \u2713 Incl. Installation Guides\",\"breadcrumb\":{\"@id\":\"https:\\\/\\\/kmblock.com\\\/es\\\/product\\\/land-rover-discovery\\\/#breadcrumb\"},\"inLanguage\":\"es\",\"potentialAction\":[{\"@type\":\"ReadAction\",\"target\":[\"https:\\\/\\\/kmblock.com\\\/es\\\/product\\\/land-rover-discovery\\\/\"]}]},{\"@type\":\"ImageObject\",\"inLanguage\":\"es\",\"@id\":\"https:\\\/\\\/kmblock.com\\\/es\\\/product\\\/land-rover-discovery\\\/#primaryimage\",\"url\":\"https:\\\/\\\/kmblock.com\\\/wp-content\\\/uploads\\\/2024\\\/09\\\/Land-Rover-Discovery-.jpg\",\"contentUrl\":\"https:\\\/\\\/kmblock.com\\\/wp-content\\\/uploads\\\/2024\\\/09\\\/Land-Rover-Discovery-.jpg\",\"width\":800,\"height\":800,\"caption\":\"Land Rover Discovery\"},{\"@type\":\"BreadcrumbList\",\"@id\":\"https:\\\/\\\/kmblock.com\\\/es\\\/product\\\/land-rover-discovery\\\/#breadcrumb\",\"itemListElement\":[{\"@type\":\"ListItem\",\"position\":1,\"name\":\"Inicio\",\"item\":\"https:\\\/\\\/kmblock.com\\\/es\\\/\"},{\"@type\":\"ListItem\",\"position\":2,\"name\":\"Productos\",\"item\":\"https:\\\/\\\/kmblock.com\\\/es\\\/shop\\\/\"},{\"@type\":\"ListItem\",\"position\":3,\"name\":\"Land Rover Discovery\"}]},{\"@type\":\"WebSite\",\"@id\":\"https:\\\/\\\/kmblock.com\\\/es\\\/#website\",\"url\":\"https:\\\/\\\/kmblock.com\\\/es\\\/\",\"name\":\"KM Block\",\"description\":\"\",\"publisher\":{\"@id\":\"https:\\\/\\\/kmblock.com\\\/es\\\/#organization\"},\"potentialAction\":[{\"@type\":\"SearchAction\",\"target\":{\"@type\":\"EntryPoint\",\"urlTemplate\":\"https:\\\/\\\/kmblock.com\\\/es\\\/?s={search_term_string}\"},\"query-input\":{\"@type\":\"PropertyValueSpecification\",\"valueRequired\":true,\"valueName\":\"search_term_string\"}}],\"inLanguage\":\"es\"},{\"@type\":\"Organization\",\"@id\":\"https:\\\/\\\/kmblock.com\\\/es\\\/#organization\",\"name\":\"Bloque KM\",\"url\":\"https:\\\/\\\/kmblock.com\\\/es\\\/\",\"logo\":{\"@type\":\"ImageObject\",\"inLanguage\":\"es\",\"@id\":\"https:\\\/\\\/kmblock.com\\\/es\\\/#\\\/schema\\\/logo\\\/image\\\/\",\"url\":\"https:\\\/\\\/kmblock.com\\\/wp-content\\\/uploads\\\/2024\\\/08\\\/main-logo.png\",\"contentUrl\":\"https:\\\/\\\/kmblock.com\\\/wp-content\\\/uploads\\\/2024\\\/08\\\/main-logo.png\",\"width\":186,\"height\":28,\"caption\":\"Bloque KM\"},\"image\":{\"@id\":\"https:\\\/\\\/kmblock.com\\\/es\\\/#\\\/schema\\\/logo\\\/image\\\/\"}}]}<\/script>\n<!-- \/ Yoast SEO plugin. -->","yoast_head_json":{"title":"Land Rover Discovery Mileage Blocker (KM stopper) \u2192 KM Block","description":"Buy a Land Rover Discovery Mileage Blocker for the Best Prices \u2713 Free Shipping \u2713 Incl. Installation Guides","robots":{"index":"index","follow":"follow","max-snippet":"max-snippet:-1","max-image-preview":"max-image-preview:large","max-video-preview":"max-video-preview:-1"},"og_locale":"es_ES","og_type":"article","og_title":"Land Rover Discovery Mileage Blocker (KM stopper) \u2192 KM Block","og_description":"Buy a Land Rover Discovery Mileage Blocker for the Best Prices \u2713 Free Shipping \u2713 Incl. Installation Guides","og_url":"https:\/\/kmblock.com\/es\/product\/land-rover-discovery\/","og_site_name":"KM Block","og_image":[{"width":800,"height":800,"url":"https:\/\/kmblock.com\/wp-content\/uploads\/2024\/09\/Land-Rover-Discovery-.jpg","type":"image\/jpeg"}],"twitter_card":"summary_large_image","twitter_misc":{"Tiempo de lectura":"3 minutos"},"schema":{"@context":"https:\/\/schema.org","@graph":[{"@type":"WebPage","@id":"https:\/\/kmblock.com\/es\/product\/land-rover-discovery\/","url":"https:\/\/kmblock.com\/es\/product\/land-rover-discovery\/","name":"Land Rover Discovery Mileage Blocker (KM stopper) \u2192 KM Block","isPartOf":{"@id":"https:\/\/kmblock.com\/es\/#website"},"primaryImageOfPage":{"@id":"https:\/\/kmblock.com\/es\/product\/land-rover-discovery\/#primaryimage"},"image":{"@id":"https:\/\/kmblock.com\/es\/product\/land-rover-discovery\/#primaryimage"},"thumbnailUrl":"https:\/\/kmblock.com\/wp-content\/uploads\/2024\/09\/Land-Rover-Discovery-.jpg","datePublished":"2024-09-22T12:13:19+00:00","description":"Buy a Land Rover Discovery Mileage Blocker for the Best Prices \u2713 Free Shipping \u2713 Incl. Installation Guides","breadcrumb":{"@id":"https:\/\/kmblock.com\/es\/product\/land-rover-discovery\/#breadcrumb"},"inLanguage":"es","potentialAction":[{"@type":"ReadAction","target":["https:\/\/kmblock.com\/es\/product\/land-rover-discovery\/"]}]},{"@type":"ImageObject","inLanguage":"es","@id":"https:\/\/kmblock.com\/es\/product\/land-rover-discovery\/#primaryimage","url":"https:\/\/kmblock.com\/wp-content\/uploads\/2024\/09\/Land-Rover-Discovery-.jpg","contentUrl":"https:\/\/kmblock.com\/wp-content\/uploads\/2024\/09\/Land-Rover-Discovery-.jpg","width":800,"height":800,"caption":"Land Rover Discovery"},{"@type":"BreadcrumbList","@id":"https:\/\/kmblock.com\/es\/product\/land-rover-discovery\/#breadcrumb","itemListElement":[{"@type":"ListItem","position":1,"name":"Inicio","item":"https:\/\/kmblock.com\/es\/"},{"@type":"ListItem","position":2,"name":"Productos","item":"https:\/\/kmblock.com\/es\/shop\/"},{"@type":"ListItem","position":3,"name":"Land Rover Discovery"}]},{"@type":"WebSite","@id":"https:\/\/kmblock.com\/es\/#website","url":"https:\/\/kmblock.com\/es\/","name":"KM Block","description":"","publisher":{"@id":"https:\/\/kmblock.com\/es\/#organization"},"potentialAction":[{"@type":"SearchAction","target":{"@type":"EntryPoint","urlTemplate":"https:\/\/kmblock.com\/es\/?s={search_term_string}"},"query-input":{"@type":"PropertyValueSpecification","valueRequired":true,"valueName":"search_term_string"}}],"inLanguage":"es"},{"@type":"Organization","@id":"https:\/\/kmblock.com\/es\/#organization","name":"Bloque KM","url":"https:\/\/kmblock.com\/es\/","logo":{"@type":"ImageObject","inLanguage":"es","@id":"https:\/\/kmblock.com\/es\/#\/schema\/logo\/image\/","url":"https:\/\/kmblock.com\/wp-content\/uploads\/2024\/08\/main-logo.png","contentUrl":"https:\/\/kmblock.com\/wp-content\/uploads\/2024\/08\/main-logo.png","width":186,"height":28,"caption":"Bloque KM"},"image":{"@id":"https:\/\/kmblock.com\/es\/#\/schema\/logo\/image\/"}}]}},"_links":{"self":[{"href":"https:\/\/kmblock.com\/es\/wp-json\/wp\/v2\/product\/9193","targetHints":{"allow":["GET"]}}],"collection":[{"href":"https:\/\/kmblock.com\/es\/wp-json\/wp\/v2\/product"}],"about":[{"href":"https:\/\/kmblock.com\/es\/wp-json\/wp\/v2\/types\/product"}],"replies":[{"embeddable":true,"href":"https:\/\/kmblock.com\/es\/wp-json\/wp\/v2\/comments?post=9193"}],"wp:featuredmedia":[{"embeddable":true,"href":"https:\/\/kmblock.com\/es\/wp-json\/wp\/v2\/media\/812"}],"wp:attachment":[{"href":"https:\/\/kmblock.com\/es\/wp-json\/wp\/v2\/media?parent=9193"}],"wp:term":[{"taxonomy":"product_brand","embeddable":true,"href":"https:\/\/kmblock.com\/es\/wp-json\/wp\/v2\/product_brand?post=9193"},{"taxonomy":"product_cat","embeddable":true,"href":"https:\/\/kmblock.com\/es\/wp-json\/wp\/v2\/product_cat?post=9193"},{"taxonomy":"product_tag","embeddable":true,"href":"https:\/\/kmblock.com\/es\/wp-json\/wp\/v2\/product_tag?post=9193"}],"curies":[{"name":"wp","href":"https:\/\/api.w.org\/{rel}","templated":true}]}}