{"id":9173,"date":"2024-09-21T16:25:52","date_gmt":"2024-09-21T16:25:52","guid":{"rendered":"https:\/\/kmblock.com\/product\/jaguar-f-pace-x761\/"},"modified":"2025-11-26T01:35:06","modified_gmt":"2025-11-26T01:35:06","slug":"jaguar-f-pace-x761","status":"publish","type":"product","link":"https:\/\/kmblock.com\/es\/product\/jaguar-f-pace-x761\/","title":{"rendered":"Jaguar F-Pace (X761)"},"content":{"rendered":"<div class=\"flex max-w-full flex-col flex-grow\">\n<div class=\"min-h-[20px] text-message flex w-full flex-col items-end gap-2 whitespace-normal break-words [.text-message+&amp;]:mt-5\" dir=\"auto\" data-message-author-role=\"assistant\" data-message-id=\"486fbb14-d9b0-4abf-8aac-69dd9ef3f888\">\n<div class=\"flex w-full flex-col gap-1 empty:hidden first:pt-[3px]\">\n<div class=\"markdown prose w-full break-words dark:prose-invert dark\">\n<div class=\"flex max-w-full flex-col flex-grow\">\n<div class=\"min-h-[20px] text-message flex w-full flex-col items-end gap-2 whitespace-normal break-words [.text-message+&amp;]:mt-5\" dir=\"auto\" data-message-author-role=\"assistant\" data-message-id=\"583787e4-ced2-4497-934b-fd13934d3b5f\">\n<div class=\"flex w-full flex-col gap-1 empty:hidden first:pt-[3px]\">\n<div class=\"markdown prose w-full break-words dark:prose-invert dark\">\n<h3><strong>BLOQUEADOR DE KILOMETRAJE PARA JAGUAR F-PACE (X761)<\/strong><\/h3>\n<p>El <g id=\"gid_0\">bloqueador de cuentakil\u00f3metros del Jaguar F-Pace (X761<\/g> ) tambi\u00e9n se conoce como <g id=\"gid_1\">bloqueador de cuentakil\u00f3metros<\/g>, <g id=\"gid_2\">bloqueador de cuentakil\u00f3metros<\/g>, <strong>bloqueador de latas<\/strong>, <strong>bloqueador de cuentakil\u00f3metros<\/strong>, <strong>cuentakil\u00f3metros de viaje<\/strong>, <strong>filtro de latas<\/strong> y, en algunos casos, <strong>herramienta de correcci\u00f3n de cuentakil\u00f3metros<\/strong>.    <\/p>\n<p><strong>ESTE DISPOSITIVO ES ADECUADO PARA TODOS LOS MODELOS JAGUAR F-PACE (X761) LANZADOS DESDE 2017<\/strong><\/p>\n<hr>\n<h3><strong>ESPECIFICACIONES<\/strong><\/h3>\n<ul>\n<li><strong>Instalaci\u00f3n \u00abhazlo t\u00fa mismo\u00bb:<\/strong> Instalaci\u00f3n sencilla que puedes hacer t\u00fa mismo, sin necesidad de ayuda profesional.<\/li>\n<li><strong>Activaci\u00f3n en movimiento:<\/strong> Se puede activar y desactivar f\u00e1cilmente mientras conduces.<\/li>\n<li><strong>Sin rastros:<\/strong> No es necesario soldar, cortar cables ni hacer modificaciones permanentes.<\/li>\n<li><strong>Calidad superior:<\/strong> Viene con enchufes de alta calidad y cables resistentes al calor.<\/li>\n<li><strong>F\u00e1cil manejo:<\/strong> Se controla mediante combinaciones de teclas preestablecidas.<\/li>\n<li><strong>No hay saltos de kilometraje:<\/strong> Tras la retirada, el kilometraje no aumenta autom\u00e1ticamente.<\/li>\n<li><strong>Indetectables:<\/strong> Las herramientas de diagn\u00f3stico no pueden detectar el kilometraje alterado.<\/li>\n<li><strong>Retenci\u00f3n de ajustes:<\/strong> Una vez configurados, los ajustes se guardan incondicionalmente.<\/li>\n<li><strong>Compatibilidad total del sistema:<\/strong> El veloc\u00edmetro y todos los sistemas de asistencia funcionan sin problemas.<\/li>\n<li><strong>Pantalla sin errores:<\/strong> No aparecer\u00e1n mensajes de error en el veloc\u00edmetro ni en el panel de navegaci\u00f3n.<\/li>\n<li><strong>Instalaci\u00f3n sin problemas:<\/strong> La cara de acoplamiento y los rebordes del conector garantizan una instalaci\u00f3n sin fisuras.<\/li>\n<li><strong>Precisi\u00f3n:<\/strong> Permite una desviaci\u00f3n de hasta el 1% de la distancia recorrida en el modo de alteraci\u00f3n de kilometraje.<\/li>\n<\/ul>\n<hr>\n<h3><strong>ACTIVACI\u00d3N Y DESACTIVACI\u00d3N<\/strong><\/h3>\n<p>Se enciende manteniendo pulsado el bot\u00f3n de silencio durante 7 segundos. No da se\u00f1al pero est\u00e1 encendido. <\/p>\n<p><strong>Modo Activado:<\/strong> cuenta el 0% de los kil\u00f3metros. Todo funciona correctamente. <\/p>\n<p><strong>Modo Apagado:<\/strong> cuenta el 100% del kilometraje. Todo funciona bien\u00bb. <\/p>\n<hr>\n<h3><strong>CARACTER\u00cdSTICAS ADICIONALES<\/strong><\/h3>\n<ul>\n<li>El dispositivo puede activarse o desactivarse tanto si el veh\u00edculo est\u00e1 en movimiento como si est\u00e1 parado.<\/li>\n<\/ul>\n<hr>\n<h3><strong>\u00bfQu\u00e9 es un bloqueador del cuentakil\u00f3metros o herramienta de correcci\u00f3n del kilometraje del Jaguar F-Pace?<\/strong><\/h3>\n<p>El <strong>bloqueador de kilometraje<\/strong> (o bloqueador de cuentakil\u00f3metros) <strong>del Jaguar F-Pace<\/strong> est\u00e1 dise\u00f1ado para detener la acumulaci\u00f3n de kilometraje durante las pruebas de rendimiento. Disponible a trav\u00e9s de <g id=\"gid_1\">KM Block<\/g>, este m\u00f3dulo est\u00e1 fabricado con componentes originales y software personalizado para funcionar perfectamente con tu modelo espec\u00edfico, tanto si el cuentakil\u00f3metros marca en millas como en kil\u00f3metros. El Bloqueador de Kilometraje es compatible con motores di\u00e9sel, de gasolina, veh\u00edculos el\u00e9ctricos h\u00edbridos enchufables (PHEV) y coches el\u00e9ctricos.  <\/p>\n<p><strong>Nota importante:<\/strong> No vendemos <strong>herramientas de correcci\u00f3n del kilometraje<\/strong> para el Jaguar F-Pace, ya que est\u00e1n destinadas a fines fraudulentos. Dichas herramientas pueden eliminar el kilometraje de los cuentakil\u00f3metros, pero los veh\u00edculos almacenan los datos en varias unidades, y estas herramientas de correcci\u00f3n a menudo no consiguen borrar completamente el kilometraje. <\/p>\n<p>Ofrecemos una amplia gama de Antirrevoluciones para varios veh\u00edculos, todos ellos con un proceso de instalaci\u00f3n sencillo que no requiere conocimientos avanzados de mantenimiento del veh\u00edculo. Basta con conectar el dispositivo entre el veloc\u00edmetro y el cuadro de instrumentos para disfrutar de las ventajas de esta herramienta \u00fanica. <\/p>\n<hr>\n<p>El <strong>bloqueador de kilometraje del Jaguar F-Pace<\/strong> es una soluci\u00f3n fiable y eficaz para comprobar el rendimiento de tu veh\u00edculo sin afectar al kilometraje mostrado.<\/p>\n<\/div>\n<\/div>\n<\/div>\n<\/div>\n<\/div>\n<\/div>\n<\/div>\n<\/div>\n","protected":false},"excerpt":{"rendered":"<div class=\"flex-shrink-0 flex flex-col relative items-end\">\n<div class=\"pt-0\">\n<div class=\"gizmo-bot-avatar flex h-8 w-8 items-center justify-center overflow-hidden rounded-full\">\n<div class=\"relative p-1 rounded-sm flex items-center justify-center bg-token-main-surface-primary text-token-text-primary h-8 w-8\">\n<p>Antes de hacer el pedido, lee los siguientes detalles importantes sobre la activaci\u00f3n del m\u00f3dulo, los mensajes de error y la funcionalidad.<\/p>\n<p><strong>ESTE DISPOSITIVO ES ADECUADO PARA TODOS LOS MODELOS JAGUAR F-PACE (X761) LANZADOS DESDE 2017.  <\/strong>Inst\u00e1lalo t\u00fa mismo sin necesidad de ayuda profesional. Las herramientas de diagn\u00f3stico no pueden detectar el dispositivo. Se puede activar en movimiento o parado. Viene con enchufes de primera calidad y cables resistentes al calor para mayor durabilidad. El veloc\u00edmetro y los programas de asistencia funcionan perfectamente en todos los modos. Disponible para las versiones Facelift y Pre-Facelift.     <\/p>\n<p class=\"p1\"><b> \u2705 Integraci\u00f3n perfecta<\/b><b><\/b><\/p>\n<p class=\"p1\">\u2705<b> F\u00e1cil instalaci\u00f3n<\/b><b><\/b><\/p>\n<p class=\"p1\">\u2705<b> Gesti\u00f3n precisa del kilometraje<\/b><b><\/b><\/p>\n<p class=\"p1\"><b> \u2705 Funcionamiento en modo oculto<\/b><b><\/b><\/p>\n<p class=\"p1\"><span class=\"s1\">\u2705<\/span><b> Soporte y actualizaciones de por vida<\/b><\/p>\n<p>&nbsp;<\/p>\n<\/div>\n<\/div>\n<\/div>\n<\/div>\n","protected":false},"featured_media":780,"comment_status":"open","ping_status":"closed","template":"","meta":[],"product_brand":[],"product_cat":[866],"product_tag":[],"class_list":{"0":"post-9173","1":"product","2":"type-product","3":"status-publish","4":"has-post-thumbnail","6":"product_cat-jaguar","8":"first","9":"instock","10":"taxable","11":"shipping-taxable","12":"purchasable","13":"product-type-variable"},"yoast_head":"<!-- This site is optimized with the Yoast SEO plugin v27.5 - https:\/\/yoast.com\/product\/yoast-seo-wordpress\/ -->\n<title>Jaguar F-Pace (X761) Mileage Blocker (KM stopper) \u2192 KM Block<\/title>\n<meta name=\"description\" content=\"Buy a Jaguar F-Pace (X761) Mileage Blocker for the Best Prices \u2713 Free Shipping \u2713 Incl. Installation Guides\" \/>\n<meta name=\"robots\" content=\"index, follow, max-snippet:-1, max-image-preview:large, max-video-preview:-1\" \/>\n<meta property=\"og:locale\" content=\"es_ES\" \/>\n<meta property=\"og:type\" content=\"article\" \/>\n<meta property=\"og:title\" content=\"Jaguar F-Pace (X761) Mileage Blocker (KM stopper) \u2192 KM Block\" \/>\n<meta property=\"og:description\" content=\"Buy a Jaguar F-Pace (X761) Mileage Blocker for the Best Prices \u2713 Free Shipping \u2713 Incl. Installation Guides\" \/>\n<meta property=\"og:url\" content=\"https:\/\/kmblock.com\/es\/product\/jaguar-f-pace-x761\/\" \/>\n<meta property=\"og:site_name\" content=\"KM Block\" \/>\n<meta property=\"article:modified_time\" content=\"2025-11-26T01:35:06+00:00\" \/>\n<meta property=\"og:image\" content=\"https:\/\/kmblock.com\/wp-content\/uploads\/2024\/09\/Jaguar-F-Pace-X761.jpg\" \/>\n\t<meta property=\"og:image:width\" content=\"800\" \/>\n\t<meta property=\"og:image:height\" content=\"800\" \/>\n\t<meta property=\"og:image:type\" content=\"image\/jpeg\" \/>\n<meta name=\"twitter:card\" content=\"summary_large_image\" \/>\n<meta name=\"twitter:label1\" content=\"Tiempo de lectura\" \/>\n\t<meta name=\"twitter:data1\" content=\"3 minutos\" \/>\n<script type=\"application\/ld+json\" class=\"yoast-schema-graph\">{\"@context\":\"https:\\\/\\\/schema.org\",\"@graph\":[{\"@type\":\"WebPage\",\"@id\":\"https:\\\/\\\/kmblock.com\\\/es\\\/product\\\/jaguar-f-pace-x761\\\/\",\"url\":\"https:\\\/\\\/kmblock.com\\\/es\\\/product\\\/jaguar-f-pace-x761\\\/\",\"name\":\"Jaguar F-Pace (X761) Mileage Blocker (KM stopper) \u2192 KM Block\",\"isPartOf\":{\"@id\":\"https:\\\/\\\/kmblock.com\\\/es\\\/#website\"},\"primaryImageOfPage\":{\"@id\":\"https:\\\/\\\/kmblock.com\\\/es\\\/product\\\/jaguar-f-pace-x761\\\/#primaryimage\"},\"image\":{\"@id\":\"https:\\\/\\\/kmblock.com\\\/es\\\/product\\\/jaguar-f-pace-x761\\\/#primaryimage\"},\"thumbnailUrl\":\"https:\\\/\\\/kmblock.com\\\/wp-content\\\/uploads\\\/2024\\\/09\\\/Jaguar-F-Pace-X761.jpg\",\"datePublished\":\"2024-09-21T16:25:52+00:00\",\"dateModified\":\"2025-11-26T01:35:06+00:00\",\"description\":\"Buy a Jaguar F-Pace (X761) Mileage Blocker for the Best Prices \u2713 Free Shipping \u2713 Incl. Installation Guides\",\"breadcrumb\":{\"@id\":\"https:\\\/\\\/kmblock.com\\\/es\\\/product\\\/jaguar-f-pace-x761\\\/#breadcrumb\"},\"inLanguage\":\"es\",\"potentialAction\":[{\"@type\":\"ReadAction\",\"target\":[\"https:\\\/\\\/kmblock.com\\\/es\\\/product\\\/jaguar-f-pace-x761\\\/\"]}]},{\"@type\":\"ImageObject\",\"inLanguage\":\"es\",\"@id\":\"https:\\\/\\\/kmblock.com\\\/es\\\/product\\\/jaguar-f-pace-x761\\\/#primaryimage\",\"url\":\"https:\\\/\\\/kmblock.com\\\/wp-content\\\/uploads\\\/2024\\\/09\\\/Jaguar-F-Pace-X761.jpg\",\"contentUrl\":\"https:\\\/\\\/kmblock.com\\\/wp-content\\\/uploads\\\/2024\\\/09\\\/Jaguar-F-Pace-X761.jpg\",\"width\":800,\"height\":800,\"caption\":\"Jaguar F-Pace (X761)\"},{\"@type\":\"BreadcrumbList\",\"@id\":\"https:\\\/\\\/kmblock.com\\\/es\\\/product\\\/jaguar-f-pace-x761\\\/#breadcrumb\",\"itemListElement\":[{\"@type\":\"ListItem\",\"position\":1,\"name\":\"Inicio\",\"item\":\"https:\\\/\\\/kmblock.com\\\/es\\\/\"},{\"@type\":\"ListItem\",\"position\":2,\"name\":\"Productos\",\"item\":\"https:\\\/\\\/kmblock.com\\\/es\\\/shop\\\/\"},{\"@type\":\"ListItem\",\"position\":3,\"name\":\"Jaguar F-Pace (X761)\"}]},{\"@type\":\"WebSite\",\"@id\":\"https:\\\/\\\/kmblock.com\\\/es\\\/#website\",\"url\":\"https:\\\/\\\/kmblock.com\\\/es\\\/\",\"name\":\"KM Block\",\"description\":\"\",\"publisher\":{\"@id\":\"https:\\\/\\\/kmblock.com\\\/es\\\/#organization\"},\"potentialAction\":[{\"@type\":\"SearchAction\",\"target\":{\"@type\":\"EntryPoint\",\"urlTemplate\":\"https:\\\/\\\/kmblock.com\\\/es\\\/?s={search_term_string}\"},\"query-input\":{\"@type\":\"PropertyValueSpecification\",\"valueRequired\":true,\"valueName\":\"search_term_string\"}}],\"inLanguage\":\"es\"},{\"@type\":\"Organization\",\"@id\":\"https:\\\/\\\/kmblock.com\\\/es\\\/#organization\",\"name\":\"Bloque KM\",\"url\":\"https:\\\/\\\/kmblock.com\\\/es\\\/\",\"logo\":{\"@type\":\"ImageObject\",\"inLanguage\":\"es\",\"@id\":\"https:\\\/\\\/kmblock.com\\\/es\\\/#\\\/schema\\\/logo\\\/image\\\/\",\"url\":\"https:\\\/\\\/kmblock.com\\\/wp-content\\\/uploads\\\/2024\\\/08\\\/main-logo.png\",\"contentUrl\":\"https:\\\/\\\/kmblock.com\\\/wp-content\\\/uploads\\\/2024\\\/08\\\/main-logo.png\",\"width\":186,\"height\":28,\"caption\":\"Bloque KM\"},\"image\":{\"@id\":\"https:\\\/\\\/kmblock.com\\\/es\\\/#\\\/schema\\\/logo\\\/image\\\/\"}}]}<\/script>\n<!-- \/ Yoast SEO plugin. -->","yoast_head_json":{"title":"Jaguar F-Pace (X761) Mileage Blocker (KM stopper) \u2192 KM Block","description":"Buy a Jaguar F-Pace (X761) Mileage Blocker for the Best Prices \u2713 Free Shipping \u2713 Incl. Installation Guides","robots":{"index":"index","follow":"follow","max-snippet":"max-snippet:-1","max-image-preview":"max-image-preview:large","max-video-preview":"max-video-preview:-1"},"og_locale":"es_ES","og_type":"article","og_title":"Jaguar F-Pace (X761) Mileage Blocker (KM stopper) \u2192 KM Block","og_description":"Buy a Jaguar F-Pace (X761) Mileage Blocker for the Best Prices \u2713 Free Shipping \u2713 Incl. Installation Guides","og_url":"https:\/\/kmblock.com\/es\/product\/jaguar-f-pace-x761\/","og_site_name":"KM Block","article_modified_time":"2025-11-26T01:35:06+00:00","og_image":[{"width":800,"height":800,"url":"https:\/\/kmblock.com\/wp-content\/uploads\/2024\/09\/Jaguar-F-Pace-X761.jpg","type":"image\/jpeg"}],"twitter_card":"summary_large_image","twitter_misc":{"Tiempo de lectura":"3 minutos"},"schema":{"@context":"https:\/\/schema.org","@graph":[{"@type":"WebPage","@id":"https:\/\/kmblock.com\/es\/product\/jaguar-f-pace-x761\/","url":"https:\/\/kmblock.com\/es\/product\/jaguar-f-pace-x761\/","name":"Jaguar F-Pace (X761) Mileage Blocker (KM stopper) \u2192 KM Block","isPartOf":{"@id":"https:\/\/kmblock.com\/es\/#website"},"primaryImageOfPage":{"@id":"https:\/\/kmblock.com\/es\/product\/jaguar-f-pace-x761\/#primaryimage"},"image":{"@id":"https:\/\/kmblock.com\/es\/product\/jaguar-f-pace-x761\/#primaryimage"},"thumbnailUrl":"https:\/\/kmblock.com\/wp-content\/uploads\/2024\/09\/Jaguar-F-Pace-X761.jpg","datePublished":"2024-09-21T16:25:52+00:00","dateModified":"2025-11-26T01:35:06+00:00","description":"Buy a Jaguar F-Pace (X761) Mileage Blocker for the Best Prices \u2713 Free Shipping \u2713 Incl. Installation Guides","breadcrumb":{"@id":"https:\/\/kmblock.com\/es\/product\/jaguar-f-pace-x761\/#breadcrumb"},"inLanguage":"es","potentialAction":[{"@type":"ReadAction","target":["https:\/\/kmblock.com\/es\/product\/jaguar-f-pace-x761\/"]}]},{"@type":"ImageObject","inLanguage":"es","@id":"https:\/\/kmblock.com\/es\/product\/jaguar-f-pace-x761\/#primaryimage","url":"https:\/\/kmblock.com\/wp-content\/uploads\/2024\/09\/Jaguar-F-Pace-X761.jpg","contentUrl":"https:\/\/kmblock.com\/wp-content\/uploads\/2024\/09\/Jaguar-F-Pace-X761.jpg","width":800,"height":800,"caption":"Jaguar F-Pace (X761)"},{"@type":"BreadcrumbList","@id":"https:\/\/kmblock.com\/es\/product\/jaguar-f-pace-x761\/#breadcrumb","itemListElement":[{"@type":"ListItem","position":1,"name":"Inicio","item":"https:\/\/kmblock.com\/es\/"},{"@type":"ListItem","position":2,"name":"Productos","item":"https:\/\/kmblock.com\/es\/shop\/"},{"@type":"ListItem","position":3,"name":"Jaguar F-Pace (X761)"}]},{"@type":"WebSite","@id":"https:\/\/kmblock.com\/es\/#website","url":"https:\/\/kmblock.com\/es\/","name":"KM Block","description":"","publisher":{"@id":"https:\/\/kmblock.com\/es\/#organization"},"potentialAction":[{"@type":"SearchAction","target":{"@type":"EntryPoint","urlTemplate":"https:\/\/kmblock.com\/es\/?s={search_term_string}"},"query-input":{"@type":"PropertyValueSpecification","valueRequired":true,"valueName":"search_term_string"}}],"inLanguage":"es"},{"@type":"Organization","@id":"https:\/\/kmblock.com\/es\/#organization","name":"Bloque KM","url":"https:\/\/kmblock.com\/es\/","logo":{"@type":"ImageObject","inLanguage":"es","@id":"https:\/\/kmblock.com\/es\/#\/schema\/logo\/image\/","url":"https:\/\/kmblock.com\/wp-content\/uploads\/2024\/08\/main-logo.png","contentUrl":"https:\/\/kmblock.com\/wp-content\/uploads\/2024\/08\/main-logo.png","width":186,"height":28,"caption":"Bloque KM"},"image":{"@id":"https:\/\/kmblock.com\/es\/#\/schema\/logo\/image\/"}}]}},"_links":{"self":[{"href":"https:\/\/kmblock.com\/es\/wp-json\/wp\/v2\/product\/9173","targetHints":{"allow":["GET"]}}],"collection":[{"href":"https:\/\/kmblock.com\/es\/wp-json\/wp\/v2\/product"}],"about":[{"href":"https:\/\/kmblock.com\/es\/wp-json\/wp\/v2\/types\/product"}],"replies":[{"embeddable":true,"href":"https:\/\/kmblock.com\/es\/wp-json\/wp\/v2\/comments?post=9173"}],"wp:featuredmedia":[{"embeddable":true,"href":"https:\/\/kmblock.com\/es\/wp-json\/wp\/v2\/media\/780"}],"wp:attachment":[{"href":"https:\/\/kmblock.com\/es\/wp-json\/wp\/v2\/media?parent=9173"}],"wp:term":[{"taxonomy":"product_brand","embeddable":true,"href":"https:\/\/kmblock.com\/es\/wp-json\/wp\/v2\/product_brand?post=9173"},{"taxonomy":"product_cat","embeddable":true,"href":"https:\/\/kmblock.com\/es\/wp-json\/wp\/v2\/product_cat?post=9173"},{"taxonomy":"product_tag","embeddable":true,"href":"https:\/\/kmblock.com\/es\/wp-json\/wp\/v2\/product_tag?post=9173"}],"curies":[{"name":"wp","href":"https:\/\/api.w.org\/{rel}","templated":true}]}}