{"id":9154,"date":"2024-09-21T16:34:48","date_gmt":"2024-09-21T16:34:48","guid":{"rendered":"https:\/\/kmblock.com\/product\/jaguar-f-type-c-x16\/"},"modified":"2024-09-21T16:34:48","modified_gmt":"2024-09-21T16:34:48","slug":"jaguar-f-type-c-x16","status":"publish","type":"product","link":"https:\/\/kmblock.com\/es\/product\/jaguar-f-type-c-x16\/","title":{"rendered":"Jaguar F-Type (C-X16)"},"content":{"rendered":"<div class=\"flex max-w-full flex-col flex-grow\">\n<div class=\"min-h-[20px] text-message flex w-full flex-col items-end gap-2 whitespace-normal break-words [.text-message+&amp;]:mt-5\" dir=\"auto\" data-message-author-role=\"assistant\" data-message-id=\"486fbb14-d9b0-4abf-8aac-69dd9ef3f888\">\n<div class=\"flex w-full flex-col gap-1 empty:hidden first:pt-[3px]\">\n<div class=\"markdown prose w-full break-words dark:prose-invert dark\">\n<div class=\"flex max-w-full flex-col flex-grow\">\n<div class=\"min-h-[20px] text-message flex w-full flex-col items-end gap-2 whitespace-normal break-words [.text-message+&amp;]:mt-5\" dir=\"auto\" data-message-author-role=\"assistant\" data-message-id=\"583787e4-ced2-4497-934b-fd13934d3b5f\">\n<div class=\"flex w-full flex-col gap-1 empty:hidden first:pt-[3px]\">\n<div class=\"markdown prose w-full break-words dark:prose-invert dark\">\n<h3>BLOQUEADOR DE KILOMETRAJE PARA JAGUAR F-TYPE (C-X16)<\/h3>\n<p>El <strong>bloqueador de cuentakil\u00f3metros Jaguar<\/strong> <strong>F-TYPE (C-X16<\/strong> ), tambi\u00e9n conocido como <strong>bloqueador de cuentakil\u00f3metros<\/strong>, <g id=\"gid_3\">bloqueador de<\/g> <strong>cuentakil\u00f3metros<\/strong>, <g id=\"gid_3\">bloqueador de latas<\/g>, <strong>bloqueador de cuentakil\u00f3metros<\/strong>, <strong>cuentakil\u00f3metros de viaje<\/strong>, <strong>filtro de latas<\/strong> y, ocasionalmente, como <strong>herramienta de correcci\u00f3n de cuentakil\u00f3metros<\/strong>, est\u00e1 dise\u00f1ado espec\u00edficamente para los modelos <strong>Jaguar F-TYPE (C-X16)<\/strong> comercializados entre <strong>2017 y 2020<\/strong>.      <\/p>\n<h4>ESPECIFICACIONES:<\/h4>\n<ul>\n<li><strong>Instalaci\u00f3n DIY (hazlo t\u00fa mismo<\/strong> ) &#8211; no se necesita ayuda profesional<\/li>\n<li><strong>Activar\/Desactivar en movimiento<\/strong> sin dejar huellas<\/li>\n<li><strong>No<\/strong> es necesario <strong>soldar ni cortar<\/strong> <\/li>\n<li>Viene con <strong>enchufes de primera calidad<\/strong> y <strong>cables resistentes al calor<\/strong><\/li>\n<li>Se maneja con <strong>sencillas combinaciones de teclas<\/strong><\/li>\n<li>El <strong>kilometraje no aumenta<\/strong> despu\u00e9s de retirar el m\u00f3dulo<\/li>\n<li><strong>Los comprobadores de diagn\u00f3stico no pueden detectar<\/strong> el kilometraje alterado<\/li>\n<li><strong>Ajustes guardados permanentemente<\/strong> tras la configuraci\u00f3n<\/li>\n<li><strong>El veloc\u00edmetro y los sistemas de asistencia funcionan a la perfecci\u00f3n<\/strong><\/li>\n<li>No hay <strong>mensajes de error<\/strong> en el veloc\u00edmetro ni en el panel de navegaci\u00f3n<\/li>\n<li><strong>Instalaci\u00f3n suave<\/strong> con conectores estriados<\/li>\n<li><strong>Desviaci\u00f3n<\/strong> del kilometraje hasta un 1% al modificar el kilometraje<\/li>\n<\/ul>\n<h4>ACTIVACI\u00d3N Y DESACTIVACI\u00d3N (Modelos Pre-Facelift):<\/h4>\n<p>\u00bb Se enciende manteniendo pulsado el bot\u00f3n de silencio durante 7 segundos. No da se\u00f1al pero est\u00e1 encendido. <\/p>\n<p><strong>Modo Activado:<\/strong> cuenta el 0% de los kil\u00f3metros. Todo funciona correctamente. <\/p>\n<p><strong>Modo Apagado:<\/strong> cuenta el 100% del kilometraje. Todo funciona bien\u00bb. <\/p>\n<hr>\n<h3>\u00bfQu\u00e9 es el bloqueador del cuentakil\u00f3metros o herramienta de correcci\u00f3n del kilometraje del Jaguar F-TYPE (C-X16)?<\/h3>\n<p>El <strong>bloqueador de cuentakil\u00f3metros del Jaguar F-TYPE<\/strong> est\u00e1 dise\u00f1ado para detener el cuentakil\u00f3metros cuando se comprueban las prestaciones del veh\u00edculo. Disponible en <strong>KM Block<\/strong>, este m\u00f3dulo est\u00e1 fabricado con componentes de alta calidad y funciona perfectamente independientemente de si el cuentakil\u00f3metros marca en <strong>millas<\/strong> o en <strong>kil\u00f3metros<\/strong>. Compatible con <strong>veh\u00edculos di\u00e9sel, gasolina, h\u00edbridos y el\u00e9ctricos<\/strong>, el software est\u00e1 programado a medida para cada modelo para garantizar un funcionamiento impecable.  <\/p>\n<h4>Aviso importante:<\/h4>\n<p>No vendemos <strong>Herramientas de Correcci\u00f3n<\/strong> del Kilometraje con fines enga\u00f1osos, ya que estas herramientas s\u00f3lo eliminan las cifras de kilometraje de los cuentakil\u00f3metros. Estos dispositivos no pueden invertir totalmente el kilometraje, ya que los coches tienen varias unidades de almacenamiento de datos. <\/p>\n<p>Ofrecemos <strong>dispositivos Mileage Stopper<\/strong> para una amplia gama de veh\u00edculos, y su instalaci\u00f3n es sencilla. Basta con conectar el dispositivo entre el puerto del veloc\u00edmetro y el cuadro de instrumentos para experimentar todas las ventajas de este m\u00f3dulo. El <strong>Bloqueador de Kilometraje del Jaguar F-TYPE<\/strong> puede activarse o desactivarse en cualquier momento, independientemente de si el coche est\u00e1 en movimiento o parado.  <\/p>\n<\/div>\n<\/div>\n<\/div>\n<\/div>\n<\/div>\n<\/div>\n<\/div>\n<\/div>\n","protected":false},"excerpt":{"rendered":"<div class=\"flex-shrink-0 flex flex-col relative items-end\">\n<div class=\"pt-0\">\n<div class=\"gizmo-bot-avatar flex h-8 w-8 items-center justify-center overflow-hidden rounded-full\">\n<div class=\"relative p-1 rounded-sm flex items-center justify-center bg-token-main-surface-primary text-token-text-primary h-8 w-8\">\n<p>Antes de hacer el pedido, lee los siguientes detalles importantes sobre la activaci\u00f3n del m\u00f3dulo, los mensajes de error y la funcionalidad.<\/p>\n<p><strong>ESTE DISPOSITIVO ES ADECUADO PARA TODOS LOS MODELOS JAGUAR F-TYPE (C-X16) LANZADOS DESDE 2017-2020.  <\/strong>Instalaci\u00f3n DIY &#8211; no requiere ayuda profesional, no puede ser detectado por los comprobadores de diagn\u00f3stico. Se puede activar\/desactivar en movimiento. Equipado con enchufes de primera calidad y cables resistentes al calor. El veloc\u00edmetro y los programas de asistencia siguen funcionando a la perfecci\u00f3n, Disponible para las versiones Facelift y Pre-Facelift.   <\/p>\n<p class=\"p1\"><b> \u2705 Integraci\u00f3n perfecta<\/b><b><\/b><\/p>\n<p class=\"p1\">\u2705<b> F\u00e1cil instalaci\u00f3n<\/b><b><\/b><\/p>\n<p class=\"p1\">\u2705<b> Gesti\u00f3n precisa del kilometraje<\/b><b><\/b><\/p>\n<p class=\"p1\"><b> \u2705 Funcionamiento en modo oculto<\/b><b><\/b><\/p>\n<p class=\"p1\"><span class=\"s1\">\u2705<\/span><b> Soporte y actualizaciones de por vida<\/b><\/p>\n<\/div>\n<\/div>\n<\/div>\n<\/div>\n","protected":false},"featured_media":782,"comment_status":"open","ping_status":"closed","template":"","meta":[],"product_brand":[],"product_cat":[866],"product_tag":[],"class_list":{"0":"post-9154","1":"product","2":"type-product","3":"status-publish","4":"has-post-thumbnail","6":"product_cat-jaguar","8":"first","9":"instock","10":"taxable","11":"shipping-taxable","12":"purchasable","13":"product-type-variable"},"yoast_head":"<!-- This site is optimized with the Yoast SEO plugin v27.5 - https:\/\/yoast.com\/product\/yoast-seo-wordpress\/ -->\n<title>Jaguar F-Type (C-X16) Mileage Blocker (KM stopper) \u2192 KM Block<\/title>\n<meta name=\"description\" content=\"Buy a Jaguar F-Type (C-X16) Mileage Blocker for the Best Prices \u2713 Free Shipping \u2713 Incl. Installation Guides\" \/>\n<meta name=\"robots\" content=\"index, follow, max-snippet:-1, max-image-preview:large, max-video-preview:-1\" \/>\n<meta property=\"og:locale\" content=\"es_ES\" \/>\n<meta property=\"og:type\" content=\"article\" \/>\n<meta property=\"og:title\" content=\"Jaguar F-Type (C-X16) Mileage Blocker (KM stopper) \u2192 KM Block\" \/>\n<meta property=\"og:description\" content=\"Buy a Jaguar F-Type (C-X16) Mileage Blocker for the Best Prices \u2713 Free Shipping \u2713 Incl. Installation Guides\" \/>\n<meta property=\"og:url\" content=\"https:\/\/kmblock.com\/es\/product\/jaguar-f-type-c-x16\/\" \/>\n<meta property=\"og:site_name\" content=\"KM Block\" \/>\n<meta property=\"og:image\" content=\"https:\/\/kmblock.com\/wp-content\/uploads\/2024\/09\/Jaguar-F-Type-C-X16.jpg\" \/>\n\t<meta property=\"og:image:width\" content=\"800\" \/>\n\t<meta property=\"og:image:height\" content=\"800\" \/>\n\t<meta property=\"og:image:type\" content=\"image\/jpeg\" \/>\n<meta name=\"twitter:card\" content=\"summary_large_image\" \/>\n<meta name=\"twitter:label1\" content=\"Tiempo de lectura\" \/>\n\t<meta name=\"twitter:data1\" content=\"2 minutos\" \/>\n<script type=\"application\/ld+json\" class=\"yoast-schema-graph\">{\"@context\":\"https:\\\/\\\/schema.org\",\"@graph\":[{\"@type\":\"WebPage\",\"@id\":\"https:\\\/\\\/kmblock.com\\\/es\\\/product\\\/jaguar-f-type-c-x16\\\/\",\"url\":\"https:\\\/\\\/kmblock.com\\\/es\\\/product\\\/jaguar-f-type-c-x16\\\/\",\"name\":\"Jaguar F-Type (C-X16) Mileage Blocker (KM stopper) \u2192 KM Block\",\"isPartOf\":{\"@id\":\"https:\\\/\\\/kmblock.com\\\/es\\\/#website\"},\"primaryImageOfPage\":{\"@id\":\"https:\\\/\\\/kmblock.com\\\/es\\\/product\\\/jaguar-f-type-c-x16\\\/#primaryimage\"},\"image\":{\"@id\":\"https:\\\/\\\/kmblock.com\\\/es\\\/product\\\/jaguar-f-type-c-x16\\\/#primaryimage\"},\"thumbnailUrl\":\"https:\\\/\\\/kmblock.com\\\/wp-content\\\/uploads\\\/2024\\\/09\\\/Jaguar-F-Type-C-X16.jpg\",\"datePublished\":\"2024-09-21T16:34:48+00:00\",\"description\":\"Buy a Jaguar F-Type (C-X16) Mileage Blocker for the Best Prices \u2713 Free Shipping \u2713 Incl. Installation Guides\",\"breadcrumb\":{\"@id\":\"https:\\\/\\\/kmblock.com\\\/es\\\/product\\\/jaguar-f-type-c-x16\\\/#breadcrumb\"},\"inLanguage\":\"es\",\"potentialAction\":[{\"@type\":\"ReadAction\",\"target\":[\"https:\\\/\\\/kmblock.com\\\/es\\\/product\\\/jaguar-f-type-c-x16\\\/\"]}]},{\"@type\":\"ImageObject\",\"inLanguage\":\"es\",\"@id\":\"https:\\\/\\\/kmblock.com\\\/es\\\/product\\\/jaguar-f-type-c-x16\\\/#primaryimage\",\"url\":\"https:\\\/\\\/kmblock.com\\\/wp-content\\\/uploads\\\/2024\\\/09\\\/Jaguar-F-Type-C-X16.jpg\",\"contentUrl\":\"https:\\\/\\\/kmblock.com\\\/wp-content\\\/uploads\\\/2024\\\/09\\\/Jaguar-F-Type-C-X16.jpg\",\"width\":800,\"height\":800,\"caption\":\"Jaguar F-Type (C-X16)\"},{\"@type\":\"BreadcrumbList\",\"@id\":\"https:\\\/\\\/kmblock.com\\\/es\\\/product\\\/jaguar-f-type-c-x16\\\/#breadcrumb\",\"itemListElement\":[{\"@type\":\"ListItem\",\"position\":1,\"name\":\"Inicio\",\"item\":\"https:\\\/\\\/kmblock.com\\\/es\\\/\"},{\"@type\":\"ListItem\",\"position\":2,\"name\":\"Productos\",\"item\":\"https:\\\/\\\/kmblock.com\\\/es\\\/shop\\\/\"},{\"@type\":\"ListItem\",\"position\":3,\"name\":\"Jaguar F-Type (C-X16)\"}]},{\"@type\":\"WebSite\",\"@id\":\"https:\\\/\\\/kmblock.com\\\/es\\\/#website\",\"url\":\"https:\\\/\\\/kmblock.com\\\/es\\\/\",\"name\":\"KM Block\",\"description\":\"\",\"publisher\":{\"@id\":\"https:\\\/\\\/kmblock.com\\\/es\\\/#organization\"},\"potentialAction\":[{\"@type\":\"SearchAction\",\"target\":{\"@type\":\"EntryPoint\",\"urlTemplate\":\"https:\\\/\\\/kmblock.com\\\/es\\\/?s={search_term_string}\"},\"query-input\":{\"@type\":\"PropertyValueSpecification\",\"valueRequired\":true,\"valueName\":\"search_term_string\"}}],\"inLanguage\":\"es\"},{\"@type\":\"Organization\",\"@id\":\"https:\\\/\\\/kmblock.com\\\/es\\\/#organization\",\"name\":\"Bloque KM\",\"url\":\"https:\\\/\\\/kmblock.com\\\/es\\\/\",\"logo\":{\"@type\":\"ImageObject\",\"inLanguage\":\"es\",\"@id\":\"https:\\\/\\\/kmblock.com\\\/es\\\/#\\\/schema\\\/logo\\\/image\\\/\",\"url\":\"https:\\\/\\\/kmblock.com\\\/wp-content\\\/uploads\\\/2024\\\/08\\\/main-logo.png\",\"contentUrl\":\"https:\\\/\\\/kmblock.com\\\/wp-content\\\/uploads\\\/2024\\\/08\\\/main-logo.png\",\"width\":186,\"height\":28,\"caption\":\"Bloque KM\"},\"image\":{\"@id\":\"https:\\\/\\\/kmblock.com\\\/es\\\/#\\\/schema\\\/logo\\\/image\\\/\"}}]}<\/script>\n<!-- \/ Yoast SEO plugin. -->","yoast_head_json":{"title":"Jaguar F-Type (C-X16) Mileage Blocker (KM stopper) \u2192 KM Block","description":"Buy a Jaguar F-Type (C-X16) Mileage Blocker for the Best Prices \u2713 Free Shipping \u2713 Incl. Installation Guides","robots":{"index":"index","follow":"follow","max-snippet":"max-snippet:-1","max-image-preview":"max-image-preview:large","max-video-preview":"max-video-preview:-1"},"og_locale":"es_ES","og_type":"article","og_title":"Jaguar F-Type (C-X16) Mileage Blocker (KM stopper) \u2192 KM Block","og_description":"Buy a Jaguar F-Type (C-X16) Mileage Blocker for the Best Prices \u2713 Free Shipping \u2713 Incl. Installation Guides","og_url":"https:\/\/kmblock.com\/es\/product\/jaguar-f-type-c-x16\/","og_site_name":"KM Block","og_image":[{"width":800,"height":800,"url":"https:\/\/kmblock.com\/wp-content\/uploads\/2024\/09\/Jaguar-F-Type-C-X16.jpg","type":"image\/jpeg"}],"twitter_card":"summary_large_image","twitter_misc":{"Tiempo de lectura":"2 minutos"},"schema":{"@context":"https:\/\/schema.org","@graph":[{"@type":"WebPage","@id":"https:\/\/kmblock.com\/es\/product\/jaguar-f-type-c-x16\/","url":"https:\/\/kmblock.com\/es\/product\/jaguar-f-type-c-x16\/","name":"Jaguar F-Type (C-X16) Mileage Blocker (KM stopper) \u2192 KM Block","isPartOf":{"@id":"https:\/\/kmblock.com\/es\/#website"},"primaryImageOfPage":{"@id":"https:\/\/kmblock.com\/es\/product\/jaguar-f-type-c-x16\/#primaryimage"},"image":{"@id":"https:\/\/kmblock.com\/es\/product\/jaguar-f-type-c-x16\/#primaryimage"},"thumbnailUrl":"https:\/\/kmblock.com\/wp-content\/uploads\/2024\/09\/Jaguar-F-Type-C-X16.jpg","datePublished":"2024-09-21T16:34:48+00:00","description":"Buy a Jaguar F-Type (C-X16) Mileage Blocker for the Best Prices \u2713 Free Shipping \u2713 Incl. Installation Guides","breadcrumb":{"@id":"https:\/\/kmblock.com\/es\/product\/jaguar-f-type-c-x16\/#breadcrumb"},"inLanguage":"es","potentialAction":[{"@type":"ReadAction","target":["https:\/\/kmblock.com\/es\/product\/jaguar-f-type-c-x16\/"]}]},{"@type":"ImageObject","inLanguage":"es","@id":"https:\/\/kmblock.com\/es\/product\/jaguar-f-type-c-x16\/#primaryimage","url":"https:\/\/kmblock.com\/wp-content\/uploads\/2024\/09\/Jaguar-F-Type-C-X16.jpg","contentUrl":"https:\/\/kmblock.com\/wp-content\/uploads\/2024\/09\/Jaguar-F-Type-C-X16.jpg","width":800,"height":800,"caption":"Jaguar F-Type (C-X16)"},{"@type":"BreadcrumbList","@id":"https:\/\/kmblock.com\/es\/product\/jaguar-f-type-c-x16\/#breadcrumb","itemListElement":[{"@type":"ListItem","position":1,"name":"Inicio","item":"https:\/\/kmblock.com\/es\/"},{"@type":"ListItem","position":2,"name":"Productos","item":"https:\/\/kmblock.com\/es\/shop\/"},{"@type":"ListItem","position":3,"name":"Jaguar F-Type (C-X16)"}]},{"@type":"WebSite","@id":"https:\/\/kmblock.com\/es\/#website","url":"https:\/\/kmblock.com\/es\/","name":"KM Block","description":"","publisher":{"@id":"https:\/\/kmblock.com\/es\/#organization"},"potentialAction":[{"@type":"SearchAction","target":{"@type":"EntryPoint","urlTemplate":"https:\/\/kmblock.com\/es\/?s={search_term_string}"},"query-input":{"@type":"PropertyValueSpecification","valueRequired":true,"valueName":"search_term_string"}}],"inLanguage":"es"},{"@type":"Organization","@id":"https:\/\/kmblock.com\/es\/#organization","name":"Bloque KM","url":"https:\/\/kmblock.com\/es\/","logo":{"@type":"ImageObject","inLanguage":"es","@id":"https:\/\/kmblock.com\/es\/#\/schema\/logo\/image\/","url":"https:\/\/kmblock.com\/wp-content\/uploads\/2024\/08\/main-logo.png","contentUrl":"https:\/\/kmblock.com\/wp-content\/uploads\/2024\/08\/main-logo.png","width":186,"height":28,"caption":"Bloque KM"},"image":{"@id":"https:\/\/kmblock.com\/es\/#\/schema\/logo\/image\/"}}]}},"_links":{"self":[{"href":"https:\/\/kmblock.com\/es\/wp-json\/wp\/v2\/product\/9154","targetHints":{"allow":["GET"]}}],"collection":[{"href":"https:\/\/kmblock.com\/es\/wp-json\/wp\/v2\/product"}],"about":[{"href":"https:\/\/kmblock.com\/es\/wp-json\/wp\/v2\/types\/product"}],"replies":[{"embeddable":true,"href":"https:\/\/kmblock.com\/es\/wp-json\/wp\/v2\/comments?post=9154"}],"wp:featuredmedia":[{"embeddable":true,"href":"https:\/\/kmblock.com\/es\/wp-json\/wp\/v2\/media\/782"}],"wp:attachment":[{"href":"https:\/\/kmblock.com\/es\/wp-json\/wp\/v2\/media?parent=9154"}],"wp:term":[{"taxonomy":"product_brand","embeddable":true,"href":"https:\/\/kmblock.com\/es\/wp-json\/wp\/v2\/product_brand?post=9154"},{"taxonomy":"product_cat","embeddable":true,"href":"https:\/\/kmblock.com\/es\/wp-json\/wp\/v2\/product_cat?post=9154"},{"taxonomy":"product_tag","embeddable":true,"href":"https:\/\/kmblock.com\/es\/wp-json\/wp\/v2\/product_tag?post=9154"}],"curies":[{"name":"wp","href":"https:\/\/api.w.org\/{rel}","templated":true}]}}