{"id":9106,"date":"2024-09-13T22:17:29","date_gmt":"2024-09-13T22:17:29","guid":{"rendered":"https:\/\/kmblock.com\/product\/audi-a3-s3-rs3-8y\/"},"modified":"2024-09-13T22:17:29","modified_gmt":"2024-09-13T22:17:29","slug":"audi-a3-s3-rs3-8y","status":"publish","type":"product","link":"https:\/\/kmblock.com\/es\/product\/audi-a3-s3-rs3-8y\/","title":{"rendered":"Audi A3\/S3\/RS3\/8Y"},"content":{"rendered":"<h3><strong>BLOQUEADOR DE KILOMETRAJE PARA AUDI A3\/S3\/RS3 &#8211; 8Y<\/strong><\/h3>\n<p>El Bloqueador de kilometraje Audi A3\/S3\/RS3 &#8211; 8Y, a menudo denominado Bloqueador de cuentakil\u00f3metros, Tope de cuentakil\u00f3metros, Bloqueador de latas, Tope de kilometraje o Filtro de latas, es una sofisticada herramienta que detiene temporalmente el recuento de kilometraje de tu veh\u00edculo. Aunque a veces se denomina herramienta de Correcci\u00f3n del Kilometraje, est\u00e1 dise\u00f1ada para pruebas y no est\u00e1 pensada para un uso fraudulento. <\/p>\n<h3>COMPATIBILIDAD<\/h3>\n<ul>\n<li>Apto para todos los modelos Audi A3\/S3\/RS3 8Y (2020 y posteriores).<\/li>\n<\/ul>\n<h3>CARACTER\u00cdSTICAS PRINCIPALES<\/h3>\n<ul>\n<li><strong>M\u00faltiples modos<\/strong>: Elige entre varios modos para controlar la grabaci\u00f3n kilom\u00e9trica.<\/li>\n<li><strong>F\u00e1cil instalaci\u00f3n DIY<\/strong>: Dise\u00f1o enchufable con conectores estriados para una fijaci\u00f3n suave y segura.<\/li>\n<li><strong>Instalaci\u00f3n sin dejar rastro<\/strong>: No es necesario soldar ni cortar cables. Basta con enchufar y desenchufar sin dejar rastro. <\/li>\n<li><strong>Sin errores<\/strong>: no aparecen mensajes de error en el veloc\u00edmetro ni en el panel de navegaci\u00f3n.<\/li>\n<li><strong>Construcci\u00f3n de primera<\/strong>: Viene con cables resistentes al calor y enchufes de alta calidad.<\/li>\n<li><strong>Funci\u00f3n de memoria<\/strong>: Guarda los ajustes elegidos incluso despu\u00e9s de desconectarlo, garantizando que no se produzcan aumentos espont\u00e1neos de kilometraje.<\/li>\n<li><strong>Sistemas totalmente funcionales<\/strong>: El veloc\u00edmetro y todos los sistemas de asistencia funcionan a la perfecci\u00f3n, independientemente del modo.<\/li>\n<\/ul>\n<blockquote><p><em>Nota: En los veh\u00edculos de finales de 2020, la luz de control del motor puede encenderse cuando el dispositivo est\u00e1 activo.<\/em><\/p><\/blockquote>\n<h3>ESPECIFICACIONES DE RENDIMIENTO<\/h3>\n<ul>\n<li><strong>Alta precisi\u00f3n<\/strong>: El dispositivo permite una desviaci\u00f3n m\u00ednima del 1% en el registro del kilometraje cuando est\u00e1 en uso.<\/li>\n<li><strong>Desactivaci\u00f3n sin fisuras<\/strong>: Una vez retirado, el recuento de kil\u00f3metros no se ve afectado.<\/li>\n<\/ul>\n<h3>MODOS<\/h3>\n<p>\u00bb Con el mando \u00abok\u00bb en el volante, mant\u00e9n pulsado hasta que parpadee el intermitente.<\/p>\n<p><strong>Modo 1:<\/strong> 1 parpadeo a la izquierda 18 por ciento (Todo funciona velocidad crucero, etc.)<\/p>\n<p><strong>Modo 2:<\/strong> 2 parpadeos a la izquierda 0 por ciento (sin velocidad, sin indicador de combustible)<\/p>\n<p><strong>Modo 3:<\/strong> 1 parpadeo derecha 100% (original)\u00bb.<\/p>\n<h3>\u00bfQU\u00c9 ES UN BLOQUEADOR DE KILOMETRAJE PARA AUDI A3\/S3\/RS3 8Y?<\/h3>\n<p>Esta herramienta de bloqueo de kilometraje est\u00e1 dise\u00f1ada espec\u00edficamente para detener el registro de kilometraje durante la comprobaci\u00f3n del veh\u00edculo. En KM Block proporcionamos m\u00f3dulos fiables y de alta calidad fabricados con componentes originales. Nuestro software est\u00e1 dise\u00f1ado para funcionar perfectamente con cada marca y modelo, garantizando la compatibilidad tanto si tu cuentakil\u00f3metros mide en millas como en kil\u00f3metros. La herramienta se puede utilizar con veh\u00edculos di\u00e9sel, de gasolina, h\u00edbridos (PHEV) y el\u00e9ctricos.   <\/p>\n<p>La instalaci\u00f3n es sencilla y no requiere conocimientos t\u00e9cnicos: s\u00f3lo tienes que conectar el m\u00f3dulo entre el veloc\u00edmetro y el cuadro de instrumentos, y listo. Cambia de un modo a otro en cualquier momento, tanto si el coche est\u00e1 aparcado como en movimiento. <\/p>\n<blockquote><p><strong>Nota:<\/strong> No vendemos ni aprobamos herramientas de calibraci\u00f3n de cuentakil\u00f3metros dise\u00f1adas para un uso fraudulento, como hacer retroceder el kilometraje. Esta herramienta es estrictamente para pruebas de rendimiento y no altera permanentemente las lecturas de kilometraje almacenadas en el sistema de tu veh\u00edculo. <\/p><\/blockquote>\n","protected":false},"excerpt":{"rendered":"<div class=\"flex-shrink-0 flex flex-col relative items-end\">\n<div class=\"pt-0\">\n<div class=\"gizmo-bot-avatar flex h-8 w-8 items-center justify-center overflow-hidden rounded-full\">\n<div class=\"relative p-1 rounded-sm flex items-center justify-center bg-token-main-surface-primary text-token-text-primary h-8 w-8\">\n<p>Antes de comprarlo, es importante entender c\u00f3mo funciona el m\u00f3dulo, incluidas las instrucciones de activaci\u00f3n y las notas clave relativas a los mensajes de error y al rendimiento del sistema.<\/p>\n<p><strong>Compatibilidad: <\/strong>Este dispositivo es <strong>adecuado para todos los modelos Audi A3\/S3\/RS3 8Y lanzados a partir de 2020<\/strong>. Se instala f\u00e1cilmente por ti mismo, sin necesidad de herramientas especiales. Una vez retirado, el m\u00f3dulo no deja rastro. Dispone de enchufes de primera calidad y cables resistentes al calor para un uso duradero. El veloc\u00edmetro y todos los programas de asistencia funcionan perfectamente con el dispositivo instalado.    <\/p>\n<p class=\"p1\"><b> \u2705 Integraci\u00f3n perfecta<\/b><b><\/b><\/p>\n<p class=\"p1\">\u2705<b> F\u00e1cil instalaci\u00f3n<\/b><b><\/b><\/p>\n<p class=\"p1\">\u2705<b> Gesti\u00f3n precisa del kilometraje<\/b><b><\/b><\/p>\n<p class=\"p1\"><b> \u2705 Funcionamiento en modo oculto<\/b><b><\/b><\/p>\n<p class=\"p1\"><span class=\"s1\">\u2705<\/span><b> Soporte y actualizaciones de por vida<\/b><\/p>\n<\/div>\n<\/div>\n<\/div>\n<\/div>\n","protected":false},"featured_media":640,"comment_status":"open","ping_status":"closed","template":"","meta":[],"product_brand":[],"product_cat":[853],"product_tag":[],"class_list":{"0":"post-9106","1":"product","2":"type-product","3":"status-publish","4":"has-post-thumbnail","6":"product_cat-audi","8":"first","9":"instock","10":"taxable","11":"shipping-taxable","12":"purchasable","13":"product-type-variable"},"yoast_head":"<!-- This site is optimized with the Yoast SEO plugin v27.5 - https:\/\/yoast.com\/product\/yoast-seo-wordpress\/ -->\n<title>Audi A3\/S3\/RS3\/8Y Mileage Blocker (KM stopper) \u2192 KM Block<\/title>\n<meta name=\"description\" content=\"Buy a Audi A3\/S3\/RS3\/8Y Mileage Blocker for the Best Prices \u2713 Free Shipping \u2713 Incl. Installation Guides\" \/>\n<meta name=\"robots\" content=\"index, follow, max-snippet:-1, max-image-preview:large, max-video-preview:-1\" \/>\n<meta property=\"og:locale\" content=\"es_ES\" \/>\n<meta property=\"og:type\" content=\"article\" \/>\n<meta property=\"og:title\" content=\"Audi A3\/S3\/RS3\/8Y Mileage Blocker (KM stopper) \u2192 KM Block\" \/>\n<meta property=\"og:description\" content=\"Buy a Audi A3\/S3\/RS3\/8Y Mileage Blocker for the Best Prices \u2713 Free Shipping \u2713 Incl. Installation Guides\" \/>\n<meta property=\"og:url\" content=\"https:\/\/kmblock.com\/es\/product\/audi-a3-s3-rs3-8y\/\" \/>\n<meta property=\"og:site_name\" content=\"KM Block\" \/>\n<meta property=\"og:image\" content=\"https:\/\/kmblock.com\/wp-content\/uploads\/2024\/09\/Audi-A3S3RS38Y.jpg\" \/>\n\t<meta property=\"og:image:width\" content=\"800\" \/>\n\t<meta property=\"og:image:height\" content=\"800\" \/>\n\t<meta property=\"og:image:type\" content=\"image\/jpeg\" \/>\n<meta name=\"twitter:card\" content=\"summary_large_image\" \/>\n<meta name=\"twitter:label1\" content=\"Tiempo de lectura\" \/>\n\t<meta name=\"twitter:data1\" content=\"3 minutos\" \/>\n<script type=\"application\/ld+json\" class=\"yoast-schema-graph\">{\"@context\":\"https:\\\/\\\/schema.org\",\"@graph\":[{\"@type\":\"WebPage\",\"@id\":\"https:\\\/\\\/kmblock.com\\\/es\\\/product\\\/audi-a3-s3-rs3-8y\\\/\",\"url\":\"https:\\\/\\\/kmblock.com\\\/es\\\/product\\\/audi-a3-s3-rs3-8y\\\/\",\"name\":\"Audi A3\\\/S3\\\/RS3\\\/8Y Mileage Blocker (KM stopper) \u2192 KM Block\",\"isPartOf\":{\"@id\":\"https:\\\/\\\/kmblock.com\\\/es\\\/#website\"},\"primaryImageOfPage\":{\"@id\":\"https:\\\/\\\/kmblock.com\\\/es\\\/product\\\/audi-a3-s3-rs3-8y\\\/#primaryimage\"},\"image\":{\"@id\":\"https:\\\/\\\/kmblock.com\\\/es\\\/product\\\/audi-a3-s3-rs3-8y\\\/#primaryimage\"},\"thumbnailUrl\":\"https:\\\/\\\/kmblock.com\\\/wp-content\\\/uploads\\\/2024\\\/09\\\/Audi-A3S3RS38Y.jpg\",\"datePublished\":\"2024-09-13T22:17:29+00:00\",\"description\":\"Buy a Audi A3\\\/S3\\\/RS3\\\/8Y Mileage Blocker for the Best Prices \u2713 Free Shipping \u2713 Incl. Installation Guides\",\"breadcrumb\":{\"@id\":\"https:\\\/\\\/kmblock.com\\\/es\\\/product\\\/audi-a3-s3-rs3-8y\\\/#breadcrumb\"},\"inLanguage\":\"es\",\"potentialAction\":[{\"@type\":\"ReadAction\",\"target\":[\"https:\\\/\\\/kmblock.com\\\/es\\\/product\\\/audi-a3-s3-rs3-8y\\\/\"]}]},{\"@type\":\"ImageObject\",\"inLanguage\":\"es\",\"@id\":\"https:\\\/\\\/kmblock.com\\\/es\\\/product\\\/audi-a3-s3-rs3-8y\\\/#primaryimage\",\"url\":\"https:\\\/\\\/kmblock.com\\\/wp-content\\\/uploads\\\/2024\\\/09\\\/Audi-A3S3RS38Y.jpg\",\"contentUrl\":\"https:\\\/\\\/kmblock.com\\\/wp-content\\\/uploads\\\/2024\\\/09\\\/Audi-A3S3RS38Y.jpg\",\"width\":800,\"height\":800,\"caption\":\"Audi-A3:S3:RS3:8Y\"},{\"@type\":\"BreadcrumbList\",\"@id\":\"https:\\\/\\\/kmblock.com\\\/es\\\/product\\\/audi-a3-s3-rs3-8y\\\/#breadcrumb\",\"itemListElement\":[{\"@type\":\"ListItem\",\"position\":1,\"name\":\"Inicio\",\"item\":\"https:\\\/\\\/kmblock.com\\\/es\\\/\"},{\"@type\":\"ListItem\",\"position\":2,\"name\":\"Productos\",\"item\":\"https:\\\/\\\/kmblock.com\\\/es\\\/shop\\\/\"},{\"@type\":\"ListItem\",\"position\":3,\"name\":\"Audi A3\\\/S3\\\/RS3\\\/8Y\"}]},{\"@type\":\"WebSite\",\"@id\":\"https:\\\/\\\/kmblock.com\\\/es\\\/#website\",\"url\":\"https:\\\/\\\/kmblock.com\\\/es\\\/\",\"name\":\"KM Block\",\"description\":\"\",\"publisher\":{\"@id\":\"https:\\\/\\\/kmblock.com\\\/es\\\/#organization\"},\"potentialAction\":[{\"@type\":\"SearchAction\",\"target\":{\"@type\":\"EntryPoint\",\"urlTemplate\":\"https:\\\/\\\/kmblock.com\\\/es\\\/?s={search_term_string}\"},\"query-input\":{\"@type\":\"PropertyValueSpecification\",\"valueRequired\":true,\"valueName\":\"search_term_string\"}}],\"inLanguage\":\"es\"},{\"@type\":\"Organization\",\"@id\":\"https:\\\/\\\/kmblock.com\\\/es\\\/#organization\",\"name\":\"Bloque KM\",\"url\":\"https:\\\/\\\/kmblock.com\\\/es\\\/\",\"logo\":{\"@type\":\"ImageObject\",\"inLanguage\":\"es\",\"@id\":\"https:\\\/\\\/kmblock.com\\\/es\\\/#\\\/schema\\\/logo\\\/image\\\/\",\"url\":\"https:\\\/\\\/kmblock.com\\\/wp-content\\\/uploads\\\/2024\\\/08\\\/main-logo.png\",\"contentUrl\":\"https:\\\/\\\/kmblock.com\\\/wp-content\\\/uploads\\\/2024\\\/08\\\/main-logo.png\",\"width\":186,\"height\":28,\"caption\":\"Bloque KM\"},\"image\":{\"@id\":\"https:\\\/\\\/kmblock.com\\\/es\\\/#\\\/schema\\\/logo\\\/image\\\/\"}}]}<\/script>\n<!-- \/ Yoast SEO plugin. -->","yoast_head_json":{"title":"Audi A3\/S3\/RS3\/8Y Mileage Blocker (KM stopper) \u2192 KM Block","description":"Buy a Audi A3\/S3\/RS3\/8Y Mileage Blocker for the Best Prices \u2713 Free Shipping \u2713 Incl. Installation Guides","robots":{"index":"index","follow":"follow","max-snippet":"max-snippet:-1","max-image-preview":"max-image-preview:large","max-video-preview":"max-video-preview:-1"},"og_locale":"es_ES","og_type":"article","og_title":"Audi A3\/S3\/RS3\/8Y Mileage Blocker (KM stopper) \u2192 KM Block","og_description":"Buy a Audi A3\/S3\/RS3\/8Y Mileage Blocker for the Best Prices \u2713 Free Shipping \u2713 Incl. Installation Guides","og_url":"https:\/\/kmblock.com\/es\/product\/audi-a3-s3-rs3-8y\/","og_site_name":"KM Block","og_image":[{"width":800,"height":800,"url":"https:\/\/kmblock.com\/wp-content\/uploads\/2024\/09\/Audi-A3S3RS38Y.jpg","type":"image\/jpeg"}],"twitter_card":"summary_large_image","twitter_misc":{"Tiempo de lectura":"3 minutos"},"schema":{"@context":"https:\/\/schema.org","@graph":[{"@type":"WebPage","@id":"https:\/\/kmblock.com\/es\/product\/audi-a3-s3-rs3-8y\/","url":"https:\/\/kmblock.com\/es\/product\/audi-a3-s3-rs3-8y\/","name":"Audi A3\/S3\/RS3\/8Y Mileage Blocker (KM stopper) \u2192 KM Block","isPartOf":{"@id":"https:\/\/kmblock.com\/es\/#website"},"primaryImageOfPage":{"@id":"https:\/\/kmblock.com\/es\/product\/audi-a3-s3-rs3-8y\/#primaryimage"},"image":{"@id":"https:\/\/kmblock.com\/es\/product\/audi-a3-s3-rs3-8y\/#primaryimage"},"thumbnailUrl":"https:\/\/kmblock.com\/wp-content\/uploads\/2024\/09\/Audi-A3S3RS38Y.jpg","datePublished":"2024-09-13T22:17:29+00:00","description":"Buy a Audi A3\/S3\/RS3\/8Y Mileage Blocker for the Best Prices \u2713 Free Shipping \u2713 Incl. Installation Guides","breadcrumb":{"@id":"https:\/\/kmblock.com\/es\/product\/audi-a3-s3-rs3-8y\/#breadcrumb"},"inLanguage":"es","potentialAction":[{"@type":"ReadAction","target":["https:\/\/kmblock.com\/es\/product\/audi-a3-s3-rs3-8y\/"]}]},{"@type":"ImageObject","inLanguage":"es","@id":"https:\/\/kmblock.com\/es\/product\/audi-a3-s3-rs3-8y\/#primaryimage","url":"https:\/\/kmblock.com\/wp-content\/uploads\/2024\/09\/Audi-A3S3RS38Y.jpg","contentUrl":"https:\/\/kmblock.com\/wp-content\/uploads\/2024\/09\/Audi-A3S3RS38Y.jpg","width":800,"height":800,"caption":"Audi-A3:S3:RS3:8Y"},{"@type":"BreadcrumbList","@id":"https:\/\/kmblock.com\/es\/product\/audi-a3-s3-rs3-8y\/#breadcrumb","itemListElement":[{"@type":"ListItem","position":1,"name":"Inicio","item":"https:\/\/kmblock.com\/es\/"},{"@type":"ListItem","position":2,"name":"Productos","item":"https:\/\/kmblock.com\/es\/shop\/"},{"@type":"ListItem","position":3,"name":"Audi A3\/S3\/RS3\/8Y"}]},{"@type":"WebSite","@id":"https:\/\/kmblock.com\/es\/#website","url":"https:\/\/kmblock.com\/es\/","name":"KM Block","description":"","publisher":{"@id":"https:\/\/kmblock.com\/es\/#organization"},"potentialAction":[{"@type":"SearchAction","target":{"@type":"EntryPoint","urlTemplate":"https:\/\/kmblock.com\/es\/?s={search_term_string}"},"query-input":{"@type":"PropertyValueSpecification","valueRequired":true,"valueName":"search_term_string"}}],"inLanguage":"es"},{"@type":"Organization","@id":"https:\/\/kmblock.com\/es\/#organization","name":"Bloque KM","url":"https:\/\/kmblock.com\/es\/","logo":{"@type":"ImageObject","inLanguage":"es","@id":"https:\/\/kmblock.com\/es\/#\/schema\/logo\/image\/","url":"https:\/\/kmblock.com\/wp-content\/uploads\/2024\/08\/main-logo.png","contentUrl":"https:\/\/kmblock.com\/wp-content\/uploads\/2024\/08\/main-logo.png","width":186,"height":28,"caption":"Bloque KM"},"image":{"@id":"https:\/\/kmblock.com\/es\/#\/schema\/logo\/image\/"}}]}},"_links":{"self":[{"href":"https:\/\/kmblock.com\/es\/wp-json\/wp\/v2\/product\/9106","targetHints":{"allow":["GET"]}}],"collection":[{"href":"https:\/\/kmblock.com\/es\/wp-json\/wp\/v2\/product"}],"about":[{"href":"https:\/\/kmblock.com\/es\/wp-json\/wp\/v2\/types\/product"}],"replies":[{"embeddable":true,"href":"https:\/\/kmblock.com\/es\/wp-json\/wp\/v2\/comments?post=9106"}],"wp:featuredmedia":[{"embeddable":true,"href":"https:\/\/kmblock.com\/es\/wp-json\/wp\/v2\/media\/640"}],"wp:attachment":[{"href":"https:\/\/kmblock.com\/es\/wp-json\/wp\/v2\/media?parent=9106"}],"wp:term":[{"taxonomy":"product_brand","embeddable":true,"href":"https:\/\/kmblock.com\/es\/wp-json\/wp\/v2\/product_brand?post=9106"},{"taxonomy":"product_cat","embeddable":true,"href":"https:\/\/kmblock.com\/es\/wp-json\/wp\/v2\/product_cat?post=9106"},{"taxonomy":"product_tag","embeddable":true,"href":"https:\/\/kmblock.com\/es\/wp-json\/wp\/v2\/product_tag?post=9106"}],"curies":[{"name":"wp","href":"https:\/\/api.w.org\/{rel}","templated":true}]}}