{"id":9080,"date":"2024-09-19T16:23:11","date_gmt":"2024-09-19T16:23:11","guid":{"rendered":"https:\/\/kmblock.com\/product\/bmw-z4-g29\/"},"modified":"2024-09-19T16:23:11","modified_gmt":"2024-09-19T16:23:11","slug":"bmw-z4-g29","status":"publish","type":"product","link":"https:\/\/kmblock.com\/es\/product\/bmw-z4-g29\/","title":{"rendered":"BMW Z4 G29"},"content":{"rendered":"<div class=\"flex max-w-full flex-col flex-grow\">\n<div class=\"min-h-[20px] text-message flex w-full flex-col items-end gap-2 whitespace-normal break-words [.text-message+&amp;]:mt-5\" dir=\"auto\" data-message-author-role=\"assistant\" data-message-id=\"486fbb14-d9b0-4abf-8aac-69dd9ef3f888\">\n<div class=\"flex w-full flex-col gap-1 empty:hidden first:pt-[3px]\">\n<div class=\"markdown prose w-full break-words dark:prose-invert dark\">\n<p>BLOQUEADOR DE KILOMETRAJE <strong>PARA BMW Z4<\/strong>G29El bloqueador de kilometraje para BMW Z4 G29, tambi\u00e9n conocido como bloqueador de cuentakil\u00f3metros, tap\u00f3n de cuentakil\u00f3metros, bloqueador de latas, tap\u00f3n de kilometraje, cuentakil\u00f3metros parcial, filtro de latas o herramienta de correcci\u00f3n de kilometraje, est\u00e1 dise\u00f1ado para todos los modelos BMW Z4 G29 lanzados desde 2018.<\/p>\n<h3><strong>Especificaciones:<\/strong><\/h3>\n<ul>\n<li><strong>Instalaci\u00f3n DIY:<\/strong> F\u00e1cil instalaci\u00f3n sin necesidad de ayuda profesional<\/li>\n<li><strong>Componentes de alta calidad:<\/strong> Con enchufes de primera calidad y cables resistentes al calor<\/li>\n<li><strong>Sin mensajes de error:<\/strong> El veloc\u00edmetro y el panel de navegaci\u00f3n no tienen errores<\/li>\n<li><strong>No es necesario acceder a la ECU:<\/strong> Sin soldar ni cortar cables<\/li>\n<li><strong>F\u00e1cil de usar:<\/strong> Funciona con varias combinaciones de teclas y m\u00faltiples modos<\/li>\n<li><strong>Ajustes persistentes:<\/strong> Los ajustes se guardan permanentemente despu\u00e9s de la configuraci\u00f3n inicial<\/li>\n<li><strong>Compatibilidad con actualizaciones:<\/strong> Activa el modo dos para seguir utiliz\u00e1ndolo tras las actualizaciones de software<\/li>\n<li><strong>Instalaci\u00f3n sin problemas:<\/strong> La superficie de contacto y los rebordes del conector facilitan la instalaci\u00f3n<\/li>\n<li><strong>Ajuste autom\u00e1tico del servicio:<\/strong> Mantiene intervalos de servicio precisos<\/li>\n<li><strong>No hay mensajes de error:<\/strong> El asistente de \u00e1ngulo muerto y el control de crucero funcionan correctamente<\/li>\n<\/ul>\n<h3><strong>Ajuste del servicio:<\/strong><\/h3>\n<ul>\n<li>El Bloqueador de kilometraje detiene el registro de kilometraje pero ajusta los intervalos de servicio autom\u00e1ticamente. La cuenta atr\u00e1s de las revisiones contin\u00faa hasta que queda un 30% de la distancia recorrida y, a continuaci\u00f3n, se restablece al 90%. Los intervalos de mantenimiento var\u00edan seg\u00fan el tipo de motor, pero el ajuste porcentual sigue siendo preciso.  <\/li>\n<\/ul>\n<h3><strong>Activaci\u00f3n y desactivaci\u00f3n:<\/strong><\/h3>\n<h3><strong>Modos:<\/strong><\/h3>\n<p>\u00bb Enciende manteniendo pulsado el bot\u00f3n BC durante 10 segundos hasta que se enciendan todas las luces de la pantalla.<\/p>\n<p><strong>Modo Verde:<\/strong> cuentakil\u00f3metros original de nuevo 100% original. Todo funciona correctamente. <\/p>\n<p><strong>Modo Amarillo:<\/strong> el recuento de kil\u00f3metros se ralentiza un 30%. Cada 100 km 30 km. Todo funciona bien.  <\/p>\n<p><strong>Modo Rojo:<\/strong> el contador de kil\u00f3metros ya no est\u00e1 al 0%. La velocidad no funciona\u00bb. <\/p>\n<h3><strong>Informaci\u00f3n adicional:<\/strong><\/h3>\n<ul>\n<li><strong>Ajustes persistentes:<\/strong> El m\u00f3dulo conserva los ajustes aplicados previamente, ahorrando tiempo en la reconfiguraci\u00f3n<\/li>\n<li><strong>Opciones de activaci\u00f3n:<\/strong> Puede activarse o desactivarse en parado o, para determinados veh\u00edculos, en movimiento<\/li>\n<\/ul>\n<h3><strong>\u00bfQu\u00e9 es el bloqueador de cuentakil\u00f3metros BMW Z4 G29?<\/strong><\/h3>\n<p>El Bloqueador de Kilometraje BMW Z4 G29 est\u00e1 dise\u00f1ado para detener el registro de kilometraje para pruebas de rendimiento. Es eficaz tanto para millas como para kil\u00f3metros y compatible con veh\u00edculos di\u00e9sel, gasolina, PHEV y el\u00e9ctricos. Nuestro m\u00f3dulo, fabricado con componentes originales, garantiza un rendimiento impecable. Nota: No ofrecemos herramientas de correcci\u00f3n del kilometraje con fines enga\u00f1osos, como hacer retroceder el kilometraje.   <\/p>\n<\/div>\n<\/div>\n<\/div>\n<\/div>\n","protected":false},"excerpt":{"rendered":"<div class=\"flex-shrink-0 flex flex-col relative items-end\">\n<div class=\"pt-0\">\n<div class=\"gizmo-bot-avatar flex h-8 w-8 items-center justify-center overflow-hidden rounded-full\">\n<div class=\"relative p-1 rounded-sm flex items-center justify-center bg-token-main-surface-primary text-token-text-primary h-8 w-8\">\n<p>Antes de hacer tu pedido, revisa atentamente las instrucciones de activaci\u00f3n y las notas importantes sobre los mensajes de error y la funcionalidad que aparecen a continuaci\u00f3n:<\/p>\n<p><strong>Compatible con todos los modelos BMW Z4 G29 a partir de 2018.  <\/strong>Indicador de velocidad funcional y programas de asistencia: Funciona en modos seleccionados. Garantiza que el asistente de \u00e1ngulo muerto y el control de crucero no tengan errores. Configuraci\u00f3n sencilla sin necesidad de ayuda profesional. Con enchufes de alta calidad y cables resistentes al calor.   <\/p>\n<p class=\"p1\"><b> \u2705 Integraci\u00f3n perfecta<\/b><b><\/b><\/p>\n<p class=\"p1\">\u2705<b> F\u00e1cil instalaci\u00f3n<\/b><b><\/b><\/p>\n<p class=\"p1\">\u2705<b> Gesti\u00f3n precisa del kilometraje<\/b><b><\/b><\/p>\n<p class=\"p1\"><b> \u2705 Funcionamiento en modo oculto<\/b><b><\/b><\/p>\n<p class=\"p1\"><span class=\"s1\">\u2705<\/span><b> Soporte y actualizaciones de por vida<\/b><\/p>\n<\/div>\n<\/div>\n<\/div>\n<\/div>\n","protected":false},"featured_media":772,"comment_status":"open","ping_status":"closed","template":"","meta":[],"product_brand":[],"product_cat":[861],"product_tag":[],"class_list":{"0":"post-9080","1":"product","2":"type-product","3":"status-publish","4":"has-post-thumbnail","6":"product_cat-bmw","8":"first","9":"instock","10":"taxable","11":"shipping-taxable","12":"purchasable","13":"product-type-variable"},"yoast_head":"<!-- This site is optimized with the Yoast SEO plugin v27.5 - https:\/\/yoast.com\/product\/yoast-seo-wordpress\/ -->\n<title>BMW Z4 G29 Mileage Blocker (KM stopper) \u2192 KM Block<\/title>\n<meta name=\"description\" content=\"Buy a BMW Z4 G29 Mileage Blocker for the Best Prices \u2713 Free Shipping \u2713 Incl. Installation Guides\" \/>\n<meta name=\"robots\" content=\"index, follow, max-snippet:-1, max-image-preview:large, max-video-preview:-1\" \/>\n<meta property=\"og:locale\" content=\"es_ES\" \/>\n<meta property=\"og:type\" content=\"article\" \/>\n<meta property=\"og:title\" content=\"BMW Z4 G29 Mileage Blocker (KM stopper) \u2192 KM Block\" \/>\n<meta property=\"og:description\" content=\"Buy a BMW Z4 G29 Mileage Blocker for the Best Prices \u2713 Free Shipping \u2713 Incl. Installation Guides\" \/>\n<meta property=\"og:url\" content=\"https:\/\/kmblock.com\/es\/product\/bmw-z4-g29\/\" \/>\n<meta property=\"og:site_name\" content=\"KM Block\" \/>\n<meta property=\"og:image\" content=\"https:\/\/kmblock.com\/wp-content\/uploads\/2024\/09\/BMW-Z4-G29-from-2018-1-600x600-1.jpg\" \/>\n\t<meta property=\"og:image:width\" content=\"600\" \/>\n\t<meta property=\"og:image:height\" content=\"600\" \/>\n\t<meta property=\"og:image:type\" content=\"image\/jpeg\" \/>\n<meta name=\"twitter:card\" content=\"summary_large_image\" \/>\n<meta name=\"twitter:label1\" content=\"Tiempo de lectura\" \/>\n\t<meta name=\"twitter:data1\" content=\"2 minutos\" \/>\n<script type=\"application\/ld+json\" class=\"yoast-schema-graph\">{\"@context\":\"https:\\\/\\\/schema.org\",\"@graph\":[{\"@type\":\"WebPage\",\"@id\":\"https:\\\/\\\/kmblock.com\\\/es\\\/product\\\/bmw-z4-g29\\\/\",\"url\":\"https:\\\/\\\/kmblock.com\\\/es\\\/product\\\/bmw-z4-g29\\\/\",\"name\":\"BMW Z4 G29 Mileage Blocker (KM stopper) \u2192 KM Block\",\"isPartOf\":{\"@id\":\"https:\\\/\\\/kmblock.com\\\/es\\\/#website\"},\"primaryImageOfPage\":{\"@id\":\"https:\\\/\\\/kmblock.com\\\/es\\\/product\\\/bmw-z4-g29\\\/#primaryimage\"},\"image\":{\"@id\":\"https:\\\/\\\/kmblock.com\\\/es\\\/product\\\/bmw-z4-g29\\\/#primaryimage\"},\"thumbnailUrl\":\"https:\\\/\\\/kmblock.com\\\/wp-content\\\/uploads\\\/2024\\\/09\\\/BMW-Z4-G29-from-2018-1-600x600-1.jpg\",\"datePublished\":\"2024-09-19T16:23:11+00:00\",\"description\":\"Buy a BMW Z4 G29 Mileage Blocker for the Best Prices \u2713 Free Shipping \u2713 Incl. Installation Guides\",\"breadcrumb\":{\"@id\":\"https:\\\/\\\/kmblock.com\\\/es\\\/product\\\/bmw-z4-g29\\\/#breadcrumb\"},\"inLanguage\":\"es\",\"potentialAction\":[{\"@type\":\"ReadAction\",\"target\":[\"https:\\\/\\\/kmblock.com\\\/es\\\/product\\\/bmw-z4-g29\\\/\"]}]},{\"@type\":\"ImageObject\",\"inLanguage\":\"es\",\"@id\":\"https:\\\/\\\/kmblock.com\\\/es\\\/product\\\/bmw-z4-g29\\\/#primaryimage\",\"url\":\"https:\\\/\\\/kmblock.com\\\/wp-content\\\/uploads\\\/2024\\\/09\\\/BMW-Z4-G29-from-2018-1-600x600-1.jpg\",\"contentUrl\":\"https:\\\/\\\/kmblock.com\\\/wp-content\\\/uploads\\\/2024\\\/09\\\/BMW-Z4-G29-from-2018-1-600x600-1.jpg\",\"width\":600,\"height\":600,\"caption\":\"BMW-Z4-G29\"},{\"@type\":\"BreadcrumbList\",\"@id\":\"https:\\\/\\\/kmblock.com\\\/es\\\/product\\\/bmw-z4-g29\\\/#breadcrumb\",\"itemListElement\":[{\"@type\":\"ListItem\",\"position\":1,\"name\":\"Inicio\",\"item\":\"https:\\\/\\\/kmblock.com\\\/es\\\/\"},{\"@type\":\"ListItem\",\"position\":2,\"name\":\"Productos\",\"item\":\"https:\\\/\\\/kmblock.com\\\/es\\\/shop\\\/\"},{\"@type\":\"ListItem\",\"position\":3,\"name\":\"BMW Z4 G29\"}]},{\"@type\":\"WebSite\",\"@id\":\"https:\\\/\\\/kmblock.com\\\/es\\\/#website\",\"url\":\"https:\\\/\\\/kmblock.com\\\/es\\\/\",\"name\":\"KM Block\",\"description\":\"\",\"publisher\":{\"@id\":\"https:\\\/\\\/kmblock.com\\\/es\\\/#organization\"},\"potentialAction\":[{\"@type\":\"SearchAction\",\"target\":{\"@type\":\"EntryPoint\",\"urlTemplate\":\"https:\\\/\\\/kmblock.com\\\/es\\\/?s={search_term_string}\"},\"query-input\":{\"@type\":\"PropertyValueSpecification\",\"valueRequired\":true,\"valueName\":\"search_term_string\"}}],\"inLanguage\":\"es\"},{\"@type\":\"Organization\",\"@id\":\"https:\\\/\\\/kmblock.com\\\/es\\\/#organization\",\"name\":\"Bloque KM\",\"url\":\"https:\\\/\\\/kmblock.com\\\/es\\\/\",\"logo\":{\"@type\":\"ImageObject\",\"inLanguage\":\"es\",\"@id\":\"https:\\\/\\\/kmblock.com\\\/es\\\/#\\\/schema\\\/logo\\\/image\\\/\",\"url\":\"https:\\\/\\\/kmblock.com\\\/wp-content\\\/uploads\\\/2024\\\/08\\\/main-logo.png\",\"contentUrl\":\"https:\\\/\\\/kmblock.com\\\/wp-content\\\/uploads\\\/2024\\\/08\\\/main-logo.png\",\"width\":186,\"height\":28,\"caption\":\"Bloque KM\"},\"image\":{\"@id\":\"https:\\\/\\\/kmblock.com\\\/es\\\/#\\\/schema\\\/logo\\\/image\\\/\"}}]}<\/script>\n<!-- \/ Yoast SEO plugin. -->","yoast_head_json":{"title":"BMW Z4 G29 Mileage Blocker (KM stopper) \u2192 KM Block","description":"Buy a BMW Z4 G29 Mileage Blocker for the Best Prices \u2713 Free Shipping \u2713 Incl. Installation Guides","robots":{"index":"index","follow":"follow","max-snippet":"max-snippet:-1","max-image-preview":"max-image-preview:large","max-video-preview":"max-video-preview:-1"},"og_locale":"es_ES","og_type":"article","og_title":"BMW Z4 G29 Mileage Blocker (KM stopper) \u2192 KM Block","og_description":"Buy a BMW Z4 G29 Mileage Blocker for the Best Prices \u2713 Free Shipping \u2713 Incl. Installation Guides","og_url":"https:\/\/kmblock.com\/es\/product\/bmw-z4-g29\/","og_site_name":"KM Block","og_image":[{"width":600,"height":600,"url":"https:\/\/kmblock.com\/wp-content\/uploads\/2024\/09\/BMW-Z4-G29-from-2018-1-600x600-1.jpg","type":"image\/jpeg"}],"twitter_card":"summary_large_image","twitter_misc":{"Tiempo de lectura":"2 minutos"},"schema":{"@context":"https:\/\/schema.org","@graph":[{"@type":"WebPage","@id":"https:\/\/kmblock.com\/es\/product\/bmw-z4-g29\/","url":"https:\/\/kmblock.com\/es\/product\/bmw-z4-g29\/","name":"BMW Z4 G29 Mileage Blocker (KM stopper) \u2192 KM Block","isPartOf":{"@id":"https:\/\/kmblock.com\/es\/#website"},"primaryImageOfPage":{"@id":"https:\/\/kmblock.com\/es\/product\/bmw-z4-g29\/#primaryimage"},"image":{"@id":"https:\/\/kmblock.com\/es\/product\/bmw-z4-g29\/#primaryimage"},"thumbnailUrl":"https:\/\/kmblock.com\/wp-content\/uploads\/2024\/09\/BMW-Z4-G29-from-2018-1-600x600-1.jpg","datePublished":"2024-09-19T16:23:11+00:00","description":"Buy a BMW Z4 G29 Mileage Blocker for the Best Prices \u2713 Free Shipping \u2713 Incl. Installation Guides","breadcrumb":{"@id":"https:\/\/kmblock.com\/es\/product\/bmw-z4-g29\/#breadcrumb"},"inLanguage":"es","potentialAction":[{"@type":"ReadAction","target":["https:\/\/kmblock.com\/es\/product\/bmw-z4-g29\/"]}]},{"@type":"ImageObject","inLanguage":"es","@id":"https:\/\/kmblock.com\/es\/product\/bmw-z4-g29\/#primaryimage","url":"https:\/\/kmblock.com\/wp-content\/uploads\/2024\/09\/BMW-Z4-G29-from-2018-1-600x600-1.jpg","contentUrl":"https:\/\/kmblock.com\/wp-content\/uploads\/2024\/09\/BMW-Z4-G29-from-2018-1-600x600-1.jpg","width":600,"height":600,"caption":"BMW-Z4-G29"},{"@type":"BreadcrumbList","@id":"https:\/\/kmblock.com\/es\/product\/bmw-z4-g29\/#breadcrumb","itemListElement":[{"@type":"ListItem","position":1,"name":"Inicio","item":"https:\/\/kmblock.com\/es\/"},{"@type":"ListItem","position":2,"name":"Productos","item":"https:\/\/kmblock.com\/es\/shop\/"},{"@type":"ListItem","position":3,"name":"BMW Z4 G29"}]},{"@type":"WebSite","@id":"https:\/\/kmblock.com\/es\/#website","url":"https:\/\/kmblock.com\/es\/","name":"KM Block","description":"","publisher":{"@id":"https:\/\/kmblock.com\/es\/#organization"},"potentialAction":[{"@type":"SearchAction","target":{"@type":"EntryPoint","urlTemplate":"https:\/\/kmblock.com\/es\/?s={search_term_string}"},"query-input":{"@type":"PropertyValueSpecification","valueRequired":true,"valueName":"search_term_string"}}],"inLanguage":"es"},{"@type":"Organization","@id":"https:\/\/kmblock.com\/es\/#organization","name":"Bloque KM","url":"https:\/\/kmblock.com\/es\/","logo":{"@type":"ImageObject","inLanguage":"es","@id":"https:\/\/kmblock.com\/es\/#\/schema\/logo\/image\/","url":"https:\/\/kmblock.com\/wp-content\/uploads\/2024\/08\/main-logo.png","contentUrl":"https:\/\/kmblock.com\/wp-content\/uploads\/2024\/08\/main-logo.png","width":186,"height":28,"caption":"Bloque KM"},"image":{"@id":"https:\/\/kmblock.com\/es\/#\/schema\/logo\/image\/"}}]}},"_links":{"self":[{"href":"https:\/\/kmblock.com\/es\/wp-json\/wp\/v2\/product\/9080","targetHints":{"allow":["GET"]}}],"collection":[{"href":"https:\/\/kmblock.com\/es\/wp-json\/wp\/v2\/product"}],"about":[{"href":"https:\/\/kmblock.com\/es\/wp-json\/wp\/v2\/types\/product"}],"replies":[{"embeddable":true,"href":"https:\/\/kmblock.com\/es\/wp-json\/wp\/v2\/comments?post=9080"}],"wp:featuredmedia":[{"embeddable":true,"href":"https:\/\/kmblock.com\/es\/wp-json\/wp\/v2\/media\/772"}],"wp:attachment":[{"href":"https:\/\/kmblock.com\/es\/wp-json\/wp\/v2\/media?parent=9080"}],"wp:term":[{"taxonomy":"product_brand","embeddable":true,"href":"https:\/\/kmblock.com\/es\/wp-json\/wp\/v2\/product_brand?post=9080"},{"taxonomy":"product_cat","embeddable":true,"href":"https:\/\/kmblock.com\/es\/wp-json\/wp\/v2\/product_cat?post=9080"},{"taxonomy":"product_tag","embeddable":true,"href":"https:\/\/kmblock.com\/es\/wp-json\/wp\/v2\/product_tag?post=9080"}],"curies":[{"name":"wp","href":"https:\/\/api.w.org\/{rel}","templated":true}]}}