{"id":9041,"date":"2024-09-25T10:38:45","date_gmt":"2024-09-25T10:38:45","guid":{"rendered":"https:\/\/kmblock.com\/product\/volkswagen-t-roc-a1\/"},"modified":"2024-09-25T10:38:45","modified_gmt":"2024-09-25T10:38:45","slug":"volkswagen-t-roc-a1","status":"publish","type":"product","link":"https:\/\/kmblock.com\/es\/product\/volkswagen-t-roc-a1\/","title":{"rendered":"Volkswagen T Roc A1"},"content":{"rendered":"<div class=\"flex max-w-full flex-col flex-grow\">\n<div class=\"min-h-[20px] text-message flex w-full flex-col items-end gap-2 whitespace-normal break-words [.text-message+&amp;]:mt-5\" dir=\"auto\" data-message-author-role=\"assistant\" data-message-id=\"d6917fa6-327f-426b-8c95-0356a88e4710\">\n<div class=\"flex w-full flex-col gap-1 empty:hidden first:pt-[3px]\">\n<div class=\"markdown prose w-full break-words dark:prose-invert dark\">\n<h3>BLOQUEADOR DE KILOMETRAJE PARA VOLKSWAGEN T ROC A1<\/h3>\n<p>El <strong>Bloqueador de Kilometraje Volkswagen T Roc<\/strong> A1, tambi\u00e9n conocido como: Bloqueador de cuentakil\u00f3metros, Detenedor de cuentakil\u00f3metros, Bloqueador de latas, Detenedor de kilometraje, Cuentakil\u00f3metros parcial, Filtro de latas, o en algunos casos como herramienta de Correcci\u00f3n de kilometraje, es compatible con <strong>todos los modelos Volkswagen T Roc A1 lanzados desde 2018<\/strong>.<\/p>\n<h4><strong>ESPECIFICACIONES<\/strong><\/h4>\n<ul>\n<li>Enchufes de primera calidad y cables resistentes al calor<\/li>\n<li>No hay mensajes de error en el veloc\u00edmetro ni en el panel de navegaci\u00f3n<\/li>\n<li><strong>Instalaci\u00f3n \u00abhazlo t\u00fa mismo\u00bb (DIY<\/strong> ) en menos de una hora<\/li>\n<li>Eliminaci\u00f3n sin dejar rastro, sin necesidad de soldar ni cortar los cables<\/li>\n<li>Se maneja mediante varias combinaciones de teclas para facilitar su uso<\/li>\n<li>Instalaci\u00f3n sin problemas gracias a la cara de acoplamiento y los conectores estriados<\/li>\n<li>No es necesario acceder ni abrir las ECUs<\/li>\n<li>Dispone de m\u00faltiples modos operativos para elegir<\/li>\n<li>Tras retirar el m\u00f3dulo, el kilometraje no se ve afectado<\/li>\n<li>Las herramientas de diagn\u00f3stico no pueden detectar el kilometraje alterado<\/li>\n<li>Una vez configurados los ajustes, permanecen guardados permanentemente<\/li>\n<li>El veloc\u00edmetro y todos los sistemas de asistencia siguen funcionando sin problemas<\/li>\n<li>En los veh\u00edculos fabricados a partir de finales de 2020, la activaci\u00f3n de este dispositivo puede activar la luz de control del motor<\/li>\n<li>Para los modos que alteran totalmente el kilometraje, se permiten desviaciones de hasta el 1%; las aproximaciones de kilometraje pueden variar ligeramente<\/li>\n<\/ul>\n<h4><strong>ACTIVACI\u00d3N Y DESACTIVACI\u00d3N<\/strong><\/h4>\n<p><span data-sheets-root=\"1\">\u00bb Con el mando \u00abok\u00bb en el volante, mant\u00e9n pulsado hasta que parpadee el intermitente.<\/span><\/p>\n<p><strong>Modo 1:<\/strong> 1 parpadeo a la izquierda 18 por ciento (Todo funciona velocidad crucero, etc.)<\/p>\n<p><strong>Modo 2:<\/strong> 2 parpadeos a la izquierda 0 por ciento (sin velocidad, sin indicador de combustible)<\/p>\n<p><strong>Modo 3:<\/strong> 1 parpadeo derecha 100% (original)\u00bb.<\/p>\n<p>La herramienta tambi\u00e9n sirve para veh\u00edculos sin volante multifunci\u00f3n. Para cambiar de modo, pulsa la <strong>palanca del limpiaparabrisas tres veces hacia abajo<\/strong> para alternar entre los modos. <\/p>\n<p>El <strong>Detenedor de Kil\u00f3metros Volkswagen T Roc A1<\/strong> conserva los ajustes aplicados previamente, por lo que no es necesario reconfigurarlo antes de cada uso. Se puede activar o desactivar en cualquier momento, tanto si el veh\u00edculo est\u00e1 parado como en movimiento. <\/p>\n<h4><strong>\u00bfQU\u00c9 ES EL BLOQUEADOR DE CUENTAKIL\u00d3METROS O HERRAMIENTA DE CORRECCI\u00d3N DE KILOMETRAJE DEL VOLKSWAGEN T ROC A1?<\/strong><\/h4>\n<p>El <strong>bloqueador de kilometraje Volkswagen T Roc A1<\/strong> est\u00e1 dise\u00f1ado para evitar el kilometraje adicional durante las pruebas de rendimiento del veh\u00edculo. Disponible en <strong>KM Block<\/strong>, este m\u00f3dulo funciona perfectamente tanto con millas como con kil\u00f3metros. <\/p>\n<p>Nuestro software est\u00e1 adaptado a cada marca y modelo de veh\u00edculo para garantizar un rendimiento \u00f3ptimo. El dispositivo es compatible con motores di\u00e9sel, de gasolina, h\u00edbridos y el\u00e9ctricos, incluidos los veh\u00edculos el\u00e9ctricos h\u00edbridos enchufables (PHEV). <\/p>\n<p><strong>Nota:<\/strong> No vendemos herramientas de <strong>correcci\u00f3n del kilometraje<\/strong>, ya que est\u00e1n pensadas para fines fraudulentos y s\u00f3lo pueden eliminar las cifras del cuentakil\u00f3metros, lo que a menudo resulta ineficaz debido a las m\u00faltiples unidades de almacenamiento de datos del veh\u00edculo.<\/p>\n<p>Nuestros dispositivos <strong>bloqueadores de kilometraje<\/strong>, incluso para el Volkswagen T Roc A1, proporcionan una soluci\u00f3n fiable e imposible de rastrear para realizar pruebas en un entorno controlado sin manipular el cuentakil\u00f3metros.<\/p>\n<\/div>\n<\/div>\n<\/div>\n<\/div>\n","protected":false},"excerpt":{"rendered":"<div class=\"flex-shrink-0 flex flex-col relative items-end\">\n<div class=\"pt-0\">\n<div class=\"gizmo-bot-avatar flex h-8 w-8 items-center justify-center overflow-hidden rounded-full\">\n<div class=\"relative p-1 rounded-sm flex items-center justify-center bg-token-main-surface-primary text-token-text-primary h-8 w-8\">\n<p>Antes de hacer el pedido, revisa detenidamente el proceso de activaci\u00f3n del m\u00f3dulo y las notas importantes sobre posibles mensajes de error y<\/p>\n<div class=\"flex-shrink-0 flex flex-col relative items-end\">\n<div class=\"pt-0\">\n<div class=\"gizmo-bot-avatar flex h-8 w-8 items-center justify-center overflow-hidden rounded-full\">\n<div class=\"relative p-1 rounded-sm flex items-center justify-center bg-token-main-surface-primary text-token-text-primary h-8 w-8\">\n<p><strong>PARA LOS MODELOS LANZADOS DESDE 2018.  <\/strong>Instalaci\u00f3n sencilla, hazlo t\u00fa mismo. Rendimiento inigualable para un funcionamiento sin problemas. Equipado con enchufes de primera calidad y cables resistentes al calor. El veloc\u00edmetro y todos los sistemas de asistencia funcionan sin interrupciones.   <\/p>\n<p class=\"p1\"><b> \u2705 Integraci\u00f3n perfecta<\/b><b><\/b><\/p>\n<p class=\"p1\">\u2705<b> F\u00e1cil instalaci\u00f3n<\/b><b><\/b><\/p>\n<p class=\"p1\">\u2705<b> Gesti\u00f3n precisa del kilometraje<\/b><b><\/b><\/p>\n<p class=\"p1\"><b> \u2705 Funcionamiento en modo oculto<\/b><b><\/b><\/p>\n<p class=\"p1\"><span class=\"s1\">\u2705<\/span><b> Soporte y actualizaciones de por vida<\/b><\/p>\n<\/div>\n<\/div>\n<\/div>\n<\/div>\n<\/div>\n<\/div>\n<\/div>\n<\/div>\n","protected":false},"featured_media":948,"comment_status":"open","ping_status":"closed","template":"","meta":[],"product_brand":[],"product_cat":[886],"product_tag":[],"class_list":{"0":"post-9041","1":"product","2":"type-product","3":"status-publish","4":"has-post-thumbnail","6":"product_cat-volkswagen","8":"first","9":"instock","10":"taxable","11":"shipping-taxable","12":"purchasable","13":"product-type-variable"},"yoast_head":"<!-- This site is optimized with the Yoast SEO plugin v27.5 - https:\/\/yoast.com\/product\/yoast-seo-wordpress\/ -->\n<title>Volkswagen T Roc A1 Mileage Blocker (KM stopper) \u2192 KM Block<\/title>\n<meta name=\"description\" content=\"Buy a Volkswagen T Roc A1 Mileage Blocker for the Best Prices \u2713 Free Shipping \u2713 Incl. Installation Guides\" \/>\n<meta name=\"robots\" content=\"index, follow, max-snippet:-1, max-image-preview:large, max-video-preview:-1\" \/>\n<meta property=\"og:locale\" content=\"es_ES\" \/>\n<meta property=\"og:type\" content=\"article\" \/>\n<meta property=\"og:title\" content=\"Volkswagen T Roc A1 Mileage Blocker (KM stopper) \u2192 KM Block\" \/>\n<meta property=\"og:description\" content=\"Buy a Volkswagen T Roc A1 Mileage Blocker for the Best Prices \u2713 Free Shipping \u2713 Incl. Installation Guides\" \/>\n<meta property=\"og:url\" content=\"https:\/\/kmblock.com\/es\/product\/volkswagen-t-roc-a1\/\" \/>\n<meta property=\"og:site_name\" content=\"KM Block\" \/>\n<meta property=\"og:image\" content=\"https:\/\/kmblock.com\/wp-content\/uploads\/2024\/09\/Volkswagen-T-Roc-A1.jpg\" \/>\n\t<meta property=\"og:image:width\" content=\"800\" \/>\n\t<meta property=\"og:image:height\" content=\"800\" \/>\n\t<meta property=\"og:image:type\" content=\"image\/jpeg\" \/>\n<meta name=\"twitter:card\" content=\"summary_large_image\" \/>\n<meta name=\"twitter:label1\" content=\"Tiempo de lectura\" \/>\n\t<meta name=\"twitter:data1\" content=\"3 minutos\" \/>\n<script type=\"application\/ld+json\" class=\"yoast-schema-graph\">{\"@context\":\"https:\\\/\\\/schema.org\",\"@graph\":[{\"@type\":\"WebPage\",\"@id\":\"https:\\\/\\\/kmblock.com\\\/es\\\/product\\\/volkswagen-t-roc-a1\\\/\",\"url\":\"https:\\\/\\\/kmblock.com\\\/es\\\/product\\\/volkswagen-t-roc-a1\\\/\",\"name\":\"Volkswagen T Roc A1 Mileage Blocker (KM stopper) \u2192 KM Block\",\"isPartOf\":{\"@id\":\"https:\\\/\\\/kmblock.com\\\/es\\\/#website\"},\"primaryImageOfPage\":{\"@id\":\"https:\\\/\\\/kmblock.com\\\/es\\\/product\\\/volkswagen-t-roc-a1\\\/#primaryimage\"},\"image\":{\"@id\":\"https:\\\/\\\/kmblock.com\\\/es\\\/product\\\/volkswagen-t-roc-a1\\\/#primaryimage\"},\"thumbnailUrl\":\"https:\\\/\\\/kmblock.com\\\/wp-content\\\/uploads\\\/2024\\\/09\\\/Volkswagen-T-Roc-A1.jpg\",\"datePublished\":\"2024-09-25T10:38:45+00:00\",\"description\":\"Buy a Volkswagen T Roc A1 Mileage Blocker for the Best Prices \u2713 Free Shipping \u2713 Incl. Installation Guides\",\"breadcrumb\":{\"@id\":\"https:\\\/\\\/kmblock.com\\\/es\\\/product\\\/volkswagen-t-roc-a1\\\/#breadcrumb\"},\"inLanguage\":\"es\",\"potentialAction\":[{\"@type\":\"ReadAction\",\"target\":[\"https:\\\/\\\/kmblock.com\\\/es\\\/product\\\/volkswagen-t-roc-a1\\\/\"]}]},{\"@type\":\"ImageObject\",\"inLanguage\":\"es\",\"@id\":\"https:\\\/\\\/kmblock.com\\\/es\\\/product\\\/volkswagen-t-roc-a1\\\/#primaryimage\",\"url\":\"https:\\\/\\\/kmblock.com\\\/wp-content\\\/uploads\\\/2024\\\/09\\\/Volkswagen-T-Roc-A1.jpg\",\"contentUrl\":\"https:\\\/\\\/kmblock.com\\\/wp-content\\\/uploads\\\/2024\\\/09\\\/Volkswagen-T-Roc-A1.jpg\",\"width\":800,\"height\":800,\"caption\":\"Volkswagen T Roc A1\"},{\"@type\":\"BreadcrumbList\",\"@id\":\"https:\\\/\\\/kmblock.com\\\/es\\\/product\\\/volkswagen-t-roc-a1\\\/#breadcrumb\",\"itemListElement\":[{\"@type\":\"ListItem\",\"position\":1,\"name\":\"Inicio\",\"item\":\"https:\\\/\\\/kmblock.com\\\/es\\\/\"},{\"@type\":\"ListItem\",\"position\":2,\"name\":\"Productos\",\"item\":\"https:\\\/\\\/kmblock.com\\\/es\\\/shop\\\/\"},{\"@type\":\"ListItem\",\"position\":3,\"name\":\"Volkswagen T Roc A1\"}]},{\"@type\":\"WebSite\",\"@id\":\"https:\\\/\\\/kmblock.com\\\/es\\\/#website\",\"url\":\"https:\\\/\\\/kmblock.com\\\/es\\\/\",\"name\":\"KM Block\",\"description\":\"\",\"publisher\":{\"@id\":\"https:\\\/\\\/kmblock.com\\\/es\\\/#organization\"},\"potentialAction\":[{\"@type\":\"SearchAction\",\"target\":{\"@type\":\"EntryPoint\",\"urlTemplate\":\"https:\\\/\\\/kmblock.com\\\/es\\\/?s={search_term_string}\"},\"query-input\":{\"@type\":\"PropertyValueSpecification\",\"valueRequired\":true,\"valueName\":\"search_term_string\"}}],\"inLanguage\":\"es\"},{\"@type\":\"Organization\",\"@id\":\"https:\\\/\\\/kmblock.com\\\/es\\\/#organization\",\"name\":\"Bloque KM\",\"url\":\"https:\\\/\\\/kmblock.com\\\/es\\\/\",\"logo\":{\"@type\":\"ImageObject\",\"inLanguage\":\"es\",\"@id\":\"https:\\\/\\\/kmblock.com\\\/es\\\/#\\\/schema\\\/logo\\\/image\\\/\",\"url\":\"https:\\\/\\\/kmblock.com\\\/wp-content\\\/uploads\\\/2024\\\/08\\\/main-logo.png\",\"contentUrl\":\"https:\\\/\\\/kmblock.com\\\/wp-content\\\/uploads\\\/2024\\\/08\\\/main-logo.png\",\"width\":186,\"height\":28,\"caption\":\"Bloque KM\"},\"image\":{\"@id\":\"https:\\\/\\\/kmblock.com\\\/es\\\/#\\\/schema\\\/logo\\\/image\\\/\"}}]}<\/script>\n<!-- \/ Yoast SEO plugin. -->","yoast_head_json":{"title":"Volkswagen T Roc A1 Mileage Blocker (KM stopper) \u2192 KM Block","description":"Buy a Volkswagen T Roc A1 Mileage Blocker for the Best Prices \u2713 Free Shipping \u2713 Incl. Installation Guides","robots":{"index":"index","follow":"follow","max-snippet":"max-snippet:-1","max-image-preview":"max-image-preview:large","max-video-preview":"max-video-preview:-1"},"og_locale":"es_ES","og_type":"article","og_title":"Volkswagen T Roc A1 Mileage Blocker (KM stopper) \u2192 KM Block","og_description":"Buy a Volkswagen T Roc A1 Mileage Blocker for the Best Prices \u2713 Free Shipping \u2713 Incl. Installation Guides","og_url":"https:\/\/kmblock.com\/es\/product\/volkswagen-t-roc-a1\/","og_site_name":"KM Block","og_image":[{"width":800,"height":800,"url":"https:\/\/kmblock.com\/wp-content\/uploads\/2024\/09\/Volkswagen-T-Roc-A1.jpg","type":"image\/jpeg"}],"twitter_card":"summary_large_image","twitter_misc":{"Tiempo de lectura":"3 minutos"},"schema":{"@context":"https:\/\/schema.org","@graph":[{"@type":"WebPage","@id":"https:\/\/kmblock.com\/es\/product\/volkswagen-t-roc-a1\/","url":"https:\/\/kmblock.com\/es\/product\/volkswagen-t-roc-a1\/","name":"Volkswagen T Roc A1 Mileage Blocker (KM stopper) \u2192 KM Block","isPartOf":{"@id":"https:\/\/kmblock.com\/es\/#website"},"primaryImageOfPage":{"@id":"https:\/\/kmblock.com\/es\/product\/volkswagen-t-roc-a1\/#primaryimage"},"image":{"@id":"https:\/\/kmblock.com\/es\/product\/volkswagen-t-roc-a1\/#primaryimage"},"thumbnailUrl":"https:\/\/kmblock.com\/wp-content\/uploads\/2024\/09\/Volkswagen-T-Roc-A1.jpg","datePublished":"2024-09-25T10:38:45+00:00","description":"Buy a Volkswagen T Roc A1 Mileage Blocker for the Best Prices \u2713 Free Shipping \u2713 Incl. Installation Guides","breadcrumb":{"@id":"https:\/\/kmblock.com\/es\/product\/volkswagen-t-roc-a1\/#breadcrumb"},"inLanguage":"es","potentialAction":[{"@type":"ReadAction","target":["https:\/\/kmblock.com\/es\/product\/volkswagen-t-roc-a1\/"]}]},{"@type":"ImageObject","inLanguage":"es","@id":"https:\/\/kmblock.com\/es\/product\/volkswagen-t-roc-a1\/#primaryimage","url":"https:\/\/kmblock.com\/wp-content\/uploads\/2024\/09\/Volkswagen-T-Roc-A1.jpg","contentUrl":"https:\/\/kmblock.com\/wp-content\/uploads\/2024\/09\/Volkswagen-T-Roc-A1.jpg","width":800,"height":800,"caption":"Volkswagen T Roc A1"},{"@type":"BreadcrumbList","@id":"https:\/\/kmblock.com\/es\/product\/volkswagen-t-roc-a1\/#breadcrumb","itemListElement":[{"@type":"ListItem","position":1,"name":"Inicio","item":"https:\/\/kmblock.com\/es\/"},{"@type":"ListItem","position":2,"name":"Productos","item":"https:\/\/kmblock.com\/es\/shop\/"},{"@type":"ListItem","position":3,"name":"Volkswagen T Roc A1"}]},{"@type":"WebSite","@id":"https:\/\/kmblock.com\/es\/#website","url":"https:\/\/kmblock.com\/es\/","name":"KM Block","description":"","publisher":{"@id":"https:\/\/kmblock.com\/es\/#organization"},"potentialAction":[{"@type":"SearchAction","target":{"@type":"EntryPoint","urlTemplate":"https:\/\/kmblock.com\/es\/?s={search_term_string}"},"query-input":{"@type":"PropertyValueSpecification","valueRequired":true,"valueName":"search_term_string"}}],"inLanguage":"es"},{"@type":"Organization","@id":"https:\/\/kmblock.com\/es\/#organization","name":"Bloque KM","url":"https:\/\/kmblock.com\/es\/","logo":{"@type":"ImageObject","inLanguage":"es","@id":"https:\/\/kmblock.com\/es\/#\/schema\/logo\/image\/","url":"https:\/\/kmblock.com\/wp-content\/uploads\/2024\/08\/main-logo.png","contentUrl":"https:\/\/kmblock.com\/wp-content\/uploads\/2024\/08\/main-logo.png","width":186,"height":28,"caption":"Bloque KM"},"image":{"@id":"https:\/\/kmblock.com\/es\/#\/schema\/logo\/image\/"}}]}},"_links":{"self":[{"href":"https:\/\/kmblock.com\/es\/wp-json\/wp\/v2\/product\/9041","targetHints":{"allow":["GET"]}}],"collection":[{"href":"https:\/\/kmblock.com\/es\/wp-json\/wp\/v2\/product"}],"about":[{"href":"https:\/\/kmblock.com\/es\/wp-json\/wp\/v2\/types\/product"}],"replies":[{"embeddable":true,"href":"https:\/\/kmblock.com\/es\/wp-json\/wp\/v2\/comments?post=9041"}],"wp:featuredmedia":[{"embeddable":true,"href":"https:\/\/kmblock.com\/es\/wp-json\/wp\/v2\/media\/948"}],"wp:attachment":[{"href":"https:\/\/kmblock.com\/es\/wp-json\/wp\/v2\/media?parent=9041"}],"wp:term":[{"taxonomy":"product_brand","embeddable":true,"href":"https:\/\/kmblock.com\/es\/wp-json\/wp\/v2\/product_brand?post=9041"},{"taxonomy":"product_cat","embeddable":true,"href":"https:\/\/kmblock.com\/es\/wp-json\/wp\/v2\/product_cat?post=9041"},{"taxonomy":"product_tag","embeddable":true,"href":"https:\/\/kmblock.com\/es\/wp-json\/wp\/v2\/product_tag?post=9041"}],"curies":[{"name":"wp","href":"https:\/\/api.w.org\/{rel}","templated":true}]}}