{"id":9025,"date":"2024-09-25T10:59:04","date_gmt":"2024-09-25T10:59:04","guid":{"rendered":"https:\/\/kmblock.com\/product\/volkswagen-t6\/"},"modified":"2025-11-26T01:34:15","modified_gmt":"2025-11-26T01:34:15","slug":"volkswagen-t6","status":"publish","type":"product","link":"https:\/\/kmblock.com\/es\/product\/volkswagen-t6\/","title":{"rendered":"Volkswagen T6"},"content":{"rendered":"<div class=\"flex max-w-full flex-col flex-grow\">\n<div class=\"min-h-[20px] text-message flex w-full flex-col items-end gap-2 whitespace-normal break-words [.text-message+&amp;]:mt-5\" dir=\"auto\" data-message-author-role=\"assistant\" data-message-id=\"d6917fa6-327f-426b-8c95-0356a88e4710\">\n<div class=\"flex w-full flex-col gap-1 empty:hidden first:pt-[3px]\">\n<div class=\"markdown prose w-full break-words dark:prose-invert dark\">\n<div class=\"flex-1 overflow-hidden\">\n<div class=\"h-full\">\n<div class=\"react-scroll-to-bottom--css-igras-79elbk h-full\">\n<div class=\"react-scroll-to-bottom--css-igras-1n7m0yu\">\n<div class=\"flex flex-col text-sm md:pb-9\">\n<article class=\"w-full text-token-text-primary focus-visible:outline-2 focus-visible:outline-offset-[-4px]\" dir=\"auto\" data-testid=\"conversation-turn-39\" data-scroll-anchor=\"true\">\n<div class=\"text-base py-[18px] px-3 md:px-4 m-auto w-full md:px-5 lg:px-4 xl:px-5\">\n<div class=\"mx-auto flex flex-1 gap-4 text-base md:gap-5 lg:gap-6 md:max-w-3xl lg:max-w-[40rem] xl:max-w-[48rem]\">\n<div class=\"group\/conversation-turn relative flex w-full min-w-0 flex-col agent-turn\">\n<div class=\"flex-col gap-1 md:gap-3\">\n<div class=\"flex max-w-full flex-col flex-grow\">\n<div class=\"min-h-8 text-message flex w-full flex-col items-end gap-2 whitespace-normal break-words [.text-message+&amp;]:mt-5\" dir=\"auto\" data-message-author-role=\"assistant\" data-message-id=\"94262946-86db-408d-bd5a-d72f16e1950f\">\n<div class=\"flex w-full flex-col gap-1 empty:hidden first:pt-[3px]\">\n<div class=\"markdown prose w-full break-words dark:prose-invert dark\">\n<h3><strong>BLOQUEADOR DE KILOMETRAJE PARA VOLKSWAGEN T6<\/strong><\/h3>\n<p>El <strong>bloqueador de cuentakil\u00f3metros Volkswagen T6<\/strong> se conoce com\u00fanmente como <strong>bloqueador de cuentakil\u00f3metros, bloqueador de cuentakil\u00f3metros, bloqueador de latas, bloqueador de cuentakil\u00f3metros, cuentakil\u00f3metros de viaje, filtro de latas<\/strong> y, a veces, como <strong>herramienta de correcci\u00f3n de cuentakil\u00f3metros<\/strong>.<\/p>\n<p><strong>ESTE DISPOSITIVO ES ADECUADO PARA TODOS LOS MODELOS VOLKSWAGEN T6 LANZADOS ENTRE 2015-2019.<\/strong><\/p>\n<h3>ESPECIFICACIONES:<\/h3>\n<ul>\n<li><strong>Instalaci\u00f3n \u00abhazlo t\u00fa mismo\u00bb (DIY)<\/strong><\/li>\n<li><strong>F\u00e1cil manejo<\/strong> con m\u00faltiples combinaciones de teclas<\/li>\n<li><strong>Sin rastro tras la retirada<\/strong>: no es necesario soldar ni cortar los cables<\/li>\n<li><strong>No<\/strong> aparecen <strong>mensajes de error<\/strong> en el veloc\u00edmetro ni en el panel de navegaci\u00f3n<\/li>\n<li>Se puede <strong>activar y desactivar en movimiento<\/strong><\/li>\n<li>Dispone de <strong>varios modos<\/strong> para manipular el kilometraje<\/li>\n<li><strong>Los comprobadores de diagn\u00f3stico<\/strong> no pueden detectar un kilometraje alterado<\/li>\n<li>Los ajustes se guardan autom\u00e1ticamente despu\u00e9s de configurarlos una vez<\/li>\n<li><strong>Enchufes de primera calidad<\/strong> y <strong>cables resistentes al calor<\/strong><\/li>\n<li>La <strong>cara de acoplamiento y los rebordes<\/strong> garantizan un proceso de instalaci\u00f3n sin problemas<\/li>\n<li><strong>Desviaci\u00f3n de hasta el 1%<\/strong> en el modo de kilometraje totalmente parado; pueden producirse peque\u00f1as diferencias.<\/li>\n<\/ul>\n<h3>ACTIVACI\u00d3N Y DESACTIVACI\u00d3N:<\/h3>\n<p><span data-sheets-root=\"1\">\u00bb Con el mando \u00abok\u00bb en el volante, mant\u00e9n pulsado hasta que parpadee el intermitente.<\/span><\/p>\n<p><strong>Modo 1<\/strong>: 1 parpadeo a la izquierda 18 por ciento (Todo funciona velocidad crucero, etc.)<\/p>\n<p><strong>Modo 2<\/strong>: 2 parpadeos a la izquierda 0 por ciento (sin velocidad, sin indicador de combustible)<\/p>\n<p><strong>Modo 3<\/strong>: 1 parpadeo a la derecha 100% (original)\u00bb.<\/p>\n<p>El <strong>Tope Kilom\u00e9trico del Volkswagen T6<\/strong> recuerda los \u00faltimos ajustes aplicados, para que no tengas que ajustarlos cada vez que arranques el veh\u00edculo. El dispositivo puede activarse o desactivarse tanto mientras conduces como cuando est\u00e1s parado. <\/p>\n<h3>\u00bfQU\u00c9 ES UN BLOQUEADOR DE CUENTAKIL\u00d3METROS VOLKSWAGEN T6?<\/h3>\n<p>El <strong>bloqueador de kilometraje \/ bloqueador de cuentakil\u00f3metros del Volkswagen T6<\/strong> est\u00e1 dise\u00f1ado para evitar el recuento de kilometraje innecesario durante las pruebas de rendimiento del veh\u00edculo. En <strong>KM Block<\/strong>, el m\u00f3dulo est\u00e1 fabricado con componentes de primera calidad y funciona para cuentakil\u00f3metros que indican tanto millas como kil\u00f3metros (km). Nuestro software est\u00e1 hecho a medida para cada modelo de veh\u00edculo, lo que garantiza un funcionamiento impecable. El Bloqueador de Kilometraje funciona perfectamente con motores di\u00e9sel-gasolina, veh\u00edculos el\u00e9ctricos h\u00edbridos enchufables (PHEV) y coches el\u00e9ctricos.   <\/p>\n<p>Es esencial tener en cuenta que no vendemos <strong>herramientas de correcci\u00f3n del kilometraje<\/strong> para el <strong>Volkswagen T6<\/strong>, ya que est\u00e1n destinadas a un uso ilegal, como anular las lecturas del cuentakil\u00f3metros. Estas herramientas no pueden invertir totalmente el kilometraje debido al almacenamiento de datos en varios sistemas. <\/p>\n<p>Nuestros <strong>dispositivos para detener el kilometraje<\/strong> son f\u00e1ciles de instalar en varios modelos. Se conectan al veloc\u00edmetro y al cuadro de instrumentos y no requieren conocimientos especiales de mec\u00e1nica. <\/p>\n<p>El <strong>Bloqueador de Kilometraje Volkswagen T6<\/strong> es perfecto para probar el rendimiento del veh\u00edculo en un entorno controlado, con la flexibilidad de activarlo o desactivarlo en cualquier momento.<\/p>\n<\/div>\n<\/div>\n<\/div>\n<\/div>\n<\/div>\n<\/div>\n<\/div>\n<\/div>\n<\/article>\n<\/div>\n<\/div>\n<\/div>\n<\/div>\n<\/div>\n<\/div>\n<\/div>\n<\/div>\n<\/div>\n","protected":false},"excerpt":{"rendered":"<div class=\"flex-shrink-0 flex flex-col relative items-end\">\n<div class=\"pt-0\">\n<div class=\"gizmo-bot-avatar flex h-8 w-8 items-center justify-center overflow-hidden rounded-full\">\n<div class=\"relative p-1 rounded-sm flex items-center justify-center bg-token-main-surface-primary text-token-text-primary h-8 w-8\">\n<p>Antes de hacer el pedido, revisa detenidamente el proceso de activaci\u00f3n del m\u00f3dulo y las notas importantes sobre posibles mensajes de error y<\/p>\n<div class=\"flex-shrink-0 flex flex-col relative items-end\">\n<div class=\"pt-0\">\n<div class=\"gizmo-bot-avatar flex h-8 w-8 items-center justify-center overflow-hidden rounded-full\">\n<div class=\"relative p-1 rounded-sm flex items-center justify-center bg-token-main-surface-primary text-token-text-primary h-8 w-8\">\n<p><strong>PARA LOS MODELOS LANZADOS ENTRE 2015-2019.  <\/strong>El indicador de velocidad y los sistemas de asistencia funcionan en funci\u00f3n del modo seleccionado. La instalaci\u00f3n \u00abhazlo t\u00fa mismo\u00bb permite una configuraci\u00f3n sencilla. Se puede activar en movimiento. Viene con enchufes de primera calidad y cables resistentes al calor para mayor durabilidad.   <\/p>\n<p class=\"p1\"><b> \u2705 Integraci\u00f3n perfecta<\/b><b><\/b><\/p>\n<p class=\"p1\">\u2705<b> F\u00e1cil instalaci\u00f3n<\/b><b><\/b><\/p>\n<p class=\"p1\">\u2705<b> Gesti\u00f3n precisa del kilometraje<\/b><b><\/b><\/p>\n<p class=\"p1\"><b> \u2705 Funcionamiento en modo oculto<\/b><b><\/b><\/p>\n<p class=\"p1\"><span class=\"s1\">\u2705<\/span><b> Soporte y actualizaciones de por vida<\/b><\/p>\n<\/div>\n<\/div>\n<\/div>\n<\/div>\n<\/div>\n<\/div>\n<\/div>\n<\/div>\n","protected":false},"featured_media":954,"comment_status":"open","ping_status":"closed","template":"","meta":[],"product_brand":[],"product_cat":[886],"product_tag":[],"class_list":{"0":"post-9025","1":"product","2":"type-product","3":"status-publish","4":"has-post-thumbnail","6":"product_cat-volkswagen","8":"first","9":"instock","10":"taxable","11":"shipping-taxable","12":"purchasable","13":"product-type-variable"},"yoast_head":"<!-- This site is optimized with the Yoast SEO plugin v27.5 - https:\/\/yoast.com\/product\/yoast-seo-wordpress\/ -->\n<title>Volkswagen T6 Mileage Blocker (KM stopper) \u2192 KM Block<\/title>\n<meta name=\"description\" content=\"Buy a Volkswagen T6 Mileage Blocker for the Best Prices \u2713 Free Shipping \u2713 Incl. Installation Guides\" \/>\n<meta name=\"robots\" content=\"index, follow, max-snippet:-1, max-image-preview:large, max-video-preview:-1\" \/>\n<meta property=\"og:locale\" content=\"es_ES\" \/>\n<meta property=\"og:type\" content=\"article\" \/>\n<meta property=\"og:title\" content=\"Volkswagen T6 Mileage Blocker (KM stopper) \u2192 KM Block\" \/>\n<meta property=\"og:description\" content=\"Buy a Volkswagen T6 Mileage Blocker for the Best Prices \u2713 Free Shipping \u2713 Incl. Installation Guides\" \/>\n<meta property=\"og:url\" content=\"https:\/\/kmblock.com\/es\/product\/volkswagen-t6\/\" \/>\n<meta property=\"og:site_name\" content=\"KM Block\" \/>\n<meta property=\"article:modified_time\" content=\"2025-11-26T01:34:15+00:00\" \/>\n<meta property=\"og:image\" content=\"https:\/\/kmblock.com\/wp-content\/uploads\/2024\/09\/Volkswagen-T6.jpg\" \/>\n\t<meta property=\"og:image:width\" content=\"800\" \/>\n\t<meta property=\"og:image:height\" content=\"800\" \/>\n\t<meta property=\"og:image:type\" content=\"image\/jpeg\" \/>\n<meta name=\"twitter:card\" content=\"summary_large_image\" \/>\n<meta name=\"twitter:label1\" content=\"Tiempo de lectura\" \/>\n\t<meta name=\"twitter:data1\" content=\"2 minutos\" \/>\n<script type=\"application\/ld+json\" class=\"yoast-schema-graph\">{\"@context\":\"https:\\\/\\\/schema.org\",\"@graph\":[{\"@type\":\"WebPage\",\"@id\":\"https:\\\/\\\/kmblock.com\\\/es\\\/product\\\/volkswagen-t6\\\/\",\"url\":\"https:\\\/\\\/kmblock.com\\\/es\\\/product\\\/volkswagen-t6\\\/\",\"name\":\"Volkswagen T6 Mileage Blocker (KM stopper) \u2192 KM Block\",\"isPartOf\":{\"@id\":\"https:\\\/\\\/kmblock.com\\\/es\\\/#website\"},\"primaryImageOfPage\":{\"@id\":\"https:\\\/\\\/kmblock.com\\\/es\\\/product\\\/volkswagen-t6\\\/#primaryimage\"},\"image\":{\"@id\":\"https:\\\/\\\/kmblock.com\\\/es\\\/product\\\/volkswagen-t6\\\/#primaryimage\"},\"thumbnailUrl\":\"https:\\\/\\\/kmblock.com\\\/wp-content\\\/uploads\\\/2024\\\/09\\\/Volkswagen-T6.jpg\",\"datePublished\":\"2024-09-25T10:59:04+00:00\",\"dateModified\":\"2025-11-26T01:34:15+00:00\",\"description\":\"Buy a Volkswagen T6 Mileage Blocker for the Best Prices \u2713 Free Shipping \u2713 Incl. Installation Guides\",\"breadcrumb\":{\"@id\":\"https:\\\/\\\/kmblock.com\\\/es\\\/product\\\/volkswagen-t6\\\/#breadcrumb\"},\"inLanguage\":\"es\",\"potentialAction\":[{\"@type\":\"ReadAction\",\"target\":[\"https:\\\/\\\/kmblock.com\\\/es\\\/product\\\/volkswagen-t6\\\/\"]}]},{\"@type\":\"ImageObject\",\"inLanguage\":\"es\",\"@id\":\"https:\\\/\\\/kmblock.com\\\/es\\\/product\\\/volkswagen-t6\\\/#primaryimage\",\"url\":\"https:\\\/\\\/kmblock.com\\\/wp-content\\\/uploads\\\/2024\\\/09\\\/Volkswagen-T6.jpg\",\"contentUrl\":\"https:\\\/\\\/kmblock.com\\\/wp-content\\\/uploads\\\/2024\\\/09\\\/Volkswagen-T6.jpg\",\"width\":800,\"height\":800,\"caption\":\"Volkswagen T6\"},{\"@type\":\"BreadcrumbList\",\"@id\":\"https:\\\/\\\/kmblock.com\\\/es\\\/product\\\/volkswagen-t6\\\/#breadcrumb\",\"itemListElement\":[{\"@type\":\"ListItem\",\"position\":1,\"name\":\"Inicio\",\"item\":\"https:\\\/\\\/kmblock.com\\\/es\\\/\"},{\"@type\":\"ListItem\",\"position\":2,\"name\":\"Productos\",\"item\":\"https:\\\/\\\/kmblock.com\\\/es\\\/shop\\\/\"},{\"@type\":\"ListItem\",\"position\":3,\"name\":\"Volkswagen T6\"}]},{\"@type\":\"WebSite\",\"@id\":\"https:\\\/\\\/kmblock.com\\\/es\\\/#website\",\"url\":\"https:\\\/\\\/kmblock.com\\\/es\\\/\",\"name\":\"KM Block\",\"description\":\"\",\"publisher\":{\"@id\":\"https:\\\/\\\/kmblock.com\\\/es\\\/#organization\"},\"potentialAction\":[{\"@type\":\"SearchAction\",\"target\":{\"@type\":\"EntryPoint\",\"urlTemplate\":\"https:\\\/\\\/kmblock.com\\\/es\\\/?s={search_term_string}\"},\"query-input\":{\"@type\":\"PropertyValueSpecification\",\"valueRequired\":true,\"valueName\":\"search_term_string\"}}],\"inLanguage\":\"es\"},{\"@type\":\"Organization\",\"@id\":\"https:\\\/\\\/kmblock.com\\\/es\\\/#organization\",\"name\":\"Bloque KM\",\"url\":\"https:\\\/\\\/kmblock.com\\\/es\\\/\",\"logo\":{\"@type\":\"ImageObject\",\"inLanguage\":\"es\",\"@id\":\"https:\\\/\\\/kmblock.com\\\/es\\\/#\\\/schema\\\/logo\\\/image\\\/\",\"url\":\"https:\\\/\\\/kmblock.com\\\/wp-content\\\/uploads\\\/2024\\\/08\\\/main-logo.png\",\"contentUrl\":\"https:\\\/\\\/kmblock.com\\\/wp-content\\\/uploads\\\/2024\\\/08\\\/main-logo.png\",\"width\":186,\"height\":28,\"caption\":\"Bloque KM\"},\"image\":{\"@id\":\"https:\\\/\\\/kmblock.com\\\/es\\\/#\\\/schema\\\/logo\\\/image\\\/\"}}]}<\/script>\n<!-- \/ Yoast SEO plugin. -->","yoast_head_json":{"title":"Volkswagen T6 Mileage Blocker (KM stopper) \u2192 KM Block","description":"Buy a Volkswagen T6 Mileage Blocker for the Best Prices \u2713 Free Shipping \u2713 Incl. Installation Guides","robots":{"index":"index","follow":"follow","max-snippet":"max-snippet:-1","max-image-preview":"max-image-preview:large","max-video-preview":"max-video-preview:-1"},"og_locale":"es_ES","og_type":"article","og_title":"Volkswagen T6 Mileage Blocker (KM stopper) \u2192 KM Block","og_description":"Buy a Volkswagen T6 Mileage Blocker for the Best Prices \u2713 Free Shipping \u2713 Incl. Installation Guides","og_url":"https:\/\/kmblock.com\/es\/product\/volkswagen-t6\/","og_site_name":"KM Block","article_modified_time":"2025-11-26T01:34:15+00:00","og_image":[{"width":800,"height":800,"url":"https:\/\/kmblock.com\/wp-content\/uploads\/2024\/09\/Volkswagen-T6.jpg","type":"image\/jpeg"}],"twitter_card":"summary_large_image","twitter_misc":{"Tiempo de lectura":"2 minutos"},"schema":{"@context":"https:\/\/schema.org","@graph":[{"@type":"WebPage","@id":"https:\/\/kmblock.com\/es\/product\/volkswagen-t6\/","url":"https:\/\/kmblock.com\/es\/product\/volkswagen-t6\/","name":"Volkswagen T6 Mileage Blocker (KM stopper) \u2192 KM Block","isPartOf":{"@id":"https:\/\/kmblock.com\/es\/#website"},"primaryImageOfPage":{"@id":"https:\/\/kmblock.com\/es\/product\/volkswagen-t6\/#primaryimage"},"image":{"@id":"https:\/\/kmblock.com\/es\/product\/volkswagen-t6\/#primaryimage"},"thumbnailUrl":"https:\/\/kmblock.com\/wp-content\/uploads\/2024\/09\/Volkswagen-T6.jpg","datePublished":"2024-09-25T10:59:04+00:00","dateModified":"2025-11-26T01:34:15+00:00","description":"Buy a Volkswagen T6 Mileage Blocker for the Best Prices \u2713 Free Shipping \u2713 Incl. Installation Guides","breadcrumb":{"@id":"https:\/\/kmblock.com\/es\/product\/volkswagen-t6\/#breadcrumb"},"inLanguage":"es","potentialAction":[{"@type":"ReadAction","target":["https:\/\/kmblock.com\/es\/product\/volkswagen-t6\/"]}]},{"@type":"ImageObject","inLanguage":"es","@id":"https:\/\/kmblock.com\/es\/product\/volkswagen-t6\/#primaryimage","url":"https:\/\/kmblock.com\/wp-content\/uploads\/2024\/09\/Volkswagen-T6.jpg","contentUrl":"https:\/\/kmblock.com\/wp-content\/uploads\/2024\/09\/Volkswagen-T6.jpg","width":800,"height":800,"caption":"Volkswagen T6"},{"@type":"BreadcrumbList","@id":"https:\/\/kmblock.com\/es\/product\/volkswagen-t6\/#breadcrumb","itemListElement":[{"@type":"ListItem","position":1,"name":"Inicio","item":"https:\/\/kmblock.com\/es\/"},{"@type":"ListItem","position":2,"name":"Productos","item":"https:\/\/kmblock.com\/es\/shop\/"},{"@type":"ListItem","position":3,"name":"Volkswagen T6"}]},{"@type":"WebSite","@id":"https:\/\/kmblock.com\/es\/#website","url":"https:\/\/kmblock.com\/es\/","name":"KM Block","description":"","publisher":{"@id":"https:\/\/kmblock.com\/es\/#organization"},"potentialAction":[{"@type":"SearchAction","target":{"@type":"EntryPoint","urlTemplate":"https:\/\/kmblock.com\/es\/?s={search_term_string}"},"query-input":{"@type":"PropertyValueSpecification","valueRequired":true,"valueName":"search_term_string"}}],"inLanguage":"es"},{"@type":"Organization","@id":"https:\/\/kmblock.com\/es\/#organization","name":"Bloque KM","url":"https:\/\/kmblock.com\/es\/","logo":{"@type":"ImageObject","inLanguage":"es","@id":"https:\/\/kmblock.com\/es\/#\/schema\/logo\/image\/","url":"https:\/\/kmblock.com\/wp-content\/uploads\/2024\/08\/main-logo.png","contentUrl":"https:\/\/kmblock.com\/wp-content\/uploads\/2024\/08\/main-logo.png","width":186,"height":28,"caption":"Bloque KM"},"image":{"@id":"https:\/\/kmblock.com\/es\/#\/schema\/logo\/image\/"}}]}},"_links":{"self":[{"href":"https:\/\/kmblock.com\/es\/wp-json\/wp\/v2\/product\/9025","targetHints":{"allow":["GET"]}}],"collection":[{"href":"https:\/\/kmblock.com\/es\/wp-json\/wp\/v2\/product"}],"about":[{"href":"https:\/\/kmblock.com\/es\/wp-json\/wp\/v2\/types\/product"}],"replies":[{"embeddable":true,"href":"https:\/\/kmblock.com\/es\/wp-json\/wp\/v2\/comments?post=9025"}],"wp:featuredmedia":[{"embeddable":true,"href":"https:\/\/kmblock.com\/es\/wp-json\/wp\/v2\/media\/954"}],"wp:attachment":[{"href":"https:\/\/kmblock.com\/es\/wp-json\/wp\/v2\/media?parent=9025"}],"wp:term":[{"taxonomy":"product_brand","embeddable":true,"href":"https:\/\/kmblock.com\/es\/wp-json\/wp\/v2\/product_brand?post=9025"},{"taxonomy":"product_cat","embeddable":true,"href":"https:\/\/kmblock.com\/es\/wp-json\/wp\/v2\/product_cat?post=9025"},{"taxonomy":"product_tag","embeddable":true,"href":"https:\/\/kmblock.com\/es\/wp-json\/wp\/v2\/product_tag?post=9025"}],"curies":[{"name":"wp","href":"https:\/\/api.w.org\/{rel}","templated":true}]}}