{"id":8910,"date":"2024-12-22T19:58:56","date_gmt":"2024-12-22T19:58:56","guid":{"rendered":"https:\/\/kmblock.com\/product\/mini-cooper-countryman-f60\/"},"modified":"2026-02-18T20:20:01","modified_gmt":"2026-02-18T20:20:01","slug":"mini-cooper-countryman-f60","status":"publish","type":"product","link":"https:\/\/kmblock.com\/es\/product\/mini-cooper-countryman-f60\/","title":{"rendered":"Mini Cooper Countryman F60"},"content":{"rendered":"<p><strong>Congelador KM\/Millas para Mini Countryman F60 (2015 en adelante)<\/strong><\/p>\n<p><strong>Descripci\u00f3n:<\/strong><br \/>\nEste Congelador de KM\/Millas es compatible con el Mini Countryman F60 a partir de 2015. Permite que el veh\u00edculo deje de contar kil\u00f3metros durante la conducci\u00f3n, sin que el veloc\u00edmetro deje de funcionar normalmente. <\/p>\n<p><strong>Caracter\u00edsticas principales:<\/strong><\/p>\n<ul>\n<li><strong>Instalaci\u00f3n Plug &amp; Play:<\/strong>\n<ul>\n<li>No es necesario soldar, cortar ni acceder a la ECU.<\/li>\n<li>Se conecta f\u00e1cilmente utilizando los enchufes originales del veh\u00edculo.<\/li>\n<\/ul>\n<\/li>\n<li><strong>Rendimiento:<\/strong>\n<ul>\n<li>Congela todas las memorias de KM\/Millas durante el funcionamiento.<\/li>\n<li>El kilometraje no vuelve a aumentar despu\u00e9s de retirar el m\u00f3dulo.<\/li>\n<li>El veloc\u00edmetro y la navegaci\u00f3n siguen sin errores.<\/li>\n<\/ul>\n<\/li>\n<li><strong>Activaci\u00f3n f\u00e1cil de usar:<\/strong><\/li>\n<\/ul>\n<p>\u00ab\u00bbEnci\u00e9ndelo manteniendo pulsado el \u00abbot\u00f3n BC\u00bb del manillar durante 10 segundos hasta que parpadee el intermitente.<\/p>\n<p><strong>Modo activado:<\/strong> cuenta 0% de kil\u00f3metros. el intermitente parpadea una vez hacia la izquierda.  Todo funciona correctamente.<\/p>\n<p><strong>Modo Apagado:<\/strong> cuenta el 100% del kilometraje. El intermitente parpadea una vez a la derecha. todo funciona correctamente\u00bb\u00bb.<\/p>\n<p>\u00ab\u00bbEnciende pulsando 5 veces el bot\u00f3n &#8216;BC&#8217; hasta que parpadee el intermitente.<\/p>\n<p><strong>Modo 1:<\/strong> cuenta el 30% de los kil\u00f3metros. el intermitente parpadea una vez hacia la izquierda.  Todo funciona correctamente.<\/p>\n<p><strong>Modo 2:<\/strong> cuenta el 100% del kilometraje. El intermitente parpadea una vez a la derecha. todo funciona bien.  <\/p>\n<p><strong>Modo 3:<\/strong> Cuenta el 0% del kilometraje. Ambos intermitentes parpadean una vez. La velocidad no funciona\u00bb\u00bb.<\/p>\n<p><strong>Ventajas:<\/strong><br \/>\n\u2714\ufe0f Configuraci\u00f3n sencilla y r\u00e1pida sin modificaciones en el veh\u00edculo.<br \/>\n\u2714\ufe0f Sin mensajes de error ni problemas de rendimiento.<br \/>\n\u2714\ufe0f Conectores de alta calidad para un rendimiento fiable.<br \/>\n\u2714\ufe0f Elecci\u00f3n entre recuento de kil\u00f3metros normal o congelado.<br \/>\n\u2714\ufe0f Desactiva la funci\u00f3n de arranque y parada autom\u00e1ticos durante el funcionamiento.<\/p>\n<p><strong>Compatibilidad:<\/strong><br \/>\nEste m\u00f3dulo congelador KM\/Miles es apto para todos los modelos Mini hasta 2020 inclusive.<\/p>\n<p><strong>Nota:<\/strong><br \/>\nEste producto est\u00e1 destinado a uso profesional y puede estar sujeto a restricciones legales seg\u00fan la regi\u00f3n. Aseg\u00farate de cumplir las leyes locales antes de la instalaci\u00f3n. <\/p>\n","protected":false},"excerpt":{"rendered":"<div class=\"flex max-w-full flex-col flex-grow\">\n<div class=\"min-h-8 text-message flex w-full flex-col items-end gap-2 whitespace-normal break-words [.text-message+&amp;]:mt-5\" dir=\"auto\" data-message-author-role=\"assistant\" data-message-id=\"a441b426-36fd-46d5-8aba-1f7451c77ece\" data-message-model-slug=\"gpt-4o\">\n<div class=\"flex w-full flex-col gap-1 empty:hidden first:pt-[3px]\">\n<div class=\"markdown prose w-full break-words dark:prose-invert light\">\n<p><strong>Congelador Stop KM\/Millas para Mini Countryman F60<\/strong><\/p>\n<p><strong>Modelos compatibles:<\/strong> Mini Countryman F60, Mini Clubman F54, Mini Hatch F55 (5 Puertas), Mini Hatch F55 (3 Puertas), Mini Cabrio F57<\/p>\n<p>Este m\u00f3dulo est\u00e1 dise\u00f1ado para detener el recuento de kil\u00f3metros mientras conduces, proporcionando una compatibilidad perfecta con varios modelos Mini. La instalaci\u00f3n es r\u00e1pida y sencilla con un sistema Plug &amp; Play, que no requiere soldaduras ni modificaciones permanentes. <\/p>\n<p class=\"p1\"><b> \u2705 Integraci\u00f3n perfecta<\/b><b><\/b><\/p>\n<p class=\"p1\">\u2705<b> F\u00e1cil instalaci\u00f3n<\/b><b><\/b><\/p>\n<p class=\"p1\">\u2705<b> Gesti\u00f3n precisa del kilometraje<\/b><b><\/b><\/p>\n<p class=\"p1\"><b> \u2705 Funcionamiento en modo oculto<\/b><b><\/b><\/p>\n<p class=\"p1\"><span class=\"s1\">\u2705<\/span><b> Soporte y actualizaciones de por vida<\/b><\/p>\n<\/div>\n<\/div>\n<\/div>\n<\/div>\n","protected":false},"featured_media":8911,"comment_status":"open","ping_status":"closed","template":"","meta":[],"product_brand":[],"product_cat":[946],"product_tag":[],"class_list":{"0":"post-8910","1":"product","2":"type-product","3":"status-publish","4":"has-post-thumbnail","6":"product_cat-mini","8":"first","9":"instock","10":"taxable","11":"shipping-taxable","12":"purchasable","13":"product-type-variable"},"yoast_head":"<!-- This site is optimized with the Yoast SEO plugin v27.5 - https:\/\/yoast.com\/product\/yoast-seo-wordpress\/ -->\n<title>Mini Cooper Countryman F60 Mileage Blocker (KM stopper) \u2192 KM Block<\/title>\n<meta name=\"description\" content=\"Buy a Mini Cooper Countryman F60 Mileage Blocker for the Best Prices \u2713 Free Shipping \u2713 Incl. Installation Guides\" \/>\n<meta name=\"robots\" content=\"index, follow, max-snippet:-1, max-image-preview:large, max-video-preview:-1\" \/>\n<meta property=\"og:locale\" content=\"es_ES\" \/>\n<meta property=\"og:type\" content=\"article\" \/>\n<meta property=\"og:title\" content=\"Mini Cooper Countryman F60 Mileage Blocker (KM stopper) \u2192 KM Block\" \/>\n<meta property=\"og:description\" content=\"Buy a Mini Cooper Countryman F60 Mileage Blocker for the Best Prices \u2713 Free Shipping \u2713 Incl. Installation Guides\" \/>\n<meta property=\"og:url\" content=\"https:\/\/kmblock.com\/es\/product\/mini-cooper-countryman-f60\/\" \/>\n<meta property=\"og:site_name\" content=\"KM Block\" \/>\n<meta property=\"article:modified_time\" content=\"2026-02-18T20:20:01+00:00\" \/>\n<meta property=\"og:image\" content=\"https:\/\/kmblock.com\/wp-content\/uploads\/2024\/12\/Mini-Cooper-Countryman-F60.jpg\" \/>\n\t<meta property=\"og:image:width\" content=\"600\" \/>\n\t<meta property=\"og:image:height\" content=\"491\" \/>\n\t<meta property=\"og:image:type\" content=\"image\/jpeg\" \/>\n<meta name=\"twitter:card\" content=\"summary_large_image\" \/>\n<meta name=\"twitter:label1\" content=\"Tiempo de lectura\" \/>\n\t<meta name=\"twitter:data1\" content=\"2 minutos\" \/>\n<script type=\"application\/ld+json\" class=\"yoast-schema-graph\">{\"@context\":\"https:\\\/\\\/schema.org\",\"@graph\":[{\"@type\":\"WebPage\",\"@id\":\"https:\\\/\\\/kmblock.com\\\/es\\\/product\\\/mini-cooper-countryman-f60\\\/\",\"url\":\"https:\\\/\\\/kmblock.com\\\/es\\\/product\\\/mini-cooper-countryman-f60\\\/\",\"name\":\"Mini Cooper Countryman F60 Mileage Blocker (KM stopper) \u2192 KM Block\",\"isPartOf\":{\"@id\":\"https:\\\/\\\/kmblock.com\\\/es\\\/#website\"},\"primaryImageOfPage\":{\"@id\":\"https:\\\/\\\/kmblock.com\\\/es\\\/product\\\/mini-cooper-countryman-f60\\\/#primaryimage\"},\"image\":{\"@id\":\"https:\\\/\\\/kmblock.com\\\/es\\\/product\\\/mini-cooper-countryman-f60\\\/#primaryimage\"},\"thumbnailUrl\":\"https:\\\/\\\/kmblock.com\\\/wp-content\\\/uploads\\\/2024\\\/12\\\/Mini-Cooper-Countryman-F60.jpg\",\"datePublished\":\"2024-12-22T19:58:56+00:00\",\"dateModified\":\"2026-02-18T20:20:01+00:00\",\"description\":\"Buy a Mini Cooper Countryman F60 Mileage Blocker for the Best Prices \u2713 Free Shipping \u2713 Incl. Installation Guides\",\"breadcrumb\":{\"@id\":\"https:\\\/\\\/kmblock.com\\\/es\\\/product\\\/mini-cooper-countryman-f60\\\/#breadcrumb\"},\"inLanguage\":\"es\",\"potentialAction\":[{\"@type\":\"ReadAction\",\"target\":[\"https:\\\/\\\/kmblock.com\\\/es\\\/product\\\/mini-cooper-countryman-f60\\\/\"]}]},{\"@type\":\"ImageObject\",\"inLanguage\":\"es\",\"@id\":\"https:\\\/\\\/kmblock.com\\\/es\\\/product\\\/mini-cooper-countryman-f60\\\/#primaryimage\",\"url\":\"https:\\\/\\\/kmblock.com\\\/wp-content\\\/uploads\\\/2024\\\/12\\\/Mini-Cooper-Countryman-F60.jpg\",\"contentUrl\":\"https:\\\/\\\/kmblock.com\\\/wp-content\\\/uploads\\\/2024\\\/12\\\/Mini-Cooper-Countryman-F60.jpg\",\"width\":600,\"height\":491,\"caption\":\"Mini Cooper Countryman F60\"},{\"@type\":\"BreadcrumbList\",\"@id\":\"https:\\\/\\\/kmblock.com\\\/es\\\/product\\\/mini-cooper-countryman-f60\\\/#breadcrumb\",\"itemListElement\":[{\"@type\":\"ListItem\",\"position\":1,\"name\":\"Inicio\",\"item\":\"https:\\\/\\\/kmblock.com\\\/es\\\/\"},{\"@type\":\"ListItem\",\"position\":2,\"name\":\"Productos\",\"item\":\"https:\\\/\\\/kmblock.com\\\/es\\\/shop\\\/\"},{\"@type\":\"ListItem\",\"position\":3,\"name\":\"Mini Cooper Countryman F60\"}]},{\"@type\":\"WebSite\",\"@id\":\"https:\\\/\\\/kmblock.com\\\/es\\\/#website\",\"url\":\"https:\\\/\\\/kmblock.com\\\/es\\\/\",\"name\":\"KM Block\",\"description\":\"\",\"publisher\":{\"@id\":\"https:\\\/\\\/kmblock.com\\\/es\\\/#organization\"},\"potentialAction\":[{\"@type\":\"SearchAction\",\"target\":{\"@type\":\"EntryPoint\",\"urlTemplate\":\"https:\\\/\\\/kmblock.com\\\/es\\\/?s={search_term_string}\"},\"query-input\":{\"@type\":\"PropertyValueSpecification\",\"valueRequired\":true,\"valueName\":\"search_term_string\"}}],\"inLanguage\":\"es\"},{\"@type\":\"Organization\",\"@id\":\"https:\\\/\\\/kmblock.com\\\/es\\\/#organization\",\"name\":\"Bloque KM\",\"url\":\"https:\\\/\\\/kmblock.com\\\/es\\\/\",\"logo\":{\"@type\":\"ImageObject\",\"inLanguage\":\"es\",\"@id\":\"https:\\\/\\\/kmblock.com\\\/es\\\/#\\\/schema\\\/logo\\\/image\\\/\",\"url\":\"https:\\\/\\\/kmblock.com\\\/wp-content\\\/uploads\\\/2024\\\/08\\\/main-logo.png\",\"contentUrl\":\"https:\\\/\\\/kmblock.com\\\/wp-content\\\/uploads\\\/2024\\\/08\\\/main-logo.png\",\"width\":186,\"height\":28,\"caption\":\"Bloque KM\"},\"image\":{\"@id\":\"https:\\\/\\\/kmblock.com\\\/es\\\/#\\\/schema\\\/logo\\\/image\\\/\"}}]}<\/script>\n<!-- \/ Yoast SEO plugin. -->","yoast_head_json":{"title":"Mini Cooper Countryman F60 Mileage Blocker (KM stopper) \u2192 KM Block","description":"Buy a Mini Cooper Countryman F60 Mileage Blocker for the Best Prices \u2713 Free Shipping \u2713 Incl. Installation Guides","robots":{"index":"index","follow":"follow","max-snippet":"max-snippet:-1","max-image-preview":"max-image-preview:large","max-video-preview":"max-video-preview:-1"},"og_locale":"es_ES","og_type":"article","og_title":"Mini Cooper Countryman F60 Mileage Blocker (KM stopper) \u2192 KM Block","og_description":"Buy a Mini Cooper Countryman F60 Mileage Blocker for the Best Prices \u2713 Free Shipping \u2713 Incl. Installation Guides","og_url":"https:\/\/kmblock.com\/es\/product\/mini-cooper-countryman-f60\/","og_site_name":"KM Block","article_modified_time":"2026-02-18T20:20:01+00:00","og_image":[{"width":600,"height":491,"url":"https:\/\/kmblock.com\/wp-content\/uploads\/2024\/12\/Mini-Cooper-Countryman-F60.jpg","type":"image\/jpeg"}],"twitter_card":"summary_large_image","twitter_misc":{"Tiempo de lectura":"2 minutos"},"schema":{"@context":"https:\/\/schema.org","@graph":[{"@type":"WebPage","@id":"https:\/\/kmblock.com\/es\/product\/mini-cooper-countryman-f60\/","url":"https:\/\/kmblock.com\/es\/product\/mini-cooper-countryman-f60\/","name":"Mini Cooper Countryman F60 Mileage Blocker (KM stopper) \u2192 KM Block","isPartOf":{"@id":"https:\/\/kmblock.com\/es\/#website"},"primaryImageOfPage":{"@id":"https:\/\/kmblock.com\/es\/product\/mini-cooper-countryman-f60\/#primaryimage"},"image":{"@id":"https:\/\/kmblock.com\/es\/product\/mini-cooper-countryman-f60\/#primaryimage"},"thumbnailUrl":"https:\/\/kmblock.com\/wp-content\/uploads\/2024\/12\/Mini-Cooper-Countryman-F60.jpg","datePublished":"2024-12-22T19:58:56+00:00","dateModified":"2026-02-18T20:20:01+00:00","description":"Buy a Mini Cooper Countryman F60 Mileage Blocker for the Best Prices \u2713 Free Shipping \u2713 Incl. Installation Guides","breadcrumb":{"@id":"https:\/\/kmblock.com\/es\/product\/mini-cooper-countryman-f60\/#breadcrumb"},"inLanguage":"es","potentialAction":[{"@type":"ReadAction","target":["https:\/\/kmblock.com\/es\/product\/mini-cooper-countryman-f60\/"]}]},{"@type":"ImageObject","inLanguage":"es","@id":"https:\/\/kmblock.com\/es\/product\/mini-cooper-countryman-f60\/#primaryimage","url":"https:\/\/kmblock.com\/wp-content\/uploads\/2024\/12\/Mini-Cooper-Countryman-F60.jpg","contentUrl":"https:\/\/kmblock.com\/wp-content\/uploads\/2024\/12\/Mini-Cooper-Countryman-F60.jpg","width":600,"height":491,"caption":"Mini Cooper Countryman F60"},{"@type":"BreadcrumbList","@id":"https:\/\/kmblock.com\/es\/product\/mini-cooper-countryman-f60\/#breadcrumb","itemListElement":[{"@type":"ListItem","position":1,"name":"Inicio","item":"https:\/\/kmblock.com\/es\/"},{"@type":"ListItem","position":2,"name":"Productos","item":"https:\/\/kmblock.com\/es\/shop\/"},{"@type":"ListItem","position":3,"name":"Mini Cooper Countryman F60"}]},{"@type":"WebSite","@id":"https:\/\/kmblock.com\/es\/#website","url":"https:\/\/kmblock.com\/es\/","name":"KM Block","description":"","publisher":{"@id":"https:\/\/kmblock.com\/es\/#organization"},"potentialAction":[{"@type":"SearchAction","target":{"@type":"EntryPoint","urlTemplate":"https:\/\/kmblock.com\/es\/?s={search_term_string}"},"query-input":{"@type":"PropertyValueSpecification","valueRequired":true,"valueName":"search_term_string"}}],"inLanguage":"es"},{"@type":"Organization","@id":"https:\/\/kmblock.com\/es\/#organization","name":"Bloque KM","url":"https:\/\/kmblock.com\/es\/","logo":{"@type":"ImageObject","inLanguage":"es","@id":"https:\/\/kmblock.com\/es\/#\/schema\/logo\/image\/","url":"https:\/\/kmblock.com\/wp-content\/uploads\/2024\/08\/main-logo.png","contentUrl":"https:\/\/kmblock.com\/wp-content\/uploads\/2024\/08\/main-logo.png","width":186,"height":28,"caption":"Bloque KM"},"image":{"@id":"https:\/\/kmblock.com\/es\/#\/schema\/logo\/image\/"}}]}},"_links":{"self":[{"href":"https:\/\/kmblock.com\/es\/wp-json\/wp\/v2\/product\/8910","targetHints":{"allow":["GET"]}}],"collection":[{"href":"https:\/\/kmblock.com\/es\/wp-json\/wp\/v2\/product"}],"about":[{"href":"https:\/\/kmblock.com\/es\/wp-json\/wp\/v2\/types\/product"}],"replies":[{"embeddable":true,"href":"https:\/\/kmblock.com\/es\/wp-json\/wp\/v2\/comments?post=8910"}],"wp:featuredmedia":[{"embeddable":true,"href":"https:\/\/kmblock.com\/es\/wp-json\/wp\/v2\/media\/8911"}],"wp:attachment":[{"href":"https:\/\/kmblock.com\/es\/wp-json\/wp\/v2\/media?parent=8910"}],"wp:term":[{"taxonomy":"product_brand","embeddable":true,"href":"https:\/\/kmblock.com\/es\/wp-json\/wp\/v2\/product_brand?post=8910"},{"taxonomy":"product_cat","embeddable":true,"href":"https:\/\/kmblock.com\/es\/wp-json\/wp\/v2\/product_cat?post=8910"},{"taxonomy":"product_tag","embeddable":true,"href":"https:\/\/kmblock.com\/es\/wp-json\/wp\/v2\/product_tag?post=8910"}],"curies":[{"name":"wp","href":"https:\/\/api.w.org\/{rel}","templated":true}]}}