{"id":8885,"date":"2024-11-17T10:29:47","date_gmt":"2024-11-17T10:29:47","guid":{"rendered":"https:\/\/kmblock.com\/product\/mercedes-clase-v-w447\/"},"modified":"2024-11-17T10:29:47","modified_gmt":"2024-11-17T10:29:47","slug":"mercedes-clase-v-w447","status":"publish","type":"product","link":"https:\/\/kmblock.com\/es\/product\/mercedes-clase-v-w447\/","title":{"rendered":"Mercedes Clase V W447"},"content":{"rendered":"<p><strong>BLOQUEADOR DE KILOMETRAJE PARA MERCEDES CLASE V \/ VITO W447 (BLOQUEADOR DE KM)<\/strong><\/p>\n<p><strong>ESPECIFICACIONES:<\/strong><\/p>\n<ul>\n<li><strong>Instalaci\u00f3n \u00abhazlo t\u00fa mismo\u00bb (DIY)<\/strong>: Proceso de instalaci\u00f3n f\u00e1cil y r\u00e1pido que no requiere ayuda profesional.<\/li>\n<li>Se <strong>activa y desactiva f\u00e1cilmente en movimiento<\/strong>: El dispositivo puede activarse o desactivarse mientras el veh\u00edculo est\u00e1 en movimiento sin afectar a su funcionamiento.<\/li>\n<li><strong>No deja rastro<\/strong>: El m\u00f3dulo no requiere soldar ni cortar cables, lo que garantiza que no se produzcan alteraciones permanentes en el cableado del veh\u00edculo.<\/li>\n<li><strong>Enchufes de calidad superior y cables resistentes al calor<\/strong>: El m\u00f3dulo est\u00e1 dise\u00f1ado con materiales de alta calidad para garantizar la durabilidad a largo plazo y un funcionamiento fiable.<\/li>\n<li><strong>F\u00e1cil de manejar con varias combinaciones de teclas<\/strong>: El sistema puede controlarse mediante sencillas combinaciones de teclas, lo que facilita su uso a cualquier propietario de veh\u00edculo.<\/li>\n<li><strong>Despu\u00e9s de retirar el m\u00f3dulo, el kilometraje no aumenta es<\/strong>pont\u00e1neamente: Una vez retirado el m\u00f3dulo, el kilometraje del veh\u00edculo no aumentar\u00e1 autom\u00e1ticamente, conservando el recuento de kil\u00f3metros actual.<\/li>\n<li><strong>Los comprobadores de diagnosis no pueden descubrir el kilometraje alterado por el Detenedor de Kilometraje Mercedes Clase V, Vito W447<\/strong>: El dispositivo funciona de tal manera que los sistemas de diagn\u00f3stico no detectar\u00e1n ning\u00fan cambio en el kilometraje, manteniendo las alteraciones ilocalizables.<\/li>\n<li><strong>Selecciona los ajustes una vez y se guardar\u00e1n incondicionalmente<\/strong>: Los ajustes elegidos se guardan sin necesidad de reprogramarlos cada vez que se activa el aparato.<\/li>\n<li><strong>El veloc\u00edmetro y todos los dem\u00e1s sistemas de asistencia funcionan a la perfecci\u00f3n<\/strong>: El dispositivo garantiza que todos los sistemas del veh\u00edculo, incluidos el veloc\u00edmetro y los programas de asistencia, funcionen como deben sin interferencias.<\/li>\n<li><strong>No aparecen mensajes de error en el veloc\u00edmetro ni en el panel de navegaci\u00f3n<\/strong>: El sistema no activar\u00e1 ning\u00fan mensaje de error, proporcionando una experiencia de conducci\u00f3n fluida.<\/li>\n<li><strong>La cara de acoplamiento y los rebordes del conector garantizan un proceso de instalaci\u00f3n sin problemas<\/strong>: El dise\u00f1o del conector garantiza una instalaci\u00f3n segura y sencilla, reduciendo la posibilidad de problemas de conexi\u00f3n.<\/li>\n<li>El <strong>control de crucero\/Distronic no funciona<\/strong>: Mientras el m\u00f3dulo est\u00e9 activo, funciones como el control de crucero y Distronic no funcionar\u00e1n como de costumbre.<\/li>\n<li><strong>Para el modo que altera totalmente el kilometraje, permitimos una desviaci\u00f3n de hasta el 1% de la distancia recorrida<\/strong>: El m\u00f3dulo est\u00e1 dise\u00f1ado para detener el cuentakil\u00f3metros, pero permite un peque\u00f1o margen de error de hasta el 1% en las lecturas del kilometraje. Los detalles sobre el kilometraje detenido son aproximaciones y pueden mostrar ligeras discrepancias. <\/li>\n<\/ul>\n<p><strong>ACTIVACI\u00d3N Y DESACTIVACI\u00d3N:<\/strong><\/p>\n<p><span data-sheets-root=\"1\">\u00abActivar\u00bb manteniendo pulsado el \u00abbot\u00f3n de retorno\u00bb durante 10 segundos hasta que se enciendan todas las luces.<\/span><\/p>\n<p><strong>Modo Encendido<\/strong>: se encienden todas las luces y cuenta el 0% de kilometraje. Todo funciona correctamente.<\/p>\n<p><strong>Modo Apagado:<\/strong> Se encienden todas las luces y cuenta el 100% del kilometraje. Todo funciona correctamente\u00bb.<\/p>\n<p><strong>\u00bfQu\u00e9 es el Bloqueador del Cuentakil\u00f3metros o Herramienta de Correcci\u00f3n del Kilometraje de Mercedes Clase V, Vito W447?<\/strong> El Bloqueador de Cuentakil\u00f3metros <strong>Mercedes Clase V, Vito W<\/strong> 447 (tambi\u00e9n conocido como Bloqueador de Cuentakil\u00f3metros) est\u00e1 dise\u00f1ado para detener temporalmente el cuentakil\u00f3metros mientras se utiliza el veh\u00edculo para realizar pruebas de rendimiento. La herramienta funciona eficazmente independientemente de si el cuentakil\u00f3metros del veh\u00edculo mide en kil\u00f3metros o millas, por lo que es universalmente compatible. <\/p>\n<p>A diferencia de las herramientas de Correcci\u00f3n del Kilometraje que intentan alterar las lecturas del cuentakil\u00f3metros (que suelen utilizarse para hacer retroceder el kilometraje de forma fraudulenta), este <strong>Bloqueador del Kil<\/strong> ometraje detiene el recuento del kilometraje durante condiciones espec\u00edficas sin cambiar permanentemente ning\u00fan dato. Es ideal para comprobar el rendimiento o para cuando el kilometraje del veh\u00edculo no debe aumentar temporalmente. <\/p>\n<p><strong>Nota Importante:<\/strong> No vendemos <strong>herramientas de Correcci\u00f3n del<\/strong> Kilometraje para el Mercedes Clase V, Vito W447, ya que estas herramientas est\u00e1n dise\u00f1adas para manipular las lecturas del cuentakil\u00f3metros y se utilizan con fines fraudulentos. Nuestro m\u00f3dulo s\u00f3lo controla el kilometraje durante las pruebas de rendimiento y no altera la lectura del cuentakil\u00f3metros de forma permanente. Adem\u00e1s, <strong>los coches tienen varias unidades de almacenamiento de datos<\/strong>, y las herramientas de reversi\u00f3n no pueden invertir totalmente el kilometraje, por lo que resultan ineficaces.  <\/p>\n<p><strong>El Bloqueador de Kilometraje Mercedes Clase V, Vito W447<\/strong> puede activarse o desactivarse en cualquier momento, incluso con el veh\u00edculo en marcha o parado. Basta con conectarlo al puerto del veloc\u00edmetro y del cuadro de instrumentos, y podr\u00e1s disfrutar de las ventajas del dispositivo sin necesidad de profundos conocimientos sobre el mantenimiento del veh\u00edculo. <\/p>\n","protected":false},"excerpt":{"rendered":"<p><strong>Antes de hacer el pedido, lee atentamente las instrucciones de activaci\u00f3n del m\u00f3dulo y las notas importantes sobre los mensajes de error y las funciones que aparecen a continuaci\u00f3n.<\/strong><\/p>\n<p><strong>ESTE DISPOSITIVO ES ADECUADO PARA TODOS LOS MODELOS MERCEDES CLASE V \/ VITO W447 QUE SALIERON AL MERCADO ENTRE 2015 Y 2022.  <\/strong>  Instalaci\u00f3n f\u00e1cil y r\u00e1pida sin necesidad de ayuda profesional. El m\u00f3dulo puede activarse o desactivarse mientras el veh\u00edculo est\u00e1 en movimiento, lo que proporciona comodidad y flexibilidad. Dise\u00f1ado con materiales de alta calidad para ofrecer durabilidad y un rendimiento fiable. Mientras el m\u00f3dulo est\u00e9 activado, se desactivar\u00e1n las funciones de control de crucero y Distronic. El dispositivo garantiza que el veloc\u00edmetro y otros sistemas de asistencia funcionen seg\u00fan lo previsto sin problemas. El m\u00f3dulo ofrece varios modos, lo que te permite seleccionar la mejor opci\u00f3n para tus necesidades.     <\/p>\n<p class=\"p1\"><b> \u2705 Integraci\u00f3n perfecta<\/b><b><\/b><\/p>\n<p class=\"p1\">\u2705<b> F\u00e1cil instalaci\u00f3n<\/b><b><\/b><\/p>\n<p class=\"p1\">\u2705<b> Gesti\u00f3n precisa del kilometraje<\/b><b><\/b><\/p>\n<p class=\"p1\"><b> \u2705 Funcionamiento en modo oculto<\/b><b><\/b><\/p>\n<p class=\"p1\"><span class=\"s1\">\u2705<\/span><b> Soporte y actualizaciones de por vida<\/b><\/p>\n","protected":false},"featured_media":1098,"comment_status":"open","ping_status":"closed","template":"","meta":[],"product_brand":[],"product_cat":[931],"product_tag":[],"class_list":{"0":"post-8885","1":"product","2":"type-product","3":"status-publish","4":"has-post-thumbnail","6":"product_cat-mercedes","8":"first","9":"instock","10":"taxable","11":"shipping-taxable","12":"purchasable","13":"product-type-variable"},"yoast_head":"<!-- This site is optimized with the Yoast SEO plugin v27.5 - https:\/\/yoast.com\/product\/yoast-seo-wordpress\/ -->\n<title>Mercedes Clase V W447 Mileage Blocker (KM stopper) \u2192 KM Block<\/title>\n<meta name=\"description\" content=\"Buy a Mercedes Clase V W447 Mileage Blocker for the Best Prices \u2713 Free Shipping \u2713 Incl. Installation Guides\" \/>\n<meta name=\"robots\" content=\"index, follow, max-snippet:-1, max-image-preview:large, max-video-preview:-1\" \/>\n<meta property=\"og:locale\" content=\"es_ES\" \/>\n<meta property=\"og:type\" content=\"article\" \/>\n<meta property=\"og:title\" content=\"Mercedes Clase V W447 Mileage Blocker (KM stopper) \u2192 KM Block\" \/>\n<meta property=\"og:description\" content=\"Buy a Mercedes Clase V W447 Mileage Blocker for the Best Prices \u2713 Free Shipping \u2713 Incl. Installation Guides\" \/>\n<meta property=\"og:url\" content=\"https:\/\/kmblock.com\/es\/product\/mercedes-clase-v-w447\/\" \/>\n<meta property=\"og:site_name\" content=\"KM Block\" \/>\n<meta property=\"og:image\" content=\"https:\/\/kmblock.com\/wp-content\/uploads\/2024\/11\/vclass-600x491-1.jpg\" \/>\n\t<meta property=\"og:image:width\" content=\"600\" \/>\n\t<meta property=\"og:image:height\" content=\"491\" \/>\n\t<meta property=\"og:image:type\" content=\"image\/jpeg\" \/>\n<meta name=\"twitter:card\" content=\"summary_large_image\" \/>\n<meta name=\"twitter:label1\" content=\"Tiempo de lectura\" \/>\n\t<meta name=\"twitter:data1\" content=\"4 minutos\" \/>\n<script type=\"application\/ld+json\" class=\"yoast-schema-graph\">{\"@context\":\"https:\\\/\\\/schema.org\",\"@graph\":[{\"@type\":\"WebPage\",\"@id\":\"https:\\\/\\\/kmblock.com\\\/es\\\/product\\\/mercedes-clase-v-w447\\\/\",\"url\":\"https:\\\/\\\/kmblock.com\\\/es\\\/product\\\/mercedes-clase-v-w447\\\/\",\"name\":\"Mercedes Clase V W447 Mileage Blocker (KM stopper) \u2192 KM Block\",\"isPartOf\":{\"@id\":\"https:\\\/\\\/kmblock.com\\\/es\\\/#website\"},\"primaryImageOfPage\":{\"@id\":\"https:\\\/\\\/kmblock.com\\\/es\\\/product\\\/mercedes-clase-v-w447\\\/#primaryimage\"},\"image\":{\"@id\":\"https:\\\/\\\/kmblock.com\\\/es\\\/product\\\/mercedes-clase-v-w447\\\/#primaryimage\"},\"thumbnailUrl\":\"https:\\\/\\\/kmblock.com\\\/wp-content\\\/uploads\\\/2024\\\/11\\\/vclass-600x491-1.jpg\",\"datePublished\":\"2024-11-17T10:29:47+00:00\",\"description\":\"Buy a Mercedes Clase V W447 Mileage Blocker for the Best Prices \u2713 Free Shipping \u2713 Incl. Installation Guides\",\"breadcrumb\":{\"@id\":\"https:\\\/\\\/kmblock.com\\\/es\\\/product\\\/mercedes-clase-v-w447\\\/#breadcrumb\"},\"inLanguage\":\"es\",\"potentialAction\":[{\"@type\":\"ReadAction\",\"target\":[\"https:\\\/\\\/kmblock.com\\\/es\\\/product\\\/mercedes-clase-v-w447\\\/\"]}]},{\"@type\":\"ImageObject\",\"inLanguage\":\"es\",\"@id\":\"https:\\\/\\\/kmblock.com\\\/es\\\/product\\\/mercedes-clase-v-w447\\\/#primaryimage\",\"url\":\"https:\\\/\\\/kmblock.com\\\/wp-content\\\/uploads\\\/2024\\\/11\\\/vclass-600x491-1.jpg\",\"contentUrl\":\"https:\\\/\\\/kmblock.com\\\/wp-content\\\/uploads\\\/2024\\\/11\\\/vclass-600x491-1.jpg\",\"width\":600,\"height\":491},{\"@type\":\"BreadcrumbList\",\"@id\":\"https:\\\/\\\/kmblock.com\\\/es\\\/product\\\/mercedes-clase-v-w447\\\/#breadcrumb\",\"itemListElement\":[{\"@type\":\"ListItem\",\"position\":1,\"name\":\"Inicio\",\"item\":\"https:\\\/\\\/kmblock.com\\\/es\\\/\"},{\"@type\":\"ListItem\",\"position\":2,\"name\":\"Productos\",\"item\":\"https:\\\/\\\/kmblock.com\\\/es\\\/shop\\\/\"},{\"@type\":\"ListItem\",\"position\":3,\"name\":\"Mercedes Clase V W447\"}]},{\"@type\":\"WebSite\",\"@id\":\"https:\\\/\\\/kmblock.com\\\/es\\\/#website\",\"url\":\"https:\\\/\\\/kmblock.com\\\/es\\\/\",\"name\":\"KM Block\",\"description\":\"\",\"publisher\":{\"@id\":\"https:\\\/\\\/kmblock.com\\\/es\\\/#organization\"},\"potentialAction\":[{\"@type\":\"SearchAction\",\"target\":{\"@type\":\"EntryPoint\",\"urlTemplate\":\"https:\\\/\\\/kmblock.com\\\/es\\\/?s={search_term_string}\"},\"query-input\":{\"@type\":\"PropertyValueSpecification\",\"valueRequired\":true,\"valueName\":\"search_term_string\"}}],\"inLanguage\":\"es\"},{\"@type\":\"Organization\",\"@id\":\"https:\\\/\\\/kmblock.com\\\/es\\\/#organization\",\"name\":\"Bloque KM\",\"url\":\"https:\\\/\\\/kmblock.com\\\/es\\\/\",\"logo\":{\"@type\":\"ImageObject\",\"inLanguage\":\"es\",\"@id\":\"https:\\\/\\\/kmblock.com\\\/es\\\/#\\\/schema\\\/logo\\\/image\\\/\",\"url\":\"https:\\\/\\\/kmblock.com\\\/wp-content\\\/uploads\\\/2024\\\/08\\\/main-logo.png\",\"contentUrl\":\"https:\\\/\\\/kmblock.com\\\/wp-content\\\/uploads\\\/2024\\\/08\\\/main-logo.png\",\"width\":186,\"height\":28,\"caption\":\"Bloque KM\"},\"image\":{\"@id\":\"https:\\\/\\\/kmblock.com\\\/es\\\/#\\\/schema\\\/logo\\\/image\\\/\"}}]}<\/script>\n<!-- \/ Yoast SEO plugin. -->","yoast_head_json":{"title":"Mercedes Clase V W447 Mileage Blocker (KM stopper) \u2192 KM Block","description":"Buy a Mercedes Clase V W447 Mileage Blocker for the Best Prices \u2713 Free Shipping \u2713 Incl. Installation Guides","robots":{"index":"index","follow":"follow","max-snippet":"max-snippet:-1","max-image-preview":"max-image-preview:large","max-video-preview":"max-video-preview:-1"},"og_locale":"es_ES","og_type":"article","og_title":"Mercedes Clase V W447 Mileage Blocker (KM stopper) \u2192 KM Block","og_description":"Buy a Mercedes Clase V W447 Mileage Blocker for the Best Prices \u2713 Free Shipping \u2713 Incl. Installation Guides","og_url":"https:\/\/kmblock.com\/es\/product\/mercedes-clase-v-w447\/","og_site_name":"KM Block","og_image":[{"width":600,"height":491,"url":"https:\/\/kmblock.com\/wp-content\/uploads\/2024\/11\/vclass-600x491-1.jpg","type":"image\/jpeg"}],"twitter_card":"summary_large_image","twitter_misc":{"Tiempo de lectura":"4 minutos"},"schema":{"@context":"https:\/\/schema.org","@graph":[{"@type":"WebPage","@id":"https:\/\/kmblock.com\/es\/product\/mercedes-clase-v-w447\/","url":"https:\/\/kmblock.com\/es\/product\/mercedes-clase-v-w447\/","name":"Mercedes Clase V W447 Mileage Blocker (KM stopper) \u2192 KM Block","isPartOf":{"@id":"https:\/\/kmblock.com\/es\/#website"},"primaryImageOfPage":{"@id":"https:\/\/kmblock.com\/es\/product\/mercedes-clase-v-w447\/#primaryimage"},"image":{"@id":"https:\/\/kmblock.com\/es\/product\/mercedes-clase-v-w447\/#primaryimage"},"thumbnailUrl":"https:\/\/kmblock.com\/wp-content\/uploads\/2024\/11\/vclass-600x491-1.jpg","datePublished":"2024-11-17T10:29:47+00:00","description":"Buy a Mercedes Clase V W447 Mileage Blocker for the Best Prices \u2713 Free Shipping \u2713 Incl. Installation Guides","breadcrumb":{"@id":"https:\/\/kmblock.com\/es\/product\/mercedes-clase-v-w447\/#breadcrumb"},"inLanguage":"es","potentialAction":[{"@type":"ReadAction","target":["https:\/\/kmblock.com\/es\/product\/mercedes-clase-v-w447\/"]}]},{"@type":"ImageObject","inLanguage":"es","@id":"https:\/\/kmblock.com\/es\/product\/mercedes-clase-v-w447\/#primaryimage","url":"https:\/\/kmblock.com\/wp-content\/uploads\/2024\/11\/vclass-600x491-1.jpg","contentUrl":"https:\/\/kmblock.com\/wp-content\/uploads\/2024\/11\/vclass-600x491-1.jpg","width":600,"height":491},{"@type":"BreadcrumbList","@id":"https:\/\/kmblock.com\/es\/product\/mercedes-clase-v-w447\/#breadcrumb","itemListElement":[{"@type":"ListItem","position":1,"name":"Inicio","item":"https:\/\/kmblock.com\/es\/"},{"@type":"ListItem","position":2,"name":"Productos","item":"https:\/\/kmblock.com\/es\/shop\/"},{"@type":"ListItem","position":3,"name":"Mercedes Clase V W447"}]},{"@type":"WebSite","@id":"https:\/\/kmblock.com\/es\/#website","url":"https:\/\/kmblock.com\/es\/","name":"KM Block","description":"","publisher":{"@id":"https:\/\/kmblock.com\/es\/#organization"},"potentialAction":[{"@type":"SearchAction","target":{"@type":"EntryPoint","urlTemplate":"https:\/\/kmblock.com\/es\/?s={search_term_string}"},"query-input":{"@type":"PropertyValueSpecification","valueRequired":true,"valueName":"search_term_string"}}],"inLanguage":"es"},{"@type":"Organization","@id":"https:\/\/kmblock.com\/es\/#organization","name":"Bloque KM","url":"https:\/\/kmblock.com\/es\/","logo":{"@type":"ImageObject","inLanguage":"es","@id":"https:\/\/kmblock.com\/es\/#\/schema\/logo\/image\/","url":"https:\/\/kmblock.com\/wp-content\/uploads\/2024\/08\/main-logo.png","contentUrl":"https:\/\/kmblock.com\/wp-content\/uploads\/2024\/08\/main-logo.png","width":186,"height":28,"caption":"Bloque KM"},"image":{"@id":"https:\/\/kmblock.com\/es\/#\/schema\/logo\/image\/"}}]}},"_links":{"self":[{"href":"https:\/\/kmblock.com\/es\/wp-json\/wp\/v2\/product\/8885","targetHints":{"allow":["GET"]}}],"collection":[{"href":"https:\/\/kmblock.com\/es\/wp-json\/wp\/v2\/product"}],"about":[{"href":"https:\/\/kmblock.com\/es\/wp-json\/wp\/v2\/types\/product"}],"replies":[{"embeddable":true,"href":"https:\/\/kmblock.com\/es\/wp-json\/wp\/v2\/comments?post=8885"}],"wp:featuredmedia":[{"embeddable":true,"href":"https:\/\/kmblock.com\/es\/wp-json\/wp\/v2\/media\/1098"}],"wp:attachment":[{"href":"https:\/\/kmblock.com\/es\/wp-json\/wp\/v2\/media?parent=8885"}],"wp:term":[{"taxonomy":"product_brand","embeddable":true,"href":"https:\/\/kmblock.com\/es\/wp-json\/wp\/v2\/product_brand?post=8885"},{"taxonomy":"product_cat","embeddable":true,"href":"https:\/\/kmblock.com\/es\/wp-json\/wp\/v2\/product_cat?post=8885"},{"taxonomy":"product_tag","embeddable":true,"href":"https:\/\/kmblock.com\/es\/wp-json\/wp\/v2\/product_tag?post=8885"}],"curies":[{"name":"wp","href":"https:\/\/api.w.org\/{rel}","templated":true}]}}